{"id":1088919,"date":"2026-01-31T05:22:01","date_gmt":"2026-01-31T04:22:01","guid":{"rendered":"https:\/\/hubsch-interior.com\/product\/product\/"},"modified":"2026-04-06T05:17:25","modified_gmt":"2026-04-06T03:17:25","slug":"bend-tojstativ-bla","status":"publish","type":"product","link":"https:\/\/hubsch-interior.com\/da\/vare\/bend-tojstativ-bla\/","title":{"rendered":"Bend T\u00f8jstativ Bl\u00e5"},"content":{"rendered":"<p>Slank, i\u00f8jnefaldende og fuld af personlighed. Bend T\u00f8jstativ i f\u00e6ngslende bl\u00e5 bringer en frisk farvedosis til din entr\u00e9 uden nogensinde at overv\u00e6lde rummet. Dets minimale silhuet og blanke finish tilbyder den helt rette balance mellem funktion og flair \u2013 ideelt til at holde hverdagens n\u00f8dvendigheder p\u00e6nt inden for r\u00e6kkevidde. V\u00e6lg mellem to stilfulde varianter eller kombiner dem for en legesyg, lagdelt effekt. Designet til at organisere med elegance, forvandler Bend selv den mindste indgang til en stilfuld udtalelse.<\/p>\n","protected":false},"excerpt":{"rendered":"<p>Slank, i\u00f8jnefaldende og fuld af personlighed. Bend T\u00f8jstativ i f\u00e6ngslende bl\u00e5 bringer en frisk farvedosis til din entr\u00e9 uden nogensinde at overv\u00e6lde rummet. Dets minimale silhuet og blanke finish tilbyder den helt rette balance mellem funktion og flair \u2013 ideelt til at holde hverdagens n\u00f8dvendigheder p\u00e6nt inden for r\u00e6kkevidde. V\u00e6lg mellem to stilfulde varianter eller [&hellip;]<\/p>\n","protected":false},"featured_media":1111403,"template":"","meta":{"_acf_changed":false,"inline_featured_image":false},"product_brand":[],"product_cat":[7153,4031,5460,4039,4040,5045],"product_tag":[],"class_list":{"0":"post-1088919","1":"product","2":"type-product","3":"status-publish","4":"has-post-thumbnail","6":"product_cat-dweller-da","7":"product_cat-garderobe-stativer-da","8":"product_cat-stativer-da","9":"product_cat-knager-knageraekker-da","10":"product_cat-knageraekker-da","11":"product_cat-nyheder-da","12":"product_shipping_class-pk","14":"pa_color-bl","15":"pa_material-jern-da","17":"first","18":"instock","19":"taxable","20":"shipping-taxable","21":"purchasable","22":"product-type-simple"},"exclude_global_add_ons":[],"addons":[],"acf":[],"yoast_head":"<!-- This site is optimized with the Yoast SEO plugin v26.4 - https:\/\/yoast.com\/wordpress\/plugins\/seo\/ -->\n<title>Bend T\u00f8jstativ Bl\u00e5 - H\u00fcbsch<\/title>\n<meta name=\"description\" content=\"Slank, i\u00f8jnefaldende og fuld af personlighed. Bend T\u00f8jstativ i f\u00e6ngslende bl\u00e5 bringer en frisk farvedosis til din entr\u00e9 uden nogensinde at overv\u00e6lde\" \/>\n<meta name=\"robots\" content=\"index, follow, max-snippet:-1, max-image-preview:large, max-video-preview:-1\" \/>\n<link rel=\"canonical\" href=\"https:\/\/hubsch-interior.com\/da\/wp-json\/wp\/v2\/product\/1088919\" \/>\n<meta property=\"og:locale\" content=\"da_DK\" \/>\n<meta property=\"og:type\" content=\"article\" \/>\n<meta property=\"og:title\" content=\"Bend T\u00f8jstativ Bl\u00e5 - H\u00fcbsch\" \/>\n<meta property=\"og:description\" content=\"Slank, i\u00f8jnefaldende og fuld af personlighed. Bend T\u00f8jstativ i f\u00e6ngslende bl\u00e5 bringer en frisk farvedosis til din entr\u00e9 uden nogensinde at overv\u00e6lde\" \/>\n<meta property=\"og:url\" content=\"https:\/\/hubsch-interior.com\/da\/vare\/bend-tojstativ-bla\/\" \/>\n<meta property=\"og:site_name\" content=\"H\u00fcbsch\" \/>\n<meta property=\"article:modified_time\" content=\"2026-04-06T03:17:25+00:00\" \/>\n<meta property=\"og:image\" content=\"https:\/\/hubsch-interior.com\/wp-content\/uploads\/2026\/01\/bend-clothing-rack-blue-ed7b60b46869dfbaec9f8d0b5b6720f5.jpg\" \/>\n\t<meta property=\"og:image:width\" content=\"1200\" \/>\n\t<meta property=\"og:image:height\" content=\"1200\" \/>\n\t<meta property=\"og:image:type\" content=\"image\/jpeg\" \/>\n<meta name=\"twitter:card\" content=\"summary_large_image\" \/>\n<script type=\"application\/ld+json\" class=\"yoast-schema-graph\">{\"@context\":\"https:\/\/schema.org\",\"@graph\":[{\"@type\":\"WebPage\",\"@id\":\"https:\/\/hubsch-interior.com\/da\/vare\/bend-tojstativ-bla\/\",\"url\":\"https:\/\/hubsch-interior.com\/da\/vare\/bend-tojstativ-bla\/\",\"name\":\"Bend T\u00f8jstativ Bl\u00e5 - H\u00fcbsch\",\"isPartOf\":{\"@id\":\"https:\/\/hubsch-interior.com\/da\/#website\"},\"primaryImageOfPage\":{\"@id\":\"https:\/\/hubsch-interior.com\/da\/vare\/bend-tojstativ-bla\/#primaryimage\"},\"image\":{\"@id\":\"https:\/\/hubsch-interior.com\/da\/vare\/bend-tojstativ-bla\/#primaryimage\"},\"thumbnailUrl\":\"https:\/\/hubsch-interior.com\/wp-content\/uploads\/2026\/02\/bend-clothing-rack-blue-48e126f9aa4260c9facbe6eeb2f1d442.jpg\",\"datePublished\":\"2026-01-31T04:22:01+00:00\",\"dateModified\":\"2026-04-06T03:17:25+00:00\",\"description\":\"Slank, i\u00f8jnefaldende og fuld af personlighed. Bend T\u00f8jstativ i f\u00e6ngslende bl\u00e5 bringer en frisk farvedosis til din entr\u00e9 uden nogensinde at overv\u00e6lde\",\"breadcrumb\":{\"@id\":\"https:\/\/hubsch-interior.com\/da\/vare\/bend-tojstativ-bla\/#breadcrumb\"},\"inLanguage\":\"da-DK\",\"potentialAction\":[{\"@type\":\"ReadAction\",\"target\":[\"https:\/\/hubsch-interior.com\/da\/vare\/bend-tojstativ-bla\/\"]}]},{\"@type\":\"ImageObject\",\"inLanguage\":\"da-DK\",\"@id\":\"https:\/\/hubsch-interior.com\/da\/vare\/bend-tojstativ-bla\/#primaryimage\",\"url\":\"https:\/\/hubsch-interior.com\/wp-content\/uploads\/2026\/02\/bend-clothing-rack-blue-48e126f9aa4260c9facbe6eeb2f1d442.jpg\",\"contentUrl\":\"https:\/\/hubsch-interior.com\/wp-content\/uploads\/2026\/02\/bend-clothing-rack-blue-48e126f9aa4260c9facbe6eeb2f1d442.jpg\",\"width\":1024,\"height\":1024},{\"@type\":\"BreadcrumbList\",\"@id\":\"https:\/\/hubsch-interior.com\/da\/vare\/bend-tojstativ-bla\/#breadcrumb\",\"itemListElement\":[{\"@type\":\"ListItem\",\"position\":1,\"name\":\"Forside\",\"item\":\"https:\/\/hubsch-interior.com\/da\/\"},{\"@type\":\"ListItem\",\"position\":2,\"name\":\"Produkter\",\"item\":\"https:\/\/hubsch-interior.com\/da\/produkter\/\"},{\"@type\":\"ListItem\",\"position\":3,\"name\":\"Bend T\u00f8jstativ Bl\u00e5\"}]},{\"@type\":\"WebSite\",\"@id\":\"https:\/\/hubsch-interior.com\/da\/#website\",\"url\":\"https:\/\/hubsch-interior.com\/da\/\",\"name\":\"H\u00fcbsch\",\"description\":\"Danish Home Interior and Design\",\"publisher\":{\"@id\":\"https:\/\/hubsch-interior.com\/da\/#organization\"},\"potentialAction\":[{\"@type\":\"SearchAction\",\"target\":{\"@type\":\"EntryPoint\",\"urlTemplate\":\"https:\/\/hubsch-interior.com\/da\/?s={search_term_string}\"},\"query-input\":{\"@type\":\"PropertyValueSpecification\",\"valueRequired\":true,\"valueName\":\"search_term_string\"}}],\"inLanguage\":\"da-DK\"},{\"@type\":\"Organization\",\"@id\":\"https:\/\/hubsch-interior.com\/da\/#organization\",\"name\":\"H\u00fcbsch\",\"url\":\"https:\/\/hubsch-interior.com\/da\/\",\"logo\":{\"@type\":\"ImageObject\",\"inLanguage\":\"da-DK\",\"@id\":\"https:\/\/hubsch-interior.com\/da\/#\/schema\/logo\/image\/\",\"url\":\"https:\/\/hubsch-interior.com\/wp-content\/uploads\/2022\/12\/Hubsch_logo_black_one_line.svg\",\"contentUrl\":\"https:\/\/hubsch-interior.com\/wp-content\/uploads\/2022\/12\/Hubsch_logo_black_one_line.svg\",\"caption\":\"H\u00fcbsch\"},\"image\":{\"@id\":\"https:\/\/hubsch-interior.com\/da\/#\/schema\/logo\/image\/\"}}]}<\/script>\n<!-- \/ Yoast SEO plugin. -->","yoast_head_json":{"title":"Bend T\u00f8jstativ Bl\u00e5 - H\u00fcbsch","description":"Slank, i\u00f8jnefaldende og fuld af personlighed. Bend T\u00f8jstativ i f\u00e6ngslende bl\u00e5 bringer en frisk farvedosis til din entr\u00e9 uden nogensinde at overv\u00e6lde","robots":{"index":"index","follow":"follow","max-snippet":"max-snippet:-1","max-image-preview":"max-image-preview:large","max-video-preview":"max-video-preview:-1"},"canonical":"https:\/\/hubsch-interior.com\/da\/wp-json\/wp\/v2\/product\/1088919","og_locale":"da_DK","og_type":"article","og_title":"Bend T\u00f8jstativ Bl\u00e5 - H\u00fcbsch","og_description":"Slank, i\u00f8jnefaldende og fuld af personlighed. Bend T\u00f8jstativ i f\u00e6ngslende bl\u00e5 bringer en frisk farvedosis til din entr\u00e9 uden nogensinde at overv\u00e6lde","og_url":"https:\/\/hubsch-interior.com\/da\/vare\/bend-tojstativ-bla\/","og_site_name":"H\u00fcbsch","article_modified_time":"2026-04-06T03:17:25+00:00","og_image":[{"width":1200,"height":1200,"url":"https:\/\/hubsch-interior.com\/wp-content\/uploads\/2026\/01\/bend-clothing-rack-blue-ed7b60b46869dfbaec9f8d0b5b6720f5.jpg","type":"image\/jpeg"}],"twitter_card":"summary_large_image","schema":{"@context":"https:\/\/schema.org","@graph":[{"@type":"WebPage","@id":"https:\/\/hubsch-interior.com\/da\/vare\/bend-tojstativ-bla\/","url":"https:\/\/hubsch-interior.com\/da\/vare\/bend-tojstativ-bla\/","name":"Bend T\u00f8jstativ Bl\u00e5 - H\u00fcbsch","isPartOf":{"@id":"https:\/\/hubsch-interior.com\/da\/#website"},"primaryImageOfPage":{"@id":"https:\/\/hubsch-interior.com\/da\/vare\/bend-tojstativ-bla\/#primaryimage"},"image":{"@id":"https:\/\/hubsch-interior.com\/da\/vare\/bend-tojstativ-bla\/#primaryimage"},"thumbnailUrl":"https:\/\/hubsch-interior.com\/wp-content\/uploads\/2026\/02\/bend-clothing-rack-blue-48e126f9aa4260c9facbe6eeb2f1d442.jpg","datePublished":"2026-01-31T04:22:01+00:00","dateModified":"2026-04-06T03:17:25+00:00","description":"Slank, i\u00f8jnefaldende og fuld af personlighed. Bend T\u00f8jstativ i f\u00e6ngslende bl\u00e5 bringer en frisk farvedosis til din entr\u00e9 uden nogensinde at overv\u00e6lde","breadcrumb":{"@id":"https:\/\/hubsch-interior.com\/da\/vare\/bend-tojstativ-bla\/#breadcrumb"},"inLanguage":"da-DK","potentialAction":[{"@type":"ReadAction","target":["https:\/\/hubsch-interior.com\/da\/vare\/bend-tojstativ-bla\/"]}]},{"@type":"ImageObject","inLanguage":"da-DK","@id":"https:\/\/hubsch-interior.com\/da\/vare\/bend-tojstativ-bla\/#primaryimage","url":"https:\/\/hubsch-interior.com\/wp-content\/uploads\/2026\/02\/bend-clothing-rack-blue-48e126f9aa4260c9facbe6eeb2f1d442.jpg","contentUrl":"https:\/\/hubsch-interior.com\/wp-content\/uploads\/2026\/02\/bend-clothing-rack-blue-48e126f9aa4260c9facbe6eeb2f1d442.jpg","width":1024,"height":1024},{"@type":"BreadcrumbList","@id":"https:\/\/hubsch-interior.com\/da\/vare\/bend-tojstativ-bla\/#breadcrumb","itemListElement":[{"@type":"ListItem","position":1,"name":"Forside","item":"https:\/\/hubsch-interior.com\/da\/"},{"@type":"ListItem","position":2,"name":"Produkter","item":"https:\/\/hubsch-interior.com\/da\/produkter\/"},{"@type":"ListItem","position":3,"name":"Bend T\u00f8jstativ Bl\u00e5"}]},{"@type":"WebSite","@id":"https:\/\/hubsch-interior.com\/da\/#website","url":"https:\/\/hubsch-interior.com\/da\/","name":"H\u00fcbsch","description":"Danish Home Interior and Design","publisher":{"@id":"https:\/\/hubsch-interior.com\/da\/#organization"},"potentialAction":[{"@type":"SearchAction","target":{"@type":"EntryPoint","urlTemplate":"https:\/\/hubsch-interior.com\/da\/?s={search_term_string}"},"query-input":{"@type":"PropertyValueSpecification","valueRequired":true,"valueName":"search_term_string"}}],"inLanguage":"da-DK"},{"@type":"Organization","@id":"https:\/\/hubsch-interior.com\/da\/#organization","name":"H\u00fcbsch","url":"https:\/\/hubsch-interior.com\/da\/","logo":{"@type":"ImageObject","inLanguage":"da-DK","@id":"https:\/\/hubsch-interior.com\/da\/#\/schema\/logo\/image\/","url":"https:\/\/hubsch-interior.com\/wp-content\/uploads\/2022\/12\/Hubsch_logo_black_one_line.svg","contentUrl":"https:\/\/hubsch-interior.com\/wp-content\/uploads\/2022\/12\/Hubsch_logo_black_one_line.svg","caption":"H\u00fcbsch"},"image":{"@id":"https:\/\/hubsch-interior.com\/da\/#\/schema\/logo\/image\/"}}]}},"_links":{"self":[{"href":"https:\/\/hubsch-interior.com\/da\/wp-json\/wp\/v2\/product\/1088919","targetHints":{"allow":["GET"]}}],"collection":[{"href":"https:\/\/hubsch-interior.com\/da\/wp-json\/wp\/v2\/product"}],"about":[{"href":"https:\/\/hubsch-interior.com\/da\/wp-json\/wp\/v2\/types\/product"}],"wp:featuredmedia":[{"embeddable":true,"href":"https:\/\/hubsch-interior.com\/da\/wp-json\/wp\/v2\/media\/1111403"}],"wp:attachment":[{"href":"https:\/\/hubsch-interior.com\/da\/wp-json\/wp\/v2\/media?parent=1088919"}],"wp:term":[{"taxonomy":"product_brand","embeddable":true,"href":"https:\/\/hubsch-interior.com\/da\/wp-json\/wp\/v2\/product_brand?post=1088919"},{"taxonomy":"product_cat","embeddable":true,"href":"https:\/\/hubsch-interior.com\/da\/wp-json\/wp\/v2\/product_cat?post=1088919"},{"taxonomy":"product_tag","embeddable":true,"href":"https:\/\/hubsch-interior.com\/da\/wp-json\/wp\/v2\/product_tag?post=1088919"}],"curies":[{"name":"wp","href":"https:\/\/api.w.org\/{rel}","templated":true}]}}