{"id":1088943,"date":"2026-01-31T05:22:14","date_gmt":"2026-01-31T04:22:14","guid":{"rendered":"https:\/\/hubsch-interior.com\/product\/product\/"},"modified":"2026-04-05T05:23:55","modified_gmt":"2026-04-05T03:23:55","slug":"modu-lysestager-flerfarvet-saet-af-2","status":"publish","type":"product","link":"https:\/\/hubsch-interior.com\/da\/vare\/modu-lysestager-flerfarvet-saet-af-2\/","title":{"rendered":"Modu Lysestager \u00a0Flerfarvet (s\u00e6t af 2)"},"content":{"rendered":"<p>Et s\u00e6t, uendelige udtryk. Modu Lysestager er en modul\u00e6r trio af charme, klar til at \u00e6ndre sig og skinne med dit hum\u00f8r. Fremstillet i omhyggeligt udvalgte farvekombinationer kan de styles sammen som et skulpturelt midtpunkt eller spredes individuelt rundt omkring i dit hjem. Deres grafiske silhuetter og legende farvepalet forvandler hverdagens stearinlys til et kunstnerisk \u00f8jeblik af atmosf\u00e6re. Mix, match og g\u00f8r dem til dine egne \u2013 Modu lader dig oplyse dit rum med personlighed.<\/p>\n","protected":false},"excerpt":{"rendered":"<p>Et s\u00e6t, uendelige udtryk. Modu Lysestager er en modul\u00e6r trio af charme, klar til at \u00e6ndre sig og skinne med dit hum\u00f8r. Fremstillet i omhyggeligt udvalgte farvekombinationer kan de styles sammen som et skulpturelt midtpunkt eller spredes individuelt rundt omkring i dit hjem. Deres grafiske silhuetter og legende farvepalet forvandler hverdagens stearinlys til et kunstnerisk [&hellip;]<\/p>\n","protected":false},"featured_media":1111411,"template":"","meta":{"_acf_changed":false,"inline_featured_image":false},"product_brand":[],"product_cat":[7153,4064,4063,5045,6517,6970],"product_tag":[],"class_list":{"0":"post-1088943","1":"product","2":"type-product","3":"status-publish","4":"has-post-thumbnail","6":"product_cat-dweller-da","7":"product_cat-lysestager-da","8":"product_cat-lysestager-lanterner-da","9":"product_cat-nyheder-da","10":"product_cat-outlet-da","11":"product_cat-paaskeudsalg","12":"product_shipping_class-pk","14":"pa_color-flerfarvet-2","15":"pa_material-jern-da","17":"first","18":"instock","19":"sale","20":"taxable","21":"shipping-taxable","22":"purchasable","23":"product-type-simple"},"exclude_global_add_ons":[],"addons":[],"acf":[],"yoast_head":"<!-- This site is optimized with the Yoast SEO plugin v26.4 - https:\/\/yoast.com\/wordpress\/plugins\/seo\/ -->\n<title>Modu Lysestager \u00a0Flerfarvet (s\u00e6t af 2) - H\u00fcbsch<\/title>\n<meta name=\"description\" content=\"Et s\u00e6t, uendelige udtryk. Modu Lysestager er en modul\u00e6r trio af charme, klar til at \u00e6ndre sig og skinne med dit hum\u00f8r. Fremstillet i omhyggeligt udvalgte\" \/>\n<meta name=\"robots\" content=\"index, follow, max-snippet:-1, max-image-preview:large, max-video-preview:-1\" \/>\n<link rel=\"canonical\" href=\"https:\/\/hubsch-interior.com\/da\/wp-json\/wp\/v2\/product\/1088943\" \/>\n<meta property=\"og:locale\" content=\"da_DK\" \/>\n<meta property=\"og:type\" content=\"article\" \/>\n<meta property=\"og:title\" content=\"Modu Lysestager \u00a0Flerfarvet (s\u00e6t af 2) - H\u00fcbsch\" \/>\n<meta property=\"og:description\" content=\"Et s\u00e6t, uendelige udtryk. Modu Lysestager er en modul\u00e6r trio af charme, klar til at \u00e6ndre sig og skinne med dit hum\u00f8r. Fremstillet i omhyggeligt udvalgte\" \/>\n<meta property=\"og:url\" content=\"https:\/\/hubsch-interior.com\/da\/vare\/modu-lysestager-flerfarvet-saet-af-2\/\" \/>\n<meta property=\"og:site_name\" content=\"H\u00fcbsch\" \/>\n<meta property=\"article:modified_time\" content=\"2026-04-05T03:23:55+00:00\" \/>\n<meta property=\"og:image\" content=\"https:\/\/hubsch-interior.com\/wp-content\/uploads\/2026\/01\/modu-candleholders-multicolour-set-of-2-dfa776a07a91d276587133d53e5bc93c.jpg\" \/>\n\t<meta property=\"og:image:width\" content=\"1200\" \/>\n\t<meta property=\"og:image:height\" content=\"1200\" \/>\n\t<meta property=\"og:image:type\" content=\"image\/jpeg\" \/>\n<meta name=\"twitter:card\" content=\"summary_large_image\" \/>\n<script type=\"application\/ld+json\" class=\"yoast-schema-graph\">{\"@context\":\"https:\/\/schema.org\",\"@graph\":[{\"@type\":\"WebPage\",\"@id\":\"https:\/\/hubsch-interior.com\/da\/vare\/modu-lysestager-flerfarvet-saet-af-2\/\",\"url\":\"https:\/\/hubsch-interior.com\/da\/vare\/modu-lysestager-flerfarvet-saet-af-2\/\",\"name\":\"Modu Lysestager \u00a0Flerfarvet (s\u00e6t af 2) - H\u00fcbsch\",\"isPartOf\":{\"@id\":\"https:\/\/hubsch-interior.com\/da\/#website\"},\"primaryImageOfPage\":{\"@id\":\"https:\/\/hubsch-interior.com\/da\/vare\/modu-lysestager-flerfarvet-saet-af-2\/#primaryimage\"},\"image\":{\"@id\":\"https:\/\/hubsch-interior.com\/da\/vare\/modu-lysestager-flerfarvet-saet-af-2\/#primaryimage\"},\"thumbnailUrl\":\"https:\/\/hubsch-interior.com\/wp-content\/uploads\/2026\/02\/modu-candleholders-multicolour-set-of-2-44af7ebabfd25f3cc6d941dd45f63165.jpg\",\"datePublished\":\"2026-01-31T04:22:14+00:00\",\"dateModified\":\"2026-04-05T03:23:55+00:00\",\"description\":\"Et s\u00e6t, uendelige udtryk. Modu Lysestager er en modul\u00e6r trio af charme, klar til at \u00e6ndre sig og skinne med dit hum\u00f8r. Fremstillet i omhyggeligt udvalgte\",\"breadcrumb\":{\"@id\":\"https:\/\/hubsch-interior.com\/da\/vare\/modu-lysestager-flerfarvet-saet-af-2\/#breadcrumb\"},\"inLanguage\":\"da-DK\",\"potentialAction\":[{\"@type\":\"ReadAction\",\"target\":[\"https:\/\/hubsch-interior.com\/da\/vare\/modu-lysestager-flerfarvet-saet-af-2\/\"]}]},{\"@type\":\"ImageObject\",\"inLanguage\":\"da-DK\",\"@id\":\"https:\/\/hubsch-interior.com\/da\/vare\/modu-lysestager-flerfarvet-saet-af-2\/#primaryimage\",\"url\":\"https:\/\/hubsch-interior.com\/wp-content\/uploads\/2026\/02\/modu-candleholders-multicolour-set-of-2-44af7ebabfd25f3cc6d941dd45f63165.jpg\",\"contentUrl\":\"https:\/\/hubsch-interior.com\/wp-content\/uploads\/2026\/02\/modu-candleholders-multicolour-set-of-2-44af7ebabfd25f3cc6d941dd45f63165.jpg\",\"width\":1024,\"height\":1024},{\"@type\":\"BreadcrumbList\",\"@id\":\"https:\/\/hubsch-interior.com\/da\/vare\/modu-lysestager-flerfarvet-saet-af-2\/#breadcrumb\",\"itemListElement\":[{\"@type\":\"ListItem\",\"position\":1,\"name\":\"Forside\",\"item\":\"https:\/\/hubsch-interior.com\/da\/\"},{\"@type\":\"ListItem\",\"position\":2,\"name\":\"Produkter\",\"item\":\"https:\/\/hubsch-interior.com\/da\/produkter\/\"},{\"@type\":\"ListItem\",\"position\":3,\"name\":\"Boligtilbeh\u00f8r\",\"item\":\"https:\/\/hubsch-interior.com\/da\/vare-kategori\/boligtilbehor\/\"},{\"@type\":\"ListItem\",\"position\":4,\"name\":\"Lysestager &amp; Lanterner\",\"item\":\"https:\/\/hubsch-interior.com\/da\/vare-kategori\/boligtilbehor\/lysestager-lanterner-da\/\"},{\"@type\":\"ListItem\",\"position\":5,\"name\":\"Lysestager\",\"item\":\"https:\/\/hubsch-interior.com\/da\/vare-kategori\/boligtilbehor\/lysestager-lanterner-da\/lysestager-da\/\"},{\"@type\":\"ListItem\",\"position\":6,\"name\":\"Modu Lysestager \u00a0Flerfarvet (s\u00e6t af 2)\"}]},{\"@type\":\"WebSite\",\"@id\":\"https:\/\/hubsch-interior.com\/da\/#website\",\"url\":\"https:\/\/hubsch-interior.com\/da\/\",\"name\":\"H\u00fcbsch\",\"description\":\"Danish Home Interior and Design\",\"publisher\":{\"@id\":\"https:\/\/hubsch-interior.com\/da\/#organization\"},\"potentialAction\":[{\"@type\":\"SearchAction\",\"target\":{\"@type\":\"EntryPoint\",\"urlTemplate\":\"https:\/\/hubsch-interior.com\/da\/?s={search_term_string}\"},\"query-input\":{\"@type\":\"PropertyValueSpecification\",\"valueRequired\":true,\"valueName\":\"search_term_string\"}}],\"inLanguage\":\"da-DK\"},{\"@type\":\"Organization\",\"@id\":\"https:\/\/hubsch-interior.com\/da\/#organization\",\"name\":\"H\u00fcbsch\",\"url\":\"https:\/\/hubsch-interior.com\/da\/\",\"logo\":{\"@type\":\"ImageObject\",\"inLanguage\":\"da-DK\",\"@id\":\"https:\/\/hubsch-interior.com\/da\/#\/schema\/logo\/image\/\",\"url\":\"https:\/\/hubsch-interior.com\/wp-content\/uploads\/2022\/12\/Hubsch_logo_black_one_line.svg\",\"contentUrl\":\"https:\/\/hubsch-interior.com\/wp-content\/uploads\/2022\/12\/Hubsch_logo_black_one_line.svg\",\"caption\":\"H\u00fcbsch\"},\"image\":{\"@id\":\"https:\/\/hubsch-interior.com\/da\/#\/schema\/logo\/image\/\"}}]}<\/script>\n<!-- \/ Yoast SEO plugin. -->","yoast_head_json":{"title":"Modu Lysestager \u00a0Flerfarvet (s\u00e6t af 2) - H\u00fcbsch","description":"Et s\u00e6t, uendelige udtryk. Modu Lysestager er en modul\u00e6r trio af charme, klar til at \u00e6ndre sig og skinne med dit hum\u00f8r. Fremstillet i omhyggeligt udvalgte","robots":{"index":"index","follow":"follow","max-snippet":"max-snippet:-1","max-image-preview":"max-image-preview:large","max-video-preview":"max-video-preview:-1"},"canonical":"https:\/\/hubsch-interior.com\/da\/wp-json\/wp\/v2\/product\/1088943","og_locale":"da_DK","og_type":"article","og_title":"Modu Lysestager \u00a0Flerfarvet (s\u00e6t af 2) - H\u00fcbsch","og_description":"Et s\u00e6t, uendelige udtryk. Modu Lysestager er en modul\u00e6r trio af charme, klar til at \u00e6ndre sig og skinne med dit hum\u00f8r. Fremstillet i omhyggeligt udvalgte","og_url":"https:\/\/hubsch-interior.com\/da\/vare\/modu-lysestager-flerfarvet-saet-af-2\/","og_site_name":"H\u00fcbsch","article_modified_time":"2026-04-05T03:23:55+00:00","og_image":[{"width":1200,"height":1200,"url":"https:\/\/hubsch-interior.com\/wp-content\/uploads\/2026\/01\/modu-candleholders-multicolour-set-of-2-dfa776a07a91d276587133d53e5bc93c.jpg","type":"image\/jpeg"}],"twitter_card":"summary_large_image","schema":{"@context":"https:\/\/schema.org","@graph":[{"@type":"WebPage","@id":"https:\/\/hubsch-interior.com\/da\/vare\/modu-lysestager-flerfarvet-saet-af-2\/","url":"https:\/\/hubsch-interior.com\/da\/vare\/modu-lysestager-flerfarvet-saet-af-2\/","name":"Modu Lysestager \u00a0Flerfarvet (s\u00e6t af 2) - H\u00fcbsch","isPartOf":{"@id":"https:\/\/hubsch-interior.com\/da\/#website"},"primaryImageOfPage":{"@id":"https:\/\/hubsch-interior.com\/da\/vare\/modu-lysestager-flerfarvet-saet-af-2\/#primaryimage"},"image":{"@id":"https:\/\/hubsch-interior.com\/da\/vare\/modu-lysestager-flerfarvet-saet-af-2\/#primaryimage"},"thumbnailUrl":"https:\/\/hubsch-interior.com\/wp-content\/uploads\/2026\/02\/modu-candleholders-multicolour-set-of-2-44af7ebabfd25f3cc6d941dd45f63165.jpg","datePublished":"2026-01-31T04:22:14+00:00","dateModified":"2026-04-05T03:23:55+00:00","description":"Et s\u00e6t, uendelige udtryk. Modu Lysestager er en modul\u00e6r trio af charme, klar til at \u00e6ndre sig og skinne med dit hum\u00f8r. Fremstillet i omhyggeligt udvalgte","breadcrumb":{"@id":"https:\/\/hubsch-interior.com\/da\/vare\/modu-lysestager-flerfarvet-saet-af-2\/#breadcrumb"},"inLanguage":"da-DK","potentialAction":[{"@type":"ReadAction","target":["https:\/\/hubsch-interior.com\/da\/vare\/modu-lysestager-flerfarvet-saet-af-2\/"]}]},{"@type":"ImageObject","inLanguage":"da-DK","@id":"https:\/\/hubsch-interior.com\/da\/vare\/modu-lysestager-flerfarvet-saet-af-2\/#primaryimage","url":"https:\/\/hubsch-interior.com\/wp-content\/uploads\/2026\/02\/modu-candleholders-multicolour-set-of-2-44af7ebabfd25f3cc6d941dd45f63165.jpg","contentUrl":"https:\/\/hubsch-interior.com\/wp-content\/uploads\/2026\/02\/modu-candleholders-multicolour-set-of-2-44af7ebabfd25f3cc6d941dd45f63165.jpg","width":1024,"height":1024},{"@type":"BreadcrumbList","@id":"https:\/\/hubsch-interior.com\/da\/vare\/modu-lysestager-flerfarvet-saet-af-2\/#breadcrumb","itemListElement":[{"@type":"ListItem","position":1,"name":"Forside","item":"https:\/\/hubsch-interior.com\/da\/"},{"@type":"ListItem","position":2,"name":"Produkter","item":"https:\/\/hubsch-interior.com\/da\/produkter\/"},{"@type":"ListItem","position":3,"name":"Boligtilbeh\u00f8r","item":"https:\/\/hubsch-interior.com\/da\/vare-kategori\/boligtilbehor\/"},{"@type":"ListItem","position":4,"name":"Lysestager &amp; Lanterner","item":"https:\/\/hubsch-interior.com\/da\/vare-kategori\/boligtilbehor\/lysestager-lanterner-da\/"},{"@type":"ListItem","position":5,"name":"Lysestager","item":"https:\/\/hubsch-interior.com\/da\/vare-kategori\/boligtilbehor\/lysestager-lanterner-da\/lysestager-da\/"},{"@type":"ListItem","position":6,"name":"Modu Lysestager \u00a0Flerfarvet (s\u00e6t af 2)"}]},{"@type":"WebSite","@id":"https:\/\/hubsch-interior.com\/da\/#website","url":"https:\/\/hubsch-interior.com\/da\/","name":"H\u00fcbsch","description":"Danish Home Interior and Design","publisher":{"@id":"https:\/\/hubsch-interior.com\/da\/#organization"},"potentialAction":[{"@type":"SearchAction","target":{"@type":"EntryPoint","urlTemplate":"https:\/\/hubsch-interior.com\/da\/?s={search_term_string}"},"query-input":{"@type":"PropertyValueSpecification","valueRequired":true,"valueName":"search_term_string"}}],"inLanguage":"da-DK"},{"@type":"Organization","@id":"https:\/\/hubsch-interior.com\/da\/#organization","name":"H\u00fcbsch","url":"https:\/\/hubsch-interior.com\/da\/","logo":{"@type":"ImageObject","inLanguage":"da-DK","@id":"https:\/\/hubsch-interior.com\/da\/#\/schema\/logo\/image\/","url":"https:\/\/hubsch-interior.com\/wp-content\/uploads\/2022\/12\/Hubsch_logo_black_one_line.svg","contentUrl":"https:\/\/hubsch-interior.com\/wp-content\/uploads\/2022\/12\/Hubsch_logo_black_one_line.svg","caption":"H\u00fcbsch"},"image":{"@id":"https:\/\/hubsch-interior.com\/da\/#\/schema\/logo\/image\/"}}]}},"_links":{"self":[{"href":"https:\/\/hubsch-interior.com\/da\/wp-json\/wp\/v2\/product\/1088943","targetHints":{"allow":["GET"]}}],"collection":[{"href":"https:\/\/hubsch-interior.com\/da\/wp-json\/wp\/v2\/product"}],"about":[{"href":"https:\/\/hubsch-interior.com\/da\/wp-json\/wp\/v2\/types\/product"}],"wp:featuredmedia":[{"embeddable":true,"href":"https:\/\/hubsch-interior.com\/da\/wp-json\/wp\/v2\/media\/1111411"}],"wp:attachment":[{"href":"https:\/\/hubsch-interior.com\/da\/wp-json\/wp\/v2\/media?parent=1088943"}],"wp:term":[{"taxonomy":"product_brand","embeddable":true,"href":"https:\/\/hubsch-interior.com\/da\/wp-json\/wp\/v2\/product_brand?post=1088943"},{"taxonomy":"product_cat","embeddable":true,"href":"https:\/\/hubsch-interior.com\/da\/wp-json\/wp\/v2\/product_cat?post=1088943"},{"taxonomy":"product_tag","embeddable":true,"href":"https:\/\/hubsch-interior.com\/da\/wp-json\/wp\/v2\/product_tag?post=1088943"}],"curies":[{"name":"wp","href":"https:\/\/api.w.org\/{rel}","templated":true}]}}