{"id":1088967,"date":"2026-01-31T05:22:27","date_gmt":"2026-01-31T04:22:27","guid":{"rendered":"https:\/\/hubsch-interior.com\/product\/product\/"},"modified":"2026-04-05T05:24:00","modified_gmt":"2026-04-05T03:24:00","slug":"step-skammel-bla-brun","status":"publish","type":"product","link":"https:\/\/hubsch-interior.com\/da\/vare\/step-skammel-bla-brun\/","title":{"rendered":"Step Skammel Bl\u00e5\/Brun"},"content":{"rendered":"<p>Et lille l\u00f8ft med masser af charme. Step Skammel, i en bl\u00f8d bl\u00e5 og brun kombination, g\u00f8r mere end blot at hj\u00e6lpe dig med at n\u00e5 den \u00f8verste hylde \u2013 den tilf\u00f8jer et glad pift, uanset hvor den st\u00e5r. Fremstillet af FSC-certificeret tr\u00e6, er den robust nok til at tr\u00e6de p\u00e5, stilfuld nok til at bruges som en planteopsats, og alsidig nok til at fungere som en spontan ekstra siddeplads. Et lille, men kraftfuldt m\u00f8bel, der ubesv\u00e6ret blander sig med din daglige rytme.<\/p>\n","protected":false},"excerpt":{"rendered":"<p>Et lille l\u00f8ft med masser af charme. Step Skammel, i en bl\u00f8d bl\u00e5 og brun kombination, g\u00f8r mere end blot at hj\u00e6lpe dig med at n\u00e5 den \u00f8verste hylde \u2013 den tilf\u00f8jer et glad pift, uanset hvor den st\u00e5r. Fremstillet af FSC-certificeret tr\u00e6, er den robust nok til at tr\u00e6de p\u00e5, stilfuld nok til at [&hellip;]<\/p>\n","protected":false},"featured_media":1113812,"template":"","meta":{"_acf_changed":false,"inline_featured_image":false},"product_brand":[],"product_cat":[7153,6321,2841,3040,5025,5045],"product_tag":[],"class_list":{"0":"post-1088967","1":"product","2":"type-product","3":"status-publish","4":"has-post-thumbnail","6":"product_cat-dweller-da","7":"product_cat-fsc-da","8":"product_cat-siddemoebler-da","9":"product_cat-skamler-da","10":"product_cat-bestsellers-da","11":"product_cat-nyheder-da","12":"product_shipping_class-pk","14":"pa_color-brun","15":"pa_color-bl","16":"pa_material-jern-da","17":"pa_material-egetr","19":"first","20":"instock","21":"featured","22":"taxable","23":"shipping-taxable","24":"purchasable","25":"product-type-simple"},"exclude_global_add_ons":[],"addons":[],"acf":[],"yoast_head":"<!-- This site is optimized with the Yoast SEO plugin v26.4 - https:\/\/yoast.com\/wordpress\/plugins\/seo\/ -->\n<title>Step Skammel Bl\u00e5\/Brun - H\u00fcbsch<\/title>\n<meta name=\"description\" content=\"Et lille l\u00f8ft med masser af charme. Step Skammel, i en bl\u00f8d bl\u00e5 og brun kombination, g\u00f8r mere end blot at hj\u00e6lpe dig med at n\u00e5 den \u00f8verste hylde \u2013 den\" \/>\n<meta name=\"robots\" content=\"index, follow, max-snippet:-1, max-image-preview:large, max-video-preview:-1\" \/>\n<link rel=\"canonical\" href=\"https:\/\/hubsch-interior.com\/da\/wp-json\/wp\/v2\/product\/1088967\" \/>\n<meta property=\"og:locale\" content=\"da_DK\" \/>\n<meta property=\"og:type\" content=\"article\" \/>\n<meta property=\"og:title\" content=\"Step Skammel Bl\u00e5\/Brun - H\u00fcbsch\" \/>\n<meta property=\"og:description\" content=\"Et lille l\u00f8ft med masser af charme. Step Skammel, i en bl\u00f8d bl\u00e5 og brun kombination, g\u00f8r mere end blot at hj\u00e6lpe dig med at n\u00e5 den \u00f8verste hylde \u2013 den\" \/>\n<meta property=\"og:url\" content=\"https:\/\/hubsch-interior.com\/da\/vare\/step-skammel-bla-brun\/\" \/>\n<meta property=\"og:site_name\" content=\"H\u00fcbsch\" \/>\n<meta property=\"article:modified_time\" content=\"2026-04-05T03:24:00+00:00\" \/>\n<meta property=\"og:image\" content=\"https:\/\/hubsch-interior.com\/wp-content\/uploads\/2026\/02\/step-stool-bluebrown-2f8de0e9d395de813e5a8480f3ff13d9.jpg\" \/>\n\t<meta property=\"og:image:width\" content=\"1024\" \/>\n\t<meta property=\"og:image:height\" content=\"1024\" \/>\n\t<meta property=\"og:image:type\" content=\"image\/jpeg\" \/>\n<meta name=\"twitter:card\" content=\"summary_large_image\" \/>\n<script type=\"application\/ld+json\" class=\"yoast-schema-graph\">{\"@context\":\"https:\/\/schema.org\",\"@graph\":[{\"@type\":\"WebPage\",\"@id\":\"https:\/\/hubsch-interior.com\/da\/vare\/step-skammel-bla-brun\/\",\"url\":\"https:\/\/hubsch-interior.com\/da\/vare\/step-skammel-bla-brun\/\",\"name\":\"Step Skammel Bl\u00e5\/Brun - H\u00fcbsch\",\"isPartOf\":{\"@id\":\"https:\/\/hubsch-interior.com\/da\/#website\"},\"primaryImageOfPage\":{\"@id\":\"https:\/\/hubsch-interior.com\/da\/vare\/step-skammel-bla-brun\/#primaryimage\"},\"image\":{\"@id\":\"https:\/\/hubsch-interior.com\/da\/vare\/step-skammel-bla-brun\/#primaryimage\"},\"thumbnailUrl\":\"https:\/\/hubsch-interior.com\/wp-content\/uploads\/2026\/02\/step-stool-bluebrown-2f8de0e9d395de813e5a8480f3ff13d9.jpg\",\"datePublished\":\"2026-01-31T04:22:27+00:00\",\"dateModified\":\"2026-04-05T03:24:00+00:00\",\"description\":\"Et lille l\u00f8ft med masser af charme. Step Skammel, i en bl\u00f8d bl\u00e5 og brun kombination, g\u00f8r mere end blot at hj\u00e6lpe dig med at n\u00e5 den \u00f8verste hylde \u2013 den\",\"breadcrumb\":{\"@id\":\"https:\/\/hubsch-interior.com\/da\/vare\/step-skammel-bla-brun\/#breadcrumb\"},\"inLanguage\":\"da-DK\",\"potentialAction\":[{\"@type\":\"ReadAction\",\"target\":[\"https:\/\/hubsch-interior.com\/da\/vare\/step-skammel-bla-brun\/\"]}]},{\"@type\":\"ImageObject\",\"inLanguage\":\"da-DK\",\"@id\":\"https:\/\/hubsch-interior.com\/da\/vare\/step-skammel-bla-brun\/#primaryimage\",\"url\":\"https:\/\/hubsch-interior.com\/wp-content\/uploads\/2026\/02\/step-stool-bluebrown-2f8de0e9d395de813e5a8480f3ff13d9.jpg\",\"contentUrl\":\"https:\/\/hubsch-interior.com\/wp-content\/uploads\/2026\/02\/step-stool-bluebrown-2f8de0e9d395de813e5a8480f3ff13d9.jpg\",\"width\":1024,\"height\":1024},{\"@type\":\"BreadcrumbList\",\"@id\":\"https:\/\/hubsch-interior.com\/da\/vare\/step-skammel-bla-brun\/#breadcrumb\",\"itemListElement\":[{\"@type\":\"ListItem\",\"position\":1,\"name\":\"Forside\",\"item\":\"https:\/\/hubsch-interior.com\/da\/\"},{\"@type\":\"ListItem\",\"position\":2,\"name\":\"Produkter\",\"item\":\"https:\/\/hubsch-interior.com\/da\/produkter\/\"},{\"@type\":\"ListItem\",\"position\":3,\"name\":\"M\u00f8bler\",\"item\":\"https:\/\/hubsch-interior.com\/da\/vare-kategori\/mobler\/\"},{\"@type\":\"ListItem\",\"position\":4,\"name\":\"Siddem&oslash;bler\",\"item\":\"https:\/\/hubsch-interior.com\/da\/vare-kategori\/mobler\/siddemoebler-da\/\"},{\"@type\":\"ListItem\",\"position\":5,\"name\":\"Skamler\",\"item\":\"https:\/\/hubsch-interior.com\/da\/vare-kategori\/mobler\/siddemoebler-da\/skamler-da\/\"},{\"@type\":\"ListItem\",\"position\":6,\"name\":\"Step Skammel Bl\u00e5\/Brun\"}]},{\"@type\":\"WebSite\",\"@id\":\"https:\/\/hubsch-interior.com\/da\/#website\",\"url\":\"https:\/\/hubsch-interior.com\/da\/\",\"name\":\"H\u00fcbsch\",\"description\":\"Danish Home Interior and Design\",\"publisher\":{\"@id\":\"https:\/\/hubsch-interior.com\/da\/#organization\"},\"potentialAction\":[{\"@type\":\"SearchAction\",\"target\":{\"@type\":\"EntryPoint\",\"urlTemplate\":\"https:\/\/hubsch-interior.com\/da\/?s={search_term_string}\"},\"query-input\":{\"@type\":\"PropertyValueSpecification\",\"valueRequired\":true,\"valueName\":\"search_term_string\"}}],\"inLanguage\":\"da-DK\"},{\"@type\":\"Organization\",\"@id\":\"https:\/\/hubsch-interior.com\/da\/#organization\",\"name\":\"H\u00fcbsch\",\"url\":\"https:\/\/hubsch-interior.com\/da\/\",\"logo\":{\"@type\":\"ImageObject\",\"inLanguage\":\"da-DK\",\"@id\":\"https:\/\/hubsch-interior.com\/da\/#\/schema\/logo\/image\/\",\"url\":\"https:\/\/hubsch-interior.com\/wp-content\/uploads\/2022\/12\/Hubsch_logo_black_one_line.svg\",\"contentUrl\":\"https:\/\/hubsch-interior.com\/wp-content\/uploads\/2022\/12\/Hubsch_logo_black_one_line.svg\",\"caption\":\"H\u00fcbsch\"},\"image\":{\"@id\":\"https:\/\/hubsch-interior.com\/da\/#\/schema\/logo\/image\/\"}}]}<\/script>\n<!-- \/ Yoast SEO plugin. -->","yoast_head_json":{"title":"Step Skammel Bl\u00e5\/Brun - H\u00fcbsch","description":"Et lille l\u00f8ft med masser af charme. Step Skammel, i en bl\u00f8d bl\u00e5 og brun kombination, g\u00f8r mere end blot at hj\u00e6lpe dig med at n\u00e5 den \u00f8verste hylde \u2013 den","robots":{"index":"index","follow":"follow","max-snippet":"max-snippet:-1","max-image-preview":"max-image-preview:large","max-video-preview":"max-video-preview:-1"},"canonical":"https:\/\/hubsch-interior.com\/da\/wp-json\/wp\/v2\/product\/1088967","og_locale":"da_DK","og_type":"article","og_title":"Step Skammel Bl\u00e5\/Brun - H\u00fcbsch","og_description":"Et lille l\u00f8ft med masser af charme. Step Skammel, i en bl\u00f8d bl\u00e5 og brun kombination, g\u00f8r mere end blot at hj\u00e6lpe dig med at n\u00e5 den \u00f8verste hylde \u2013 den","og_url":"https:\/\/hubsch-interior.com\/da\/vare\/step-skammel-bla-brun\/","og_site_name":"H\u00fcbsch","article_modified_time":"2026-04-05T03:24:00+00:00","og_image":[{"width":1024,"height":1024,"url":"https:\/\/hubsch-interior.com\/wp-content\/uploads\/2026\/02\/step-stool-bluebrown-2f8de0e9d395de813e5a8480f3ff13d9.jpg","type":"image\/jpeg"}],"twitter_card":"summary_large_image","schema":{"@context":"https:\/\/schema.org","@graph":[{"@type":"WebPage","@id":"https:\/\/hubsch-interior.com\/da\/vare\/step-skammel-bla-brun\/","url":"https:\/\/hubsch-interior.com\/da\/vare\/step-skammel-bla-brun\/","name":"Step Skammel Bl\u00e5\/Brun - H\u00fcbsch","isPartOf":{"@id":"https:\/\/hubsch-interior.com\/da\/#website"},"primaryImageOfPage":{"@id":"https:\/\/hubsch-interior.com\/da\/vare\/step-skammel-bla-brun\/#primaryimage"},"image":{"@id":"https:\/\/hubsch-interior.com\/da\/vare\/step-skammel-bla-brun\/#primaryimage"},"thumbnailUrl":"https:\/\/hubsch-interior.com\/wp-content\/uploads\/2026\/02\/step-stool-bluebrown-2f8de0e9d395de813e5a8480f3ff13d9.jpg","datePublished":"2026-01-31T04:22:27+00:00","dateModified":"2026-04-05T03:24:00+00:00","description":"Et lille l\u00f8ft med masser af charme. Step Skammel, i en bl\u00f8d bl\u00e5 og brun kombination, g\u00f8r mere end blot at hj\u00e6lpe dig med at n\u00e5 den \u00f8verste hylde \u2013 den","breadcrumb":{"@id":"https:\/\/hubsch-interior.com\/da\/vare\/step-skammel-bla-brun\/#breadcrumb"},"inLanguage":"da-DK","potentialAction":[{"@type":"ReadAction","target":["https:\/\/hubsch-interior.com\/da\/vare\/step-skammel-bla-brun\/"]}]},{"@type":"ImageObject","inLanguage":"da-DK","@id":"https:\/\/hubsch-interior.com\/da\/vare\/step-skammel-bla-brun\/#primaryimage","url":"https:\/\/hubsch-interior.com\/wp-content\/uploads\/2026\/02\/step-stool-bluebrown-2f8de0e9d395de813e5a8480f3ff13d9.jpg","contentUrl":"https:\/\/hubsch-interior.com\/wp-content\/uploads\/2026\/02\/step-stool-bluebrown-2f8de0e9d395de813e5a8480f3ff13d9.jpg","width":1024,"height":1024},{"@type":"BreadcrumbList","@id":"https:\/\/hubsch-interior.com\/da\/vare\/step-skammel-bla-brun\/#breadcrumb","itemListElement":[{"@type":"ListItem","position":1,"name":"Forside","item":"https:\/\/hubsch-interior.com\/da\/"},{"@type":"ListItem","position":2,"name":"Produkter","item":"https:\/\/hubsch-interior.com\/da\/produkter\/"},{"@type":"ListItem","position":3,"name":"M\u00f8bler","item":"https:\/\/hubsch-interior.com\/da\/vare-kategori\/mobler\/"},{"@type":"ListItem","position":4,"name":"Siddem&oslash;bler","item":"https:\/\/hubsch-interior.com\/da\/vare-kategori\/mobler\/siddemoebler-da\/"},{"@type":"ListItem","position":5,"name":"Skamler","item":"https:\/\/hubsch-interior.com\/da\/vare-kategori\/mobler\/siddemoebler-da\/skamler-da\/"},{"@type":"ListItem","position":6,"name":"Step Skammel Bl\u00e5\/Brun"}]},{"@type":"WebSite","@id":"https:\/\/hubsch-interior.com\/da\/#website","url":"https:\/\/hubsch-interior.com\/da\/","name":"H\u00fcbsch","description":"Danish Home Interior and Design","publisher":{"@id":"https:\/\/hubsch-interior.com\/da\/#organization"},"potentialAction":[{"@type":"SearchAction","target":{"@type":"EntryPoint","urlTemplate":"https:\/\/hubsch-interior.com\/da\/?s={search_term_string}"},"query-input":{"@type":"PropertyValueSpecification","valueRequired":true,"valueName":"search_term_string"}}],"inLanguage":"da-DK"},{"@type":"Organization","@id":"https:\/\/hubsch-interior.com\/da\/#organization","name":"H\u00fcbsch","url":"https:\/\/hubsch-interior.com\/da\/","logo":{"@type":"ImageObject","inLanguage":"da-DK","@id":"https:\/\/hubsch-interior.com\/da\/#\/schema\/logo\/image\/","url":"https:\/\/hubsch-interior.com\/wp-content\/uploads\/2022\/12\/Hubsch_logo_black_one_line.svg","contentUrl":"https:\/\/hubsch-interior.com\/wp-content\/uploads\/2022\/12\/Hubsch_logo_black_one_line.svg","caption":"H\u00fcbsch"},"image":{"@id":"https:\/\/hubsch-interior.com\/da\/#\/schema\/logo\/image\/"}}]}},"_links":{"self":[{"href":"https:\/\/hubsch-interior.com\/da\/wp-json\/wp\/v2\/product\/1088967","targetHints":{"allow":["GET"]}}],"collection":[{"href":"https:\/\/hubsch-interior.com\/da\/wp-json\/wp\/v2\/product"}],"about":[{"href":"https:\/\/hubsch-interior.com\/da\/wp-json\/wp\/v2\/types\/product"}],"wp:featuredmedia":[{"embeddable":true,"href":"https:\/\/hubsch-interior.com\/da\/wp-json\/wp\/v2\/media\/1113812"}],"wp:attachment":[{"href":"https:\/\/hubsch-interior.com\/da\/wp-json\/wp\/v2\/media?parent=1088967"}],"wp:term":[{"taxonomy":"product_brand","embeddable":true,"href":"https:\/\/hubsch-interior.com\/da\/wp-json\/wp\/v2\/product_brand?post=1088967"},{"taxonomy":"product_cat","embeddable":true,"href":"https:\/\/hubsch-interior.com\/da\/wp-json\/wp\/v2\/product_cat?post=1088967"},{"taxonomy":"product_tag","embeddable":true,"href":"https:\/\/hubsch-interior.com\/da\/wp-json\/wp\/v2\/product_tag?post=1088967"}],"curies":[{"name":"wp","href":"https:\/\/api.w.org\/{rel}","templated":true}]}}