{"id":1089003,"date":"2026-01-31T05:22:52","date_gmt":"2026-01-31T04:22:52","guid":{"rendered":"https:\/\/hubsch-interior.com\/product\/product\/"},"modified":"2026-04-05T05:24:08","modified_gmt":"2026-04-05T03:24:08","slug":"sheets-reol-morkegron","status":"publish","type":"product","link":"https:\/\/hubsch-interior.com\/da\/vare\/sheets-reol-morkegron\/","title":{"rendered":"Sheets Reol M\u00f8rkegr\u00f8n"},"content":{"rendered":"<p>Moderne kurver, markant attitude. Sheets Reol i sofistikeret m\u00f8rkegr\u00f8n buer som en foldet side og omdanner simpel opbevaring til noget skulpturelt. Fremstillet af robust pulverlakeret metal tilf\u00f8jer den stille drama til dit interi\u00f8r \u2014 uanset om den styles alene over et skrivebord, parres i to som et lagdelt v\u00e6gelement, eller bruges til at fremh\u00e6ve en h\u00e6ngende plante og dine nyeste l\u00e6sninger. En subtil i\u00f8jnefaldende detalje, der ikke beh\u00f8ver at r\u00e5be op, denne hylde bringer b\u00e5de funktion og finesse ind i dit rum. En smart, moderne akcent, der omdanner hverdagsobjekter til kurateret sk\u00f8nhed.<\/p>\n","protected":false},"excerpt":{"rendered":"<p>Moderne kurver, markant attitude. Sheets Reol i sofistikeret m\u00f8rkegr\u00f8n buer som en foldet side og omdanner simpel opbevaring til noget skulpturelt. Fremstillet af robust pulverlakeret metal tilf\u00f8jer den stille drama til dit interi\u00f8r \u2014 uanset om den styles alene over et skrivebord, parres i to som et lagdelt v\u00e6gelement, eller bruges til at fremh\u00e6ve en [&hellip;]<\/p>\n","protected":false},"featured_media":1113844,"template":"","meta":{"_acf_changed":false,"inline_featured_image":false},"product_brand":[],"product_cat":[7153,7069,7070,3999,4022,5045],"product_tag":[],"class_list":{"0":"post-1089003","1":"product","2":"type-product","3":"status-publish","4":"has-post-thumbnail","6":"product_cat-dweller-da","7":"product_cat-knager-reoler-da","8":"product_cat-reoler-da-knager-reoler-da","9":"product_cat-reoler-opbevaring-da","10":"product_cat-hylder-da","11":"product_cat-nyheder-da","12":"product_shipping_class-pk","14":"pa_color-mrkegrn","15":"pa_material-aluminium-da","17":"first","18":"instock","19":"taxable","20":"shipping-taxable","21":"purchasable","22":"product-type-simple"},"exclude_global_add_ons":[],"addons":[],"acf":[],"yoast_head":"<!-- This site is optimized with the Yoast SEO plugin v26.4 - https:\/\/yoast.com\/wordpress\/plugins\/seo\/ -->\n<title>Sheets Reol M\u00f8rkegr\u00f8n - H\u00fcbsch<\/title>\n<meta name=\"description\" content=\"Moderne kurver, markant attitude. Sheets Reol i sofistikeret m\u00f8rkegr\u00f8n buer som en foldet side og omdanner simpel opbevaring til noget skulpturelt.\" \/>\n<meta name=\"robots\" content=\"index, follow, max-snippet:-1, max-image-preview:large, max-video-preview:-1\" \/>\n<link rel=\"canonical\" href=\"https:\/\/hubsch-interior.com\/da\/wp-json\/wp\/v2\/product\/1089003\" \/>\n<meta property=\"og:locale\" content=\"da_DK\" \/>\n<meta property=\"og:type\" content=\"article\" \/>\n<meta property=\"og:title\" content=\"Sheets Reol M\u00f8rkegr\u00f8n - H\u00fcbsch\" \/>\n<meta property=\"og:description\" content=\"Moderne kurver, markant attitude. Sheets Reol i sofistikeret m\u00f8rkegr\u00f8n buer som en foldet side og omdanner simpel opbevaring til noget skulpturelt.\" \/>\n<meta property=\"og:url\" content=\"https:\/\/hubsch-interior.com\/da\/vare\/sheets-reol-morkegron\/\" \/>\n<meta property=\"og:site_name\" content=\"H\u00fcbsch\" \/>\n<meta property=\"article:modified_time\" content=\"2026-04-05T03:24:08+00:00\" \/>\n<meta property=\"og:image\" content=\"https:\/\/hubsch-interior.com\/wp-content\/uploads\/2026\/02\/sheets-shelf-dark-green-5d4d59c9f97bfec00397ba61ab64436c.jpg\" \/>\n\t<meta property=\"og:image:width\" content=\"1024\" \/>\n\t<meta property=\"og:image:height\" content=\"1024\" \/>\n\t<meta property=\"og:image:type\" content=\"image\/jpeg\" \/>\n<meta name=\"twitter:card\" content=\"summary_large_image\" \/>\n<meta name=\"twitter:label1\" content=\"Estimeret l\u00e6setid\" \/>\n\t<meta name=\"twitter:data1\" content=\"1 minut\" \/>\n<script type=\"application\/ld+json\" class=\"yoast-schema-graph\">{\"@context\":\"https:\/\/schema.org\",\"@graph\":[{\"@type\":\"WebPage\",\"@id\":\"https:\/\/hubsch-interior.com\/da\/vare\/sheets-reol-morkegron\/\",\"url\":\"https:\/\/hubsch-interior.com\/da\/vare\/sheets-reol-morkegron\/\",\"name\":\"Sheets Reol M\u00f8rkegr\u00f8n - H\u00fcbsch\",\"isPartOf\":{\"@id\":\"https:\/\/hubsch-interior.com\/da\/#website\"},\"primaryImageOfPage\":{\"@id\":\"https:\/\/hubsch-interior.com\/da\/vare\/sheets-reol-morkegron\/#primaryimage\"},\"image\":{\"@id\":\"https:\/\/hubsch-interior.com\/da\/vare\/sheets-reol-morkegron\/#primaryimage\"},\"thumbnailUrl\":\"https:\/\/hubsch-interior.com\/wp-content\/uploads\/2026\/02\/sheets-shelf-dark-green-5d4d59c9f97bfec00397ba61ab64436c.jpg\",\"datePublished\":\"2026-01-31T04:22:52+00:00\",\"dateModified\":\"2026-04-05T03:24:08+00:00\",\"description\":\"Moderne kurver, markant attitude. Sheets Reol i sofistikeret m\u00f8rkegr\u00f8n buer som en foldet side og omdanner simpel opbevaring til noget skulpturelt.\",\"breadcrumb\":{\"@id\":\"https:\/\/hubsch-interior.com\/da\/vare\/sheets-reol-morkegron\/#breadcrumb\"},\"inLanguage\":\"da-DK\",\"potentialAction\":[{\"@type\":\"ReadAction\",\"target\":[\"https:\/\/hubsch-interior.com\/da\/vare\/sheets-reol-morkegron\/\"]}]},{\"@type\":\"ImageObject\",\"inLanguage\":\"da-DK\",\"@id\":\"https:\/\/hubsch-interior.com\/da\/vare\/sheets-reol-morkegron\/#primaryimage\",\"url\":\"https:\/\/hubsch-interior.com\/wp-content\/uploads\/2026\/02\/sheets-shelf-dark-green-5d4d59c9f97bfec00397ba61ab64436c.jpg\",\"contentUrl\":\"https:\/\/hubsch-interior.com\/wp-content\/uploads\/2026\/02\/sheets-shelf-dark-green-5d4d59c9f97bfec00397ba61ab64436c.jpg\",\"width\":1024,\"height\":1024},{\"@type\":\"BreadcrumbList\",\"@id\":\"https:\/\/hubsch-interior.com\/da\/vare\/sheets-reol-morkegron\/#breadcrumb\",\"itemListElement\":[{\"@type\":\"ListItem\",\"position\":1,\"name\":\"Forside\",\"item\":\"https:\/\/hubsch-interior.com\/da\/\"},{\"@type\":\"ListItem\",\"position\":2,\"name\":\"Produkter\",\"item\":\"https:\/\/hubsch-interior.com\/da\/produkter\/\"},{\"@type\":\"ListItem\",\"position\":3,\"name\":\"M\u00f8bler\",\"item\":\"https:\/\/hubsch-interior.com\/da\/vare-kategori\/mobler\/\"},{\"@type\":\"ListItem\",\"position\":4,\"name\":\"Reoler &amp; opbevaring\",\"item\":\"https:\/\/hubsch-interior.com\/da\/vare-kategori\/mobler\/reoler-opbevaring-da\/\"},{\"@type\":\"ListItem\",\"position\":5,\"name\":\"Hylder\",\"item\":\"https:\/\/hubsch-interior.com\/da\/vare-kategori\/mobler\/reoler-opbevaring-da\/hylder-da\/\"},{\"@type\":\"ListItem\",\"position\":6,\"name\":\"Sheets Reol M\u00f8rkegr\u00f8n\"}]},{\"@type\":\"WebSite\",\"@id\":\"https:\/\/hubsch-interior.com\/da\/#website\",\"url\":\"https:\/\/hubsch-interior.com\/da\/\",\"name\":\"H\u00fcbsch\",\"description\":\"Danish Home Interior and Design\",\"publisher\":{\"@id\":\"https:\/\/hubsch-interior.com\/da\/#organization\"},\"potentialAction\":[{\"@type\":\"SearchAction\",\"target\":{\"@type\":\"EntryPoint\",\"urlTemplate\":\"https:\/\/hubsch-interior.com\/da\/?s={search_term_string}\"},\"query-input\":{\"@type\":\"PropertyValueSpecification\",\"valueRequired\":true,\"valueName\":\"search_term_string\"}}],\"inLanguage\":\"da-DK\"},{\"@type\":\"Organization\",\"@id\":\"https:\/\/hubsch-interior.com\/da\/#organization\",\"name\":\"H\u00fcbsch\",\"url\":\"https:\/\/hubsch-interior.com\/da\/\",\"logo\":{\"@type\":\"ImageObject\",\"inLanguage\":\"da-DK\",\"@id\":\"https:\/\/hubsch-interior.com\/da\/#\/schema\/logo\/image\/\",\"url\":\"https:\/\/hubsch-interior.com\/wp-content\/uploads\/2022\/12\/Hubsch_logo_black_one_line.svg\",\"contentUrl\":\"https:\/\/hubsch-interior.com\/wp-content\/uploads\/2022\/12\/Hubsch_logo_black_one_line.svg\",\"caption\":\"H\u00fcbsch\"},\"image\":{\"@id\":\"https:\/\/hubsch-interior.com\/da\/#\/schema\/logo\/image\/\"}}]}<\/script>\n<!-- \/ Yoast SEO plugin. -->","yoast_head_json":{"title":"Sheets Reol M\u00f8rkegr\u00f8n - H\u00fcbsch","description":"Moderne kurver, markant attitude. Sheets Reol i sofistikeret m\u00f8rkegr\u00f8n buer som en foldet side og omdanner simpel opbevaring til noget skulpturelt.","robots":{"index":"index","follow":"follow","max-snippet":"max-snippet:-1","max-image-preview":"max-image-preview:large","max-video-preview":"max-video-preview:-1"},"canonical":"https:\/\/hubsch-interior.com\/da\/wp-json\/wp\/v2\/product\/1089003","og_locale":"da_DK","og_type":"article","og_title":"Sheets Reol M\u00f8rkegr\u00f8n - H\u00fcbsch","og_description":"Moderne kurver, markant attitude. Sheets Reol i sofistikeret m\u00f8rkegr\u00f8n buer som en foldet side og omdanner simpel opbevaring til noget skulpturelt.","og_url":"https:\/\/hubsch-interior.com\/da\/vare\/sheets-reol-morkegron\/","og_site_name":"H\u00fcbsch","article_modified_time":"2026-04-05T03:24:08+00:00","og_image":[{"width":1024,"height":1024,"url":"https:\/\/hubsch-interior.com\/wp-content\/uploads\/2026\/02\/sheets-shelf-dark-green-5d4d59c9f97bfec00397ba61ab64436c.jpg","type":"image\/jpeg"}],"twitter_card":"summary_large_image","twitter_misc":{"Estimeret l\u00e6setid":"1 minut"},"schema":{"@context":"https:\/\/schema.org","@graph":[{"@type":"WebPage","@id":"https:\/\/hubsch-interior.com\/da\/vare\/sheets-reol-morkegron\/","url":"https:\/\/hubsch-interior.com\/da\/vare\/sheets-reol-morkegron\/","name":"Sheets Reol M\u00f8rkegr\u00f8n - H\u00fcbsch","isPartOf":{"@id":"https:\/\/hubsch-interior.com\/da\/#website"},"primaryImageOfPage":{"@id":"https:\/\/hubsch-interior.com\/da\/vare\/sheets-reol-morkegron\/#primaryimage"},"image":{"@id":"https:\/\/hubsch-interior.com\/da\/vare\/sheets-reol-morkegron\/#primaryimage"},"thumbnailUrl":"https:\/\/hubsch-interior.com\/wp-content\/uploads\/2026\/02\/sheets-shelf-dark-green-5d4d59c9f97bfec00397ba61ab64436c.jpg","datePublished":"2026-01-31T04:22:52+00:00","dateModified":"2026-04-05T03:24:08+00:00","description":"Moderne kurver, markant attitude. Sheets Reol i sofistikeret m\u00f8rkegr\u00f8n buer som en foldet side og omdanner simpel opbevaring til noget skulpturelt.","breadcrumb":{"@id":"https:\/\/hubsch-interior.com\/da\/vare\/sheets-reol-morkegron\/#breadcrumb"},"inLanguage":"da-DK","potentialAction":[{"@type":"ReadAction","target":["https:\/\/hubsch-interior.com\/da\/vare\/sheets-reol-morkegron\/"]}]},{"@type":"ImageObject","inLanguage":"da-DK","@id":"https:\/\/hubsch-interior.com\/da\/vare\/sheets-reol-morkegron\/#primaryimage","url":"https:\/\/hubsch-interior.com\/wp-content\/uploads\/2026\/02\/sheets-shelf-dark-green-5d4d59c9f97bfec00397ba61ab64436c.jpg","contentUrl":"https:\/\/hubsch-interior.com\/wp-content\/uploads\/2026\/02\/sheets-shelf-dark-green-5d4d59c9f97bfec00397ba61ab64436c.jpg","width":1024,"height":1024},{"@type":"BreadcrumbList","@id":"https:\/\/hubsch-interior.com\/da\/vare\/sheets-reol-morkegron\/#breadcrumb","itemListElement":[{"@type":"ListItem","position":1,"name":"Forside","item":"https:\/\/hubsch-interior.com\/da\/"},{"@type":"ListItem","position":2,"name":"Produkter","item":"https:\/\/hubsch-interior.com\/da\/produkter\/"},{"@type":"ListItem","position":3,"name":"M\u00f8bler","item":"https:\/\/hubsch-interior.com\/da\/vare-kategori\/mobler\/"},{"@type":"ListItem","position":4,"name":"Reoler &amp; opbevaring","item":"https:\/\/hubsch-interior.com\/da\/vare-kategori\/mobler\/reoler-opbevaring-da\/"},{"@type":"ListItem","position":5,"name":"Hylder","item":"https:\/\/hubsch-interior.com\/da\/vare-kategori\/mobler\/reoler-opbevaring-da\/hylder-da\/"},{"@type":"ListItem","position":6,"name":"Sheets Reol M\u00f8rkegr\u00f8n"}]},{"@type":"WebSite","@id":"https:\/\/hubsch-interior.com\/da\/#website","url":"https:\/\/hubsch-interior.com\/da\/","name":"H\u00fcbsch","description":"Danish Home Interior and Design","publisher":{"@id":"https:\/\/hubsch-interior.com\/da\/#organization"},"potentialAction":[{"@type":"SearchAction","target":{"@type":"EntryPoint","urlTemplate":"https:\/\/hubsch-interior.com\/da\/?s={search_term_string}"},"query-input":{"@type":"PropertyValueSpecification","valueRequired":true,"valueName":"search_term_string"}}],"inLanguage":"da-DK"},{"@type":"Organization","@id":"https:\/\/hubsch-interior.com\/da\/#organization","name":"H\u00fcbsch","url":"https:\/\/hubsch-interior.com\/da\/","logo":{"@type":"ImageObject","inLanguage":"da-DK","@id":"https:\/\/hubsch-interior.com\/da\/#\/schema\/logo\/image\/","url":"https:\/\/hubsch-interior.com\/wp-content\/uploads\/2022\/12\/Hubsch_logo_black_one_line.svg","contentUrl":"https:\/\/hubsch-interior.com\/wp-content\/uploads\/2022\/12\/Hubsch_logo_black_one_line.svg","caption":"H\u00fcbsch"},"image":{"@id":"https:\/\/hubsch-interior.com\/da\/#\/schema\/logo\/image\/"}}]}},"_links":{"self":[{"href":"https:\/\/hubsch-interior.com\/da\/wp-json\/wp\/v2\/product\/1089003","targetHints":{"allow":["GET"]}}],"collection":[{"href":"https:\/\/hubsch-interior.com\/da\/wp-json\/wp\/v2\/product"}],"about":[{"href":"https:\/\/hubsch-interior.com\/da\/wp-json\/wp\/v2\/types\/product"}],"wp:featuredmedia":[{"embeddable":true,"href":"https:\/\/hubsch-interior.com\/da\/wp-json\/wp\/v2\/media\/1113844"}],"wp:attachment":[{"href":"https:\/\/hubsch-interior.com\/da\/wp-json\/wp\/v2\/media?parent=1089003"}],"wp:term":[{"taxonomy":"product_brand","embeddable":true,"href":"https:\/\/hubsch-interior.com\/da\/wp-json\/wp\/v2\/product_brand?post=1089003"},{"taxonomy":"product_cat","embeddable":true,"href":"https:\/\/hubsch-interior.com\/da\/wp-json\/wp\/v2\/product_cat?post=1089003"},{"taxonomy":"product_tag","embeddable":true,"href":"https:\/\/hubsch-interior.com\/da\/wp-json\/wp\/v2\/product_tag?post=1089003"}],"curies":[{"name":"wp","href":"https:\/\/api.w.org\/{rel}","templated":true}]}}