{"id":1089019,"date":"2026-01-31T05:23:05","date_gmt":"2026-01-31T04:23:05","guid":{"rendered":"https:\/\/hubsch-interior.com\/product\/product\/"},"modified":"2026-04-05T05:24:13","modified_gmt":"2026-04-05T03:24:13","slug":"nami-knage-gul","status":"publish","type":"product","link":"https:\/\/hubsch-interior.com\/da\/vare\/nami-knage-gul\/","title":{"rendered":"Nami Knage Gul"},"content":{"rendered":"<p>Tr\u00e6nger din entr\u00e9 til lidt solskin? Nami Knage tilf\u00f8rer dristig charme og ubesv\u00e6ret funktionalitet, inspireret af de blide b\u00f8lgebekvemmelser fra japanske b\u00f8lger. I denne livlige gule variant lyser den dine v\u00e6gge op, samtidig med at den tilbyder en smart dobbeltfunktion \u2014 draper dit t\u00f8rkl\u00e6de over toppen og h\u00e6ng din jakke p\u00e5 det indre loop. En intelligent, skulpturel detalje til ethvert rum, der har brug for b\u00e5de orden og gl\u00e6de. Tilg\u00e6ngelig i tre forskellige farver, mix og match for et legesygt v\u00e6g\u00f8jeblik, eller hold det simpelt med en enkelt tone \u2014 Nami Knage g\u00f8r daglig organisering til en kunstform.<\/p>\n","protected":false},"excerpt":{"rendered":"<p>Tr\u00e6nger din entr\u00e9 til lidt solskin? Nami Knage tilf\u00f8rer dristig charme og ubesv\u00e6ret funktionalitet, inspireret af de blide b\u00f8lgebekvemmelser fra japanske b\u00f8lger. I denne livlige gule variant lyser den dine v\u00e6gge op, samtidig med at den tilbyder en smart dobbeltfunktion \u2014 draper dit t\u00f8rkl\u00e6de over toppen og h\u00e6ng din jakke p\u00e5 det indre loop. En [&hellip;]<\/p>\n","protected":false},"featured_media":1111475,"template":"","meta":{"_acf_changed":false,"inline_featured_image":false},"product_brand":[],"product_cat":[7153,7065,7069,4039,4106,5025,5045],"product_tag":[],"class_list":{"0":"post-1089019","1":"product","2":"type-product","3":"status-publish","4":"has-post-thumbnail","6":"product_cat-dweller-da","7":"product_cat-koekken-reoler-da","8":"product_cat-knager-reoler-da","9":"product_cat-knager-knageraekker-da","10":"product_cat-knager-da","11":"product_cat-bestsellers-da","12":"product_cat-nyheder-da","13":"product_shipping_class-pk","15":"pa_color-gul","16":"pa_material-jern-da","18":"first","19":"instock","20":"featured","21":"taxable","22":"shipping-taxable","23":"purchasable","24":"product-type-simple"},"exclude_global_add_ons":[],"addons":[],"acf":[],"yoast_head":"<!-- This site is optimized with the Yoast SEO plugin v26.4 - https:\/\/yoast.com\/wordpress\/plugins\/seo\/ -->\n<title>Nami Knage Gul - H\u00fcbsch<\/title>\n<meta name=\"description\" content=\"Tr\u00e6nger din entr\u00e9 til lidt solskin? Nami Knage tilf\u00f8rer dristig charme og ubesv\u00e6ret funktionalitet, inspireret af de blide b\u00f8lgebekvemmelser fra japanske\" \/>\n<meta name=\"robots\" content=\"index, follow, max-snippet:-1, max-image-preview:large, max-video-preview:-1\" \/>\n<link rel=\"canonical\" href=\"https:\/\/hubsch-interior.com\/da\/wp-json\/wp\/v2\/product\/1089019\" \/>\n<meta property=\"og:locale\" content=\"da_DK\" \/>\n<meta property=\"og:type\" content=\"article\" \/>\n<meta property=\"og:title\" content=\"Nami Knage Gul - H\u00fcbsch\" \/>\n<meta property=\"og:description\" content=\"Tr\u00e6nger din entr\u00e9 til lidt solskin? Nami Knage tilf\u00f8rer dristig charme og ubesv\u00e6ret funktionalitet, inspireret af de blide b\u00f8lgebekvemmelser fra japanske\" \/>\n<meta property=\"og:url\" content=\"https:\/\/hubsch-interior.com\/da\/vare\/nami-knage-gul\/\" \/>\n<meta property=\"og:site_name\" content=\"H\u00fcbsch\" \/>\n<meta property=\"article:modified_time\" content=\"2026-04-05T03:24:13+00:00\" \/>\n<meta property=\"og:image\" content=\"https:\/\/hubsch-interior.com\/wp-content\/uploads\/2026\/01\/nami-hook-yellow-1655352626762a2146c27fb83048e24e.jpg\" \/>\n\t<meta property=\"og:image:width\" content=\"1200\" \/>\n\t<meta property=\"og:image:height\" content=\"1200\" \/>\n\t<meta property=\"og:image:type\" content=\"image\/jpeg\" \/>\n<meta name=\"twitter:card\" content=\"summary_large_image\" \/>\n<meta name=\"twitter:label1\" content=\"Estimeret l\u00e6setid\" \/>\n\t<meta name=\"twitter:data1\" content=\"1 minut\" \/>\n<script type=\"application\/ld+json\" class=\"yoast-schema-graph\">{\"@context\":\"https:\/\/schema.org\",\"@graph\":[{\"@type\":\"WebPage\",\"@id\":\"https:\/\/hubsch-interior.com\/da\/vare\/nami-knage-gul\/\",\"url\":\"https:\/\/hubsch-interior.com\/da\/vare\/nami-knage-gul\/\",\"name\":\"Nami Knage Gul - H\u00fcbsch\",\"isPartOf\":{\"@id\":\"https:\/\/hubsch-interior.com\/da\/#website\"},\"primaryImageOfPage\":{\"@id\":\"https:\/\/hubsch-interior.com\/da\/vare\/nami-knage-gul\/#primaryimage\"},\"image\":{\"@id\":\"https:\/\/hubsch-interior.com\/da\/vare\/nami-knage-gul\/#primaryimage\"},\"thumbnailUrl\":\"https:\/\/hubsch-interior.com\/wp-content\/uploads\/2026\/02\/nami-hook-yellow-223d8853e9b7b9d9c6c9ce05d9c0907d.jpg\",\"datePublished\":\"2026-01-31T04:23:05+00:00\",\"dateModified\":\"2026-04-05T03:24:13+00:00\",\"description\":\"Tr\u00e6nger din entr\u00e9 til lidt solskin? Nami Knage tilf\u00f8rer dristig charme og ubesv\u00e6ret funktionalitet, inspireret af de blide b\u00f8lgebekvemmelser fra japanske\",\"breadcrumb\":{\"@id\":\"https:\/\/hubsch-interior.com\/da\/vare\/nami-knage-gul\/#breadcrumb\"},\"inLanguage\":\"da-DK\",\"potentialAction\":[{\"@type\":\"ReadAction\",\"target\":[\"https:\/\/hubsch-interior.com\/da\/vare\/nami-knage-gul\/\"]}]},{\"@type\":\"ImageObject\",\"inLanguage\":\"da-DK\",\"@id\":\"https:\/\/hubsch-interior.com\/da\/vare\/nami-knage-gul\/#primaryimage\",\"url\":\"https:\/\/hubsch-interior.com\/wp-content\/uploads\/2026\/02\/nami-hook-yellow-223d8853e9b7b9d9c6c9ce05d9c0907d.jpg\",\"contentUrl\":\"https:\/\/hubsch-interior.com\/wp-content\/uploads\/2026\/02\/nami-hook-yellow-223d8853e9b7b9d9c6c9ce05d9c0907d.jpg\",\"width\":1024,\"height\":1024},{\"@type\":\"BreadcrumbList\",\"@id\":\"https:\/\/hubsch-interior.com\/da\/vare\/nami-knage-gul\/#breadcrumb\",\"itemListElement\":[{\"@type\":\"ListItem\",\"position\":1,\"name\":\"Forside\",\"item\":\"https:\/\/hubsch-interior.com\/da\/\"},{\"@type\":\"ListItem\",\"position\":2,\"name\":\"Produkter\",\"item\":\"https:\/\/hubsch-interior.com\/da\/produkter\/\"},{\"@type\":\"ListItem\",\"position\":3,\"name\":\"Nami Knage Gul\"}]},{\"@type\":\"WebSite\",\"@id\":\"https:\/\/hubsch-interior.com\/da\/#website\",\"url\":\"https:\/\/hubsch-interior.com\/da\/\",\"name\":\"H\u00fcbsch\",\"description\":\"Danish Home Interior and Design\",\"publisher\":{\"@id\":\"https:\/\/hubsch-interior.com\/da\/#organization\"},\"potentialAction\":[{\"@type\":\"SearchAction\",\"target\":{\"@type\":\"EntryPoint\",\"urlTemplate\":\"https:\/\/hubsch-interior.com\/da\/?s={search_term_string}\"},\"query-input\":{\"@type\":\"PropertyValueSpecification\",\"valueRequired\":true,\"valueName\":\"search_term_string\"}}],\"inLanguage\":\"da-DK\"},{\"@type\":\"Organization\",\"@id\":\"https:\/\/hubsch-interior.com\/da\/#organization\",\"name\":\"H\u00fcbsch\",\"url\":\"https:\/\/hubsch-interior.com\/da\/\",\"logo\":{\"@type\":\"ImageObject\",\"inLanguage\":\"da-DK\",\"@id\":\"https:\/\/hubsch-interior.com\/da\/#\/schema\/logo\/image\/\",\"url\":\"https:\/\/hubsch-interior.com\/wp-content\/uploads\/2022\/12\/Hubsch_logo_black_one_line.svg\",\"contentUrl\":\"https:\/\/hubsch-interior.com\/wp-content\/uploads\/2022\/12\/Hubsch_logo_black_one_line.svg\",\"caption\":\"H\u00fcbsch\"},\"image\":{\"@id\":\"https:\/\/hubsch-interior.com\/da\/#\/schema\/logo\/image\/\"}}]}<\/script>\n<!-- \/ Yoast SEO plugin. -->","yoast_head_json":{"title":"Nami Knage Gul - H\u00fcbsch","description":"Tr\u00e6nger din entr\u00e9 til lidt solskin? Nami Knage tilf\u00f8rer dristig charme og ubesv\u00e6ret funktionalitet, inspireret af de blide b\u00f8lgebekvemmelser fra japanske","robots":{"index":"index","follow":"follow","max-snippet":"max-snippet:-1","max-image-preview":"max-image-preview:large","max-video-preview":"max-video-preview:-1"},"canonical":"https:\/\/hubsch-interior.com\/da\/wp-json\/wp\/v2\/product\/1089019","og_locale":"da_DK","og_type":"article","og_title":"Nami Knage Gul - H\u00fcbsch","og_description":"Tr\u00e6nger din entr\u00e9 til lidt solskin? Nami Knage tilf\u00f8rer dristig charme og ubesv\u00e6ret funktionalitet, inspireret af de blide b\u00f8lgebekvemmelser fra japanske","og_url":"https:\/\/hubsch-interior.com\/da\/vare\/nami-knage-gul\/","og_site_name":"H\u00fcbsch","article_modified_time":"2026-04-05T03:24:13+00:00","og_image":[{"width":1200,"height":1200,"url":"https:\/\/hubsch-interior.com\/wp-content\/uploads\/2026\/01\/nami-hook-yellow-1655352626762a2146c27fb83048e24e.jpg","type":"image\/jpeg"}],"twitter_card":"summary_large_image","twitter_misc":{"Estimeret l\u00e6setid":"1 minut"},"schema":{"@context":"https:\/\/schema.org","@graph":[{"@type":"WebPage","@id":"https:\/\/hubsch-interior.com\/da\/vare\/nami-knage-gul\/","url":"https:\/\/hubsch-interior.com\/da\/vare\/nami-knage-gul\/","name":"Nami Knage Gul - H\u00fcbsch","isPartOf":{"@id":"https:\/\/hubsch-interior.com\/da\/#website"},"primaryImageOfPage":{"@id":"https:\/\/hubsch-interior.com\/da\/vare\/nami-knage-gul\/#primaryimage"},"image":{"@id":"https:\/\/hubsch-interior.com\/da\/vare\/nami-knage-gul\/#primaryimage"},"thumbnailUrl":"https:\/\/hubsch-interior.com\/wp-content\/uploads\/2026\/02\/nami-hook-yellow-223d8853e9b7b9d9c6c9ce05d9c0907d.jpg","datePublished":"2026-01-31T04:23:05+00:00","dateModified":"2026-04-05T03:24:13+00:00","description":"Tr\u00e6nger din entr\u00e9 til lidt solskin? Nami Knage tilf\u00f8rer dristig charme og ubesv\u00e6ret funktionalitet, inspireret af de blide b\u00f8lgebekvemmelser fra japanske","breadcrumb":{"@id":"https:\/\/hubsch-interior.com\/da\/vare\/nami-knage-gul\/#breadcrumb"},"inLanguage":"da-DK","potentialAction":[{"@type":"ReadAction","target":["https:\/\/hubsch-interior.com\/da\/vare\/nami-knage-gul\/"]}]},{"@type":"ImageObject","inLanguage":"da-DK","@id":"https:\/\/hubsch-interior.com\/da\/vare\/nami-knage-gul\/#primaryimage","url":"https:\/\/hubsch-interior.com\/wp-content\/uploads\/2026\/02\/nami-hook-yellow-223d8853e9b7b9d9c6c9ce05d9c0907d.jpg","contentUrl":"https:\/\/hubsch-interior.com\/wp-content\/uploads\/2026\/02\/nami-hook-yellow-223d8853e9b7b9d9c6c9ce05d9c0907d.jpg","width":1024,"height":1024},{"@type":"BreadcrumbList","@id":"https:\/\/hubsch-interior.com\/da\/vare\/nami-knage-gul\/#breadcrumb","itemListElement":[{"@type":"ListItem","position":1,"name":"Forside","item":"https:\/\/hubsch-interior.com\/da\/"},{"@type":"ListItem","position":2,"name":"Produkter","item":"https:\/\/hubsch-interior.com\/da\/produkter\/"},{"@type":"ListItem","position":3,"name":"Nami Knage Gul"}]},{"@type":"WebSite","@id":"https:\/\/hubsch-interior.com\/da\/#website","url":"https:\/\/hubsch-interior.com\/da\/","name":"H\u00fcbsch","description":"Danish Home Interior and Design","publisher":{"@id":"https:\/\/hubsch-interior.com\/da\/#organization"},"potentialAction":[{"@type":"SearchAction","target":{"@type":"EntryPoint","urlTemplate":"https:\/\/hubsch-interior.com\/da\/?s={search_term_string}"},"query-input":{"@type":"PropertyValueSpecification","valueRequired":true,"valueName":"search_term_string"}}],"inLanguage":"da-DK"},{"@type":"Organization","@id":"https:\/\/hubsch-interior.com\/da\/#organization","name":"H\u00fcbsch","url":"https:\/\/hubsch-interior.com\/da\/","logo":{"@type":"ImageObject","inLanguage":"da-DK","@id":"https:\/\/hubsch-interior.com\/da\/#\/schema\/logo\/image\/","url":"https:\/\/hubsch-interior.com\/wp-content\/uploads\/2022\/12\/Hubsch_logo_black_one_line.svg","contentUrl":"https:\/\/hubsch-interior.com\/wp-content\/uploads\/2022\/12\/Hubsch_logo_black_one_line.svg","caption":"H\u00fcbsch"},"image":{"@id":"https:\/\/hubsch-interior.com\/da\/#\/schema\/logo\/image\/"}}]}},"_links":{"self":[{"href":"https:\/\/hubsch-interior.com\/da\/wp-json\/wp\/v2\/product\/1089019","targetHints":{"allow":["GET"]}}],"collection":[{"href":"https:\/\/hubsch-interior.com\/da\/wp-json\/wp\/v2\/product"}],"about":[{"href":"https:\/\/hubsch-interior.com\/da\/wp-json\/wp\/v2\/types\/product"}],"wp:featuredmedia":[{"embeddable":true,"href":"https:\/\/hubsch-interior.com\/da\/wp-json\/wp\/v2\/media\/1111475"}],"wp:attachment":[{"href":"https:\/\/hubsch-interior.com\/da\/wp-json\/wp\/v2\/media?parent=1089019"}],"wp:term":[{"taxonomy":"product_brand","embeddable":true,"href":"https:\/\/hubsch-interior.com\/da\/wp-json\/wp\/v2\/product_brand?post=1089019"},{"taxonomy":"product_cat","embeddable":true,"href":"https:\/\/hubsch-interior.com\/da\/wp-json\/wp\/v2\/product_cat?post=1089019"},{"taxonomy":"product_tag","embeddable":true,"href":"https:\/\/hubsch-interior.com\/da\/wp-json\/wp\/v2\/product_tag?post=1089019"}],"curies":[{"name":"wp","href":"https:\/\/api.w.org\/{rel}","templated":true}]}}