{"id":1089031,"date":"2026-01-31T05:23:17","date_gmt":"2026-01-31T04:23:17","guid":{"rendered":"https:\/\/hubsch-interior.com\/product\/product\/"},"modified":"2026-04-05T05:24:18","modified_gmt":"2026-04-05T03:24:18","slug":"nami-knage-morkebrun","status":"publish","type":"product","link":"https:\/\/hubsch-interior.com\/da\/vare\/nami-knage-morkebrun\/","title":{"rendered":"Nami Knage \u00a0M\u00f8rkebrun"},"content":{"rendered":"<p>En skulpturel lille hj\u00e6lper til din entr\u00e9. Nami Knage kombinerer form og funktion med stilf\u00e6rdig elegance, inspireret af det bl\u00f8de rytme i havets b\u00f8lger \u2013 en hyldest til dens japanske navn, &#8220;Nami.&#8221; Denne variant i m\u00f8rkebrun bringer en jordn\u00e6r, beroligende tone til dit rum, samtidig med at den smart holder orden: h\u00e6ng dit t\u00f8rkl\u00e6de over toppen og glid en b\u00f8jle gennem l\u00f8kken til din frakke. Mix farver for et legende udtryk p\u00e5 v\u00e6ggen eller hold det minimalistisk med en tone \u2014 Nami Knage forvandler daglige rutiner til en fremvisning af gennemt\u00e6nkt design.<\/p>\n","protected":false},"excerpt":{"rendered":"<p>En skulpturel lille hj\u00e6lper til din entr\u00e9. Nami Knage kombinerer form og funktion med stilf\u00e6rdig elegance, inspireret af det bl\u00f8de rytme i havets b\u00f8lger \u2013 en hyldest til dens japanske navn, &#8220;Nami.&#8221; Denne variant i m\u00f8rkebrun bringer en jordn\u00e6r, beroligende tone til dit rum, samtidig med at den smart holder orden: h\u00e6ng dit t\u00f8rkl\u00e6de over [&hellip;]<\/p>\n","protected":false},"featured_media":1111487,"template":"","meta":{"_acf_changed":false,"inline_featured_image":false},"product_brand":[],"product_cat":[7153,7065,7069,4039,4106,5045],"product_tag":[],"class_list":{"0":"post-1089031","1":"product","2":"type-product","3":"status-publish","4":"has-post-thumbnail","6":"product_cat-dweller-da","7":"product_cat-koekken-reoler-da","8":"product_cat-knager-reoler-da","9":"product_cat-knager-knageraekker-da","10":"product_cat-knager-da","11":"product_cat-nyheder-da","12":"product_shipping_class-pk","14":"pa_color-mrkebrun","15":"pa_material-jern-da","17":"first","18":"instock","19":"taxable","20":"shipping-taxable","21":"purchasable","22":"product-type-simple"},"exclude_global_add_ons":[],"addons":[],"acf":[],"yoast_head":"<!-- This site is optimized with the Yoast SEO plugin v26.4 - https:\/\/yoast.com\/wordpress\/plugins\/seo\/ -->\n<title>Nami Knage \u00a0M\u00f8rkebrun - H\u00fcbsch<\/title>\n<meta name=\"description\" content=\"En skulpturel lille hj\u00e6lper til din entr\u00e9. Nami Knage kombinerer form og funktion med stilf\u00e6rdig elegance, inspireret af det bl\u00f8de rytme i havets b\u00f8lger \u2013\" \/>\n<meta name=\"robots\" content=\"index, follow, max-snippet:-1, max-image-preview:large, max-video-preview:-1\" \/>\n<link rel=\"canonical\" href=\"https:\/\/hubsch-interior.com\/da\/wp-json\/wp\/v2\/product\/1089031\" \/>\n<meta property=\"og:locale\" content=\"da_DK\" \/>\n<meta property=\"og:type\" content=\"article\" \/>\n<meta property=\"og:title\" content=\"Nami Knage \u00a0M\u00f8rkebrun - H\u00fcbsch\" \/>\n<meta property=\"og:description\" content=\"En skulpturel lille hj\u00e6lper til din entr\u00e9. Nami Knage kombinerer form og funktion med stilf\u00e6rdig elegance, inspireret af det bl\u00f8de rytme i havets b\u00f8lger \u2013\" \/>\n<meta property=\"og:url\" content=\"https:\/\/hubsch-interior.com\/da\/vare\/nami-knage-morkebrun\/\" \/>\n<meta property=\"og:site_name\" content=\"H\u00fcbsch\" \/>\n<meta property=\"article:modified_time\" content=\"2026-04-05T03:24:18+00:00\" \/>\n<meta property=\"og:image\" content=\"https:\/\/hubsch-interior.com\/wp-content\/uploads\/2026\/01\/nami-hook-dark-brown-544f9aa585c05a3ad2fd23b5627db202.jpg\" \/>\n\t<meta property=\"og:image:width\" content=\"1200\" \/>\n\t<meta property=\"og:image:height\" content=\"1200\" \/>\n\t<meta property=\"og:image:type\" content=\"image\/jpeg\" \/>\n<meta name=\"twitter:card\" content=\"summary_large_image\" \/>\n<meta name=\"twitter:label1\" content=\"Estimeret l\u00e6setid\" \/>\n\t<meta name=\"twitter:data1\" content=\"1 minut\" \/>\n<script type=\"application\/ld+json\" class=\"yoast-schema-graph\">{\"@context\":\"https:\/\/schema.org\",\"@graph\":[{\"@type\":\"WebPage\",\"@id\":\"https:\/\/hubsch-interior.com\/da\/vare\/nami-knage-morkebrun\/\",\"url\":\"https:\/\/hubsch-interior.com\/da\/vare\/nami-knage-morkebrun\/\",\"name\":\"Nami Knage \u00a0M\u00f8rkebrun - H\u00fcbsch\",\"isPartOf\":{\"@id\":\"https:\/\/hubsch-interior.com\/da\/#website\"},\"primaryImageOfPage\":{\"@id\":\"https:\/\/hubsch-interior.com\/da\/vare\/nami-knage-morkebrun\/#primaryimage\"},\"image\":{\"@id\":\"https:\/\/hubsch-interior.com\/da\/vare\/nami-knage-morkebrun\/#primaryimage\"},\"thumbnailUrl\":\"https:\/\/hubsch-interior.com\/wp-content\/uploads\/2026\/02\/nami-hook-dark-brown-d3ec5ec5fc308ef24005a2dffd83058e.jpg\",\"datePublished\":\"2026-01-31T04:23:17+00:00\",\"dateModified\":\"2026-04-05T03:24:18+00:00\",\"description\":\"En skulpturel lille hj\u00e6lper til din entr\u00e9. Nami Knage kombinerer form og funktion med stilf\u00e6rdig elegance, inspireret af det bl\u00f8de rytme i havets b\u00f8lger \u2013\",\"breadcrumb\":{\"@id\":\"https:\/\/hubsch-interior.com\/da\/vare\/nami-knage-morkebrun\/#breadcrumb\"},\"inLanguage\":\"da-DK\",\"potentialAction\":[{\"@type\":\"ReadAction\",\"target\":[\"https:\/\/hubsch-interior.com\/da\/vare\/nami-knage-morkebrun\/\"]}]},{\"@type\":\"ImageObject\",\"inLanguage\":\"da-DK\",\"@id\":\"https:\/\/hubsch-interior.com\/da\/vare\/nami-knage-morkebrun\/#primaryimage\",\"url\":\"https:\/\/hubsch-interior.com\/wp-content\/uploads\/2026\/02\/nami-hook-dark-brown-d3ec5ec5fc308ef24005a2dffd83058e.jpg\",\"contentUrl\":\"https:\/\/hubsch-interior.com\/wp-content\/uploads\/2026\/02\/nami-hook-dark-brown-d3ec5ec5fc308ef24005a2dffd83058e.jpg\",\"width\":1024,\"height\":1024},{\"@type\":\"BreadcrumbList\",\"@id\":\"https:\/\/hubsch-interior.com\/da\/vare\/nami-knage-morkebrun\/#breadcrumb\",\"itemListElement\":[{\"@type\":\"ListItem\",\"position\":1,\"name\":\"Forside\",\"item\":\"https:\/\/hubsch-interior.com\/da\/\"},{\"@type\":\"ListItem\",\"position\":2,\"name\":\"Produkter\",\"item\":\"https:\/\/hubsch-interior.com\/da\/produkter\/\"},{\"@type\":\"ListItem\",\"position\":3,\"name\":\"Nami Knage \u00a0M\u00f8rkebrun\"}]},{\"@type\":\"WebSite\",\"@id\":\"https:\/\/hubsch-interior.com\/da\/#website\",\"url\":\"https:\/\/hubsch-interior.com\/da\/\",\"name\":\"H\u00fcbsch\",\"description\":\"Danish Home Interior and Design\",\"publisher\":{\"@id\":\"https:\/\/hubsch-interior.com\/da\/#organization\"},\"potentialAction\":[{\"@type\":\"SearchAction\",\"target\":{\"@type\":\"EntryPoint\",\"urlTemplate\":\"https:\/\/hubsch-interior.com\/da\/?s={search_term_string}\"},\"query-input\":{\"@type\":\"PropertyValueSpecification\",\"valueRequired\":true,\"valueName\":\"search_term_string\"}}],\"inLanguage\":\"da-DK\"},{\"@type\":\"Organization\",\"@id\":\"https:\/\/hubsch-interior.com\/da\/#organization\",\"name\":\"H\u00fcbsch\",\"url\":\"https:\/\/hubsch-interior.com\/da\/\",\"logo\":{\"@type\":\"ImageObject\",\"inLanguage\":\"da-DK\",\"@id\":\"https:\/\/hubsch-interior.com\/da\/#\/schema\/logo\/image\/\",\"url\":\"https:\/\/hubsch-interior.com\/wp-content\/uploads\/2022\/12\/Hubsch_logo_black_one_line.svg\",\"contentUrl\":\"https:\/\/hubsch-interior.com\/wp-content\/uploads\/2022\/12\/Hubsch_logo_black_one_line.svg\",\"caption\":\"H\u00fcbsch\"},\"image\":{\"@id\":\"https:\/\/hubsch-interior.com\/da\/#\/schema\/logo\/image\/\"}}]}<\/script>\n<!-- \/ Yoast SEO plugin. -->","yoast_head_json":{"title":"Nami Knage \u00a0M\u00f8rkebrun - H\u00fcbsch","description":"En skulpturel lille hj\u00e6lper til din entr\u00e9. Nami Knage kombinerer form og funktion med stilf\u00e6rdig elegance, inspireret af det bl\u00f8de rytme i havets b\u00f8lger \u2013","robots":{"index":"index","follow":"follow","max-snippet":"max-snippet:-1","max-image-preview":"max-image-preview:large","max-video-preview":"max-video-preview:-1"},"canonical":"https:\/\/hubsch-interior.com\/da\/wp-json\/wp\/v2\/product\/1089031","og_locale":"da_DK","og_type":"article","og_title":"Nami Knage \u00a0M\u00f8rkebrun - H\u00fcbsch","og_description":"En skulpturel lille hj\u00e6lper til din entr\u00e9. Nami Knage kombinerer form og funktion med stilf\u00e6rdig elegance, inspireret af det bl\u00f8de rytme i havets b\u00f8lger \u2013","og_url":"https:\/\/hubsch-interior.com\/da\/vare\/nami-knage-morkebrun\/","og_site_name":"H\u00fcbsch","article_modified_time":"2026-04-05T03:24:18+00:00","og_image":[{"width":1200,"height":1200,"url":"https:\/\/hubsch-interior.com\/wp-content\/uploads\/2026\/01\/nami-hook-dark-brown-544f9aa585c05a3ad2fd23b5627db202.jpg","type":"image\/jpeg"}],"twitter_card":"summary_large_image","twitter_misc":{"Estimeret l\u00e6setid":"1 minut"},"schema":{"@context":"https:\/\/schema.org","@graph":[{"@type":"WebPage","@id":"https:\/\/hubsch-interior.com\/da\/vare\/nami-knage-morkebrun\/","url":"https:\/\/hubsch-interior.com\/da\/vare\/nami-knage-morkebrun\/","name":"Nami Knage \u00a0M\u00f8rkebrun - H\u00fcbsch","isPartOf":{"@id":"https:\/\/hubsch-interior.com\/da\/#website"},"primaryImageOfPage":{"@id":"https:\/\/hubsch-interior.com\/da\/vare\/nami-knage-morkebrun\/#primaryimage"},"image":{"@id":"https:\/\/hubsch-interior.com\/da\/vare\/nami-knage-morkebrun\/#primaryimage"},"thumbnailUrl":"https:\/\/hubsch-interior.com\/wp-content\/uploads\/2026\/02\/nami-hook-dark-brown-d3ec5ec5fc308ef24005a2dffd83058e.jpg","datePublished":"2026-01-31T04:23:17+00:00","dateModified":"2026-04-05T03:24:18+00:00","description":"En skulpturel lille hj\u00e6lper til din entr\u00e9. Nami Knage kombinerer form og funktion med stilf\u00e6rdig elegance, inspireret af det bl\u00f8de rytme i havets b\u00f8lger \u2013","breadcrumb":{"@id":"https:\/\/hubsch-interior.com\/da\/vare\/nami-knage-morkebrun\/#breadcrumb"},"inLanguage":"da-DK","potentialAction":[{"@type":"ReadAction","target":["https:\/\/hubsch-interior.com\/da\/vare\/nami-knage-morkebrun\/"]}]},{"@type":"ImageObject","inLanguage":"da-DK","@id":"https:\/\/hubsch-interior.com\/da\/vare\/nami-knage-morkebrun\/#primaryimage","url":"https:\/\/hubsch-interior.com\/wp-content\/uploads\/2026\/02\/nami-hook-dark-brown-d3ec5ec5fc308ef24005a2dffd83058e.jpg","contentUrl":"https:\/\/hubsch-interior.com\/wp-content\/uploads\/2026\/02\/nami-hook-dark-brown-d3ec5ec5fc308ef24005a2dffd83058e.jpg","width":1024,"height":1024},{"@type":"BreadcrumbList","@id":"https:\/\/hubsch-interior.com\/da\/vare\/nami-knage-morkebrun\/#breadcrumb","itemListElement":[{"@type":"ListItem","position":1,"name":"Forside","item":"https:\/\/hubsch-interior.com\/da\/"},{"@type":"ListItem","position":2,"name":"Produkter","item":"https:\/\/hubsch-interior.com\/da\/produkter\/"},{"@type":"ListItem","position":3,"name":"Nami Knage \u00a0M\u00f8rkebrun"}]},{"@type":"WebSite","@id":"https:\/\/hubsch-interior.com\/da\/#website","url":"https:\/\/hubsch-interior.com\/da\/","name":"H\u00fcbsch","description":"Danish Home Interior and Design","publisher":{"@id":"https:\/\/hubsch-interior.com\/da\/#organization"},"potentialAction":[{"@type":"SearchAction","target":{"@type":"EntryPoint","urlTemplate":"https:\/\/hubsch-interior.com\/da\/?s={search_term_string}"},"query-input":{"@type":"PropertyValueSpecification","valueRequired":true,"valueName":"search_term_string"}}],"inLanguage":"da-DK"},{"@type":"Organization","@id":"https:\/\/hubsch-interior.com\/da\/#organization","name":"H\u00fcbsch","url":"https:\/\/hubsch-interior.com\/da\/","logo":{"@type":"ImageObject","inLanguage":"da-DK","@id":"https:\/\/hubsch-interior.com\/da\/#\/schema\/logo\/image\/","url":"https:\/\/hubsch-interior.com\/wp-content\/uploads\/2022\/12\/Hubsch_logo_black_one_line.svg","contentUrl":"https:\/\/hubsch-interior.com\/wp-content\/uploads\/2022\/12\/Hubsch_logo_black_one_line.svg","caption":"H\u00fcbsch"},"image":{"@id":"https:\/\/hubsch-interior.com\/da\/#\/schema\/logo\/image\/"}}]}},"_links":{"self":[{"href":"https:\/\/hubsch-interior.com\/da\/wp-json\/wp\/v2\/product\/1089031","targetHints":{"allow":["GET"]}}],"collection":[{"href":"https:\/\/hubsch-interior.com\/da\/wp-json\/wp\/v2\/product"}],"about":[{"href":"https:\/\/hubsch-interior.com\/da\/wp-json\/wp\/v2\/types\/product"}],"wp:featuredmedia":[{"embeddable":true,"href":"https:\/\/hubsch-interior.com\/da\/wp-json\/wp\/v2\/media\/1111487"}],"wp:attachment":[{"href":"https:\/\/hubsch-interior.com\/da\/wp-json\/wp\/v2\/media?parent=1089031"}],"wp:term":[{"taxonomy":"product_brand","embeddable":true,"href":"https:\/\/hubsch-interior.com\/da\/wp-json\/wp\/v2\/product_brand?post=1089031"},{"taxonomy":"product_cat","embeddable":true,"href":"https:\/\/hubsch-interior.com\/da\/wp-json\/wp\/v2\/product_cat?post=1089031"},{"taxonomy":"product_tag","embeddable":true,"href":"https:\/\/hubsch-interior.com\/da\/wp-json\/wp\/v2\/product_tag?post=1089031"}],"curies":[{"name":"wp","href":"https:\/\/api.w.org\/{rel}","templated":true}]}}