{"id":1089043,"date":"2026-01-31T05:23:30","date_gmt":"2026-01-31T04:23:30","guid":{"rendered":"https:\/\/hubsch-interior.com\/product\/product\/"},"modified":"2026-04-05T05:24:22","modified_gmt":"2026-04-05T03:24:22","slug":"nami-knage-bla","status":"publish","type":"product","link":"https:\/\/hubsch-interior.com\/da\/vare\/nami-knage-bla\/","title":{"rendered":"Nami Knage Bl\u00e5"},"content":{"rendered":"<p>Bring havets rytme til din v\u00e6g. Inspireret af de blide kurver i en b\u00f8lge tilf\u00f8jer Nami Knagen i bl\u00e5 en subtil farveklat til dit interi\u00f8r. H\u00e6ng dit t\u00f8rkl\u00e6de over toppen og tr\u00e6k en b\u00f8jle igennem l\u00f8kken til din jakke \u2013 en smart og smuk m\u00e5de at holde tingene p\u00e5 plads. F\u00e5s i tre koordinerede nuancer, s\u00e5 det er let at blande eller matche afh\u00e6ngigt af dit hum\u00f8r. En poetisk lille hj\u00e6lper, der g\u00f8r daglige rutiner rolige og samlede.<\/p>\n","protected":false},"excerpt":{"rendered":"<p>Bring havets rytme til din v\u00e6g. Inspireret af de blide kurver i en b\u00f8lge tilf\u00f8jer Nami Knagen i bl\u00e5 en subtil farveklat til dit interi\u00f8r. H\u00e6ng dit t\u00f8rkl\u00e6de over toppen og tr\u00e6k en b\u00f8jle igennem l\u00f8kken til din jakke \u2013 en smart og smuk m\u00e5de at holde tingene p\u00e5 plads. F\u00e5s i tre koordinerede nuancer, [&hellip;]<\/p>\n","protected":false},"featured_media":1111495,"template":"","meta":{"_acf_changed":false,"inline_featured_image":false},"product_brand":[],"product_cat":[7153,7065,7069,4039,4106,5045],"product_tag":[],"class_list":{"0":"post-1089043","1":"product","2":"type-product","3":"status-publish","4":"has-post-thumbnail","6":"product_cat-dweller-da","7":"product_cat-koekken-reoler-da","8":"product_cat-knager-reoler-da","9":"product_cat-knager-knageraekker-da","10":"product_cat-knager-da","11":"product_cat-nyheder-da","12":"product_shipping_class-pk","14":"pa_color-bl","15":"pa_material-jern-da","17":"first","18":"instock","19":"taxable","20":"shipping-taxable","21":"purchasable","22":"product-type-simple"},"exclude_global_add_ons":[],"addons":[],"acf":[],"yoast_head":"<!-- This site is optimized with the Yoast SEO plugin v26.4 - https:\/\/yoast.com\/wordpress\/plugins\/seo\/ -->\n<title>Nami Knage Bl\u00e5 - H\u00fcbsch<\/title>\n<meta name=\"description\" content=\"Bring havets rytme til din v\u00e6g. Inspireret af de blide kurver i en b\u00f8lge tilf\u00f8jer Nami Knagen i bl\u00e5 en subtil farveklat til dit interi\u00f8r. H\u00e6ng dit\" \/>\n<meta name=\"robots\" content=\"index, follow, max-snippet:-1, max-image-preview:large, max-video-preview:-1\" \/>\n<link rel=\"canonical\" href=\"https:\/\/hubsch-interior.com\/da\/wp-json\/wp\/v2\/product\/1089043\" \/>\n<meta property=\"og:locale\" content=\"da_DK\" \/>\n<meta property=\"og:type\" content=\"article\" \/>\n<meta property=\"og:title\" content=\"Nami Knage Bl\u00e5 - H\u00fcbsch\" \/>\n<meta property=\"og:description\" content=\"Bring havets rytme til din v\u00e6g. Inspireret af de blide kurver i en b\u00f8lge tilf\u00f8jer Nami Knagen i bl\u00e5 en subtil farveklat til dit interi\u00f8r. H\u00e6ng dit\" \/>\n<meta property=\"og:url\" content=\"https:\/\/hubsch-interior.com\/da\/vare\/nami-knage-bla\/\" \/>\n<meta property=\"og:site_name\" content=\"H\u00fcbsch\" \/>\n<meta property=\"article:modified_time\" content=\"2026-04-05T03:24:22+00:00\" \/>\n<meta property=\"og:image\" content=\"https:\/\/hubsch-interior.com\/wp-content\/uploads\/2026\/01\/nami-hook-blue-1e1a9111f90adf83a75e80dfab4940a2.jpg\" \/>\n\t<meta property=\"og:image:width\" content=\"1200\" \/>\n\t<meta property=\"og:image:height\" content=\"1200\" \/>\n\t<meta property=\"og:image:type\" content=\"image\/jpeg\" \/>\n<meta name=\"twitter:card\" content=\"summary_large_image\" \/>\n<script type=\"application\/ld+json\" class=\"yoast-schema-graph\">{\"@context\":\"https:\/\/schema.org\",\"@graph\":[{\"@type\":\"WebPage\",\"@id\":\"https:\/\/hubsch-interior.com\/da\/vare\/nami-knage-bla\/\",\"url\":\"https:\/\/hubsch-interior.com\/da\/vare\/nami-knage-bla\/\",\"name\":\"Nami Knage Bl\u00e5 - H\u00fcbsch\",\"isPartOf\":{\"@id\":\"https:\/\/hubsch-interior.com\/da\/#website\"},\"primaryImageOfPage\":{\"@id\":\"https:\/\/hubsch-interior.com\/da\/vare\/nami-knage-bla\/#primaryimage\"},\"image\":{\"@id\":\"https:\/\/hubsch-interior.com\/da\/vare\/nami-knage-bla\/#primaryimage\"},\"thumbnailUrl\":\"https:\/\/hubsch-interior.com\/wp-content\/uploads\/2026\/02\/nami-hook-blue-7960f84c6119b68431bbda2284958caa.jpg\",\"datePublished\":\"2026-01-31T04:23:30+00:00\",\"dateModified\":\"2026-04-05T03:24:22+00:00\",\"description\":\"Bring havets rytme til din v\u00e6g. Inspireret af de blide kurver i en b\u00f8lge tilf\u00f8jer Nami Knagen i bl\u00e5 en subtil farveklat til dit interi\u00f8r. H\u00e6ng dit\",\"breadcrumb\":{\"@id\":\"https:\/\/hubsch-interior.com\/da\/vare\/nami-knage-bla\/#breadcrumb\"},\"inLanguage\":\"da-DK\",\"potentialAction\":[{\"@type\":\"ReadAction\",\"target\":[\"https:\/\/hubsch-interior.com\/da\/vare\/nami-knage-bla\/\"]}]},{\"@type\":\"ImageObject\",\"inLanguage\":\"da-DK\",\"@id\":\"https:\/\/hubsch-interior.com\/da\/vare\/nami-knage-bla\/#primaryimage\",\"url\":\"https:\/\/hubsch-interior.com\/wp-content\/uploads\/2026\/02\/nami-hook-blue-7960f84c6119b68431bbda2284958caa.jpg\",\"contentUrl\":\"https:\/\/hubsch-interior.com\/wp-content\/uploads\/2026\/02\/nami-hook-blue-7960f84c6119b68431bbda2284958caa.jpg\",\"width\":1024,\"height\":1024},{\"@type\":\"BreadcrumbList\",\"@id\":\"https:\/\/hubsch-interior.com\/da\/vare\/nami-knage-bla\/#breadcrumb\",\"itemListElement\":[{\"@type\":\"ListItem\",\"position\":1,\"name\":\"Forside\",\"item\":\"https:\/\/hubsch-interior.com\/da\/\"},{\"@type\":\"ListItem\",\"position\":2,\"name\":\"Produkter\",\"item\":\"https:\/\/hubsch-interior.com\/da\/produkter\/\"},{\"@type\":\"ListItem\",\"position\":3,\"name\":\"Nami Knage Bl\u00e5\"}]},{\"@type\":\"WebSite\",\"@id\":\"https:\/\/hubsch-interior.com\/da\/#website\",\"url\":\"https:\/\/hubsch-interior.com\/da\/\",\"name\":\"H\u00fcbsch\",\"description\":\"Danish Home Interior and Design\",\"publisher\":{\"@id\":\"https:\/\/hubsch-interior.com\/da\/#organization\"},\"potentialAction\":[{\"@type\":\"SearchAction\",\"target\":{\"@type\":\"EntryPoint\",\"urlTemplate\":\"https:\/\/hubsch-interior.com\/da\/?s={search_term_string}\"},\"query-input\":{\"@type\":\"PropertyValueSpecification\",\"valueRequired\":true,\"valueName\":\"search_term_string\"}}],\"inLanguage\":\"da-DK\"},{\"@type\":\"Organization\",\"@id\":\"https:\/\/hubsch-interior.com\/da\/#organization\",\"name\":\"H\u00fcbsch\",\"url\":\"https:\/\/hubsch-interior.com\/da\/\",\"logo\":{\"@type\":\"ImageObject\",\"inLanguage\":\"da-DK\",\"@id\":\"https:\/\/hubsch-interior.com\/da\/#\/schema\/logo\/image\/\",\"url\":\"https:\/\/hubsch-interior.com\/wp-content\/uploads\/2022\/12\/Hubsch_logo_black_one_line.svg\",\"contentUrl\":\"https:\/\/hubsch-interior.com\/wp-content\/uploads\/2022\/12\/Hubsch_logo_black_one_line.svg\",\"caption\":\"H\u00fcbsch\"},\"image\":{\"@id\":\"https:\/\/hubsch-interior.com\/da\/#\/schema\/logo\/image\/\"}}]}<\/script>\n<!-- \/ Yoast SEO plugin. -->","yoast_head_json":{"title":"Nami Knage Bl\u00e5 - H\u00fcbsch","description":"Bring havets rytme til din v\u00e6g. Inspireret af de blide kurver i en b\u00f8lge tilf\u00f8jer Nami Knagen i bl\u00e5 en subtil farveklat til dit interi\u00f8r. H\u00e6ng dit","robots":{"index":"index","follow":"follow","max-snippet":"max-snippet:-1","max-image-preview":"max-image-preview:large","max-video-preview":"max-video-preview:-1"},"canonical":"https:\/\/hubsch-interior.com\/da\/wp-json\/wp\/v2\/product\/1089043","og_locale":"da_DK","og_type":"article","og_title":"Nami Knage Bl\u00e5 - H\u00fcbsch","og_description":"Bring havets rytme til din v\u00e6g. Inspireret af de blide kurver i en b\u00f8lge tilf\u00f8jer Nami Knagen i bl\u00e5 en subtil farveklat til dit interi\u00f8r. H\u00e6ng dit","og_url":"https:\/\/hubsch-interior.com\/da\/vare\/nami-knage-bla\/","og_site_name":"H\u00fcbsch","article_modified_time":"2026-04-05T03:24:22+00:00","og_image":[{"width":1200,"height":1200,"url":"https:\/\/hubsch-interior.com\/wp-content\/uploads\/2026\/01\/nami-hook-blue-1e1a9111f90adf83a75e80dfab4940a2.jpg","type":"image\/jpeg"}],"twitter_card":"summary_large_image","schema":{"@context":"https:\/\/schema.org","@graph":[{"@type":"WebPage","@id":"https:\/\/hubsch-interior.com\/da\/vare\/nami-knage-bla\/","url":"https:\/\/hubsch-interior.com\/da\/vare\/nami-knage-bla\/","name":"Nami Knage Bl\u00e5 - H\u00fcbsch","isPartOf":{"@id":"https:\/\/hubsch-interior.com\/da\/#website"},"primaryImageOfPage":{"@id":"https:\/\/hubsch-interior.com\/da\/vare\/nami-knage-bla\/#primaryimage"},"image":{"@id":"https:\/\/hubsch-interior.com\/da\/vare\/nami-knage-bla\/#primaryimage"},"thumbnailUrl":"https:\/\/hubsch-interior.com\/wp-content\/uploads\/2026\/02\/nami-hook-blue-7960f84c6119b68431bbda2284958caa.jpg","datePublished":"2026-01-31T04:23:30+00:00","dateModified":"2026-04-05T03:24:22+00:00","description":"Bring havets rytme til din v\u00e6g. Inspireret af de blide kurver i en b\u00f8lge tilf\u00f8jer Nami Knagen i bl\u00e5 en subtil farveklat til dit interi\u00f8r. H\u00e6ng dit","breadcrumb":{"@id":"https:\/\/hubsch-interior.com\/da\/vare\/nami-knage-bla\/#breadcrumb"},"inLanguage":"da-DK","potentialAction":[{"@type":"ReadAction","target":["https:\/\/hubsch-interior.com\/da\/vare\/nami-knage-bla\/"]}]},{"@type":"ImageObject","inLanguage":"da-DK","@id":"https:\/\/hubsch-interior.com\/da\/vare\/nami-knage-bla\/#primaryimage","url":"https:\/\/hubsch-interior.com\/wp-content\/uploads\/2026\/02\/nami-hook-blue-7960f84c6119b68431bbda2284958caa.jpg","contentUrl":"https:\/\/hubsch-interior.com\/wp-content\/uploads\/2026\/02\/nami-hook-blue-7960f84c6119b68431bbda2284958caa.jpg","width":1024,"height":1024},{"@type":"BreadcrumbList","@id":"https:\/\/hubsch-interior.com\/da\/vare\/nami-knage-bla\/#breadcrumb","itemListElement":[{"@type":"ListItem","position":1,"name":"Forside","item":"https:\/\/hubsch-interior.com\/da\/"},{"@type":"ListItem","position":2,"name":"Produkter","item":"https:\/\/hubsch-interior.com\/da\/produkter\/"},{"@type":"ListItem","position":3,"name":"Nami Knage Bl\u00e5"}]},{"@type":"WebSite","@id":"https:\/\/hubsch-interior.com\/da\/#website","url":"https:\/\/hubsch-interior.com\/da\/","name":"H\u00fcbsch","description":"Danish Home Interior and Design","publisher":{"@id":"https:\/\/hubsch-interior.com\/da\/#organization"},"potentialAction":[{"@type":"SearchAction","target":{"@type":"EntryPoint","urlTemplate":"https:\/\/hubsch-interior.com\/da\/?s={search_term_string}"},"query-input":{"@type":"PropertyValueSpecification","valueRequired":true,"valueName":"search_term_string"}}],"inLanguage":"da-DK"},{"@type":"Organization","@id":"https:\/\/hubsch-interior.com\/da\/#organization","name":"H\u00fcbsch","url":"https:\/\/hubsch-interior.com\/da\/","logo":{"@type":"ImageObject","inLanguage":"da-DK","@id":"https:\/\/hubsch-interior.com\/da\/#\/schema\/logo\/image\/","url":"https:\/\/hubsch-interior.com\/wp-content\/uploads\/2022\/12\/Hubsch_logo_black_one_line.svg","contentUrl":"https:\/\/hubsch-interior.com\/wp-content\/uploads\/2022\/12\/Hubsch_logo_black_one_line.svg","caption":"H\u00fcbsch"},"image":{"@id":"https:\/\/hubsch-interior.com\/da\/#\/schema\/logo\/image\/"}}]}},"_links":{"self":[{"href":"https:\/\/hubsch-interior.com\/da\/wp-json\/wp\/v2\/product\/1089043","targetHints":{"allow":["GET"]}}],"collection":[{"href":"https:\/\/hubsch-interior.com\/da\/wp-json\/wp\/v2\/product"}],"about":[{"href":"https:\/\/hubsch-interior.com\/da\/wp-json\/wp\/v2\/types\/product"}],"wp:featuredmedia":[{"embeddable":true,"href":"https:\/\/hubsch-interior.com\/da\/wp-json\/wp\/v2\/media\/1111495"}],"wp:attachment":[{"href":"https:\/\/hubsch-interior.com\/da\/wp-json\/wp\/v2\/media?parent=1089043"}],"wp:term":[{"taxonomy":"product_brand","embeddable":true,"href":"https:\/\/hubsch-interior.com\/da\/wp-json\/wp\/v2\/product_brand?post=1089043"},{"taxonomy":"product_cat","embeddable":true,"href":"https:\/\/hubsch-interior.com\/da\/wp-json\/wp\/v2\/product_cat?post=1089043"},{"taxonomy":"product_tag","embeddable":true,"href":"https:\/\/hubsch-interior.com\/da\/wp-json\/wp\/v2\/product_tag?post=1089043"}],"curies":[{"name":"wp","href":"https:\/\/api.w.org\/{rel}","templated":true}]}}