{"id":1089071,"date":"2026-01-31T05:23:45","date_gmt":"2026-01-31T04:23:45","guid":{"rendered":"https:\/\/hubsch-interior.com\/product\/product\/"},"modified":"2026-04-05T05:24:26","modified_gmt":"2026-04-05T03:24:26","slug":"nobly-tojstativ-lysegra","status":"publish","type":"product","link":"https:\/\/hubsch-interior.com\/da\/vare\/nobly-tojstativ-lysegra\/","title":{"rendered":"Nobly T\u00f8jstativ Lysegr\u00e5"},"content":{"rendered":"<p>Har du brug for et hjem til dine daglige forn\u00f8denheder? Nobly T\u00f8jstativet i bl\u00f8d lysegr\u00e5 tilbyder en beroligende atmosf\u00e6re, samtidig med at det holder din entr\u00e9 smukt organiseret. Dets lette, luftige ramme falder ubesv\u00e6ret ind i dit rum og tilbyder rigelig plads til b\u00e5de frakker og sko &#8211; alt sammen uden at virke klodset. Med sin kloge balance mellem praktikalitet og elegance g\u00f8r det det nemmere for dig at starte dagen. En stille hj\u00e6lper, der omdanner daglig rod til fredelig orden.<\/p>\n","protected":false},"excerpt":{"rendered":"<p>Har du brug for et hjem til dine daglige forn\u00f8denheder? Nobly T\u00f8jstativet i bl\u00f8d lysegr\u00e5 tilbyder en beroligende atmosf\u00e6re, samtidig med at det holder din entr\u00e9 smukt organiseret. Dets lette, luftige ramme falder ubesv\u00e6ret ind i dit rum og tilbyder rigelig plads til b\u00e5de frakker og sko &#8211; alt sammen uden at virke klodset. Med [&hellip;]<\/p>\n","protected":false},"featured_media":1111503,"template":"","meta":{"_acf_changed":false,"inline_featured_image":false},"product_brand":[],"product_cat":[7153,4031,5460,4039,4040,5045],"product_tag":[],"class_list":{"0":"post-1089071","1":"product","2":"type-product","3":"status-publish","4":"has-post-thumbnail","6":"product_cat-dweller-da","7":"product_cat-garderobe-stativer-da","8":"product_cat-stativer-da","9":"product_cat-knager-knageraekker-da","10":"product_cat-knageraekker-da","11":"product_cat-nyheder-da","12":"product_shipping_class-pk","14":"pa_color-lysegr","15":"pa_material-jern-da","17":"first","18":"instock","19":"taxable","20":"shipping-taxable","21":"purchasable","22":"product-type-simple"},"exclude_global_add_ons":[],"addons":[],"acf":[],"yoast_head":"<!-- This site is optimized with the Yoast SEO plugin v26.4 - https:\/\/yoast.com\/wordpress\/plugins\/seo\/ -->\n<title>Nobly T\u00f8jstativ Lysegr\u00e5 - H\u00fcbsch<\/title>\n<meta name=\"description\" content=\"Har du brug for et hjem til dine daglige forn\u00f8denheder? Nobly T\u00f8jstativet i bl\u00f8d lysegr\u00e5 tilbyder en beroligende atmosf\u00e6re, samtidig med at det holder din\" \/>\n<meta name=\"robots\" content=\"index, follow, max-snippet:-1, max-image-preview:large, max-video-preview:-1\" \/>\n<link rel=\"canonical\" href=\"https:\/\/hubsch-interior.com\/da\/wp-json\/wp\/v2\/product\/1089071\" \/>\n<meta property=\"og:locale\" content=\"da_DK\" \/>\n<meta property=\"og:type\" content=\"article\" \/>\n<meta property=\"og:title\" content=\"Nobly T\u00f8jstativ Lysegr\u00e5 - H\u00fcbsch\" \/>\n<meta property=\"og:description\" content=\"Har du brug for et hjem til dine daglige forn\u00f8denheder? Nobly T\u00f8jstativet i bl\u00f8d lysegr\u00e5 tilbyder en beroligende atmosf\u00e6re, samtidig med at det holder din\" \/>\n<meta property=\"og:url\" content=\"https:\/\/hubsch-interior.com\/da\/vare\/nobly-tojstativ-lysegra\/\" \/>\n<meta property=\"og:site_name\" content=\"H\u00fcbsch\" \/>\n<meta property=\"article:modified_time\" content=\"2026-04-05T03:24:26+00:00\" \/>\n<meta property=\"og:image\" content=\"https:\/\/hubsch-interior.com\/wp-content\/uploads\/2026\/01\/nobly-clothing-rack-light-grey-58ae673b97474db82fc5caef3542af5d.jpg\" \/>\n\t<meta property=\"og:image:width\" content=\"1200\" \/>\n\t<meta property=\"og:image:height\" content=\"1200\" \/>\n\t<meta property=\"og:image:type\" content=\"image\/jpeg\" \/>\n<meta name=\"twitter:card\" content=\"summary_large_image\" \/>\n<script type=\"application\/ld+json\" class=\"yoast-schema-graph\">{\"@context\":\"https:\/\/schema.org\",\"@graph\":[{\"@type\":\"WebPage\",\"@id\":\"https:\/\/hubsch-interior.com\/da\/vare\/nobly-tojstativ-lysegra\/\",\"url\":\"https:\/\/hubsch-interior.com\/da\/vare\/nobly-tojstativ-lysegra\/\",\"name\":\"Nobly T\u00f8jstativ Lysegr\u00e5 - H\u00fcbsch\",\"isPartOf\":{\"@id\":\"https:\/\/hubsch-interior.com\/da\/#website\"},\"primaryImageOfPage\":{\"@id\":\"https:\/\/hubsch-interior.com\/da\/vare\/nobly-tojstativ-lysegra\/#primaryimage\"},\"image\":{\"@id\":\"https:\/\/hubsch-interior.com\/da\/vare\/nobly-tojstativ-lysegra\/#primaryimage\"},\"thumbnailUrl\":\"https:\/\/hubsch-interior.com\/wp-content\/uploads\/2026\/02\/nobly-clothing-rack-light-grey-6e914761d9f7a53cda1b76105e9f85c6.jpg\",\"datePublished\":\"2026-01-31T04:23:45+00:00\",\"dateModified\":\"2026-04-05T03:24:26+00:00\",\"description\":\"Har du brug for et hjem til dine daglige forn\u00f8denheder? Nobly T\u00f8jstativet i bl\u00f8d lysegr\u00e5 tilbyder en beroligende atmosf\u00e6re, samtidig med at det holder din\",\"breadcrumb\":{\"@id\":\"https:\/\/hubsch-interior.com\/da\/vare\/nobly-tojstativ-lysegra\/#breadcrumb\"},\"inLanguage\":\"da-DK\",\"potentialAction\":[{\"@type\":\"ReadAction\",\"target\":[\"https:\/\/hubsch-interior.com\/da\/vare\/nobly-tojstativ-lysegra\/\"]}]},{\"@type\":\"ImageObject\",\"inLanguage\":\"da-DK\",\"@id\":\"https:\/\/hubsch-interior.com\/da\/vare\/nobly-tojstativ-lysegra\/#primaryimage\",\"url\":\"https:\/\/hubsch-interior.com\/wp-content\/uploads\/2026\/02\/nobly-clothing-rack-light-grey-6e914761d9f7a53cda1b76105e9f85c6.jpg\",\"contentUrl\":\"https:\/\/hubsch-interior.com\/wp-content\/uploads\/2026\/02\/nobly-clothing-rack-light-grey-6e914761d9f7a53cda1b76105e9f85c6.jpg\",\"width\":1024,\"height\":1024},{\"@type\":\"BreadcrumbList\",\"@id\":\"https:\/\/hubsch-interior.com\/da\/vare\/nobly-tojstativ-lysegra\/#breadcrumb\",\"itemListElement\":[{\"@type\":\"ListItem\",\"position\":1,\"name\":\"Forside\",\"item\":\"https:\/\/hubsch-interior.com\/da\/\"},{\"@type\":\"ListItem\",\"position\":2,\"name\":\"Produkter\",\"item\":\"https:\/\/hubsch-interior.com\/da\/produkter\/\"},{\"@type\":\"ListItem\",\"position\":3,\"name\":\"Nobly T\u00f8jstativ Lysegr\u00e5\"}]},{\"@type\":\"WebSite\",\"@id\":\"https:\/\/hubsch-interior.com\/da\/#website\",\"url\":\"https:\/\/hubsch-interior.com\/da\/\",\"name\":\"H\u00fcbsch\",\"description\":\"Danish Home Interior and Design\",\"publisher\":{\"@id\":\"https:\/\/hubsch-interior.com\/da\/#organization\"},\"potentialAction\":[{\"@type\":\"SearchAction\",\"target\":{\"@type\":\"EntryPoint\",\"urlTemplate\":\"https:\/\/hubsch-interior.com\/da\/?s={search_term_string}\"},\"query-input\":{\"@type\":\"PropertyValueSpecification\",\"valueRequired\":true,\"valueName\":\"search_term_string\"}}],\"inLanguage\":\"da-DK\"},{\"@type\":\"Organization\",\"@id\":\"https:\/\/hubsch-interior.com\/da\/#organization\",\"name\":\"H\u00fcbsch\",\"url\":\"https:\/\/hubsch-interior.com\/da\/\",\"logo\":{\"@type\":\"ImageObject\",\"inLanguage\":\"da-DK\",\"@id\":\"https:\/\/hubsch-interior.com\/da\/#\/schema\/logo\/image\/\",\"url\":\"https:\/\/hubsch-interior.com\/wp-content\/uploads\/2022\/12\/Hubsch_logo_black_one_line.svg\",\"contentUrl\":\"https:\/\/hubsch-interior.com\/wp-content\/uploads\/2022\/12\/Hubsch_logo_black_one_line.svg\",\"caption\":\"H\u00fcbsch\"},\"image\":{\"@id\":\"https:\/\/hubsch-interior.com\/da\/#\/schema\/logo\/image\/\"}}]}<\/script>\n<!-- \/ Yoast SEO plugin. -->","yoast_head_json":{"title":"Nobly T\u00f8jstativ Lysegr\u00e5 - H\u00fcbsch","description":"Har du brug for et hjem til dine daglige forn\u00f8denheder? Nobly T\u00f8jstativet i bl\u00f8d lysegr\u00e5 tilbyder en beroligende atmosf\u00e6re, samtidig med at det holder din","robots":{"index":"index","follow":"follow","max-snippet":"max-snippet:-1","max-image-preview":"max-image-preview:large","max-video-preview":"max-video-preview:-1"},"canonical":"https:\/\/hubsch-interior.com\/da\/wp-json\/wp\/v2\/product\/1089071","og_locale":"da_DK","og_type":"article","og_title":"Nobly T\u00f8jstativ Lysegr\u00e5 - H\u00fcbsch","og_description":"Har du brug for et hjem til dine daglige forn\u00f8denheder? Nobly T\u00f8jstativet i bl\u00f8d lysegr\u00e5 tilbyder en beroligende atmosf\u00e6re, samtidig med at det holder din","og_url":"https:\/\/hubsch-interior.com\/da\/vare\/nobly-tojstativ-lysegra\/","og_site_name":"H\u00fcbsch","article_modified_time":"2026-04-05T03:24:26+00:00","og_image":[{"width":1200,"height":1200,"url":"https:\/\/hubsch-interior.com\/wp-content\/uploads\/2026\/01\/nobly-clothing-rack-light-grey-58ae673b97474db82fc5caef3542af5d.jpg","type":"image\/jpeg"}],"twitter_card":"summary_large_image","schema":{"@context":"https:\/\/schema.org","@graph":[{"@type":"WebPage","@id":"https:\/\/hubsch-interior.com\/da\/vare\/nobly-tojstativ-lysegra\/","url":"https:\/\/hubsch-interior.com\/da\/vare\/nobly-tojstativ-lysegra\/","name":"Nobly T\u00f8jstativ Lysegr\u00e5 - H\u00fcbsch","isPartOf":{"@id":"https:\/\/hubsch-interior.com\/da\/#website"},"primaryImageOfPage":{"@id":"https:\/\/hubsch-interior.com\/da\/vare\/nobly-tojstativ-lysegra\/#primaryimage"},"image":{"@id":"https:\/\/hubsch-interior.com\/da\/vare\/nobly-tojstativ-lysegra\/#primaryimage"},"thumbnailUrl":"https:\/\/hubsch-interior.com\/wp-content\/uploads\/2026\/02\/nobly-clothing-rack-light-grey-6e914761d9f7a53cda1b76105e9f85c6.jpg","datePublished":"2026-01-31T04:23:45+00:00","dateModified":"2026-04-05T03:24:26+00:00","description":"Har du brug for et hjem til dine daglige forn\u00f8denheder? Nobly T\u00f8jstativet i bl\u00f8d lysegr\u00e5 tilbyder en beroligende atmosf\u00e6re, samtidig med at det holder din","breadcrumb":{"@id":"https:\/\/hubsch-interior.com\/da\/vare\/nobly-tojstativ-lysegra\/#breadcrumb"},"inLanguage":"da-DK","potentialAction":[{"@type":"ReadAction","target":["https:\/\/hubsch-interior.com\/da\/vare\/nobly-tojstativ-lysegra\/"]}]},{"@type":"ImageObject","inLanguage":"da-DK","@id":"https:\/\/hubsch-interior.com\/da\/vare\/nobly-tojstativ-lysegra\/#primaryimage","url":"https:\/\/hubsch-interior.com\/wp-content\/uploads\/2026\/02\/nobly-clothing-rack-light-grey-6e914761d9f7a53cda1b76105e9f85c6.jpg","contentUrl":"https:\/\/hubsch-interior.com\/wp-content\/uploads\/2026\/02\/nobly-clothing-rack-light-grey-6e914761d9f7a53cda1b76105e9f85c6.jpg","width":1024,"height":1024},{"@type":"BreadcrumbList","@id":"https:\/\/hubsch-interior.com\/da\/vare\/nobly-tojstativ-lysegra\/#breadcrumb","itemListElement":[{"@type":"ListItem","position":1,"name":"Forside","item":"https:\/\/hubsch-interior.com\/da\/"},{"@type":"ListItem","position":2,"name":"Produkter","item":"https:\/\/hubsch-interior.com\/da\/produkter\/"},{"@type":"ListItem","position":3,"name":"Nobly T\u00f8jstativ Lysegr\u00e5"}]},{"@type":"WebSite","@id":"https:\/\/hubsch-interior.com\/da\/#website","url":"https:\/\/hubsch-interior.com\/da\/","name":"H\u00fcbsch","description":"Danish Home Interior and Design","publisher":{"@id":"https:\/\/hubsch-interior.com\/da\/#organization"},"potentialAction":[{"@type":"SearchAction","target":{"@type":"EntryPoint","urlTemplate":"https:\/\/hubsch-interior.com\/da\/?s={search_term_string}"},"query-input":{"@type":"PropertyValueSpecification","valueRequired":true,"valueName":"search_term_string"}}],"inLanguage":"da-DK"},{"@type":"Organization","@id":"https:\/\/hubsch-interior.com\/da\/#organization","name":"H\u00fcbsch","url":"https:\/\/hubsch-interior.com\/da\/","logo":{"@type":"ImageObject","inLanguage":"da-DK","@id":"https:\/\/hubsch-interior.com\/da\/#\/schema\/logo\/image\/","url":"https:\/\/hubsch-interior.com\/wp-content\/uploads\/2022\/12\/Hubsch_logo_black_one_line.svg","contentUrl":"https:\/\/hubsch-interior.com\/wp-content\/uploads\/2022\/12\/Hubsch_logo_black_one_line.svg","caption":"H\u00fcbsch"},"image":{"@id":"https:\/\/hubsch-interior.com\/da\/#\/schema\/logo\/image\/"}}]}},"_links":{"self":[{"href":"https:\/\/hubsch-interior.com\/da\/wp-json\/wp\/v2\/product\/1089071","targetHints":{"allow":["GET"]}}],"collection":[{"href":"https:\/\/hubsch-interior.com\/da\/wp-json\/wp\/v2\/product"}],"about":[{"href":"https:\/\/hubsch-interior.com\/da\/wp-json\/wp\/v2\/types\/product"}],"wp:featuredmedia":[{"embeddable":true,"href":"https:\/\/hubsch-interior.com\/da\/wp-json\/wp\/v2\/media\/1111503"}],"wp:attachment":[{"href":"https:\/\/hubsch-interior.com\/da\/wp-json\/wp\/v2\/media?parent=1089071"}],"wp:term":[{"taxonomy":"product_brand","embeddable":true,"href":"https:\/\/hubsch-interior.com\/da\/wp-json\/wp\/v2\/product_brand?post=1089071"},{"taxonomy":"product_cat","embeddable":true,"href":"https:\/\/hubsch-interior.com\/da\/wp-json\/wp\/v2\/product_cat?post=1089071"},{"taxonomy":"product_tag","embeddable":true,"href":"https:\/\/hubsch-interior.com\/da\/wp-json\/wp\/v2\/product_tag?post=1089071"}],"curies":[{"name":"wp","href":"https:\/\/api.w.org\/{rel}","templated":true}]}}