{"id":1089091,"date":"2026-01-31T05:23:58","date_gmt":"2026-01-31T04:23:58","guid":{"rendered":"https:\/\/hubsch-interior.com\/product\/product\/"},"modified":"2026-04-05T05:24:31","modified_gmt":"2026-04-05T03:24:31","slug":"ays-rullebord-morkebla","status":"publish","type":"product","link":"https:\/\/hubsch-interior.com\/da\/vare\/ays-rullebord-morkebla\/","title":{"rendered":"Ays Rullebord M\u00f8rkebl\u00e5"},"content":{"rendered":"<p>Har du brug for en hj\u00e6lper, der f\u00f8lger med dig? Ays Rullebord i dyb m\u00f8rkebl\u00e5 bringer b\u00e5de funktion og flair til dit rum, med en ren silhuet og glidende hjul, der g\u00f8r hverdagen lidt lettere. Brug det som et stilfuldt bartable til underholdning eller til at have hverdagens n\u00f8dvendigheder smukt inden for r\u00e6kkevidde. Dens m\u00f8rke, elegante tone tilf\u00f8jer en raffineret kontrast til lysere interi\u00f8rer \u2013 eller smelter harmonisk sammen i dystre, minimalistiske rum. En fleksibel favorit, der ruller med din rytme.<\/p>\n","protected":false},"excerpt":{"rendered":"<p>Har du brug for en hj\u00e6lper, der f\u00f8lger med dig? Ays Rullebord i dyb m\u00f8rkebl\u00e5 bringer b\u00e5de funktion og flair til dit rum, med en ren silhuet og glidende hjul, der g\u00f8r hverdagen lidt lettere. Brug det som et stilfuldt bartable til underholdning eller til at have hverdagens n\u00f8dvendigheder smukt inden for r\u00e6kkevidde. Dens m\u00f8rke, [&hellip;]<\/p>\n","protected":false},"featured_media":1113856,"template":"","meta":{"_acf_changed":false,"inline_featured_image":false},"product_brand":[],"product_cat":[7153,2857,6358,5045],"product_tag":[],"class_list":{"0":"post-1089091","1":"product","2":"type-product","3":"status-publish","4":"has-post-thumbnail","6":"product_cat-dweller-da","7":"product_cat-borde-da","8":"product_cat-rulleborde-da","9":"product_cat-nyheder-da","10":"product_shipping_class-pk","12":"pa_color-mrkebl","13":"pa_material-jern-da","15":"first","16":"instock","17":"taxable","18":"shipping-taxable","19":"purchasable","20":"product-type-simple"},"exclude_global_add_ons":[],"addons":[],"acf":[],"yoast_head":"<!-- This site is optimized with the Yoast SEO plugin v26.4 - https:\/\/yoast.com\/wordpress\/plugins\/seo\/ -->\n<title>Ays Rullebord M\u00f8rkebl\u00e5 - H\u00fcbsch<\/title>\n<meta name=\"description\" content=\"Har du brug for en hj\u00e6lper, der f\u00f8lger med dig? Ays Rullebord i dyb m\u00f8rkebl\u00e5 bringer b\u00e5de funktion og flair til dit rum, med en ren silhuet og glidende\" \/>\n<meta name=\"robots\" content=\"index, follow, max-snippet:-1, max-image-preview:large, max-video-preview:-1\" \/>\n<link rel=\"canonical\" href=\"https:\/\/hubsch-interior.com\/da\/wp-json\/wp\/v2\/product\/1089091\" \/>\n<meta property=\"og:locale\" content=\"da_DK\" \/>\n<meta property=\"og:type\" content=\"article\" \/>\n<meta property=\"og:title\" content=\"Ays Rullebord M\u00f8rkebl\u00e5 - H\u00fcbsch\" \/>\n<meta property=\"og:description\" content=\"Har du brug for en hj\u00e6lper, der f\u00f8lger med dig? Ays Rullebord i dyb m\u00f8rkebl\u00e5 bringer b\u00e5de funktion og flair til dit rum, med en ren silhuet og glidende\" \/>\n<meta property=\"og:url\" content=\"https:\/\/hubsch-interior.com\/da\/vare\/ays-rullebord-morkebla\/\" \/>\n<meta property=\"og:site_name\" content=\"H\u00fcbsch\" \/>\n<meta property=\"article:modified_time\" content=\"2026-04-05T03:24:31+00:00\" \/>\n<meta property=\"og:image\" content=\"https:\/\/hubsch-interior.com\/wp-content\/uploads\/2026\/01\/ays-trolley-dark-blue-ec8c5e019926967d7db3214b64bf914f.jpg\" \/>\n\t<meta property=\"og:image:width\" content=\"1200\" \/>\n\t<meta property=\"og:image:height\" content=\"1200\" \/>\n\t<meta property=\"og:image:type\" content=\"image\/jpeg\" \/>\n<meta name=\"twitter:card\" content=\"summary_large_image\" \/>\n<script type=\"application\/ld+json\" class=\"yoast-schema-graph\">{\"@context\":\"https:\/\/schema.org\",\"@graph\":[{\"@type\":\"WebPage\",\"@id\":\"https:\/\/hubsch-interior.com\/da\/vare\/ays-rullebord-morkebla\/\",\"url\":\"https:\/\/hubsch-interior.com\/da\/vare\/ays-rullebord-morkebla\/\",\"name\":\"Ays Rullebord M\u00f8rkebl\u00e5 - H\u00fcbsch\",\"isPartOf\":{\"@id\":\"https:\/\/hubsch-interior.com\/da\/#website\"},\"primaryImageOfPage\":{\"@id\":\"https:\/\/hubsch-interior.com\/da\/vare\/ays-rullebord-morkebla\/#primaryimage\"},\"image\":{\"@id\":\"https:\/\/hubsch-interior.com\/da\/vare\/ays-rullebord-morkebla\/#primaryimage\"},\"thumbnailUrl\":\"https:\/\/hubsch-interior.com\/wp-content\/uploads\/2026\/02\/ays-trolley-dark-blue-5d809d4a15972293d2fc165ace4f26b5.jpg\",\"datePublished\":\"2026-01-31T04:23:58+00:00\",\"dateModified\":\"2026-04-05T03:24:31+00:00\",\"description\":\"Har du brug for en hj\u00e6lper, der f\u00f8lger med dig? Ays Rullebord i dyb m\u00f8rkebl\u00e5 bringer b\u00e5de funktion og flair til dit rum, med en ren silhuet og glidende\",\"breadcrumb\":{\"@id\":\"https:\/\/hubsch-interior.com\/da\/vare\/ays-rullebord-morkebla\/#breadcrumb\"},\"inLanguage\":\"da-DK\",\"potentialAction\":[{\"@type\":\"ReadAction\",\"target\":[\"https:\/\/hubsch-interior.com\/da\/vare\/ays-rullebord-morkebla\/\"]}]},{\"@type\":\"ImageObject\",\"inLanguage\":\"da-DK\",\"@id\":\"https:\/\/hubsch-interior.com\/da\/vare\/ays-rullebord-morkebla\/#primaryimage\",\"url\":\"https:\/\/hubsch-interior.com\/wp-content\/uploads\/2026\/02\/ays-trolley-dark-blue-5d809d4a15972293d2fc165ace4f26b5.jpg\",\"contentUrl\":\"https:\/\/hubsch-interior.com\/wp-content\/uploads\/2026\/02\/ays-trolley-dark-blue-5d809d4a15972293d2fc165ace4f26b5.jpg\",\"width\":1024,\"height\":1024},{\"@type\":\"BreadcrumbList\",\"@id\":\"https:\/\/hubsch-interior.com\/da\/vare\/ays-rullebord-morkebla\/#breadcrumb\",\"itemListElement\":[{\"@type\":\"ListItem\",\"position\":1,\"name\":\"Forside\",\"item\":\"https:\/\/hubsch-interior.com\/da\/\"},{\"@type\":\"ListItem\",\"position\":2,\"name\":\"Produkter\",\"item\":\"https:\/\/hubsch-interior.com\/da\/produkter\/\"},{\"@type\":\"ListItem\",\"position\":3,\"name\":\"Ays Rullebord M\u00f8rkebl\u00e5\"}]},{\"@type\":\"WebSite\",\"@id\":\"https:\/\/hubsch-interior.com\/da\/#website\",\"url\":\"https:\/\/hubsch-interior.com\/da\/\",\"name\":\"H\u00fcbsch\",\"description\":\"Danish Home Interior and Design\",\"publisher\":{\"@id\":\"https:\/\/hubsch-interior.com\/da\/#organization\"},\"potentialAction\":[{\"@type\":\"SearchAction\",\"target\":{\"@type\":\"EntryPoint\",\"urlTemplate\":\"https:\/\/hubsch-interior.com\/da\/?s={search_term_string}\"},\"query-input\":{\"@type\":\"PropertyValueSpecification\",\"valueRequired\":true,\"valueName\":\"search_term_string\"}}],\"inLanguage\":\"da-DK\"},{\"@type\":\"Organization\",\"@id\":\"https:\/\/hubsch-interior.com\/da\/#organization\",\"name\":\"H\u00fcbsch\",\"url\":\"https:\/\/hubsch-interior.com\/da\/\",\"logo\":{\"@type\":\"ImageObject\",\"inLanguage\":\"da-DK\",\"@id\":\"https:\/\/hubsch-interior.com\/da\/#\/schema\/logo\/image\/\",\"url\":\"https:\/\/hubsch-interior.com\/wp-content\/uploads\/2022\/12\/Hubsch_logo_black_one_line.svg\",\"contentUrl\":\"https:\/\/hubsch-interior.com\/wp-content\/uploads\/2022\/12\/Hubsch_logo_black_one_line.svg\",\"caption\":\"H\u00fcbsch\"},\"image\":{\"@id\":\"https:\/\/hubsch-interior.com\/da\/#\/schema\/logo\/image\/\"}}]}<\/script>\n<!-- \/ Yoast SEO plugin. -->","yoast_head_json":{"title":"Ays Rullebord M\u00f8rkebl\u00e5 - H\u00fcbsch","description":"Har du brug for en hj\u00e6lper, der f\u00f8lger med dig? Ays Rullebord i dyb m\u00f8rkebl\u00e5 bringer b\u00e5de funktion og flair til dit rum, med en ren silhuet og glidende","robots":{"index":"index","follow":"follow","max-snippet":"max-snippet:-1","max-image-preview":"max-image-preview:large","max-video-preview":"max-video-preview:-1"},"canonical":"https:\/\/hubsch-interior.com\/da\/wp-json\/wp\/v2\/product\/1089091","og_locale":"da_DK","og_type":"article","og_title":"Ays Rullebord M\u00f8rkebl\u00e5 - H\u00fcbsch","og_description":"Har du brug for en hj\u00e6lper, der f\u00f8lger med dig? Ays Rullebord i dyb m\u00f8rkebl\u00e5 bringer b\u00e5de funktion og flair til dit rum, med en ren silhuet og glidende","og_url":"https:\/\/hubsch-interior.com\/da\/vare\/ays-rullebord-morkebla\/","og_site_name":"H\u00fcbsch","article_modified_time":"2026-04-05T03:24:31+00:00","og_image":[{"width":1200,"height":1200,"url":"https:\/\/hubsch-interior.com\/wp-content\/uploads\/2026\/01\/ays-trolley-dark-blue-ec8c5e019926967d7db3214b64bf914f.jpg","type":"image\/jpeg"}],"twitter_card":"summary_large_image","schema":{"@context":"https:\/\/schema.org","@graph":[{"@type":"WebPage","@id":"https:\/\/hubsch-interior.com\/da\/vare\/ays-rullebord-morkebla\/","url":"https:\/\/hubsch-interior.com\/da\/vare\/ays-rullebord-morkebla\/","name":"Ays Rullebord M\u00f8rkebl\u00e5 - H\u00fcbsch","isPartOf":{"@id":"https:\/\/hubsch-interior.com\/da\/#website"},"primaryImageOfPage":{"@id":"https:\/\/hubsch-interior.com\/da\/vare\/ays-rullebord-morkebla\/#primaryimage"},"image":{"@id":"https:\/\/hubsch-interior.com\/da\/vare\/ays-rullebord-morkebla\/#primaryimage"},"thumbnailUrl":"https:\/\/hubsch-interior.com\/wp-content\/uploads\/2026\/02\/ays-trolley-dark-blue-5d809d4a15972293d2fc165ace4f26b5.jpg","datePublished":"2026-01-31T04:23:58+00:00","dateModified":"2026-04-05T03:24:31+00:00","description":"Har du brug for en hj\u00e6lper, der f\u00f8lger med dig? Ays Rullebord i dyb m\u00f8rkebl\u00e5 bringer b\u00e5de funktion og flair til dit rum, med en ren silhuet og glidende","breadcrumb":{"@id":"https:\/\/hubsch-interior.com\/da\/vare\/ays-rullebord-morkebla\/#breadcrumb"},"inLanguage":"da-DK","potentialAction":[{"@type":"ReadAction","target":["https:\/\/hubsch-interior.com\/da\/vare\/ays-rullebord-morkebla\/"]}]},{"@type":"ImageObject","inLanguage":"da-DK","@id":"https:\/\/hubsch-interior.com\/da\/vare\/ays-rullebord-morkebla\/#primaryimage","url":"https:\/\/hubsch-interior.com\/wp-content\/uploads\/2026\/02\/ays-trolley-dark-blue-5d809d4a15972293d2fc165ace4f26b5.jpg","contentUrl":"https:\/\/hubsch-interior.com\/wp-content\/uploads\/2026\/02\/ays-trolley-dark-blue-5d809d4a15972293d2fc165ace4f26b5.jpg","width":1024,"height":1024},{"@type":"BreadcrumbList","@id":"https:\/\/hubsch-interior.com\/da\/vare\/ays-rullebord-morkebla\/#breadcrumb","itemListElement":[{"@type":"ListItem","position":1,"name":"Forside","item":"https:\/\/hubsch-interior.com\/da\/"},{"@type":"ListItem","position":2,"name":"Produkter","item":"https:\/\/hubsch-interior.com\/da\/produkter\/"},{"@type":"ListItem","position":3,"name":"Ays Rullebord M\u00f8rkebl\u00e5"}]},{"@type":"WebSite","@id":"https:\/\/hubsch-interior.com\/da\/#website","url":"https:\/\/hubsch-interior.com\/da\/","name":"H\u00fcbsch","description":"Danish Home Interior and Design","publisher":{"@id":"https:\/\/hubsch-interior.com\/da\/#organization"},"potentialAction":[{"@type":"SearchAction","target":{"@type":"EntryPoint","urlTemplate":"https:\/\/hubsch-interior.com\/da\/?s={search_term_string}"},"query-input":{"@type":"PropertyValueSpecification","valueRequired":true,"valueName":"search_term_string"}}],"inLanguage":"da-DK"},{"@type":"Organization","@id":"https:\/\/hubsch-interior.com\/da\/#organization","name":"H\u00fcbsch","url":"https:\/\/hubsch-interior.com\/da\/","logo":{"@type":"ImageObject","inLanguage":"da-DK","@id":"https:\/\/hubsch-interior.com\/da\/#\/schema\/logo\/image\/","url":"https:\/\/hubsch-interior.com\/wp-content\/uploads\/2022\/12\/Hubsch_logo_black_one_line.svg","contentUrl":"https:\/\/hubsch-interior.com\/wp-content\/uploads\/2022\/12\/Hubsch_logo_black_one_line.svg","caption":"H\u00fcbsch"},"image":{"@id":"https:\/\/hubsch-interior.com\/da\/#\/schema\/logo\/image\/"}}]}},"_links":{"self":[{"href":"https:\/\/hubsch-interior.com\/da\/wp-json\/wp\/v2\/product\/1089091","targetHints":{"allow":["GET"]}}],"collection":[{"href":"https:\/\/hubsch-interior.com\/da\/wp-json\/wp\/v2\/product"}],"about":[{"href":"https:\/\/hubsch-interior.com\/da\/wp-json\/wp\/v2\/types\/product"}],"wp:featuredmedia":[{"embeddable":true,"href":"https:\/\/hubsch-interior.com\/da\/wp-json\/wp\/v2\/media\/1113856"}],"wp:attachment":[{"href":"https:\/\/hubsch-interior.com\/da\/wp-json\/wp\/v2\/media?parent=1089091"}],"wp:term":[{"taxonomy":"product_brand","embeddable":true,"href":"https:\/\/hubsch-interior.com\/da\/wp-json\/wp\/v2\/product_brand?post=1089091"},{"taxonomy":"product_cat","embeddable":true,"href":"https:\/\/hubsch-interior.com\/da\/wp-json\/wp\/v2\/product_cat?post=1089091"},{"taxonomy":"product_tag","embeddable":true,"href":"https:\/\/hubsch-interior.com\/da\/wp-json\/wp\/v2\/product_tag?post=1089091"}],"curies":[{"name":"wp","href":"https:\/\/api.w.org\/{rel}","templated":true}]}}