{"id":1089135,"date":"2026-01-31T05:24:24","date_gmt":"2026-01-31T04:24:24","guid":{"rendered":"https:\/\/hubsch-interior.com\/product\/product\/"},"modified":"2026-04-06T05:18:18","modified_gmt":"2026-04-06T03:18:18","slug":"two-lysestage-gul","status":"publish","type":"product","link":"https:\/\/hubsch-interior.com\/da\/vare\/two-lysestage-gul\/","title":{"rendered":"Two Lysestage Gul"},"content":{"rendered":"<p>Lad dit lys skinne med et solrigt twist. Den multifunktionelle Two Lysestage i en glad gul farve tilf\u00f8rer lys og gl\u00e6de til enhver sammenh\u00e6ng \u2014 uanset om du lyser op til en livlig middag eller slapper af i roligt selskab. Vend den om for at passe til enten et stagelys eller et fyrfadslys, og lad gl\u00f8den afspejle dit hum\u00f8r. Kombin\u00e9r med andre farver for et livligt, lagdelt display. Med sin skulpturelle form og str\u00e5lende nuance tilf\u00f8jer denne lysestage et legesygt pift og gyldent sk\u00e6r til dine daglige ritualer.<\/p>\n","protected":false},"excerpt":{"rendered":"<p>Lad dit lys skinne med et solrigt twist. Den multifunktionelle Two Lysestage i en glad gul farve tilf\u00f8rer lys og gl\u00e6de til enhver sammenh\u00e6ng \u2014 uanset om du lyser op til en livlig middag eller slapper af i roligt selskab. Vend den om for at passe til enten et stagelys eller et fyrfadslys, og lad [&hellip;]<\/p>\n","protected":false},"featured_media":1111559,"template":"","meta":{"_acf_changed":false,"inline_featured_image":false},"product_brand":[],"product_cat":[7153,6970,4063,4064,5045,6517],"product_tag":[],"class_list":{"0":"post-1089135","1":"product","2":"type-product","3":"status-publish","4":"has-post-thumbnail","6":"product_cat-dweller-da","7":"product_cat-paaskeudsalg","8":"product_cat-lysestager-lanterner-da","9":"product_cat-lysestager-da","10":"product_cat-nyheder-da","11":"product_cat-outlet-da","12":"product_shipping_class-pk","14":"pa_color-gul","16":"first","17":"instock","18":"sale","19":"taxable","20":"shipping-taxable","21":"purchasable","22":"product-type-simple"},"exclude_global_add_ons":[],"addons":[],"acf":[],"yoast_head":"<!-- This site is optimized with the Yoast SEO plugin v26.4 - https:\/\/yoast.com\/wordpress\/plugins\/seo\/ -->\n<title>Two Lysestage Gul - H\u00fcbsch<\/title>\n<meta name=\"description\" content=\"Lad dit lys skinne med et solrigt twist. Den multifunktionelle Two Lysestage i en glad gul farve tilf\u00f8rer lys og gl\u00e6de til enhver sammenh\u00e6ng \u2014 uanset om\" \/>\n<meta name=\"robots\" content=\"index, follow, max-snippet:-1, max-image-preview:large, max-video-preview:-1\" \/>\n<link rel=\"canonical\" href=\"https:\/\/hubsch-interior.com\/da\/wp-json\/wp\/v2\/product\/1089135\" \/>\n<meta property=\"og:locale\" content=\"da_DK\" \/>\n<meta property=\"og:type\" content=\"article\" \/>\n<meta property=\"og:title\" content=\"Two Lysestage Gul - H\u00fcbsch\" \/>\n<meta property=\"og:description\" content=\"Lad dit lys skinne med et solrigt twist. Den multifunktionelle Two Lysestage i en glad gul farve tilf\u00f8rer lys og gl\u00e6de til enhver sammenh\u00e6ng \u2014 uanset om\" \/>\n<meta property=\"og:url\" content=\"https:\/\/hubsch-interior.com\/da\/vare\/two-lysestage-gul\/\" \/>\n<meta property=\"og:site_name\" content=\"H\u00fcbsch\" \/>\n<meta property=\"article:modified_time\" content=\"2026-04-06T03:18:18+00:00\" \/>\n<meta property=\"og:image\" content=\"https:\/\/hubsch-interior.com\/wp-content\/uploads\/2026\/01\/two-candleholder-yellow-f316ed6e6a3c48cfb996932ab41e4f98.jpg\" \/>\n\t<meta property=\"og:image:width\" content=\"1200\" \/>\n\t<meta property=\"og:image:height\" content=\"1200\" \/>\n\t<meta property=\"og:image:type\" content=\"image\/jpeg\" \/>\n<meta name=\"twitter:card\" content=\"summary_large_image\" \/>\n<script type=\"application\/ld+json\" class=\"yoast-schema-graph\">{\"@context\":\"https:\/\/schema.org\",\"@graph\":[{\"@type\":\"WebPage\",\"@id\":\"https:\/\/hubsch-interior.com\/da\/vare\/two-lysestage-gul\/\",\"url\":\"https:\/\/hubsch-interior.com\/da\/vare\/two-lysestage-gul\/\",\"name\":\"Two Lysestage Gul - H\u00fcbsch\",\"isPartOf\":{\"@id\":\"https:\/\/hubsch-interior.com\/da\/#website\"},\"primaryImageOfPage\":{\"@id\":\"https:\/\/hubsch-interior.com\/da\/vare\/two-lysestage-gul\/#primaryimage\"},\"image\":{\"@id\":\"https:\/\/hubsch-interior.com\/da\/vare\/two-lysestage-gul\/#primaryimage\"},\"thumbnailUrl\":\"https:\/\/hubsch-interior.com\/wp-content\/uploads\/2026\/02\/two-candleholder-yellow-ccdc1defc3a4253161b8a638726b30d3.jpg\",\"datePublished\":\"2026-01-31T04:24:24+00:00\",\"dateModified\":\"2026-04-06T03:18:18+00:00\",\"description\":\"Lad dit lys skinne med et solrigt twist. Den multifunktionelle Two Lysestage i en glad gul farve tilf\u00f8rer lys og gl\u00e6de til enhver sammenh\u00e6ng \u2014 uanset om\",\"breadcrumb\":{\"@id\":\"https:\/\/hubsch-interior.com\/da\/vare\/two-lysestage-gul\/#breadcrumb\"},\"inLanguage\":\"da-DK\",\"potentialAction\":[{\"@type\":\"ReadAction\",\"target\":[\"https:\/\/hubsch-interior.com\/da\/vare\/two-lysestage-gul\/\"]}]},{\"@type\":\"ImageObject\",\"inLanguage\":\"da-DK\",\"@id\":\"https:\/\/hubsch-interior.com\/da\/vare\/two-lysestage-gul\/#primaryimage\",\"url\":\"https:\/\/hubsch-interior.com\/wp-content\/uploads\/2026\/02\/two-candleholder-yellow-ccdc1defc3a4253161b8a638726b30d3.jpg\",\"contentUrl\":\"https:\/\/hubsch-interior.com\/wp-content\/uploads\/2026\/02\/two-candleholder-yellow-ccdc1defc3a4253161b8a638726b30d3.jpg\",\"width\":1024,\"height\":1024},{\"@type\":\"BreadcrumbList\",\"@id\":\"https:\/\/hubsch-interior.com\/da\/vare\/two-lysestage-gul\/#breadcrumb\",\"itemListElement\":[{\"@type\":\"ListItem\",\"position\":1,\"name\":\"Forside\",\"item\":\"https:\/\/hubsch-interior.com\/da\/\"},{\"@type\":\"ListItem\",\"position\":2,\"name\":\"Produkter\",\"item\":\"https:\/\/hubsch-interior.com\/da\/produkter\/\"},{\"@type\":\"ListItem\",\"position\":3,\"name\":\"Boligtilbeh\u00f8r\",\"item\":\"https:\/\/hubsch-interior.com\/da\/vare-kategori\/boligtilbehor\/\"},{\"@type\":\"ListItem\",\"position\":4,\"name\":\"Lysestager &amp; Lanterner\",\"item\":\"https:\/\/hubsch-interior.com\/da\/vare-kategori\/boligtilbehor\/lysestager-lanterner-da\/\"},{\"@type\":\"ListItem\",\"position\":5,\"name\":\"Lysestager\",\"item\":\"https:\/\/hubsch-interior.com\/da\/vare-kategori\/boligtilbehor\/lysestager-lanterner-da\/lysestager-da\/\"},{\"@type\":\"ListItem\",\"position\":6,\"name\":\"Two Lysestage Gul\"}]},{\"@type\":\"WebSite\",\"@id\":\"https:\/\/hubsch-interior.com\/da\/#website\",\"url\":\"https:\/\/hubsch-interior.com\/da\/\",\"name\":\"H\u00fcbsch\",\"description\":\"Danish Home Interior and Design\",\"publisher\":{\"@id\":\"https:\/\/hubsch-interior.com\/da\/#organization\"},\"potentialAction\":[{\"@type\":\"SearchAction\",\"target\":{\"@type\":\"EntryPoint\",\"urlTemplate\":\"https:\/\/hubsch-interior.com\/da\/?s={search_term_string}\"},\"query-input\":{\"@type\":\"PropertyValueSpecification\",\"valueRequired\":true,\"valueName\":\"search_term_string\"}}],\"inLanguage\":\"da-DK\"},{\"@type\":\"Organization\",\"@id\":\"https:\/\/hubsch-interior.com\/da\/#organization\",\"name\":\"H\u00fcbsch\",\"url\":\"https:\/\/hubsch-interior.com\/da\/\",\"logo\":{\"@type\":\"ImageObject\",\"inLanguage\":\"da-DK\",\"@id\":\"https:\/\/hubsch-interior.com\/da\/#\/schema\/logo\/image\/\",\"url\":\"https:\/\/hubsch-interior.com\/wp-content\/uploads\/2022\/12\/Hubsch_logo_black_one_line.svg\",\"contentUrl\":\"https:\/\/hubsch-interior.com\/wp-content\/uploads\/2022\/12\/Hubsch_logo_black_one_line.svg\",\"caption\":\"H\u00fcbsch\"},\"image\":{\"@id\":\"https:\/\/hubsch-interior.com\/da\/#\/schema\/logo\/image\/\"}}]}<\/script>\n<!-- \/ Yoast SEO plugin. -->","yoast_head_json":{"title":"Two Lysestage Gul - H\u00fcbsch","description":"Lad dit lys skinne med et solrigt twist. Den multifunktionelle Two Lysestage i en glad gul farve tilf\u00f8rer lys og gl\u00e6de til enhver sammenh\u00e6ng \u2014 uanset om","robots":{"index":"index","follow":"follow","max-snippet":"max-snippet:-1","max-image-preview":"max-image-preview:large","max-video-preview":"max-video-preview:-1"},"canonical":"https:\/\/hubsch-interior.com\/da\/wp-json\/wp\/v2\/product\/1089135","og_locale":"da_DK","og_type":"article","og_title":"Two Lysestage Gul - H\u00fcbsch","og_description":"Lad dit lys skinne med et solrigt twist. Den multifunktionelle Two Lysestage i en glad gul farve tilf\u00f8rer lys og gl\u00e6de til enhver sammenh\u00e6ng \u2014 uanset om","og_url":"https:\/\/hubsch-interior.com\/da\/vare\/two-lysestage-gul\/","og_site_name":"H\u00fcbsch","article_modified_time":"2026-04-06T03:18:18+00:00","og_image":[{"width":1200,"height":1200,"url":"https:\/\/hubsch-interior.com\/wp-content\/uploads\/2026\/01\/two-candleholder-yellow-f316ed6e6a3c48cfb996932ab41e4f98.jpg","type":"image\/jpeg"}],"twitter_card":"summary_large_image","schema":{"@context":"https:\/\/schema.org","@graph":[{"@type":"WebPage","@id":"https:\/\/hubsch-interior.com\/da\/vare\/two-lysestage-gul\/","url":"https:\/\/hubsch-interior.com\/da\/vare\/two-lysestage-gul\/","name":"Two Lysestage Gul - H\u00fcbsch","isPartOf":{"@id":"https:\/\/hubsch-interior.com\/da\/#website"},"primaryImageOfPage":{"@id":"https:\/\/hubsch-interior.com\/da\/vare\/two-lysestage-gul\/#primaryimage"},"image":{"@id":"https:\/\/hubsch-interior.com\/da\/vare\/two-lysestage-gul\/#primaryimage"},"thumbnailUrl":"https:\/\/hubsch-interior.com\/wp-content\/uploads\/2026\/02\/two-candleholder-yellow-ccdc1defc3a4253161b8a638726b30d3.jpg","datePublished":"2026-01-31T04:24:24+00:00","dateModified":"2026-04-06T03:18:18+00:00","description":"Lad dit lys skinne med et solrigt twist. Den multifunktionelle Two Lysestage i en glad gul farve tilf\u00f8rer lys og gl\u00e6de til enhver sammenh\u00e6ng \u2014 uanset om","breadcrumb":{"@id":"https:\/\/hubsch-interior.com\/da\/vare\/two-lysestage-gul\/#breadcrumb"},"inLanguage":"da-DK","potentialAction":[{"@type":"ReadAction","target":["https:\/\/hubsch-interior.com\/da\/vare\/two-lysestage-gul\/"]}]},{"@type":"ImageObject","inLanguage":"da-DK","@id":"https:\/\/hubsch-interior.com\/da\/vare\/two-lysestage-gul\/#primaryimage","url":"https:\/\/hubsch-interior.com\/wp-content\/uploads\/2026\/02\/two-candleholder-yellow-ccdc1defc3a4253161b8a638726b30d3.jpg","contentUrl":"https:\/\/hubsch-interior.com\/wp-content\/uploads\/2026\/02\/two-candleholder-yellow-ccdc1defc3a4253161b8a638726b30d3.jpg","width":1024,"height":1024},{"@type":"BreadcrumbList","@id":"https:\/\/hubsch-interior.com\/da\/vare\/two-lysestage-gul\/#breadcrumb","itemListElement":[{"@type":"ListItem","position":1,"name":"Forside","item":"https:\/\/hubsch-interior.com\/da\/"},{"@type":"ListItem","position":2,"name":"Produkter","item":"https:\/\/hubsch-interior.com\/da\/produkter\/"},{"@type":"ListItem","position":3,"name":"Boligtilbeh\u00f8r","item":"https:\/\/hubsch-interior.com\/da\/vare-kategori\/boligtilbehor\/"},{"@type":"ListItem","position":4,"name":"Lysestager &amp; Lanterner","item":"https:\/\/hubsch-interior.com\/da\/vare-kategori\/boligtilbehor\/lysestager-lanterner-da\/"},{"@type":"ListItem","position":5,"name":"Lysestager","item":"https:\/\/hubsch-interior.com\/da\/vare-kategori\/boligtilbehor\/lysestager-lanterner-da\/lysestager-da\/"},{"@type":"ListItem","position":6,"name":"Two Lysestage Gul"}]},{"@type":"WebSite","@id":"https:\/\/hubsch-interior.com\/da\/#website","url":"https:\/\/hubsch-interior.com\/da\/","name":"H\u00fcbsch","description":"Danish Home Interior and Design","publisher":{"@id":"https:\/\/hubsch-interior.com\/da\/#organization"},"potentialAction":[{"@type":"SearchAction","target":{"@type":"EntryPoint","urlTemplate":"https:\/\/hubsch-interior.com\/da\/?s={search_term_string}"},"query-input":{"@type":"PropertyValueSpecification","valueRequired":true,"valueName":"search_term_string"}}],"inLanguage":"da-DK"},{"@type":"Organization","@id":"https:\/\/hubsch-interior.com\/da\/#organization","name":"H\u00fcbsch","url":"https:\/\/hubsch-interior.com\/da\/","logo":{"@type":"ImageObject","inLanguage":"da-DK","@id":"https:\/\/hubsch-interior.com\/da\/#\/schema\/logo\/image\/","url":"https:\/\/hubsch-interior.com\/wp-content\/uploads\/2022\/12\/Hubsch_logo_black_one_line.svg","contentUrl":"https:\/\/hubsch-interior.com\/wp-content\/uploads\/2022\/12\/Hubsch_logo_black_one_line.svg","caption":"H\u00fcbsch"},"image":{"@id":"https:\/\/hubsch-interior.com\/da\/#\/schema\/logo\/image\/"}}]}},"_links":{"self":[{"href":"https:\/\/hubsch-interior.com\/da\/wp-json\/wp\/v2\/product\/1089135","targetHints":{"allow":["GET"]}}],"collection":[{"href":"https:\/\/hubsch-interior.com\/da\/wp-json\/wp\/v2\/product"}],"about":[{"href":"https:\/\/hubsch-interior.com\/da\/wp-json\/wp\/v2\/types\/product"}],"wp:featuredmedia":[{"embeddable":true,"href":"https:\/\/hubsch-interior.com\/da\/wp-json\/wp\/v2\/media\/1111559"}],"wp:attachment":[{"href":"https:\/\/hubsch-interior.com\/da\/wp-json\/wp\/v2\/media?parent=1089135"}],"wp:term":[{"taxonomy":"product_brand","embeddable":true,"href":"https:\/\/hubsch-interior.com\/da\/wp-json\/wp\/v2\/product_brand?post=1089135"},{"taxonomy":"product_cat","embeddable":true,"href":"https:\/\/hubsch-interior.com\/da\/wp-json\/wp\/v2\/product_cat?post=1089135"},{"taxonomy":"product_tag","embeddable":true,"href":"https:\/\/hubsch-interior.com\/da\/wp-json\/wp\/v2\/product_tag?post=1089135"}],"curies":[{"name":"wp","href":"https:\/\/api.w.org\/{rel}","templated":true}]}}