{"id":1089155,"date":"2026-01-31T05:24:37","date_gmt":"2026-01-31T04:24:37","guid":{"rendered":"https:\/\/hubsch-interior.com\/product\/product\/"},"modified":"2026-04-05T05:24:42","modified_gmt":"2026-04-05T03:24:42","slug":"kanso-opbevaringskasse-flerfarvet-saet-af-3","status":"publish","type":"product","link":"https:\/\/hubsch-interior.com\/da\/vare\/kanso-opbevaringskasse-flerfarvet-saet-af-3\/","title":{"rendered":"Kanso Opbevaringskasse \u00a0Flerfarvet (s\u00e6t af 3)"},"content":{"rendered":"<p>Et farverigt trio designet til smukt at rydde op. S\u00e6ttet Kanso Opbevaringskasse best\u00e5r af tre flerfarvede kasser designet til stilfuldt at gemme dine daglige n\u00f8dvendigheder. Fra sm\u00e5 minder til tilf\u00e6ldige sm\u00e5ting, hver kasse tilbyder den perfekte blanding af funktionalitet og flair. Omhyggeligt h\u00e5ndv\u00e6rket og designet til at kunne stables, lyser de op p\u00e5 enhver hylde eller overflade, mens organisering f\u00f8les som en kreativ handling. Fordi selv de mindste ting fortjener et smukt sted at h\u00f8re til.<\/p>\n","protected":false},"excerpt":{"rendered":"<p>Et farverigt trio designet til smukt at rydde op. S\u00e6ttet Kanso Opbevaringskasse best\u00e5r af tre flerfarvede kasser designet til stilfuldt at gemme dine daglige n\u00f8dvendigheder. Fra sm\u00e5 minder til tilf\u00e6ldige sm\u00e5ting, hver kasse tilbyder den perfekte blanding af funktionalitet og flair. Omhyggeligt h\u00e5ndv\u00e6rket og designet til at kunne stables, lyser de op p\u00e5 enhver hylde [&hellip;]<\/p>\n","protected":false},"featured_media":1111575,"template":"","meta":{"_acf_changed":false,"inline_featured_image":false},"product_brand":[],"product_cat":[7153,4151,4959,5045],"product_tag":[],"class_list":{"0":"post-1089155","1":"product","2":"type-product","3":"status-publish","4":"has-post-thumbnail","6":"product_cat-dweller-da","7":"product_cat-kontor-da","8":"product_cat-opbevaringskasser-da","9":"product_cat-nyheder-da","10":"product_shipping_class-pk","12":"pa_color-flerfarvet-2","14":"first","15":"instock","16":"taxable","17":"shipping-taxable","18":"purchasable","19":"product-type-simple"},"exclude_global_add_ons":[],"addons":[],"acf":[],"yoast_head":"<!-- This site is optimized with the Yoast SEO plugin v26.4 - https:\/\/yoast.com\/wordpress\/plugins\/seo\/ -->\n<title>Kanso Opbevaringskasse \u00a0Flerfarvet (s\u00e6t af 3) - H\u00fcbsch<\/title>\n<meta name=\"description\" content=\"Et farverigt trio designet til smukt at rydde op. S\u00e6ttet Kanso Opbevaringskasse best\u00e5r af tre flerfarvede kasser designet til stilfuldt at gemme dine\" \/>\n<meta name=\"robots\" content=\"index, follow, max-snippet:-1, max-image-preview:large, max-video-preview:-1\" \/>\n<link rel=\"canonical\" href=\"https:\/\/hubsch-interior.com\/da\/wp-json\/wp\/v2\/product\/1089155\" \/>\n<meta property=\"og:locale\" content=\"da_DK\" \/>\n<meta property=\"og:type\" content=\"article\" \/>\n<meta property=\"og:title\" content=\"Kanso Opbevaringskasse \u00a0Flerfarvet (s\u00e6t af 3) - H\u00fcbsch\" \/>\n<meta property=\"og:description\" content=\"Et farverigt trio designet til smukt at rydde op. S\u00e6ttet Kanso Opbevaringskasse best\u00e5r af tre flerfarvede kasser designet til stilfuldt at gemme dine\" \/>\n<meta property=\"og:url\" content=\"https:\/\/hubsch-interior.com\/da\/vare\/kanso-opbevaringskasse-flerfarvet-saet-af-3\/\" \/>\n<meta property=\"og:site_name\" content=\"H\u00fcbsch\" \/>\n<meta property=\"article:modified_time\" content=\"2026-04-05T03:24:42+00:00\" \/>\n<meta property=\"og:image\" content=\"https:\/\/hubsch-interior.com\/wp-content\/uploads\/2026\/02\/kanso-storage-box-multicolour-set-of-3-2c8d73137f1405b66a0c6b6cb77b0ee9.jpg\" \/>\n\t<meta property=\"og:image:width\" content=\"1024\" \/>\n\t<meta property=\"og:image:height\" content=\"1024\" \/>\n\t<meta property=\"og:image:type\" content=\"image\/jpeg\" \/>\n<meta name=\"twitter:card\" content=\"summary_large_image\" \/>\n<script type=\"application\/ld+json\" class=\"yoast-schema-graph\">{\"@context\":\"https:\/\/schema.org\",\"@graph\":[{\"@type\":\"WebPage\",\"@id\":\"https:\/\/hubsch-interior.com\/da\/vare\/kanso-opbevaringskasse-flerfarvet-saet-af-3\/\",\"url\":\"https:\/\/hubsch-interior.com\/da\/vare\/kanso-opbevaringskasse-flerfarvet-saet-af-3\/\",\"name\":\"Kanso Opbevaringskasse \u00a0Flerfarvet (s\u00e6t af 3) - H\u00fcbsch\",\"isPartOf\":{\"@id\":\"https:\/\/hubsch-interior.com\/da\/#website\"},\"primaryImageOfPage\":{\"@id\":\"https:\/\/hubsch-interior.com\/da\/vare\/kanso-opbevaringskasse-flerfarvet-saet-af-3\/#primaryimage\"},\"image\":{\"@id\":\"https:\/\/hubsch-interior.com\/da\/vare\/kanso-opbevaringskasse-flerfarvet-saet-af-3\/#primaryimage\"},\"thumbnailUrl\":\"https:\/\/hubsch-interior.com\/wp-content\/uploads\/2026\/02\/kanso-storage-box-multicolour-set-of-3-2c8d73137f1405b66a0c6b6cb77b0ee9.jpg\",\"datePublished\":\"2026-01-31T04:24:37+00:00\",\"dateModified\":\"2026-04-05T03:24:42+00:00\",\"description\":\"Et farverigt trio designet til smukt at rydde op. S\u00e6ttet Kanso Opbevaringskasse best\u00e5r af tre flerfarvede kasser designet til stilfuldt at gemme dine\",\"breadcrumb\":{\"@id\":\"https:\/\/hubsch-interior.com\/da\/vare\/kanso-opbevaringskasse-flerfarvet-saet-af-3\/#breadcrumb\"},\"inLanguage\":\"da-DK\",\"potentialAction\":[{\"@type\":\"ReadAction\",\"target\":[\"https:\/\/hubsch-interior.com\/da\/vare\/kanso-opbevaringskasse-flerfarvet-saet-af-3\/\"]}]},{\"@type\":\"ImageObject\",\"inLanguage\":\"da-DK\",\"@id\":\"https:\/\/hubsch-interior.com\/da\/vare\/kanso-opbevaringskasse-flerfarvet-saet-af-3\/#primaryimage\",\"url\":\"https:\/\/hubsch-interior.com\/wp-content\/uploads\/2026\/02\/kanso-storage-box-multicolour-set-of-3-2c8d73137f1405b66a0c6b6cb77b0ee9.jpg\",\"contentUrl\":\"https:\/\/hubsch-interior.com\/wp-content\/uploads\/2026\/02\/kanso-storage-box-multicolour-set-of-3-2c8d73137f1405b66a0c6b6cb77b0ee9.jpg\",\"width\":1024,\"height\":1024},{\"@type\":\"BreadcrumbList\",\"@id\":\"https:\/\/hubsch-interior.com\/da\/vare\/kanso-opbevaringskasse-flerfarvet-saet-af-3\/#breadcrumb\",\"itemListElement\":[{\"@type\":\"ListItem\",\"position\":1,\"name\":\"Forside\",\"item\":\"https:\/\/hubsch-interior.com\/da\/\"},{\"@type\":\"ListItem\",\"position\":2,\"name\":\"Produkter\",\"item\":\"https:\/\/hubsch-interior.com\/da\/produkter\/\"},{\"@type\":\"ListItem\",\"position\":3,\"name\":\"Boligtilbeh\u00f8r\",\"item\":\"https:\/\/hubsch-interior.com\/da\/vare-kategori\/boligtilbehor\/\"},{\"@type\":\"ListItem\",\"position\":4,\"name\":\"Kontor\",\"item\":\"https:\/\/hubsch-interior.com\/da\/vare-kategori\/boligtilbehor\/kontor-da\/\"},{\"@type\":\"ListItem\",\"position\":5,\"name\":\"Opbevaringskasser\",\"item\":\"https:\/\/hubsch-interior.com\/da\/vare-kategori\/boligtilbehor\/kontor-da\/opbevaringskasser-da\/\"},{\"@type\":\"ListItem\",\"position\":6,\"name\":\"Kanso Opbevaringskasse \u00a0Flerfarvet (s\u00e6t af 3)\"}]},{\"@type\":\"WebSite\",\"@id\":\"https:\/\/hubsch-interior.com\/da\/#website\",\"url\":\"https:\/\/hubsch-interior.com\/da\/\",\"name\":\"H\u00fcbsch\",\"description\":\"Danish Home Interior and Design\",\"publisher\":{\"@id\":\"https:\/\/hubsch-interior.com\/da\/#organization\"},\"potentialAction\":[{\"@type\":\"SearchAction\",\"target\":{\"@type\":\"EntryPoint\",\"urlTemplate\":\"https:\/\/hubsch-interior.com\/da\/?s={search_term_string}\"},\"query-input\":{\"@type\":\"PropertyValueSpecification\",\"valueRequired\":true,\"valueName\":\"search_term_string\"}}],\"inLanguage\":\"da-DK\"},{\"@type\":\"Organization\",\"@id\":\"https:\/\/hubsch-interior.com\/da\/#organization\",\"name\":\"H\u00fcbsch\",\"url\":\"https:\/\/hubsch-interior.com\/da\/\",\"logo\":{\"@type\":\"ImageObject\",\"inLanguage\":\"da-DK\",\"@id\":\"https:\/\/hubsch-interior.com\/da\/#\/schema\/logo\/image\/\",\"url\":\"https:\/\/hubsch-interior.com\/wp-content\/uploads\/2022\/12\/Hubsch_logo_black_one_line.svg\",\"contentUrl\":\"https:\/\/hubsch-interior.com\/wp-content\/uploads\/2022\/12\/Hubsch_logo_black_one_line.svg\",\"caption\":\"H\u00fcbsch\"},\"image\":{\"@id\":\"https:\/\/hubsch-interior.com\/da\/#\/schema\/logo\/image\/\"}}]}<\/script>\n<!-- \/ Yoast SEO plugin. -->","yoast_head_json":{"title":"Kanso Opbevaringskasse \u00a0Flerfarvet (s\u00e6t af 3) - H\u00fcbsch","description":"Et farverigt trio designet til smukt at rydde op. S\u00e6ttet Kanso Opbevaringskasse best\u00e5r af tre flerfarvede kasser designet til stilfuldt at gemme dine","robots":{"index":"index","follow":"follow","max-snippet":"max-snippet:-1","max-image-preview":"max-image-preview:large","max-video-preview":"max-video-preview:-1"},"canonical":"https:\/\/hubsch-interior.com\/da\/wp-json\/wp\/v2\/product\/1089155","og_locale":"da_DK","og_type":"article","og_title":"Kanso Opbevaringskasse \u00a0Flerfarvet (s\u00e6t af 3) - H\u00fcbsch","og_description":"Et farverigt trio designet til smukt at rydde op. S\u00e6ttet Kanso Opbevaringskasse best\u00e5r af tre flerfarvede kasser designet til stilfuldt at gemme dine","og_url":"https:\/\/hubsch-interior.com\/da\/vare\/kanso-opbevaringskasse-flerfarvet-saet-af-3\/","og_site_name":"H\u00fcbsch","article_modified_time":"2026-04-05T03:24:42+00:00","og_image":[{"width":1024,"height":1024,"url":"https:\/\/hubsch-interior.com\/wp-content\/uploads\/2026\/02\/kanso-storage-box-multicolour-set-of-3-2c8d73137f1405b66a0c6b6cb77b0ee9.jpg","type":"image\/jpeg"}],"twitter_card":"summary_large_image","schema":{"@context":"https:\/\/schema.org","@graph":[{"@type":"WebPage","@id":"https:\/\/hubsch-interior.com\/da\/vare\/kanso-opbevaringskasse-flerfarvet-saet-af-3\/","url":"https:\/\/hubsch-interior.com\/da\/vare\/kanso-opbevaringskasse-flerfarvet-saet-af-3\/","name":"Kanso Opbevaringskasse \u00a0Flerfarvet (s\u00e6t af 3) - H\u00fcbsch","isPartOf":{"@id":"https:\/\/hubsch-interior.com\/da\/#website"},"primaryImageOfPage":{"@id":"https:\/\/hubsch-interior.com\/da\/vare\/kanso-opbevaringskasse-flerfarvet-saet-af-3\/#primaryimage"},"image":{"@id":"https:\/\/hubsch-interior.com\/da\/vare\/kanso-opbevaringskasse-flerfarvet-saet-af-3\/#primaryimage"},"thumbnailUrl":"https:\/\/hubsch-interior.com\/wp-content\/uploads\/2026\/02\/kanso-storage-box-multicolour-set-of-3-2c8d73137f1405b66a0c6b6cb77b0ee9.jpg","datePublished":"2026-01-31T04:24:37+00:00","dateModified":"2026-04-05T03:24:42+00:00","description":"Et farverigt trio designet til smukt at rydde op. S\u00e6ttet Kanso Opbevaringskasse best\u00e5r af tre flerfarvede kasser designet til stilfuldt at gemme dine","breadcrumb":{"@id":"https:\/\/hubsch-interior.com\/da\/vare\/kanso-opbevaringskasse-flerfarvet-saet-af-3\/#breadcrumb"},"inLanguage":"da-DK","potentialAction":[{"@type":"ReadAction","target":["https:\/\/hubsch-interior.com\/da\/vare\/kanso-opbevaringskasse-flerfarvet-saet-af-3\/"]}]},{"@type":"ImageObject","inLanguage":"da-DK","@id":"https:\/\/hubsch-interior.com\/da\/vare\/kanso-opbevaringskasse-flerfarvet-saet-af-3\/#primaryimage","url":"https:\/\/hubsch-interior.com\/wp-content\/uploads\/2026\/02\/kanso-storage-box-multicolour-set-of-3-2c8d73137f1405b66a0c6b6cb77b0ee9.jpg","contentUrl":"https:\/\/hubsch-interior.com\/wp-content\/uploads\/2026\/02\/kanso-storage-box-multicolour-set-of-3-2c8d73137f1405b66a0c6b6cb77b0ee9.jpg","width":1024,"height":1024},{"@type":"BreadcrumbList","@id":"https:\/\/hubsch-interior.com\/da\/vare\/kanso-opbevaringskasse-flerfarvet-saet-af-3\/#breadcrumb","itemListElement":[{"@type":"ListItem","position":1,"name":"Forside","item":"https:\/\/hubsch-interior.com\/da\/"},{"@type":"ListItem","position":2,"name":"Produkter","item":"https:\/\/hubsch-interior.com\/da\/produkter\/"},{"@type":"ListItem","position":3,"name":"Boligtilbeh\u00f8r","item":"https:\/\/hubsch-interior.com\/da\/vare-kategori\/boligtilbehor\/"},{"@type":"ListItem","position":4,"name":"Kontor","item":"https:\/\/hubsch-interior.com\/da\/vare-kategori\/boligtilbehor\/kontor-da\/"},{"@type":"ListItem","position":5,"name":"Opbevaringskasser","item":"https:\/\/hubsch-interior.com\/da\/vare-kategori\/boligtilbehor\/kontor-da\/opbevaringskasser-da\/"},{"@type":"ListItem","position":6,"name":"Kanso Opbevaringskasse \u00a0Flerfarvet (s\u00e6t af 3)"}]},{"@type":"WebSite","@id":"https:\/\/hubsch-interior.com\/da\/#website","url":"https:\/\/hubsch-interior.com\/da\/","name":"H\u00fcbsch","description":"Danish Home Interior and Design","publisher":{"@id":"https:\/\/hubsch-interior.com\/da\/#organization"},"potentialAction":[{"@type":"SearchAction","target":{"@type":"EntryPoint","urlTemplate":"https:\/\/hubsch-interior.com\/da\/?s={search_term_string}"},"query-input":{"@type":"PropertyValueSpecification","valueRequired":true,"valueName":"search_term_string"}}],"inLanguage":"da-DK"},{"@type":"Organization","@id":"https:\/\/hubsch-interior.com\/da\/#organization","name":"H\u00fcbsch","url":"https:\/\/hubsch-interior.com\/da\/","logo":{"@type":"ImageObject","inLanguage":"da-DK","@id":"https:\/\/hubsch-interior.com\/da\/#\/schema\/logo\/image\/","url":"https:\/\/hubsch-interior.com\/wp-content\/uploads\/2022\/12\/Hubsch_logo_black_one_line.svg","contentUrl":"https:\/\/hubsch-interior.com\/wp-content\/uploads\/2022\/12\/Hubsch_logo_black_one_line.svg","caption":"H\u00fcbsch"},"image":{"@id":"https:\/\/hubsch-interior.com\/da\/#\/schema\/logo\/image\/"}}]}},"_links":{"self":[{"href":"https:\/\/hubsch-interior.com\/da\/wp-json\/wp\/v2\/product\/1089155","targetHints":{"allow":["GET"]}}],"collection":[{"href":"https:\/\/hubsch-interior.com\/da\/wp-json\/wp\/v2\/product"}],"about":[{"href":"https:\/\/hubsch-interior.com\/da\/wp-json\/wp\/v2\/types\/product"}],"wp:featuredmedia":[{"embeddable":true,"href":"https:\/\/hubsch-interior.com\/da\/wp-json\/wp\/v2\/media\/1111575"}],"wp:attachment":[{"href":"https:\/\/hubsch-interior.com\/da\/wp-json\/wp\/v2\/media?parent=1089155"}],"wp:term":[{"taxonomy":"product_brand","embeddable":true,"href":"https:\/\/hubsch-interior.com\/da\/wp-json\/wp\/v2\/product_brand?post=1089155"},{"taxonomy":"product_cat","embeddable":true,"href":"https:\/\/hubsch-interior.com\/da\/wp-json\/wp\/v2\/product_cat?post=1089155"},{"taxonomy":"product_tag","embeddable":true,"href":"https:\/\/hubsch-interior.com\/da\/wp-json\/wp\/v2\/product_tag?post=1089155"}],"curies":[{"name":"wp","href":"https:\/\/api.w.org\/{rel}","templated":true}]}}