{"id":1089171,"date":"2026-01-31T05:24:48","date_gmt":"2026-01-31T04:24:48","guid":{"rendered":"https:\/\/hubsch-interior.com\/product\/product\/"},"modified":"2026-04-05T05:24:45","modified_gmt":"2026-04-05T03:24:45","slug":"kanso-skrivebordsordner-gul","status":"publish","type":"product","link":"https:\/\/hubsch-interior.com\/da\/vare\/kanso-skrivebordsordner-gul\/","title":{"rendered":"Kanso Skrivebordsordner Gul"},"content":{"rendered":"<p>Tilf\u00f8j et muntert pr\u00e6g p\u00e5 dit arbejdsomr\u00e5de. Kanso Skrivebordsordneren i str\u00e5lende gul bringer b\u00e5de orden og energi til din daglige ops\u00e6tning. Tilg\u00e6ngelig i to forskellige stilarter, er den designet til at holde dine favoritpenne, blyanter og v\u00e6rkt\u00f8jer lige hvor du har brug for dem. Fremstillet med omhu og et \u00f8je for funktion, hj\u00e6lper den dig med at bevare fokus samtidig med at tilf\u00f8je et lyst pop af personlighed til dit skrivebord. Fordi kreativiteten flyder bedst, n\u00e5r alt er p\u00e5 sin plads.<\/p>\n","protected":false},"excerpt":{"rendered":"<p>Tilf\u00f8j et muntert pr\u00e6g p\u00e5 dit arbejdsomr\u00e5de. Kanso Skrivebordsordneren i str\u00e5lende gul bringer b\u00e5de orden og energi til din daglige ops\u00e6tning. Tilg\u00e6ngelig i to forskellige stilarter, er den designet til at holde dine favoritpenne, blyanter og v\u00e6rkt\u00f8jer lige hvor du har brug for dem. Fremstillet med omhu og et \u00f8je for funktion, hj\u00e6lper den dig [&hellip;]<\/p>\n","protected":false},"featured_media":1113888,"template":"","meta":{"_acf_changed":false,"inline_featured_image":false},"product_brand":[],"product_cat":[7153,4151,4959,5045],"product_tag":[],"class_list":{"0":"post-1089171","1":"product","2":"type-product","3":"status-publish","4":"has-post-thumbnail","6":"product_cat-dweller-da","7":"product_cat-kontor-da","8":"product_cat-opbevaringskasser-da","9":"product_cat-nyheder-da","10":"product_shipping_class-pk","12":"pa_color-gul","14":"first","15":"instock","16":"taxable","17":"shipping-taxable","18":"purchasable","19":"product-type-simple"},"exclude_global_add_ons":[],"addons":[],"acf":[],"yoast_head":"<!-- This site is optimized with the Yoast SEO plugin v26.4 - https:\/\/yoast.com\/wordpress\/plugins\/seo\/ -->\n<title>Kanso Skrivebordsordner Gul - H\u00fcbsch<\/title>\n<meta name=\"description\" content=\"Tilf\u00f8j et muntert pr\u00e6g p\u00e5 dit arbejdsomr\u00e5de. Kanso Skrivebordsordneren i str\u00e5lende gul bringer b\u00e5de orden og energi til din daglige ops\u00e6tning. Tilg\u00e6ngelig\" \/>\n<meta name=\"robots\" content=\"index, follow, max-snippet:-1, max-image-preview:large, max-video-preview:-1\" \/>\n<link rel=\"canonical\" href=\"https:\/\/hubsch-interior.com\/da\/wp-json\/wp\/v2\/product\/1089171\" \/>\n<meta property=\"og:locale\" content=\"da_DK\" \/>\n<meta property=\"og:type\" content=\"article\" \/>\n<meta property=\"og:title\" content=\"Kanso Skrivebordsordner Gul - H\u00fcbsch\" \/>\n<meta property=\"og:description\" content=\"Tilf\u00f8j et muntert pr\u00e6g p\u00e5 dit arbejdsomr\u00e5de. Kanso Skrivebordsordneren i str\u00e5lende gul bringer b\u00e5de orden og energi til din daglige ops\u00e6tning. Tilg\u00e6ngelig\" \/>\n<meta property=\"og:url\" content=\"https:\/\/hubsch-interior.com\/da\/vare\/kanso-skrivebordsordner-gul\/\" \/>\n<meta property=\"og:site_name\" content=\"H\u00fcbsch\" \/>\n<meta property=\"article:modified_time\" content=\"2026-04-05T03:24:45+00:00\" \/>\n<meta property=\"og:image\" content=\"https:\/\/hubsch-interior.com\/wp-content\/uploads\/2026\/01\/kanso-desk-organiser-yellow-e57246d06b54aae0d60f147155106561.jpg\" \/>\n\t<meta property=\"og:image:width\" content=\"1200\" \/>\n\t<meta property=\"og:image:height\" content=\"1200\" \/>\n\t<meta property=\"og:image:type\" content=\"image\/jpeg\" \/>\n<meta name=\"twitter:card\" content=\"summary_large_image\" \/>\n<script type=\"application\/ld+json\" class=\"yoast-schema-graph\">{\"@context\":\"https:\/\/schema.org\",\"@graph\":[{\"@type\":\"WebPage\",\"@id\":\"https:\/\/hubsch-interior.com\/da\/vare\/kanso-skrivebordsordner-gul\/\",\"url\":\"https:\/\/hubsch-interior.com\/da\/vare\/kanso-skrivebordsordner-gul\/\",\"name\":\"Kanso Skrivebordsordner Gul - H\u00fcbsch\",\"isPartOf\":{\"@id\":\"https:\/\/hubsch-interior.com\/da\/#website\"},\"primaryImageOfPage\":{\"@id\":\"https:\/\/hubsch-interior.com\/da\/vare\/kanso-skrivebordsordner-gul\/#primaryimage\"},\"image\":{\"@id\":\"https:\/\/hubsch-interior.com\/da\/vare\/kanso-skrivebordsordner-gul\/#primaryimage\"},\"thumbnailUrl\":\"https:\/\/hubsch-interior.com\/wp-content\/uploads\/2026\/02\/kanso-desk-organiser-yellow-583de6d8f67d8607b6c2b60bf57754eb.jpg\",\"datePublished\":\"2026-01-31T04:24:48+00:00\",\"dateModified\":\"2026-04-05T03:24:45+00:00\",\"description\":\"Tilf\u00f8j et muntert pr\u00e6g p\u00e5 dit arbejdsomr\u00e5de. Kanso Skrivebordsordneren i str\u00e5lende gul bringer b\u00e5de orden og energi til din daglige ops\u00e6tning. Tilg\u00e6ngelig\",\"breadcrumb\":{\"@id\":\"https:\/\/hubsch-interior.com\/da\/vare\/kanso-skrivebordsordner-gul\/#breadcrumb\"},\"inLanguage\":\"da-DK\",\"potentialAction\":[{\"@type\":\"ReadAction\",\"target\":[\"https:\/\/hubsch-interior.com\/da\/vare\/kanso-skrivebordsordner-gul\/\"]}]},{\"@type\":\"ImageObject\",\"inLanguage\":\"da-DK\",\"@id\":\"https:\/\/hubsch-interior.com\/da\/vare\/kanso-skrivebordsordner-gul\/#primaryimage\",\"url\":\"https:\/\/hubsch-interior.com\/wp-content\/uploads\/2026\/02\/kanso-desk-organiser-yellow-583de6d8f67d8607b6c2b60bf57754eb.jpg\",\"contentUrl\":\"https:\/\/hubsch-interior.com\/wp-content\/uploads\/2026\/02\/kanso-desk-organiser-yellow-583de6d8f67d8607b6c2b60bf57754eb.jpg\",\"width\":1024,\"height\":1024},{\"@type\":\"BreadcrumbList\",\"@id\":\"https:\/\/hubsch-interior.com\/da\/vare\/kanso-skrivebordsordner-gul\/#breadcrumb\",\"itemListElement\":[{\"@type\":\"ListItem\",\"position\":1,\"name\":\"Forside\",\"item\":\"https:\/\/hubsch-interior.com\/da\/\"},{\"@type\":\"ListItem\",\"position\":2,\"name\":\"Produkter\",\"item\":\"https:\/\/hubsch-interior.com\/da\/produkter\/\"},{\"@type\":\"ListItem\",\"position\":3,\"name\":\"Kanso Skrivebordsordner Gul\"}]},{\"@type\":\"WebSite\",\"@id\":\"https:\/\/hubsch-interior.com\/da\/#website\",\"url\":\"https:\/\/hubsch-interior.com\/da\/\",\"name\":\"H\u00fcbsch\",\"description\":\"Danish Home Interior and Design\",\"publisher\":{\"@id\":\"https:\/\/hubsch-interior.com\/da\/#organization\"},\"potentialAction\":[{\"@type\":\"SearchAction\",\"target\":{\"@type\":\"EntryPoint\",\"urlTemplate\":\"https:\/\/hubsch-interior.com\/da\/?s={search_term_string}\"},\"query-input\":{\"@type\":\"PropertyValueSpecification\",\"valueRequired\":true,\"valueName\":\"search_term_string\"}}],\"inLanguage\":\"da-DK\"},{\"@type\":\"Organization\",\"@id\":\"https:\/\/hubsch-interior.com\/da\/#organization\",\"name\":\"H\u00fcbsch\",\"url\":\"https:\/\/hubsch-interior.com\/da\/\",\"logo\":{\"@type\":\"ImageObject\",\"inLanguage\":\"da-DK\",\"@id\":\"https:\/\/hubsch-interior.com\/da\/#\/schema\/logo\/image\/\",\"url\":\"https:\/\/hubsch-interior.com\/wp-content\/uploads\/2022\/12\/Hubsch_logo_black_one_line.svg\",\"contentUrl\":\"https:\/\/hubsch-interior.com\/wp-content\/uploads\/2022\/12\/Hubsch_logo_black_one_line.svg\",\"caption\":\"H\u00fcbsch\"},\"image\":{\"@id\":\"https:\/\/hubsch-interior.com\/da\/#\/schema\/logo\/image\/\"}}]}<\/script>\n<!-- \/ Yoast SEO plugin. -->","yoast_head_json":{"title":"Kanso Skrivebordsordner Gul - H\u00fcbsch","description":"Tilf\u00f8j et muntert pr\u00e6g p\u00e5 dit arbejdsomr\u00e5de. Kanso Skrivebordsordneren i str\u00e5lende gul bringer b\u00e5de orden og energi til din daglige ops\u00e6tning. Tilg\u00e6ngelig","robots":{"index":"index","follow":"follow","max-snippet":"max-snippet:-1","max-image-preview":"max-image-preview:large","max-video-preview":"max-video-preview:-1"},"canonical":"https:\/\/hubsch-interior.com\/da\/wp-json\/wp\/v2\/product\/1089171","og_locale":"da_DK","og_type":"article","og_title":"Kanso Skrivebordsordner Gul - H\u00fcbsch","og_description":"Tilf\u00f8j et muntert pr\u00e6g p\u00e5 dit arbejdsomr\u00e5de. Kanso Skrivebordsordneren i str\u00e5lende gul bringer b\u00e5de orden og energi til din daglige ops\u00e6tning. Tilg\u00e6ngelig","og_url":"https:\/\/hubsch-interior.com\/da\/vare\/kanso-skrivebordsordner-gul\/","og_site_name":"H\u00fcbsch","article_modified_time":"2026-04-05T03:24:45+00:00","og_image":[{"width":1200,"height":1200,"url":"https:\/\/hubsch-interior.com\/wp-content\/uploads\/2026\/01\/kanso-desk-organiser-yellow-e57246d06b54aae0d60f147155106561.jpg","type":"image\/jpeg"}],"twitter_card":"summary_large_image","schema":{"@context":"https:\/\/schema.org","@graph":[{"@type":"WebPage","@id":"https:\/\/hubsch-interior.com\/da\/vare\/kanso-skrivebordsordner-gul\/","url":"https:\/\/hubsch-interior.com\/da\/vare\/kanso-skrivebordsordner-gul\/","name":"Kanso Skrivebordsordner Gul - H\u00fcbsch","isPartOf":{"@id":"https:\/\/hubsch-interior.com\/da\/#website"},"primaryImageOfPage":{"@id":"https:\/\/hubsch-interior.com\/da\/vare\/kanso-skrivebordsordner-gul\/#primaryimage"},"image":{"@id":"https:\/\/hubsch-interior.com\/da\/vare\/kanso-skrivebordsordner-gul\/#primaryimage"},"thumbnailUrl":"https:\/\/hubsch-interior.com\/wp-content\/uploads\/2026\/02\/kanso-desk-organiser-yellow-583de6d8f67d8607b6c2b60bf57754eb.jpg","datePublished":"2026-01-31T04:24:48+00:00","dateModified":"2026-04-05T03:24:45+00:00","description":"Tilf\u00f8j et muntert pr\u00e6g p\u00e5 dit arbejdsomr\u00e5de. Kanso Skrivebordsordneren i str\u00e5lende gul bringer b\u00e5de orden og energi til din daglige ops\u00e6tning. Tilg\u00e6ngelig","breadcrumb":{"@id":"https:\/\/hubsch-interior.com\/da\/vare\/kanso-skrivebordsordner-gul\/#breadcrumb"},"inLanguage":"da-DK","potentialAction":[{"@type":"ReadAction","target":["https:\/\/hubsch-interior.com\/da\/vare\/kanso-skrivebordsordner-gul\/"]}]},{"@type":"ImageObject","inLanguage":"da-DK","@id":"https:\/\/hubsch-interior.com\/da\/vare\/kanso-skrivebordsordner-gul\/#primaryimage","url":"https:\/\/hubsch-interior.com\/wp-content\/uploads\/2026\/02\/kanso-desk-organiser-yellow-583de6d8f67d8607b6c2b60bf57754eb.jpg","contentUrl":"https:\/\/hubsch-interior.com\/wp-content\/uploads\/2026\/02\/kanso-desk-organiser-yellow-583de6d8f67d8607b6c2b60bf57754eb.jpg","width":1024,"height":1024},{"@type":"BreadcrumbList","@id":"https:\/\/hubsch-interior.com\/da\/vare\/kanso-skrivebordsordner-gul\/#breadcrumb","itemListElement":[{"@type":"ListItem","position":1,"name":"Forside","item":"https:\/\/hubsch-interior.com\/da\/"},{"@type":"ListItem","position":2,"name":"Produkter","item":"https:\/\/hubsch-interior.com\/da\/produkter\/"},{"@type":"ListItem","position":3,"name":"Kanso Skrivebordsordner Gul"}]},{"@type":"WebSite","@id":"https:\/\/hubsch-interior.com\/da\/#website","url":"https:\/\/hubsch-interior.com\/da\/","name":"H\u00fcbsch","description":"Danish Home Interior and Design","publisher":{"@id":"https:\/\/hubsch-interior.com\/da\/#organization"},"potentialAction":[{"@type":"SearchAction","target":{"@type":"EntryPoint","urlTemplate":"https:\/\/hubsch-interior.com\/da\/?s={search_term_string}"},"query-input":{"@type":"PropertyValueSpecification","valueRequired":true,"valueName":"search_term_string"}}],"inLanguage":"da-DK"},{"@type":"Organization","@id":"https:\/\/hubsch-interior.com\/da\/#organization","name":"H\u00fcbsch","url":"https:\/\/hubsch-interior.com\/da\/","logo":{"@type":"ImageObject","inLanguage":"da-DK","@id":"https:\/\/hubsch-interior.com\/da\/#\/schema\/logo\/image\/","url":"https:\/\/hubsch-interior.com\/wp-content\/uploads\/2022\/12\/Hubsch_logo_black_one_line.svg","contentUrl":"https:\/\/hubsch-interior.com\/wp-content\/uploads\/2022\/12\/Hubsch_logo_black_one_line.svg","caption":"H\u00fcbsch"},"image":{"@id":"https:\/\/hubsch-interior.com\/da\/#\/schema\/logo\/image\/"}}]}},"_links":{"self":[{"href":"https:\/\/hubsch-interior.com\/da\/wp-json\/wp\/v2\/product\/1089171","targetHints":{"allow":["GET"]}}],"collection":[{"href":"https:\/\/hubsch-interior.com\/da\/wp-json\/wp\/v2\/product"}],"about":[{"href":"https:\/\/hubsch-interior.com\/da\/wp-json\/wp\/v2\/types\/product"}],"wp:featuredmedia":[{"embeddable":true,"href":"https:\/\/hubsch-interior.com\/da\/wp-json\/wp\/v2\/media\/1113888"}],"wp:attachment":[{"href":"https:\/\/hubsch-interior.com\/da\/wp-json\/wp\/v2\/media?parent=1089171"}],"wp:term":[{"taxonomy":"product_brand","embeddable":true,"href":"https:\/\/hubsch-interior.com\/da\/wp-json\/wp\/v2\/product_brand?post=1089171"},{"taxonomy":"product_cat","embeddable":true,"href":"https:\/\/hubsch-interior.com\/da\/wp-json\/wp\/v2\/product_cat?post=1089171"},{"taxonomy":"product_tag","embeddable":true,"href":"https:\/\/hubsch-interior.com\/da\/wp-json\/wp\/v2\/product_tag?post=1089171"}],"curies":[{"name":"wp","href":"https:\/\/api.w.org\/{rel}","templated":true}]}}