{"id":1089195,"date":"2026-01-31T05:25:02","date_gmt":"2026-01-31T04:25:02","guid":{"rendered":"https:\/\/hubsch-interior.com\/product\/product\/"},"modified":"2026-04-05T05:24:49","modified_gmt":"2026-04-05T03:24:49","slug":"kanso-skrivebordsordner-lysegra","status":"publish","type":"product","link":"https:\/\/hubsch-interior.com\/da\/vare\/kanso-skrivebordsordner-lysegra\/","title":{"rendered":"Kanso Skrivebordsordner Lysegr\u00e5"},"content":{"rendered":"<p>Ryddigt skrivebord, ryddigt sind. Kanso Skrivebordsordner i lys gr\u00e5 er din ideelle ledsager til at omdanne dagligdagens kaos til ro. Med sin bl\u00f8de farve og minimalistiske charme glider den ubesv\u00e6ret ind i ethvert arbejdsomr\u00e5de. Tilg\u00e6ngelig i to smarte varianter, holder den dine penne, blyanter og sm\u00e5 n\u00f8dvendigheder p\u00e6nt p\u00e5 plads \u2014 altid inden for nem r\u00e6kkevidde. Uanset om du skitserer, kradser ned eller blot holder dig organiseret, bringer dette stykke stille gl\u00e6de til din daglige ops\u00e6tning.<\/p>\n","protected":false},"excerpt":{"rendered":"<p>Ryddigt skrivebord, ryddigt sind. Kanso Skrivebordsordner i lys gr\u00e5 er din ideelle ledsager til at omdanne dagligdagens kaos til ro. Med sin bl\u00f8de farve og minimalistiske charme glider den ubesv\u00e6ret ind i ethvert arbejdsomr\u00e5de. Tilg\u00e6ngelig i to smarte varianter, holder den dine penne, blyanter og sm\u00e5 n\u00f8dvendigheder p\u00e6nt p\u00e5 plads \u2014 altid inden for nem [&hellip;]<\/p>\n","protected":false},"featured_media":1113896,"template":"","meta":{"_acf_changed":false,"inline_featured_image":false},"product_brand":[],"product_cat":[7153,4151,4959,5045],"product_tag":[],"class_list":{"0":"post-1089195","1":"product","2":"type-product","3":"status-publish","4":"has-post-thumbnail","6":"product_cat-dweller-da","7":"product_cat-kontor-da","8":"product_cat-opbevaringskasser-da","9":"product_cat-nyheder-da","10":"product_shipping_class-pk","12":"pa_color-lysegr","14":"first","15":"instock","16":"taxable","17":"shipping-taxable","18":"purchasable","19":"product-type-simple"},"exclude_global_add_ons":[],"addons":[],"acf":[],"yoast_head":"<!-- This site is optimized with the Yoast SEO plugin v26.4 - https:\/\/yoast.com\/wordpress\/plugins\/seo\/ -->\n<title>Kanso Skrivebordsordner Lysegr\u00e5 - H\u00fcbsch<\/title>\n<meta name=\"description\" content=\"Ryddigt skrivebord, ryddigt sind. Kanso Skrivebordsordner i lys gr\u00e5 er din ideelle ledsager til at omdanne dagligdagens kaos til ro. Med sin bl\u00f8de farve\" \/>\n<meta name=\"robots\" content=\"index, follow, max-snippet:-1, max-image-preview:large, max-video-preview:-1\" \/>\n<link rel=\"canonical\" href=\"https:\/\/hubsch-interior.com\/da\/wp-json\/wp\/v2\/product\/1089195\" \/>\n<meta property=\"og:locale\" content=\"da_DK\" \/>\n<meta property=\"og:type\" content=\"article\" \/>\n<meta property=\"og:title\" content=\"Kanso Skrivebordsordner Lysegr\u00e5 - H\u00fcbsch\" \/>\n<meta property=\"og:description\" content=\"Ryddigt skrivebord, ryddigt sind. Kanso Skrivebordsordner i lys gr\u00e5 er din ideelle ledsager til at omdanne dagligdagens kaos til ro. Med sin bl\u00f8de farve\" \/>\n<meta property=\"og:url\" content=\"https:\/\/hubsch-interior.com\/da\/vare\/kanso-skrivebordsordner-lysegra\/\" \/>\n<meta property=\"og:site_name\" content=\"H\u00fcbsch\" \/>\n<meta property=\"article:modified_time\" content=\"2026-04-05T03:24:49+00:00\" \/>\n<meta property=\"og:image\" content=\"https:\/\/hubsch-interior.com\/wp-content\/uploads\/2026\/01\/kanso-desk-organiser-light-grey-d8dbed7c1a515362ca5e6dd1372a96ab.jpg\" \/>\n\t<meta property=\"og:image:width\" content=\"1200\" \/>\n\t<meta property=\"og:image:height\" content=\"1200\" \/>\n\t<meta property=\"og:image:type\" content=\"image\/jpeg\" \/>\n<meta name=\"twitter:card\" content=\"summary_large_image\" \/>\n<script type=\"application\/ld+json\" class=\"yoast-schema-graph\">{\"@context\":\"https:\/\/schema.org\",\"@graph\":[{\"@type\":\"WebPage\",\"@id\":\"https:\/\/hubsch-interior.com\/da\/vare\/kanso-skrivebordsordner-lysegra\/\",\"url\":\"https:\/\/hubsch-interior.com\/da\/vare\/kanso-skrivebordsordner-lysegra\/\",\"name\":\"Kanso Skrivebordsordner Lysegr\u00e5 - H\u00fcbsch\",\"isPartOf\":{\"@id\":\"https:\/\/hubsch-interior.com\/da\/#website\"},\"primaryImageOfPage\":{\"@id\":\"https:\/\/hubsch-interior.com\/da\/vare\/kanso-skrivebordsordner-lysegra\/#primaryimage\"},\"image\":{\"@id\":\"https:\/\/hubsch-interior.com\/da\/vare\/kanso-skrivebordsordner-lysegra\/#primaryimage\"},\"thumbnailUrl\":\"https:\/\/hubsch-interior.com\/wp-content\/uploads\/2026\/02\/kanso-desk-organiser-light-grey-e47d4d7344985231e682935ba747c9a6.jpg\",\"datePublished\":\"2026-01-31T04:25:02+00:00\",\"dateModified\":\"2026-04-05T03:24:49+00:00\",\"description\":\"Ryddigt skrivebord, ryddigt sind. Kanso Skrivebordsordner i lys gr\u00e5 er din ideelle ledsager til at omdanne dagligdagens kaos til ro. Med sin bl\u00f8de farve\",\"breadcrumb\":{\"@id\":\"https:\/\/hubsch-interior.com\/da\/vare\/kanso-skrivebordsordner-lysegra\/#breadcrumb\"},\"inLanguage\":\"da-DK\",\"potentialAction\":[{\"@type\":\"ReadAction\",\"target\":[\"https:\/\/hubsch-interior.com\/da\/vare\/kanso-skrivebordsordner-lysegra\/\"]}]},{\"@type\":\"ImageObject\",\"inLanguage\":\"da-DK\",\"@id\":\"https:\/\/hubsch-interior.com\/da\/vare\/kanso-skrivebordsordner-lysegra\/#primaryimage\",\"url\":\"https:\/\/hubsch-interior.com\/wp-content\/uploads\/2026\/02\/kanso-desk-organiser-light-grey-e47d4d7344985231e682935ba747c9a6.jpg\",\"contentUrl\":\"https:\/\/hubsch-interior.com\/wp-content\/uploads\/2026\/02\/kanso-desk-organiser-light-grey-e47d4d7344985231e682935ba747c9a6.jpg\",\"width\":1024,\"height\":1024},{\"@type\":\"BreadcrumbList\",\"@id\":\"https:\/\/hubsch-interior.com\/da\/vare\/kanso-skrivebordsordner-lysegra\/#breadcrumb\",\"itemListElement\":[{\"@type\":\"ListItem\",\"position\":1,\"name\":\"Forside\",\"item\":\"https:\/\/hubsch-interior.com\/da\/\"},{\"@type\":\"ListItem\",\"position\":2,\"name\":\"Produkter\",\"item\":\"https:\/\/hubsch-interior.com\/da\/produkter\/\"},{\"@type\":\"ListItem\",\"position\":3,\"name\":\"Kanso Skrivebordsordner Lysegr\u00e5\"}]},{\"@type\":\"WebSite\",\"@id\":\"https:\/\/hubsch-interior.com\/da\/#website\",\"url\":\"https:\/\/hubsch-interior.com\/da\/\",\"name\":\"H\u00fcbsch\",\"description\":\"Danish Home Interior and Design\",\"publisher\":{\"@id\":\"https:\/\/hubsch-interior.com\/da\/#organization\"},\"potentialAction\":[{\"@type\":\"SearchAction\",\"target\":{\"@type\":\"EntryPoint\",\"urlTemplate\":\"https:\/\/hubsch-interior.com\/da\/?s={search_term_string}\"},\"query-input\":{\"@type\":\"PropertyValueSpecification\",\"valueRequired\":true,\"valueName\":\"search_term_string\"}}],\"inLanguage\":\"da-DK\"},{\"@type\":\"Organization\",\"@id\":\"https:\/\/hubsch-interior.com\/da\/#organization\",\"name\":\"H\u00fcbsch\",\"url\":\"https:\/\/hubsch-interior.com\/da\/\",\"logo\":{\"@type\":\"ImageObject\",\"inLanguage\":\"da-DK\",\"@id\":\"https:\/\/hubsch-interior.com\/da\/#\/schema\/logo\/image\/\",\"url\":\"https:\/\/hubsch-interior.com\/wp-content\/uploads\/2022\/12\/Hubsch_logo_black_one_line.svg\",\"contentUrl\":\"https:\/\/hubsch-interior.com\/wp-content\/uploads\/2022\/12\/Hubsch_logo_black_one_line.svg\",\"caption\":\"H\u00fcbsch\"},\"image\":{\"@id\":\"https:\/\/hubsch-interior.com\/da\/#\/schema\/logo\/image\/\"}}]}<\/script>\n<!-- \/ Yoast SEO plugin. -->","yoast_head_json":{"title":"Kanso Skrivebordsordner Lysegr\u00e5 - H\u00fcbsch","description":"Ryddigt skrivebord, ryddigt sind. Kanso Skrivebordsordner i lys gr\u00e5 er din ideelle ledsager til at omdanne dagligdagens kaos til ro. Med sin bl\u00f8de farve","robots":{"index":"index","follow":"follow","max-snippet":"max-snippet:-1","max-image-preview":"max-image-preview:large","max-video-preview":"max-video-preview:-1"},"canonical":"https:\/\/hubsch-interior.com\/da\/wp-json\/wp\/v2\/product\/1089195","og_locale":"da_DK","og_type":"article","og_title":"Kanso Skrivebordsordner Lysegr\u00e5 - H\u00fcbsch","og_description":"Ryddigt skrivebord, ryddigt sind. Kanso Skrivebordsordner i lys gr\u00e5 er din ideelle ledsager til at omdanne dagligdagens kaos til ro. Med sin bl\u00f8de farve","og_url":"https:\/\/hubsch-interior.com\/da\/vare\/kanso-skrivebordsordner-lysegra\/","og_site_name":"H\u00fcbsch","article_modified_time":"2026-04-05T03:24:49+00:00","og_image":[{"width":1200,"height":1200,"url":"https:\/\/hubsch-interior.com\/wp-content\/uploads\/2026\/01\/kanso-desk-organiser-light-grey-d8dbed7c1a515362ca5e6dd1372a96ab.jpg","type":"image\/jpeg"}],"twitter_card":"summary_large_image","schema":{"@context":"https:\/\/schema.org","@graph":[{"@type":"WebPage","@id":"https:\/\/hubsch-interior.com\/da\/vare\/kanso-skrivebordsordner-lysegra\/","url":"https:\/\/hubsch-interior.com\/da\/vare\/kanso-skrivebordsordner-lysegra\/","name":"Kanso Skrivebordsordner Lysegr\u00e5 - H\u00fcbsch","isPartOf":{"@id":"https:\/\/hubsch-interior.com\/da\/#website"},"primaryImageOfPage":{"@id":"https:\/\/hubsch-interior.com\/da\/vare\/kanso-skrivebordsordner-lysegra\/#primaryimage"},"image":{"@id":"https:\/\/hubsch-interior.com\/da\/vare\/kanso-skrivebordsordner-lysegra\/#primaryimage"},"thumbnailUrl":"https:\/\/hubsch-interior.com\/wp-content\/uploads\/2026\/02\/kanso-desk-organiser-light-grey-e47d4d7344985231e682935ba747c9a6.jpg","datePublished":"2026-01-31T04:25:02+00:00","dateModified":"2026-04-05T03:24:49+00:00","description":"Ryddigt skrivebord, ryddigt sind. Kanso Skrivebordsordner i lys gr\u00e5 er din ideelle ledsager til at omdanne dagligdagens kaos til ro. Med sin bl\u00f8de farve","breadcrumb":{"@id":"https:\/\/hubsch-interior.com\/da\/vare\/kanso-skrivebordsordner-lysegra\/#breadcrumb"},"inLanguage":"da-DK","potentialAction":[{"@type":"ReadAction","target":["https:\/\/hubsch-interior.com\/da\/vare\/kanso-skrivebordsordner-lysegra\/"]}]},{"@type":"ImageObject","inLanguage":"da-DK","@id":"https:\/\/hubsch-interior.com\/da\/vare\/kanso-skrivebordsordner-lysegra\/#primaryimage","url":"https:\/\/hubsch-interior.com\/wp-content\/uploads\/2026\/02\/kanso-desk-organiser-light-grey-e47d4d7344985231e682935ba747c9a6.jpg","contentUrl":"https:\/\/hubsch-interior.com\/wp-content\/uploads\/2026\/02\/kanso-desk-organiser-light-grey-e47d4d7344985231e682935ba747c9a6.jpg","width":1024,"height":1024},{"@type":"BreadcrumbList","@id":"https:\/\/hubsch-interior.com\/da\/vare\/kanso-skrivebordsordner-lysegra\/#breadcrumb","itemListElement":[{"@type":"ListItem","position":1,"name":"Forside","item":"https:\/\/hubsch-interior.com\/da\/"},{"@type":"ListItem","position":2,"name":"Produkter","item":"https:\/\/hubsch-interior.com\/da\/produkter\/"},{"@type":"ListItem","position":3,"name":"Kanso Skrivebordsordner Lysegr\u00e5"}]},{"@type":"WebSite","@id":"https:\/\/hubsch-interior.com\/da\/#website","url":"https:\/\/hubsch-interior.com\/da\/","name":"H\u00fcbsch","description":"Danish Home Interior and Design","publisher":{"@id":"https:\/\/hubsch-interior.com\/da\/#organization"},"potentialAction":[{"@type":"SearchAction","target":{"@type":"EntryPoint","urlTemplate":"https:\/\/hubsch-interior.com\/da\/?s={search_term_string}"},"query-input":{"@type":"PropertyValueSpecification","valueRequired":true,"valueName":"search_term_string"}}],"inLanguage":"da-DK"},{"@type":"Organization","@id":"https:\/\/hubsch-interior.com\/da\/#organization","name":"H\u00fcbsch","url":"https:\/\/hubsch-interior.com\/da\/","logo":{"@type":"ImageObject","inLanguage":"da-DK","@id":"https:\/\/hubsch-interior.com\/da\/#\/schema\/logo\/image\/","url":"https:\/\/hubsch-interior.com\/wp-content\/uploads\/2022\/12\/Hubsch_logo_black_one_line.svg","contentUrl":"https:\/\/hubsch-interior.com\/wp-content\/uploads\/2022\/12\/Hubsch_logo_black_one_line.svg","caption":"H\u00fcbsch"},"image":{"@id":"https:\/\/hubsch-interior.com\/da\/#\/schema\/logo\/image\/"}}]}},"_links":{"self":[{"href":"https:\/\/hubsch-interior.com\/da\/wp-json\/wp\/v2\/product\/1089195","targetHints":{"allow":["GET"]}}],"collection":[{"href":"https:\/\/hubsch-interior.com\/da\/wp-json\/wp\/v2\/product"}],"about":[{"href":"https:\/\/hubsch-interior.com\/da\/wp-json\/wp\/v2\/types\/product"}],"wp:featuredmedia":[{"embeddable":true,"href":"https:\/\/hubsch-interior.com\/da\/wp-json\/wp\/v2\/media\/1113896"}],"wp:attachment":[{"href":"https:\/\/hubsch-interior.com\/da\/wp-json\/wp\/v2\/media?parent=1089195"}],"wp:term":[{"taxonomy":"product_brand","embeddable":true,"href":"https:\/\/hubsch-interior.com\/da\/wp-json\/wp\/v2\/product_brand?post=1089195"},{"taxonomy":"product_cat","embeddable":true,"href":"https:\/\/hubsch-interior.com\/da\/wp-json\/wp\/v2\/product_cat?post=1089195"},{"taxonomy":"product_tag","embeddable":true,"href":"https:\/\/hubsch-interior.com\/da\/wp-json\/wp\/v2\/product_tag?post=1089195"}],"curies":[{"name":"wp","href":"https:\/\/api.w.org\/{rel}","templated":true}]}}