{"id":1089211,"date":"2026-01-31T05:25:14","date_gmt":"2026-01-31T04:25:14","guid":{"rendered":"https:\/\/hubsch-interior.com\/product\/product\/"},"modified":"2026-04-05T05:24:53","modified_gmt":"2026-04-05T03:24:53","slug":"flip-knageraekke-rod","status":"publish","type":"product","link":"https:\/\/hubsch-interior.com\/da\/vare\/flip-knageraekke-rod\/","title":{"rendered":"Flip Knager\u00e6kke R\u00f8d"},"content":{"rendered":"<p>Skab plads \u2014 med et twist. Flip Knager\u00e6kke i str\u00e5lende r\u00f8d er b\u00e5de et dristigt statement og en smart opbevaringsl\u00f8sning. Tilg\u00e6ngelig i tre stilfulde varianter tilpasser den sig ubesv\u00e6ret til din indretning. H\u00e6ng jakker, tasker eller t\u00f8rkl\u00e6der op efter behov \u2014 og klapp den sammen for at afsl\u00f8re dens skulpturelle sk\u00f8nhed. Uanset om du monterer den vandret, lodret eller i en legesyg vinkel, inviterer dette funktionelle kunstv\u00e6rk dig til at indrette dine v\u00e6gge p\u00e5 din m\u00e5de. Et design, der altid er praktisk, selv n\u00e5r det ikke bruges til noget som helst.<\/p>\n","protected":false},"excerpt":{"rendered":"<p>Skab plads \u2014 med et twist. Flip Knager\u00e6kke i str\u00e5lende r\u00f8d er b\u00e5de et dristigt statement og en smart opbevaringsl\u00f8sning. Tilg\u00e6ngelig i tre stilfulde varianter tilpasser den sig ubesv\u00e6ret til din indretning. H\u00e6ng jakker, tasker eller t\u00f8rkl\u00e6der op efter behov \u2014 og klapp den sammen for at afsl\u00f8re dens skulpturelle sk\u00f8nhed. Uanset om du monterer [&hellip;]<\/p>\n","protected":false},"featured_media":1111623,"template":"","meta":{"_acf_changed":false,"inline_featured_image":false},"product_brand":[],"product_cat":[7153,4039,4040,5045],"product_tag":[],"class_list":{"0":"post-1089211","1":"product","2":"type-product","3":"status-publish","4":"has-post-thumbnail","6":"product_cat-dweller-da","7":"product_cat-knager-knageraekker-da","8":"product_cat-knageraekker-da","9":"product_cat-nyheder-da","10":"product_shipping_class-pk","12":"pa_color-rd","13":"pa_material-jern-da","15":"first","16":"instock","17":"taxable","18":"shipping-taxable","19":"purchasable","20":"product-type-simple"},"exclude_global_add_ons":[],"addons":[],"acf":[],"yoast_head":"<!-- This site is optimized with the Yoast SEO plugin v26.4 - https:\/\/yoast.com\/wordpress\/plugins\/seo\/ -->\n<title>Flip Knager\u00e6kke R\u00f8d - H\u00fcbsch<\/title>\n<meta name=\"description\" content=\"Skab plads \u2014 med et twist. Flip Knager\u00e6kke i str\u00e5lende r\u00f8d er b\u00e5de et dristigt statement og en smart opbevaringsl\u00f8sning. Tilg\u00e6ngelig i tre stilfulde\" \/>\n<meta name=\"robots\" content=\"index, follow, max-snippet:-1, max-image-preview:large, max-video-preview:-1\" \/>\n<link rel=\"canonical\" href=\"https:\/\/hubsch-interior.com\/da\/wp-json\/wp\/v2\/product\/1089211\" \/>\n<meta property=\"og:locale\" content=\"da_DK\" \/>\n<meta property=\"og:type\" content=\"article\" \/>\n<meta property=\"og:title\" content=\"Flip Knager\u00e6kke R\u00f8d - H\u00fcbsch\" \/>\n<meta property=\"og:description\" content=\"Skab plads \u2014 med et twist. Flip Knager\u00e6kke i str\u00e5lende r\u00f8d er b\u00e5de et dristigt statement og en smart opbevaringsl\u00f8sning. Tilg\u00e6ngelig i tre stilfulde\" \/>\n<meta property=\"og:url\" content=\"https:\/\/hubsch-interior.com\/da\/vare\/flip-knageraekke-rod\/\" \/>\n<meta property=\"og:site_name\" content=\"H\u00fcbsch\" \/>\n<meta property=\"article:modified_time\" content=\"2026-04-05T03:24:53+00:00\" \/>\n<meta property=\"og:image\" content=\"https:\/\/hubsch-interior.com\/wp-content\/uploads\/2026\/01\/flip-coatrack-red-92fdb4e351a2184984951792cbe28139.jpg\" \/>\n\t<meta property=\"og:image:width\" content=\"1200\" \/>\n\t<meta property=\"og:image:height\" content=\"1200\" \/>\n\t<meta property=\"og:image:type\" content=\"image\/jpeg\" \/>\n<meta name=\"twitter:card\" content=\"summary_large_image\" \/>\n<meta name=\"twitter:label1\" content=\"Estimeret l\u00e6setid\" \/>\n\t<meta name=\"twitter:data1\" content=\"1 minut\" \/>\n<script type=\"application\/ld+json\" class=\"yoast-schema-graph\">{\"@context\":\"https:\/\/schema.org\",\"@graph\":[{\"@type\":\"WebPage\",\"@id\":\"https:\/\/hubsch-interior.com\/da\/vare\/flip-knageraekke-rod\/\",\"url\":\"https:\/\/hubsch-interior.com\/da\/vare\/flip-knageraekke-rod\/\",\"name\":\"Flip Knager\u00e6kke R\u00f8d - H\u00fcbsch\",\"isPartOf\":{\"@id\":\"https:\/\/hubsch-interior.com\/da\/#website\"},\"primaryImageOfPage\":{\"@id\":\"https:\/\/hubsch-interior.com\/da\/vare\/flip-knageraekke-rod\/#primaryimage\"},\"image\":{\"@id\":\"https:\/\/hubsch-interior.com\/da\/vare\/flip-knageraekke-rod\/#primaryimage\"},\"thumbnailUrl\":\"https:\/\/hubsch-interior.com\/wp-content\/uploads\/2026\/02\/flip-coatrack-red-4f9c7584d1dba7944d089e6af68716c4.jpg\",\"datePublished\":\"2026-01-31T04:25:14+00:00\",\"dateModified\":\"2026-04-05T03:24:53+00:00\",\"description\":\"Skab plads \u2014 med et twist. Flip Knager\u00e6kke i str\u00e5lende r\u00f8d er b\u00e5de et dristigt statement og en smart opbevaringsl\u00f8sning. Tilg\u00e6ngelig i tre stilfulde\",\"breadcrumb\":{\"@id\":\"https:\/\/hubsch-interior.com\/da\/vare\/flip-knageraekke-rod\/#breadcrumb\"},\"inLanguage\":\"da-DK\",\"potentialAction\":[{\"@type\":\"ReadAction\",\"target\":[\"https:\/\/hubsch-interior.com\/da\/vare\/flip-knageraekke-rod\/\"]}]},{\"@type\":\"ImageObject\",\"inLanguage\":\"da-DK\",\"@id\":\"https:\/\/hubsch-interior.com\/da\/vare\/flip-knageraekke-rod\/#primaryimage\",\"url\":\"https:\/\/hubsch-interior.com\/wp-content\/uploads\/2026\/02\/flip-coatrack-red-4f9c7584d1dba7944d089e6af68716c4.jpg\",\"contentUrl\":\"https:\/\/hubsch-interior.com\/wp-content\/uploads\/2026\/02\/flip-coatrack-red-4f9c7584d1dba7944d089e6af68716c4.jpg\",\"width\":1024,\"height\":1024},{\"@type\":\"BreadcrumbList\",\"@id\":\"https:\/\/hubsch-interior.com\/da\/vare\/flip-knageraekke-rod\/#breadcrumb\",\"itemListElement\":[{\"@type\":\"ListItem\",\"position\":1,\"name\":\"Forside\",\"item\":\"https:\/\/hubsch-interior.com\/da\/\"},{\"@type\":\"ListItem\",\"position\":2,\"name\":\"Produkter\",\"item\":\"https:\/\/hubsch-interior.com\/da\/produkter\/\"},{\"@type\":\"ListItem\",\"position\":3,\"name\":\"Flip Knager\u00e6kke R\u00f8d\"}]},{\"@type\":\"WebSite\",\"@id\":\"https:\/\/hubsch-interior.com\/da\/#website\",\"url\":\"https:\/\/hubsch-interior.com\/da\/\",\"name\":\"H\u00fcbsch\",\"description\":\"Danish Home Interior and Design\",\"publisher\":{\"@id\":\"https:\/\/hubsch-interior.com\/da\/#organization\"},\"potentialAction\":[{\"@type\":\"SearchAction\",\"target\":{\"@type\":\"EntryPoint\",\"urlTemplate\":\"https:\/\/hubsch-interior.com\/da\/?s={search_term_string}\"},\"query-input\":{\"@type\":\"PropertyValueSpecification\",\"valueRequired\":true,\"valueName\":\"search_term_string\"}}],\"inLanguage\":\"da-DK\"},{\"@type\":\"Organization\",\"@id\":\"https:\/\/hubsch-interior.com\/da\/#organization\",\"name\":\"H\u00fcbsch\",\"url\":\"https:\/\/hubsch-interior.com\/da\/\",\"logo\":{\"@type\":\"ImageObject\",\"inLanguage\":\"da-DK\",\"@id\":\"https:\/\/hubsch-interior.com\/da\/#\/schema\/logo\/image\/\",\"url\":\"https:\/\/hubsch-interior.com\/wp-content\/uploads\/2022\/12\/Hubsch_logo_black_one_line.svg\",\"contentUrl\":\"https:\/\/hubsch-interior.com\/wp-content\/uploads\/2022\/12\/Hubsch_logo_black_one_line.svg\",\"caption\":\"H\u00fcbsch\"},\"image\":{\"@id\":\"https:\/\/hubsch-interior.com\/da\/#\/schema\/logo\/image\/\"}}]}<\/script>\n<!-- \/ Yoast SEO plugin. -->","yoast_head_json":{"title":"Flip Knager\u00e6kke R\u00f8d - H\u00fcbsch","description":"Skab plads \u2014 med et twist. Flip Knager\u00e6kke i str\u00e5lende r\u00f8d er b\u00e5de et dristigt statement og en smart opbevaringsl\u00f8sning. Tilg\u00e6ngelig i tre stilfulde","robots":{"index":"index","follow":"follow","max-snippet":"max-snippet:-1","max-image-preview":"max-image-preview:large","max-video-preview":"max-video-preview:-1"},"canonical":"https:\/\/hubsch-interior.com\/da\/wp-json\/wp\/v2\/product\/1089211","og_locale":"da_DK","og_type":"article","og_title":"Flip Knager\u00e6kke R\u00f8d - H\u00fcbsch","og_description":"Skab plads \u2014 med et twist. Flip Knager\u00e6kke i str\u00e5lende r\u00f8d er b\u00e5de et dristigt statement og en smart opbevaringsl\u00f8sning. Tilg\u00e6ngelig i tre stilfulde","og_url":"https:\/\/hubsch-interior.com\/da\/vare\/flip-knageraekke-rod\/","og_site_name":"H\u00fcbsch","article_modified_time":"2026-04-05T03:24:53+00:00","og_image":[{"width":1200,"height":1200,"url":"https:\/\/hubsch-interior.com\/wp-content\/uploads\/2026\/01\/flip-coatrack-red-92fdb4e351a2184984951792cbe28139.jpg","type":"image\/jpeg"}],"twitter_card":"summary_large_image","twitter_misc":{"Estimeret l\u00e6setid":"1 minut"},"schema":{"@context":"https:\/\/schema.org","@graph":[{"@type":"WebPage","@id":"https:\/\/hubsch-interior.com\/da\/vare\/flip-knageraekke-rod\/","url":"https:\/\/hubsch-interior.com\/da\/vare\/flip-knageraekke-rod\/","name":"Flip Knager\u00e6kke R\u00f8d - H\u00fcbsch","isPartOf":{"@id":"https:\/\/hubsch-interior.com\/da\/#website"},"primaryImageOfPage":{"@id":"https:\/\/hubsch-interior.com\/da\/vare\/flip-knageraekke-rod\/#primaryimage"},"image":{"@id":"https:\/\/hubsch-interior.com\/da\/vare\/flip-knageraekke-rod\/#primaryimage"},"thumbnailUrl":"https:\/\/hubsch-interior.com\/wp-content\/uploads\/2026\/02\/flip-coatrack-red-4f9c7584d1dba7944d089e6af68716c4.jpg","datePublished":"2026-01-31T04:25:14+00:00","dateModified":"2026-04-05T03:24:53+00:00","description":"Skab plads \u2014 med et twist. Flip Knager\u00e6kke i str\u00e5lende r\u00f8d er b\u00e5de et dristigt statement og en smart opbevaringsl\u00f8sning. Tilg\u00e6ngelig i tre stilfulde","breadcrumb":{"@id":"https:\/\/hubsch-interior.com\/da\/vare\/flip-knageraekke-rod\/#breadcrumb"},"inLanguage":"da-DK","potentialAction":[{"@type":"ReadAction","target":["https:\/\/hubsch-interior.com\/da\/vare\/flip-knageraekke-rod\/"]}]},{"@type":"ImageObject","inLanguage":"da-DK","@id":"https:\/\/hubsch-interior.com\/da\/vare\/flip-knageraekke-rod\/#primaryimage","url":"https:\/\/hubsch-interior.com\/wp-content\/uploads\/2026\/02\/flip-coatrack-red-4f9c7584d1dba7944d089e6af68716c4.jpg","contentUrl":"https:\/\/hubsch-interior.com\/wp-content\/uploads\/2026\/02\/flip-coatrack-red-4f9c7584d1dba7944d089e6af68716c4.jpg","width":1024,"height":1024},{"@type":"BreadcrumbList","@id":"https:\/\/hubsch-interior.com\/da\/vare\/flip-knageraekke-rod\/#breadcrumb","itemListElement":[{"@type":"ListItem","position":1,"name":"Forside","item":"https:\/\/hubsch-interior.com\/da\/"},{"@type":"ListItem","position":2,"name":"Produkter","item":"https:\/\/hubsch-interior.com\/da\/produkter\/"},{"@type":"ListItem","position":3,"name":"Flip Knager\u00e6kke R\u00f8d"}]},{"@type":"WebSite","@id":"https:\/\/hubsch-interior.com\/da\/#website","url":"https:\/\/hubsch-interior.com\/da\/","name":"H\u00fcbsch","description":"Danish Home Interior and Design","publisher":{"@id":"https:\/\/hubsch-interior.com\/da\/#organization"},"potentialAction":[{"@type":"SearchAction","target":{"@type":"EntryPoint","urlTemplate":"https:\/\/hubsch-interior.com\/da\/?s={search_term_string}"},"query-input":{"@type":"PropertyValueSpecification","valueRequired":true,"valueName":"search_term_string"}}],"inLanguage":"da-DK"},{"@type":"Organization","@id":"https:\/\/hubsch-interior.com\/da\/#organization","name":"H\u00fcbsch","url":"https:\/\/hubsch-interior.com\/da\/","logo":{"@type":"ImageObject","inLanguage":"da-DK","@id":"https:\/\/hubsch-interior.com\/da\/#\/schema\/logo\/image\/","url":"https:\/\/hubsch-interior.com\/wp-content\/uploads\/2022\/12\/Hubsch_logo_black_one_line.svg","contentUrl":"https:\/\/hubsch-interior.com\/wp-content\/uploads\/2022\/12\/Hubsch_logo_black_one_line.svg","caption":"H\u00fcbsch"},"image":{"@id":"https:\/\/hubsch-interior.com\/da\/#\/schema\/logo\/image\/"}}]}},"_links":{"self":[{"href":"https:\/\/hubsch-interior.com\/da\/wp-json\/wp\/v2\/product\/1089211","targetHints":{"allow":["GET"]}}],"collection":[{"href":"https:\/\/hubsch-interior.com\/da\/wp-json\/wp\/v2\/product"}],"about":[{"href":"https:\/\/hubsch-interior.com\/da\/wp-json\/wp\/v2\/types\/product"}],"wp:featuredmedia":[{"embeddable":true,"href":"https:\/\/hubsch-interior.com\/da\/wp-json\/wp\/v2\/media\/1111623"}],"wp:attachment":[{"href":"https:\/\/hubsch-interior.com\/da\/wp-json\/wp\/v2\/media?parent=1089211"}],"wp:term":[{"taxonomy":"product_brand","embeddable":true,"href":"https:\/\/hubsch-interior.com\/da\/wp-json\/wp\/v2\/product_brand?post=1089211"},{"taxonomy":"product_cat","embeddable":true,"href":"https:\/\/hubsch-interior.com\/da\/wp-json\/wp\/v2\/product_cat?post=1089211"},{"taxonomy":"product_tag","embeddable":true,"href":"https:\/\/hubsch-interior.com\/da\/wp-json\/wp\/v2\/product_tag?post=1089211"}],"curies":[{"name":"wp","href":"https:\/\/api.w.org\/{rel}","templated":true}]}}