{"id":1089223,"date":"2026-01-31T05:25:27","date_gmt":"2026-01-31T04:25:27","guid":{"rendered":"https:\/\/hubsch-interior.com\/product\/product\/"},"modified":"2026-04-05T05:24:57","modified_gmt":"2026-04-05T03:24:57","slug":"flip-knageraekke-lysegra","status":"publish","type":"product","link":"https:\/\/hubsch-interior.com\/da\/vare\/flip-knageraekke-lysegra\/","title":{"rendered":"Flip Knager\u00e6kke Lysegr\u00e5"},"content":{"rendered":"<p>Hvor funktion m\u00f8der form. Flip Knager\u00e6kken i beroligende lysgr\u00e5 tilf\u00f8jer en diskret elegance til dine v\u00e6gge \u2014 praktisk, n\u00e5r den er i brug, og skulpturel, n\u00e5r den ikke er. H\u00e6ng frakker, tasker eller t\u00f8rkl\u00e6der nemt op, og flip den herefter ind, s\u00e5 den fremst\u00e5r som et stykke v\u00e6gkunst, der f\u00f8les gennemt\u00e6nkt og raffineret. Uanset om den monteres lodret eller vandret, tilpasser den sig din stil og dit rum. Tilg\u00e6ngelig i tre forskellige varianter, bringer dette kloge design en poetisk form for orden \u2014 den slags der rydder op og fanger opm\u00e6rksomhed p\u00e5 samme tid.<\/p>\n","protected":false},"excerpt":{"rendered":"<p>Hvor funktion m\u00f8der form. Flip Knager\u00e6kken i beroligende lysgr\u00e5 tilf\u00f8jer en diskret elegance til dine v\u00e6gge \u2014 praktisk, n\u00e5r den er i brug, og skulpturel, n\u00e5r den ikke er. H\u00e6ng frakker, tasker eller t\u00f8rkl\u00e6der nemt op, og flip den herefter ind, s\u00e5 den fremst\u00e5r som et stykke v\u00e6gkunst, der f\u00f8les gennemt\u00e6nkt og raffineret. Uanset om [&hellip;]<\/p>\n","protected":false},"featured_media":1111635,"template":"","meta":{"_acf_changed":false,"inline_featured_image":false},"product_brand":[],"product_cat":[7153,4039,4040,5025,5045],"product_tag":[],"class_list":{"0":"post-1089223","1":"product","2":"type-product","3":"status-publish","4":"has-post-thumbnail","6":"product_cat-dweller-da","7":"product_cat-knager-knageraekker-da","8":"product_cat-knageraekker-da","9":"product_cat-bestsellers-da","10":"product_cat-nyheder-da","11":"product_shipping_class-pk","13":"pa_color-lysegr","14":"pa_material-jern-da","16":"first","17":"instock","18":"featured","19":"taxable","20":"shipping-taxable","21":"purchasable","22":"product-type-simple"},"exclude_global_add_ons":[],"addons":[],"acf":[],"yoast_head":"<!-- This site is optimized with the Yoast SEO plugin v26.4 - https:\/\/yoast.com\/wordpress\/plugins\/seo\/ -->\n<title>Flip Knager\u00e6kke Lysegr\u00e5 - H\u00fcbsch<\/title>\n<meta name=\"description\" content=\"Hvor funktion m\u00f8der form. Flip Knager\u00e6kken i beroligende lysgr\u00e5 tilf\u00f8jer en diskret elegance til dine v\u00e6gge \u2014 praktisk, n\u00e5r den er i brug, og skulpturel,\" \/>\n<meta name=\"robots\" content=\"index, follow, max-snippet:-1, max-image-preview:large, max-video-preview:-1\" \/>\n<link rel=\"canonical\" href=\"https:\/\/hubsch-interior.com\/da\/wp-json\/wp\/v2\/product\/1089223\" \/>\n<meta property=\"og:locale\" content=\"da_DK\" \/>\n<meta property=\"og:type\" content=\"article\" \/>\n<meta property=\"og:title\" content=\"Flip Knager\u00e6kke Lysegr\u00e5 - H\u00fcbsch\" \/>\n<meta property=\"og:description\" content=\"Hvor funktion m\u00f8der form. Flip Knager\u00e6kken i beroligende lysgr\u00e5 tilf\u00f8jer en diskret elegance til dine v\u00e6gge \u2014 praktisk, n\u00e5r den er i brug, og skulpturel,\" \/>\n<meta property=\"og:url\" content=\"https:\/\/hubsch-interior.com\/da\/vare\/flip-knageraekke-lysegra\/\" \/>\n<meta property=\"og:site_name\" content=\"H\u00fcbsch\" \/>\n<meta property=\"article:modified_time\" content=\"2026-04-05T03:24:57+00:00\" \/>\n<meta property=\"og:image\" content=\"https:\/\/hubsch-interior.com\/wp-content\/uploads\/2026\/01\/flip-coatrack-light-grey-b546a4b887a2ad608c08e8acbbe66e0c.jpg\" \/>\n\t<meta property=\"og:image:width\" content=\"1200\" \/>\n\t<meta property=\"og:image:height\" content=\"1200\" \/>\n\t<meta property=\"og:image:type\" content=\"image\/jpeg\" \/>\n<meta name=\"twitter:card\" content=\"summary_large_image\" \/>\n<meta name=\"twitter:label1\" content=\"Estimeret l\u00e6setid\" \/>\n\t<meta name=\"twitter:data1\" content=\"1 minut\" \/>\n<script type=\"application\/ld+json\" class=\"yoast-schema-graph\">{\"@context\":\"https:\/\/schema.org\",\"@graph\":[{\"@type\":\"WebPage\",\"@id\":\"https:\/\/hubsch-interior.com\/da\/vare\/flip-knageraekke-lysegra\/\",\"url\":\"https:\/\/hubsch-interior.com\/da\/vare\/flip-knageraekke-lysegra\/\",\"name\":\"Flip Knager\u00e6kke Lysegr\u00e5 - H\u00fcbsch\",\"isPartOf\":{\"@id\":\"https:\/\/hubsch-interior.com\/da\/#website\"},\"primaryImageOfPage\":{\"@id\":\"https:\/\/hubsch-interior.com\/da\/vare\/flip-knageraekke-lysegra\/#primaryimage\"},\"image\":{\"@id\":\"https:\/\/hubsch-interior.com\/da\/vare\/flip-knageraekke-lysegra\/#primaryimage\"},\"thumbnailUrl\":\"https:\/\/hubsch-interior.com\/wp-content\/uploads\/2026\/02\/flip-coatrack-light-grey-0d486d6a02e67b77e5f4f6c8030c73e2.jpg\",\"datePublished\":\"2026-01-31T04:25:27+00:00\",\"dateModified\":\"2026-04-05T03:24:57+00:00\",\"description\":\"Hvor funktion m\u00f8der form. Flip Knager\u00e6kken i beroligende lysgr\u00e5 tilf\u00f8jer en diskret elegance til dine v\u00e6gge \u2014 praktisk, n\u00e5r den er i brug, og skulpturel,\",\"breadcrumb\":{\"@id\":\"https:\/\/hubsch-interior.com\/da\/vare\/flip-knageraekke-lysegra\/#breadcrumb\"},\"inLanguage\":\"da-DK\",\"potentialAction\":[{\"@type\":\"ReadAction\",\"target\":[\"https:\/\/hubsch-interior.com\/da\/vare\/flip-knageraekke-lysegra\/\"]}]},{\"@type\":\"ImageObject\",\"inLanguage\":\"da-DK\",\"@id\":\"https:\/\/hubsch-interior.com\/da\/vare\/flip-knageraekke-lysegra\/#primaryimage\",\"url\":\"https:\/\/hubsch-interior.com\/wp-content\/uploads\/2026\/02\/flip-coatrack-light-grey-0d486d6a02e67b77e5f4f6c8030c73e2.jpg\",\"contentUrl\":\"https:\/\/hubsch-interior.com\/wp-content\/uploads\/2026\/02\/flip-coatrack-light-grey-0d486d6a02e67b77e5f4f6c8030c73e2.jpg\",\"width\":1024,\"height\":1024},{\"@type\":\"BreadcrumbList\",\"@id\":\"https:\/\/hubsch-interior.com\/da\/vare\/flip-knageraekke-lysegra\/#breadcrumb\",\"itemListElement\":[{\"@type\":\"ListItem\",\"position\":1,\"name\":\"Forside\",\"item\":\"https:\/\/hubsch-interior.com\/da\/\"},{\"@type\":\"ListItem\",\"position\":2,\"name\":\"Produkter\",\"item\":\"https:\/\/hubsch-interior.com\/da\/produkter\/\"},{\"@type\":\"ListItem\",\"position\":3,\"name\":\"Flip Knager\u00e6kke Lysegr\u00e5\"}]},{\"@type\":\"WebSite\",\"@id\":\"https:\/\/hubsch-interior.com\/da\/#website\",\"url\":\"https:\/\/hubsch-interior.com\/da\/\",\"name\":\"H\u00fcbsch\",\"description\":\"Danish Home Interior and Design\",\"publisher\":{\"@id\":\"https:\/\/hubsch-interior.com\/da\/#organization\"},\"potentialAction\":[{\"@type\":\"SearchAction\",\"target\":{\"@type\":\"EntryPoint\",\"urlTemplate\":\"https:\/\/hubsch-interior.com\/da\/?s={search_term_string}\"},\"query-input\":{\"@type\":\"PropertyValueSpecification\",\"valueRequired\":true,\"valueName\":\"search_term_string\"}}],\"inLanguage\":\"da-DK\"},{\"@type\":\"Organization\",\"@id\":\"https:\/\/hubsch-interior.com\/da\/#organization\",\"name\":\"H\u00fcbsch\",\"url\":\"https:\/\/hubsch-interior.com\/da\/\",\"logo\":{\"@type\":\"ImageObject\",\"inLanguage\":\"da-DK\",\"@id\":\"https:\/\/hubsch-interior.com\/da\/#\/schema\/logo\/image\/\",\"url\":\"https:\/\/hubsch-interior.com\/wp-content\/uploads\/2022\/12\/Hubsch_logo_black_one_line.svg\",\"contentUrl\":\"https:\/\/hubsch-interior.com\/wp-content\/uploads\/2022\/12\/Hubsch_logo_black_one_line.svg\",\"caption\":\"H\u00fcbsch\"},\"image\":{\"@id\":\"https:\/\/hubsch-interior.com\/da\/#\/schema\/logo\/image\/\"}}]}<\/script>\n<!-- \/ Yoast SEO plugin. -->","yoast_head_json":{"title":"Flip Knager\u00e6kke Lysegr\u00e5 - H\u00fcbsch","description":"Hvor funktion m\u00f8der form. Flip Knager\u00e6kken i beroligende lysgr\u00e5 tilf\u00f8jer en diskret elegance til dine v\u00e6gge \u2014 praktisk, n\u00e5r den er i brug, og skulpturel,","robots":{"index":"index","follow":"follow","max-snippet":"max-snippet:-1","max-image-preview":"max-image-preview:large","max-video-preview":"max-video-preview:-1"},"canonical":"https:\/\/hubsch-interior.com\/da\/wp-json\/wp\/v2\/product\/1089223","og_locale":"da_DK","og_type":"article","og_title":"Flip Knager\u00e6kke Lysegr\u00e5 - H\u00fcbsch","og_description":"Hvor funktion m\u00f8der form. Flip Knager\u00e6kken i beroligende lysgr\u00e5 tilf\u00f8jer en diskret elegance til dine v\u00e6gge \u2014 praktisk, n\u00e5r den er i brug, og skulpturel,","og_url":"https:\/\/hubsch-interior.com\/da\/vare\/flip-knageraekke-lysegra\/","og_site_name":"H\u00fcbsch","article_modified_time":"2026-04-05T03:24:57+00:00","og_image":[{"width":1200,"height":1200,"url":"https:\/\/hubsch-interior.com\/wp-content\/uploads\/2026\/01\/flip-coatrack-light-grey-b546a4b887a2ad608c08e8acbbe66e0c.jpg","type":"image\/jpeg"}],"twitter_card":"summary_large_image","twitter_misc":{"Estimeret l\u00e6setid":"1 minut"},"schema":{"@context":"https:\/\/schema.org","@graph":[{"@type":"WebPage","@id":"https:\/\/hubsch-interior.com\/da\/vare\/flip-knageraekke-lysegra\/","url":"https:\/\/hubsch-interior.com\/da\/vare\/flip-knageraekke-lysegra\/","name":"Flip Knager\u00e6kke Lysegr\u00e5 - H\u00fcbsch","isPartOf":{"@id":"https:\/\/hubsch-interior.com\/da\/#website"},"primaryImageOfPage":{"@id":"https:\/\/hubsch-interior.com\/da\/vare\/flip-knageraekke-lysegra\/#primaryimage"},"image":{"@id":"https:\/\/hubsch-interior.com\/da\/vare\/flip-knageraekke-lysegra\/#primaryimage"},"thumbnailUrl":"https:\/\/hubsch-interior.com\/wp-content\/uploads\/2026\/02\/flip-coatrack-light-grey-0d486d6a02e67b77e5f4f6c8030c73e2.jpg","datePublished":"2026-01-31T04:25:27+00:00","dateModified":"2026-04-05T03:24:57+00:00","description":"Hvor funktion m\u00f8der form. Flip Knager\u00e6kken i beroligende lysgr\u00e5 tilf\u00f8jer en diskret elegance til dine v\u00e6gge \u2014 praktisk, n\u00e5r den er i brug, og skulpturel,","breadcrumb":{"@id":"https:\/\/hubsch-interior.com\/da\/vare\/flip-knageraekke-lysegra\/#breadcrumb"},"inLanguage":"da-DK","potentialAction":[{"@type":"ReadAction","target":["https:\/\/hubsch-interior.com\/da\/vare\/flip-knageraekke-lysegra\/"]}]},{"@type":"ImageObject","inLanguage":"da-DK","@id":"https:\/\/hubsch-interior.com\/da\/vare\/flip-knageraekke-lysegra\/#primaryimage","url":"https:\/\/hubsch-interior.com\/wp-content\/uploads\/2026\/02\/flip-coatrack-light-grey-0d486d6a02e67b77e5f4f6c8030c73e2.jpg","contentUrl":"https:\/\/hubsch-interior.com\/wp-content\/uploads\/2026\/02\/flip-coatrack-light-grey-0d486d6a02e67b77e5f4f6c8030c73e2.jpg","width":1024,"height":1024},{"@type":"BreadcrumbList","@id":"https:\/\/hubsch-interior.com\/da\/vare\/flip-knageraekke-lysegra\/#breadcrumb","itemListElement":[{"@type":"ListItem","position":1,"name":"Forside","item":"https:\/\/hubsch-interior.com\/da\/"},{"@type":"ListItem","position":2,"name":"Produkter","item":"https:\/\/hubsch-interior.com\/da\/produkter\/"},{"@type":"ListItem","position":3,"name":"Flip Knager\u00e6kke Lysegr\u00e5"}]},{"@type":"WebSite","@id":"https:\/\/hubsch-interior.com\/da\/#website","url":"https:\/\/hubsch-interior.com\/da\/","name":"H\u00fcbsch","description":"Danish Home Interior and Design","publisher":{"@id":"https:\/\/hubsch-interior.com\/da\/#organization"},"potentialAction":[{"@type":"SearchAction","target":{"@type":"EntryPoint","urlTemplate":"https:\/\/hubsch-interior.com\/da\/?s={search_term_string}"},"query-input":{"@type":"PropertyValueSpecification","valueRequired":true,"valueName":"search_term_string"}}],"inLanguage":"da-DK"},{"@type":"Organization","@id":"https:\/\/hubsch-interior.com\/da\/#organization","name":"H\u00fcbsch","url":"https:\/\/hubsch-interior.com\/da\/","logo":{"@type":"ImageObject","inLanguage":"da-DK","@id":"https:\/\/hubsch-interior.com\/da\/#\/schema\/logo\/image\/","url":"https:\/\/hubsch-interior.com\/wp-content\/uploads\/2022\/12\/Hubsch_logo_black_one_line.svg","contentUrl":"https:\/\/hubsch-interior.com\/wp-content\/uploads\/2022\/12\/Hubsch_logo_black_one_line.svg","caption":"H\u00fcbsch"},"image":{"@id":"https:\/\/hubsch-interior.com\/da\/#\/schema\/logo\/image\/"}}]}},"_links":{"self":[{"href":"https:\/\/hubsch-interior.com\/da\/wp-json\/wp\/v2\/product\/1089223","targetHints":{"allow":["GET"]}}],"collection":[{"href":"https:\/\/hubsch-interior.com\/da\/wp-json\/wp\/v2\/product"}],"about":[{"href":"https:\/\/hubsch-interior.com\/da\/wp-json\/wp\/v2\/types\/product"}],"wp:featuredmedia":[{"embeddable":true,"href":"https:\/\/hubsch-interior.com\/da\/wp-json\/wp\/v2\/media\/1111635"}],"wp:attachment":[{"href":"https:\/\/hubsch-interior.com\/da\/wp-json\/wp\/v2\/media?parent=1089223"}],"wp:term":[{"taxonomy":"product_brand","embeddable":true,"href":"https:\/\/hubsch-interior.com\/da\/wp-json\/wp\/v2\/product_brand?post=1089223"},{"taxonomy":"product_cat","embeddable":true,"href":"https:\/\/hubsch-interior.com\/da\/wp-json\/wp\/v2\/product_cat?post=1089223"},{"taxonomy":"product_tag","embeddable":true,"href":"https:\/\/hubsch-interior.com\/da\/wp-json\/wp\/v2\/product_tag?post=1089223"}],"curies":[{"name":"wp","href":"https:\/\/api.w.org\/{rel}","templated":true}]}}