{"id":1089235,"date":"2026-01-31T05:25:37","date_gmt":"2026-01-31T04:25:37","guid":{"rendered":"https:\/\/hubsch-interior.com\/product\/product\/"},"modified":"2026-04-05T05:25:00","modified_gmt":"2026-04-05T03:25:00","slug":"flip-knageraekke-lysegron","status":"publish","type":"product","link":"https:\/\/hubsch-interior.com\/da\/vare\/flip-knageraekke-lysegron\/","title":{"rendered":"Flip Knager\u00e6kke Lysegr\u00f8n"},"content":{"rendered":"<p>Hvor funktion bliver til form. Flip Knager\u00e6kke i forfriskende lysegr\u00f8n tilf\u00f8rer et strejf af legende ro til dit rum \u2014 praktisk i brug, skulpturel n\u00e5r den ikke er i brug. H\u00e6ng frakker, tasker eller t\u00f8rkl\u00e6der med lethed, og flip den derefter ind, s\u00e5 den afsl\u00f8rer et subtilt stykke v\u00e6gkunst med et bl\u00f8dt, moderne udtryk. Uanset om den monteres lodret eller vandret, tilpasser den sig din stil og rytme. Tilg\u00e6ngelig i tre unikke varianter, bringer dette kloge design en poetisk form for orden \u2014 den slags orden, der rydder op og drejer hoveder p\u00e5 samme tid.<\/p>\n","protected":false},"excerpt":{"rendered":"<p>Hvor funktion bliver til form. Flip Knager\u00e6kke i forfriskende lysegr\u00f8n tilf\u00f8rer et strejf af legende ro til dit rum \u2014 praktisk i brug, skulpturel n\u00e5r den ikke er i brug. H\u00e6ng frakker, tasker eller t\u00f8rkl\u00e6der med lethed, og flip den derefter ind, s\u00e5 den afsl\u00f8rer et subtilt stykke v\u00e6gkunst med et bl\u00f8dt, moderne udtryk. Uanset [&hellip;]<\/p>\n","protected":false},"featured_media":1111643,"template":"","meta":{"_acf_changed":false,"inline_featured_image":false},"product_brand":[],"product_cat":[7153,4039,4040,5045],"product_tag":[],"class_list":{"0":"post-1089235","1":"product","2":"type-product","3":"status-publish","4":"has-post-thumbnail","6":"product_cat-dweller-da","7":"product_cat-knager-knageraekker-da","8":"product_cat-knageraekker-da","9":"product_cat-nyheder-da","10":"product_shipping_class-pk","12":"pa_color-lysegrn","13":"pa_material-jern-da","15":"first","16":"instock","17":"taxable","18":"shipping-taxable","19":"purchasable","20":"product-type-simple"},"exclude_global_add_ons":[],"addons":[],"acf":[],"yoast_head":"<!-- This site is optimized with the Yoast SEO plugin v26.4 - https:\/\/yoast.com\/wordpress\/plugins\/seo\/ -->\n<title>Flip Knager\u00e6kke Lysegr\u00f8n - H\u00fcbsch<\/title>\n<meta name=\"description\" content=\"Hvor funktion bliver til form. Flip Knager\u00e6kke i forfriskende lysegr\u00f8n tilf\u00f8rer et strejf af legende ro til dit rum \u2014 praktisk i brug, skulpturel n\u00e5r den\" \/>\n<meta name=\"robots\" content=\"index, follow, max-snippet:-1, max-image-preview:large, max-video-preview:-1\" \/>\n<link rel=\"canonical\" href=\"https:\/\/hubsch-interior.com\/da\/wp-json\/wp\/v2\/product\/1089235\" \/>\n<meta property=\"og:locale\" content=\"da_DK\" \/>\n<meta property=\"og:type\" content=\"article\" \/>\n<meta property=\"og:title\" content=\"Flip Knager\u00e6kke Lysegr\u00f8n - H\u00fcbsch\" \/>\n<meta property=\"og:description\" content=\"Hvor funktion bliver til form. Flip Knager\u00e6kke i forfriskende lysegr\u00f8n tilf\u00f8rer et strejf af legende ro til dit rum \u2014 praktisk i brug, skulpturel n\u00e5r den\" \/>\n<meta property=\"og:url\" content=\"https:\/\/hubsch-interior.com\/da\/vare\/flip-knageraekke-lysegron\/\" \/>\n<meta property=\"og:site_name\" content=\"H\u00fcbsch\" \/>\n<meta property=\"article:modified_time\" content=\"2026-04-05T03:25:00+00:00\" \/>\n<meta property=\"og:image\" content=\"https:\/\/hubsch-interior.com\/wp-content\/uploads\/2026\/01\/flip-coatrack-light-green-25e84be33c9e7f6e79b9ddd2c4d98c15.jpg\" \/>\n\t<meta property=\"og:image:width\" content=\"1200\" \/>\n\t<meta property=\"og:image:height\" content=\"1200\" \/>\n\t<meta property=\"og:image:type\" content=\"image\/jpeg\" \/>\n<meta name=\"twitter:card\" content=\"summary_large_image\" \/>\n<meta name=\"twitter:label1\" content=\"Estimeret l\u00e6setid\" \/>\n\t<meta name=\"twitter:data1\" content=\"1 minut\" \/>\n<script type=\"application\/ld+json\" class=\"yoast-schema-graph\">{\"@context\":\"https:\/\/schema.org\",\"@graph\":[{\"@type\":\"WebPage\",\"@id\":\"https:\/\/hubsch-interior.com\/da\/vare\/flip-knageraekke-lysegron\/\",\"url\":\"https:\/\/hubsch-interior.com\/da\/vare\/flip-knageraekke-lysegron\/\",\"name\":\"Flip Knager\u00e6kke Lysegr\u00f8n - H\u00fcbsch\",\"isPartOf\":{\"@id\":\"https:\/\/hubsch-interior.com\/da\/#website\"},\"primaryImageOfPage\":{\"@id\":\"https:\/\/hubsch-interior.com\/da\/vare\/flip-knageraekke-lysegron\/#primaryimage\"},\"image\":{\"@id\":\"https:\/\/hubsch-interior.com\/da\/vare\/flip-knageraekke-lysegron\/#primaryimage\"},\"thumbnailUrl\":\"https:\/\/hubsch-interior.com\/wp-content\/uploads\/2026\/02\/flip-coatrack-light-green-284dff5e4b8eeb4574d65956b1daf841.jpg\",\"datePublished\":\"2026-01-31T04:25:37+00:00\",\"dateModified\":\"2026-04-05T03:25:00+00:00\",\"description\":\"Hvor funktion bliver til form. Flip Knager\u00e6kke i forfriskende lysegr\u00f8n tilf\u00f8rer et strejf af legende ro til dit rum \u2014 praktisk i brug, skulpturel n\u00e5r den\",\"breadcrumb\":{\"@id\":\"https:\/\/hubsch-interior.com\/da\/vare\/flip-knageraekke-lysegron\/#breadcrumb\"},\"inLanguage\":\"da-DK\",\"potentialAction\":[{\"@type\":\"ReadAction\",\"target\":[\"https:\/\/hubsch-interior.com\/da\/vare\/flip-knageraekke-lysegron\/\"]}]},{\"@type\":\"ImageObject\",\"inLanguage\":\"da-DK\",\"@id\":\"https:\/\/hubsch-interior.com\/da\/vare\/flip-knageraekke-lysegron\/#primaryimage\",\"url\":\"https:\/\/hubsch-interior.com\/wp-content\/uploads\/2026\/02\/flip-coatrack-light-green-284dff5e4b8eeb4574d65956b1daf841.jpg\",\"contentUrl\":\"https:\/\/hubsch-interior.com\/wp-content\/uploads\/2026\/02\/flip-coatrack-light-green-284dff5e4b8eeb4574d65956b1daf841.jpg\",\"width\":1024,\"height\":1024},{\"@type\":\"BreadcrumbList\",\"@id\":\"https:\/\/hubsch-interior.com\/da\/vare\/flip-knageraekke-lysegron\/#breadcrumb\",\"itemListElement\":[{\"@type\":\"ListItem\",\"position\":1,\"name\":\"Forside\",\"item\":\"https:\/\/hubsch-interior.com\/da\/\"},{\"@type\":\"ListItem\",\"position\":2,\"name\":\"Produkter\",\"item\":\"https:\/\/hubsch-interior.com\/da\/produkter\/\"},{\"@type\":\"ListItem\",\"position\":3,\"name\":\"Flip Knager\u00e6kke Lysegr\u00f8n\"}]},{\"@type\":\"WebSite\",\"@id\":\"https:\/\/hubsch-interior.com\/da\/#website\",\"url\":\"https:\/\/hubsch-interior.com\/da\/\",\"name\":\"H\u00fcbsch\",\"description\":\"Danish Home Interior and Design\",\"publisher\":{\"@id\":\"https:\/\/hubsch-interior.com\/da\/#organization\"},\"potentialAction\":[{\"@type\":\"SearchAction\",\"target\":{\"@type\":\"EntryPoint\",\"urlTemplate\":\"https:\/\/hubsch-interior.com\/da\/?s={search_term_string}\"},\"query-input\":{\"@type\":\"PropertyValueSpecification\",\"valueRequired\":true,\"valueName\":\"search_term_string\"}}],\"inLanguage\":\"da-DK\"},{\"@type\":\"Organization\",\"@id\":\"https:\/\/hubsch-interior.com\/da\/#organization\",\"name\":\"H\u00fcbsch\",\"url\":\"https:\/\/hubsch-interior.com\/da\/\",\"logo\":{\"@type\":\"ImageObject\",\"inLanguage\":\"da-DK\",\"@id\":\"https:\/\/hubsch-interior.com\/da\/#\/schema\/logo\/image\/\",\"url\":\"https:\/\/hubsch-interior.com\/wp-content\/uploads\/2022\/12\/Hubsch_logo_black_one_line.svg\",\"contentUrl\":\"https:\/\/hubsch-interior.com\/wp-content\/uploads\/2022\/12\/Hubsch_logo_black_one_line.svg\",\"caption\":\"H\u00fcbsch\"},\"image\":{\"@id\":\"https:\/\/hubsch-interior.com\/da\/#\/schema\/logo\/image\/\"}}]}<\/script>\n<!-- \/ Yoast SEO plugin. -->","yoast_head_json":{"title":"Flip Knager\u00e6kke Lysegr\u00f8n - H\u00fcbsch","description":"Hvor funktion bliver til form. Flip Knager\u00e6kke i forfriskende lysegr\u00f8n tilf\u00f8rer et strejf af legende ro til dit rum \u2014 praktisk i brug, skulpturel n\u00e5r den","robots":{"index":"index","follow":"follow","max-snippet":"max-snippet:-1","max-image-preview":"max-image-preview:large","max-video-preview":"max-video-preview:-1"},"canonical":"https:\/\/hubsch-interior.com\/da\/wp-json\/wp\/v2\/product\/1089235","og_locale":"da_DK","og_type":"article","og_title":"Flip Knager\u00e6kke Lysegr\u00f8n - H\u00fcbsch","og_description":"Hvor funktion bliver til form. Flip Knager\u00e6kke i forfriskende lysegr\u00f8n tilf\u00f8rer et strejf af legende ro til dit rum \u2014 praktisk i brug, skulpturel n\u00e5r den","og_url":"https:\/\/hubsch-interior.com\/da\/vare\/flip-knageraekke-lysegron\/","og_site_name":"H\u00fcbsch","article_modified_time":"2026-04-05T03:25:00+00:00","og_image":[{"width":1200,"height":1200,"url":"https:\/\/hubsch-interior.com\/wp-content\/uploads\/2026\/01\/flip-coatrack-light-green-25e84be33c9e7f6e79b9ddd2c4d98c15.jpg","type":"image\/jpeg"}],"twitter_card":"summary_large_image","twitter_misc":{"Estimeret l\u00e6setid":"1 minut"},"schema":{"@context":"https:\/\/schema.org","@graph":[{"@type":"WebPage","@id":"https:\/\/hubsch-interior.com\/da\/vare\/flip-knageraekke-lysegron\/","url":"https:\/\/hubsch-interior.com\/da\/vare\/flip-knageraekke-lysegron\/","name":"Flip Knager\u00e6kke Lysegr\u00f8n - H\u00fcbsch","isPartOf":{"@id":"https:\/\/hubsch-interior.com\/da\/#website"},"primaryImageOfPage":{"@id":"https:\/\/hubsch-interior.com\/da\/vare\/flip-knageraekke-lysegron\/#primaryimage"},"image":{"@id":"https:\/\/hubsch-interior.com\/da\/vare\/flip-knageraekke-lysegron\/#primaryimage"},"thumbnailUrl":"https:\/\/hubsch-interior.com\/wp-content\/uploads\/2026\/02\/flip-coatrack-light-green-284dff5e4b8eeb4574d65956b1daf841.jpg","datePublished":"2026-01-31T04:25:37+00:00","dateModified":"2026-04-05T03:25:00+00:00","description":"Hvor funktion bliver til form. Flip Knager\u00e6kke i forfriskende lysegr\u00f8n tilf\u00f8rer et strejf af legende ro til dit rum \u2014 praktisk i brug, skulpturel n\u00e5r den","breadcrumb":{"@id":"https:\/\/hubsch-interior.com\/da\/vare\/flip-knageraekke-lysegron\/#breadcrumb"},"inLanguage":"da-DK","potentialAction":[{"@type":"ReadAction","target":["https:\/\/hubsch-interior.com\/da\/vare\/flip-knageraekke-lysegron\/"]}]},{"@type":"ImageObject","inLanguage":"da-DK","@id":"https:\/\/hubsch-interior.com\/da\/vare\/flip-knageraekke-lysegron\/#primaryimage","url":"https:\/\/hubsch-interior.com\/wp-content\/uploads\/2026\/02\/flip-coatrack-light-green-284dff5e4b8eeb4574d65956b1daf841.jpg","contentUrl":"https:\/\/hubsch-interior.com\/wp-content\/uploads\/2026\/02\/flip-coatrack-light-green-284dff5e4b8eeb4574d65956b1daf841.jpg","width":1024,"height":1024},{"@type":"BreadcrumbList","@id":"https:\/\/hubsch-interior.com\/da\/vare\/flip-knageraekke-lysegron\/#breadcrumb","itemListElement":[{"@type":"ListItem","position":1,"name":"Forside","item":"https:\/\/hubsch-interior.com\/da\/"},{"@type":"ListItem","position":2,"name":"Produkter","item":"https:\/\/hubsch-interior.com\/da\/produkter\/"},{"@type":"ListItem","position":3,"name":"Flip Knager\u00e6kke Lysegr\u00f8n"}]},{"@type":"WebSite","@id":"https:\/\/hubsch-interior.com\/da\/#website","url":"https:\/\/hubsch-interior.com\/da\/","name":"H\u00fcbsch","description":"Danish Home Interior and Design","publisher":{"@id":"https:\/\/hubsch-interior.com\/da\/#organization"},"potentialAction":[{"@type":"SearchAction","target":{"@type":"EntryPoint","urlTemplate":"https:\/\/hubsch-interior.com\/da\/?s={search_term_string}"},"query-input":{"@type":"PropertyValueSpecification","valueRequired":true,"valueName":"search_term_string"}}],"inLanguage":"da-DK"},{"@type":"Organization","@id":"https:\/\/hubsch-interior.com\/da\/#organization","name":"H\u00fcbsch","url":"https:\/\/hubsch-interior.com\/da\/","logo":{"@type":"ImageObject","inLanguage":"da-DK","@id":"https:\/\/hubsch-interior.com\/da\/#\/schema\/logo\/image\/","url":"https:\/\/hubsch-interior.com\/wp-content\/uploads\/2022\/12\/Hubsch_logo_black_one_line.svg","contentUrl":"https:\/\/hubsch-interior.com\/wp-content\/uploads\/2022\/12\/Hubsch_logo_black_one_line.svg","caption":"H\u00fcbsch"},"image":{"@id":"https:\/\/hubsch-interior.com\/da\/#\/schema\/logo\/image\/"}}]}},"_links":{"self":[{"href":"https:\/\/hubsch-interior.com\/da\/wp-json\/wp\/v2\/product\/1089235","targetHints":{"allow":["GET"]}}],"collection":[{"href":"https:\/\/hubsch-interior.com\/da\/wp-json\/wp\/v2\/product"}],"about":[{"href":"https:\/\/hubsch-interior.com\/da\/wp-json\/wp\/v2\/types\/product"}],"wp:featuredmedia":[{"embeddable":true,"href":"https:\/\/hubsch-interior.com\/da\/wp-json\/wp\/v2\/media\/1111643"}],"wp:attachment":[{"href":"https:\/\/hubsch-interior.com\/da\/wp-json\/wp\/v2\/media?parent=1089235"}],"wp:term":[{"taxonomy":"product_brand","embeddable":true,"href":"https:\/\/hubsch-interior.com\/da\/wp-json\/wp\/v2\/product_brand?post=1089235"},{"taxonomy":"product_cat","embeddable":true,"href":"https:\/\/hubsch-interior.com\/da\/wp-json\/wp\/v2\/product_cat?post=1089235"},{"taxonomy":"product_tag","embeddable":true,"href":"https:\/\/hubsch-interior.com\/da\/wp-json\/wp\/v2\/product_tag?post=1089235"}],"curies":[{"name":"wp","href":"https:\/\/api.w.org\/{rel}","templated":true}]}}