{"id":1089259,"date":"2026-01-31T05:25:51","date_gmt":"2026-01-31T04:25:51","guid":{"rendered":"https:\/\/hubsch-interior.com\/product\/product\/"},"modified":"2026-04-06T05:18:44","modified_gmt":"2026-04-06T03:18:44","slug":"fuyu-vaser-orange-saet-af-3","status":"publish","type":"product","link":"https:\/\/hubsch-interior.com\/da\/vare\/fuyu-vaser-orange-saet-af-3\/","title":{"rendered":"Fuyu Vaser Orange (s\u00e6t af 3)"},"content":{"rendered":"<p>Bl\u00f8de i tonen, markante i formen. Fuyu Vaserne i varmt orange glas tilf\u00f8rer skulpturel elegance og et strejf af legesyghed til ethvert rum. Deres teksturerede overflader fanger lyset i blide b\u00f8lger, der skaber rolige refleksioner, som \u00e6ndrer sig i l\u00f8bet af dagen. Uanset om de er grupperet sammen eller stylet alene, har disse organisk formede vaser en markant tilstedev\u00e6relse \u2014 med eller uden blomster. Omhyggeligt h\u00e5ndv\u00e6rket og fulde af karakter, er de en fejring af form, f\u00f8lelse og solbeskinnet enkelthed.<\/p>\n","protected":false},"excerpt":{"rendered":"<p>Bl\u00f8de i tonen, markante i formen. Fuyu Vaserne i varmt orange glas tilf\u00f8rer skulpturel elegance og et strejf af legesyghed til ethvert rum. Deres teksturerede overflader fanger lyset i blide b\u00f8lger, der skaber rolige refleksioner, som \u00e6ndrer sig i l\u00f8bet af dagen. Uanset om de er grupperet sammen eller stylet alene, har disse organisk formede [&hellip;]<\/p>\n","protected":false},"featured_media":1111651,"template":"","meta":{"_acf_changed":false,"inline_featured_image":false},"product_brand":[],"product_cat":[7153,5045,6517,6970,3152],"product_tag":[],"class_list":{"0":"post-1089259","1":"product","2":"type-product","3":"status-publish","4":"has-post-thumbnail","6":"product_cat-dweller-da","7":"product_cat-nyheder-da","8":"product_cat-outlet-da","9":"product_cat-paaskeudsalg","10":"product_cat-vaser-da","11":"product_shipping_class-pk","13":"pa_color-orange-da","14":"pa_material-glas-da","16":"first","17":"instock","18":"sale","19":"taxable","20":"shipping-taxable","21":"purchasable","22":"product-type-simple"},"exclude_global_add_ons":[],"addons":[],"acf":[],"yoast_head":"<!-- This site is optimized with the Yoast SEO plugin v26.4 - https:\/\/yoast.com\/wordpress\/plugins\/seo\/ -->\n<title>Fuyu Vaser Orange (s\u00e6t af 3) - H\u00fcbsch<\/title>\n<meta name=\"description\" content=\"Bl\u00f8de i tonen, markante i formen. Fuyu Vaserne i varmt orange glas tilf\u00f8rer skulpturel elegance og et strejf af legesyghed til ethvert rum. Deres\" \/>\n<meta name=\"robots\" content=\"index, follow, max-snippet:-1, max-image-preview:large, max-video-preview:-1\" \/>\n<link rel=\"canonical\" href=\"https:\/\/hubsch-interior.com\/da\/wp-json\/wp\/v2\/product\/1089259\" \/>\n<meta property=\"og:locale\" content=\"da_DK\" \/>\n<meta property=\"og:type\" content=\"article\" \/>\n<meta property=\"og:title\" content=\"Fuyu Vaser Orange (s\u00e6t af 3) - H\u00fcbsch\" \/>\n<meta property=\"og:description\" content=\"Bl\u00f8de i tonen, markante i formen. Fuyu Vaserne i varmt orange glas tilf\u00f8rer skulpturel elegance og et strejf af legesyghed til ethvert rum. Deres\" \/>\n<meta property=\"og:url\" content=\"https:\/\/hubsch-interior.com\/da\/vare\/fuyu-vaser-orange-saet-af-3\/\" \/>\n<meta property=\"og:site_name\" content=\"H\u00fcbsch\" \/>\n<meta property=\"article:modified_time\" content=\"2026-04-06T03:18:44+00:00\" \/>\n<meta property=\"og:image\" content=\"https:\/\/hubsch-interior.com\/wp-content\/uploads\/2026\/01\/fuyu-vases-orange-set-of-3-c3485b9689a4af099bf2f2abd1d00598.jpg\" \/>\n\t<meta property=\"og:image:width\" content=\"1200\" \/>\n\t<meta property=\"og:image:height\" content=\"1200\" \/>\n\t<meta property=\"og:image:type\" content=\"image\/jpeg\" \/>\n<meta name=\"twitter:card\" content=\"summary_large_image\" \/>\n<script type=\"application\/ld+json\" class=\"yoast-schema-graph\">{\"@context\":\"https:\/\/schema.org\",\"@graph\":[{\"@type\":\"WebPage\",\"@id\":\"https:\/\/hubsch-interior.com\/da\/vare\/fuyu-vaser-orange-saet-af-3\/\",\"url\":\"https:\/\/hubsch-interior.com\/da\/vare\/fuyu-vaser-orange-saet-af-3\/\",\"name\":\"Fuyu Vaser Orange (s\u00e6t af 3) - H\u00fcbsch\",\"isPartOf\":{\"@id\":\"https:\/\/hubsch-interior.com\/da\/#website\"},\"primaryImageOfPage\":{\"@id\":\"https:\/\/hubsch-interior.com\/da\/vare\/fuyu-vaser-orange-saet-af-3\/#primaryimage\"},\"image\":{\"@id\":\"https:\/\/hubsch-interior.com\/da\/vare\/fuyu-vaser-orange-saet-af-3\/#primaryimage\"},\"thumbnailUrl\":\"https:\/\/hubsch-interior.com\/wp-content\/uploads\/2026\/02\/fuyu-vases-orange-set-of-3-1458687dfd8f439e2022ae17a4827de0.jpg\",\"datePublished\":\"2026-01-31T04:25:51+00:00\",\"dateModified\":\"2026-04-06T03:18:44+00:00\",\"description\":\"Bl\u00f8de i tonen, markante i formen. Fuyu Vaserne i varmt orange glas tilf\u00f8rer skulpturel elegance og et strejf af legesyghed til ethvert rum. Deres\",\"breadcrumb\":{\"@id\":\"https:\/\/hubsch-interior.com\/da\/vare\/fuyu-vaser-orange-saet-af-3\/#breadcrumb\"},\"inLanguage\":\"da-DK\",\"potentialAction\":[{\"@type\":\"ReadAction\",\"target\":[\"https:\/\/hubsch-interior.com\/da\/vare\/fuyu-vaser-orange-saet-af-3\/\"]}]},{\"@type\":\"ImageObject\",\"inLanguage\":\"da-DK\",\"@id\":\"https:\/\/hubsch-interior.com\/da\/vare\/fuyu-vaser-orange-saet-af-3\/#primaryimage\",\"url\":\"https:\/\/hubsch-interior.com\/wp-content\/uploads\/2026\/02\/fuyu-vases-orange-set-of-3-1458687dfd8f439e2022ae17a4827de0.jpg\",\"contentUrl\":\"https:\/\/hubsch-interior.com\/wp-content\/uploads\/2026\/02\/fuyu-vases-orange-set-of-3-1458687dfd8f439e2022ae17a4827de0.jpg\",\"width\":1024,\"height\":1024},{\"@type\":\"BreadcrumbList\",\"@id\":\"https:\/\/hubsch-interior.com\/da\/vare\/fuyu-vaser-orange-saet-af-3\/#breadcrumb\",\"itemListElement\":[{\"@type\":\"ListItem\",\"position\":1,\"name\":\"Forside\",\"item\":\"https:\/\/hubsch-interior.com\/da\/\"},{\"@type\":\"ListItem\",\"position\":2,\"name\":\"Produkter\",\"item\":\"https:\/\/hubsch-interior.com\/da\/produkter\/\"},{\"@type\":\"ListItem\",\"position\":3,\"name\":\"Boligtilbeh\u00f8r\",\"item\":\"https:\/\/hubsch-interior.com\/da\/vare-kategori\/boligtilbehor\/\"},{\"@type\":\"ListItem\",\"position\":4,\"name\":\"Vaser\",\"item\":\"https:\/\/hubsch-interior.com\/da\/vare-kategori\/boligtilbehor\/vaser-da\/\"},{\"@type\":\"ListItem\",\"position\":5,\"name\":\"Fuyu Vaser Orange (s\u00e6t af 3)\"}]},{\"@type\":\"WebSite\",\"@id\":\"https:\/\/hubsch-interior.com\/da\/#website\",\"url\":\"https:\/\/hubsch-interior.com\/da\/\",\"name\":\"H\u00fcbsch\",\"description\":\"Danish Home Interior and Design\",\"publisher\":{\"@id\":\"https:\/\/hubsch-interior.com\/da\/#organization\"},\"potentialAction\":[{\"@type\":\"SearchAction\",\"target\":{\"@type\":\"EntryPoint\",\"urlTemplate\":\"https:\/\/hubsch-interior.com\/da\/?s={search_term_string}\"},\"query-input\":{\"@type\":\"PropertyValueSpecification\",\"valueRequired\":true,\"valueName\":\"search_term_string\"}}],\"inLanguage\":\"da-DK\"},{\"@type\":\"Organization\",\"@id\":\"https:\/\/hubsch-interior.com\/da\/#organization\",\"name\":\"H\u00fcbsch\",\"url\":\"https:\/\/hubsch-interior.com\/da\/\",\"logo\":{\"@type\":\"ImageObject\",\"inLanguage\":\"da-DK\",\"@id\":\"https:\/\/hubsch-interior.com\/da\/#\/schema\/logo\/image\/\",\"url\":\"https:\/\/hubsch-interior.com\/wp-content\/uploads\/2022\/12\/Hubsch_logo_black_one_line.svg\",\"contentUrl\":\"https:\/\/hubsch-interior.com\/wp-content\/uploads\/2022\/12\/Hubsch_logo_black_one_line.svg\",\"caption\":\"H\u00fcbsch\"},\"image\":{\"@id\":\"https:\/\/hubsch-interior.com\/da\/#\/schema\/logo\/image\/\"}}]}<\/script>\n<!-- \/ Yoast SEO plugin. -->","yoast_head_json":{"title":"Fuyu Vaser Orange (s\u00e6t af 3) - H\u00fcbsch","description":"Bl\u00f8de i tonen, markante i formen. Fuyu Vaserne i varmt orange glas tilf\u00f8rer skulpturel elegance og et strejf af legesyghed til ethvert rum. Deres","robots":{"index":"index","follow":"follow","max-snippet":"max-snippet:-1","max-image-preview":"max-image-preview:large","max-video-preview":"max-video-preview:-1"},"canonical":"https:\/\/hubsch-interior.com\/da\/wp-json\/wp\/v2\/product\/1089259","og_locale":"da_DK","og_type":"article","og_title":"Fuyu Vaser Orange (s\u00e6t af 3) - H\u00fcbsch","og_description":"Bl\u00f8de i tonen, markante i formen. Fuyu Vaserne i varmt orange glas tilf\u00f8rer skulpturel elegance og et strejf af legesyghed til ethvert rum. Deres","og_url":"https:\/\/hubsch-interior.com\/da\/vare\/fuyu-vaser-orange-saet-af-3\/","og_site_name":"H\u00fcbsch","article_modified_time":"2026-04-06T03:18:44+00:00","og_image":[{"width":1200,"height":1200,"url":"https:\/\/hubsch-interior.com\/wp-content\/uploads\/2026\/01\/fuyu-vases-orange-set-of-3-c3485b9689a4af099bf2f2abd1d00598.jpg","type":"image\/jpeg"}],"twitter_card":"summary_large_image","schema":{"@context":"https:\/\/schema.org","@graph":[{"@type":"WebPage","@id":"https:\/\/hubsch-interior.com\/da\/vare\/fuyu-vaser-orange-saet-af-3\/","url":"https:\/\/hubsch-interior.com\/da\/vare\/fuyu-vaser-orange-saet-af-3\/","name":"Fuyu Vaser Orange (s\u00e6t af 3) - H\u00fcbsch","isPartOf":{"@id":"https:\/\/hubsch-interior.com\/da\/#website"},"primaryImageOfPage":{"@id":"https:\/\/hubsch-interior.com\/da\/vare\/fuyu-vaser-orange-saet-af-3\/#primaryimage"},"image":{"@id":"https:\/\/hubsch-interior.com\/da\/vare\/fuyu-vaser-orange-saet-af-3\/#primaryimage"},"thumbnailUrl":"https:\/\/hubsch-interior.com\/wp-content\/uploads\/2026\/02\/fuyu-vases-orange-set-of-3-1458687dfd8f439e2022ae17a4827de0.jpg","datePublished":"2026-01-31T04:25:51+00:00","dateModified":"2026-04-06T03:18:44+00:00","description":"Bl\u00f8de i tonen, markante i formen. Fuyu Vaserne i varmt orange glas tilf\u00f8rer skulpturel elegance og et strejf af legesyghed til ethvert rum. Deres","breadcrumb":{"@id":"https:\/\/hubsch-interior.com\/da\/vare\/fuyu-vaser-orange-saet-af-3\/#breadcrumb"},"inLanguage":"da-DK","potentialAction":[{"@type":"ReadAction","target":["https:\/\/hubsch-interior.com\/da\/vare\/fuyu-vaser-orange-saet-af-3\/"]}]},{"@type":"ImageObject","inLanguage":"da-DK","@id":"https:\/\/hubsch-interior.com\/da\/vare\/fuyu-vaser-orange-saet-af-3\/#primaryimage","url":"https:\/\/hubsch-interior.com\/wp-content\/uploads\/2026\/02\/fuyu-vases-orange-set-of-3-1458687dfd8f439e2022ae17a4827de0.jpg","contentUrl":"https:\/\/hubsch-interior.com\/wp-content\/uploads\/2026\/02\/fuyu-vases-orange-set-of-3-1458687dfd8f439e2022ae17a4827de0.jpg","width":1024,"height":1024},{"@type":"BreadcrumbList","@id":"https:\/\/hubsch-interior.com\/da\/vare\/fuyu-vaser-orange-saet-af-3\/#breadcrumb","itemListElement":[{"@type":"ListItem","position":1,"name":"Forside","item":"https:\/\/hubsch-interior.com\/da\/"},{"@type":"ListItem","position":2,"name":"Produkter","item":"https:\/\/hubsch-interior.com\/da\/produkter\/"},{"@type":"ListItem","position":3,"name":"Boligtilbeh\u00f8r","item":"https:\/\/hubsch-interior.com\/da\/vare-kategori\/boligtilbehor\/"},{"@type":"ListItem","position":4,"name":"Vaser","item":"https:\/\/hubsch-interior.com\/da\/vare-kategori\/boligtilbehor\/vaser-da\/"},{"@type":"ListItem","position":5,"name":"Fuyu Vaser Orange (s\u00e6t af 3)"}]},{"@type":"WebSite","@id":"https:\/\/hubsch-interior.com\/da\/#website","url":"https:\/\/hubsch-interior.com\/da\/","name":"H\u00fcbsch","description":"Danish Home Interior and Design","publisher":{"@id":"https:\/\/hubsch-interior.com\/da\/#organization"},"potentialAction":[{"@type":"SearchAction","target":{"@type":"EntryPoint","urlTemplate":"https:\/\/hubsch-interior.com\/da\/?s={search_term_string}"},"query-input":{"@type":"PropertyValueSpecification","valueRequired":true,"valueName":"search_term_string"}}],"inLanguage":"da-DK"},{"@type":"Organization","@id":"https:\/\/hubsch-interior.com\/da\/#organization","name":"H\u00fcbsch","url":"https:\/\/hubsch-interior.com\/da\/","logo":{"@type":"ImageObject","inLanguage":"da-DK","@id":"https:\/\/hubsch-interior.com\/da\/#\/schema\/logo\/image\/","url":"https:\/\/hubsch-interior.com\/wp-content\/uploads\/2022\/12\/Hubsch_logo_black_one_line.svg","contentUrl":"https:\/\/hubsch-interior.com\/wp-content\/uploads\/2022\/12\/Hubsch_logo_black_one_line.svg","caption":"H\u00fcbsch"},"image":{"@id":"https:\/\/hubsch-interior.com\/da\/#\/schema\/logo\/image\/"}}]}},"_links":{"self":[{"href":"https:\/\/hubsch-interior.com\/da\/wp-json\/wp\/v2\/product\/1089259","targetHints":{"allow":["GET"]}}],"collection":[{"href":"https:\/\/hubsch-interior.com\/da\/wp-json\/wp\/v2\/product"}],"about":[{"href":"https:\/\/hubsch-interior.com\/da\/wp-json\/wp\/v2\/types\/product"}],"wp:featuredmedia":[{"embeddable":true,"href":"https:\/\/hubsch-interior.com\/da\/wp-json\/wp\/v2\/media\/1111651"}],"wp:attachment":[{"href":"https:\/\/hubsch-interior.com\/da\/wp-json\/wp\/v2\/media?parent=1089259"}],"wp:term":[{"taxonomy":"product_brand","embeddable":true,"href":"https:\/\/hubsch-interior.com\/da\/wp-json\/wp\/v2\/product_brand?post=1089259"},{"taxonomy":"product_cat","embeddable":true,"href":"https:\/\/hubsch-interior.com\/da\/wp-json\/wp\/v2\/product_cat?post=1089259"},{"taxonomy":"product_tag","embeddable":true,"href":"https:\/\/hubsch-interior.com\/da\/wp-json\/wp\/v2\/product_tag?post=1089259"}],"curies":[{"name":"wp","href":"https:\/\/api.w.org\/{rel}","templated":true}]}}