{"id":1089275,"date":"2026-01-31T05:26:01","date_gmt":"2026-01-31T04:26:01","guid":{"rendered":"https:\/\/hubsch-interior.com\/product\/product\/"},"modified":"2026-04-05T05:25:07","modified_gmt":"2026-04-05T03:25:07","slug":"lote-vase-sand","status":"publish","type":"product","link":"https:\/\/hubsch-interior.com\/da\/vare\/lote-vase-sand\/","title":{"rendered":"Lote Vase Sand"},"content":{"rendered":"<p>En stille skulptur formet af naturen. Lote Vase i bl\u00f8dt sandfarvet glas tilf\u00f8rer en rolig atmosf\u00e6re til dit rum, med sin organiske silhuet og beroligende farvepalette. Dens flydende form blidt efterligner naturlige landskaber, hvilket g\u00f8r den til den perfekte beholder for friske blomsterstilke \u2014 eller simpelthen til at st\u00e5 alene som et kunstv\u00e6rk. Uanset om den placeres i et solbeskinnet vindue eller et stille hj\u00f8rne, tilf\u00f8jer den en f\u00f8lelse af stilhed og tidl\u00f8s sk\u00f8nhed til hverdagen.<\/p>\n","protected":false},"excerpt":{"rendered":"<p>En stille skulptur formet af naturen. Lote Vase i bl\u00f8dt sandfarvet glas tilf\u00f8rer en rolig atmosf\u00e6re til dit rum, med sin organiske silhuet og beroligende farvepalette. Dens flydende form blidt efterligner naturlige landskaber, hvilket g\u00f8r den til den perfekte beholder for friske blomsterstilke \u2014 eller simpelthen til at st\u00e5 alene som et kunstv\u00e6rk. Uanset om [&hellip;]<\/p>\n","protected":false},"featured_media":1112711,"template":"","meta":{"_acf_changed":false,"inline_featured_image":false},"product_brand":[],"product_cat":[5025,7153,5079,5045,6517,6970,3152],"product_tag":[],"class_list":{"0":"post-1089275","1":"product","2":"type-product","3":"status-publish","4":"has-post-thumbnail","6":"product_cat-bestsellers-da","7":"product_cat-dweller-da","8":"product_cat-netop-ankommet-da","9":"product_cat-nyheder-da","10":"product_cat-outlet-da","11":"product_cat-paaskeudsalg","12":"product_cat-vaser-da","13":"product_shipping_class-pk","15":"pa_color-sand-da","16":"pa_material-glas-da","18":"first","19":"instock","20":"sale","21":"featured","22":"taxable","23":"shipping-taxable","24":"purchasable","25":"product-type-simple"},"exclude_global_add_ons":[],"addons":[],"acf":[],"yoast_head":"<!-- This site is optimized with the Yoast SEO plugin v26.4 - https:\/\/yoast.com\/wordpress\/plugins\/seo\/ -->\n<title>Lote Vase Sand - H\u00fcbsch<\/title>\n<meta name=\"description\" content=\"En stille skulptur formet af naturen. Lote Vase i bl\u00f8dt sandfarvet glas tilf\u00f8rer en rolig atmosf\u00e6re til dit rum, med sin organiske silhuet og beroligende\" \/>\n<meta name=\"robots\" content=\"index, follow, max-snippet:-1, max-image-preview:large, max-video-preview:-1\" \/>\n<link rel=\"canonical\" href=\"https:\/\/hubsch-interior.com\/da\/wp-json\/wp\/v2\/product\/1089275\" \/>\n<meta property=\"og:locale\" content=\"da_DK\" \/>\n<meta property=\"og:type\" content=\"article\" \/>\n<meta property=\"og:title\" content=\"Lote Vase Sand - H\u00fcbsch\" \/>\n<meta property=\"og:description\" content=\"En stille skulptur formet af naturen. Lote Vase i bl\u00f8dt sandfarvet glas tilf\u00f8rer en rolig atmosf\u00e6re til dit rum, med sin organiske silhuet og beroligende\" \/>\n<meta property=\"og:url\" content=\"https:\/\/hubsch-interior.com\/da\/vare\/lote-vase-sand\/\" \/>\n<meta property=\"og:site_name\" content=\"H\u00fcbsch\" \/>\n<meta property=\"article:modified_time\" content=\"2026-04-05T03:25:07+00:00\" \/>\n<meta property=\"og:image\" content=\"https:\/\/hubsch-interior.com\/wp-content\/uploads\/2026\/01\/lote-vase-sand-a98e58ceec8bc6421bf766d66f17d49e.jpg\" \/>\n\t<meta property=\"og:image:width\" content=\"1200\" \/>\n\t<meta property=\"og:image:height\" content=\"1200\" \/>\n\t<meta property=\"og:image:type\" content=\"image\/jpeg\" \/>\n<meta name=\"twitter:card\" content=\"summary_large_image\" \/>\n<script type=\"application\/ld+json\" class=\"yoast-schema-graph\">{\"@context\":\"https:\/\/schema.org\",\"@graph\":[{\"@type\":\"WebPage\",\"@id\":\"https:\/\/hubsch-interior.com\/da\/vare\/lote-vase-sand\/\",\"url\":\"https:\/\/hubsch-interior.com\/da\/vare\/lote-vase-sand\/\",\"name\":\"Lote Vase Sand - H\u00fcbsch\",\"isPartOf\":{\"@id\":\"https:\/\/hubsch-interior.com\/da\/#website\"},\"primaryImageOfPage\":{\"@id\":\"https:\/\/hubsch-interior.com\/da\/vare\/lote-vase-sand\/#primaryimage\"},\"image\":{\"@id\":\"https:\/\/hubsch-interior.com\/da\/vare\/lote-vase-sand\/#primaryimage\"},\"thumbnailUrl\":\"https:\/\/hubsch-interior.com\/wp-content\/uploads\/2026\/02\/lote-vase-sand-64dfefbc9178cfb3eb06bcdd458f8c7e.jpg\",\"datePublished\":\"2026-01-31T04:26:01+00:00\",\"dateModified\":\"2026-04-05T03:25:07+00:00\",\"description\":\"En stille skulptur formet af naturen. Lote Vase i bl\u00f8dt sandfarvet glas tilf\u00f8rer en rolig atmosf\u00e6re til dit rum, med sin organiske silhuet og beroligende\",\"breadcrumb\":{\"@id\":\"https:\/\/hubsch-interior.com\/da\/vare\/lote-vase-sand\/#breadcrumb\"},\"inLanguage\":\"da-DK\",\"potentialAction\":[{\"@type\":\"ReadAction\",\"target\":[\"https:\/\/hubsch-interior.com\/da\/vare\/lote-vase-sand\/\"]}]},{\"@type\":\"ImageObject\",\"inLanguage\":\"da-DK\",\"@id\":\"https:\/\/hubsch-interior.com\/da\/vare\/lote-vase-sand\/#primaryimage\",\"url\":\"https:\/\/hubsch-interior.com\/wp-content\/uploads\/2026\/02\/lote-vase-sand-64dfefbc9178cfb3eb06bcdd458f8c7e.jpg\",\"contentUrl\":\"https:\/\/hubsch-interior.com\/wp-content\/uploads\/2026\/02\/lote-vase-sand-64dfefbc9178cfb3eb06bcdd458f8c7e.jpg\",\"width\":1024,\"height\":1024},{\"@type\":\"BreadcrumbList\",\"@id\":\"https:\/\/hubsch-interior.com\/da\/vare\/lote-vase-sand\/#breadcrumb\",\"itemListElement\":[{\"@type\":\"ListItem\",\"position\":1,\"name\":\"Forside\",\"item\":\"https:\/\/hubsch-interior.com\/da\/\"},{\"@type\":\"ListItem\",\"position\":2,\"name\":\"Produkter\",\"item\":\"https:\/\/hubsch-interior.com\/da\/produkter\/\"},{\"@type\":\"ListItem\",\"position\":3,\"name\":\"Boligtilbeh\u00f8r\",\"item\":\"https:\/\/hubsch-interior.com\/da\/vare-kategori\/boligtilbehor\/\"},{\"@type\":\"ListItem\",\"position\":4,\"name\":\"Vaser\",\"item\":\"https:\/\/hubsch-interior.com\/da\/vare-kategori\/boligtilbehor\/vaser-da\/\"},{\"@type\":\"ListItem\",\"position\":5,\"name\":\"Lote Vase Sand\"}]},{\"@type\":\"WebSite\",\"@id\":\"https:\/\/hubsch-interior.com\/da\/#website\",\"url\":\"https:\/\/hubsch-interior.com\/da\/\",\"name\":\"H\u00fcbsch\",\"description\":\"Danish Home Interior and Design\",\"publisher\":{\"@id\":\"https:\/\/hubsch-interior.com\/da\/#organization\"},\"potentialAction\":[{\"@type\":\"SearchAction\",\"target\":{\"@type\":\"EntryPoint\",\"urlTemplate\":\"https:\/\/hubsch-interior.com\/da\/?s={search_term_string}\"},\"query-input\":{\"@type\":\"PropertyValueSpecification\",\"valueRequired\":true,\"valueName\":\"search_term_string\"}}],\"inLanguage\":\"da-DK\"},{\"@type\":\"Organization\",\"@id\":\"https:\/\/hubsch-interior.com\/da\/#organization\",\"name\":\"H\u00fcbsch\",\"url\":\"https:\/\/hubsch-interior.com\/da\/\",\"logo\":{\"@type\":\"ImageObject\",\"inLanguage\":\"da-DK\",\"@id\":\"https:\/\/hubsch-interior.com\/da\/#\/schema\/logo\/image\/\",\"url\":\"https:\/\/hubsch-interior.com\/wp-content\/uploads\/2022\/12\/Hubsch_logo_black_one_line.svg\",\"contentUrl\":\"https:\/\/hubsch-interior.com\/wp-content\/uploads\/2022\/12\/Hubsch_logo_black_one_line.svg\",\"caption\":\"H\u00fcbsch\"},\"image\":{\"@id\":\"https:\/\/hubsch-interior.com\/da\/#\/schema\/logo\/image\/\"}}]}<\/script>\n<!-- \/ Yoast SEO plugin. -->","yoast_head_json":{"title":"Lote Vase Sand - H\u00fcbsch","description":"En stille skulptur formet af naturen. Lote Vase i bl\u00f8dt sandfarvet glas tilf\u00f8rer en rolig atmosf\u00e6re til dit rum, med sin organiske silhuet og beroligende","robots":{"index":"index","follow":"follow","max-snippet":"max-snippet:-1","max-image-preview":"max-image-preview:large","max-video-preview":"max-video-preview:-1"},"canonical":"https:\/\/hubsch-interior.com\/da\/wp-json\/wp\/v2\/product\/1089275","og_locale":"da_DK","og_type":"article","og_title":"Lote Vase Sand - H\u00fcbsch","og_description":"En stille skulptur formet af naturen. Lote Vase i bl\u00f8dt sandfarvet glas tilf\u00f8rer en rolig atmosf\u00e6re til dit rum, med sin organiske silhuet og beroligende","og_url":"https:\/\/hubsch-interior.com\/da\/vare\/lote-vase-sand\/","og_site_name":"H\u00fcbsch","article_modified_time":"2026-04-05T03:25:07+00:00","og_image":[{"width":1200,"height":1200,"url":"https:\/\/hubsch-interior.com\/wp-content\/uploads\/2026\/01\/lote-vase-sand-a98e58ceec8bc6421bf766d66f17d49e.jpg","type":"image\/jpeg"}],"twitter_card":"summary_large_image","schema":{"@context":"https:\/\/schema.org","@graph":[{"@type":"WebPage","@id":"https:\/\/hubsch-interior.com\/da\/vare\/lote-vase-sand\/","url":"https:\/\/hubsch-interior.com\/da\/vare\/lote-vase-sand\/","name":"Lote Vase Sand - H\u00fcbsch","isPartOf":{"@id":"https:\/\/hubsch-interior.com\/da\/#website"},"primaryImageOfPage":{"@id":"https:\/\/hubsch-interior.com\/da\/vare\/lote-vase-sand\/#primaryimage"},"image":{"@id":"https:\/\/hubsch-interior.com\/da\/vare\/lote-vase-sand\/#primaryimage"},"thumbnailUrl":"https:\/\/hubsch-interior.com\/wp-content\/uploads\/2026\/02\/lote-vase-sand-64dfefbc9178cfb3eb06bcdd458f8c7e.jpg","datePublished":"2026-01-31T04:26:01+00:00","dateModified":"2026-04-05T03:25:07+00:00","description":"En stille skulptur formet af naturen. Lote Vase i bl\u00f8dt sandfarvet glas tilf\u00f8rer en rolig atmosf\u00e6re til dit rum, med sin organiske silhuet og beroligende","breadcrumb":{"@id":"https:\/\/hubsch-interior.com\/da\/vare\/lote-vase-sand\/#breadcrumb"},"inLanguage":"da-DK","potentialAction":[{"@type":"ReadAction","target":["https:\/\/hubsch-interior.com\/da\/vare\/lote-vase-sand\/"]}]},{"@type":"ImageObject","inLanguage":"da-DK","@id":"https:\/\/hubsch-interior.com\/da\/vare\/lote-vase-sand\/#primaryimage","url":"https:\/\/hubsch-interior.com\/wp-content\/uploads\/2026\/02\/lote-vase-sand-64dfefbc9178cfb3eb06bcdd458f8c7e.jpg","contentUrl":"https:\/\/hubsch-interior.com\/wp-content\/uploads\/2026\/02\/lote-vase-sand-64dfefbc9178cfb3eb06bcdd458f8c7e.jpg","width":1024,"height":1024},{"@type":"BreadcrumbList","@id":"https:\/\/hubsch-interior.com\/da\/vare\/lote-vase-sand\/#breadcrumb","itemListElement":[{"@type":"ListItem","position":1,"name":"Forside","item":"https:\/\/hubsch-interior.com\/da\/"},{"@type":"ListItem","position":2,"name":"Produkter","item":"https:\/\/hubsch-interior.com\/da\/produkter\/"},{"@type":"ListItem","position":3,"name":"Boligtilbeh\u00f8r","item":"https:\/\/hubsch-interior.com\/da\/vare-kategori\/boligtilbehor\/"},{"@type":"ListItem","position":4,"name":"Vaser","item":"https:\/\/hubsch-interior.com\/da\/vare-kategori\/boligtilbehor\/vaser-da\/"},{"@type":"ListItem","position":5,"name":"Lote Vase Sand"}]},{"@type":"WebSite","@id":"https:\/\/hubsch-interior.com\/da\/#website","url":"https:\/\/hubsch-interior.com\/da\/","name":"H\u00fcbsch","description":"Danish Home Interior and Design","publisher":{"@id":"https:\/\/hubsch-interior.com\/da\/#organization"},"potentialAction":[{"@type":"SearchAction","target":{"@type":"EntryPoint","urlTemplate":"https:\/\/hubsch-interior.com\/da\/?s={search_term_string}"},"query-input":{"@type":"PropertyValueSpecification","valueRequired":true,"valueName":"search_term_string"}}],"inLanguage":"da-DK"},{"@type":"Organization","@id":"https:\/\/hubsch-interior.com\/da\/#organization","name":"H\u00fcbsch","url":"https:\/\/hubsch-interior.com\/da\/","logo":{"@type":"ImageObject","inLanguage":"da-DK","@id":"https:\/\/hubsch-interior.com\/da\/#\/schema\/logo\/image\/","url":"https:\/\/hubsch-interior.com\/wp-content\/uploads\/2022\/12\/Hubsch_logo_black_one_line.svg","contentUrl":"https:\/\/hubsch-interior.com\/wp-content\/uploads\/2022\/12\/Hubsch_logo_black_one_line.svg","caption":"H\u00fcbsch"},"image":{"@id":"https:\/\/hubsch-interior.com\/da\/#\/schema\/logo\/image\/"}}]}},"_links":{"self":[{"href":"https:\/\/hubsch-interior.com\/da\/wp-json\/wp\/v2\/product\/1089275","targetHints":{"allow":["GET"]}}],"collection":[{"href":"https:\/\/hubsch-interior.com\/da\/wp-json\/wp\/v2\/product"}],"about":[{"href":"https:\/\/hubsch-interior.com\/da\/wp-json\/wp\/v2\/types\/product"}],"wp:featuredmedia":[{"embeddable":true,"href":"https:\/\/hubsch-interior.com\/da\/wp-json\/wp\/v2\/media\/1112711"}],"wp:attachment":[{"href":"https:\/\/hubsch-interior.com\/da\/wp-json\/wp\/v2\/media?parent=1089275"}],"wp:term":[{"taxonomy":"product_brand","embeddable":true,"href":"https:\/\/hubsch-interior.com\/da\/wp-json\/wp\/v2\/product_brand?post=1089275"},{"taxonomy":"product_cat","embeddable":true,"href":"https:\/\/hubsch-interior.com\/da\/wp-json\/wp\/v2\/product_cat?post=1089275"},{"taxonomy":"product_tag","embeddable":true,"href":"https:\/\/hubsch-interior.com\/da\/wp-json\/wp\/v2\/product_tag?post=1089275"}],"curies":[{"name":"wp","href":"https:\/\/api.w.org\/{rel}","templated":true}]}}