{"id":1089291,"date":"2026-01-31T05:26:12","date_gmt":"2026-01-31T04:26:12","guid":{"rendered":"https:\/\/hubsch-interior.com\/product\/product\/"},"modified":"2026-04-05T05:25:11","modified_gmt":"2026-04-05T03:25:11","slug":"lote-vase-lyserod","status":"publish","type":"product","link":"https:\/\/hubsch-interior.com\/da\/vare\/lote-vase-lyserod\/","title":{"rendered":"Lote Vase Lyser\u00f8d"},"content":{"rendered":"<p>Bl\u00f8de kurver, st\u00e6rkt n\u00e6rv\u00e6r. Lote Vasen i blush-tonet glas tilf\u00f8rer en beroligende atmosf\u00e6re og en skulpturel elegance til dit rum. Dens organiske form flyder blidt og skaber harmoni, uanset om den indeholder friske blomster eller st\u00e5r alene. Fremstillet af fint glas i en delikat pink nuance, tilf\u00f8rer den en f\u00f8lelse af varme og stille sk\u00f8nhed til dine hylder, borde eller kroge. Et yndefuldt stykke, der ikke bare dekorerer \u2013 det beroliger, bl\u00f8dg\u00f8r og l\u00f8fter.<\/p>\n","protected":false},"excerpt":{"rendered":"<p>Bl\u00f8de kurver, st\u00e6rkt n\u00e6rv\u00e6r. Lote Vasen i blush-tonet glas tilf\u00f8rer en beroligende atmosf\u00e6re og en skulpturel elegance til dit rum. Dens organiske form flyder blidt og skaber harmoni, uanset om den indeholder friske blomster eller st\u00e5r alene. Fremstillet af fint glas i en delikat pink nuance, tilf\u00f8rer den en f\u00f8lelse af varme og stille sk\u00f8nhed [&hellip;]<\/p>\n","protected":false},"featured_media":1111683,"template":"","meta":{"_acf_changed":false,"inline_featured_image":false},"product_brand":[],"product_cat":[7153,6970,3152,5079,5025,5045,6517],"product_tag":[],"class_list":{"0":"post-1089291","1":"product","2":"type-product","3":"status-publish","4":"has-post-thumbnail","6":"product_cat-dweller-da","7":"product_cat-paaskeudsalg","8":"product_cat-vaser-da","9":"product_cat-netop-ankommet-da","10":"product_cat-bestsellers-da","11":"product_cat-nyheder-da","12":"product_cat-outlet-da","13":"product_shipping_class-pk","15":"pa_color-lyserd","16":"pa_material-glas-da","18":"first","19":"instock","20":"sale","21":"featured","22":"taxable","23":"shipping-taxable","24":"purchasable","25":"product-type-simple"},"exclude_global_add_ons":[],"addons":[],"acf":[],"yoast_head":"<!-- This site is optimized with the Yoast SEO plugin v26.4 - https:\/\/yoast.com\/wordpress\/plugins\/seo\/ -->\n<title>Lote Vase Lyser\u00f8d - H\u00fcbsch<\/title>\n<meta name=\"description\" content=\"Bl\u00f8de kurver, st\u00e6rkt n\u00e6rv\u00e6r. Lote Vasen i blush-tonet glas tilf\u00f8rer en beroligende atmosf\u00e6re og en skulpturel elegance til dit rum. Dens organiske form\" \/>\n<meta name=\"robots\" content=\"index, follow, max-snippet:-1, max-image-preview:large, max-video-preview:-1\" \/>\n<link rel=\"canonical\" href=\"https:\/\/hubsch-interior.com\/da\/wp-json\/wp\/v2\/product\/1089291\" \/>\n<meta property=\"og:locale\" content=\"da_DK\" \/>\n<meta property=\"og:type\" content=\"article\" \/>\n<meta property=\"og:title\" content=\"Lote Vase Lyser\u00f8d - H\u00fcbsch\" \/>\n<meta property=\"og:description\" content=\"Bl\u00f8de kurver, st\u00e6rkt n\u00e6rv\u00e6r. Lote Vasen i blush-tonet glas tilf\u00f8rer en beroligende atmosf\u00e6re og en skulpturel elegance til dit rum. Dens organiske form\" \/>\n<meta property=\"og:url\" content=\"https:\/\/hubsch-interior.com\/da\/vare\/lote-vase-lyserod\/\" \/>\n<meta property=\"og:site_name\" content=\"H\u00fcbsch\" \/>\n<meta property=\"article:modified_time\" content=\"2026-04-05T03:25:11+00:00\" \/>\n<meta property=\"og:image\" content=\"https:\/\/hubsch-interior.com\/wp-content\/uploads\/2026\/01\/lote-vase-pink-d10b97a8878c3f29ef758e081c9ecc62.jpg\" \/>\n\t<meta property=\"og:image:width\" content=\"1200\" \/>\n\t<meta property=\"og:image:height\" content=\"1200\" \/>\n\t<meta property=\"og:image:type\" content=\"image\/jpeg\" \/>\n<meta name=\"twitter:card\" content=\"summary_large_image\" \/>\n<script type=\"application\/ld+json\" class=\"yoast-schema-graph\">{\"@context\":\"https:\/\/schema.org\",\"@graph\":[{\"@type\":\"WebPage\",\"@id\":\"https:\/\/hubsch-interior.com\/da\/vare\/lote-vase-lyserod\/\",\"url\":\"https:\/\/hubsch-interior.com\/da\/vare\/lote-vase-lyserod\/\",\"name\":\"Lote Vase Lyser\u00f8d - H\u00fcbsch\",\"isPartOf\":{\"@id\":\"https:\/\/hubsch-interior.com\/da\/#website\"},\"primaryImageOfPage\":{\"@id\":\"https:\/\/hubsch-interior.com\/da\/vare\/lote-vase-lyserod\/#primaryimage\"},\"image\":{\"@id\":\"https:\/\/hubsch-interior.com\/da\/vare\/lote-vase-lyserod\/#primaryimage\"},\"thumbnailUrl\":\"https:\/\/hubsch-interior.com\/wp-content\/uploads\/2026\/02\/lote-vase-pink-21dacd7e6c78cbb79c9c2802bb332eec.jpg\",\"datePublished\":\"2026-01-31T04:26:12+00:00\",\"dateModified\":\"2026-04-05T03:25:11+00:00\",\"description\":\"Bl\u00f8de kurver, st\u00e6rkt n\u00e6rv\u00e6r. Lote Vasen i blush-tonet glas tilf\u00f8rer en beroligende atmosf\u00e6re og en skulpturel elegance til dit rum. Dens organiske form\",\"breadcrumb\":{\"@id\":\"https:\/\/hubsch-interior.com\/da\/vare\/lote-vase-lyserod\/#breadcrumb\"},\"inLanguage\":\"da-DK\",\"potentialAction\":[{\"@type\":\"ReadAction\",\"target\":[\"https:\/\/hubsch-interior.com\/da\/vare\/lote-vase-lyserod\/\"]}]},{\"@type\":\"ImageObject\",\"inLanguage\":\"da-DK\",\"@id\":\"https:\/\/hubsch-interior.com\/da\/vare\/lote-vase-lyserod\/#primaryimage\",\"url\":\"https:\/\/hubsch-interior.com\/wp-content\/uploads\/2026\/02\/lote-vase-pink-21dacd7e6c78cbb79c9c2802bb332eec.jpg\",\"contentUrl\":\"https:\/\/hubsch-interior.com\/wp-content\/uploads\/2026\/02\/lote-vase-pink-21dacd7e6c78cbb79c9c2802bb332eec.jpg\",\"width\":1024,\"height\":1024},{\"@type\":\"BreadcrumbList\",\"@id\":\"https:\/\/hubsch-interior.com\/da\/vare\/lote-vase-lyserod\/#breadcrumb\",\"itemListElement\":[{\"@type\":\"ListItem\",\"position\":1,\"name\":\"Forside\",\"item\":\"https:\/\/hubsch-interior.com\/da\/\"},{\"@type\":\"ListItem\",\"position\":2,\"name\":\"Produkter\",\"item\":\"https:\/\/hubsch-interior.com\/da\/produkter\/\"},{\"@type\":\"ListItem\",\"position\":3,\"name\":\"Boligtilbeh\u00f8r\",\"item\":\"https:\/\/hubsch-interior.com\/da\/vare-kategori\/boligtilbehor\/\"},{\"@type\":\"ListItem\",\"position\":4,\"name\":\"Vaser\",\"item\":\"https:\/\/hubsch-interior.com\/da\/vare-kategori\/boligtilbehor\/vaser-da\/\"},{\"@type\":\"ListItem\",\"position\":5,\"name\":\"Lote Vase Lyser\u00f8d\"}]},{\"@type\":\"WebSite\",\"@id\":\"https:\/\/hubsch-interior.com\/da\/#website\",\"url\":\"https:\/\/hubsch-interior.com\/da\/\",\"name\":\"H\u00fcbsch\",\"description\":\"Danish Home Interior and Design\",\"publisher\":{\"@id\":\"https:\/\/hubsch-interior.com\/da\/#organization\"},\"potentialAction\":[{\"@type\":\"SearchAction\",\"target\":{\"@type\":\"EntryPoint\",\"urlTemplate\":\"https:\/\/hubsch-interior.com\/da\/?s={search_term_string}\"},\"query-input\":{\"@type\":\"PropertyValueSpecification\",\"valueRequired\":true,\"valueName\":\"search_term_string\"}}],\"inLanguage\":\"da-DK\"},{\"@type\":\"Organization\",\"@id\":\"https:\/\/hubsch-interior.com\/da\/#organization\",\"name\":\"H\u00fcbsch\",\"url\":\"https:\/\/hubsch-interior.com\/da\/\",\"logo\":{\"@type\":\"ImageObject\",\"inLanguage\":\"da-DK\",\"@id\":\"https:\/\/hubsch-interior.com\/da\/#\/schema\/logo\/image\/\",\"url\":\"https:\/\/hubsch-interior.com\/wp-content\/uploads\/2022\/12\/Hubsch_logo_black_one_line.svg\",\"contentUrl\":\"https:\/\/hubsch-interior.com\/wp-content\/uploads\/2022\/12\/Hubsch_logo_black_one_line.svg\",\"caption\":\"H\u00fcbsch\"},\"image\":{\"@id\":\"https:\/\/hubsch-interior.com\/da\/#\/schema\/logo\/image\/\"}}]}<\/script>\n<!-- \/ Yoast SEO plugin. -->","yoast_head_json":{"title":"Lote Vase Lyser\u00f8d - H\u00fcbsch","description":"Bl\u00f8de kurver, st\u00e6rkt n\u00e6rv\u00e6r. Lote Vasen i blush-tonet glas tilf\u00f8rer en beroligende atmosf\u00e6re og en skulpturel elegance til dit rum. Dens organiske form","robots":{"index":"index","follow":"follow","max-snippet":"max-snippet:-1","max-image-preview":"max-image-preview:large","max-video-preview":"max-video-preview:-1"},"canonical":"https:\/\/hubsch-interior.com\/da\/wp-json\/wp\/v2\/product\/1089291","og_locale":"da_DK","og_type":"article","og_title":"Lote Vase Lyser\u00f8d - H\u00fcbsch","og_description":"Bl\u00f8de kurver, st\u00e6rkt n\u00e6rv\u00e6r. Lote Vasen i blush-tonet glas tilf\u00f8rer en beroligende atmosf\u00e6re og en skulpturel elegance til dit rum. Dens organiske form","og_url":"https:\/\/hubsch-interior.com\/da\/vare\/lote-vase-lyserod\/","og_site_name":"H\u00fcbsch","article_modified_time":"2026-04-05T03:25:11+00:00","og_image":[{"width":1200,"height":1200,"url":"https:\/\/hubsch-interior.com\/wp-content\/uploads\/2026\/01\/lote-vase-pink-d10b97a8878c3f29ef758e081c9ecc62.jpg","type":"image\/jpeg"}],"twitter_card":"summary_large_image","schema":{"@context":"https:\/\/schema.org","@graph":[{"@type":"WebPage","@id":"https:\/\/hubsch-interior.com\/da\/vare\/lote-vase-lyserod\/","url":"https:\/\/hubsch-interior.com\/da\/vare\/lote-vase-lyserod\/","name":"Lote Vase Lyser\u00f8d - H\u00fcbsch","isPartOf":{"@id":"https:\/\/hubsch-interior.com\/da\/#website"},"primaryImageOfPage":{"@id":"https:\/\/hubsch-interior.com\/da\/vare\/lote-vase-lyserod\/#primaryimage"},"image":{"@id":"https:\/\/hubsch-interior.com\/da\/vare\/lote-vase-lyserod\/#primaryimage"},"thumbnailUrl":"https:\/\/hubsch-interior.com\/wp-content\/uploads\/2026\/02\/lote-vase-pink-21dacd7e6c78cbb79c9c2802bb332eec.jpg","datePublished":"2026-01-31T04:26:12+00:00","dateModified":"2026-04-05T03:25:11+00:00","description":"Bl\u00f8de kurver, st\u00e6rkt n\u00e6rv\u00e6r. Lote Vasen i blush-tonet glas tilf\u00f8rer en beroligende atmosf\u00e6re og en skulpturel elegance til dit rum. Dens organiske form","breadcrumb":{"@id":"https:\/\/hubsch-interior.com\/da\/vare\/lote-vase-lyserod\/#breadcrumb"},"inLanguage":"da-DK","potentialAction":[{"@type":"ReadAction","target":["https:\/\/hubsch-interior.com\/da\/vare\/lote-vase-lyserod\/"]}]},{"@type":"ImageObject","inLanguage":"da-DK","@id":"https:\/\/hubsch-interior.com\/da\/vare\/lote-vase-lyserod\/#primaryimage","url":"https:\/\/hubsch-interior.com\/wp-content\/uploads\/2026\/02\/lote-vase-pink-21dacd7e6c78cbb79c9c2802bb332eec.jpg","contentUrl":"https:\/\/hubsch-interior.com\/wp-content\/uploads\/2026\/02\/lote-vase-pink-21dacd7e6c78cbb79c9c2802bb332eec.jpg","width":1024,"height":1024},{"@type":"BreadcrumbList","@id":"https:\/\/hubsch-interior.com\/da\/vare\/lote-vase-lyserod\/#breadcrumb","itemListElement":[{"@type":"ListItem","position":1,"name":"Forside","item":"https:\/\/hubsch-interior.com\/da\/"},{"@type":"ListItem","position":2,"name":"Produkter","item":"https:\/\/hubsch-interior.com\/da\/produkter\/"},{"@type":"ListItem","position":3,"name":"Boligtilbeh\u00f8r","item":"https:\/\/hubsch-interior.com\/da\/vare-kategori\/boligtilbehor\/"},{"@type":"ListItem","position":4,"name":"Vaser","item":"https:\/\/hubsch-interior.com\/da\/vare-kategori\/boligtilbehor\/vaser-da\/"},{"@type":"ListItem","position":5,"name":"Lote Vase Lyser\u00f8d"}]},{"@type":"WebSite","@id":"https:\/\/hubsch-interior.com\/da\/#website","url":"https:\/\/hubsch-interior.com\/da\/","name":"H\u00fcbsch","description":"Danish Home Interior and Design","publisher":{"@id":"https:\/\/hubsch-interior.com\/da\/#organization"},"potentialAction":[{"@type":"SearchAction","target":{"@type":"EntryPoint","urlTemplate":"https:\/\/hubsch-interior.com\/da\/?s={search_term_string}"},"query-input":{"@type":"PropertyValueSpecification","valueRequired":true,"valueName":"search_term_string"}}],"inLanguage":"da-DK"},{"@type":"Organization","@id":"https:\/\/hubsch-interior.com\/da\/#organization","name":"H\u00fcbsch","url":"https:\/\/hubsch-interior.com\/da\/","logo":{"@type":"ImageObject","inLanguage":"da-DK","@id":"https:\/\/hubsch-interior.com\/da\/#\/schema\/logo\/image\/","url":"https:\/\/hubsch-interior.com\/wp-content\/uploads\/2022\/12\/Hubsch_logo_black_one_line.svg","contentUrl":"https:\/\/hubsch-interior.com\/wp-content\/uploads\/2022\/12\/Hubsch_logo_black_one_line.svg","caption":"H\u00fcbsch"},"image":{"@id":"https:\/\/hubsch-interior.com\/da\/#\/schema\/logo\/image\/"}}]}},"_links":{"self":[{"href":"https:\/\/hubsch-interior.com\/da\/wp-json\/wp\/v2\/product\/1089291","targetHints":{"allow":["GET"]}}],"collection":[{"href":"https:\/\/hubsch-interior.com\/da\/wp-json\/wp\/v2\/product"}],"about":[{"href":"https:\/\/hubsch-interior.com\/da\/wp-json\/wp\/v2\/types\/product"}],"wp:featuredmedia":[{"embeddable":true,"href":"https:\/\/hubsch-interior.com\/da\/wp-json\/wp\/v2\/media\/1111683"}],"wp:attachment":[{"href":"https:\/\/hubsch-interior.com\/da\/wp-json\/wp\/v2\/media?parent=1089291"}],"wp:term":[{"taxonomy":"product_brand","embeddable":true,"href":"https:\/\/hubsch-interior.com\/da\/wp-json\/wp\/v2\/product_brand?post=1089291"},{"taxonomy":"product_cat","embeddable":true,"href":"https:\/\/hubsch-interior.com\/da\/wp-json\/wp\/v2\/product_cat?post=1089291"},{"taxonomy":"product_tag","embeddable":true,"href":"https:\/\/hubsch-interior.com\/da\/wp-json\/wp\/v2\/product_tag?post=1089291"}],"curies":[{"name":"wp","href":"https:\/\/api.w.org\/{rel}","templated":true}]}}