{"id":1089315,"date":"2026-01-31T05:26:59","date_gmt":"2026-01-31T04:26:59","guid":{"rendered":"https:\/\/hubsch-interior.com\/product\/product\/"},"modified":"2026-04-06T05:19:22","modified_gmt":"2026-04-06T03:19:22","slug":"layer-baenk-natur","status":"publish","type":"product","link":"https:\/\/hubsch-interior.com\/da\/vare\/layer-baenk-natur\/","title":{"rendered":"Layer B\u00e6nk Natur"},"content":{"rendered":"<p>M\u00f8d Layer B\u00e6nk \u2014 den perfekte f\u00f8lgesvend til din entr\u00e9. Fremstillet af FSC-certificeret tr\u00e6 bringer denne b\u00e6nk en robust tilstedev\u00e6relse og et strejf af naturlig charme ind i dit hjem. Med en bl\u00f8d pude ovenp\u00e5 sikrer den en behagelig siddeplads, mens du binder dine sko eller g\u00f8r dig klar til at g\u00e5 ud. Ved at blande praktisk design med subtil elegance forvandler Layer B\u00e6nk din indgangsplads til et indbydende, stilfuldt og funktionelt hj\u00f8rne, der st\u00f8tter dine daglige rutiner med lethed.<\/p>\n","protected":false},"excerpt":{"rendered":"<p>M\u00f8d Layer B\u00e6nk \u2014 den perfekte f\u00f8lgesvend til din entr\u00e9. Fremstillet af FSC-certificeret tr\u00e6 bringer denne b\u00e6nk en robust tilstedev\u00e6relse og et strejf af naturlig charme ind i dit hjem. Med en bl\u00f8d pude ovenp\u00e5 sikrer den en behagelig siddeplads, mens du binder dine sko eller g\u00f8r dig klar til at g\u00e5 ud. Ved at [&hellip;]<\/p>\n","protected":false},"featured_media":1111731,"template":"","meta":{"_acf_changed":false,"inline_featured_image":false},"product_brand":[],"product_cat":[2876,5025,7153,6321,5045,2841],"product_tag":[],"class_list":{"0":"post-1089315","1":"product","2":"type-product","3":"status-publish","4":"has-post-thumbnail","6":"product_cat-baenke-da","7":"product_cat-bestsellers-da","8":"product_cat-dweller-da","9":"product_cat-fsc-da","10":"product_cat-nyheder-da","11":"product_cat-siddemoebler-da","12":"product_shipping_class-pk","14":"pa_color-natur-2","15":"pa_material-acrylic-5-da","16":"pa_material-egetr","17":"pa_material-egetrsfiner","18":"pa_material-mdf-da","19":"pa_material-polyester-95-da","21":"first","22":"instock","23":"featured","24":"taxable","25":"shipping-taxable","26":"purchasable","27":"product-type-simple"},"exclude_global_add_ons":[],"addons":[],"acf":[],"yoast_head":"<!-- This site is optimized with the Yoast SEO plugin v26.4 - https:\/\/yoast.com\/wordpress\/plugins\/seo\/ -->\n<title>Layer B\u00e6nk Natur - H\u00fcbsch<\/title>\n<meta name=\"description\" content=\"M\u00f8d Layer B\u00e6nk \u2014 den perfekte f\u00f8lgesvend til din entr\u00e9. Fremstillet af FSC-certificeret tr\u00e6 bringer denne b\u00e6nk en robust tilstedev\u00e6relse og et strejf af\" \/>\n<meta name=\"robots\" content=\"index, follow, max-snippet:-1, max-image-preview:large, max-video-preview:-1\" \/>\n<link rel=\"canonical\" href=\"https:\/\/hubsch-interior.com\/da\/wp-json\/wp\/v2\/product\/1089315\" \/>\n<meta property=\"og:locale\" content=\"da_DK\" \/>\n<meta property=\"og:type\" content=\"article\" \/>\n<meta property=\"og:title\" content=\"Layer B\u00e6nk Natur - H\u00fcbsch\" \/>\n<meta property=\"og:description\" content=\"M\u00f8d Layer B\u00e6nk \u2014 den perfekte f\u00f8lgesvend til din entr\u00e9. Fremstillet af FSC-certificeret tr\u00e6 bringer denne b\u00e6nk en robust tilstedev\u00e6relse og et strejf af\" \/>\n<meta property=\"og:url\" content=\"https:\/\/hubsch-interior.com\/da\/vare\/layer-baenk-natur\/\" \/>\n<meta property=\"og:site_name\" content=\"H\u00fcbsch\" \/>\n<meta property=\"article:modified_time\" content=\"2026-04-06T03:19:22+00:00\" \/>\n<meta property=\"og:image\" content=\"https:\/\/hubsch-interior.com\/wp-content\/uploads\/2026\/02\/layer-bench-natural-fb1f37661cac871a72da138dc3c8bfd8.jpg\" \/>\n\t<meta property=\"og:image:width\" content=\"1024\" \/>\n\t<meta property=\"og:image:height\" content=\"1024\" \/>\n\t<meta property=\"og:image:type\" content=\"image\/jpeg\" \/>\n<meta name=\"twitter:card\" content=\"summary_large_image\" \/>\n<script type=\"application\/ld+json\" class=\"yoast-schema-graph\">{\"@context\":\"https:\/\/schema.org\",\"@graph\":[{\"@type\":\"WebPage\",\"@id\":\"https:\/\/hubsch-interior.com\/da\/vare\/layer-baenk-natur\/\",\"url\":\"https:\/\/hubsch-interior.com\/da\/vare\/layer-baenk-natur\/\",\"name\":\"Layer B\u00e6nk Natur - H\u00fcbsch\",\"isPartOf\":{\"@id\":\"https:\/\/hubsch-interior.com\/da\/#website\"},\"primaryImageOfPage\":{\"@id\":\"https:\/\/hubsch-interior.com\/da\/vare\/layer-baenk-natur\/#primaryimage\"},\"image\":{\"@id\":\"https:\/\/hubsch-interior.com\/da\/vare\/layer-baenk-natur\/#primaryimage\"},\"thumbnailUrl\":\"https:\/\/hubsch-interior.com\/wp-content\/uploads\/2026\/02\/layer-bench-natural-fb1f37661cac871a72da138dc3c8bfd8.jpg\",\"datePublished\":\"2026-01-31T04:26:59+00:00\",\"dateModified\":\"2026-04-06T03:19:22+00:00\",\"description\":\"M\u00f8d Layer B\u00e6nk \u2014 den perfekte f\u00f8lgesvend til din entr\u00e9. Fremstillet af FSC-certificeret tr\u00e6 bringer denne b\u00e6nk en robust tilstedev\u00e6relse og et strejf af\",\"breadcrumb\":{\"@id\":\"https:\/\/hubsch-interior.com\/da\/vare\/layer-baenk-natur\/#breadcrumb\"},\"inLanguage\":\"da-DK\",\"potentialAction\":[{\"@type\":\"ReadAction\",\"target\":[\"https:\/\/hubsch-interior.com\/da\/vare\/layer-baenk-natur\/\"]}]},{\"@type\":\"ImageObject\",\"inLanguage\":\"da-DK\",\"@id\":\"https:\/\/hubsch-interior.com\/da\/vare\/layer-baenk-natur\/#primaryimage\",\"url\":\"https:\/\/hubsch-interior.com\/wp-content\/uploads\/2026\/02\/layer-bench-natural-fb1f37661cac871a72da138dc3c8bfd8.jpg\",\"contentUrl\":\"https:\/\/hubsch-interior.com\/wp-content\/uploads\/2026\/02\/layer-bench-natural-fb1f37661cac871a72da138dc3c8bfd8.jpg\",\"width\":1024,\"height\":1024},{\"@type\":\"BreadcrumbList\",\"@id\":\"https:\/\/hubsch-interior.com\/da\/vare\/layer-baenk-natur\/#breadcrumb\",\"itemListElement\":[{\"@type\":\"ListItem\",\"position\":1,\"name\":\"Forside\",\"item\":\"https:\/\/hubsch-interior.com\/da\/\"},{\"@type\":\"ListItem\",\"position\":2,\"name\":\"Produkter\",\"item\":\"https:\/\/hubsch-interior.com\/da\/produkter\/\"},{\"@type\":\"ListItem\",\"position\":3,\"name\":\"M\u00f8bler\",\"item\":\"https:\/\/hubsch-interior.com\/da\/vare-kategori\/mobler\/\"},{\"@type\":\"ListItem\",\"position\":4,\"name\":\"Siddem&oslash;bler\",\"item\":\"https:\/\/hubsch-interior.com\/da\/vare-kategori\/mobler\/siddemoebler-da\/\"},{\"@type\":\"ListItem\",\"position\":5,\"name\":\"B&aelig;nke\",\"item\":\"https:\/\/hubsch-interior.com\/da\/vare-kategori\/mobler\/siddemoebler-da\/baenke-da\/\"},{\"@type\":\"ListItem\",\"position\":6,\"name\":\"Layer B\u00e6nk Natur\"}]},{\"@type\":\"WebSite\",\"@id\":\"https:\/\/hubsch-interior.com\/da\/#website\",\"url\":\"https:\/\/hubsch-interior.com\/da\/\",\"name\":\"H\u00fcbsch\",\"description\":\"Danish Home Interior and Design\",\"publisher\":{\"@id\":\"https:\/\/hubsch-interior.com\/da\/#organization\"},\"potentialAction\":[{\"@type\":\"SearchAction\",\"target\":{\"@type\":\"EntryPoint\",\"urlTemplate\":\"https:\/\/hubsch-interior.com\/da\/?s={search_term_string}\"},\"query-input\":{\"@type\":\"PropertyValueSpecification\",\"valueRequired\":true,\"valueName\":\"search_term_string\"}}],\"inLanguage\":\"da-DK\"},{\"@type\":\"Organization\",\"@id\":\"https:\/\/hubsch-interior.com\/da\/#organization\",\"name\":\"H\u00fcbsch\",\"url\":\"https:\/\/hubsch-interior.com\/da\/\",\"logo\":{\"@type\":\"ImageObject\",\"inLanguage\":\"da-DK\",\"@id\":\"https:\/\/hubsch-interior.com\/da\/#\/schema\/logo\/image\/\",\"url\":\"https:\/\/hubsch-interior.com\/wp-content\/uploads\/2022\/12\/Hubsch_logo_black_one_line.svg\",\"contentUrl\":\"https:\/\/hubsch-interior.com\/wp-content\/uploads\/2022\/12\/Hubsch_logo_black_one_line.svg\",\"caption\":\"H\u00fcbsch\"},\"image\":{\"@id\":\"https:\/\/hubsch-interior.com\/da\/#\/schema\/logo\/image\/\"}}]}<\/script>\n<!-- \/ Yoast SEO plugin. -->","yoast_head_json":{"title":"Layer B\u00e6nk Natur - H\u00fcbsch","description":"M\u00f8d Layer B\u00e6nk \u2014 den perfekte f\u00f8lgesvend til din entr\u00e9. Fremstillet af FSC-certificeret tr\u00e6 bringer denne b\u00e6nk en robust tilstedev\u00e6relse og et strejf af","robots":{"index":"index","follow":"follow","max-snippet":"max-snippet:-1","max-image-preview":"max-image-preview:large","max-video-preview":"max-video-preview:-1"},"canonical":"https:\/\/hubsch-interior.com\/da\/wp-json\/wp\/v2\/product\/1089315","og_locale":"da_DK","og_type":"article","og_title":"Layer B\u00e6nk Natur - H\u00fcbsch","og_description":"M\u00f8d Layer B\u00e6nk \u2014 den perfekte f\u00f8lgesvend til din entr\u00e9. Fremstillet af FSC-certificeret tr\u00e6 bringer denne b\u00e6nk en robust tilstedev\u00e6relse og et strejf af","og_url":"https:\/\/hubsch-interior.com\/da\/vare\/layer-baenk-natur\/","og_site_name":"H\u00fcbsch","article_modified_time":"2026-04-06T03:19:22+00:00","og_image":[{"width":1024,"height":1024,"url":"https:\/\/hubsch-interior.com\/wp-content\/uploads\/2026\/02\/layer-bench-natural-fb1f37661cac871a72da138dc3c8bfd8.jpg","type":"image\/jpeg"}],"twitter_card":"summary_large_image","schema":{"@context":"https:\/\/schema.org","@graph":[{"@type":"WebPage","@id":"https:\/\/hubsch-interior.com\/da\/vare\/layer-baenk-natur\/","url":"https:\/\/hubsch-interior.com\/da\/vare\/layer-baenk-natur\/","name":"Layer B\u00e6nk Natur - H\u00fcbsch","isPartOf":{"@id":"https:\/\/hubsch-interior.com\/da\/#website"},"primaryImageOfPage":{"@id":"https:\/\/hubsch-interior.com\/da\/vare\/layer-baenk-natur\/#primaryimage"},"image":{"@id":"https:\/\/hubsch-interior.com\/da\/vare\/layer-baenk-natur\/#primaryimage"},"thumbnailUrl":"https:\/\/hubsch-interior.com\/wp-content\/uploads\/2026\/02\/layer-bench-natural-fb1f37661cac871a72da138dc3c8bfd8.jpg","datePublished":"2026-01-31T04:26:59+00:00","dateModified":"2026-04-06T03:19:22+00:00","description":"M\u00f8d Layer B\u00e6nk \u2014 den perfekte f\u00f8lgesvend til din entr\u00e9. Fremstillet af FSC-certificeret tr\u00e6 bringer denne b\u00e6nk en robust tilstedev\u00e6relse og et strejf af","breadcrumb":{"@id":"https:\/\/hubsch-interior.com\/da\/vare\/layer-baenk-natur\/#breadcrumb"},"inLanguage":"da-DK","potentialAction":[{"@type":"ReadAction","target":["https:\/\/hubsch-interior.com\/da\/vare\/layer-baenk-natur\/"]}]},{"@type":"ImageObject","inLanguage":"da-DK","@id":"https:\/\/hubsch-interior.com\/da\/vare\/layer-baenk-natur\/#primaryimage","url":"https:\/\/hubsch-interior.com\/wp-content\/uploads\/2026\/02\/layer-bench-natural-fb1f37661cac871a72da138dc3c8bfd8.jpg","contentUrl":"https:\/\/hubsch-interior.com\/wp-content\/uploads\/2026\/02\/layer-bench-natural-fb1f37661cac871a72da138dc3c8bfd8.jpg","width":1024,"height":1024},{"@type":"BreadcrumbList","@id":"https:\/\/hubsch-interior.com\/da\/vare\/layer-baenk-natur\/#breadcrumb","itemListElement":[{"@type":"ListItem","position":1,"name":"Forside","item":"https:\/\/hubsch-interior.com\/da\/"},{"@type":"ListItem","position":2,"name":"Produkter","item":"https:\/\/hubsch-interior.com\/da\/produkter\/"},{"@type":"ListItem","position":3,"name":"M\u00f8bler","item":"https:\/\/hubsch-interior.com\/da\/vare-kategori\/mobler\/"},{"@type":"ListItem","position":4,"name":"Siddem&oslash;bler","item":"https:\/\/hubsch-interior.com\/da\/vare-kategori\/mobler\/siddemoebler-da\/"},{"@type":"ListItem","position":5,"name":"B&aelig;nke","item":"https:\/\/hubsch-interior.com\/da\/vare-kategori\/mobler\/siddemoebler-da\/baenke-da\/"},{"@type":"ListItem","position":6,"name":"Layer B\u00e6nk Natur"}]},{"@type":"WebSite","@id":"https:\/\/hubsch-interior.com\/da\/#website","url":"https:\/\/hubsch-interior.com\/da\/","name":"H\u00fcbsch","description":"Danish Home Interior and Design","publisher":{"@id":"https:\/\/hubsch-interior.com\/da\/#organization"},"potentialAction":[{"@type":"SearchAction","target":{"@type":"EntryPoint","urlTemplate":"https:\/\/hubsch-interior.com\/da\/?s={search_term_string}"},"query-input":{"@type":"PropertyValueSpecification","valueRequired":true,"valueName":"search_term_string"}}],"inLanguage":"da-DK"},{"@type":"Organization","@id":"https:\/\/hubsch-interior.com\/da\/#organization","name":"H\u00fcbsch","url":"https:\/\/hubsch-interior.com\/da\/","logo":{"@type":"ImageObject","inLanguage":"da-DK","@id":"https:\/\/hubsch-interior.com\/da\/#\/schema\/logo\/image\/","url":"https:\/\/hubsch-interior.com\/wp-content\/uploads\/2022\/12\/Hubsch_logo_black_one_line.svg","contentUrl":"https:\/\/hubsch-interior.com\/wp-content\/uploads\/2022\/12\/Hubsch_logo_black_one_line.svg","caption":"H\u00fcbsch"},"image":{"@id":"https:\/\/hubsch-interior.com\/da\/#\/schema\/logo\/image\/"}}]}},"_links":{"self":[{"href":"https:\/\/hubsch-interior.com\/da\/wp-json\/wp\/v2\/product\/1089315","targetHints":{"allow":["GET"]}}],"collection":[{"href":"https:\/\/hubsch-interior.com\/da\/wp-json\/wp\/v2\/product"}],"about":[{"href":"https:\/\/hubsch-interior.com\/da\/wp-json\/wp\/v2\/types\/product"}],"wp:featuredmedia":[{"embeddable":true,"href":"https:\/\/hubsch-interior.com\/da\/wp-json\/wp\/v2\/media\/1111731"}],"wp:attachment":[{"href":"https:\/\/hubsch-interior.com\/da\/wp-json\/wp\/v2\/media?parent=1089315"}],"wp:term":[{"taxonomy":"product_brand","embeddable":true,"href":"https:\/\/hubsch-interior.com\/da\/wp-json\/wp\/v2\/product_brand?post=1089315"},{"taxonomy":"product_cat","embeddable":true,"href":"https:\/\/hubsch-interior.com\/da\/wp-json\/wp\/v2\/product_cat?post=1089315"},{"taxonomy":"product_tag","embeddable":true,"href":"https:\/\/hubsch-interior.com\/da\/wp-json\/wp\/v2\/product_tag?post=1089315"}],"curies":[{"name":"wp","href":"https:\/\/api.w.org\/{rel}","templated":true}]}}