{"id":1089339,"date":"2026-01-31T05:27:11","date_gmt":"2026-01-31T04:27:11","guid":{"rendered":"https:\/\/hubsch-interior.com\/product\/product\/"},"modified":"2026-04-05T05:25:42","modified_gmt":"2026-04-05T03:25:42","slug":"confetti-sidebord-flerfarvet","status":"publish","type":"product","link":"https:\/\/hubsch-interior.com\/da\/vare\/confetti-sidebord-flerfarvet\/","title":{"rendered":"Confetti Sidebord \u00a0Flerfarvet"},"content":{"rendered":"<p>Confetti Sidebord \u2014 en festlig fejring af farver og legende design. Fremstillet af FSC-certificeret tr\u00e6 med teknisk fin\u00e9r, bringer dette livlige m\u00f8bel \u00e5nden fra flerfarvet konfetti direkte ind i din stue. Dets bl\u00e6ndende m\u00f8nster bliver hurtigt centrum for opm\u00e6rksomhed, mens dets praktiske st\u00f8rrelse g\u00f8r det let at placere, hvor du har brug for et strejf af gl\u00e6de. Forvandl dit hjem med et sidebord, der kombinerer funktionel charme og vibrerende kunstnerisk flair, og g\u00f8r hver dag til en fest.<\/p>\n","protected":false},"excerpt":{"rendered":"<p>Confetti Sidebord \u2014 en festlig fejring af farver og legende design. Fremstillet af FSC-certificeret tr\u00e6 med teknisk fin\u00e9r, bringer dette livlige m\u00f8bel \u00e5nden fra flerfarvet konfetti direkte ind i din stue. Dets bl\u00e6ndende m\u00f8nster bliver hurtigt centrum for opm\u00e6rksomhed, mens dets praktiske st\u00f8rrelse g\u00f8r det let at placere, hvor du har brug for et strejf [&hellip;]<\/p>\n","protected":false},"featured_media":1111751,"template":"","meta":{"_acf_changed":false,"inline_featured_image":false},"product_brand":[],"product_cat":[7153,2857,4026,5045],"product_tag":[],"class_list":{"0":"post-1089339","1":"product","2":"type-product","3":"status-publish","4":"has-post-thumbnail","6":"product_cat-dweller-da","7":"product_cat-borde-da","8":"product_cat-sideborde-da","9":"product_cat-nyheder-da","10":"product_shipping_class-pk","12":"pa_color-flerfarvet-2","13":"pa_material-mdf-da","14":"pa_material-egetr","15":"pa_material-egetrsfiner","17":"first","18":"instock","19":"taxable","20":"shipping-taxable","21":"purchasable","22":"product-type-simple"},"exclude_global_add_ons":[],"addons":[],"acf":[],"yoast_head":"<!-- This site is optimized with the Yoast SEO plugin v26.4 - https:\/\/yoast.com\/wordpress\/plugins\/seo\/ -->\n<title>Confetti Sidebord \u00a0Flerfarvet - H\u00fcbsch<\/title>\n<meta name=\"description\" content=\"Confetti Sidebord \u2014 en festlig fejring af farver og legende design. Fremstillet af FSC-certificeret tr\u00e6 med teknisk fin\u00e9r, bringer dette livlige m\u00f8bel\" \/>\n<meta name=\"robots\" content=\"index, follow, max-snippet:-1, max-image-preview:large, max-video-preview:-1\" \/>\n<link rel=\"canonical\" href=\"https:\/\/hubsch-interior.com\/da\/wp-json\/wp\/v2\/product\/1089339\" \/>\n<meta property=\"og:locale\" content=\"da_DK\" \/>\n<meta property=\"og:type\" content=\"article\" \/>\n<meta property=\"og:title\" content=\"Confetti Sidebord \u00a0Flerfarvet - H\u00fcbsch\" \/>\n<meta property=\"og:description\" content=\"Confetti Sidebord \u2014 en festlig fejring af farver og legende design. Fremstillet af FSC-certificeret tr\u00e6 med teknisk fin\u00e9r, bringer dette livlige m\u00f8bel\" \/>\n<meta property=\"og:url\" content=\"https:\/\/hubsch-interior.com\/da\/vare\/confetti-sidebord-flerfarvet\/\" \/>\n<meta property=\"og:site_name\" content=\"H\u00fcbsch\" \/>\n<meta property=\"article:modified_time\" content=\"2026-04-05T03:25:42+00:00\" \/>\n<meta property=\"og:image\" content=\"https:\/\/hubsch-interior.com\/wp-content\/uploads\/2026\/01\/confetti-side-table-multicolour-2d10015ab73ef82fe418b2f5e1c391d2.jpg\" \/>\n\t<meta property=\"og:image:width\" content=\"1200\" \/>\n\t<meta property=\"og:image:height\" content=\"1200\" \/>\n\t<meta property=\"og:image:type\" content=\"image\/jpeg\" \/>\n<meta name=\"twitter:card\" content=\"summary_large_image\" \/>\n<script type=\"application\/ld+json\" class=\"yoast-schema-graph\">{\"@context\":\"https:\/\/schema.org\",\"@graph\":[{\"@type\":\"WebPage\",\"@id\":\"https:\/\/hubsch-interior.com\/da\/vare\/confetti-sidebord-flerfarvet\/\",\"url\":\"https:\/\/hubsch-interior.com\/da\/vare\/confetti-sidebord-flerfarvet\/\",\"name\":\"Confetti Sidebord \u00a0Flerfarvet - H\u00fcbsch\",\"isPartOf\":{\"@id\":\"https:\/\/hubsch-interior.com\/da\/#website\"},\"primaryImageOfPage\":{\"@id\":\"https:\/\/hubsch-interior.com\/da\/vare\/confetti-sidebord-flerfarvet\/#primaryimage\"},\"image\":{\"@id\":\"https:\/\/hubsch-interior.com\/da\/vare\/confetti-sidebord-flerfarvet\/#primaryimage\"},\"thumbnailUrl\":\"https:\/\/hubsch-interior.com\/wp-content\/uploads\/2026\/02\/confetti-side-table-multicolour-98f186327f72f9b6d8f27e2400e7b82e.jpg\",\"datePublished\":\"2026-01-31T04:27:11+00:00\",\"dateModified\":\"2026-04-05T03:25:42+00:00\",\"description\":\"Confetti Sidebord \u2014 en festlig fejring af farver og legende design. Fremstillet af FSC-certificeret tr\u00e6 med teknisk fin\u00e9r, bringer dette livlige m\u00f8bel\",\"breadcrumb\":{\"@id\":\"https:\/\/hubsch-interior.com\/da\/vare\/confetti-sidebord-flerfarvet\/#breadcrumb\"},\"inLanguage\":\"da-DK\",\"potentialAction\":[{\"@type\":\"ReadAction\",\"target\":[\"https:\/\/hubsch-interior.com\/da\/vare\/confetti-sidebord-flerfarvet\/\"]}]},{\"@type\":\"ImageObject\",\"inLanguage\":\"da-DK\",\"@id\":\"https:\/\/hubsch-interior.com\/da\/vare\/confetti-sidebord-flerfarvet\/#primaryimage\",\"url\":\"https:\/\/hubsch-interior.com\/wp-content\/uploads\/2026\/02\/confetti-side-table-multicolour-98f186327f72f9b6d8f27e2400e7b82e.jpg\",\"contentUrl\":\"https:\/\/hubsch-interior.com\/wp-content\/uploads\/2026\/02\/confetti-side-table-multicolour-98f186327f72f9b6d8f27e2400e7b82e.jpg\",\"width\":1024,\"height\":1024},{\"@type\":\"BreadcrumbList\",\"@id\":\"https:\/\/hubsch-interior.com\/da\/vare\/confetti-sidebord-flerfarvet\/#breadcrumb\",\"itemListElement\":[{\"@type\":\"ListItem\",\"position\":1,\"name\":\"Forside\",\"item\":\"https:\/\/hubsch-interior.com\/da\/\"},{\"@type\":\"ListItem\",\"position\":2,\"name\":\"Produkter\",\"item\":\"https:\/\/hubsch-interior.com\/da\/produkter\/\"},{\"@type\":\"ListItem\",\"position\":3,\"name\":\"Confetti Sidebord \u00a0Flerfarvet\"}]},{\"@type\":\"WebSite\",\"@id\":\"https:\/\/hubsch-interior.com\/da\/#website\",\"url\":\"https:\/\/hubsch-interior.com\/da\/\",\"name\":\"H\u00fcbsch\",\"description\":\"Danish Home Interior and Design\",\"publisher\":{\"@id\":\"https:\/\/hubsch-interior.com\/da\/#organization\"},\"potentialAction\":[{\"@type\":\"SearchAction\",\"target\":{\"@type\":\"EntryPoint\",\"urlTemplate\":\"https:\/\/hubsch-interior.com\/da\/?s={search_term_string}\"},\"query-input\":{\"@type\":\"PropertyValueSpecification\",\"valueRequired\":true,\"valueName\":\"search_term_string\"}}],\"inLanguage\":\"da-DK\"},{\"@type\":\"Organization\",\"@id\":\"https:\/\/hubsch-interior.com\/da\/#organization\",\"name\":\"H\u00fcbsch\",\"url\":\"https:\/\/hubsch-interior.com\/da\/\",\"logo\":{\"@type\":\"ImageObject\",\"inLanguage\":\"da-DK\",\"@id\":\"https:\/\/hubsch-interior.com\/da\/#\/schema\/logo\/image\/\",\"url\":\"https:\/\/hubsch-interior.com\/wp-content\/uploads\/2022\/12\/Hubsch_logo_black_one_line.svg\",\"contentUrl\":\"https:\/\/hubsch-interior.com\/wp-content\/uploads\/2022\/12\/Hubsch_logo_black_one_line.svg\",\"caption\":\"H\u00fcbsch\"},\"image\":{\"@id\":\"https:\/\/hubsch-interior.com\/da\/#\/schema\/logo\/image\/\"}}]}<\/script>\n<!-- \/ Yoast SEO plugin. -->","yoast_head_json":{"title":"Confetti Sidebord \u00a0Flerfarvet - H\u00fcbsch","description":"Confetti Sidebord \u2014 en festlig fejring af farver og legende design. Fremstillet af FSC-certificeret tr\u00e6 med teknisk fin\u00e9r, bringer dette livlige m\u00f8bel","robots":{"index":"index","follow":"follow","max-snippet":"max-snippet:-1","max-image-preview":"max-image-preview:large","max-video-preview":"max-video-preview:-1"},"canonical":"https:\/\/hubsch-interior.com\/da\/wp-json\/wp\/v2\/product\/1089339","og_locale":"da_DK","og_type":"article","og_title":"Confetti Sidebord \u00a0Flerfarvet - H\u00fcbsch","og_description":"Confetti Sidebord \u2014 en festlig fejring af farver og legende design. Fremstillet af FSC-certificeret tr\u00e6 med teknisk fin\u00e9r, bringer dette livlige m\u00f8bel","og_url":"https:\/\/hubsch-interior.com\/da\/vare\/confetti-sidebord-flerfarvet\/","og_site_name":"H\u00fcbsch","article_modified_time":"2026-04-05T03:25:42+00:00","og_image":[{"width":1200,"height":1200,"url":"https:\/\/hubsch-interior.com\/wp-content\/uploads\/2026\/01\/confetti-side-table-multicolour-2d10015ab73ef82fe418b2f5e1c391d2.jpg","type":"image\/jpeg"}],"twitter_card":"summary_large_image","schema":{"@context":"https:\/\/schema.org","@graph":[{"@type":"WebPage","@id":"https:\/\/hubsch-interior.com\/da\/vare\/confetti-sidebord-flerfarvet\/","url":"https:\/\/hubsch-interior.com\/da\/vare\/confetti-sidebord-flerfarvet\/","name":"Confetti Sidebord \u00a0Flerfarvet - H\u00fcbsch","isPartOf":{"@id":"https:\/\/hubsch-interior.com\/da\/#website"},"primaryImageOfPage":{"@id":"https:\/\/hubsch-interior.com\/da\/vare\/confetti-sidebord-flerfarvet\/#primaryimage"},"image":{"@id":"https:\/\/hubsch-interior.com\/da\/vare\/confetti-sidebord-flerfarvet\/#primaryimage"},"thumbnailUrl":"https:\/\/hubsch-interior.com\/wp-content\/uploads\/2026\/02\/confetti-side-table-multicolour-98f186327f72f9b6d8f27e2400e7b82e.jpg","datePublished":"2026-01-31T04:27:11+00:00","dateModified":"2026-04-05T03:25:42+00:00","description":"Confetti Sidebord \u2014 en festlig fejring af farver og legende design. Fremstillet af FSC-certificeret tr\u00e6 med teknisk fin\u00e9r, bringer dette livlige m\u00f8bel","breadcrumb":{"@id":"https:\/\/hubsch-interior.com\/da\/vare\/confetti-sidebord-flerfarvet\/#breadcrumb"},"inLanguage":"da-DK","potentialAction":[{"@type":"ReadAction","target":["https:\/\/hubsch-interior.com\/da\/vare\/confetti-sidebord-flerfarvet\/"]}]},{"@type":"ImageObject","inLanguage":"da-DK","@id":"https:\/\/hubsch-interior.com\/da\/vare\/confetti-sidebord-flerfarvet\/#primaryimage","url":"https:\/\/hubsch-interior.com\/wp-content\/uploads\/2026\/02\/confetti-side-table-multicolour-98f186327f72f9b6d8f27e2400e7b82e.jpg","contentUrl":"https:\/\/hubsch-interior.com\/wp-content\/uploads\/2026\/02\/confetti-side-table-multicolour-98f186327f72f9b6d8f27e2400e7b82e.jpg","width":1024,"height":1024},{"@type":"BreadcrumbList","@id":"https:\/\/hubsch-interior.com\/da\/vare\/confetti-sidebord-flerfarvet\/#breadcrumb","itemListElement":[{"@type":"ListItem","position":1,"name":"Forside","item":"https:\/\/hubsch-interior.com\/da\/"},{"@type":"ListItem","position":2,"name":"Produkter","item":"https:\/\/hubsch-interior.com\/da\/produkter\/"},{"@type":"ListItem","position":3,"name":"Confetti Sidebord \u00a0Flerfarvet"}]},{"@type":"WebSite","@id":"https:\/\/hubsch-interior.com\/da\/#website","url":"https:\/\/hubsch-interior.com\/da\/","name":"H\u00fcbsch","description":"Danish Home Interior and Design","publisher":{"@id":"https:\/\/hubsch-interior.com\/da\/#organization"},"potentialAction":[{"@type":"SearchAction","target":{"@type":"EntryPoint","urlTemplate":"https:\/\/hubsch-interior.com\/da\/?s={search_term_string}"},"query-input":{"@type":"PropertyValueSpecification","valueRequired":true,"valueName":"search_term_string"}}],"inLanguage":"da-DK"},{"@type":"Organization","@id":"https:\/\/hubsch-interior.com\/da\/#organization","name":"H\u00fcbsch","url":"https:\/\/hubsch-interior.com\/da\/","logo":{"@type":"ImageObject","inLanguage":"da-DK","@id":"https:\/\/hubsch-interior.com\/da\/#\/schema\/logo\/image\/","url":"https:\/\/hubsch-interior.com\/wp-content\/uploads\/2022\/12\/Hubsch_logo_black_one_line.svg","contentUrl":"https:\/\/hubsch-interior.com\/wp-content\/uploads\/2022\/12\/Hubsch_logo_black_one_line.svg","caption":"H\u00fcbsch"},"image":{"@id":"https:\/\/hubsch-interior.com\/da\/#\/schema\/logo\/image\/"}}]}},"_links":{"self":[{"href":"https:\/\/hubsch-interior.com\/da\/wp-json\/wp\/v2\/product\/1089339","targetHints":{"allow":["GET"]}}],"collection":[{"href":"https:\/\/hubsch-interior.com\/da\/wp-json\/wp\/v2\/product"}],"about":[{"href":"https:\/\/hubsch-interior.com\/da\/wp-json\/wp\/v2\/types\/product"}],"wp:featuredmedia":[{"embeddable":true,"href":"https:\/\/hubsch-interior.com\/da\/wp-json\/wp\/v2\/media\/1111751"}],"wp:attachment":[{"href":"https:\/\/hubsch-interior.com\/da\/wp-json\/wp\/v2\/media?parent=1089339"}],"wp:term":[{"taxonomy":"product_brand","embeddable":true,"href":"https:\/\/hubsch-interior.com\/da\/wp-json\/wp\/v2\/product_brand?post=1089339"},{"taxonomy":"product_cat","embeddable":true,"href":"https:\/\/hubsch-interior.com\/da\/wp-json\/wp\/v2\/product_cat?post=1089339"},{"taxonomy":"product_tag","embeddable":true,"href":"https:\/\/hubsch-interior.com\/da\/wp-json\/wp\/v2\/product_tag?post=1089339"}],"curies":[{"name":"wp","href":"https:\/\/api.w.org\/{rel}","templated":true}]}}