{"id":1089435,"date":"2026-01-31T05:28:00","date_gmt":"2026-01-31T04:28:00","guid":{"rendered":"https:\/\/hubsch-interior.com\/product\/product\/"},"modified":"2026-04-06T05:19:38","modified_gmt":"2026-04-06T03:19:38","slug":"elegance-sofa-morkebla-2","status":"publish","type":"product","link":"https:\/\/hubsch-interior.com\/da\/vare\/elegance-sofa-morkebla-2\/","title":{"rendered":"Elegance Sofa M\u00f8rkebl\u00e5"},"content":{"rendered":"<p>Elegance Sofaen forener komfort med nutidig kunsth\u00e5ndv\u00e6rk, indhyllet i m\u00f8rkebl\u00e5t tekstil med legende prikker. Med bl\u00f8de, organiske former, der inviterer til afslapning, er den certificeret efter OEKO-TEX\u00ae STANDARD 100 for at sikre et toxin-frit milj\u00f8 i dit hjem. Rummelig, men aldrig klodset, skaber denne sofa det perfekte rede til familiesammenkomster eller stille stunder med en god bog. Bl\u00f8d, behagelig og uimodst\u00e5eligt stilfuld, tilbyder den mere end blot en siddeplads \u2014 den skaber et sandt fristed.<\/p>\n","protected":false},"excerpt":{"rendered":"<p>Elegance Sofaen forener komfort med nutidig kunsth\u00e5ndv\u00e6rk, indhyllet i m\u00f8rkebl\u00e5t tekstil med legende prikker. Med bl\u00f8de, organiske former, der inviterer til afslapning, er den certificeret efter OEKO-TEX\u00ae STANDARD 100 for at sikre et toxin-frit milj\u00f8 i dit hjem. Rummelig, men aldrig klodset, skaber denne sofa det perfekte rede til familiesammenkomster eller stille stunder med en [&hellip;]<\/p>\n","protected":false},"featured_media":1116086,"template":"","meta":{"_acf_changed":false,"inline_featured_image":false},"product_brand":[],"product_cat":[7153,2841,4198,5045],"product_tag":[],"class_list":{"0":"post-1089435","1":"product","2":"type-product","3":"status-publish","4":"has-post-thumbnail","6":"product_cat-dweller-da","7":"product_cat-siddemoebler-da","8":"product_cat-sofaer-og-daybeds-da","9":"product_cat-nyheder-da","10":"product_shipping_class-p10","12":"pa_color-mrkebl","13":"pa_material-polyester-100-da","15":"first","16":"instock","17":"taxable","18":"shipping-taxable","19":"purchasable","20":"product-type-simple"},"exclude_global_add_ons":[],"addons":[],"acf":[],"yoast_head":"<!-- This site is optimized with the Yoast SEO plugin v26.4 - https:\/\/yoast.com\/wordpress\/plugins\/seo\/ -->\n<title>Elegance Sofa M\u00f8rkebl\u00e5 - H\u00fcbsch<\/title>\n<meta name=\"description\" content=\"Elegance Sofaen forener komfort med nutidig kunsth\u00e5ndv\u00e6rk, indhyllet i m\u00f8rkebl\u00e5t tekstil med legende prikker. Med bl\u00f8de, organiske former, der inviterer\" \/>\n<meta name=\"robots\" content=\"index, follow, max-snippet:-1, max-image-preview:large, max-video-preview:-1\" \/>\n<link rel=\"canonical\" href=\"https:\/\/hubsch-interior.com\/da\/wp-json\/wp\/v2\/product\/1089435\" \/>\n<meta property=\"og:locale\" content=\"da_DK\" \/>\n<meta property=\"og:type\" content=\"article\" \/>\n<meta property=\"og:title\" content=\"Elegance Sofa M\u00f8rkebl\u00e5 - H\u00fcbsch\" \/>\n<meta property=\"og:description\" content=\"Elegance Sofaen forener komfort med nutidig kunsth\u00e5ndv\u00e6rk, indhyllet i m\u00f8rkebl\u00e5t tekstil med legende prikker. Med bl\u00f8de, organiske former, der inviterer\" \/>\n<meta property=\"og:url\" content=\"https:\/\/hubsch-interior.com\/da\/vare\/elegance-sofa-morkebla-2\/\" \/>\n<meta property=\"og:site_name\" content=\"H\u00fcbsch\" \/>\n<meta property=\"article:modified_time\" content=\"2026-04-06T03:19:38+00:00\" \/>\n<meta property=\"og:image\" content=\"https:\/\/hubsch-interior.com\/wp-content\/uploads\/2026\/04\/elegance-sofa-dark-blue-bf097f8b85046332eeae585dbc1ed3b8.jpg\" \/>\n\t<meta property=\"og:image:width\" content=\"1024\" \/>\n\t<meta property=\"og:image:height\" content=\"1024\" \/>\n\t<meta property=\"og:image:type\" content=\"image\/jpeg\" \/>\n<meta name=\"twitter:card\" content=\"summary_large_image\" \/>\n<script type=\"application\/ld+json\" class=\"yoast-schema-graph\">{\"@context\":\"https:\/\/schema.org\",\"@graph\":[{\"@type\":\"WebPage\",\"@id\":\"https:\/\/hubsch-interior.com\/da\/vare\/elegance-sofa-morkebla-2\/\",\"url\":\"https:\/\/hubsch-interior.com\/da\/vare\/elegance-sofa-morkebla-2\/\",\"name\":\"Elegance Sofa M\u00f8rkebl\u00e5 - H\u00fcbsch\",\"isPartOf\":{\"@id\":\"https:\/\/hubsch-interior.com\/da\/#website\"},\"primaryImageOfPage\":{\"@id\":\"https:\/\/hubsch-interior.com\/da\/vare\/elegance-sofa-morkebla-2\/#primaryimage\"},\"image\":{\"@id\":\"https:\/\/hubsch-interior.com\/da\/vare\/elegance-sofa-morkebla-2\/#primaryimage\"},\"thumbnailUrl\":\"https:\/\/hubsch-interior.com\/wp-content\/uploads\/2026\/04\/elegance-sofa-dark-blue-bf097f8b85046332eeae585dbc1ed3b8.jpg\",\"datePublished\":\"2026-01-31T04:28:00+00:00\",\"dateModified\":\"2026-04-06T03:19:38+00:00\",\"description\":\"Elegance Sofaen forener komfort med nutidig kunsth\u00e5ndv\u00e6rk, indhyllet i m\u00f8rkebl\u00e5t tekstil med legende prikker. Med bl\u00f8de, organiske former, der inviterer\",\"breadcrumb\":{\"@id\":\"https:\/\/hubsch-interior.com\/da\/vare\/elegance-sofa-morkebla-2\/#breadcrumb\"},\"inLanguage\":\"da-DK\",\"potentialAction\":[{\"@type\":\"ReadAction\",\"target\":[\"https:\/\/hubsch-interior.com\/da\/vare\/elegance-sofa-morkebla-2\/\"]}]},{\"@type\":\"ImageObject\",\"inLanguage\":\"da-DK\",\"@id\":\"https:\/\/hubsch-interior.com\/da\/vare\/elegance-sofa-morkebla-2\/#primaryimage\",\"url\":\"https:\/\/hubsch-interior.com\/wp-content\/uploads\/2026\/04\/elegance-sofa-dark-blue-bf097f8b85046332eeae585dbc1ed3b8.jpg\",\"contentUrl\":\"https:\/\/hubsch-interior.com\/wp-content\/uploads\/2026\/04\/elegance-sofa-dark-blue-bf097f8b85046332eeae585dbc1ed3b8.jpg\",\"width\":1024,\"height\":1024},{\"@type\":\"BreadcrumbList\",\"@id\":\"https:\/\/hubsch-interior.com\/da\/vare\/elegance-sofa-morkebla-2\/#breadcrumb\",\"itemListElement\":[{\"@type\":\"ListItem\",\"position\":1,\"name\":\"Forside\",\"item\":\"https:\/\/hubsch-interior.com\/da\/\"},{\"@type\":\"ListItem\",\"position\":2,\"name\":\"Produkter\",\"item\":\"https:\/\/hubsch-interior.com\/da\/produkter\/\"},{\"@type\":\"ListItem\",\"position\":3,\"name\":\"M\u00f8bler\",\"item\":\"https:\/\/hubsch-interior.com\/da\/vare-kategori\/mobler\/\"},{\"@type\":\"ListItem\",\"position\":4,\"name\":\"Siddem&oslash;bler\",\"item\":\"https:\/\/hubsch-interior.com\/da\/vare-kategori\/mobler\/siddemoebler-da\/\"},{\"@type\":\"ListItem\",\"position\":5,\"name\":\"Sofaer og daybeds\",\"item\":\"https:\/\/hubsch-interior.com\/da\/vare-kategori\/mobler\/siddemoebler-da\/sofaer-og-daybeds-da\/\"},{\"@type\":\"ListItem\",\"position\":6,\"name\":\"Elegance Sofa M\u00f8rkebl\u00e5\"}]},{\"@type\":\"WebSite\",\"@id\":\"https:\/\/hubsch-interior.com\/da\/#website\",\"url\":\"https:\/\/hubsch-interior.com\/da\/\",\"name\":\"H\u00fcbsch\",\"description\":\"Danish Home Interior and Design\",\"publisher\":{\"@id\":\"https:\/\/hubsch-interior.com\/da\/#organization\"},\"potentialAction\":[{\"@type\":\"SearchAction\",\"target\":{\"@type\":\"EntryPoint\",\"urlTemplate\":\"https:\/\/hubsch-interior.com\/da\/?s={search_term_string}\"},\"query-input\":{\"@type\":\"PropertyValueSpecification\",\"valueRequired\":true,\"valueName\":\"search_term_string\"}}],\"inLanguage\":\"da-DK\"},{\"@type\":\"Organization\",\"@id\":\"https:\/\/hubsch-interior.com\/da\/#organization\",\"name\":\"H\u00fcbsch\",\"url\":\"https:\/\/hubsch-interior.com\/da\/\",\"logo\":{\"@type\":\"ImageObject\",\"inLanguage\":\"da-DK\",\"@id\":\"https:\/\/hubsch-interior.com\/da\/#\/schema\/logo\/image\/\",\"url\":\"https:\/\/hubsch-interior.com\/wp-content\/uploads\/2022\/12\/Hubsch_logo_black_one_line.svg\",\"contentUrl\":\"https:\/\/hubsch-interior.com\/wp-content\/uploads\/2022\/12\/Hubsch_logo_black_one_line.svg\",\"caption\":\"H\u00fcbsch\"},\"image\":{\"@id\":\"https:\/\/hubsch-interior.com\/da\/#\/schema\/logo\/image\/\"}}]}<\/script>\n<!-- \/ Yoast SEO plugin. -->","yoast_head_json":{"title":"Elegance Sofa M\u00f8rkebl\u00e5 - H\u00fcbsch","description":"Elegance Sofaen forener komfort med nutidig kunsth\u00e5ndv\u00e6rk, indhyllet i m\u00f8rkebl\u00e5t tekstil med legende prikker. Med bl\u00f8de, organiske former, der inviterer","robots":{"index":"index","follow":"follow","max-snippet":"max-snippet:-1","max-image-preview":"max-image-preview:large","max-video-preview":"max-video-preview:-1"},"canonical":"https:\/\/hubsch-interior.com\/da\/wp-json\/wp\/v2\/product\/1089435","og_locale":"da_DK","og_type":"article","og_title":"Elegance Sofa M\u00f8rkebl\u00e5 - H\u00fcbsch","og_description":"Elegance Sofaen forener komfort med nutidig kunsth\u00e5ndv\u00e6rk, indhyllet i m\u00f8rkebl\u00e5t tekstil med legende prikker. Med bl\u00f8de, organiske former, der inviterer","og_url":"https:\/\/hubsch-interior.com\/da\/vare\/elegance-sofa-morkebla-2\/","og_site_name":"H\u00fcbsch","article_modified_time":"2026-04-06T03:19:38+00:00","og_image":[{"width":1024,"height":1024,"url":"https:\/\/hubsch-interior.com\/wp-content\/uploads\/2026\/04\/elegance-sofa-dark-blue-bf097f8b85046332eeae585dbc1ed3b8.jpg","type":"image\/jpeg"}],"twitter_card":"summary_large_image","schema":{"@context":"https:\/\/schema.org","@graph":[{"@type":"WebPage","@id":"https:\/\/hubsch-interior.com\/da\/vare\/elegance-sofa-morkebla-2\/","url":"https:\/\/hubsch-interior.com\/da\/vare\/elegance-sofa-morkebla-2\/","name":"Elegance Sofa M\u00f8rkebl\u00e5 - H\u00fcbsch","isPartOf":{"@id":"https:\/\/hubsch-interior.com\/da\/#website"},"primaryImageOfPage":{"@id":"https:\/\/hubsch-interior.com\/da\/vare\/elegance-sofa-morkebla-2\/#primaryimage"},"image":{"@id":"https:\/\/hubsch-interior.com\/da\/vare\/elegance-sofa-morkebla-2\/#primaryimage"},"thumbnailUrl":"https:\/\/hubsch-interior.com\/wp-content\/uploads\/2026\/04\/elegance-sofa-dark-blue-bf097f8b85046332eeae585dbc1ed3b8.jpg","datePublished":"2026-01-31T04:28:00+00:00","dateModified":"2026-04-06T03:19:38+00:00","description":"Elegance Sofaen forener komfort med nutidig kunsth\u00e5ndv\u00e6rk, indhyllet i m\u00f8rkebl\u00e5t tekstil med legende prikker. Med bl\u00f8de, organiske former, der inviterer","breadcrumb":{"@id":"https:\/\/hubsch-interior.com\/da\/vare\/elegance-sofa-morkebla-2\/#breadcrumb"},"inLanguage":"da-DK","potentialAction":[{"@type":"ReadAction","target":["https:\/\/hubsch-interior.com\/da\/vare\/elegance-sofa-morkebla-2\/"]}]},{"@type":"ImageObject","inLanguage":"da-DK","@id":"https:\/\/hubsch-interior.com\/da\/vare\/elegance-sofa-morkebla-2\/#primaryimage","url":"https:\/\/hubsch-interior.com\/wp-content\/uploads\/2026\/04\/elegance-sofa-dark-blue-bf097f8b85046332eeae585dbc1ed3b8.jpg","contentUrl":"https:\/\/hubsch-interior.com\/wp-content\/uploads\/2026\/04\/elegance-sofa-dark-blue-bf097f8b85046332eeae585dbc1ed3b8.jpg","width":1024,"height":1024},{"@type":"BreadcrumbList","@id":"https:\/\/hubsch-interior.com\/da\/vare\/elegance-sofa-morkebla-2\/#breadcrumb","itemListElement":[{"@type":"ListItem","position":1,"name":"Forside","item":"https:\/\/hubsch-interior.com\/da\/"},{"@type":"ListItem","position":2,"name":"Produkter","item":"https:\/\/hubsch-interior.com\/da\/produkter\/"},{"@type":"ListItem","position":3,"name":"M\u00f8bler","item":"https:\/\/hubsch-interior.com\/da\/vare-kategori\/mobler\/"},{"@type":"ListItem","position":4,"name":"Siddem&oslash;bler","item":"https:\/\/hubsch-interior.com\/da\/vare-kategori\/mobler\/siddemoebler-da\/"},{"@type":"ListItem","position":5,"name":"Sofaer og daybeds","item":"https:\/\/hubsch-interior.com\/da\/vare-kategori\/mobler\/siddemoebler-da\/sofaer-og-daybeds-da\/"},{"@type":"ListItem","position":6,"name":"Elegance Sofa M\u00f8rkebl\u00e5"}]},{"@type":"WebSite","@id":"https:\/\/hubsch-interior.com\/da\/#website","url":"https:\/\/hubsch-interior.com\/da\/","name":"H\u00fcbsch","description":"Danish Home Interior and Design","publisher":{"@id":"https:\/\/hubsch-interior.com\/da\/#organization"},"potentialAction":[{"@type":"SearchAction","target":{"@type":"EntryPoint","urlTemplate":"https:\/\/hubsch-interior.com\/da\/?s={search_term_string}"},"query-input":{"@type":"PropertyValueSpecification","valueRequired":true,"valueName":"search_term_string"}}],"inLanguage":"da-DK"},{"@type":"Organization","@id":"https:\/\/hubsch-interior.com\/da\/#organization","name":"H\u00fcbsch","url":"https:\/\/hubsch-interior.com\/da\/","logo":{"@type":"ImageObject","inLanguage":"da-DK","@id":"https:\/\/hubsch-interior.com\/da\/#\/schema\/logo\/image\/","url":"https:\/\/hubsch-interior.com\/wp-content\/uploads\/2022\/12\/Hubsch_logo_black_one_line.svg","contentUrl":"https:\/\/hubsch-interior.com\/wp-content\/uploads\/2022\/12\/Hubsch_logo_black_one_line.svg","caption":"H\u00fcbsch"},"image":{"@id":"https:\/\/hubsch-interior.com\/da\/#\/schema\/logo\/image\/"}}]}},"_links":{"self":[{"href":"https:\/\/hubsch-interior.com\/da\/wp-json\/wp\/v2\/product\/1089435","targetHints":{"allow":["GET"]}}],"collection":[{"href":"https:\/\/hubsch-interior.com\/da\/wp-json\/wp\/v2\/product"}],"about":[{"href":"https:\/\/hubsch-interior.com\/da\/wp-json\/wp\/v2\/types\/product"}],"wp:featuredmedia":[{"embeddable":true,"href":"https:\/\/hubsch-interior.com\/da\/wp-json\/wp\/v2\/media\/1116086"}],"wp:attachment":[{"href":"https:\/\/hubsch-interior.com\/da\/wp-json\/wp\/v2\/media?parent=1089435"}],"wp:term":[{"taxonomy":"product_brand","embeddable":true,"href":"https:\/\/hubsch-interior.com\/da\/wp-json\/wp\/v2\/product_brand?post=1089435"},{"taxonomy":"product_cat","embeddable":true,"href":"https:\/\/hubsch-interior.com\/da\/wp-json\/wp\/v2\/product_cat?post=1089435"},{"taxonomy":"product_tag","embeddable":true,"href":"https:\/\/hubsch-interior.com\/da\/wp-json\/wp\/v2\/product_tag?post=1089435"}],"curies":[{"name":"wp","href":"https:\/\/api.w.org\/{rel}","templated":true}]}}