{"id":1089483,"date":"2026-01-31T05:28:24","date_gmt":"2026-01-31T04:28:24","guid":{"rendered":"https:\/\/hubsch-interior.com\/product\/product\/"},"modified":"2026-04-06T05:19:42","modified_gmt":"2026-04-06T03:19:42","slug":"elegance-sofa-lysegron-2","status":"publish","type":"product","link":"https:\/\/hubsch-interior.com\/da\/vare\/elegance-sofa-lysegron-2\/","title":{"rendered":"Elegance Sofa Lysegr\u00f8n"},"content":{"rendered":"<p>Elegance Sofaen er et sandt mesterv\u00e6rk af design, der forener bl\u00f8de, organiske former med legende detaljer. Omsluttet af let st\u00f8vet gr\u00f8nne tekstiler med fine spredte nuancer, tilbyder dette OEKO-TEX\u00ae STANDARD 100 certificerede fristed ikke bare stil, men ogs\u00e5 ro i sindet. Rummelig, men alligevel yndefuldt kontureret, f\u00f8les den aldrig klodset, hvilket g\u00f8r den til en perfekt tilf\u00f8jelse til moderne boligindretninger. Synk ned i dens bl\u00f8de, komfortable favntag og berig dit hjem med et strejf af charme og ro.<\/p>\n","protected":false},"excerpt":{"rendered":"<p>Elegance Sofaen er et sandt mesterv\u00e6rk af design, der forener bl\u00f8de, organiske former med legende detaljer. Omsluttet af let st\u00f8vet gr\u00f8nne tekstiler med fine spredte nuancer, tilbyder dette OEKO-TEX\u00ae STANDARD 100 certificerede fristed ikke bare stil, men ogs\u00e5 ro i sindet. Rummelig, men alligevel yndefuldt kontureret, f\u00f8les den aldrig klodset, hvilket g\u00f8r den til en [&hellip;]<\/p>\n","protected":false},"featured_media":1116122,"template":"","meta":{"_acf_changed":false,"inline_featured_image":false},"product_brand":[],"product_cat":[7153,2841,4198,5025,5045],"product_tag":[],"class_list":{"0":"post-1089483","1":"product","2":"type-product","3":"status-publish","4":"has-post-thumbnail","6":"product_cat-dweller-da","7":"product_cat-siddemoebler-da","8":"product_cat-sofaer-og-daybeds-da","9":"product_cat-bestsellers-da","10":"product_cat-nyheder-da","11":"product_shipping_class-p10","13":"pa_color-lysegrn","14":"pa_material-polyester-100-da","16":"first","17":"instock","18":"featured","19":"taxable","20":"shipping-taxable","21":"purchasable","22":"product-type-simple"},"exclude_global_add_ons":[],"addons":[],"acf":[],"yoast_head":"<!-- This site is optimized with the Yoast SEO plugin v26.4 - https:\/\/yoast.com\/wordpress\/plugins\/seo\/ -->\n<title>Elegance Sofa Lysegr\u00f8n - H\u00fcbsch<\/title>\n<meta name=\"description\" content=\"Elegance Sofaen er et sandt mesterv\u00e6rk af design, der forener bl\u00f8de, organiske former med legende detaljer. Omsluttet af let st\u00f8vet gr\u00f8nne tekstiler med\" \/>\n<meta name=\"robots\" content=\"index, follow, max-snippet:-1, max-image-preview:large, max-video-preview:-1\" \/>\n<link rel=\"canonical\" href=\"https:\/\/hubsch-interior.com\/da\/wp-json\/wp\/v2\/product\/1089483\" \/>\n<meta property=\"og:locale\" content=\"da_DK\" \/>\n<meta property=\"og:type\" content=\"article\" \/>\n<meta property=\"og:title\" content=\"Elegance Sofa Lysegr\u00f8n - H\u00fcbsch\" \/>\n<meta property=\"og:description\" content=\"Elegance Sofaen er et sandt mesterv\u00e6rk af design, der forener bl\u00f8de, organiske former med legende detaljer. Omsluttet af let st\u00f8vet gr\u00f8nne tekstiler med\" \/>\n<meta property=\"og:url\" content=\"https:\/\/hubsch-interior.com\/da\/vare\/elegance-sofa-lysegron-2\/\" \/>\n<meta property=\"og:site_name\" content=\"H\u00fcbsch\" \/>\n<meta property=\"article:modified_time\" content=\"2026-04-06T03:19:42+00:00\" \/>\n<meta property=\"og:image\" content=\"https:\/\/hubsch-interior.com\/wp-content\/uploads\/2026\/04\/elegance-sofa-light-green-f5f825f6c0d15c951402e3cf607ad655.jpg\" \/>\n\t<meta property=\"og:image:width\" content=\"1024\" \/>\n\t<meta property=\"og:image:height\" content=\"1024\" \/>\n\t<meta property=\"og:image:type\" content=\"image\/jpeg\" \/>\n<meta name=\"twitter:card\" content=\"summary_large_image\" \/>\n<script type=\"application\/ld+json\" class=\"yoast-schema-graph\">{\"@context\":\"https:\/\/schema.org\",\"@graph\":[{\"@type\":\"WebPage\",\"@id\":\"https:\/\/hubsch-interior.com\/da\/vare\/elegance-sofa-lysegron-2\/\",\"url\":\"https:\/\/hubsch-interior.com\/da\/vare\/elegance-sofa-lysegron-2\/\",\"name\":\"Elegance Sofa Lysegr\u00f8n - H\u00fcbsch\",\"isPartOf\":{\"@id\":\"https:\/\/hubsch-interior.com\/da\/#website\"},\"primaryImageOfPage\":{\"@id\":\"https:\/\/hubsch-interior.com\/da\/vare\/elegance-sofa-lysegron-2\/#primaryimage\"},\"image\":{\"@id\":\"https:\/\/hubsch-interior.com\/da\/vare\/elegance-sofa-lysegron-2\/#primaryimage\"},\"thumbnailUrl\":\"https:\/\/hubsch-interior.com\/wp-content\/uploads\/2026\/04\/elegance-sofa-light-green-f5f825f6c0d15c951402e3cf607ad655.jpg\",\"datePublished\":\"2026-01-31T04:28:24+00:00\",\"dateModified\":\"2026-04-06T03:19:42+00:00\",\"description\":\"Elegance Sofaen er et sandt mesterv\u00e6rk af design, der forener bl\u00f8de, organiske former med legende detaljer. Omsluttet af let st\u00f8vet gr\u00f8nne tekstiler med\",\"breadcrumb\":{\"@id\":\"https:\/\/hubsch-interior.com\/da\/vare\/elegance-sofa-lysegron-2\/#breadcrumb\"},\"inLanguage\":\"da-DK\",\"potentialAction\":[{\"@type\":\"ReadAction\",\"target\":[\"https:\/\/hubsch-interior.com\/da\/vare\/elegance-sofa-lysegron-2\/\"]}]},{\"@type\":\"ImageObject\",\"inLanguage\":\"da-DK\",\"@id\":\"https:\/\/hubsch-interior.com\/da\/vare\/elegance-sofa-lysegron-2\/#primaryimage\",\"url\":\"https:\/\/hubsch-interior.com\/wp-content\/uploads\/2026\/04\/elegance-sofa-light-green-f5f825f6c0d15c951402e3cf607ad655.jpg\",\"contentUrl\":\"https:\/\/hubsch-interior.com\/wp-content\/uploads\/2026\/04\/elegance-sofa-light-green-f5f825f6c0d15c951402e3cf607ad655.jpg\",\"width\":1024,\"height\":1024},{\"@type\":\"BreadcrumbList\",\"@id\":\"https:\/\/hubsch-interior.com\/da\/vare\/elegance-sofa-lysegron-2\/#breadcrumb\",\"itemListElement\":[{\"@type\":\"ListItem\",\"position\":1,\"name\":\"Forside\",\"item\":\"https:\/\/hubsch-interior.com\/da\/\"},{\"@type\":\"ListItem\",\"position\":2,\"name\":\"Produkter\",\"item\":\"https:\/\/hubsch-interior.com\/da\/produkter\/\"},{\"@type\":\"ListItem\",\"position\":3,\"name\":\"M\u00f8bler\",\"item\":\"https:\/\/hubsch-interior.com\/da\/vare-kategori\/mobler\/\"},{\"@type\":\"ListItem\",\"position\":4,\"name\":\"Siddem&oslash;bler\",\"item\":\"https:\/\/hubsch-interior.com\/da\/vare-kategori\/mobler\/siddemoebler-da\/\"},{\"@type\":\"ListItem\",\"position\":5,\"name\":\"Sofaer og daybeds\",\"item\":\"https:\/\/hubsch-interior.com\/da\/vare-kategori\/mobler\/siddemoebler-da\/sofaer-og-daybeds-da\/\"},{\"@type\":\"ListItem\",\"position\":6,\"name\":\"Elegance Sofa Lysegr\u00f8n\"}]},{\"@type\":\"WebSite\",\"@id\":\"https:\/\/hubsch-interior.com\/da\/#website\",\"url\":\"https:\/\/hubsch-interior.com\/da\/\",\"name\":\"H\u00fcbsch\",\"description\":\"Danish Home Interior and Design\",\"publisher\":{\"@id\":\"https:\/\/hubsch-interior.com\/da\/#organization\"},\"potentialAction\":[{\"@type\":\"SearchAction\",\"target\":{\"@type\":\"EntryPoint\",\"urlTemplate\":\"https:\/\/hubsch-interior.com\/da\/?s={search_term_string}\"},\"query-input\":{\"@type\":\"PropertyValueSpecification\",\"valueRequired\":true,\"valueName\":\"search_term_string\"}}],\"inLanguage\":\"da-DK\"},{\"@type\":\"Organization\",\"@id\":\"https:\/\/hubsch-interior.com\/da\/#organization\",\"name\":\"H\u00fcbsch\",\"url\":\"https:\/\/hubsch-interior.com\/da\/\",\"logo\":{\"@type\":\"ImageObject\",\"inLanguage\":\"da-DK\",\"@id\":\"https:\/\/hubsch-interior.com\/da\/#\/schema\/logo\/image\/\",\"url\":\"https:\/\/hubsch-interior.com\/wp-content\/uploads\/2022\/12\/Hubsch_logo_black_one_line.svg\",\"contentUrl\":\"https:\/\/hubsch-interior.com\/wp-content\/uploads\/2022\/12\/Hubsch_logo_black_one_line.svg\",\"caption\":\"H\u00fcbsch\"},\"image\":{\"@id\":\"https:\/\/hubsch-interior.com\/da\/#\/schema\/logo\/image\/\"}}]}<\/script>\n<!-- \/ Yoast SEO plugin. -->","yoast_head_json":{"title":"Elegance Sofa Lysegr\u00f8n - H\u00fcbsch","description":"Elegance Sofaen er et sandt mesterv\u00e6rk af design, der forener bl\u00f8de, organiske former med legende detaljer. Omsluttet af let st\u00f8vet gr\u00f8nne tekstiler med","robots":{"index":"index","follow":"follow","max-snippet":"max-snippet:-1","max-image-preview":"max-image-preview:large","max-video-preview":"max-video-preview:-1"},"canonical":"https:\/\/hubsch-interior.com\/da\/wp-json\/wp\/v2\/product\/1089483","og_locale":"da_DK","og_type":"article","og_title":"Elegance Sofa Lysegr\u00f8n - H\u00fcbsch","og_description":"Elegance Sofaen er et sandt mesterv\u00e6rk af design, der forener bl\u00f8de, organiske former med legende detaljer. Omsluttet af let st\u00f8vet gr\u00f8nne tekstiler med","og_url":"https:\/\/hubsch-interior.com\/da\/vare\/elegance-sofa-lysegron-2\/","og_site_name":"H\u00fcbsch","article_modified_time":"2026-04-06T03:19:42+00:00","og_image":[{"width":1024,"height":1024,"url":"https:\/\/hubsch-interior.com\/wp-content\/uploads\/2026\/04\/elegance-sofa-light-green-f5f825f6c0d15c951402e3cf607ad655.jpg","type":"image\/jpeg"}],"twitter_card":"summary_large_image","schema":{"@context":"https:\/\/schema.org","@graph":[{"@type":"WebPage","@id":"https:\/\/hubsch-interior.com\/da\/vare\/elegance-sofa-lysegron-2\/","url":"https:\/\/hubsch-interior.com\/da\/vare\/elegance-sofa-lysegron-2\/","name":"Elegance Sofa Lysegr\u00f8n - H\u00fcbsch","isPartOf":{"@id":"https:\/\/hubsch-interior.com\/da\/#website"},"primaryImageOfPage":{"@id":"https:\/\/hubsch-interior.com\/da\/vare\/elegance-sofa-lysegron-2\/#primaryimage"},"image":{"@id":"https:\/\/hubsch-interior.com\/da\/vare\/elegance-sofa-lysegron-2\/#primaryimage"},"thumbnailUrl":"https:\/\/hubsch-interior.com\/wp-content\/uploads\/2026\/04\/elegance-sofa-light-green-f5f825f6c0d15c951402e3cf607ad655.jpg","datePublished":"2026-01-31T04:28:24+00:00","dateModified":"2026-04-06T03:19:42+00:00","description":"Elegance Sofaen er et sandt mesterv\u00e6rk af design, der forener bl\u00f8de, organiske former med legende detaljer. Omsluttet af let st\u00f8vet gr\u00f8nne tekstiler med","breadcrumb":{"@id":"https:\/\/hubsch-interior.com\/da\/vare\/elegance-sofa-lysegron-2\/#breadcrumb"},"inLanguage":"da-DK","potentialAction":[{"@type":"ReadAction","target":["https:\/\/hubsch-interior.com\/da\/vare\/elegance-sofa-lysegron-2\/"]}]},{"@type":"ImageObject","inLanguage":"da-DK","@id":"https:\/\/hubsch-interior.com\/da\/vare\/elegance-sofa-lysegron-2\/#primaryimage","url":"https:\/\/hubsch-interior.com\/wp-content\/uploads\/2026\/04\/elegance-sofa-light-green-f5f825f6c0d15c951402e3cf607ad655.jpg","contentUrl":"https:\/\/hubsch-interior.com\/wp-content\/uploads\/2026\/04\/elegance-sofa-light-green-f5f825f6c0d15c951402e3cf607ad655.jpg","width":1024,"height":1024},{"@type":"BreadcrumbList","@id":"https:\/\/hubsch-interior.com\/da\/vare\/elegance-sofa-lysegron-2\/#breadcrumb","itemListElement":[{"@type":"ListItem","position":1,"name":"Forside","item":"https:\/\/hubsch-interior.com\/da\/"},{"@type":"ListItem","position":2,"name":"Produkter","item":"https:\/\/hubsch-interior.com\/da\/produkter\/"},{"@type":"ListItem","position":3,"name":"M\u00f8bler","item":"https:\/\/hubsch-interior.com\/da\/vare-kategori\/mobler\/"},{"@type":"ListItem","position":4,"name":"Siddem&oslash;bler","item":"https:\/\/hubsch-interior.com\/da\/vare-kategori\/mobler\/siddemoebler-da\/"},{"@type":"ListItem","position":5,"name":"Sofaer og daybeds","item":"https:\/\/hubsch-interior.com\/da\/vare-kategori\/mobler\/siddemoebler-da\/sofaer-og-daybeds-da\/"},{"@type":"ListItem","position":6,"name":"Elegance Sofa Lysegr\u00f8n"}]},{"@type":"WebSite","@id":"https:\/\/hubsch-interior.com\/da\/#website","url":"https:\/\/hubsch-interior.com\/da\/","name":"H\u00fcbsch","description":"Danish Home Interior and Design","publisher":{"@id":"https:\/\/hubsch-interior.com\/da\/#organization"},"potentialAction":[{"@type":"SearchAction","target":{"@type":"EntryPoint","urlTemplate":"https:\/\/hubsch-interior.com\/da\/?s={search_term_string}"},"query-input":{"@type":"PropertyValueSpecification","valueRequired":true,"valueName":"search_term_string"}}],"inLanguage":"da-DK"},{"@type":"Organization","@id":"https:\/\/hubsch-interior.com\/da\/#organization","name":"H\u00fcbsch","url":"https:\/\/hubsch-interior.com\/da\/","logo":{"@type":"ImageObject","inLanguage":"da-DK","@id":"https:\/\/hubsch-interior.com\/da\/#\/schema\/logo\/image\/","url":"https:\/\/hubsch-interior.com\/wp-content\/uploads\/2022\/12\/Hubsch_logo_black_one_line.svg","contentUrl":"https:\/\/hubsch-interior.com\/wp-content\/uploads\/2022\/12\/Hubsch_logo_black_one_line.svg","caption":"H\u00fcbsch"},"image":{"@id":"https:\/\/hubsch-interior.com\/da\/#\/schema\/logo\/image\/"}}]}},"_links":{"self":[{"href":"https:\/\/hubsch-interior.com\/da\/wp-json\/wp\/v2\/product\/1089483","targetHints":{"allow":["GET"]}}],"collection":[{"href":"https:\/\/hubsch-interior.com\/da\/wp-json\/wp\/v2\/product"}],"about":[{"href":"https:\/\/hubsch-interior.com\/da\/wp-json\/wp\/v2\/types\/product"}],"wp:featuredmedia":[{"embeddable":true,"href":"https:\/\/hubsch-interior.com\/da\/wp-json\/wp\/v2\/media\/1116122"}],"wp:attachment":[{"href":"https:\/\/hubsch-interior.com\/da\/wp-json\/wp\/v2\/media?parent=1089483"}],"wp:term":[{"taxonomy":"product_brand","embeddable":true,"href":"https:\/\/hubsch-interior.com\/da\/wp-json\/wp\/v2\/product_brand?post=1089483"},{"taxonomy":"product_cat","embeddable":true,"href":"https:\/\/hubsch-interior.com\/da\/wp-json\/wp\/v2\/product_cat?post=1089483"},{"taxonomy":"product_tag","embeddable":true,"href":"https:\/\/hubsch-interior.com\/da\/wp-json\/wp\/v2\/product_tag?post=1089483"}],"curies":[{"name":"wp","href":"https:\/\/api.w.org\/{rel}","templated":true}]}}