{"id":1089499,"date":"2026-01-31T05:29:40","date_gmt":"2026-01-31T04:29:40","guid":{"rendered":"https:\/\/hubsch-interior.com\/product\/product\/"},"modified":"2026-04-06T05:20:27","modified_gmt":"2026-04-06T03:20:27","slug":"cover-vaeglampe-sand","status":"publish","type":"product","link":"https:\/\/hubsch-interior.com\/da\/vare\/cover-vaeglampe-sand\/","title":{"rendered":"Cover V\u00e6glampe Sand"},"content":{"rendered":"<p>Pr\u00e6senterer Cover V\u00e6glampe, mesterligt udf\u00f8rt i en smuk lys sandfarve, perfekt til at tilf\u00f8je et strejf af diskret elegance til dine interi\u00f8rer. Med sit klassiske og diskrete design er denne lampe en fantastisk tilf\u00f8jelse til dit l\u00e6sehj\u00f8rne eller som en charmerende tilf\u00f8jelse til dit natbord. Med et drejbart led giver den dig fleksibilitet til at justere lyset pr\u00e6cis, hvor du har brug for det, s\u00e5 hver side du l\u00e6ser eller hvert hj\u00f8rne du oplyser er perfekt belyst.<\/p>\n","protected":false},"excerpt":{"rendered":"<p>Pr\u00e6senterer Cover V\u00e6glampe, mesterligt udf\u00f8rt i en smuk lys sandfarve, perfekt til at tilf\u00f8je et strejf af diskret elegance til dine interi\u00f8rer. Med sit klassiske og diskrete design er denne lampe en fantastisk tilf\u00f8jelse til dit l\u00e6sehj\u00f8rne eller som en charmerende tilf\u00f8jelse til dit natbord. Med et drejbart led giver den dig fleksibilitet til at [&hellip;]<\/p>\n","protected":false},"featured_media":1111903,"template":"","meta":{"_acf_changed":false,"inline_featured_image":false},"product_brand":[],"product_cat":[7153,3808,3405,5025,5045],"product_tag":[],"class_list":{"0":"post-1089499","1":"product","2":"type-product","3":"status-publish","4":"has-post-thumbnail","6":"product_cat-dweller-da","7":"product_cat-belysning","8":"product_cat-vaeglamper-da","9":"product_cat-bestsellers-da","10":"product_cat-nyheder-da","11":"product_shipping_class-pk","13":"pa_color-sand-da","14":"pa_material-jern-da","15":"pa_material-polycarbonat","17":"first","18":"instock","19":"featured","20":"taxable","21":"shipping-taxable","22":"purchasable","23":"product-type-simple"},"exclude_global_add_ons":[],"addons":[],"acf":[],"yoast_head":"<!-- This site is optimized with the Yoast SEO plugin v26.4 - https:\/\/yoast.com\/wordpress\/plugins\/seo\/ -->\n<title>Cover V\u00e6glampe Sand - H\u00fcbsch<\/title>\n<meta name=\"description\" content=\"Pr\u00e6senterer Cover V\u00e6glampe, mesterligt udf\u00f8rt i en smuk lys sandfarve, perfekt til at tilf\u00f8je et strejf af diskret elegance til dine interi\u00f8rer. Med sit\" \/>\n<meta name=\"robots\" content=\"index, follow, max-snippet:-1, max-image-preview:large, max-video-preview:-1\" \/>\n<link rel=\"canonical\" href=\"https:\/\/hubsch-interior.com\/da\/wp-json\/wp\/v2\/product\/1089499\" \/>\n<meta property=\"og:locale\" content=\"da_DK\" \/>\n<meta property=\"og:type\" content=\"article\" \/>\n<meta property=\"og:title\" content=\"Cover V\u00e6glampe Sand - H\u00fcbsch\" \/>\n<meta property=\"og:description\" content=\"Pr\u00e6senterer Cover V\u00e6glampe, mesterligt udf\u00f8rt i en smuk lys sandfarve, perfekt til at tilf\u00f8je et strejf af diskret elegance til dine interi\u00f8rer. Med sit\" \/>\n<meta property=\"og:url\" content=\"https:\/\/hubsch-interior.com\/da\/vare\/cover-vaeglampe-sand\/\" \/>\n<meta property=\"og:site_name\" content=\"H\u00fcbsch\" \/>\n<meta property=\"article:modified_time\" content=\"2026-04-06T03:20:27+00:00\" \/>\n<meta property=\"og:image\" content=\"https:\/\/hubsch-interior.com\/wp-content\/uploads\/2026\/01\/cover-wall-lamp-sand-06772dd383f51069bb4060966f56dadf.jpg\" \/>\n\t<meta property=\"og:image:width\" content=\"1200\" \/>\n\t<meta property=\"og:image:height\" content=\"1200\" \/>\n\t<meta property=\"og:image:type\" content=\"image\/jpeg\" \/>\n<meta name=\"twitter:card\" content=\"summary_large_image\" \/>\n<script type=\"application\/ld+json\" class=\"yoast-schema-graph\">{\"@context\":\"https:\/\/schema.org\",\"@graph\":[{\"@type\":\"WebPage\",\"@id\":\"https:\/\/hubsch-interior.com\/da\/vare\/cover-vaeglampe-sand\/\",\"url\":\"https:\/\/hubsch-interior.com\/da\/vare\/cover-vaeglampe-sand\/\",\"name\":\"Cover V\u00e6glampe Sand - H\u00fcbsch\",\"isPartOf\":{\"@id\":\"https:\/\/hubsch-interior.com\/da\/#website\"},\"primaryImageOfPage\":{\"@id\":\"https:\/\/hubsch-interior.com\/da\/vare\/cover-vaeglampe-sand\/#primaryimage\"},\"image\":{\"@id\":\"https:\/\/hubsch-interior.com\/da\/vare\/cover-vaeglampe-sand\/#primaryimage\"},\"thumbnailUrl\":\"https:\/\/hubsch-interior.com\/wp-content\/uploads\/2026\/02\/cover-wall-lamp-sand-b5a8efc534f2e48dc52df12b35793659.jpg\",\"datePublished\":\"2026-01-31T04:29:40+00:00\",\"dateModified\":\"2026-04-06T03:20:27+00:00\",\"description\":\"Pr\u00e6senterer Cover V\u00e6glampe, mesterligt udf\u00f8rt i en smuk lys sandfarve, perfekt til at tilf\u00f8je et strejf af diskret elegance til dine interi\u00f8rer. Med sit\",\"breadcrumb\":{\"@id\":\"https:\/\/hubsch-interior.com\/da\/vare\/cover-vaeglampe-sand\/#breadcrumb\"},\"inLanguage\":\"da-DK\",\"potentialAction\":[{\"@type\":\"ReadAction\",\"target\":[\"https:\/\/hubsch-interior.com\/da\/vare\/cover-vaeglampe-sand\/\"]}]},{\"@type\":\"ImageObject\",\"inLanguage\":\"da-DK\",\"@id\":\"https:\/\/hubsch-interior.com\/da\/vare\/cover-vaeglampe-sand\/#primaryimage\",\"url\":\"https:\/\/hubsch-interior.com\/wp-content\/uploads\/2026\/02\/cover-wall-lamp-sand-b5a8efc534f2e48dc52df12b35793659.jpg\",\"contentUrl\":\"https:\/\/hubsch-interior.com\/wp-content\/uploads\/2026\/02\/cover-wall-lamp-sand-b5a8efc534f2e48dc52df12b35793659.jpg\",\"width\":1024,\"height\":1024},{\"@type\":\"BreadcrumbList\",\"@id\":\"https:\/\/hubsch-interior.com\/da\/vare\/cover-vaeglampe-sand\/#breadcrumb\",\"itemListElement\":[{\"@type\":\"ListItem\",\"position\":1,\"name\":\"Forside\",\"item\":\"https:\/\/hubsch-interior.com\/da\/\"},{\"@type\":\"ListItem\",\"position\":2,\"name\":\"Produkter\",\"item\":\"https:\/\/hubsch-interior.com\/da\/produkter\/\"},{\"@type\":\"ListItem\",\"position\":3,\"name\":\"Cover V\u00e6glampe Sand\"}]},{\"@type\":\"WebSite\",\"@id\":\"https:\/\/hubsch-interior.com\/da\/#website\",\"url\":\"https:\/\/hubsch-interior.com\/da\/\",\"name\":\"H\u00fcbsch\",\"description\":\"Danish Home Interior and Design\",\"publisher\":{\"@id\":\"https:\/\/hubsch-interior.com\/da\/#organization\"},\"potentialAction\":[{\"@type\":\"SearchAction\",\"target\":{\"@type\":\"EntryPoint\",\"urlTemplate\":\"https:\/\/hubsch-interior.com\/da\/?s={search_term_string}\"},\"query-input\":{\"@type\":\"PropertyValueSpecification\",\"valueRequired\":true,\"valueName\":\"search_term_string\"}}],\"inLanguage\":\"da-DK\"},{\"@type\":\"Organization\",\"@id\":\"https:\/\/hubsch-interior.com\/da\/#organization\",\"name\":\"H\u00fcbsch\",\"url\":\"https:\/\/hubsch-interior.com\/da\/\",\"logo\":{\"@type\":\"ImageObject\",\"inLanguage\":\"da-DK\",\"@id\":\"https:\/\/hubsch-interior.com\/da\/#\/schema\/logo\/image\/\",\"url\":\"https:\/\/hubsch-interior.com\/wp-content\/uploads\/2022\/12\/Hubsch_logo_black_one_line.svg\",\"contentUrl\":\"https:\/\/hubsch-interior.com\/wp-content\/uploads\/2022\/12\/Hubsch_logo_black_one_line.svg\",\"caption\":\"H\u00fcbsch\"},\"image\":{\"@id\":\"https:\/\/hubsch-interior.com\/da\/#\/schema\/logo\/image\/\"}}]}<\/script>\n<!-- \/ Yoast SEO plugin. -->","yoast_head_json":{"title":"Cover V\u00e6glampe Sand - H\u00fcbsch","description":"Pr\u00e6senterer Cover V\u00e6glampe, mesterligt udf\u00f8rt i en smuk lys sandfarve, perfekt til at tilf\u00f8je et strejf af diskret elegance til dine interi\u00f8rer. Med sit","robots":{"index":"index","follow":"follow","max-snippet":"max-snippet:-1","max-image-preview":"max-image-preview:large","max-video-preview":"max-video-preview:-1"},"canonical":"https:\/\/hubsch-interior.com\/da\/wp-json\/wp\/v2\/product\/1089499","og_locale":"da_DK","og_type":"article","og_title":"Cover V\u00e6glampe Sand - H\u00fcbsch","og_description":"Pr\u00e6senterer Cover V\u00e6glampe, mesterligt udf\u00f8rt i en smuk lys sandfarve, perfekt til at tilf\u00f8je et strejf af diskret elegance til dine interi\u00f8rer. Med sit","og_url":"https:\/\/hubsch-interior.com\/da\/vare\/cover-vaeglampe-sand\/","og_site_name":"H\u00fcbsch","article_modified_time":"2026-04-06T03:20:27+00:00","og_image":[{"width":1200,"height":1200,"url":"https:\/\/hubsch-interior.com\/wp-content\/uploads\/2026\/01\/cover-wall-lamp-sand-06772dd383f51069bb4060966f56dadf.jpg","type":"image\/jpeg"}],"twitter_card":"summary_large_image","schema":{"@context":"https:\/\/schema.org","@graph":[{"@type":"WebPage","@id":"https:\/\/hubsch-interior.com\/da\/vare\/cover-vaeglampe-sand\/","url":"https:\/\/hubsch-interior.com\/da\/vare\/cover-vaeglampe-sand\/","name":"Cover V\u00e6glampe Sand - H\u00fcbsch","isPartOf":{"@id":"https:\/\/hubsch-interior.com\/da\/#website"},"primaryImageOfPage":{"@id":"https:\/\/hubsch-interior.com\/da\/vare\/cover-vaeglampe-sand\/#primaryimage"},"image":{"@id":"https:\/\/hubsch-interior.com\/da\/vare\/cover-vaeglampe-sand\/#primaryimage"},"thumbnailUrl":"https:\/\/hubsch-interior.com\/wp-content\/uploads\/2026\/02\/cover-wall-lamp-sand-b5a8efc534f2e48dc52df12b35793659.jpg","datePublished":"2026-01-31T04:29:40+00:00","dateModified":"2026-04-06T03:20:27+00:00","description":"Pr\u00e6senterer Cover V\u00e6glampe, mesterligt udf\u00f8rt i en smuk lys sandfarve, perfekt til at tilf\u00f8je et strejf af diskret elegance til dine interi\u00f8rer. Med sit","breadcrumb":{"@id":"https:\/\/hubsch-interior.com\/da\/vare\/cover-vaeglampe-sand\/#breadcrumb"},"inLanguage":"da-DK","potentialAction":[{"@type":"ReadAction","target":["https:\/\/hubsch-interior.com\/da\/vare\/cover-vaeglampe-sand\/"]}]},{"@type":"ImageObject","inLanguage":"da-DK","@id":"https:\/\/hubsch-interior.com\/da\/vare\/cover-vaeglampe-sand\/#primaryimage","url":"https:\/\/hubsch-interior.com\/wp-content\/uploads\/2026\/02\/cover-wall-lamp-sand-b5a8efc534f2e48dc52df12b35793659.jpg","contentUrl":"https:\/\/hubsch-interior.com\/wp-content\/uploads\/2026\/02\/cover-wall-lamp-sand-b5a8efc534f2e48dc52df12b35793659.jpg","width":1024,"height":1024},{"@type":"BreadcrumbList","@id":"https:\/\/hubsch-interior.com\/da\/vare\/cover-vaeglampe-sand\/#breadcrumb","itemListElement":[{"@type":"ListItem","position":1,"name":"Forside","item":"https:\/\/hubsch-interior.com\/da\/"},{"@type":"ListItem","position":2,"name":"Produkter","item":"https:\/\/hubsch-interior.com\/da\/produkter\/"},{"@type":"ListItem","position":3,"name":"Cover V\u00e6glampe Sand"}]},{"@type":"WebSite","@id":"https:\/\/hubsch-interior.com\/da\/#website","url":"https:\/\/hubsch-interior.com\/da\/","name":"H\u00fcbsch","description":"Danish Home Interior and Design","publisher":{"@id":"https:\/\/hubsch-interior.com\/da\/#organization"},"potentialAction":[{"@type":"SearchAction","target":{"@type":"EntryPoint","urlTemplate":"https:\/\/hubsch-interior.com\/da\/?s={search_term_string}"},"query-input":{"@type":"PropertyValueSpecification","valueRequired":true,"valueName":"search_term_string"}}],"inLanguage":"da-DK"},{"@type":"Organization","@id":"https:\/\/hubsch-interior.com\/da\/#organization","name":"H\u00fcbsch","url":"https:\/\/hubsch-interior.com\/da\/","logo":{"@type":"ImageObject","inLanguage":"da-DK","@id":"https:\/\/hubsch-interior.com\/da\/#\/schema\/logo\/image\/","url":"https:\/\/hubsch-interior.com\/wp-content\/uploads\/2022\/12\/Hubsch_logo_black_one_line.svg","contentUrl":"https:\/\/hubsch-interior.com\/wp-content\/uploads\/2022\/12\/Hubsch_logo_black_one_line.svg","caption":"H\u00fcbsch"},"image":{"@id":"https:\/\/hubsch-interior.com\/da\/#\/schema\/logo\/image\/"}}]}},"_links":{"self":[{"href":"https:\/\/hubsch-interior.com\/da\/wp-json\/wp\/v2\/product\/1089499","targetHints":{"allow":["GET"]}}],"collection":[{"href":"https:\/\/hubsch-interior.com\/da\/wp-json\/wp\/v2\/product"}],"about":[{"href":"https:\/\/hubsch-interior.com\/da\/wp-json\/wp\/v2\/types\/product"}],"wp:featuredmedia":[{"embeddable":true,"href":"https:\/\/hubsch-interior.com\/da\/wp-json\/wp\/v2\/media\/1111903"}],"wp:attachment":[{"href":"https:\/\/hubsch-interior.com\/da\/wp-json\/wp\/v2\/media?parent=1089499"}],"wp:term":[{"taxonomy":"product_brand","embeddable":true,"href":"https:\/\/hubsch-interior.com\/da\/wp-json\/wp\/v2\/product_brand?post=1089499"},{"taxonomy":"product_cat","embeddable":true,"href":"https:\/\/hubsch-interior.com\/da\/wp-json\/wp\/v2\/product_cat?post=1089499"},{"taxonomy":"product_tag","embeddable":true,"href":"https:\/\/hubsch-interior.com\/da\/wp-json\/wp\/v2\/product_tag?post=1089499"}],"curies":[{"name":"wp","href":"https:\/\/api.w.org\/{rel}","templated":true}]}}