{"id":1089515,"date":"2026-01-31T05:29:52","date_gmt":"2026-01-31T04:29:52","guid":{"rendered":"https:\/\/hubsch-interior.com\/product\/product\/"},"modified":"2026-04-05T05:26:41","modified_gmt":"2026-04-05T03:26:41","slug":"cover-vaeglampe-sort","status":"publish","type":"product","link":"https:\/\/hubsch-interior.com\/da\/vare\/cover-vaeglampe-sort\/","title":{"rendered":"Cover V\u00e6glampe Sort"},"content":{"rendered":"<p>Pr\u00e6sentation af Cover V\u00e6glampen, en tidl\u00f8s tilf\u00f8jelse til dit hjem med sin klassiske og diskrete sorte farve. Fremstillet med et drejbart led, tilbyder denne lampe enest\u00e5ende alsidighed, s\u00e5 du kan rette lyset pr\u00e6cis, hvor du har brug for det. Uanset om den kaster et sk\u00e6r over dit yndlingsl\u00e6sehj\u00f8rne eller tilf\u00f8jer stemning ved siden af din seng, er Cover V\u00e6glampen perfekt til at forbedre dine intime rum med b\u00e5de stil og funktion.<\/p>\n","protected":false},"excerpt":{"rendered":"<p>Pr\u00e6sentation af Cover V\u00e6glampen, en tidl\u00f8s tilf\u00f8jelse til dit hjem med sin klassiske og diskrete sorte farve. Fremstillet med et drejbart led, tilbyder denne lampe enest\u00e5ende alsidighed, s\u00e5 du kan rette lyset pr\u00e6cis, hvor du har brug for det. Uanset om den kaster et sk\u00e6r over dit yndlingsl\u00e6sehj\u00f8rne eller tilf\u00f8jer stemning ved siden af din [&hellip;]<\/p>\n","protected":false},"featured_media":1111911,"template":"","meta":{"_acf_changed":false,"inline_featured_image":false},"product_brand":[],"product_cat":[7153,3808,3405,5025,5045],"product_tag":[],"class_list":{"0":"post-1089515","1":"product","2":"type-product","3":"status-publish","4":"has-post-thumbnail","6":"product_cat-dweller-da","7":"product_cat-belysning","8":"product_cat-vaeglamper-da","9":"product_cat-bestsellers-da","10":"product_cat-nyheder-da","11":"product_shipping_class-pk","13":"pa_color-sort","14":"pa_material-jern-da","15":"pa_material-polycarbonat","17":"first","18":"instock","19":"featured","20":"taxable","21":"shipping-taxable","22":"purchasable","23":"product-type-simple"},"exclude_global_add_ons":[],"addons":[],"acf":[],"yoast_head":"<!-- This site is optimized with the Yoast SEO plugin v26.4 - https:\/\/yoast.com\/wordpress\/plugins\/seo\/ -->\n<title>Cover V\u00e6glampe Sort - H\u00fcbsch<\/title>\n<meta name=\"description\" content=\"Pr\u00e6sentation af Cover V\u00e6glampen, en tidl\u00f8s tilf\u00f8jelse til dit hjem med sin klassiske og diskrete sorte farve. Fremstillet med et drejbart led, tilbyder\" \/>\n<meta name=\"robots\" content=\"index, follow, max-snippet:-1, max-image-preview:large, max-video-preview:-1\" \/>\n<link rel=\"canonical\" href=\"https:\/\/hubsch-interior.com\/da\/wp-json\/wp\/v2\/product\/1089515\" \/>\n<meta property=\"og:locale\" content=\"da_DK\" \/>\n<meta property=\"og:type\" content=\"article\" \/>\n<meta property=\"og:title\" content=\"Cover V\u00e6glampe Sort - H\u00fcbsch\" \/>\n<meta property=\"og:description\" content=\"Pr\u00e6sentation af Cover V\u00e6glampen, en tidl\u00f8s tilf\u00f8jelse til dit hjem med sin klassiske og diskrete sorte farve. Fremstillet med et drejbart led, tilbyder\" \/>\n<meta property=\"og:url\" content=\"https:\/\/hubsch-interior.com\/da\/vare\/cover-vaeglampe-sort\/\" \/>\n<meta property=\"og:site_name\" content=\"H\u00fcbsch\" \/>\n<meta property=\"article:modified_time\" content=\"2026-04-05T03:26:41+00:00\" \/>\n<meta property=\"og:image\" content=\"https:\/\/hubsch-interior.com\/wp-content\/uploads\/2026\/01\/cover-wall-lamp-black-e9a62af6ffe224664cdbc7d9854af053.jpg\" \/>\n\t<meta property=\"og:image:width\" content=\"1200\" \/>\n\t<meta property=\"og:image:height\" content=\"1200\" \/>\n\t<meta property=\"og:image:type\" content=\"image\/jpeg\" \/>\n<meta name=\"twitter:card\" content=\"summary_large_image\" \/>\n<script type=\"application\/ld+json\" class=\"yoast-schema-graph\">{\"@context\":\"https:\/\/schema.org\",\"@graph\":[{\"@type\":\"WebPage\",\"@id\":\"https:\/\/hubsch-interior.com\/da\/vare\/cover-vaeglampe-sort\/\",\"url\":\"https:\/\/hubsch-interior.com\/da\/vare\/cover-vaeglampe-sort\/\",\"name\":\"Cover V\u00e6glampe Sort - H\u00fcbsch\",\"isPartOf\":{\"@id\":\"https:\/\/hubsch-interior.com\/da\/#website\"},\"primaryImageOfPage\":{\"@id\":\"https:\/\/hubsch-interior.com\/da\/vare\/cover-vaeglampe-sort\/#primaryimage\"},\"image\":{\"@id\":\"https:\/\/hubsch-interior.com\/da\/vare\/cover-vaeglampe-sort\/#primaryimage\"},\"thumbnailUrl\":\"https:\/\/hubsch-interior.com\/wp-content\/uploads\/2026\/02\/cover-wall-lamp-black-ce905c95872a0de559b20b31ad810aed.jpg\",\"datePublished\":\"2026-01-31T04:29:52+00:00\",\"dateModified\":\"2026-04-05T03:26:41+00:00\",\"description\":\"Pr\u00e6sentation af Cover V\u00e6glampen, en tidl\u00f8s tilf\u00f8jelse til dit hjem med sin klassiske og diskrete sorte farve. Fremstillet med et drejbart led, tilbyder\",\"breadcrumb\":{\"@id\":\"https:\/\/hubsch-interior.com\/da\/vare\/cover-vaeglampe-sort\/#breadcrumb\"},\"inLanguage\":\"da-DK\",\"potentialAction\":[{\"@type\":\"ReadAction\",\"target\":[\"https:\/\/hubsch-interior.com\/da\/vare\/cover-vaeglampe-sort\/\"]}]},{\"@type\":\"ImageObject\",\"inLanguage\":\"da-DK\",\"@id\":\"https:\/\/hubsch-interior.com\/da\/vare\/cover-vaeglampe-sort\/#primaryimage\",\"url\":\"https:\/\/hubsch-interior.com\/wp-content\/uploads\/2026\/02\/cover-wall-lamp-black-ce905c95872a0de559b20b31ad810aed.jpg\",\"contentUrl\":\"https:\/\/hubsch-interior.com\/wp-content\/uploads\/2026\/02\/cover-wall-lamp-black-ce905c95872a0de559b20b31ad810aed.jpg\",\"width\":1024,\"height\":1024},{\"@type\":\"BreadcrumbList\",\"@id\":\"https:\/\/hubsch-interior.com\/da\/vare\/cover-vaeglampe-sort\/#breadcrumb\",\"itemListElement\":[{\"@type\":\"ListItem\",\"position\":1,\"name\":\"Forside\",\"item\":\"https:\/\/hubsch-interior.com\/da\/\"},{\"@type\":\"ListItem\",\"position\":2,\"name\":\"Produkter\",\"item\":\"https:\/\/hubsch-interior.com\/da\/produkter\/\"},{\"@type\":\"ListItem\",\"position\":3,\"name\":\"Cover V\u00e6glampe Sort\"}]},{\"@type\":\"WebSite\",\"@id\":\"https:\/\/hubsch-interior.com\/da\/#website\",\"url\":\"https:\/\/hubsch-interior.com\/da\/\",\"name\":\"H\u00fcbsch\",\"description\":\"Danish Home Interior and Design\",\"publisher\":{\"@id\":\"https:\/\/hubsch-interior.com\/da\/#organization\"},\"potentialAction\":[{\"@type\":\"SearchAction\",\"target\":{\"@type\":\"EntryPoint\",\"urlTemplate\":\"https:\/\/hubsch-interior.com\/da\/?s={search_term_string}\"},\"query-input\":{\"@type\":\"PropertyValueSpecification\",\"valueRequired\":true,\"valueName\":\"search_term_string\"}}],\"inLanguage\":\"da-DK\"},{\"@type\":\"Organization\",\"@id\":\"https:\/\/hubsch-interior.com\/da\/#organization\",\"name\":\"H\u00fcbsch\",\"url\":\"https:\/\/hubsch-interior.com\/da\/\",\"logo\":{\"@type\":\"ImageObject\",\"inLanguage\":\"da-DK\",\"@id\":\"https:\/\/hubsch-interior.com\/da\/#\/schema\/logo\/image\/\",\"url\":\"https:\/\/hubsch-interior.com\/wp-content\/uploads\/2022\/12\/Hubsch_logo_black_one_line.svg\",\"contentUrl\":\"https:\/\/hubsch-interior.com\/wp-content\/uploads\/2022\/12\/Hubsch_logo_black_one_line.svg\",\"caption\":\"H\u00fcbsch\"},\"image\":{\"@id\":\"https:\/\/hubsch-interior.com\/da\/#\/schema\/logo\/image\/\"}}]}<\/script>\n<!-- \/ Yoast SEO plugin. -->","yoast_head_json":{"title":"Cover V\u00e6glampe Sort - H\u00fcbsch","description":"Pr\u00e6sentation af Cover V\u00e6glampen, en tidl\u00f8s tilf\u00f8jelse til dit hjem med sin klassiske og diskrete sorte farve. Fremstillet med et drejbart led, tilbyder","robots":{"index":"index","follow":"follow","max-snippet":"max-snippet:-1","max-image-preview":"max-image-preview:large","max-video-preview":"max-video-preview:-1"},"canonical":"https:\/\/hubsch-interior.com\/da\/wp-json\/wp\/v2\/product\/1089515","og_locale":"da_DK","og_type":"article","og_title":"Cover V\u00e6glampe Sort - H\u00fcbsch","og_description":"Pr\u00e6sentation af Cover V\u00e6glampen, en tidl\u00f8s tilf\u00f8jelse til dit hjem med sin klassiske og diskrete sorte farve. Fremstillet med et drejbart led, tilbyder","og_url":"https:\/\/hubsch-interior.com\/da\/vare\/cover-vaeglampe-sort\/","og_site_name":"H\u00fcbsch","article_modified_time":"2026-04-05T03:26:41+00:00","og_image":[{"width":1200,"height":1200,"url":"https:\/\/hubsch-interior.com\/wp-content\/uploads\/2026\/01\/cover-wall-lamp-black-e9a62af6ffe224664cdbc7d9854af053.jpg","type":"image\/jpeg"}],"twitter_card":"summary_large_image","schema":{"@context":"https:\/\/schema.org","@graph":[{"@type":"WebPage","@id":"https:\/\/hubsch-interior.com\/da\/vare\/cover-vaeglampe-sort\/","url":"https:\/\/hubsch-interior.com\/da\/vare\/cover-vaeglampe-sort\/","name":"Cover V\u00e6glampe Sort - H\u00fcbsch","isPartOf":{"@id":"https:\/\/hubsch-interior.com\/da\/#website"},"primaryImageOfPage":{"@id":"https:\/\/hubsch-interior.com\/da\/vare\/cover-vaeglampe-sort\/#primaryimage"},"image":{"@id":"https:\/\/hubsch-interior.com\/da\/vare\/cover-vaeglampe-sort\/#primaryimage"},"thumbnailUrl":"https:\/\/hubsch-interior.com\/wp-content\/uploads\/2026\/02\/cover-wall-lamp-black-ce905c95872a0de559b20b31ad810aed.jpg","datePublished":"2026-01-31T04:29:52+00:00","dateModified":"2026-04-05T03:26:41+00:00","description":"Pr\u00e6sentation af Cover V\u00e6glampen, en tidl\u00f8s tilf\u00f8jelse til dit hjem med sin klassiske og diskrete sorte farve. Fremstillet med et drejbart led, tilbyder","breadcrumb":{"@id":"https:\/\/hubsch-interior.com\/da\/vare\/cover-vaeglampe-sort\/#breadcrumb"},"inLanguage":"da-DK","potentialAction":[{"@type":"ReadAction","target":["https:\/\/hubsch-interior.com\/da\/vare\/cover-vaeglampe-sort\/"]}]},{"@type":"ImageObject","inLanguage":"da-DK","@id":"https:\/\/hubsch-interior.com\/da\/vare\/cover-vaeglampe-sort\/#primaryimage","url":"https:\/\/hubsch-interior.com\/wp-content\/uploads\/2026\/02\/cover-wall-lamp-black-ce905c95872a0de559b20b31ad810aed.jpg","contentUrl":"https:\/\/hubsch-interior.com\/wp-content\/uploads\/2026\/02\/cover-wall-lamp-black-ce905c95872a0de559b20b31ad810aed.jpg","width":1024,"height":1024},{"@type":"BreadcrumbList","@id":"https:\/\/hubsch-interior.com\/da\/vare\/cover-vaeglampe-sort\/#breadcrumb","itemListElement":[{"@type":"ListItem","position":1,"name":"Forside","item":"https:\/\/hubsch-interior.com\/da\/"},{"@type":"ListItem","position":2,"name":"Produkter","item":"https:\/\/hubsch-interior.com\/da\/produkter\/"},{"@type":"ListItem","position":3,"name":"Cover V\u00e6glampe Sort"}]},{"@type":"WebSite","@id":"https:\/\/hubsch-interior.com\/da\/#website","url":"https:\/\/hubsch-interior.com\/da\/","name":"H\u00fcbsch","description":"Danish Home Interior and Design","publisher":{"@id":"https:\/\/hubsch-interior.com\/da\/#organization"},"potentialAction":[{"@type":"SearchAction","target":{"@type":"EntryPoint","urlTemplate":"https:\/\/hubsch-interior.com\/da\/?s={search_term_string}"},"query-input":{"@type":"PropertyValueSpecification","valueRequired":true,"valueName":"search_term_string"}}],"inLanguage":"da-DK"},{"@type":"Organization","@id":"https:\/\/hubsch-interior.com\/da\/#organization","name":"H\u00fcbsch","url":"https:\/\/hubsch-interior.com\/da\/","logo":{"@type":"ImageObject","inLanguage":"da-DK","@id":"https:\/\/hubsch-interior.com\/da\/#\/schema\/logo\/image\/","url":"https:\/\/hubsch-interior.com\/wp-content\/uploads\/2022\/12\/Hubsch_logo_black_one_line.svg","contentUrl":"https:\/\/hubsch-interior.com\/wp-content\/uploads\/2022\/12\/Hubsch_logo_black_one_line.svg","caption":"H\u00fcbsch"},"image":{"@id":"https:\/\/hubsch-interior.com\/da\/#\/schema\/logo\/image\/"}}]}},"_links":{"self":[{"href":"https:\/\/hubsch-interior.com\/da\/wp-json\/wp\/v2\/product\/1089515","targetHints":{"allow":["GET"]}}],"collection":[{"href":"https:\/\/hubsch-interior.com\/da\/wp-json\/wp\/v2\/product"}],"about":[{"href":"https:\/\/hubsch-interior.com\/da\/wp-json\/wp\/v2\/types\/product"}],"wp:featuredmedia":[{"embeddable":true,"href":"https:\/\/hubsch-interior.com\/da\/wp-json\/wp\/v2\/media\/1111911"}],"wp:attachment":[{"href":"https:\/\/hubsch-interior.com\/da\/wp-json\/wp\/v2\/media?parent=1089515"}],"wp:term":[{"taxonomy":"product_brand","embeddable":true,"href":"https:\/\/hubsch-interior.com\/da\/wp-json\/wp\/v2\/product_brand?post=1089515"},{"taxonomy":"product_cat","embeddable":true,"href":"https:\/\/hubsch-interior.com\/da\/wp-json\/wp\/v2\/product_cat?post=1089515"},{"taxonomy":"product_tag","embeddable":true,"href":"https:\/\/hubsch-interior.com\/da\/wp-json\/wp\/v2\/product_tag?post=1089515"}],"curies":[{"name":"wp","href":"https:\/\/api.w.org\/{rel}","templated":true}]}}