{"id":1089531,"date":"2026-01-31T05:30:03","date_gmt":"2026-01-31T04:30:03","guid":{"rendered":"https:\/\/hubsch-interior.com\/product\/product\/"},"modified":"2026-04-06T05:20:35","modified_gmt":"2026-04-06T03:20:35","slug":"cover-vaeglampe-messingfarve","status":"publish","type":"product","link":"https:\/\/hubsch-interior.com\/da\/vare\/cover-vaeglampe-messingfarve\/","title":{"rendered":"Cover V\u00e6glampe Messingfarve"},"content":{"rendered":"<p>Pr\u00e6senterer Cover V\u00e6glampe, en uundv\u00e6rlig tilf\u00f8jelse til dit hjem med sit klassiske og diskrete design. Fremstillet med en overflade af b\u00f8rstet messing, har denne elegante lampe et drejeligt led, der giver dig mulighed for at justere belysningen efter behov. Uanset om den oplyser siderne i din yndlingsbog i et hyggeligt l\u00e6sehj\u00f8rne, eller kaster et varmt sk\u00e6r over dit natbord, er Cover V\u00e6glampe perfekt alsidig og integrerer ubesv\u00e6ret i dit personlige helle.<\/p>\n","protected":false},"excerpt":{"rendered":"<p>Pr\u00e6senterer Cover V\u00e6glampe, en uundv\u00e6rlig tilf\u00f8jelse til dit hjem med sit klassiske og diskrete design. Fremstillet med en overflade af b\u00f8rstet messing, har denne elegante lampe et drejeligt led, der giver dig mulighed for at justere belysningen efter behov. Uanset om den oplyser siderne i din yndlingsbog i et hyggeligt l\u00e6sehj\u00f8rne, eller kaster et varmt [&hellip;]<\/p>\n","protected":false},"featured_media":1111919,"template":"","meta":{"_acf_changed":false,"inline_featured_image":false},"product_brand":[],"product_cat":[3808,7153,5045,3405],"product_tag":[],"class_list":{"0":"post-1089531","1":"product","2":"type-product","3":"status-publish","4":"has-post-thumbnail","6":"product_cat-belysning","7":"product_cat-dweller-da","8":"product_cat-nyheder-da","9":"product_cat-vaeglamper-da","10":"product_shipping_class-pk","12":"pa_color-messingfarve","13":"pa_material-jern-da","14":"pa_material-polycarbonat","16":"first","17":"instock","18":"taxable","19":"shipping-taxable","20":"purchasable","21":"product-type-simple"},"exclude_global_add_ons":[],"addons":[],"acf":[],"yoast_head":"<!-- This site is optimized with the Yoast SEO plugin v26.4 - https:\/\/yoast.com\/wordpress\/plugins\/seo\/ -->\n<title>Cover V\u00e6glampe Messingfarve - H\u00fcbsch<\/title>\n<meta name=\"description\" content=\"Pr\u00e6senterer Cover V\u00e6glampe, en uundv\u00e6rlig tilf\u00f8jelse til dit hjem med sit klassiske og diskrete design. Fremstillet med en overflade af b\u00f8rstet messing,\" \/>\n<meta name=\"robots\" content=\"index, follow, max-snippet:-1, max-image-preview:large, max-video-preview:-1\" \/>\n<link rel=\"canonical\" href=\"https:\/\/hubsch-interior.com\/da\/wp-json\/wp\/v2\/product\/1089531\" \/>\n<meta property=\"og:locale\" content=\"da_DK\" \/>\n<meta property=\"og:type\" content=\"article\" \/>\n<meta property=\"og:title\" content=\"Cover V\u00e6glampe Messingfarve - H\u00fcbsch\" \/>\n<meta property=\"og:description\" content=\"Pr\u00e6senterer Cover V\u00e6glampe, en uundv\u00e6rlig tilf\u00f8jelse til dit hjem med sit klassiske og diskrete design. Fremstillet med en overflade af b\u00f8rstet messing,\" \/>\n<meta property=\"og:url\" content=\"https:\/\/hubsch-interior.com\/da\/vare\/cover-vaeglampe-messingfarve\/\" \/>\n<meta property=\"og:site_name\" content=\"H\u00fcbsch\" \/>\n<meta property=\"article:modified_time\" content=\"2026-04-06T03:20:35+00:00\" \/>\n<meta property=\"og:image\" content=\"https:\/\/hubsch-interior.com\/wp-content\/uploads\/2026\/01\/cover-wall-lamp-brass-6651ae95b57efa293268b1af56a71178.jpg\" \/>\n\t<meta property=\"og:image:width\" content=\"1200\" \/>\n\t<meta property=\"og:image:height\" content=\"1200\" \/>\n\t<meta property=\"og:image:type\" content=\"image\/jpeg\" \/>\n<meta name=\"twitter:card\" content=\"summary_large_image\" \/>\n<script type=\"application\/ld+json\" class=\"yoast-schema-graph\">{\"@context\":\"https:\/\/schema.org\",\"@graph\":[{\"@type\":\"WebPage\",\"@id\":\"https:\/\/hubsch-interior.com\/da\/vare\/cover-vaeglampe-messingfarve\/\",\"url\":\"https:\/\/hubsch-interior.com\/da\/vare\/cover-vaeglampe-messingfarve\/\",\"name\":\"Cover V\u00e6glampe Messingfarve - H\u00fcbsch\",\"isPartOf\":{\"@id\":\"https:\/\/hubsch-interior.com\/da\/#website\"},\"primaryImageOfPage\":{\"@id\":\"https:\/\/hubsch-interior.com\/da\/vare\/cover-vaeglampe-messingfarve\/#primaryimage\"},\"image\":{\"@id\":\"https:\/\/hubsch-interior.com\/da\/vare\/cover-vaeglampe-messingfarve\/#primaryimage\"},\"thumbnailUrl\":\"https:\/\/hubsch-interior.com\/wp-content\/uploads\/2026\/02\/cover-wall-lamp-brass-aaf17b32b2150174cfbd25111b8570ff.jpg\",\"datePublished\":\"2026-01-31T04:30:03+00:00\",\"dateModified\":\"2026-04-06T03:20:35+00:00\",\"description\":\"Pr\u00e6senterer Cover V\u00e6glampe, en uundv\u00e6rlig tilf\u00f8jelse til dit hjem med sit klassiske og diskrete design. Fremstillet med en overflade af b\u00f8rstet messing,\",\"breadcrumb\":{\"@id\":\"https:\/\/hubsch-interior.com\/da\/vare\/cover-vaeglampe-messingfarve\/#breadcrumb\"},\"inLanguage\":\"da-DK\",\"potentialAction\":[{\"@type\":\"ReadAction\",\"target\":[\"https:\/\/hubsch-interior.com\/da\/vare\/cover-vaeglampe-messingfarve\/\"]}]},{\"@type\":\"ImageObject\",\"inLanguage\":\"da-DK\",\"@id\":\"https:\/\/hubsch-interior.com\/da\/vare\/cover-vaeglampe-messingfarve\/#primaryimage\",\"url\":\"https:\/\/hubsch-interior.com\/wp-content\/uploads\/2026\/02\/cover-wall-lamp-brass-aaf17b32b2150174cfbd25111b8570ff.jpg\",\"contentUrl\":\"https:\/\/hubsch-interior.com\/wp-content\/uploads\/2026\/02\/cover-wall-lamp-brass-aaf17b32b2150174cfbd25111b8570ff.jpg\",\"width\":1024,\"height\":1024},{\"@type\":\"BreadcrumbList\",\"@id\":\"https:\/\/hubsch-interior.com\/da\/vare\/cover-vaeglampe-messingfarve\/#breadcrumb\",\"itemListElement\":[{\"@type\":\"ListItem\",\"position\":1,\"name\":\"Forside\",\"item\":\"https:\/\/hubsch-interior.com\/da\/\"},{\"@type\":\"ListItem\",\"position\":2,\"name\":\"Produkter\",\"item\":\"https:\/\/hubsch-interior.com\/da\/produkter\/\"},{\"@type\":\"ListItem\",\"position\":3,\"name\":\"Cover V\u00e6glampe Messingfarve\"}]},{\"@type\":\"WebSite\",\"@id\":\"https:\/\/hubsch-interior.com\/da\/#website\",\"url\":\"https:\/\/hubsch-interior.com\/da\/\",\"name\":\"H\u00fcbsch\",\"description\":\"Danish Home Interior and Design\",\"publisher\":{\"@id\":\"https:\/\/hubsch-interior.com\/da\/#organization\"},\"potentialAction\":[{\"@type\":\"SearchAction\",\"target\":{\"@type\":\"EntryPoint\",\"urlTemplate\":\"https:\/\/hubsch-interior.com\/da\/?s={search_term_string}\"},\"query-input\":{\"@type\":\"PropertyValueSpecification\",\"valueRequired\":true,\"valueName\":\"search_term_string\"}}],\"inLanguage\":\"da-DK\"},{\"@type\":\"Organization\",\"@id\":\"https:\/\/hubsch-interior.com\/da\/#organization\",\"name\":\"H\u00fcbsch\",\"url\":\"https:\/\/hubsch-interior.com\/da\/\",\"logo\":{\"@type\":\"ImageObject\",\"inLanguage\":\"da-DK\",\"@id\":\"https:\/\/hubsch-interior.com\/da\/#\/schema\/logo\/image\/\",\"url\":\"https:\/\/hubsch-interior.com\/wp-content\/uploads\/2022\/12\/Hubsch_logo_black_one_line.svg\",\"contentUrl\":\"https:\/\/hubsch-interior.com\/wp-content\/uploads\/2022\/12\/Hubsch_logo_black_one_line.svg\",\"caption\":\"H\u00fcbsch\"},\"image\":{\"@id\":\"https:\/\/hubsch-interior.com\/da\/#\/schema\/logo\/image\/\"}}]}<\/script>\n<!-- \/ Yoast SEO plugin. -->","yoast_head_json":{"title":"Cover V\u00e6glampe Messingfarve - H\u00fcbsch","description":"Pr\u00e6senterer Cover V\u00e6glampe, en uundv\u00e6rlig tilf\u00f8jelse til dit hjem med sit klassiske og diskrete design. Fremstillet med en overflade af b\u00f8rstet messing,","robots":{"index":"index","follow":"follow","max-snippet":"max-snippet:-1","max-image-preview":"max-image-preview:large","max-video-preview":"max-video-preview:-1"},"canonical":"https:\/\/hubsch-interior.com\/da\/wp-json\/wp\/v2\/product\/1089531","og_locale":"da_DK","og_type":"article","og_title":"Cover V\u00e6glampe Messingfarve - H\u00fcbsch","og_description":"Pr\u00e6senterer Cover V\u00e6glampe, en uundv\u00e6rlig tilf\u00f8jelse til dit hjem med sit klassiske og diskrete design. Fremstillet med en overflade af b\u00f8rstet messing,","og_url":"https:\/\/hubsch-interior.com\/da\/vare\/cover-vaeglampe-messingfarve\/","og_site_name":"H\u00fcbsch","article_modified_time":"2026-04-06T03:20:35+00:00","og_image":[{"width":1200,"height":1200,"url":"https:\/\/hubsch-interior.com\/wp-content\/uploads\/2026\/01\/cover-wall-lamp-brass-6651ae95b57efa293268b1af56a71178.jpg","type":"image\/jpeg"}],"twitter_card":"summary_large_image","schema":{"@context":"https:\/\/schema.org","@graph":[{"@type":"WebPage","@id":"https:\/\/hubsch-interior.com\/da\/vare\/cover-vaeglampe-messingfarve\/","url":"https:\/\/hubsch-interior.com\/da\/vare\/cover-vaeglampe-messingfarve\/","name":"Cover V\u00e6glampe Messingfarve - H\u00fcbsch","isPartOf":{"@id":"https:\/\/hubsch-interior.com\/da\/#website"},"primaryImageOfPage":{"@id":"https:\/\/hubsch-interior.com\/da\/vare\/cover-vaeglampe-messingfarve\/#primaryimage"},"image":{"@id":"https:\/\/hubsch-interior.com\/da\/vare\/cover-vaeglampe-messingfarve\/#primaryimage"},"thumbnailUrl":"https:\/\/hubsch-interior.com\/wp-content\/uploads\/2026\/02\/cover-wall-lamp-brass-aaf17b32b2150174cfbd25111b8570ff.jpg","datePublished":"2026-01-31T04:30:03+00:00","dateModified":"2026-04-06T03:20:35+00:00","description":"Pr\u00e6senterer Cover V\u00e6glampe, en uundv\u00e6rlig tilf\u00f8jelse til dit hjem med sit klassiske og diskrete design. Fremstillet med en overflade af b\u00f8rstet messing,","breadcrumb":{"@id":"https:\/\/hubsch-interior.com\/da\/vare\/cover-vaeglampe-messingfarve\/#breadcrumb"},"inLanguage":"da-DK","potentialAction":[{"@type":"ReadAction","target":["https:\/\/hubsch-interior.com\/da\/vare\/cover-vaeglampe-messingfarve\/"]}]},{"@type":"ImageObject","inLanguage":"da-DK","@id":"https:\/\/hubsch-interior.com\/da\/vare\/cover-vaeglampe-messingfarve\/#primaryimage","url":"https:\/\/hubsch-interior.com\/wp-content\/uploads\/2026\/02\/cover-wall-lamp-brass-aaf17b32b2150174cfbd25111b8570ff.jpg","contentUrl":"https:\/\/hubsch-interior.com\/wp-content\/uploads\/2026\/02\/cover-wall-lamp-brass-aaf17b32b2150174cfbd25111b8570ff.jpg","width":1024,"height":1024},{"@type":"BreadcrumbList","@id":"https:\/\/hubsch-interior.com\/da\/vare\/cover-vaeglampe-messingfarve\/#breadcrumb","itemListElement":[{"@type":"ListItem","position":1,"name":"Forside","item":"https:\/\/hubsch-interior.com\/da\/"},{"@type":"ListItem","position":2,"name":"Produkter","item":"https:\/\/hubsch-interior.com\/da\/produkter\/"},{"@type":"ListItem","position":3,"name":"Cover V\u00e6glampe Messingfarve"}]},{"@type":"WebSite","@id":"https:\/\/hubsch-interior.com\/da\/#website","url":"https:\/\/hubsch-interior.com\/da\/","name":"H\u00fcbsch","description":"Danish Home Interior and Design","publisher":{"@id":"https:\/\/hubsch-interior.com\/da\/#organization"},"potentialAction":[{"@type":"SearchAction","target":{"@type":"EntryPoint","urlTemplate":"https:\/\/hubsch-interior.com\/da\/?s={search_term_string}"},"query-input":{"@type":"PropertyValueSpecification","valueRequired":true,"valueName":"search_term_string"}}],"inLanguage":"da-DK"},{"@type":"Organization","@id":"https:\/\/hubsch-interior.com\/da\/#organization","name":"H\u00fcbsch","url":"https:\/\/hubsch-interior.com\/da\/","logo":{"@type":"ImageObject","inLanguage":"da-DK","@id":"https:\/\/hubsch-interior.com\/da\/#\/schema\/logo\/image\/","url":"https:\/\/hubsch-interior.com\/wp-content\/uploads\/2022\/12\/Hubsch_logo_black_one_line.svg","contentUrl":"https:\/\/hubsch-interior.com\/wp-content\/uploads\/2022\/12\/Hubsch_logo_black_one_line.svg","caption":"H\u00fcbsch"},"image":{"@id":"https:\/\/hubsch-interior.com\/da\/#\/schema\/logo\/image\/"}}]}},"_links":{"self":[{"href":"https:\/\/hubsch-interior.com\/da\/wp-json\/wp\/v2\/product\/1089531","targetHints":{"allow":["GET"]}}],"collection":[{"href":"https:\/\/hubsch-interior.com\/da\/wp-json\/wp\/v2\/product"}],"about":[{"href":"https:\/\/hubsch-interior.com\/da\/wp-json\/wp\/v2\/types\/product"}],"wp:featuredmedia":[{"embeddable":true,"href":"https:\/\/hubsch-interior.com\/da\/wp-json\/wp\/v2\/media\/1111919"}],"wp:attachment":[{"href":"https:\/\/hubsch-interior.com\/da\/wp-json\/wp\/v2\/media?parent=1089531"}],"wp:term":[{"taxonomy":"product_brand","embeddable":true,"href":"https:\/\/hubsch-interior.com\/da\/wp-json\/wp\/v2\/product_brand?post=1089531"},{"taxonomy":"product_cat","embeddable":true,"href":"https:\/\/hubsch-interior.com\/da\/wp-json\/wp\/v2\/product_cat?post=1089531"},{"taxonomy":"product_tag","embeddable":true,"href":"https:\/\/hubsch-interior.com\/da\/wp-json\/wp\/v2\/product_tag?post=1089531"}],"curies":[{"name":"wp","href":"https:\/\/api.w.org\/{rel}","templated":true}]}}