{"id":1089567,"date":"2026-01-31T05:30:30","date_gmt":"2026-01-31T04:30:30","guid":{"rendered":"https:\/\/hubsch-interior.com\/product\/product\/"},"modified":"2026-04-05T05:26:53","modified_gmt":"2026-04-05T03:26:53","slug":"low-transportabel-lampe-messingfarve","status":"publish","type":"product","link":"https:\/\/hubsch-interior.com\/da\/vare\/low-transportabel-lampe-messingfarve\/","title":{"rendered":"Low Transportabel Lampe Messingfarve"},"content":{"rendered":"<p>Oplev charmen ved Low Transportabel Lampe, mesterligt udf\u00f8rt med en overflade af b\u00f8rstet messing og en sk\u00e6rm af opalglas. Denne lille transportable lampe er klar til at f\u00f8lge med dig overalt, hvor den kan lyse op i intime kroge eller fungere som en elegant natlampe. Dens legesyge, men elegante design tilf\u00f8jer et strejf af sofistikation til enhver indend\u00f8rs indretning, hvilket g\u00f8r den til den perfekte ledsager for dine hyggelige aftener derhjemme. Hvor end du har brug for et sk\u00e6r af lys, skal du blot tage fat og g\u00e5 \u2013 den er designet til at flytte sig s\u00f8ml\u00f8st med dit liv.<br \/>\nTil denne lampe skal du bruge en d\u00e6mpbar LED-p\u00e6re.<\/p>\n","protected":false},"excerpt":{"rendered":"<p>Oplev charmen ved Low Transportabel Lampe, mesterligt udf\u00f8rt med en overflade af b\u00f8rstet messing og en sk\u00e6rm af opalglas. Denne lille transportable lampe er klar til at f\u00f8lge med dig overalt, hvor den kan lyse op i intime kroge eller fungere som en elegant natlampe. Dens legesyge, men elegante design tilf\u00f8jer et strejf af sofistikation [&hellip;]<\/p>\n","protected":false},"featured_media":1111939,"template":"","meta":{"_acf_changed":false,"inline_featured_image":false},"product_brand":[],"product_cat":[7153,6961,3808,3499,5045],"product_tag":[],"class_list":{"0":"post-1089567","1":"product","2":"type-product","3":"status-publish","4":"has-post-thumbnail","6":"product_cat-dweller-da","7":"product_cat-transportable-lamper-da","8":"product_cat-belysning","9":"product_cat-bordlamper-da","10":"product_cat-nyheder-da","11":"product_shipping_class-pk","13":"pa_color-messingfarve","14":"pa_material-glas-da","15":"pa_material-jern-da","17":"first","18":"instock","19":"taxable","20":"shipping-taxable","21":"purchasable","22":"product-type-simple"},"exclude_global_add_ons":[],"addons":[],"acf":[],"yoast_head":"<!-- This site is optimized with the Yoast SEO plugin v26.4 - https:\/\/yoast.com\/wordpress\/plugins\/seo\/ -->\n<title>Low Transportabel Lampe Messingfarve - H\u00fcbsch<\/title>\n<meta name=\"description\" content=\"Oplev charmen ved Low Transportabel Lampe, mesterligt udf\u00f8rt med en overflade af b\u00f8rstet messing og en sk\u00e6rm af opalglas. Denne lille transportable lampe\" \/>\n<meta name=\"robots\" content=\"index, follow, max-snippet:-1, max-image-preview:large, max-video-preview:-1\" \/>\n<link rel=\"canonical\" href=\"https:\/\/hubsch-interior.com\/da\/wp-json\/wp\/v2\/product\/1089567\" \/>\n<meta property=\"og:locale\" content=\"da_DK\" \/>\n<meta property=\"og:type\" content=\"article\" \/>\n<meta property=\"og:title\" content=\"Low Transportabel Lampe Messingfarve - H\u00fcbsch\" \/>\n<meta property=\"og:description\" content=\"Oplev charmen ved Low Transportabel Lampe, mesterligt udf\u00f8rt med en overflade af b\u00f8rstet messing og en sk\u00e6rm af opalglas. Denne lille transportable lampe\" \/>\n<meta property=\"og:url\" content=\"https:\/\/hubsch-interior.com\/da\/vare\/low-transportabel-lampe-messingfarve\/\" \/>\n<meta property=\"og:site_name\" content=\"H\u00fcbsch\" \/>\n<meta property=\"article:modified_time\" content=\"2026-04-05T03:26:53+00:00\" \/>\n<meta property=\"og:image\" content=\"https:\/\/hubsch-interior.com\/wp-content\/uploads\/2026\/01\/low-portable-lamp-brass-e345a44ee58e0d794b5e60c782e9372b.jpg\" \/>\n\t<meta property=\"og:image:width\" content=\"1200\" \/>\n\t<meta property=\"og:image:height\" content=\"1200\" \/>\n\t<meta property=\"og:image:type\" content=\"image\/jpeg\" \/>\n<meta name=\"twitter:card\" content=\"summary_large_image\" \/>\n<meta name=\"twitter:label1\" content=\"Estimeret l\u00e6setid\" \/>\n\t<meta name=\"twitter:data1\" content=\"1 minut\" \/>\n<script type=\"application\/ld+json\" class=\"yoast-schema-graph\">{\"@context\":\"https:\/\/schema.org\",\"@graph\":[{\"@type\":\"WebPage\",\"@id\":\"https:\/\/hubsch-interior.com\/da\/vare\/low-transportabel-lampe-messingfarve\/\",\"url\":\"https:\/\/hubsch-interior.com\/da\/vare\/low-transportabel-lampe-messingfarve\/\",\"name\":\"Low Transportabel Lampe Messingfarve - H\u00fcbsch\",\"isPartOf\":{\"@id\":\"https:\/\/hubsch-interior.com\/da\/#website\"},\"primaryImageOfPage\":{\"@id\":\"https:\/\/hubsch-interior.com\/da\/vare\/low-transportabel-lampe-messingfarve\/#primaryimage\"},\"image\":{\"@id\":\"https:\/\/hubsch-interior.com\/da\/vare\/low-transportabel-lampe-messingfarve\/#primaryimage\"},\"thumbnailUrl\":\"https:\/\/hubsch-interior.com\/wp-content\/uploads\/2026\/02\/low-portable-lamp-brass-f1fa39e343594911e10cc10273f191a4.jpg\",\"datePublished\":\"2026-01-31T04:30:30+00:00\",\"dateModified\":\"2026-04-05T03:26:53+00:00\",\"description\":\"Oplev charmen ved Low Transportabel Lampe, mesterligt udf\u00f8rt med en overflade af b\u00f8rstet messing og en sk\u00e6rm af opalglas. Denne lille transportable lampe\",\"breadcrumb\":{\"@id\":\"https:\/\/hubsch-interior.com\/da\/vare\/low-transportabel-lampe-messingfarve\/#breadcrumb\"},\"inLanguage\":\"da-DK\",\"potentialAction\":[{\"@type\":\"ReadAction\",\"target\":[\"https:\/\/hubsch-interior.com\/da\/vare\/low-transportabel-lampe-messingfarve\/\"]}]},{\"@type\":\"ImageObject\",\"inLanguage\":\"da-DK\",\"@id\":\"https:\/\/hubsch-interior.com\/da\/vare\/low-transportabel-lampe-messingfarve\/#primaryimage\",\"url\":\"https:\/\/hubsch-interior.com\/wp-content\/uploads\/2026\/02\/low-portable-lamp-brass-f1fa39e343594911e10cc10273f191a4.jpg\",\"contentUrl\":\"https:\/\/hubsch-interior.com\/wp-content\/uploads\/2026\/02\/low-portable-lamp-brass-f1fa39e343594911e10cc10273f191a4.jpg\",\"width\":1024,\"height\":1024},{\"@type\":\"BreadcrumbList\",\"@id\":\"https:\/\/hubsch-interior.com\/da\/vare\/low-transportabel-lampe-messingfarve\/#breadcrumb\",\"itemListElement\":[{\"@type\":\"ListItem\",\"position\":1,\"name\":\"Forside\",\"item\":\"https:\/\/hubsch-interior.com\/da\/\"},{\"@type\":\"ListItem\",\"position\":2,\"name\":\"Produkter\",\"item\":\"https:\/\/hubsch-interior.com\/da\/produkter\/\"},{\"@type\":\"ListItem\",\"position\":3,\"name\":\"Low Transportabel Lampe Messingfarve\"}]},{\"@type\":\"WebSite\",\"@id\":\"https:\/\/hubsch-interior.com\/da\/#website\",\"url\":\"https:\/\/hubsch-interior.com\/da\/\",\"name\":\"H\u00fcbsch\",\"description\":\"Danish Home Interior and Design\",\"publisher\":{\"@id\":\"https:\/\/hubsch-interior.com\/da\/#organization\"},\"potentialAction\":[{\"@type\":\"SearchAction\",\"target\":{\"@type\":\"EntryPoint\",\"urlTemplate\":\"https:\/\/hubsch-interior.com\/da\/?s={search_term_string}\"},\"query-input\":{\"@type\":\"PropertyValueSpecification\",\"valueRequired\":true,\"valueName\":\"search_term_string\"}}],\"inLanguage\":\"da-DK\"},{\"@type\":\"Organization\",\"@id\":\"https:\/\/hubsch-interior.com\/da\/#organization\",\"name\":\"H\u00fcbsch\",\"url\":\"https:\/\/hubsch-interior.com\/da\/\",\"logo\":{\"@type\":\"ImageObject\",\"inLanguage\":\"da-DK\",\"@id\":\"https:\/\/hubsch-interior.com\/da\/#\/schema\/logo\/image\/\",\"url\":\"https:\/\/hubsch-interior.com\/wp-content\/uploads\/2022\/12\/Hubsch_logo_black_one_line.svg\",\"contentUrl\":\"https:\/\/hubsch-interior.com\/wp-content\/uploads\/2022\/12\/Hubsch_logo_black_one_line.svg\",\"caption\":\"H\u00fcbsch\"},\"image\":{\"@id\":\"https:\/\/hubsch-interior.com\/da\/#\/schema\/logo\/image\/\"}}]}<\/script>\n<!-- \/ Yoast SEO plugin. -->","yoast_head_json":{"title":"Low Transportabel Lampe Messingfarve - H\u00fcbsch","description":"Oplev charmen ved Low Transportabel Lampe, mesterligt udf\u00f8rt med en overflade af b\u00f8rstet messing og en sk\u00e6rm af opalglas. Denne lille transportable lampe","robots":{"index":"index","follow":"follow","max-snippet":"max-snippet:-1","max-image-preview":"max-image-preview:large","max-video-preview":"max-video-preview:-1"},"canonical":"https:\/\/hubsch-interior.com\/da\/wp-json\/wp\/v2\/product\/1089567","og_locale":"da_DK","og_type":"article","og_title":"Low Transportabel Lampe Messingfarve - H\u00fcbsch","og_description":"Oplev charmen ved Low Transportabel Lampe, mesterligt udf\u00f8rt med en overflade af b\u00f8rstet messing og en sk\u00e6rm af opalglas. Denne lille transportable lampe","og_url":"https:\/\/hubsch-interior.com\/da\/vare\/low-transportabel-lampe-messingfarve\/","og_site_name":"H\u00fcbsch","article_modified_time":"2026-04-05T03:26:53+00:00","og_image":[{"width":1200,"height":1200,"url":"https:\/\/hubsch-interior.com\/wp-content\/uploads\/2026\/01\/low-portable-lamp-brass-e345a44ee58e0d794b5e60c782e9372b.jpg","type":"image\/jpeg"}],"twitter_card":"summary_large_image","twitter_misc":{"Estimeret l\u00e6setid":"1 minut"},"schema":{"@context":"https:\/\/schema.org","@graph":[{"@type":"WebPage","@id":"https:\/\/hubsch-interior.com\/da\/vare\/low-transportabel-lampe-messingfarve\/","url":"https:\/\/hubsch-interior.com\/da\/vare\/low-transportabel-lampe-messingfarve\/","name":"Low Transportabel Lampe Messingfarve - H\u00fcbsch","isPartOf":{"@id":"https:\/\/hubsch-interior.com\/da\/#website"},"primaryImageOfPage":{"@id":"https:\/\/hubsch-interior.com\/da\/vare\/low-transportabel-lampe-messingfarve\/#primaryimage"},"image":{"@id":"https:\/\/hubsch-interior.com\/da\/vare\/low-transportabel-lampe-messingfarve\/#primaryimage"},"thumbnailUrl":"https:\/\/hubsch-interior.com\/wp-content\/uploads\/2026\/02\/low-portable-lamp-brass-f1fa39e343594911e10cc10273f191a4.jpg","datePublished":"2026-01-31T04:30:30+00:00","dateModified":"2026-04-05T03:26:53+00:00","description":"Oplev charmen ved Low Transportabel Lampe, mesterligt udf\u00f8rt med en overflade af b\u00f8rstet messing og en sk\u00e6rm af opalglas. Denne lille transportable lampe","breadcrumb":{"@id":"https:\/\/hubsch-interior.com\/da\/vare\/low-transportabel-lampe-messingfarve\/#breadcrumb"},"inLanguage":"da-DK","potentialAction":[{"@type":"ReadAction","target":["https:\/\/hubsch-interior.com\/da\/vare\/low-transportabel-lampe-messingfarve\/"]}]},{"@type":"ImageObject","inLanguage":"da-DK","@id":"https:\/\/hubsch-interior.com\/da\/vare\/low-transportabel-lampe-messingfarve\/#primaryimage","url":"https:\/\/hubsch-interior.com\/wp-content\/uploads\/2026\/02\/low-portable-lamp-brass-f1fa39e343594911e10cc10273f191a4.jpg","contentUrl":"https:\/\/hubsch-interior.com\/wp-content\/uploads\/2026\/02\/low-portable-lamp-brass-f1fa39e343594911e10cc10273f191a4.jpg","width":1024,"height":1024},{"@type":"BreadcrumbList","@id":"https:\/\/hubsch-interior.com\/da\/vare\/low-transportabel-lampe-messingfarve\/#breadcrumb","itemListElement":[{"@type":"ListItem","position":1,"name":"Forside","item":"https:\/\/hubsch-interior.com\/da\/"},{"@type":"ListItem","position":2,"name":"Produkter","item":"https:\/\/hubsch-interior.com\/da\/produkter\/"},{"@type":"ListItem","position":3,"name":"Low Transportabel Lampe Messingfarve"}]},{"@type":"WebSite","@id":"https:\/\/hubsch-interior.com\/da\/#website","url":"https:\/\/hubsch-interior.com\/da\/","name":"H\u00fcbsch","description":"Danish Home Interior and Design","publisher":{"@id":"https:\/\/hubsch-interior.com\/da\/#organization"},"potentialAction":[{"@type":"SearchAction","target":{"@type":"EntryPoint","urlTemplate":"https:\/\/hubsch-interior.com\/da\/?s={search_term_string}"},"query-input":{"@type":"PropertyValueSpecification","valueRequired":true,"valueName":"search_term_string"}}],"inLanguage":"da-DK"},{"@type":"Organization","@id":"https:\/\/hubsch-interior.com\/da\/#organization","name":"H\u00fcbsch","url":"https:\/\/hubsch-interior.com\/da\/","logo":{"@type":"ImageObject","inLanguage":"da-DK","@id":"https:\/\/hubsch-interior.com\/da\/#\/schema\/logo\/image\/","url":"https:\/\/hubsch-interior.com\/wp-content\/uploads\/2022\/12\/Hubsch_logo_black_one_line.svg","contentUrl":"https:\/\/hubsch-interior.com\/wp-content\/uploads\/2022\/12\/Hubsch_logo_black_one_line.svg","caption":"H\u00fcbsch"},"image":{"@id":"https:\/\/hubsch-interior.com\/da\/#\/schema\/logo\/image\/"}}]}},"_links":{"self":[{"href":"https:\/\/hubsch-interior.com\/da\/wp-json\/wp\/v2\/product\/1089567","targetHints":{"allow":["GET"]}}],"collection":[{"href":"https:\/\/hubsch-interior.com\/da\/wp-json\/wp\/v2\/product"}],"about":[{"href":"https:\/\/hubsch-interior.com\/da\/wp-json\/wp\/v2\/types\/product"}],"wp:featuredmedia":[{"embeddable":true,"href":"https:\/\/hubsch-interior.com\/da\/wp-json\/wp\/v2\/media\/1111939"}],"wp:attachment":[{"href":"https:\/\/hubsch-interior.com\/da\/wp-json\/wp\/v2\/media?parent=1089567"}],"wp:term":[{"taxonomy":"product_brand","embeddable":true,"href":"https:\/\/hubsch-interior.com\/da\/wp-json\/wp\/v2\/product_brand?post=1089567"},{"taxonomy":"product_cat","embeddable":true,"href":"https:\/\/hubsch-interior.com\/da\/wp-json\/wp\/v2\/product_cat?post=1089567"},{"taxonomy":"product_tag","embeddable":true,"href":"https:\/\/hubsch-interior.com\/da\/wp-json\/wp\/v2\/product_tag?post=1089567"}],"curies":[{"name":"wp","href":"https:\/\/api.w.org\/{rel}","templated":true}]}}