{"id":1089583,"date":"2026-01-31T05:30:44","date_gmt":"2026-01-31T04:30:44","guid":{"rendered":"https:\/\/hubsch-interior.com\/product\/product\/"},"modified":"2026-04-06T05:20:49","modified_gmt":"2026-04-06T03:20:49","slug":"low-transportabel-lampe-bla","status":"publish","type":"product","link":"https:\/\/hubsch-interior.com\/da\/vare\/low-transportabel-lampe-bla\/","title":{"rendered":"Low Transportabel Lampe Bl\u00e5"},"content":{"rendered":"<p>Pr\u00e6senterer din charmerende nye ledsager, Low Transportabel Lampe, kl\u00e6dt i st\u00f8vet bl\u00e5t med en skinnende overflade. Denne lille transportable lampe er klar til at tage med dig overalt, og kaster et varmt sk\u00e6r gennem sin opalglas-sk\u00e6rm. Om den lyser op i et hyggeligt l\u00e6sehj\u00f8rne eller fungerer som en elegant natlampe, beriger dens legesyge, men elegante design ethvert rum med et strejf af raffinement. Perfekt til personlige \u00f8jeblikke, uanset hvor du v\u00e6lger at slappe af.<br \/>\nTil denne lampe skal du bruge en d\u00e6mpbar LED-p\u00e6re.<\/p>\n","protected":false},"excerpt":{"rendered":"<p>Pr\u00e6senterer din charmerende nye ledsager, Low Transportabel Lampe, kl\u00e6dt i st\u00f8vet bl\u00e5t med en skinnende overflade. Denne lille transportable lampe er klar til at tage med dig overalt, og kaster et varmt sk\u00e6r gennem sin opalglas-sk\u00e6rm. Om den lyser op i et hyggeligt l\u00e6sehj\u00f8rne eller fungerer som en elegant natlampe, beriger dens legesyge, men elegante [&hellip;]<\/p>\n","protected":false},"featured_media":1111951,"template":"","meta":{"_acf_changed":false,"inline_featured_image":false},"product_brand":[],"product_cat":[3808,3499,7153,5045,6961],"product_tag":[],"class_list":{"0":"post-1089583","1":"product","2":"type-product","3":"status-publish","4":"has-post-thumbnail","6":"product_cat-belysning","7":"product_cat-bordlamper-da","8":"product_cat-dweller-da","9":"product_cat-nyheder-da","10":"product_cat-transportable-lamper-da","11":"product_shipping_class-pk","13":"pa_color-bl","14":"pa_material-glas-da","15":"pa_material-jern-da","17":"first","18":"instock","19":"taxable","20":"shipping-taxable","21":"purchasable","22":"product-type-simple"},"exclude_global_add_ons":[],"addons":[],"acf":[],"yoast_head":"<!-- This site is optimized with the Yoast SEO plugin v26.4 - https:\/\/yoast.com\/wordpress\/plugins\/seo\/ -->\n<title>Low Transportabel Lampe Bl\u00e5 - H\u00fcbsch<\/title>\n<meta name=\"description\" content=\"Pr\u00e6senterer din charmerende nye ledsager, Low Transportabel Lampe, kl\u00e6dt i st\u00f8vet bl\u00e5t med en skinnende overflade. Denne lille transportable lampe er klar\" \/>\n<meta name=\"robots\" content=\"index, follow, max-snippet:-1, max-image-preview:large, max-video-preview:-1\" \/>\n<link rel=\"canonical\" href=\"https:\/\/hubsch-interior.com\/da\/wp-json\/wp\/v2\/product\/1089583\" \/>\n<meta property=\"og:locale\" content=\"da_DK\" \/>\n<meta property=\"og:type\" content=\"article\" \/>\n<meta property=\"og:title\" content=\"Low Transportabel Lampe Bl\u00e5 - H\u00fcbsch\" \/>\n<meta property=\"og:description\" content=\"Pr\u00e6senterer din charmerende nye ledsager, Low Transportabel Lampe, kl\u00e6dt i st\u00f8vet bl\u00e5t med en skinnende overflade. Denne lille transportable lampe er klar\" \/>\n<meta property=\"og:url\" content=\"https:\/\/hubsch-interior.com\/da\/vare\/low-transportabel-lampe-bla\/\" \/>\n<meta property=\"og:site_name\" content=\"H\u00fcbsch\" \/>\n<meta property=\"article:modified_time\" content=\"2026-04-06T03:20:49+00:00\" \/>\n<meta property=\"og:image\" content=\"https:\/\/hubsch-interior.com\/wp-content\/uploads\/2026\/01\/low-portable-lamp-blue-470f68d6f59997bb9bbf8c04d1695582.jpg\" \/>\n\t<meta property=\"og:image:width\" content=\"1200\" \/>\n\t<meta property=\"og:image:height\" content=\"1200\" \/>\n\t<meta property=\"og:image:type\" content=\"image\/jpeg\" \/>\n<meta name=\"twitter:card\" content=\"summary_large_image\" \/>\n<script type=\"application\/ld+json\" class=\"yoast-schema-graph\">{\"@context\":\"https:\/\/schema.org\",\"@graph\":[{\"@type\":\"WebPage\",\"@id\":\"https:\/\/hubsch-interior.com\/da\/vare\/low-transportabel-lampe-bla\/\",\"url\":\"https:\/\/hubsch-interior.com\/da\/vare\/low-transportabel-lampe-bla\/\",\"name\":\"Low Transportabel Lampe Bl\u00e5 - H\u00fcbsch\",\"isPartOf\":{\"@id\":\"https:\/\/hubsch-interior.com\/da\/#website\"},\"primaryImageOfPage\":{\"@id\":\"https:\/\/hubsch-interior.com\/da\/vare\/low-transportabel-lampe-bla\/#primaryimage\"},\"image\":{\"@id\":\"https:\/\/hubsch-interior.com\/da\/vare\/low-transportabel-lampe-bla\/#primaryimage\"},\"thumbnailUrl\":\"https:\/\/hubsch-interior.com\/wp-content\/uploads\/2026\/02\/low-portable-lamp-blue-7bcf2b1f81600d95c0856aece161fefd.jpg\",\"datePublished\":\"2026-01-31T04:30:44+00:00\",\"dateModified\":\"2026-04-06T03:20:49+00:00\",\"description\":\"Pr\u00e6senterer din charmerende nye ledsager, Low Transportabel Lampe, kl\u00e6dt i st\u00f8vet bl\u00e5t med en skinnende overflade. Denne lille transportable lampe er klar\",\"breadcrumb\":{\"@id\":\"https:\/\/hubsch-interior.com\/da\/vare\/low-transportabel-lampe-bla\/#breadcrumb\"},\"inLanguage\":\"da-DK\",\"potentialAction\":[{\"@type\":\"ReadAction\",\"target\":[\"https:\/\/hubsch-interior.com\/da\/vare\/low-transportabel-lampe-bla\/\"]}]},{\"@type\":\"ImageObject\",\"inLanguage\":\"da-DK\",\"@id\":\"https:\/\/hubsch-interior.com\/da\/vare\/low-transportabel-lampe-bla\/#primaryimage\",\"url\":\"https:\/\/hubsch-interior.com\/wp-content\/uploads\/2026\/02\/low-portable-lamp-blue-7bcf2b1f81600d95c0856aece161fefd.jpg\",\"contentUrl\":\"https:\/\/hubsch-interior.com\/wp-content\/uploads\/2026\/02\/low-portable-lamp-blue-7bcf2b1f81600d95c0856aece161fefd.jpg\",\"width\":1024,\"height\":1024},{\"@type\":\"BreadcrumbList\",\"@id\":\"https:\/\/hubsch-interior.com\/da\/vare\/low-transportabel-lampe-bla\/#breadcrumb\",\"itemListElement\":[{\"@type\":\"ListItem\",\"position\":1,\"name\":\"Forside\",\"item\":\"https:\/\/hubsch-interior.com\/da\/\"},{\"@type\":\"ListItem\",\"position\":2,\"name\":\"Produkter\",\"item\":\"https:\/\/hubsch-interior.com\/da\/produkter\/\"},{\"@type\":\"ListItem\",\"position\":3,\"name\":\"Low Transportabel Lampe Bl\u00e5\"}]},{\"@type\":\"WebSite\",\"@id\":\"https:\/\/hubsch-interior.com\/da\/#website\",\"url\":\"https:\/\/hubsch-interior.com\/da\/\",\"name\":\"H\u00fcbsch\",\"description\":\"Danish Home Interior and Design\",\"publisher\":{\"@id\":\"https:\/\/hubsch-interior.com\/da\/#organization\"},\"potentialAction\":[{\"@type\":\"SearchAction\",\"target\":{\"@type\":\"EntryPoint\",\"urlTemplate\":\"https:\/\/hubsch-interior.com\/da\/?s={search_term_string}\"},\"query-input\":{\"@type\":\"PropertyValueSpecification\",\"valueRequired\":true,\"valueName\":\"search_term_string\"}}],\"inLanguage\":\"da-DK\"},{\"@type\":\"Organization\",\"@id\":\"https:\/\/hubsch-interior.com\/da\/#organization\",\"name\":\"H\u00fcbsch\",\"url\":\"https:\/\/hubsch-interior.com\/da\/\",\"logo\":{\"@type\":\"ImageObject\",\"inLanguage\":\"da-DK\",\"@id\":\"https:\/\/hubsch-interior.com\/da\/#\/schema\/logo\/image\/\",\"url\":\"https:\/\/hubsch-interior.com\/wp-content\/uploads\/2022\/12\/Hubsch_logo_black_one_line.svg\",\"contentUrl\":\"https:\/\/hubsch-interior.com\/wp-content\/uploads\/2022\/12\/Hubsch_logo_black_one_line.svg\",\"caption\":\"H\u00fcbsch\"},\"image\":{\"@id\":\"https:\/\/hubsch-interior.com\/da\/#\/schema\/logo\/image\/\"}}]}<\/script>\n<!-- \/ Yoast SEO plugin. -->","yoast_head_json":{"title":"Low Transportabel Lampe Bl\u00e5 - H\u00fcbsch","description":"Pr\u00e6senterer din charmerende nye ledsager, Low Transportabel Lampe, kl\u00e6dt i st\u00f8vet bl\u00e5t med en skinnende overflade. Denne lille transportable lampe er klar","robots":{"index":"index","follow":"follow","max-snippet":"max-snippet:-1","max-image-preview":"max-image-preview:large","max-video-preview":"max-video-preview:-1"},"canonical":"https:\/\/hubsch-interior.com\/da\/wp-json\/wp\/v2\/product\/1089583","og_locale":"da_DK","og_type":"article","og_title":"Low Transportabel Lampe Bl\u00e5 - H\u00fcbsch","og_description":"Pr\u00e6senterer din charmerende nye ledsager, Low Transportabel Lampe, kl\u00e6dt i st\u00f8vet bl\u00e5t med en skinnende overflade. Denne lille transportable lampe er klar","og_url":"https:\/\/hubsch-interior.com\/da\/vare\/low-transportabel-lampe-bla\/","og_site_name":"H\u00fcbsch","article_modified_time":"2026-04-06T03:20:49+00:00","og_image":[{"width":1200,"height":1200,"url":"https:\/\/hubsch-interior.com\/wp-content\/uploads\/2026\/01\/low-portable-lamp-blue-470f68d6f59997bb9bbf8c04d1695582.jpg","type":"image\/jpeg"}],"twitter_card":"summary_large_image","schema":{"@context":"https:\/\/schema.org","@graph":[{"@type":"WebPage","@id":"https:\/\/hubsch-interior.com\/da\/vare\/low-transportabel-lampe-bla\/","url":"https:\/\/hubsch-interior.com\/da\/vare\/low-transportabel-lampe-bla\/","name":"Low Transportabel Lampe Bl\u00e5 - H\u00fcbsch","isPartOf":{"@id":"https:\/\/hubsch-interior.com\/da\/#website"},"primaryImageOfPage":{"@id":"https:\/\/hubsch-interior.com\/da\/vare\/low-transportabel-lampe-bla\/#primaryimage"},"image":{"@id":"https:\/\/hubsch-interior.com\/da\/vare\/low-transportabel-lampe-bla\/#primaryimage"},"thumbnailUrl":"https:\/\/hubsch-interior.com\/wp-content\/uploads\/2026\/02\/low-portable-lamp-blue-7bcf2b1f81600d95c0856aece161fefd.jpg","datePublished":"2026-01-31T04:30:44+00:00","dateModified":"2026-04-06T03:20:49+00:00","description":"Pr\u00e6senterer din charmerende nye ledsager, Low Transportabel Lampe, kl\u00e6dt i st\u00f8vet bl\u00e5t med en skinnende overflade. Denne lille transportable lampe er klar","breadcrumb":{"@id":"https:\/\/hubsch-interior.com\/da\/vare\/low-transportabel-lampe-bla\/#breadcrumb"},"inLanguage":"da-DK","potentialAction":[{"@type":"ReadAction","target":["https:\/\/hubsch-interior.com\/da\/vare\/low-transportabel-lampe-bla\/"]}]},{"@type":"ImageObject","inLanguage":"da-DK","@id":"https:\/\/hubsch-interior.com\/da\/vare\/low-transportabel-lampe-bla\/#primaryimage","url":"https:\/\/hubsch-interior.com\/wp-content\/uploads\/2026\/02\/low-portable-lamp-blue-7bcf2b1f81600d95c0856aece161fefd.jpg","contentUrl":"https:\/\/hubsch-interior.com\/wp-content\/uploads\/2026\/02\/low-portable-lamp-blue-7bcf2b1f81600d95c0856aece161fefd.jpg","width":1024,"height":1024},{"@type":"BreadcrumbList","@id":"https:\/\/hubsch-interior.com\/da\/vare\/low-transportabel-lampe-bla\/#breadcrumb","itemListElement":[{"@type":"ListItem","position":1,"name":"Forside","item":"https:\/\/hubsch-interior.com\/da\/"},{"@type":"ListItem","position":2,"name":"Produkter","item":"https:\/\/hubsch-interior.com\/da\/produkter\/"},{"@type":"ListItem","position":3,"name":"Low Transportabel Lampe Bl\u00e5"}]},{"@type":"WebSite","@id":"https:\/\/hubsch-interior.com\/da\/#website","url":"https:\/\/hubsch-interior.com\/da\/","name":"H\u00fcbsch","description":"Danish Home Interior and Design","publisher":{"@id":"https:\/\/hubsch-interior.com\/da\/#organization"},"potentialAction":[{"@type":"SearchAction","target":{"@type":"EntryPoint","urlTemplate":"https:\/\/hubsch-interior.com\/da\/?s={search_term_string}"},"query-input":{"@type":"PropertyValueSpecification","valueRequired":true,"valueName":"search_term_string"}}],"inLanguage":"da-DK"},{"@type":"Organization","@id":"https:\/\/hubsch-interior.com\/da\/#organization","name":"H\u00fcbsch","url":"https:\/\/hubsch-interior.com\/da\/","logo":{"@type":"ImageObject","inLanguage":"da-DK","@id":"https:\/\/hubsch-interior.com\/da\/#\/schema\/logo\/image\/","url":"https:\/\/hubsch-interior.com\/wp-content\/uploads\/2022\/12\/Hubsch_logo_black_one_line.svg","contentUrl":"https:\/\/hubsch-interior.com\/wp-content\/uploads\/2022\/12\/Hubsch_logo_black_one_line.svg","caption":"H\u00fcbsch"},"image":{"@id":"https:\/\/hubsch-interior.com\/da\/#\/schema\/logo\/image\/"}}]}},"_links":{"self":[{"href":"https:\/\/hubsch-interior.com\/da\/wp-json\/wp\/v2\/product\/1089583","targetHints":{"allow":["GET"]}}],"collection":[{"href":"https:\/\/hubsch-interior.com\/da\/wp-json\/wp\/v2\/product"}],"about":[{"href":"https:\/\/hubsch-interior.com\/da\/wp-json\/wp\/v2\/types\/product"}],"wp:featuredmedia":[{"embeddable":true,"href":"https:\/\/hubsch-interior.com\/da\/wp-json\/wp\/v2\/media\/1111951"}],"wp:attachment":[{"href":"https:\/\/hubsch-interior.com\/da\/wp-json\/wp\/v2\/media?parent=1089583"}],"wp:term":[{"taxonomy":"product_brand","embeddable":true,"href":"https:\/\/hubsch-interior.com\/da\/wp-json\/wp\/v2\/product_brand?post=1089583"},{"taxonomy":"product_cat","embeddable":true,"href":"https:\/\/hubsch-interior.com\/da\/wp-json\/wp\/v2\/product_cat?post=1089583"},{"taxonomy":"product_tag","embeddable":true,"href":"https:\/\/hubsch-interior.com\/da\/wp-json\/wp\/v2\/product_tag?post=1089583"}],"curies":[{"name":"wp","href":"https:\/\/api.w.org\/{rel}","templated":true}]}}