{"id":1089599,"date":"2026-01-31T05:30:57","date_gmt":"2026-01-31T04:30:57","guid":{"rendered":"https:\/\/hubsch-interior.com\/product\/product\/"},"modified":"2026-04-05T05:27:02","modified_gmt":"2026-04-05T03:27:02","slug":"low-transportabel-lampe-nikkel","status":"publish","type":"product","link":"https:\/\/hubsch-interior.com\/da\/vare\/low-transportabel-lampe-nikkel\/","title":{"rendered":"Low Transportabel Lampe Nikkel"},"content":{"rendered":"<p>Oplev charmen ved Low Transportabel Lampe, din nye f\u00f8lgesvend i ethvert indend\u00f8rs milj\u00f8. Udf\u00f8rt med et legende elegant design, har denne lampe en smuk opalglas-sk\u00e6rm og en uds\u00f8gt overflade af b\u00f8rstet nikkel. Uanset om den lyser op i et hyggeligt l\u00e6sehj\u00f8rne eller fungerer som en elegant sengelampe, er denne lille transportable lampe klar til at f\u00f8lge dig overalt, og tilf\u00f8jer et strejf af sofistikation og varme til dit personlige rum.<br \/>\nTil denne lampe skal du bruge en d\u00e6mpbar LED-p\u00e6re.<\/p>\n","protected":false},"excerpt":{"rendered":"<p>Oplev charmen ved Low Transportabel Lampe, din nye f\u00f8lgesvend i ethvert indend\u00f8rs milj\u00f8. Udf\u00f8rt med et legende elegant design, har denne lampe en smuk opalglas-sk\u00e6rm og en uds\u00f8gt overflade af b\u00f8rstet nikkel. Uanset om den lyser op i et hyggeligt l\u00e6sehj\u00f8rne eller fungerer som en elegant sengelampe, er denne lille transportable lampe klar til at [&hellip;]<\/p>\n","protected":false},"featured_media":1111963,"template":"","meta":{"_acf_changed":false,"inline_featured_image":false},"product_brand":[],"product_cat":[7153,6961,3808,3499,5045],"product_tag":[],"class_list":{"0":"post-1089599","1":"product","2":"type-product","3":"status-publish","4":"has-post-thumbnail","6":"product_cat-dweller-da","7":"product_cat-transportable-lamper-da","8":"product_cat-belysning","9":"product_cat-bordlamper-da","10":"product_cat-nyheder-da","11":"product_shipping_class-pk","13":"pa_color-nikkel","14":"pa_material-glas-da","15":"pa_material-jern-da","17":"first","18":"instock","19":"taxable","20":"shipping-taxable","21":"purchasable","22":"product-type-simple"},"exclude_global_add_ons":[],"addons":[],"acf":[],"yoast_head":"<!-- This site is optimized with the Yoast SEO plugin v26.4 - https:\/\/yoast.com\/wordpress\/plugins\/seo\/ -->\n<title>Low Transportabel Lampe Nikkel - H\u00fcbsch<\/title>\n<meta name=\"description\" content=\"Oplev charmen ved Low Transportabel Lampe, din nye f\u00f8lgesvend i ethvert indend\u00f8rs milj\u00f8. Udf\u00f8rt med et legende elegant design, har denne lampe en smuk\" \/>\n<meta name=\"robots\" content=\"index, follow, max-snippet:-1, max-image-preview:large, max-video-preview:-1\" \/>\n<link rel=\"canonical\" href=\"https:\/\/hubsch-interior.com\/da\/wp-json\/wp\/v2\/product\/1089599\" \/>\n<meta property=\"og:locale\" content=\"da_DK\" \/>\n<meta property=\"og:type\" content=\"article\" \/>\n<meta property=\"og:title\" content=\"Low Transportabel Lampe Nikkel - H\u00fcbsch\" \/>\n<meta property=\"og:description\" content=\"Oplev charmen ved Low Transportabel Lampe, din nye f\u00f8lgesvend i ethvert indend\u00f8rs milj\u00f8. Udf\u00f8rt med et legende elegant design, har denne lampe en smuk\" \/>\n<meta property=\"og:url\" content=\"https:\/\/hubsch-interior.com\/da\/vare\/low-transportabel-lampe-nikkel\/\" \/>\n<meta property=\"og:site_name\" content=\"H\u00fcbsch\" \/>\n<meta property=\"article:modified_time\" content=\"2026-04-05T03:27:02+00:00\" \/>\n<meta property=\"og:image\" content=\"https:\/\/hubsch-interior.com\/wp-content\/uploads\/2026\/01\/low-portable-lamp-nickel-77b3369f298c5464f568d511df4755b9.jpg\" \/>\n\t<meta property=\"og:image:width\" content=\"1200\" \/>\n\t<meta property=\"og:image:height\" content=\"1200\" \/>\n\t<meta property=\"og:image:type\" content=\"image\/jpeg\" \/>\n<meta name=\"twitter:card\" content=\"summary_large_image\" \/>\n<script type=\"application\/ld+json\" class=\"yoast-schema-graph\">{\"@context\":\"https:\/\/schema.org\",\"@graph\":[{\"@type\":\"WebPage\",\"@id\":\"https:\/\/hubsch-interior.com\/da\/vare\/low-transportabel-lampe-nikkel\/\",\"url\":\"https:\/\/hubsch-interior.com\/da\/vare\/low-transportabel-lampe-nikkel\/\",\"name\":\"Low Transportabel Lampe Nikkel - H\u00fcbsch\",\"isPartOf\":{\"@id\":\"https:\/\/hubsch-interior.com\/da\/#website\"},\"primaryImageOfPage\":{\"@id\":\"https:\/\/hubsch-interior.com\/da\/vare\/low-transportabel-lampe-nikkel\/#primaryimage\"},\"image\":{\"@id\":\"https:\/\/hubsch-interior.com\/da\/vare\/low-transportabel-lampe-nikkel\/#primaryimage\"},\"thumbnailUrl\":\"https:\/\/hubsch-interior.com\/wp-content\/uploads\/2026\/02\/low-portable-lamp-nickel-dc5dafbe0911bd3bfd88ed89da7a4422.jpg\",\"datePublished\":\"2026-01-31T04:30:57+00:00\",\"dateModified\":\"2026-04-05T03:27:02+00:00\",\"description\":\"Oplev charmen ved Low Transportabel Lampe, din nye f\u00f8lgesvend i ethvert indend\u00f8rs milj\u00f8. Udf\u00f8rt med et legende elegant design, har denne lampe en smuk\",\"breadcrumb\":{\"@id\":\"https:\/\/hubsch-interior.com\/da\/vare\/low-transportabel-lampe-nikkel\/#breadcrumb\"},\"inLanguage\":\"da-DK\",\"potentialAction\":[{\"@type\":\"ReadAction\",\"target\":[\"https:\/\/hubsch-interior.com\/da\/vare\/low-transportabel-lampe-nikkel\/\"]}]},{\"@type\":\"ImageObject\",\"inLanguage\":\"da-DK\",\"@id\":\"https:\/\/hubsch-interior.com\/da\/vare\/low-transportabel-lampe-nikkel\/#primaryimage\",\"url\":\"https:\/\/hubsch-interior.com\/wp-content\/uploads\/2026\/02\/low-portable-lamp-nickel-dc5dafbe0911bd3bfd88ed89da7a4422.jpg\",\"contentUrl\":\"https:\/\/hubsch-interior.com\/wp-content\/uploads\/2026\/02\/low-portable-lamp-nickel-dc5dafbe0911bd3bfd88ed89da7a4422.jpg\",\"width\":1024,\"height\":1024},{\"@type\":\"BreadcrumbList\",\"@id\":\"https:\/\/hubsch-interior.com\/da\/vare\/low-transportabel-lampe-nikkel\/#breadcrumb\",\"itemListElement\":[{\"@type\":\"ListItem\",\"position\":1,\"name\":\"Forside\",\"item\":\"https:\/\/hubsch-interior.com\/da\/\"},{\"@type\":\"ListItem\",\"position\":2,\"name\":\"Produkter\",\"item\":\"https:\/\/hubsch-interior.com\/da\/produkter\/\"},{\"@type\":\"ListItem\",\"position\":3,\"name\":\"Low Transportabel Lampe Nikkel\"}]},{\"@type\":\"WebSite\",\"@id\":\"https:\/\/hubsch-interior.com\/da\/#website\",\"url\":\"https:\/\/hubsch-interior.com\/da\/\",\"name\":\"H\u00fcbsch\",\"description\":\"Danish Home Interior and Design\",\"publisher\":{\"@id\":\"https:\/\/hubsch-interior.com\/da\/#organization\"},\"potentialAction\":[{\"@type\":\"SearchAction\",\"target\":{\"@type\":\"EntryPoint\",\"urlTemplate\":\"https:\/\/hubsch-interior.com\/da\/?s={search_term_string}\"},\"query-input\":{\"@type\":\"PropertyValueSpecification\",\"valueRequired\":true,\"valueName\":\"search_term_string\"}}],\"inLanguage\":\"da-DK\"},{\"@type\":\"Organization\",\"@id\":\"https:\/\/hubsch-interior.com\/da\/#organization\",\"name\":\"H\u00fcbsch\",\"url\":\"https:\/\/hubsch-interior.com\/da\/\",\"logo\":{\"@type\":\"ImageObject\",\"inLanguage\":\"da-DK\",\"@id\":\"https:\/\/hubsch-interior.com\/da\/#\/schema\/logo\/image\/\",\"url\":\"https:\/\/hubsch-interior.com\/wp-content\/uploads\/2022\/12\/Hubsch_logo_black_one_line.svg\",\"contentUrl\":\"https:\/\/hubsch-interior.com\/wp-content\/uploads\/2022\/12\/Hubsch_logo_black_one_line.svg\",\"caption\":\"H\u00fcbsch\"},\"image\":{\"@id\":\"https:\/\/hubsch-interior.com\/da\/#\/schema\/logo\/image\/\"}}]}<\/script>\n<!-- \/ Yoast SEO plugin. -->","yoast_head_json":{"title":"Low Transportabel Lampe Nikkel - H\u00fcbsch","description":"Oplev charmen ved Low Transportabel Lampe, din nye f\u00f8lgesvend i ethvert indend\u00f8rs milj\u00f8. Udf\u00f8rt med et legende elegant design, har denne lampe en smuk","robots":{"index":"index","follow":"follow","max-snippet":"max-snippet:-1","max-image-preview":"max-image-preview:large","max-video-preview":"max-video-preview:-1"},"canonical":"https:\/\/hubsch-interior.com\/da\/wp-json\/wp\/v2\/product\/1089599","og_locale":"da_DK","og_type":"article","og_title":"Low Transportabel Lampe Nikkel - H\u00fcbsch","og_description":"Oplev charmen ved Low Transportabel Lampe, din nye f\u00f8lgesvend i ethvert indend\u00f8rs milj\u00f8. Udf\u00f8rt med et legende elegant design, har denne lampe en smuk","og_url":"https:\/\/hubsch-interior.com\/da\/vare\/low-transportabel-lampe-nikkel\/","og_site_name":"H\u00fcbsch","article_modified_time":"2026-04-05T03:27:02+00:00","og_image":[{"width":1200,"height":1200,"url":"https:\/\/hubsch-interior.com\/wp-content\/uploads\/2026\/01\/low-portable-lamp-nickel-77b3369f298c5464f568d511df4755b9.jpg","type":"image\/jpeg"}],"twitter_card":"summary_large_image","schema":{"@context":"https:\/\/schema.org","@graph":[{"@type":"WebPage","@id":"https:\/\/hubsch-interior.com\/da\/vare\/low-transportabel-lampe-nikkel\/","url":"https:\/\/hubsch-interior.com\/da\/vare\/low-transportabel-lampe-nikkel\/","name":"Low Transportabel Lampe Nikkel - H\u00fcbsch","isPartOf":{"@id":"https:\/\/hubsch-interior.com\/da\/#website"},"primaryImageOfPage":{"@id":"https:\/\/hubsch-interior.com\/da\/vare\/low-transportabel-lampe-nikkel\/#primaryimage"},"image":{"@id":"https:\/\/hubsch-interior.com\/da\/vare\/low-transportabel-lampe-nikkel\/#primaryimage"},"thumbnailUrl":"https:\/\/hubsch-interior.com\/wp-content\/uploads\/2026\/02\/low-portable-lamp-nickel-dc5dafbe0911bd3bfd88ed89da7a4422.jpg","datePublished":"2026-01-31T04:30:57+00:00","dateModified":"2026-04-05T03:27:02+00:00","description":"Oplev charmen ved Low Transportabel Lampe, din nye f\u00f8lgesvend i ethvert indend\u00f8rs milj\u00f8. Udf\u00f8rt med et legende elegant design, har denne lampe en smuk","breadcrumb":{"@id":"https:\/\/hubsch-interior.com\/da\/vare\/low-transportabel-lampe-nikkel\/#breadcrumb"},"inLanguage":"da-DK","potentialAction":[{"@type":"ReadAction","target":["https:\/\/hubsch-interior.com\/da\/vare\/low-transportabel-lampe-nikkel\/"]}]},{"@type":"ImageObject","inLanguage":"da-DK","@id":"https:\/\/hubsch-interior.com\/da\/vare\/low-transportabel-lampe-nikkel\/#primaryimage","url":"https:\/\/hubsch-interior.com\/wp-content\/uploads\/2026\/02\/low-portable-lamp-nickel-dc5dafbe0911bd3bfd88ed89da7a4422.jpg","contentUrl":"https:\/\/hubsch-interior.com\/wp-content\/uploads\/2026\/02\/low-portable-lamp-nickel-dc5dafbe0911bd3bfd88ed89da7a4422.jpg","width":1024,"height":1024},{"@type":"BreadcrumbList","@id":"https:\/\/hubsch-interior.com\/da\/vare\/low-transportabel-lampe-nikkel\/#breadcrumb","itemListElement":[{"@type":"ListItem","position":1,"name":"Forside","item":"https:\/\/hubsch-interior.com\/da\/"},{"@type":"ListItem","position":2,"name":"Produkter","item":"https:\/\/hubsch-interior.com\/da\/produkter\/"},{"@type":"ListItem","position":3,"name":"Low Transportabel Lampe Nikkel"}]},{"@type":"WebSite","@id":"https:\/\/hubsch-interior.com\/da\/#website","url":"https:\/\/hubsch-interior.com\/da\/","name":"H\u00fcbsch","description":"Danish Home Interior and Design","publisher":{"@id":"https:\/\/hubsch-interior.com\/da\/#organization"},"potentialAction":[{"@type":"SearchAction","target":{"@type":"EntryPoint","urlTemplate":"https:\/\/hubsch-interior.com\/da\/?s={search_term_string}"},"query-input":{"@type":"PropertyValueSpecification","valueRequired":true,"valueName":"search_term_string"}}],"inLanguage":"da-DK"},{"@type":"Organization","@id":"https:\/\/hubsch-interior.com\/da\/#organization","name":"H\u00fcbsch","url":"https:\/\/hubsch-interior.com\/da\/","logo":{"@type":"ImageObject","inLanguage":"da-DK","@id":"https:\/\/hubsch-interior.com\/da\/#\/schema\/logo\/image\/","url":"https:\/\/hubsch-interior.com\/wp-content\/uploads\/2022\/12\/Hubsch_logo_black_one_line.svg","contentUrl":"https:\/\/hubsch-interior.com\/wp-content\/uploads\/2022\/12\/Hubsch_logo_black_one_line.svg","caption":"H\u00fcbsch"},"image":{"@id":"https:\/\/hubsch-interior.com\/da\/#\/schema\/logo\/image\/"}}]}},"_links":{"self":[{"href":"https:\/\/hubsch-interior.com\/da\/wp-json\/wp\/v2\/product\/1089599","targetHints":{"allow":["GET"]}}],"collection":[{"href":"https:\/\/hubsch-interior.com\/da\/wp-json\/wp\/v2\/product"}],"about":[{"href":"https:\/\/hubsch-interior.com\/da\/wp-json\/wp\/v2\/types\/product"}],"wp:featuredmedia":[{"embeddable":true,"href":"https:\/\/hubsch-interior.com\/da\/wp-json\/wp\/v2\/media\/1111963"}],"wp:attachment":[{"href":"https:\/\/hubsch-interior.com\/da\/wp-json\/wp\/v2\/media?parent=1089599"}],"wp:term":[{"taxonomy":"product_brand","embeddable":true,"href":"https:\/\/hubsch-interior.com\/da\/wp-json\/wp\/v2\/product_brand?post=1089599"},{"taxonomy":"product_cat","embeddable":true,"href":"https:\/\/hubsch-interior.com\/da\/wp-json\/wp\/v2\/product_cat?post=1089599"},{"taxonomy":"product_tag","embeddable":true,"href":"https:\/\/hubsch-interior.com\/da\/wp-json\/wp\/v2\/product_tag?post=1089599"}],"curies":[{"name":"wp","href":"https:\/\/api.w.org\/{rel}","templated":true}]}}