{"id":1089655,"date":"2026-01-31T05:31:33","date_gmt":"2026-01-31T04:31:33","guid":{"rendered":"https:\/\/hubsch-interior.com\/product\/product\/"},"modified":"2026-04-05T05:27:16","modified_gmt":"2026-04-05T03:27:16","slug":"dual-skaenk-flerfarvet","status":"publish","type":"product","link":"https:\/\/hubsch-interior.com\/da\/vare\/dual-skaenk-flerfarvet\/","title":{"rendered":"Dual Sk\u00e6nk \u00a0Flerfarvet"},"content":{"rendered":"<p>Tag charmen med hjem med Dual Sk\u00e6nk\u2014en levende blanding af multifarvet elegance og ansvarligt design. Fremstillet af FSC-certificeret tr\u00e6 kombinerer den naturlig eg med malede overflader for et dristigt, i\u00f8jnefaldende udseende, der livligg\u00f8r ethvert rum. Dens brede, robuste hylder tilbyder det perfekte sted at fremvise dine yndlingsb\u00f8ger, dekorationer eller mindev\u00e6rdigheder. Et fantastisk valg for enhver, der \u00f8nsker at tilf\u00f8je et smagfuldt farvesplash, denne sk\u00e6nk er sikker p\u00e5 at s\u00e6tte gang i samtalen.<\/p>\n","protected":false},"excerpt":{"rendered":"<p>Tag charmen med hjem med Dual Sk\u00e6nk\u2014en levende blanding af multifarvet elegance og ansvarligt design. Fremstillet af FSC-certificeret tr\u00e6 kombinerer den naturlig eg med malede overflader for et dristigt, i\u00f8jnefaldende udseende, der livligg\u00f8r ethvert rum. Dens brede, robuste hylder tilbyder det perfekte sted at fremvise dine yndlingsb\u00f8ger, dekorationer eller mindev\u00e6rdigheder. Et fantastisk valg for enhver, [&hellip;]<\/p>\n","protected":false},"featured_media":1112019,"template":"","meta":{"_acf_changed":false,"inline_featured_image":false},"product_brand":[],"product_cat":[7153,6321,3999,4919,5045],"product_tag":[],"class_list":{"0":"post-1089655","1":"product","2":"type-product","3":"status-publish","4":"has-post-thumbnail","6":"product_cat-dweller-da","7":"product_cat-fsc-da","8":"product_cat-reoler-opbevaring-da","9":"product_cat-kommoder-skaenke-da","10":"product_cat-nyheder-da","11":"product_shipping_class-p05","13":"pa_color-flerfarvet-2","14":"pa_material-mdf-da","15":"pa_material-egetr","16":"pa_material-egetrsfiner","18":"first","19":"instock","20":"taxable","21":"shipping-taxable","22":"purchasable","23":"product-type-simple"},"exclude_global_add_ons":[],"addons":[],"acf":[],"yoast_head":"<!-- This site is optimized with the Yoast SEO plugin v26.4 - https:\/\/yoast.com\/wordpress\/plugins\/seo\/ -->\n<title>Dual Sk\u00e6nk \u00a0Flerfarvet - H\u00fcbsch<\/title>\n<meta name=\"description\" content=\"Tag charmen med hjem med Dual Sk\u00e6nk\u2014en levende blanding af multifarvet elegance og ansvarligt design. Fremstillet af FSC-certificeret tr\u00e6 kombinerer den\" \/>\n<meta name=\"robots\" content=\"index, follow, max-snippet:-1, max-image-preview:large, max-video-preview:-1\" \/>\n<link rel=\"canonical\" href=\"https:\/\/hubsch-interior.com\/da\/wp-json\/wp\/v2\/product\/1089655\" \/>\n<meta property=\"og:locale\" content=\"da_DK\" \/>\n<meta property=\"og:type\" content=\"article\" \/>\n<meta property=\"og:title\" content=\"Dual Sk\u00e6nk \u00a0Flerfarvet - H\u00fcbsch\" \/>\n<meta property=\"og:description\" content=\"Tag charmen med hjem med Dual Sk\u00e6nk\u2014en levende blanding af multifarvet elegance og ansvarligt design. Fremstillet af FSC-certificeret tr\u00e6 kombinerer den\" \/>\n<meta property=\"og:url\" content=\"https:\/\/hubsch-interior.com\/da\/vare\/dual-skaenk-flerfarvet\/\" \/>\n<meta property=\"og:site_name\" content=\"H\u00fcbsch\" \/>\n<meta property=\"article:modified_time\" content=\"2026-04-05T03:27:16+00:00\" \/>\n<meta property=\"og:image\" content=\"https:\/\/hubsch-interior.com\/wp-content\/uploads\/2026\/01\/dual-sideboard-multicolour-aace592bcde6d8ebcf0ebf767e215a7c.jpg\" \/>\n\t<meta property=\"og:image:width\" content=\"1200\" \/>\n\t<meta property=\"og:image:height\" content=\"1200\" \/>\n\t<meta property=\"og:image:type\" content=\"image\/jpeg\" \/>\n<meta name=\"twitter:card\" content=\"summary_large_image\" \/>\n<script type=\"application\/ld+json\" class=\"yoast-schema-graph\">{\"@context\":\"https:\/\/schema.org\",\"@graph\":[{\"@type\":\"WebPage\",\"@id\":\"https:\/\/hubsch-interior.com\/da\/vare\/dual-skaenk-flerfarvet\/\",\"url\":\"https:\/\/hubsch-interior.com\/da\/vare\/dual-skaenk-flerfarvet\/\",\"name\":\"Dual Sk\u00e6nk \u00a0Flerfarvet - H\u00fcbsch\",\"isPartOf\":{\"@id\":\"https:\/\/hubsch-interior.com\/da\/#website\"},\"primaryImageOfPage\":{\"@id\":\"https:\/\/hubsch-interior.com\/da\/vare\/dual-skaenk-flerfarvet\/#primaryimage\"},\"image\":{\"@id\":\"https:\/\/hubsch-interior.com\/da\/vare\/dual-skaenk-flerfarvet\/#primaryimage\"},\"thumbnailUrl\":\"https:\/\/hubsch-interior.com\/wp-content\/uploads\/2026\/02\/dual-sideboard-multicolour-6fa195df3d8a40d55dc975a5d889103a.jpg\",\"datePublished\":\"2026-01-31T04:31:33+00:00\",\"dateModified\":\"2026-04-05T03:27:16+00:00\",\"description\":\"Tag charmen med hjem med Dual Sk\u00e6nk\u2014en levende blanding af multifarvet elegance og ansvarligt design. Fremstillet af FSC-certificeret tr\u00e6 kombinerer den\",\"breadcrumb\":{\"@id\":\"https:\/\/hubsch-interior.com\/da\/vare\/dual-skaenk-flerfarvet\/#breadcrumb\"},\"inLanguage\":\"da-DK\",\"potentialAction\":[{\"@type\":\"ReadAction\",\"target\":[\"https:\/\/hubsch-interior.com\/da\/vare\/dual-skaenk-flerfarvet\/\"]}]},{\"@type\":\"ImageObject\",\"inLanguage\":\"da-DK\",\"@id\":\"https:\/\/hubsch-interior.com\/da\/vare\/dual-skaenk-flerfarvet\/#primaryimage\",\"url\":\"https:\/\/hubsch-interior.com\/wp-content\/uploads\/2026\/02\/dual-sideboard-multicolour-6fa195df3d8a40d55dc975a5d889103a.jpg\",\"contentUrl\":\"https:\/\/hubsch-interior.com\/wp-content\/uploads\/2026\/02\/dual-sideboard-multicolour-6fa195df3d8a40d55dc975a5d889103a.jpg\",\"width\":1024,\"height\":1024},{\"@type\":\"BreadcrumbList\",\"@id\":\"https:\/\/hubsch-interior.com\/da\/vare\/dual-skaenk-flerfarvet\/#breadcrumb\",\"itemListElement\":[{\"@type\":\"ListItem\",\"position\":1,\"name\":\"Forside\",\"item\":\"https:\/\/hubsch-interior.com\/da\/\"},{\"@type\":\"ListItem\",\"position\":2,\"name\":\"Produkter\",\"item\":\"https:\/\/hubsch-interior.com\/da\/produkter\/\"},{\"@type\":\"ListItem\",\"position\":3,\"name\":\"Dual Sk\u00e6nk \u00a0Flerfarvet\"}]},{\"@type\":\"WebSite\",\"@id\":\"https:\/\/hubsch-interior.com\/da\/#website\",\"url\":\"https:\/\/hubsch-interior.com\/da\/\",\"name\":\"H\u00fcbsch\",\"description\":\"Danish Home Interior and Design\",\"publisher\":{\"@id\":\"https:\/\/hubsch-interior.com\/da\/#organization\"},\"potentialAction\":[{\"@type\":\"SearchAction\",\"target\":{\"@type\":\"EntryPoint\",\"urlTemplate\":\"https:\/\/hubsch-interior.com\/da\/?s={search_term_string}\"},\"query-input\":{\"@type\":\"PropertyValueSpecification\",\"valueRequired\":true,\"valueName\":\"search_term_string\"}}],\"inLanguage\":\"da-DK\"},{\"@type\":\"Organization\",\"@id\":\"https:\/\/hubsch-interior.com\/da\/#organization\",\"name\":\"H\u00fcbsch\",\"url\":\"https:\/\/hubsch-interior.com\/da\/\",\"logo\":{\"@type\":\"ImageObject\",\"inLanguage\":\"da-DK\",\"@id\":\"https:\/\/hubsch-interior.com\/da\/#\/schema\/logo\/image\/\",\"url\":\"https:\/\/hubsch-interior.com\/wp-content\/uploads\/2022\/12\/Hubsch_logo_black_one_line.svg\",\"contentUrl\":\"https:\/\/hubsch-interior.com\/wp-content\/uploads\/2022\/12\/Hubsch_logo_black_one_line.svg\",\"caption\":\"H\u00fcbsch\"},\"image\":{\"@id\":\"https:\/\/hubsch-interior.com\/da\/#\/schema\/logo\/image\/\"}}]}<\/script>\n<!-- \/ Yoast SEO plugin. -->","yoast_head_json":{"title":"Dual Sk\u00e6nk \u00a0Flerfarvet - H\u00fcbsch","description":"Tag charmen med hjem med Dual Sk\u00e6nk\u2014en levende blanding af multifarvet elegance og ansvarligt design. Fremstillet af FSC-certificeret tr\u00e6 kombinerer den","robots":{"index":"index","follow":"follow","max-snippet":"max-snippet:-1","max-image-preview":"max-image-preview:large","max-video-preview":"max-video-preview:-1"},"canonical":"https:\/\/hubsch-interior.com\/da\/wp-json\/wp\/v2\/product\/1089655","og_locale":"da_DK","og_type":"article","og_title":"Dual Sk\u00e6nk \u00a0Flerfarvet - H\u00fcbsch","og_description":"Tag charmen med hjem med Dual Sk\u00e6nk\u2014en levende blanding af multifarvet elegance og ansvarligt design. Fremstillet af FSC-certificeret tr\u00e6 kombinerer den","og_url":"https:\/\/hubsch-interior.com\/da\/vare\/dual-skaenk-flerfarvet\/","og_site_name":"H\u00fcbsch","article_modified_time":"2026-04-05T03:27:16+00:00","og_image":[{"width":1200,"height":1200,"url":"https:\/\/hubsch-interior.com\/wp-content\/uploads\/2026\/01\/dual-sideboard-multicolour-aace592bcde6d8ebcf0ebf767e215a7c.jpg","type":"image\/jpeg"}],"twitter_card":"summary_large_image","schema":{"@context":"https:\/\/schema.org","@graph":[{"@type":"WebPage","@id":"https:\/\/hubsch-interior.com\/da\/vare\/dual-skaenk-flerfarvet\/","url":"https:\/\/hubsch-interior.com\/da\/vare\/dual-skaenk-flerfarvet\/","name":"Dual Sk\u00e6nk \u00a0Flerfarvet - H\u00fcbsch","isPartOf":{"@id":"https:\/\/hubsch-interior.com\/da\/#website"},"primaryImageOfPage":{"@id":"https:\/\/hubsch-interior.com\/da\/vare\/dual-skaenk-flerfarvet\/#primaryimage"},"image":{"@id":"https:\/\/hubsch-interior.com\/da\/vare\/dual-skaenk-flerfarvet\/#primaryimage"},"thumbnailUrl":"https:\/\/hubsch-interior.com\/wp-content\/uploads\/2026\/02\/dual-sideboard-multicolour-6fa195df3d8a40d55dc975a5d889103a.jpg","datePublished":"2026-01-31T04:31:33+00:00","dateModified":"2026-04-05T03:27:16+00:00","description":"Tag charmen med hjem med Dual Sk\u00e6nk\u2014en levende blanding af multifarvet elegance og ansvarligt design. Fremstillet af FSC-certificeret tr\u00e6 kombinerer den","breadcrumb":{"@id":"https:\/\/hubsch-interior.com\/da\/vare\/dual-skaenk-flerfarvet\/#breadcrumb"},"inLanguage":"da-DK","potentialAction":[{"@type":"ReadAction","target":["https:\/\/hubsch-interior.com\/da\/vare\/dual-skaenk-flerfarvet\/"]}]},{"@type":"ImageObject","inLanguage":"da-DK","@id":"https:\/\/hubsch-interior.com\/da\/vare\/dual-skaenk-flerfarvet\/#primaryimage","url":"https:\/\/hubsch-interior.com\/wp-content\/uploads\/2026\/02\/dual-sideboard-multicolour-6fa195df3d8a40d55dc975a5d889103a.jpg","contentUrl":"https:\/\/hubsch-interior.com\/wp-content\/uploads\/2026\/02\/dual-sideboard-multicolour-6fa195df3d8a40d55dc975a5d889103a.jpg","width":1024,"height":1024},{"@type":"BreadcrumbList","@id":"https:\/\/hubsch-interior.com\/da\/vare\/dual-skaenk-flerfarvet\/#breadcrumb","itemListElement":[{"@type":"ListItem","position":1,"name":"Forside","item":"https:\/\/hubsch-interior.com\/da\/"},{"@type":"ListItem","position":2,"name":"Produkter","item":"https:\/\/hubsch-interior.com\/da\/produkter\/"},{"@type":"ListItem","position":3,"name":"Dual Sk\u00e6nk \u00a0Flerfarvet"}]},{"@type":"WebSite","@id":"https:\/\/hubsch-interior.com\/da\/#website","url":"https:\/\/hubsch-interior.com\/da\/","name":"H\u00fcbsch","description":"Danish Home Interior and Design","publisher":{"@id":"https:\/\/hubsch-interior.com\/da\/#organization"},"potentialAction":[{"@type":"SearchAction","target":{"@type":"EntryPoint","urlTemplate":"https:\/\/hubsch-interior.com\/da\/?s={search_term_string}"},"query-input":{"@type":"PropertyValueSpecification","valueRequired":true,"valueName":"search_term_string"}}],"inLanguage":"da-DK"},{"@type":"Organization","@id":"https:\/\/hubsch-interior.com\/da\/#organization","name":"H\u00fcbsch","url":"https:\/\/hubsch-interior.com\/da\/","logo":{"@type":"ImageObject","inLanguage":"da-DK","@id":"https:\/\/hubsch-interior.com\/da\/#\/schema\/logo\/image\/","url":"https:\/\/hubsch-interior.com\/wp-content\/uploads\/2022\/12\/Hubsch_logo_black_one_line.svg","contentUrl":"https:\/\/hubsch-interior.com\/wp-content\/uploads\/2022\/12\/Hubsch_logo_black_one_line.svg","caption":"H\u00fcbsch"},"image":{"@id":"https:\/\/hubsch-interior.com\/da\/#\/schema\/logo\/image\/"}}]}},"_links":{"self":[{"href":"https:\/\/hubsch-interior.com\/da\/wp-json\/wp\/v2\/product\/1089655","targetHints":{"allow":["GET"]}}],"collection":[{"href":"https:\/\/hubsch-interior.com\/da\/wp-json\/wp\/v2\/product"}],"about":[{"href":"https:\/\/hubsch-interior.com\/da\/wp-json\/wp\/v2\/types\/product"}],"wp:featuredmedia":[{"embeddable":true,"href":"https:\/\/hubsch-interior.com\/da\/wp-json\/wp\/v2\/media\/1112019"}],"wp:attachment":[{"href":"https:\/\/hubsch-interior.com\/da\/wp-json\/wp\/v2\/media?parent=1089655"}],"wp:term":[{"taxonomy":"product_brand","embeddable":true,"href":"https:\/\/hubsch-interior.com\/da\/wp-json\/wp\/v2\/product_brand?post=1089655"},{"taxonomy":"product_cat","embeddable":true,"href":"https:\/\/hubsch-interior.com\/da\/wp-json\/wp\/v2\/product_cat?post=1089655"},{"taxonomy":"product_tag","embeddable":true,"href":"https:\/\/hubsch-interior.com\/da\/wp-json\/wp\/v2\/product_tag?post=1089655"}],"curies":[{"name":"wp","href":"https:\/\/api.w.org\/{rel}","templated":true}]}}