{"id":1089691,"date":"2026-01-31T05:31:47","date_gmt":"2026-01-31T04:31:47","guid":{"rendered":"https:\/\/hubsch-interior.com\/product\/product\/"},"modified":"2026-04-05T05:27:19","modified_gmt":"2026-04-05T03:27:19","slug":"forma-skaenk-natur","status":"publish","type":"product","link":"https:\/\/hubsch-interior.com\/da\/vare\/forma-skaenk-natur\/","title":{"rendered":"Forma Sk\u00e6nk Natur"},"content":{"rendered":"<p>M\u00f8d Forma Sk\u00e6nken &#8211; et imponerende m\u00f8bel fremstillet af FSC-certificeret egetr\u00e6sfiner, der tilf\u00f8rer naturlig varme til dit rum. Med sin karakteristiske silhuet passer den perfekt ind i Forma-serien og balancerer tidl\u00f8st design med moderne livsstil. Med sine seks rummelige skuffer tilbyder den en ideel opbevaringsl\u00f8sning for at holde dit hjem p\u00e6nt og organiseret. Uanset om den placeres i spisestuen eller opholdsomr\u00e5det, leverer Forma Sk\u00e6nken b\u00e5de raffineret stil og daglig funktionalitet.<\/p>\n","protected":false},"excerpt":{"rendered":"<p>M\u00f8d Forma Sk\u00e6nken &#8211; et imponerende m\u00f8bel fremstillet af FSC-certificeret egetr\u00e6sfiner, der tilf\u00f8rer naturlig varme til dit rum. Med sin karakteristiske silhuet passer den perfekt ind i Forma-serien og balancerer tidl\u00f8st design med moderne livsstil. Med sine seks rummelige skuffer tilbyder den en ideel opbevaringsl\u00f8sning for at holde dit hjem p\u00e6nt og organiseret. Uanset om [&hellip;]<\/p>\n","protected":false},"featured_media":1112039,"template":"","meta":{"_acf_changed":false,"inline_featured_image":false},"product_brand":[],"product_cat":[7153,6321,3999,4919,5045],"product_tag":[],"class_list":{"0":"post-1089691","1":"product","2":"type-product","3":"status-publish","4":"has-post-thumbnail","6":"product_cat-dweller-da","7":"product_cat-fsc-da","8":"product_cat-reoler-opbevaring-da","9":"product_cat-kommoder-skaenke-da","10":"product_cat-nyheder-da","11":"product_shipping_class-p05","13":"pa_color-natur-2","14":"pa_material-mdf-da","15":"pa_material-egetr","16":"pa_material-egetrsfiner","18":"first","19":"instock","20":"taxable","21":"shipping-taxable","22":"purchasable","23":"product-type-simple"},"exclude_global_add_ons":[],"addons":[],"acf":[],"yoast_head":"<!-- This site is optimized with the Yoast SEO plugin v26.4 - https:\/\/yoast.com\/wordpress\/plugins\/seo\/ -->\n<title>Forma Sk\u00e6nk Natur - H\u00fcbsch<\/title>\n<meta name=\"description\" content=\"M\u00f8d Forma Sk\u00e6nken - et imponerende m\u00f8bel fremstillet af FSC-certificeret egetr\u00e6sfiner, der tilf\u00f8rer naturlig varme til dit rum. Med sin karakteristiske\" \/>\n<meta name=\"robots\" content=\"index, follow, max-snippet:-1, max-image-preview:large, max-video-preview:-1\" \/>\n<link rel=\"canonical\" href=\"https:\/\/hubsch-interior.com\/da\/wp-json\/wp\/v2\/product\/1089691\" \/>\n<meta property=\"og:locale\" content=\"da_DK\" \/>\n<meta property=\"og:type\" content=\"article\" \/>\n<meta property=\"og:title\" content=\"Forma Sk\u00e6nk Natur - H\u00fcbsch\" \/>\n<meta property=\"og:description\" content=\"M\u00f8d Forma Sk\u00e6nken - et imponerende m\u00f8bel fremstillet af FSC-certificeret egetr\u00e6sfiner, der tilf\u00f8rer naturlig varme til dit rum. Med sin karakteristiske\" \/>\n<meta property=\"og:url\" content=\"https:\/\/hubsch-interior.com\/da\/vare\/forma-skaenk-natur\/\" \/>\n<meta property=\"og:site_name\" content=\"H\u00fcbsch\" \/>\n<meta property=\"article:modified_time\" content=\"2026-04-05T03:27:19+00:00\" \/>\n<meta property=\"og:image\" content=\"https:\/\/hubsch-interior.com\/wp-content\/uploads\/2026\/01\/forma-sideboard-natural-ba2081df1f453955b26cfdc6fece6da4.jpg\" \/>\n\t<meta property=\"og:image:width\" content=\"1200\" \/>\n\t<meta property=\"og:image:height\" content=\"1200\" \/>\n\t<meta property=\"og:image:type\" content=\"image\/jpeg\" \/>\n<meta name=\"twitter:card\" content=\"summary_large_image\" \/>\n<script type=\"application\/ld+json\" class=\"yoast-schema-graph\">{\"@context\":\"https:\/\/schema.org\",\"@graph\":[{\"@type\":\"WebPage\",\"@id\":\"https:\/\/hubsch-interior.com\/da\/vare\/forma-skaenk-natur\/\",\"url\":\"https:\/\/hubsch-interior.com\/da\/vare\/forma-skaenk-natur\/\",\"name\":\"Forma Sk\u00e6nk Natur - H\u00fcbsch\",\"isPartOf\":{\"@id\":\"https:\/\/hubsch-interior.com\/da\/#website\"},\"primaryImageOfPage\":{\"@id\":\"https:\/\/hubsch-interior.com\/da\/vare\/forma-skaenk-natur\/#primaryimage\"},\"image\":{\"@id\":\"https:\/\/hubsch-interior.com\/da\/vare\/forma-skaenk-natur\/#primaryimage\"},\"thumbnailUrl\":\"https:\/\/hubsch-interior.com\/wp-content\/uploads\/2026\/02\/forma-sideboard-natural-1c7f60da0d162b85aa2a88057ab3eb61.jpg\",\"datePublished\":\"2026-01-31T04:31:47+00:00\",\"dateModified\":\"2026-04-05T03:27:19+00:00\",\"description\":\"M\u00f8d Forma Sk\u00e6nken - et imponerende m\u00f8bel fremstillet af FSC-certificeret egetr\u00e6sfiner, der tilf\u00f8rer naturlig varme til dit rum. Med sin karakteristiske\",\"breadcrumb\":{\"@id\":\"https:\/\/hubsch-interior.com\/da\/vare\/forma-skaenk-natur\/#breadcrumb\"},\"inLanguage\":\"da-DK\",\"potentialAction\":[{\"@type\":\"ReadAction\",\"target\":[\"https:\/\/hubsch-interior.com\/da\/vare\/forma-skaenk-natur\/\"]}]},{\"@type\":\"ImageObject\",\"inLanguage\":\"da-DK\",\"@id\":\"https:\/\/hubsch-interior.com\/da\/vare\/forma-skaenk-natur\/#primaryimage\",\"url\":\"https:\/\/hubsch-interior.com\/wp-content\/uploads\/2026\/02\/forma-sideboard-natural-1c7f60da0d162b85aa2a88057ab3eb61.jpg\",\"contentUrl\":\"https:\/\/hubsch-interior.com\/wp-content\/uploads\/2026\/02\/forma-sideboard-natural-1c7f60da0d162b85aa2a88057ab3eb61.jpg\",\"width\":1024,\"height\":1024},{\"@type\":\"BreadcrumbList\",\"@id\":\"https:\/\/hubsch-interior.com\/da\/vare\/forma-skaenk-natur\/#breadcrumb\",\"itemListElement\":[{\"@type\":\"ListItem\",\"position\":1,\"name\":\"Forside\",\"item\":\"https:\/\/hubsch-interior.com\/da\/\"},{\"@type\":\"ListItem\",\"position\":2,\"name\":\"Produkter\",\"item\":\"https:\/\/hubsch-interior.com\/da\/produkter\/\"},{\"@type\":\"ListItem\",\"position\":3,\"name\":\"Forma Sk\u00e6nk Natur\"}]},{\"@type\":\"WebSite\",\"@id\":\"https:\/\/hubsch-interior.com\/da\/#website\",\"url\":\"https:\/\/hubsch-interior.com\/da\/\",\"name\":\"H\u00fcbsch\",\"description\":\"Danish Home Interior and Design\",\"publisher\":{\"@id\":\"https:\/\/hubsch-interior.com\/da\/#organization\"},\"potentialAction\":[{\"@type\":\"SearchAction\",\"target\":{\"@type\":\"EntryPoint\",\"urlTemplate\":\"https:\/\/hubsch-interior.com\/da\/?s={search_term_string}\"},\"query-input\":{\"@type\":\"PropertyValueSpecification\",\"valueRequired\":true,\"valueName\":\"search_term_string\"}}],\"inLanguage\":\"da-DK\"},{\"@type\":\"Organization\",\"@id\":\"https:\/\/hubsch-interior.com\/da\/#organization\",\"name\":\"H\u00fcbsch\",\"url\":\"https:\/\/hubsch-interior.com\/da\/\",\"logo\":{\"@type\":\"ImageObject\",\"inLanguage\":\"da-DK\",\"@id\":\"https:\/\/hubsch-interior.com\/da\/#\/schema\/logo\/image\/\",\"url\":\"https:\/\/hubsch-interior.com\/wp-content\/uploads\/2022\/12\/Hubsch_logo_black_one_line.svg\",\"contentUrl\":\"https:\/\/hubsch-interior.com\/wp-content\/uploads\/2022\/12\/Hubsch_logo_black_one_line.svg\",\"caption\":\"H\u00fcbsch\"},\"image\":{\"@id\":\"https:\/\/hubsch-interior.com\/da\/#\/schema\/logo\/image\/\"}}]}<\/script>\n<!-- \/ Yoast SEO plugin. -->","yoast_head_json":{"title":"Forma Sk\u00e6nk Natur - H\u00fcbsch","description":"M\u00f8d Forma Sk\u00e6nken - et imponerende m\u00f8bel fremstillet af FSC-certificeret egetr\u00e6sfiner, der tilf\u00f8rer naturlig varme til dit rum. Med sin karakteristiske","robots":{"index":"index","follow":"follow","max-snippet":"max-snippet:-1","max-image-preview":"max-image-preview:large","max-video-preview":"max-video-preview:-1"},"canonical":"https:\/\/hubsch-interior.com\/da\/wp-json\/wp\/v2\/product\/1089691","og_locale":"da_DK","og_type":"article","og_title":"Forma Sk\u00e6nk Natur - H\u00fcbsch","og_description":"M\u00f8d Forma Sk\u00e6nken - et imponerende m\u00f8bel fremstillet af FSC-certificeret egetr\u00e6sfiner, der tilf\u00f8rer naturlig varme til dit rum. Med sin karakteristiske","og_url":"https:\/\/hubsch-interior.com\/da\/vare\/forma-skaenk-natur\/","og_site_name":"H\u00fcbsch","article_modified_time":"2026-04-05T03:27:19+00:00","og_image":[{"width":1200,"height":1200,"url":"https:\/\/hubsch-interior.com\/wp-content\/uploads\/2026\/01\/forma-sideboard-natural-ba2081df1f453955b26cfdc6fece6da4.jpg","type":"image\/jpeg"}],"twitter_card":"summary_large_image","schema":{"@context":"https:\/\/schema.org","@graph":[{"@type":"WebPage","@id":"https:\/\/hubsch-interior.com\/da\/vare\/forma-skaenk-natur\/","url":"https:\/\/hubsch-interior.com\/da\/vare\/forma-skaenk-natur\/","name":"Forma Sk\u00e6nk Natur - H\u00fcbsch","isPartOf":{"@id":"https:\/\/hubsch-interior.com\/da\/#website"},"primaryImageOfPage":{"@id":"https:\/\/hubsch-interior.com\/da\/vare\/forma-skaenk-natur\/#primaryimage"},"image":{"@id":"https:\/\/hubsch-interior.com\/da\/vare\/forma-skaenk-natur\/#primaryimage"},"thumbnailUrl":"https:\/\/hubsch-interior.com\/wp-content\/uploads\/2026\/02\/forma-sideboard-natural-1c7f60da0d162b85aa2a88057ab3eb61.jpg","datePublished":"2026-01-31T04:31:47+00:00","dateModified":"2026-04-05T03:27:19+00:00","description":"M\u00f8d Forma Sk\u00e6nken - et imponerende m\u00f8bel fremstillet af FSC-certificeret egetr\u00e6sfiner, der tilf\u00f8rer naturlig varme til dit rum. Med sin karakteristiske","breadcrumb":{"@id":"https:\/\/hubsch-interior.com\/da\/vare\/forma-skaenk-natur\/#breadcrumb"},"inLanguage":"da-DK","potentialAction":[{"@type":"ReadAction","target":["https:\/\/hubsch-interior.com\/da\/vare\/forma-skaenk-natur\/"]}]},{"@type":"ImageObject","inLanguage":"da-DK","@id":"https:\/\/hubsch-interior.com\/da\/vare\/forma-skaenk-natur\/#primaryimage","url":"https:\/\/hubsch-interior.com\/wp-content\/uploads\/2026\/02\/forma-sideboard-natural-1c7f60da0d162b85aa2a88057ab3eb61.jpg","contentUrl":"https:\/\/hubsch-interior.com\/wp-content\/uploads\/2026\/02\/forma-sideboard-natural-1c7f60da0d162b85aa2a88057ab3eb61.jpg","width":1024,"height":1024},{"@type":"BreadcrumbList","@id":"https:\/\/hubsch-interior.com\/da\/vare\/forma-skaenk-natur\/#breadcrumb","itemListElement":[{"@type":"ListItem","position":1,"name":"Forside","item":"https:\/\/hubsch-interior.com\/da\/"},{"@type":"ListItem","position":2,"name":"Produkter","item":"https:\/\/hubsch-interior.com\/da\/produkter\/"},{"@type":"ListItem","position":3,"name":"Forma Sk\u00e6nk Natur"}]},{"@type":"WebSite","@id":"https:\/\/hubsch-interior.com\/da\/#website","url":"https:\/\/hubsch-interior.com\/da\/","name":"H\u00fcbsch","description":"Danish Home Interior and Design","publisher":{"@id":"https:\/\/hubsch-interior.com\/da\/#organization"},"potentialAction":[{"@type":"SearchAction","target":{"@type":"EntryPoint","urlTemplate":"https:\/\/hubsch-interior.com\/da\/?s={search_term_string}"},"query-input":{"@type":"PropertyValueSpecification","valueRequired":true,"valueName":"search_term_string"}}],"inLanguage":"da-DK"},{"@type":"Organization","@id":"https:\/\/hubsch-interior.com\/da\/#organization","name":"H\u00fcbsch","url":"https:\/\/hubsch-interior.com\/da\/","logo":{"@type":"ImageObject","inLanguage":"da-DK","@id":"https:\/\/hubsch-interior.com\/da\/#\/schema\/logo\/image\/","url":"https:\/\/hubsch-interior.com\/wp-content\/uploads\/2022\/12\/Hubsch_logo_black_one_line.svg","contentUrl":"https:\/\/hubsch-interior.com\/wp-content\/uploads\/2022\/12\/Hubsch_logo_black_one_line.svg","caption":"H\u00fcbsch"},"image":{"@id":"https:\/\/hubsch-interior.com\/da\/#\/schema\/logo\/image\/"}}]}},"_links":{"self":[{"href":"https:\/\/hubsch-interior.com\/da\/wp-json\/wp\/v2\/product\/1089691","targetHints":{"allow":["GET"]}}],"collection":[{"href":"https:\/\/hubsch-interior.com\/da\/wp-json\/wp\/v2\/product"}],"about":[{"href":"https:\/\/hubsch-interior.com\/da\/wp-json\/wp\/v2\/types\/product"}],"wp:featuredmedia":[{"embeddable":true,"href":"https:\/\/hubsch-interior.com\/da\/wp-json\/wp\/v2\/media\/1112039"}],"wp:attachment":[{"href":"https:\/\/hubsch-interior.com\/da\/wp-json\/wp\/v2\/media?parent=1089691"}],"wp:term":[{"taxonomy":"product_brand","embeddable":true,"href":"https:\/\/hubsch-interior.com\/da\/wp-json\/wp\/v2\/product_brand?post=1089691"},{"taxonomy":"product_cat","embeddable":true,"href":"https:\/\/hubsch-interior.com\/da\/wp-json\/wp\/v2\/product_cat?post=1089691"},{"taxonomy":"product_tag","embeddable":true,"href":"https:\/\/hubsch-interior.com\/da\/wp-json\/wp\/v2\/product_tag?post=1089691"}],"curies":[{"name":"wp","href":"https:\/\/api.w.org\/{rel}","templated":true}]}}