{"id":1089711,"date":"2026-01-31T05:32:00","date_gmt":"2026-01-31T04:32:00","guid":{"rendered":"https:\/\/hubsch-interior.com\/product\/product\/"},"modified":"2026-04-05T05:27:23","modified_gmt":"2026-04-05T03:27:23","slug":"tona-spisebord-natur","status":"publish","type":"product","link":"https:\/\/hubsch-interior.com\/da\/vare\/tona-spisebord-natur\/","title":{"rendered":"Tona Spisebord Natur"},"content":{"rendered":"<p>Tona Spisebordet forener elegance og daglig funktionalitet. Designet med en raffineret bordplade af egetr\u00e6sfiner og en robust ramme af pulverlakeret metal, tilbyder det b\u00e5de visuel tiltr\u00e6kning og langvarig holdbarhed. Inspireret af den klassiske Shaker-stil, giver dets varme, naturlige toner og rene linjer det en frisk, moderne kant, der passer til ethvert spiseomr\u00e5de. Takket v\u00e6re de centralt placerede ben fungerer det ogs\u00e5 perfekt som et m\u00f8debord\u2014det tilbyder nem adgang og fleksibel siddeplads. Fremstillet af FSC-certificeret tr\u00e6 er Tona et ansvarligt valg, der forener stil med form\u00e5l.<\/p>\n","protected":false},"excerpt":{"rendered":"<p>Tona Spisebordet forener elegance og daglig funktionalitet. Designet med en raffineret bordplade af egetr\u00e6sfiner og en robust ramme af pulverlakeret metal, tilbyder det b\u00e5de visuel tiltr\u00e6kning og langvarig holdbarhed. Inspireret af den klassiske Shaker-stil, giver dets varme, naturlige toner og rene linjer det en frisk, moderne kant, der passer til ethvert spiseomr\u00e5de. Takket v\u00e6re de [&hellip;]<\/p>\n","protected":false},"featured_media":1112071,"template":"","meta":{"_acf_changed":false,"inline_featured_image":false},"product_brand":[],"product_cat":[7153,6321,2857,4214,5045],"product_tag":[],"class_list":{"0":"post-1089711","1":"product","2":"type-product","3":"status-publish","4":"has-post-thumbnail","6":"product_cat-dweller-da","7":"product_cat-fsc-da","8":"product_cat-borde-da","9":"product_cat-spiseborde-da","10":"product_cat-nyheder-da","11":"product_shipping_class-p10","13":"pa_color-natur-2","14":"pa_material-jern-da","15":"pa_material-mdf-da","16":"pa_material-egetrsfiner","18":"first","19":"instock","20":"taxable","21":"shipping-taxable","22":"purchasable","23":"product-type-simple"},"exclude_global_add_ons":[],"addons":[],"acf":[],"yoast_head":"<!-- This site is optimized with the Yoast SEO plugin v26.4 - https:\/\/yoast.com\/wordpress\/plugins\/seo\/ -->\n<title>Tona Spisebord Natur - H\u00fcbsch<\/title>\n<meta name=\"description\" content=\"Tona Spisebordet forener elegance og daglig funktionalitet. Designet med en raffineret bordplade af egetr\u00e6sfiner og en robust ramme af pulverlakeret\" \/>\n<meta name=\"robots\" content=\"index, follow, max-snippet:-1, max-image-preview:large, max-video-preview:-1\" \/>\n<link rel=\"canonical\" href=\"https:\/\/hubsch-interior.com\/da\/wp-json\/wp\/v2\/product\/1089711\" \/>\n<meta property=\"og:locale\" content=\"da_DK\" \/>\n<meta property=\"og:type\" content=\"article\" \/>\n<meta property=\"og:title\" content=\"Tona Spisebord Natur - H\u00fcbsch\" \/>\n<meta property=\"og:description\" content=\"Tona Spisebordet forener elegance og daglig funktionalitet. Designet med en raffineret bordplade af egetr\u00e6sfiner og en robust ramme af pulverlakeret\" \/>\n<meta property=\"og:url\" content=\"https:\/\/hubsch-interior.com\/da\/vare\/tona-spisebord-natur\/\" \/>\n<meta property=\"og:site_name\" content=\"H\u00fcbsch\" \/>\n<meta property=\"article:modified_time\" content=\"2026-04-05T03:27:23+00:00\" \/>\n<meta property=\"og:image\" content=\"https:\/\/hubsch-interior.com\/wp-content\/uploads\/2026\/01\/tona-dining-table-natural-a020c8f70e9d87d768fdf86031953842.jpg\" \/>\n\t<meta property=\"og:image:width\" content=\"1200\" \/>\n\t<meta property=\"og:image:height\" content=\"1200\" \/>\n\t<meta property=\"og:image:type\" content=\"image\/jpeg\" \/>\n<meta name=\"twitter:card\" content=\"summary_large_image\" \/>\n<script type=\"application\/ld+json\" class=\"yoast-schema-graph\">{\"@context\":\"https:\/\/schema.org\",\"@graph\":[{\"@type\":\"WebPage\",\"@id\":\"https:\/\/hubsch-interior.com\/da\/vare\/tona-spisebord-natur\/\",\"url\":\"https:\/\/hubsch-interior.com\/da\/vare\/tona-spisebord-natur\/\",\"name\":\"Tona Spisebord Natur - H\u00fcbsch\",\"isPartOf\":{\"@id\":\"https:\/\/hubsch-interior.com\/da\/#website\"},\"primaryImageOfPage\":{\"@id\":\"https:\/\/hubsch-interior.com\/da\/vare\/tona-spisebord-natur\/#primaryimage\"},\"image\":{\"@id\":\"https:\/\/hubsch-interior.com\/da\/vare\/tona-spisebord-natur\/#primaryimage\"},\"thumbnailUrl\":\"https:\/\/hubsch-interior.com\/wp-content\/uploads\/2026\/02\/tona-dining-table-natural-0f9d05c9c245d102a577d66c98a0e642.jpg\",\"datePublished\":\"2026-01-31T04:32:00+00:00\",\"dateModified\":\"2026-04-05T03:27:23+00:00\",\"description\":\"Tona Spisebordet forener elegance og daglig funktionalitet. Designet med en raffineret bordplade af egetr\u00e6sfiner og en robust ramme af pulverlakeret\",\"breadcrumb\":{\"@id\":\"https:\/\/hubsch-interior.com\/da\/vare\/tona-spisebord-natur\/#breadcrumb\"},\"inLanguage\":\"da-DK\",\"potentialAction\":[{\"@type\":\"ReadAction\",\"target\":[\"https:\/\/hubsch-interior.com\/da\/vare\/tona-spisebord-natur\/\"]}]},{\"@type\":\"ImageObject\",\"inLanguage\":\"da-DK\",\"@id\":\"https:\/\/hubsch-interior.com\/da\/vare\/tona-spisebord-natur\/#primaryimage\",\"url\":\"https:\/\/hubsch-interior.com\/wp-content\/uploads\/2026\/02\/tona-dining-table-natural-0f9d05c9c245d102a577d66c98a0e642.jpg\",\"contentUrl\":\"https:\/\/hubsch-interior.com\/wp-content\/uploads\/2026\/02\/tona-dining-table-natural-0f9d05c9c245d102a577d66c98a0e642.jpg\",\"width\":1024,\"height\":1024},{\"@type\":\"BreadcrumbList\",\"@id\":\"https:\/\/hubsch-interior.com\/da\/vare\/tona-spisebord-natur\/#breadcrumb\",\"itemListElement\":[{\"@type\":\"ListItem\",\"position\":1,\"name\":\"Forside\",\"item\":\"https:\/\/hubsch-interior.com\/da\/\"},{\"@type\":\"ListItem\",\"position\":2,\"name\":\"Produkter\",\"item\":\"https:\/\/hubsch-interior.com\/da\/produkter\/\"},{\"@type\":\"ListItem\",\"position\":3,\"name\":\"Tona Spisebord Natur\"}]},{\"@type\":\"WebSite\",\"@id\":\"https:\/\/hubsch-interior.com\/da\/#website\",\"url\":\"https:\/\/hubsch-interior.com\/da\/\",\"name\":\"H\u00fcbsch\",\"description\":\"Danish Home Interior and Design\",\"publisher\":{\"@id\":\"https:\/\/hubsch-interior.com\/da\/#organization\"},\"potentialAction\":[{\"@type\":\"SearchAction\",\"target\":{\"@type\":\"EntryPoint\",\"urlTemplate\":\"https:\/\/hubsch-interior.com\/da\/?s={search_term_string}\"},\"query-input\":{\"@type\":\"PropertyValueSpecification\",\"valueRequired\":true,\"valueName\":\"search_term_string\"}}],\"inLanguage\":\"da-DK\"},{\"@type\":\"Organization\",\"@id\":\"https:\/\/hubsch-interior.com\/da\/#organization\",\"name\":\"H\u00fcbsch\",\"url\":\"https:\/\/hubsch-interior.com\/da\/\",\"logo\":{\"@type\":\"ImageObject\",\"inLanguage\":\"da-DK\",\"@id\":\"https:\/\/hubsch-interior.com\/da\/#\/schema\/logo\/image\/\",\"url\":\"https:\/\/hubsch-interior.com\/wp-content\/uploads\/2022\/12\/Hubsch_logo_black_one_line.svg\",\"contentUrl\":\"https:\/\/hubsch-interior.com\/wp-content\/uploads\/2022\/12\/Hubsch_logo_black_one_line.svg\",\"caption\":\"H\u00fcbsch\"},\"image\":{\"@id\":\"https:\/\/hubsch-interior.com\/da\/#\/schema\/logo\/image\/\"}}]}<\/script>\n<!-- \/ Yoast SEO plugin. -->","yoast_head_json":{"title":"Tona Spisebord Natur - H\u00fcbsch","description":"Tona Spisebordet forener elegance og daglig funktionalitet. Designet med en raffineret bordplade af egetr\u00e6sfiner og en robust ramme af pulverlakeret","robots":{"index":"index","follow":"follow","max-snippet":"max-snippet:-1","max-image-preview":"max-image-preview:large","max-video-preview":"max-video-preview:-1"},"canonical":"https:\/\/hubsch-interior.com\/da\/wp-json\/wp\/v2\/product\/1089711","og_locale":"da_DK","og_type":"article","og_title":"Tona Spisebord Natur - H\u00fcbsch","og_description":"Tona Spisebordet forener elegance og daglig funktionalitet. Designet med en raffineret bordplade af egetr\u00e6sfiner og en robust ramme af pulverlakeret","og_url":"https:\/\/hubsch-interior.com\/da\/vare\/tona-spisebord-natur\/","og_site_name":"H\u00fcbsch","article_modified_time":"2026-04-05T03:27:23+00:00","og_image":[{"width":1200,"height":1200,"url":"https:\/\/hubsch-interior.com\/wp-content\/uploads\/2026\/01\/tona-dining-table-natural-a020c8f70e9d87d768fdf86031953842.jpg","type":"image\/jpeg"}],"twitter_card":"summary_large_image","schema":{"@context":"https:\/\/schema.org","@graph":[{"@type":"WebPage","@id":"https:\/\/hubsch-interior.com\/da\/vare\/tona-spisebord-natur\/","url":"https:\/\/hubsch-interior.com\/da\/vare\/tona-spisebord-natur\/","name":"Tona Spisebord Natur - H\u00fcbsch","isPartOf":{"@id":"https:\/\/hubsch-interior.com\/da\/#website"},"primaryImageOfPage":{"@id":"https:\/\/hubsch-interior.com\/da\/vare\/tona-spisebord-natur\/#primaryimage"},"image":{"@id":"https:\/\/hubsch-interior.com\/da\/vare\/tona-spisebord-natur\/#primaryimage"},"thumbnailUrl":"https:\/\/hubsch-interior.com\/wp-content\/uploads\/2026\/02\/tona-dining-table-natural-0f9d05c9c245d102a577d66c98a0e642.jpg","datePublished":"2026-01-31T04:32:00+00:00","dateModified":"2026-04-05T03:27:23+00:00","description":"Tona Spisebordet forener elegance og daglig funktionalitet. Designet med en raffineret bordplade af egetr\u00e6sfiner og en robust ramme af pulverlakeret","breadcrumb":{"@id":"https:\/\/hubsch-interior.com\/da\/vare\/tona-spisebord-natur\/#breadcrumb"},"inLanguage":"da-DK","potentialAction":[{"@type":"ReadAction","target":["https:\/\/hubsch-interior.com\/da\/vare\/tona-spisebord-natur\/"]}]},{"@type":"ImageObject","inLanguage":"da-DK","@id":"https:\/\/hubsch-interior.com\/da\/vare\/tona-spisebord-natur\/#primaryimage","url":"https:\/\/hubsch-interior.com\/wp-content\/uploads\/2026\/02\/tona-dining-table-natural-0f9d05c9c245d102a577d66c98a0e642.jpg","contentUrl":"https:\/\/hubsch-interior.com\/wp-content\/uploads\/2026\/02\/tona-dining-table-natural-0f9d05c9c245d102a577d66c98a0e642.jpg","width":1024,"height":1024},{"@type":"BreadcrumbList","@id":"https:\/\/hubsch-interior.com\/da\/vare\/tona-spisebord-natur\/#breadcrumb","itemListElement":[{"@type":"ListItem","position":1,"name":"Forside","item":"https:\/\/hubsch-interior.com\/da\/"},{"@type":"ListItem","position":2,"name":"Produkter","item":"https:\/\/hubsch-interior.com\/da\/produkter\/"},{"@type":"ListItem","position":3,"name":"Tona Spisebord Natur"}]},{"@type":"WebSite","@id":"https:\/\/hubsch-interior.com\/da\/#website","url":"https:\/\/hubsch-interior.com\/da\/","name":"H\u00fcbsch","description":"Danish Home Interior and Design","publisher":{"@id":"https:\/\/hubsch-interior.com\/da\/#organization"},"potentialAction":[{"@type":"SearchAction","target":{"@type":"EntryPoint","urlTemplate":"https:\/\/hubsch-interior.com\/da\/?s={search_term_string}"},"query-input":{"@type":"PropertyValueSpecification","valueRequired":true,"valueName":"search_term_string"}}],"inLanguage":"da-DK"},{"@type":"Organization","@id":"https:\/\/hubsch-interior.com\/da\/#organization","name":"H\u00fcbsch","url":"https:\/\/hubsch-interior.com\/da\/","logo":{"@type":"ImageObject","inLanguage":"da-DK","@id":"https:\/\/hubsch-interior.com\/da\/#\/schema\/logo\/image\/","url":"https:\/\/hubsch-interior.com\/wp-content\/uploads\/2022\/12\/Hubsch_logo_black_one_line.svg","contentUrl":"https:\/\/hubsch-interior.com\/wp-content\/uploads\/2022\/12\/Hubsch_logo_black_one_line.svg","caption":"H\u00fcbsch"},"image":{"@id":"https:\/\/hubsch-interior.com\/da\/#\/schema\/logo\/image\/"}}]}},"_links":{"self":[{"href":"https:\/\/hubsch-interior.com\/da\/wp-json\/wp\/v2\/product\/1089711","targetHints":{"allow":["GET"]}}],"collection":[{"href":"https:\/\/hubsch-interior.com\/da\/wp-json\/wp\/v2\/product"}],"about":[{"href":"https:\/\/hubsch-interior.com\/da\/wp-json\/wp\/v2\/types\/product"}],"wp:featuredmedia":[{"embeddable":true,"href":"https:\/\/hubsch-interior.com\/da\/wp-json\/wp\/v2\/media\/1112071"}],"wp:attachment":[{"href":"https:\/\/hubsch-interior.com\/da\/wp-json\/wp\/v2\/media?parent=1089711"}],"wp:term":[{"taxonomy":"product_brand","embeddable":true,"href":"https:\/\/hubsch-interior.com\/da\/wp-json\/wp\/v2\/product_brand?post=1089711"},{"taxonomy":"product_cat","embeddable":true,"href":"https:\/\/hubsch-interior.com\/da\/wp-json\/wp\/v2\/product_cat?post=1089711"},{"taxonomy":"product_tag","embeddable":true,"href":"https:\/\/hubsch-interior.com\/da\/wp-json\/wp\/v2\/product_tag?post=1089711"}],"curies":[{"name":"wp","href":"https:\/\/api.w.org\/{rel}","templated":true}]}}