{"id":1089779,"date":"2026-01-31T05:32:27","date_gmt":"2026-01-31T04:32:27","guid":{"rendered":"https:\/\/hubsch-interior.com\/product\/product\/"},"modified":"2026-04-05T05:27:31","modified_gmt":"2026-04-05T03:27:31","slug":"hock-spisestol-sort","status":"publish","type":"product","link":"https:\/\/hubsch-interior.com\/da\/vare\/hock-spisestol-sort\/","title":{"rendered":"Hock Spisestol Sort"},"content":{"rendered":"<p>Hock Spisestol er et fyrt\u00e5rn inden for enkel og klassisk design. Tilg\u00e6ngelig i en elegant sort variant lover denne stol ikke kun stil, men ogs\u00e5 en forpligtelse til milj\u00f8ansvarlighed med sin FSC-certificerede tr\u00e6konstruktion. Perfekt egnet til dit spisestue, tilbyder Hock Spisestol et s\u00e6de og rygl\u00e6n fremstillet af uds\u00f8gt eg, der forbedrer enhver indretning med sin tidl\u00f8se tiltr\u00e6kning. V\u00e6lg dette m\u00f8bel for en blanding af sofistikation og etisk h\u00e5ndv\u00e6rk i dit hjem.<\/p>\n","protected":false},"excerpt":{"rendered":"<p>Hock Spisestol er et fyrt\u00e5rn inden for enkel og klassisk design. Tilg\u00e6ngelig i en elegant sort variant lover denne stol ikke kun stil, men ogs\u00e5 en forpligtelse til milj\u00f8ansvarlighed med sin FSC-certificerede tr\u00e6konstruktion. Perfekt egnet til dit spisestue, tilbyder Hock Spisestol et s\u00e6de og rygl\u00e6n fremstillet af uds\u00f8gt eg, der forbedrer enhver indretning med sin [&hellip;]<\/p>\n","protected":false},"featured_media":1112119,"template":"","meta":{"_acf_changed":false,"inline_featured_image":false},"product_brand":[],"product_cat":[7153,6321,2841,5449,5045],"product_tag":[],"class_list":{"0":"post-1089779","1":"product","2":"type-product","3":"status-publish","4":"has-post-thumbnail","6":"product_cat-dweller-da","7":"product_cat-fsc-da","8":"product_cat-siddemoebler-da","9":"product_cat-spisestole-da","10":"product_cat-nyheder-da","11":"product_shipping_class-pk","13":"pa_color-sort","14":"pa_material-jern-da","15":"pa_material-mdf-da","16":"pa_material-egetrsfiner","18":"first","19":"instock","20":"taxable","21":"shipping-taxable","22":"purchasable","23":"product-type-simple"},"exclude_global_add_ons":[],"addons":[],"acf":[],"yoast_head":"<!-- This site is optimized with the Yoast SEO plugin v26.4 - https:\/\/yoast.com\/wordpress\/plugins\/seo\/ -->\n<title>Hock Spisestol Sort - H\u00fcbsch<\/title>\n<meta name=\"description\" content=\"Hock Spisestol er et fyrt\u00e5rn inden for enkel og klassisk design. Tilg\u00e6ngelig i en elegant sort variant lover denne stol ikke kun stil, men ogs\u00e5 en\" \/>\n<meta name=\"robots\" content=\"index, follow, max-snippet:-1, max-image-preview:large, max-video-preview:-1\" \/>\n<link rel=\"canonical\" href=\"https:\/\/hubsch-interior.com\/da\/wp-json\/wp\/v2\/product\/1089779\" \/>\n<meta property=\"og:locale\" content=\"da_DK\" \/>\n<meta property=\"og:type\" content=\"article\" \/>\n<meta property=\"og:title\" content=\"Hock Spisestol Sort - H\u00fcbsch\" \/>\n<meta property=\"og:description\" content=\"Hock Spisestol er et fyrt\u00e5rn inden for enkel og klassisk design. Tilg\u00e6ngelig i en elegant sort variant lover denne stol ikke kun stil, men ogs\u00e5 en\" \/>\n<meta property=\"og:url\" content=\"https:\/\/hubsch-interior.com\/da\/vare\/hock-spisestol-sort\/\" \/>\n<meta property=\"og:site_name\" content=\"H\u00fcbsch\" \/>\n<meta property=\"article:modified_time\" content=\"2026-04-05T03:27:31+00:00\" \/>\n<meta property=\"og:image\" content=\"https:\/\/hubsch-interior.com\/wp-content\/uploads\/2026\/01\/hock-dining-chair-black-545d8031c6c9f3273a13094282b5cc92.jpg\" \/>\n\t<meta property=\"og:image:width\" content=\"1200\" \/>\n\t<meta property=\"og:image:height\" content=\"1200\" \/>\n\t<meta property=\"og:image:type\" content=\"image\/jpeg\" \/>\n<meta name=\"twitter:card\" content=\"summary_large_image\" \/>\n<script type=\"application\/ld+json\" class=\"yoast-schema-graph\">{\"@context\":\"https:\/\/schema.org\",\"@graph\":[{\"@type\":\"WebPage\",\"@id\":\"https:\/\/hubsch-interior.com\/da\/vare\/hock-spisestol-sort\/\",\"url\":\"https:\/\/hubsch-interior.com\/da\/vare\/hock-spisestol-sort\/\",\"name\":\"Hock Spisestol Sort - H\u00fcbsch\",\"isPartOf\":{\"@id\":\"https:\/\/hubsch-interior.com\/da\/#website\"},\"primaryImageOfPage\":{\"@id\":\"https:\/\/hubsch-interior.com\/da\/vare\/hock-spisestol-sort\/#primaryimage\"},\"image\":{\"@id\":\"https:\/\/hubsch-interior.com\/da\/vare\/hock-spisestol-sort\/#primaryimage\"},\"thumbnailUrl\":\"https:\/\/hubsch-interior.com\/wp-content\/uploads\/2026\/02\/hock-dining-chair-black-d45fe1d711ac37883c1371a9c497ac14.jpg\",\"datePublished\":\"2026-01-31T04:32:27+00:00\",\"dateModified\":\"2026-04-05T03:27:31+00:00\",\"description\":\"Hock Spisestol er et fyrt\u00e5rn inden for enkel og klassisk design. Tilg\u00e6ngelig i en elegant sort variant lover denne stol ikke kun stil, men ogs\u00e5 en\",\"breadcrumb\":{\"@id\":\"https:\/\/hubsch-interior.com\/da\/vare\/hock-spisestol-sort\/#breadcrumb\"},\"inLanguage\":\"da-DK\",\"potentialAction\":[{\"@type\":\"ReadAction\",\"target\":[\"https:\/\/hubsch-interior.com\/da\/vare\/hock-spisestol-sort\/\"]}]},{\"@type\":\"ImageObject\",\"inLanguage\":\"da-DK\",\"@id\":\"https:\/\/hubsch-interior.com\/da\/vare\/hock-spisestol-sort\/#primaryimage\",\"url\":\"https:\/\/hubsch-interior.com\/wp-content\/uploads\/2026\/02\/hock-dining-chair-black-d45fe1d711ac37883c1371a9c497ac14.jpg\",\"contentUrl\":\"https:\/\/hubsch-interior.com\/wp-content\/uploads\/2026\/02\/hock-dining-chair-black-d45fe1d711ac37883c1371a9c497ac14.jpg\",\"width\":1024,\"height\":1024},{\"@type\":\"BreadcrumbList\",\"@id\":\"https:\/\/hubsch-interior.com\/da\/vare\/hock-spisestol-sort\/#breadcrumb\",\"itemListElement\":[{\"@type\":\"ListItem\",\"position\":1,\"name\":\"Forside\",\"item\":\"https:\/\/hubsch-interior.com\/da\/\"},{\"@type\":\"ListItem\",\"position\":2,\"name\":\"Produkter\",\"item\":\"https:\/\/hubsch-interior.com\/da\/produkter\/\"},{\"@type\":\"ListItem\",\"position\":3,\"name\":\"Hock Spisestol Sort\"}]},{\"@type\":\"WebSite\",\"@id\":\"https:\/\/hubsch-interior.com\/da\/#website\",\"url\":\"https:\/\/hubsch-interior.com\/da\/\",\"name\":\"H\u00fcbsch\",\"description\":\"Danish Home Interior and Design\",\"publisher\":{\"@id\":\"https:\/\/hubsch-interior.com\/da\/#organization\"},\"potentialAction\":[{\"@type\":\"SearchAction\",\"target\":{\"@type\":\"EntryPoint\",\"urlTemplate\":\"https:\/\/hubsch-interior.com\/da\/?s={search_term_string}\"},\"query-input\":{\"@type\":\"PropertyValueSpecification\",\"valueRequired\":true,\"valueName\":\"search_term_string\"}}],\"inLanguage\":\"da-DK\"},{\"@type\":\"Organization\",\"@id\":\"https:\/\/hubsch-interior.com\/da\/#organization\",\"name\":\"H\u00fcbsch\",\"url\":\"https:\/\/hubsch-interior.com\/da\/\",\"logo\":{\"@type\":\"ImageObject\",\"inLanguage\":\"da-DK\",\"@id\":\"https:\/\/hubsch-interior.com\/da\/#\/schema\/logo\/image\/\",\"url\":\"https:\/\/hubsch-interior.com\/wp-content\/uploads\/2022\/12\/Hubsch_logo_black_one_line.svg\",\"contentUrl\":\"https:\/\/hubsch-interior.com\/wp-content\/uploads\/2022\/12\/Hubsch_logo_black_one_line.svg\",\"caption\":\"H\u00fcbsch\"},\"image\":{\"@id\":\"https:\/\/hubsch-interior.com\/da\/#\/schema\/logo\/image\/\"}}]}<\/script>\n<!-- \/ Yoast SEO plugin. -->","yoast_head_json":{"title":"Hock Spisestol Sort - H\u00fcbsch","description":"Hock Spisestol er et fyrt\u00e5rn inden for enkel og klassisk design. Tilg\u00e6ngelig i en elegant sort variant lover denne stol ikke kun stil, men ogs\u00e5 en","robots":{"index":"index","follow":"follow","max-snippet":"max-snippet:-1","max-image-preview":"max-image-preview:large","max-video-preview":"max-video-preview:-1"},"canonical":"https:\/\/hubsch-interior.com\/da\/wp-json\/wp\/v2\/product\/1089779","og_locale":"da_DK","og_type":"article","og_title":"Hock Spisestol Sort - H\u00fcbsch","og_description":"Hock Spisestol er et fyrt\u00e5rn inden for enkel og klassisk design. Tilg\u00e6ngelig i en elegant sort variant lover denne stol ikke kun stil, men ogs\u00e5 en","og_url":"https:\/\/hubsch-interior.com\/da\/vare\/hock-spisestol-sort\/","og_site_name":"H\u00fcbsch","article_modified_time":"2026-04-05T03:27:31+00:00","og_image":[{"width":1200,"height":1200,"url":"https:\/\/hubsch-interior.com\/wp-content\/uploads\/2026\/01\/hock-dining-chair-black-545d8031c6c9f3273a13094282b5cc92.jpg","type":"image\/jpeg"}],"twitter_card":"summary_large_image","schema":{"@context":"https:\/\/schema.org","@graph":[{"@type":"WebPage","@id":"https:\/\/hubsch-interior.com\/da\/vare\/hock-spisestol-sort\/","url":"https:\/\/hubsch-interior.com\/da\/vare\/hock-spisestol-sort\/","name":"Hock Spisestol Sort - H\u00fcbsch","isPartOf":{"@id":"https:\/\/hubsch-interior.com\/da\/#website"},"primaryImageOfPage":{"@id":"https:\/\/hubsch-interior.com\/da\/vare\/hock-spisestol-sort\/#primaryimage"},"image":{"@id":"https:\/\/hubsch-interior.com\/da\/vare\/hock-spisestol-sort\/#primaryimage"},"thumbnailUrl":"https:\/\/hubsch-interior.com\/wp-content\/uploads\/2026\/02\/hock-dining-chair-black-d45fe1d711ac37883c1371a9c497ac14.jpg","datePublished":"2026-01-31T04:32:27+00:00","dateModified":"2026-04-05T03:27:31+00:00","description":"Hock Spisestol er et fyrt\u00e5rn inden for enkel og klassisk design. Tilg\u00e6ngelig i en elegant sort variant lover denne stol ikke kun stil, men ogs\u00e5 en","breadcrumb":{"@id":"https:\/\/hubsch-interior.com\/da\/vare\/hock-spisestol-sort\/#breadcrumb"},"inLanguage":"da-DK","potentialAction":[{"@type":"ReadAction","target":["https:\/\/hubsch-interior.com\/da\/vare\/hock-spisestol-sort\/"]}]},{"@type":"ImageObject","inLanguage":"da-DK","@id":"https:\/\/hubsch-interior.com\/da\/vare\/hock-spisestol-sort\/#primaryimage","url":"https:\/\/hubsch-interior.com\/wp-content\/uploads\/2026\/02\/hock-dining-chair-black-d45fe1d711ac37883c1371a9c497ac14.jpg","contentUrl":"https:\/\/hubsch-interior.com\/wp-content\/uploads\/2026\/02\/hock-dining-chair-black-d45fe1d711ac37883c1371a9c497ac14.jpg","width":1024,"height":1024},{"@type":"BreadcrumbList","@id":"https:\/\/hubsch-interior.com\/da\/vare\/hock-spisestol-sort\/#breadcrumb","itemListElement":[{"@type":"ListItem","position":1,"name":"Forside","item":"https:\/\/hubsch-interior.com\/da\/"},{"@type":"ListItem","position":2,"name":"Produkter","item":"https:\/\/hubsch-interior.com\/da\/produkter\/"},{"@type":"ListItem","position":3,"name":"Hock Spisestol Sort"}]},{"@type":"WebSite","@id":"https:\/\/hubsch-interior.com\/da\/#website","url":"https:\/\/hubsch-interior.com\/da\/","name":"H\u00fcbsch","description":"Danish Home Interior and Design","publisher":{"@id":"https:\/\/hubsch-interior.com\/da\/#organization"},"potentialAction":[{"@type":"SearchAction","target":{"@type":"EntryPoint","urlTemplate":"https:\/\/hubsch-interior.com\/da\/?s={search_term_string}"},"query-input":{"@type":"PropertyValueSpecification","valueRequired":true,"valueName":"search_term_string"}}],"inLanguage":"da-DK"},{"@type":"Organization","@id":"https:\/\/hubsch-interior.com\/da\/#organization","name":"H\u00fcbsch","url":"https:\/\/hubsch-interior.com\/da\/","logo":{"@type":"ImageObject","inLanguage":"da-DK","@id":"https:\/\/hubsch-interior.com\/da\/#\/schema\/logo\/image\/","url":"https:\/\/hubsch-interior.com\/wp-content\/uploads\/2022\/12\/Hubsch_logo_black_one_line.svg","contentUrl":"https:\/\/hubsch-interior.com\/wp-content\/uploads\/2022\/12\/Hubsch_logo_black_one_line.svg","caption":"H\u00fcbsch"},"image":{"@id":"https:\/\/hubsch-interior.com\/da\/#\/schema\/logo\/image\/"}}]}},"_links":{"self":[{"href":"https:\/\/hubsch-interior.com\/da\/wp-json\/wp\/v2\/product\/1089779","targetHints":{"allow":["GET"]}}],"collection":[{"href":"https:\/\/hubsch-interior.com\/da\/wp-json\/wp\/v2\/product"}],"about":[{"href":"https:\/\/hubsch-interior.com\/da\/wp-json\/wp\/v2\/types\/product"}],"wp:featuredmedia":[{"embeddable":true,"href":"https:\/\/hubsch-interior.com\/da\/wp-json\/wp\/v2\/media\/1112119"}],"wp:attachment":[{"href":"https:\/\/hubsch-interior.com\/da\/wp-json\/wp\/v2\/media?parent=1089779"}],"wp:term":[{"taxonomy":"product_brand","embeddable":true,"href":"https:\/\/hubsch-interior.com\/da\/wp-json\/wp\/v2\/product_brand?post=1089779"},{"taxonomy":"product_cat","embeddable":true,"href":"https:\/\/hubsch-interior.com\/da\/wp-json\/wp\/v2\/product_cat?post=1089779"},{"taxonomy":"product_tag","embeddable":true,"href":"https:\/\/hubsch-interior.com\/da\/wp-json\/wp\/v2\/product_tag?post=1089779"}],"curies":[{"name":"wp","href":"https:\/\/api.w.org\/{rel}","templated":true}]}}