{"id":1089803,"date":"2026-01-31T05:32:39","date_gmt":"2026-01-31T04:32:39","guid":{"rendered":"https:\/\/hubsch-interior.com\/product\/product\/"},"modified":"2026-04-06T05:21:28","modified_gmt":"2026-04-06T03:21:28","slug":"hock-spisebord-sort","status":"publish","type":"product","link":"https:\/\/hubsch-interior.com\/da\/vare\/hock-spisebord-sort\/","title":{"rendered":"Hock Spisebord Sort"},"content":{"rendered":"<p>Samler dine k\u00e6re omkring det fremragende Hock Spisebord, et charmerende midtpunkt i ethvert spisestue. Fremstillet af FSC-certificeret tr\u00e6, dette bord pr\u00e6senterer sig i en i\u00f8jnefaldende sort farve, med en malet bordplade der elegant fremh\u00e6ver tr\u00e6ets naturlige \u00e5rem\u00f8nster. St\u00e6rkt og stabilt lover det at v\u00e6re v\u00e6rt for utallige middagsselskaber og familie m\u00e5ltider, og bliver hjemmets hjerte, hvor minder skabes og latteren klinger.<\/p>\n","protected":false},"excerpt":{"rendered":"<p>Samler dine k\u00e6re omkring det fremragende Hock Spisebord, et charmerende midtpunkt i ethvert spisestue. Fremstillet af FSC-certificeret tr\u00e6, dette bord pr\u00e6senterer sig i en i\u00f8jnefaldende sort farve, med en malet bordplade der elegant fremh\u00e6ver tr\u00e6ets naturlige \u00e5rem\u00f8nster. St\u00e6rkt og stabilt lover det at v\u00e6re v\u00e6rt for utallige middagsselskaber og familie m\u00e5ltider, og bliver hjemmets hjerte, [&hellip;]<\/p>\n","protected":false},"featured_media":1112151,"template":"","meta":{"_acf_changed":false,"inline_featured_image":false},"product_brand":[],"product_cat":[2857,7153,6321,5045,4214],"product_tag":[],"class_list":{"0":"post-1089803","1":"product","2":"type-product","3":"status-publish","4":"has-post-thumbnail","6":"product_cat-borde-da","7":"product_cat-dweller-da","8":"product_cat-fsc-da","9":"product_cat-nyheder-da","10":"product_cat-spiseborde-da","11":"product_shipping_class-p10","13":"pa_color-sort","14":"pa_material-askfiner","15":"pa_material-jern-da","16":"pa_material-mdf-da","18":"first","19":"instock","20":"taxable","21":"shipping-taxable","22":"purchasable","23":"product-type-simple"},"exclude_global_add_ons":[],"addons":[],"acf":[],"yoast_head":"<!-- This site is optimized with the Yoast SEO plugin v26.4 - https:\/\/yoast.com\/wordpress\/plugins\/seo\/ -->\n<title>Hock Spisebord Sort - H\u00fcbsch<\/title>\n<meta name=\"description\" content=\"Samler dine k\u00e6re omkring det fremragende Hock Spisebord, et charmerende midtpunkt i ethvert spisestue. Fremstillet af FSC-certificeret tr\u00e6, dette bord\" \/>\n<meta name=\"robots\" content=\"index, follow, max-snippet:-1, max-image-preview:large, max-video-preview:-1\" \/>\n<link rel=\"canonical\" href=\"https:\/\/hubsch-interior.com\/da\/wp-json\/wp\/v2\/product\/1089803\" \/>\n<meta property=\"og:locale\" content=\"da_DK\" \/>\n<meta property=\"og:type\" content=\"article\" \/>\n<meta property=\"og:title\" content=\"Hock Spisebord Sort - H\u00fcbsch\" \/>\n<meta property=\"og:description\" content=\"Samler dine k\u00e6re omkring det fremragende Hock Spisebord, et charmerende midtpunkt i ethvert spisestue. Fremstillet af FSC-certificeret tr\u00e6, dette bord\" \/>\n<meta property=\"og:url\" content=\"https:\/\/hubsch-interior.com\/da\/vare\/hock-spisebord-sort\/\" \/>\n<meta property=\"og:site_name\" content=\"H\u00fcbsch\" \/>\n<meta property=\"article:modified_time\" content=\"2026-04-06T03:21:28+00:00\" \/>\n<meta property=\"og:image\" content=\"https:\/\/hubsch-interior.com\/wp-content\/uploads\/2026\/01\/hock-dining-table-black-7bc0e9035895dcce6a7b54de90fbfb44.jpg\" \/>\n\t<meta property=\"og:image:width\" content=\"1200\" \/>\n\t<meta property=\"og:image:height\" content=\"1200\" \/>\n\t<meta property=\"og:image:type\" content=\"image\/jpeg\" \/>\n<meta name=\"twitter:card\" content=\"summary_large_image\" \/>\n<script type=\"application\/ld+json\" class=\"yoast-schema-graph\">{\"@context\":\"https:\/\/schema.org\",\"@graph\":[{\"@type\":\"WebPage\",\"@id\":\"https:\/\/hubsch-interior.com\/da\/vare\/hock-spisebord-sort\/\",\"url\":\"https:\/\/hubsch-interior.com\/da\/vare\/hock-spisebord-sort\/\",\"name\":\"Hock Spisebord Sort - H\u00fcbsch\",\"isPartOf\":{\"@id\":\"https:\/\/hubsch-interior.com\/da\/#website\"},\"primaryImageOfPage\":{\"@id\":\"https:\/\/hubsch-interior.com\/da\/vare\/hock-spisebord-sort\/#primaryimage\"},\"image\":{\"@id\":\"https:\/\/hubsch-interior.com\/da\/vare\/hock-spisebord-sort\/#primaryimage\"},\"thumbnailUrl\":\"https:\/\/hubsch-interior.com\/wp-content\/uploads\/2026\/02\/hock-dining-table-black-a51fd7f64f978a68d5b78d682d4359a0.jpg\",\"datePublished\":\"2026-01-31T04:32:39+00:00\",\"dateModified\":\"2026-04-06T03:21:28+00:00\",\"description\":\"Samler dine k\u00e6re omkring det fremragende Hock Spisebord, et charmerende midtpunkt i ethvert spisestue. Fremstillet af FSC-certificeret tr\u00e6, dette bord\",\"breadcrumb\":{\"@id\":\"https:\/\/hubsch-interior.com\/da\/vare\/hock-spisebord-sort\/#breadcrumb\"},\"inLanguage\":\"da-DK\",\"potentialAction\":[{\"@type\":\"ReadAction\",\"target\":[\"https:\/\/hubsch-interior.com\/da\/vare\/hock-spisebord-sort\/\"]}]},{\"@type\":\"ImageObject\",\"inLanguage\":\"da-DK\",\"@id\":\"https:\/\/hubsch-interior.com\/da\/vare\/hock-spisebord-sort\/#primaryimage\",\"url\":\"https:\/\/hubsch-interior.com\/wp-content\/uploads\/2026\/02\/hock-dining-table-black-a51fd7f64f978a68d5b78d682d4359a0.jpg\",\"contentUrl\":\"https:\/\/hubsch-interior.com\/wp-content\/uploads\/2026\/02\/hock-dining-table-black-a51fd7f64f978a68d5b78d682d4359a0.jpg\",\"width\":1024,\"height\":1024},{\"@type\":\"BreadcrumbList\",\"@id\":\"https:\/\/hubsch-interior.com\/da\/vare\/hock-spisebord-sort\/#breadcrumb\",\"itemListElement\":[{\"@type\":\"ListItem\",\"position\":1,\"name\":\"Forside\",\"item\":\"https:\/\/hubsch-interior.com\/da\/\"},{\"@type\":\"ListItem\",\"position\":2,\"name\":\"Produkter\",\"item\":\"https:\/\/hubsch-interior.com\/da\/produkter\/\"},{\"@type\":\"ListItem\",\"position\":3,\"name\":\"Hock Spisebord Sort\"}]},{\"@type\":\"WebSite\",\"@id\":\"https:\/\/hubsch-interior.com\/da\/#website\",\"url\":\"https:\/\/hubsch-interior.com\/da\/\",\"name\":\"H\u00fcbsch\",\"description\":\"Danish Home Interior and Design\",\"publisher\":{\"@id\":\"https:\/\/hubsch-interior.com\/da\/#organization\"},\"potentialAction\":[{\"@type\":\"SearchAction\",\"target\":{\"@type\":\"EntryPoint\",\"urlTemplate\":\"https:\/\/hubsch-interior.com\/da\/?s={search_term_string}\"},\"query-input\":{\"@type\":\"PropertyValueSpecification\",\"valueRequired\":true,\"valueName\":\"search_term_string\"}}],\"inLanguage\":\"da-DK\"},{\"@type\":\"Organization\",\"@id\":\"https:\/\/hubsch-interior.com\/da\/#organization\",\"name\":\"H\u00fcbsch\",\"url\":\"https:\/\/hubsch-interior.com\/da\/\",\"logo\":{\"@type\":\"ImageObject\",\"inLanguage\":\"da-DK\",\"@id\":\"https:\/\/hubsch-interior.com\/da\/#\/schema\/logo\/image\/\",\"url\":\"https:\/\/hubsch-interior.com\/wp-content\/uploads\/2022\/12\/Hubsch_logo_black_one_line.svg\",\"contentUrl\":\"https:\/\/hubsch-interior.com\/wp-content\/uploads\/2022\/12\/Hubsch_logo_black_one_line.svg\",\"caption\":\"H\u00fcbsch\"},\"image\":{\"@id\":\"https:\/\/hubsch-interior.com\/da\/#\/schema\/logo\/image\/\"}}]}<\/script>\n<!-- \/ Yoast SEO plugin. -->","yoast_head_json":{"title":"Hock Spisebord Sort - H\u00fcbsch","description":"Samler dine k\u00e6re omkring det fremragende Hock Spisebord, et charmerende midtpunkt i ethvert spisestue. Fremstillet af FSC-certificeret tr\u00e6, dette bord","robots":{"index":"index","follow":"follow","max-snippet":"max-snippet:-1","max-image-preview":"max-image-preview:large","max-video-preview":"max-video-preview:-1"},"canonical":"https:\/\/hubsch-interior.com\/da\/wp-json\/wp\/v2\/product\/1089803","og_locale":"da_DK","og_type":"article","og_title":"Hock Spisebord Sort - H\u00fcbsch","og_description":"Samler dine k\u00e6re omkring det fremragende Hock Spisebord, et charmerende midtpunkt i ethvert spisestue. Fremstillet af FSC-certificeret tr\u00e6, dette bord","og_url":"https:\/\/hubsch-interior.com\/da\/vare\/hock-spisebord-sort\/","og_site_name":"H\u00fcbsch","article_modified_time":"2026-04-06T03:21:28+00:00","og_image":[{"width":1200,"height":1200,"url":"https:\/\/hubsch-interior.com\/wp-content\/uploads\/2026\/01\/hock-dining-table-black-7bc0e9035895dcce6a7b54de90fbfb44.jpg","type":"image\/jpeg"}],"twitter_card":"summary_large_image","schema":{"@context":"https:\/\/schema.org","@graph":[{"@type":"WebPage","@id":"https:\/\/hubsch-interior.com\/da\/vare\/hock-spisebord-sort\/","url":"https:\/\/hubsch-interior.com\/da\/vare\/hock-spisebord-sort\/","name":"Hock Spisebord Sort - H\u00fcbsch","isPartOf":{"@id":"https:\/\/hubsch-interior.com\/da\/#website"},"primaryImageOfPage":{"@id":"https:\/\/hubsch-interior.com\/da\/vare\/hock-spisebord-sort\/#primaryimage"},"image":{"@id":"https:\/\/hubsch-interior.com\/da\/vare\/hock-spisebord-sort\/#primaryimage"},"thumbnailUrl":"https:\/\/hubsch-interior.com\/wp-content\/uploads\/2026\/02\/hock-dining-table-black-a51fd7f64f978a68d5b78d682d4359a0.jpg","datePublished":"2026-01-31T04:32:39+00:00","dateModified":"2026-04-06T03:21:28+00:00","description":"Samler dine k\u00e6re omkring det fremragende Hock Spisebord, et charmerende midtpunkt i ethvert spisestue. Fremstillet af FSC-certificeret tr\u00e6, dette bord","breadcrumb":{"@id":"https:\/\/hubsch-interior.com\/da\/vare\/hock-spisebord-sort\/#breadcrumb"},"inLanguage":"da-DK","potentialAction":[{"@type":"ReadAction","target":["https:\/\/hubsch-interior.com\/da\/vare\/hock-spisebord-sort\/"]}]},{"@type":"ImageObject","inLanguage":"da-DK","@id":"https:\/\/hubsch-interior.com\/da\/vare\/hock-spisebord-sort\/#primaryimage","url":"https:\/\/hubsch-interior.com\/wp-content\/uploads\/2026\/02\/hock-dining-table-black-a51fd7f64f978a68d5b78d682d4359a0.jpg","contentUrl":"https:\/\/hubsch-interior.com\/wp-content\/uploads\/2026\/02\/hock-dining-table-black-a51fd7f64f978a68d5b78d682d4359a0.jpg","width":1024,"height":1024},{"@type":"BreadcrumbList","@id":"https:\/\/hubsch-interior.com\/da\/vare\/hock-spisebord-sort\/#breadcrumb","itemListElement":[{"@type":"ListItem","position":1,"name":"Forside","item":"https:\/\/hubsch-interior.com\/da\/"},{"@type":"ListItem","position":2,"name":"Produkter","item":"https:\/\/hubsch-interior.com\/da\/produkter\/"},{"@type":"ListItem","position":3,"name":"Hock Spisebord Sort"}]},{"@type":"WebSite","@id":"https:\/\/hubsch-interior.com\/da\/#website","url":"https:\/\/hubsch-interior.com\/da\/","name":"H\u00fcbsch","description":"Danish Home Interior and Design","publisher":{"@id":"https:\/\/hubsch-interior.com\/da\/#organization"},"potentialAction":[{"@type":"SearchAction","target":{"@type":"EntryPoint","urlTemplate":"https:\/\/hubsch-interior.com\/da\/?s={search_term_string}"},"query-input":{"@type":"PropertyValueSpecification","valueRequired":true,"valueName":"search_term_string"}}],"inLanguage":"da-DK"},{"@type":"Organization","@id":"https:\/\/hubsch-interior.com\/da\/#organization","name":"H\u00fcbsch","url":"https:\/\/hubsch-interior.com\/da\/","logo":{"@type":"ImageObject","inLanguage":"da-DK","@id":"https:\/\/hubsch-interior.com\/da\/#\/schema\/logo\/image\/","url":"https:\/\/hubsch-interior.com\/wp-content\/uploads\/2022\/12\/Hubsch_logo_black_one_line.svg","contentUrl":"https:\/\/hubsch-interior.com\/wp-content\/uploads\/2022\/12\/Hubsch_logo_black_one_line.svg","caption":"H\u00fcbsch"},"image":{"@id":"https:\/\/hubsch-interior.com\/da\/#\/schema\/logo\/image\/"}}]}},"_links":{"self":[{"href":"https:\/\/hubsch-interior.com\/da\/wp-json\/wp\/v2\/product\/1089803","targetHints":{"allow":["GET"]}}],"collection":[{"href":"https:\/\/hubsch-interior.com\/da\/wp-json\/wp\/v2\/product"}],"about":[{"href":"https:\/\/hubsch-interior.com\/da\/wp-json\/wp\/v2\/types\/product"}],"wp:featuredmedia":[{"embeddable":true,"href":"https:\/\/hubsch-interior.com\/da\/wp-json\/wp\/v2\/media\/1112151"}],"wp:attachment":[{"href":"https:\/\/hubsch-interior.com\/da\/wp-json\/wp\/v2\/media?parent=1089803"}],"wp:term":[{"taxonomy":"product_brand","embeddable":true,"href":"https:\/\/hubsch-interior.com\/da\/wp-json\/wp\/v2\/product_brand?post=1089803"},{"taxonomy":"product_cat","embeddable":true,"href":"https:\/\/hubsch-interior.com\/da\/wp-json\/wp\/v2\/product_cat?post=1089803"},{"taxonomy":"product_tag","embeddable":true,"href":"https:\/\/hubsch-interior.com\/da\/wp-json\/wp\/v2\/product_tag?post=1089803"}],"curies":[{"name":"wp","href":"https:\/\/api.w.org\/{rel}","templated":true}]}}