{"id":1089831,"date":"2026-01-31T05:32:52","date_gmt":"2026-01-31T04:32:52","guid":{"rendered":"https:\/\/hubsch-interior.com\/product\/product\/"},"modified":"2026-04-05T05:27:38","modified_gmt":"2026-04-05T03:27:38","slug":"softy-loungestol-morkebla-saet-af-2","status":"publish","type":"product","link":"https:\/\/hubsch-interior.com\/da\/vare\/softy-loungestol-morkebla-saet-af-2\/","title":{"rendered":"Softy Loungestol M\u00f8rkebl\u00e5 (s\u00e6t af 2)"},"content":{"rendered":"<p>Softy Loungestolen tilf\u00f8rer en f\u00f8lelse af ro og elegance til dit rum, betrukket med luksuri\u00f8s boucl\u00e9-stof for en virkelig indbydende f\u00f8lelse. Indhyllet i en smuk m\u00f8rkebl\u00e5 nuance, er denne stol lige s\u00e5 behagelig for \u00f8jet, som den er at slappe af i. Bl\u00f8d, komfortabel og certificeret efter OEKO-TEX\u00ae STANDARD 100, hvilket garanterer materialer af h\u00f8j kvalitet fri for skadelige stoffer. Skab dit eget hyggelige tilflugtssted til at kr\u00f8lle dig sammen med en bog og dr\u00f8mme dig v\u00e6k til andre verdener fra komforten i din stue.<\/p>\n","protected":false},"excerpt":{"rendered":"<p>Softy Loungestolen tilf\u00f8rer en f\u00f8lelse af ro og elegance til dit rum, betrukket med luksuri\u00f8s boucl\u00e9-stof for en virkelig indbydende f\u00f8lelse. Indhyllet i en smuk m\u00f8rkebl\u00e5 nuance, er denne stol lige s\u00e5 behagelig for \u00f8jet, som den er at slappe af i. Bl\u00f8d, komfortabel og certificeret efter OEKO-TEX\u00ae STANDARD 100, hvilket garanterer materialer af h\u00f8j [&hellip;]<\/p>\n","protected":false},"featured_media":1112171,"template":"","meta":{"_acf_changed":false,"inline_featured_image":false},"product_brand":[],"product_cat":[7153,2841,3022,5045],"product_tag":[],"class_list":{"0":"post-1089831","1":"product","2":"type-product","3":"status-publish","4":"has-post-thumbnail","6":"product_cat-dweller-da","7":"product_cat-siddemoebler-da","8":"product_cat-laenestole-da","9":"product_cat-nyheder-da","10":"product_shipping_class-p10","12":"pa_color-mrkebl","13":"pa_material-acrylic-10-da","14":"pa_material-polyester-90-da","16":"first","17":"instock","18":"taxable","19":"shipping-taxable","20":"purchasable","21":"product-type-simple"},"exclude_global_add_ons":[],"addons":[],"acf":[],"yoast_head":"<!-- This site is optimized with the Yoast SEO plugin v26.4 - https:\/\/yoast.com\/wordpress\/plugins\/seo\/ -->\n<title>Softy Loungestol M\u00f8rkebl\u00e5 (s\u00e6t af 2) - H\u00fcbsch<\/title>\n<meta name=\"description\" content=\"Softy Loungestolen tilf\u00f8rer en f\u00f8lelse af ro og elegance til dit rum, betrukket med luksuri\u00f8s boucl\u00e9-stof for en virkelig indbydende f\u00f8lelse. Indhyllet i\" \/>\n<meta name=\"robots\" content=\"index, follow, max-snippet:-1, max-image-preview:large, max-video-preview:-1\" \/>\n<link rel=\"canonical\" href=\"https:\/\/hubsch-interior.com\/da\/wp-json\/wp\/v2\/product\/1089831\" \/>\n<meta property=\"og:locale\" content=\"da_DK\" \/>\n<meta property=\"og:type\" content=\"article\" \/>\n<meta property=\"og:title\" content=\"Softy Loungestol M\u00f8rkebl\u00e5 (s\u00e6t af 2) - H\u00fcbsch\" \/>\n<meta property=\"og:description\" content=\"Softy Loungestolen tilf\u00f8rer en f\u00f8lelse af ro og elegance til dit rum, betrukket med luksuri\u00f8s boucl\u00e9-stof for en virkelig indbydende f\u00f8lelse. Indhyllet i\" \/>\n<meta property=\"og:url\" content=\"https:\/\/hubsch-interior.com\/da\/vare\/softy-loungestol-morkebla-saet-af-2\/\" \/>\n<meta property=\"og:site_name\" content=\"H\u00fcbsch\" \/>\n<meta property=\"article:modified_time\" content=\"2026-04-05T03:27:38+00:00\" \/>\n<meta property=\"og:image\" content=\"https:\/\/hubsch-interior.com\/wp-content\/uploads\/2026\/01\/softy-lounge-chair-dark-blue-set-of-2-8743ad868b401bf9d2c1a9b90a14b98c.jpg\" \/>\n\t<meta property=\"og:image:width\" content=\"1200\" \/>\n\t<meta property=\"og:image:height\" content=\"1200\" \/>\n\t<meta property=\"og:image:type\" content=\"image\/jpeg\" \/>\n<meta name=\"twitter:card\" content=\"summary_large_image\" \/>\n<script type=\"application\/ld+json\" class=\"yoast-schema-graph\">{\"@context\":\"https:\/\/schema.org\",\"@graph\":[{\"@type\":\"WebPage\",\"@id\":\"https:\/\/hubsch-interior.com\/da\/vare\/softy-loungestol-morkebla-saet-af-2\/\",\"url\":\"https:\/\/hubsch-interior.com\/da\/vare\/softy-loungestol-morkebla-saet-af-2\/\",\"name\":\"Softy Loungestol M\u00f8rkebl\u00e5 (s\u00e6t af 2) - H\u00fcbsch\",\"isPartOf\":{\"@id\":\"https:\/\/hubsch-interior.com\/da\/#website\"},\"primaryImageOfPage\":{\"@id\":\"https:\/\/hubsch-interior.com\/da\/vare\/softy-loungestol-morkebla-saet-af-2\/#primaryimage\"},\"image\":{\"@id\":\"https:\/\/hubsch-interior.com\/da\/vare\/softy-loungestol-morkebla-saet-af-2\/#primaryimage\"},\"thumbnailUrl\":\"https:\/\/hubsch-interior.com\/wp-content\/uploads\/2026\/02\/softy-lounge-chair-dark-blue-set-of-2-8a4afd9d25ccaf51c753db8bcb946998.jpg\",\"datePublished\":\"2026-01-31T04:32:52+00:00\",\"dateModified\":\"2026-04-05T03:27:38+00:00\",\"description\":\"Softy Loungestolen tilf\u00f8rer en f\u00f8lelse af ro og elegance til dit rum, betrukket med luksuri\u00f8s boucl\u00e9-stof for en virkelig indbydende f\u00f8lelse. Indhyllet i\",\"breadcrumb\":{\"@id\":\"https:\/\/hubsch-interior.com\/da\/vare\/softy-loungestol-morkebla-saet-af-2\/#breadcrumb\"},\"inLanguage\":\"da-DK\",\"potentialAction\":[{\"@type\":\"ReadAction\",\"target\":[\"https:\/\/hubsch-interior.com\/da\/vare\/softy-loungestol-morkebla-saet-af-2\/\"]}]},{\"@type\":\"ImageObject\",\"inLanguage\":\"da-DK\",\"@id\":\"https:\/\/hubsch-interior.com\/da\/vare\/softy-loungestol-morkebla-saet-af-2\/#primaryimage\",\"url\":\"https:\/\/hubsch-interior.com\/wp-content\/uploads\/2026\/02\/softy-lounge-chair-dark-blue-set-of-2-8a4afd9d25ccaf51c753db8bcb946998.jpg\",\"contentUrl\":\"https:\/\/hubsch-interior.com\/wp-content\/uploads\/2026\/02\/softy-lounge-chair-dark-blue-set-of-2-8a4afd9d25ccaf51c753db8bcb946998.jpg\",\"width\":1024,\"height\":1024},{\"@type\":\"BreadcrumbList\",\"@id\":\"https:\/\/hubsch-interior.com\/da\/vare\/softy-loungestol-morkebla-saet-af-2\/#breadcrumb\",\"itemListElement\":[{\"@type\":\"ListItem\",\"position\":1,\"name\":\"Forside\",\"item\":\"https:\/\/hubsch-interior.com\/da\/\"},{\"@type\":\"ListItem\",\"position\":2,\"name\":\"Produkter\",\"item\":\"https:\/\/hubsch-interior.com\/da\/produkter\/\"},{\"@type\":\"ListItem\",\"position\":3,\"name\":\"Softy Loungestol M\u00f8rkebl\u00e5 (s\u00e6t af 2)\"}]},{\"@type\":\"WebSite\",\"@id\":\"https:\/\/hubsch-interior.com\/da\/#website\",\"url\":\"https:\/\/hubsch-interior.com\/da\/\",\"name\":\"H\u00fcbsch\",\"description\":\"Danish Home Interior and Design\",\"publisher\":{\"@id\":\"https:\/\/hubsch-interior.com\/da\/#organization\"},\"potentialAction\":[{\"@type\":\"SearchAction\",\"target\":{\"@type\":\"EntryPoint\",\"urlTemplate\":\"https:\/\/hubsch-interior.com\/da\/?s={search_term_string}\"},\"query-input\":{\"@type\":\"PropertyValueSpecification\",\"valueRequired\":true,\"valueName\":\"search_term_string\"}}],\"inLanguage\":\"da-DK\"},{\"@type\":\"Organization\",\"@id\":\"https:\/\/hubsch-interior.com\/da\/#organization\",\"name\":\"H\u00fcbsch\",\"url\":\"https:\/\/hubsch-interior.com\/da\/\",\"logo\":{\"@type\":\"ImageObject\",\"inLanguage\":\"da-DK\",\"@id\":\"https:\/\/hubsch-interior.com\/da\/#\/schema\/logo\/image\/\",\"url\":\"https:\/\/hubsch-interior.com\/wp-content\/uploads\/2022\/12\/Hubsch_logo_black_one_line.svg\",\"contentUrl\":\"https:\/\/hubsch-interior.com\/wp-content\/uploads\/2022\/12\/Hubsch_logo_black_one_line.svg\",\"caption\":\"H\u00fcbsch\"},\"image\":{\"@id\":\"https:\/\/hubsch-interior.com\/da\/#\/schema\/logo\/image\/\"}}]}<\/script>\n<!-- \/ Yoast SEO plugin. -->","yoast_head_json":{"title":"Softy Loungestol M\u00f8rkebl\u00e5 (s\u00e6t af 2) - H\u00fcbsch","description":"Softy Loungestolen tilf\u00f8rer en f\u00f8lelse af ro og elegance til dit rum, betrukket med luksuri\u00f8s boucl\u00e9-stof for en virkelig indbydende f\u00f8lelse. Indhyllet i","robots":{"index":"index","follow":"follow","max-snippet":"max-snippet:-1","max-image-preview":"max-image-preview:large","max-video-preview":"max-video-preview:-1"},"canonical":"https:\/\/hubsch-interior.com\/da\/wp-json\/wp\/v2\/product\/1089831","og_locale":"da_DK","og_type":"article","og_title":"Softy Loungestol M\u00f8rkebl\u00e5 (s\u00e6t af 2) - H\u00fcbsch","og_description":"Softy Loungestolen tilf\u00f8rer en f\u00f8lelse af ro og elegance til dit rum, betrukket med luksuri\u00f8s boucl\u00e9-stof for en virkelig indbydende f\u00f8lelse. Indhyllet i","og_url":"https:\/\/hubsch-interior.com\/da\/vare\/softy-loungestol-morkebla-saet-af-2\/","og_site_name":"H\u00fcbsch","article_modified_time":"2026-04-05T03:27:38+00:00","og_image":[{"width":1200,"height":1200,"url":"https:\/\/hubsch-interior.com\/wp-content\/uploads\/2026\/01\/softy-lounge-chair-dark-blue-set-of-2-8743ad868b401bf9d2c1a9b90a14b98c.jpg","type":"image\/jpeg"}],"twitter_card":"summary_large_image","schema":{"@context":"https:\/\/schema.org","@graph":[{"@type":"WebPage","@id":"https:\/\/hubsch-interior.com\/da\/vare\/softy-loungestol-morkebla-saet-af-2\/","url":"https:\/\/hubsch-interior.com\/da\/vare\/softy-loungestol-morkebla-saet-af-2\/","name":"Softy Loungestol M\u00f8rkebl\u00e5 (s\u00e6t af 2) - H\u00fcbsch","isPartOf":{"@id":"https:\/\/hubsch-interior.com\/da\/#website"},"primaryImageOfPage":{"@id":"https:\/\/hubsch-interior.com\/da\/vare\/softy-loungestol-morkebla-saet-af-2\/#primaryimage"},"image":{"@id":"https:\/\/hubsch-interior.com\/da\/vare\/softy-loungestol-morkebla-saet-af-2\/#primaryimage"},"thumbnailUrl":"https:\/\/hubsch-interior.com\/wp-content\/uploads\/2026\/02\/softy-lounge-chair-dark-blue-set-of-2-8a4afd9d25ccaf51c753db8bcb946998.jpg","datePublished":"2026-01-31T04:32:52+00:00","dateModified":"2026-04-05T03:27:38+00:00","description":"Softy Loungestolen tilf\u00f8rer en f\u00f8lelse af ro og elegance til dit rum, betrukket med luksuri\u00f8s boucl\u00e9-stof for en virkelig indbydende f\u00f8lelse. Indhyllet i","breadcrumb":{"@id":"https:\/\/hubsch-interior.com\/da\/vare\/softy-loungestol-morkebla-saet-af-2\/#breadcrumb"},"inLanguage":"da-DK","potentialAction":[{"@type":"ReadAction","target":["https:\/\/hubsch-interior.com\/da\/vare\/softy-loungestol-morkebla-saet-af-2\/"]}]},{"@type":"ImageObject","inLanguage":"da-DK","@id":"https:\/\/hubsch-interior.com\/da\/vare\/softy-loungestol-morkebla-saet-af-2\/#primaryimage","url":"https:\/\/hubsch-interior.com\/wp-content\/uploads\/2026\/02\/softy-lounge-chair-dark-blue-set-of-2-8a4afd9d25ccaf51c753db8bcb946998.jpg","contentUrl":"https:\/\/hubsch-interior.com\/wp-content\/uploads\/2026\/02\/softy-lounge-chair-dark-blue-set-of-2-8a4afd9d25ccaf51c753db8bcb946998.jpg","width":1024,"height":1024},{"@type":"BreadcrumbList","@id":"https:\/\/hubsch-interior.com\/da\/vare\/softy-loungestol-morkebla-saet-af-2\/#breadcrumb","itemListElement":[{"@type":"ListItem","position":1,"name":"Forside","item":"https:\/\/hubsch-interior.com\/da\/"},{"@type":"ListItem","position":2,"name":"Produkter","item":"https:\/\/hubsch-interior.com\/da\/produkter\/"},{"@type":"ListItem","position":3,"name":"Softy Loungestol M\u00f8rkebl\u00e5 (s\u00e6t af 2)"}]},{"@type":"WebSite","@id":"https:\/\/hubsch-interior.com\/da\/#website","url":"https:\/\/hubsch-interior.com\/da\/","name":"H\u00fcbsch","description":"Danish Home Interior and Design","publisher":{"@id":"https:\/\/hubsch-interior.com\/da\/#organization"},"potentialAction":[{"@type":"SearchAction","target":{"@type":"EntryPoint","urlTemplate":"https:\/\/hubsch-interior.com\/da\/?s={search_term_string}"},"query-input":{"@type":"PropertyValueSpecification","valueRequired":true,"valueName":"search_term_string"}}],"inLanguage":"da-DK"},{"@type":"Organization","@id":"https:\/\/hubsch-interior.com\/da\/#organization","name":"H\u00fcbsch","url":"https:\/\/hubsch-interior.com\/da\/","logo":{"@type":"ImageObject","inLanguage":"da-DK","@id":"https:\/\/hubsch-interior.com\/da\/#\/schema\/logo\/image\/","url":"https:\/\/hubsch-interior.com\/wp-content\/uploads\/2022\/12\/Hubsch_logo_black_one_line.svg","contentUrl":"https:\/\/hubsch-interior.com\/wp-content\/uploads\/2022\/12\/Hubsch_logo_black_one_line.svg","caption":"H\u00fcbsch"},"image":{"@id":"https:\/\/hubsch-interior.com\/da\/#\/schema\/logo\/image\/"}}]}},"_links":{"self":[{"href":"https:\/\/hubsch-interior.com\/da\/wp-json\/wp\/v2\/product\/1089831","targetHints":{"allow":["GET"]}}],"collection":[{"href":"https:\/\/hubsch-interior.com\/da\/wp-json\/wp\/v2\/product"}],"about":[{"href":"https:\/\/hubsch-interior.com\/da\/wp-json\/wp\/v2\/types\/product"}],"wp:featuredmedia":[{"embeddable":true,"href":"https:\/\/hubsch-interior.com\/da\/wp-json\/wp\/v2\/media\/1112171"}],"wp:attachment":[{"href":"https:\/\/hubsch-interior.com\/da\/wp-json\/wp\/v2\/media?parent=1089831"}],"wp:term":[{"taxonomy":"product_brand","embeddable":true,"href":"https:\/\/hubsch-interior.com\/da\/wp-json\/wp\/v2\/product_brand?post=1089831"},{"taxonomy":"product_cat","embeddable":true,"href":"https:\/\/hubsch-interior.com\/da\/wp-json\/wp\/v2\/product_cat?post=1089831"},{"taxonomy":"product_tag","embeddable":true,"href":"https:\/\/hubsch-interior.com\/da\/wp-json\/wp\/v2\/product_tag?post=1089831"}],"curies":[{"name":"wp","href":"https:\/\/api.w.org\/{rel}","templated":true}]}}