{"id":1089895,"date":"2026-01-31T05:33:19","date_gmt":"2026-01-31T04:33:19","guid":{"rendered":"https:\/\/hubsch-interior.com\/product\/product\/"},"modified":"2026-04-05T05:27:45","modified_gmt":"2026-04-05T03:27:45","slug":"ouli-loungestol-lysegra-melange","status":"publish","type":"product","link":"https:\/\/hubsch-interior.com\/da\/vare\/ouli-loungestol-lysegra-melange\/","title":{"rendered":"Ouli Loungestol Lysegr\u00e5 melange"},"content":{"rendered":"<p>M\u00f8d Ouli Loungestol, et komfortens og stilets tilflugtssted for dit yndlingshj\u00f8rne. Med sit smukke lyse stof dekoreret med sm\u00e5 sorte prikker skaber denne stol et fascinerende m\u00f8nster, der fanger \u00f8jet. V\u00e6lg mellem to chikke varianter, men det er den hvide, der bringer en rolig stemning til ethvert rum. Fremstillet efter de h\u00f8jeste standarder og OEKO-TEX\u00ae STANDARD 100 certificeret, er dette m\u00f8bel ikke kun pragtfuldt at se p\u00e5, men sikrer ogs\u00e5 ro i sindet. En perfekt blanding af form og funktion, designet med enkle linjer, lover den at blive dit hjems nye h\u00f8jdepunkt.<\/p>\n","protected":false},"excerpt":{"rendered":"<p>M\u00f8d Ouli Loungestol, et komfortens og stilets tilflugtssted for dit yndlingshj\u00f8rne. Med sit smukke lyse stof dekoreret med sm\u00e5 sorte prikker skaber denne stol et fascinerende m\u00f8nster, der fanger \u00f8jet. V\u00e6lg mellem to chikke varianter, men det er den hvide, der bringer en rolig stemning til ethvert rum. Fremstillet efter de h\u00f8jeste standarder og OEKO-TEX\u00ae [&hellip;]<\/p>\n","protected":false},"featured_media":1112223,"template":"","meta":{"_acf_changed":false,"inline_featured_image":false},"product_brand":[],"product_cat":[7153,3022,5045,2841],"product_tag":[],"class_list":{"0":"post-1089895","1":"product","2":"type-product","3":"status-publish","4":"has-post-thumbnail","6":"product_cat-dweller-da","7":"product_cat-laenestole-da","8":"product_cat-nyheder-da","9":"product_cat-siddemoebler-da","10":"product_shipping_class-p10","12":"pa_color-lysegr-melange","13":"pa_material-gummitr","14":"pa_material-polyester-100-da","16":"first","17":"instock","18":"taxable","19":"shipping-taxable","20":"purchasable","21":"product-type-simple"},"exclude_global_add_ons":[],"addons":[],"acf":[],"yoast_head":"<!-- This site is optimized with the Yoast SEO plugin v26.4 - https:\/\/yoast.com\/wordpress\/plugins\/seo\/ -->\n<title>Ouli Loungestol Lysegr\u00e5 melange - H\u00fcbsch<\/title>\n<meta name=\"description\" content=\"M\u00f8d Ouli Loungestol, et komfortens og stilets tilflugtssted for dit yndlingshj\u00f8rne. Med sit smukke lyse stof dekoreret med sm\u00e5 sorte prikker skaber denne\" \/>\n<meta name=\"robots\" content=\"index, follow, max-snippet:-1, max-image-preview:large, max-video-preview:-1\" \/>\n<link rel=\"canonical\" href=\"https:\/\/hubsch-interior.com\/da\/wp-json\/wp\/v2\/product\/1089895\" \/>\n<meta property=\"og:locale\" content=\"da_DK\" \/>\n<meta property=\"og:type\" content=\"article\" \/>\n<meta property=\"og:title\" content=\"Ouli Loungestol Lysegr\u00e5 melange - H\u00fcbsch\" \/>\n<meta property=\"og:description\" content=\"M\u00f8d Ouli Loungestol, et komfortens og stilets tilflugtssted for dit yndlingshj\u00f8rne. Med sit smukke lyse stof dekoreret med sm\u00e5 sorte prikker skaber denne\" \/>\n<meta property=\"og:url\" content=\"https:\/\/hubsch-interior.com\/da\/vare\/ouli-loungestol-lysegra-melange\/\" \/>\n<meta property=\"og:site_name\" content=\"H\u00fcbsch\" \/>\n<meta property=\"article:modified_time\" content=\"2026-04-05T03:27:45+00:00\" \/>\n<meta property=\"og:image\" content=\"https:\/\/hubsch-interior.com\/wp-content\/uploads\/2026\/01\/ouli-lounge-chair-light-grey-melange-1633e8b094972b5f2caf76f37080915c.jpg\" \/>\n\t<meta property=\"og:image:width\" content=\"1200\" \/>\n\t<meta property=\"og:image:height\" content=\"1200\" \/>\n\t<meta property=\"og:image:type\" content=\"image\/jpeg\" \/>\n<meta name=\"twitter:card\" content=\"summary_large_image\" \/>\n<script type=\"application\/ld+json\" class=\"yoast-schema-graph\">{\"@context\":\"https:\/\/schema.org\",\"@graph\":[{\"@type\":\"WebPage\",\"@id\":\"https:\/\/hubsch-interior.com\/da\/vare\/ouli-loungestol-lysegra-melange\/\",\"url\":\"https:\/\/hubsch-interior.com\/da\/vare\/ouli-loungestol-lysegra-melange\/\",\"name\":\"Ouli Loungestol Lysegr\u00e5 melange - H\u00fcbsch\",\"isPartOf\":{\"@id\":\"https:\/\/hubsch-interior.com\/da\/#website\"},\"primaryImageOfPage\":{\"@id\":\"https:\/\/hubsch-interior.com\/da\/vare\/ouli-loungestol-lysegra-melange\/#primaryimage\"},\"image\":{\"@id\":\"https:\/\/hubsch-interior.com\/da\/vare\/ouli-loungestol-lysegra-melange\/#primaryimage\"},\"thumbnailUrl\":\"https:\/\/hubsch-interior.com\/wp-content\/uploads\/2026\/02\/ouli-lounge-chair-light-grey-melange-9d793018ef334921b010864782934300.jpg\",\"datePublished\":\"2026-01-31T04:33:19+00:00\",\"dateModified\":\"2026-04-05T03:27:45+00:00\",\"description\":\"M\u00f8d Ouli Loungestol, et komfortens og stilets tilflugtssted for dit yndlingshj\u00f8rne. Med sit smukke lyse stof dekoreret med sm\u00e5 sorte prikker skaber denne\",\"breadcrumb\":{\"@id\":\"https:\/\/hubsch-interior.com\/da\/vare\/ouli-loungestol-lysegra-melange\/#breadcrumb\"},\"inLanguage\":\"da-DK\",\"potentialAction\":[{\"@type\":\"ReadAction\",\"target\":[\"https:\/\/hubsch-interior.com\/da\/vare\/ouli-loungestol-lysegra-melange\/\"]}]},{\"@type\":\"ImageObject\",\"inLanguage\":\"da-DK\",\"@id\":\"https:\/\/hubsch-interior.com\/da\/vare\/ouli-loungestol-lysegra-melange\/#primaryimage\",\"url\":\"https:\/\/hubsch-interior.com\/wp-content\/uploads\/2026\/02\/ouli-lounge-chair-light-grey-melange-9d793018ef334921b010864782934300.jpg\",\"contentUrl\":\"https:\/\/hubsch-interior.com\/wp-content\/uploads\/2026\/02\/ouli-lounge-chair-light-grey-melange-9d793018ef334921b010864782934300.jpg\",\"width\":1024,\"height\":1024},{\"@type\":\"BreadcrumbList\",\"@id\":\"https:\/\/hubsch-interior.com\/da\/vare\/ouli-loungestol-lysegra-melange\/#breadcrumb\",\"itemListElement\":[{\"@type\":\"ListItem\",\"position\":1,\"name\":\"Forside\",\"item\":\"https:\/\/hubsch-interior.com\/da\/\"},{\"@type\":\"ListItem\",\"position\":2,\"name\":\"Produkter\",\"item\":\"https:\/\/hubsch-interior.com\/da\/produkter\/\"},{\"@type\":\"ListItem\",\"position\":3,\"name\":\"Ouli Loungestol Lysegr\u00e5 melange\"}]},{\"@type\":\"WebSite\",\"@id\":\"https:\/\/hubsch-interior.com\/da\/#website\",\"url\":\"https:\/\/hubsch-interior.com\/da\/\",\"name\":\"H\u00fcbsch\",\"description\":\"Danish Home Interior and Design\",\"publisher\":{\"@id\":\"https:\/\/hubsch-interior.com\/da\/#organization\"},\"potentialAction\":[{\"@type\":\"SearchAction\",\"target\":{\"@type\":\"EntryPoint\",\"urlTemplate\":\"https:\/\/hubsch-interior.com\/da\/?s={search_term_string}\"},\"query-input\":{\"@type\":\"PropertyValueSpecification\",\"valueRequired\":true,\"valueName\":\"search_term_string\"}}],\"inLanguage\":\"da-DK\"},{\"@type\":\"Organization\",\"@id\":\"https:\/\/hubsch-interior.com\/da\/#organization\",\"name\":\"H\u00fcbsch\",\"url\":\"https:\/\/hubsch-interior.com\/da\/\",\"logo\":{\"@type\":\"ImageObject\",\"inLanguage\":\"da-DK\",\"@id\":\"https:\/\/hubsch-interior.com\/da\/#\/schema\/logo\/image\/\",\"url\":\"https:\/\/hubsch-interior.com\/wp-content\/uploads\/2022\/12\/Hubsch_logo_black_one_line.svg\",\"contentUrl\":\"https:\/\/hubsch-interior.com\/wp-content\/uploads\/2022\/12\/Hubsch_logo_black_one_line.svg\",\"caption\":\"H\u00fcbsch\"},\"image\":{\"@id\":\"https:\/\/hubsch-interior.com\/da\/#\/schema\/logo\/image\/\"}}]}<\/script>\n<!-- \/ Yoast SEO plugin. -->","yoast_head_json":{"title":"Ouli Loungestol Lysegr\u00e5 melange - H\u00fcbsch","description":"M\u00f8d Ouli Loungestol, et komfortens og stilets tilflugtssted for dit yndlingshj\u00f8rne. Med sit smukke lyse stof dekoreret med sm\u00e5 sorte prikker skaber denne","robots":{"index":"index","follow":"follow","max-snippet":"max-snippet:-1","max-image-preview":"max-image-preview:large","max-video-preview":"max-video-preview:-1"},"canonical":"https:\/\/hubsch-interior.com\/da\/wp-json\/wp\/v2\/product\/1089895","og_locale":"da_DK","og_type":"article","og_title":"Ouli Loungestol Lysegr\u00e5 melange - H\u00fcbsch","og_description":"M\u00f8d Ouli Loungestol, et komfortens og stilets tilflugtssted for dit yndlingshj\u00f8rne. Med sit smukke lyse stof dekoreret med sm\u00e5 sorte prikker skaber denne","og_url":"https:\/\/hubsch-interior.com\/da\/vare\/ouli-loungestol-lysegra-melange\/","og_site_name":"H\u00fcbsch","article_modified_time":"2026-04-05T03:27:45+00:00","og_image":[{"width":1200,"height":1200,"url":"https:\/\/hubsch-interior.com\/wp-content\/uploads\/2026\/01\/ouli-lounge-chair-light-grey-melange-1633e8b094972b5f2caf76f37080915c.jpg","type":"image\/jpeg"}],"twitter_card":"summary_large_image","schema":{"@context":"https:\/\/schema.org","@graph":[{"@type":"WebPage","@id":"https:\/\/hubsch-interior.com\/da\/vare\/ouli-loungestol-lysegra-melange\/","url":"https:\/\/hubsch-interior.com\/da\/vare\/ouli-loungestol-lysegra-melange\/","name":"Ouli Loungestol Lysegr\u00e5 melange - H\u00fcbsch","isPartOf":{"@id":"https:\/\/hubsch-interior.com\/da\/#website"},"primaryImageOfPage":{"@id":"https:\/\/hubsch-interior.com\/da\/vare\/ouli-loungestol-lysegra-melange\/#primaryimage"},"image":{"@id":"https:\/\/hubsch-interior.com\/da\/vare\/ouli-loungestol-lysegra-melange\/#primaryimage"},"thumbnailUrl":"https:\/\/hubsch-interior.com\/wp-content\/uploads\/2026\/02\/ouli-lounge-chair-light-grey-melange-9d793018ef334921b010864782934300.jpg","datePublished":"2026-01-31T04:33:19+00:00","dateModified":"2026-04-05T03:27:45+00:00","description":"M\u00f8d Ouli Loungestol, et komfortens og stilets tilflugtssted for dit yndlingshj\u00f8rne. Med sit smukke lyse stof dekoreret med sm\u00e5 sorte prikker skaber denne","breadcrumb":{"@id":"https:\/\/hubsch-interior.com\/da\/vare\/ouli-loungestol-lysegra-melange\/#breadcrumb"},"inLanguage":"da-DK","potentialAction":[{"@type":"ReadAction","target":["https:\/\/hubsch-interior.com\/da\/vare\/ouli-loungestol-lysegra-melange\/"]}]},{"@type":"ImageObject","inLanguage":"da-DK","@id":"https:\/\/hubsch-interior.com\/da\/vare\/ouli-loungestol-lysegra-melange\/#primaryimage","url":"https:\/\/hubsch-interior.com\/wp-content\/uploads\/2026\/02\/ouli-lounge-chair-light-grey-melange-9d793018ef334921b010864782934300.jpg","contentUrl":"https:\/\/hubsch-interior.com\/wp-content\/uploads\/2026\/02\/ouli-lounge-chair-light-grey-melange-9d793018ef334921b010864782934300.jpg","width":1024,"height":1024},{"@type":"BreadcrumbList","@id":"https:\/\/hubsch-interior.com\/da\/vare\/ouli-loungestol-lysegra-melange\/#breadcrumb","itemListElement":[{"@type":"ListItem","position":1,"name":"Forside","item":"https:\/\/hubsch-interior.com\/da\/"},{"@type":"ListItem","position":2,"name":"Produkter","item":"https:\/\/hubsch-interior.com\/da\/produkter\/"},{"@type":"ListItem","position":3,"name":"Ouli Loungestol Lysegr\u00e5 melange"}]},{"@type":"WebSite","@id":"https:\/\/hubsch-interior.com\/da\/#website","url":"https:\/\/hubsch-interior.com\/da\/","name":"H\u00fcbsch","description":"Danish Home Interior and Design","publisher":{"@id":"https:\/\/hubsch-interior.com\/da\/#organization"},"potentialAction":[{"@type":"SearchAction","target":{"@type":"EntryPoint","urlTemplate":"https:\/\/hubsch-interior.com\/da\/?s={search_term_string}"},"query-input":{"@type":"PropertyValueSpecification","valueRequired":true,"valueName":"search_term_string"}}],"inLanguage":"da-DK"},{"@type":"Organization","@id":"https:\/\/hubsch-interior.com\/da\/#organization","name":"H\u00fcbsch","url":"https:\/\/hubsch-interior.com\/da\/","logo":{"@type":"ImageObject","inLanguage":"da-DK","@id":"https:\/\/hubsch-interior.com\/da\/#\/schema\/logo\/image\/","url":"https:\/\/hubsch-interior.com\/wp-content\/uploads\/2022\/12\/Hubsch_logo_black_one_line.svg","contentUrl":"https:\/\/hubsch-interior.com\/wp-content\/uploads\/2022\/12\/Hubsch_logo_black_one_line.svg","caption":"H\u00fcbsch"},"image":{"@id":"https:\/\/hubsch-interior.com\/da\/#\/schema\/logo\/image\/"}}]}},"_links":{"self":[{"href":"https:\/\/hubsch-interior.com\/da\/wp-json\/wp\/v2\/product\/1089895","targetHints":{"allow":["GET"]}}],"collection":[{"href":"https:\/\/hubsch-interior.com\/da\/wp-json\/wp\/v2\/product"}],"about":[{"href":"https:\/\/hubsch-interior.com\/da\/wp-json\/wp\/v2\/types\/product"}],"wp:featuredmedia":[{"embeddable":true,"href":"https:\/\/hubsch-interior.com\/da\/wp-json\/wp\/v2\/media\/1112223"}],"wp:attachment":[{"href":"https:\/\/hubsch-interior.com\/da\/wp-json\/wp\/v2\/media?parent=1089895"}],"wp:term":[{"taxonomy":"product_brand","embeddable":true,"href":"https:\/\/hubsch-interior.com\/da\/wp-json\/wp\/v2\/product_brand?post=1089895"},{"taxonomy":"product_cat","embeddable":true,"href":"https:\/\/hubsch-interior.com\/da\/wp-json\/wp\/v2\/product_cat?post=1089895"},{"taxonomy":"product_tag","embeddable":true,"href":"https:\/\/hubsch-interior.com\/da\/wp-json\/wp\/v2\/product_tag?post=1089895"}],"curies":[{"name":"wp","href":"https:\/\/api.w.org\/{rel}","templated":true}]}}