{"id":1089923,"date":"2026-01-31T05:33:32","date_gmt":"2026-01-31T04:33:32","guid":{"rendered":"https:\/\/hubsch-interior.com\/product\/product\/"},"modified":"2026-04-05T05:27:48","modified_gmt":"2026-04-05T03:27:48","slug":"paza-sofa-lysegron","status":"publish","type":"product","link":"https:\/\/hubsch-interior.com\/da\/vare\/paza-sofa-lysegron\/","title":{"rendered":"Paza Sofa Lysegr\u00f8n"},"content":{"rendered":"<p>Paza Sofaen er den perfekte kombination af stil og fleksibilitet &#8211; uanset om du ser den som en sofa eller en daybed, tilpasser den sig nemt til dine behov. Betrukket med et bl\u00f8dt meleret stof i lysegr\u00f8n, tilf\u00f8rer den et blidt farvetouch til dit interi\u00f8r. Med sin skulpturelle form og gener\u00f8se siddepladser inviterer den alle til at slappe af i komfort. Fremstillet med materialer certificeret efter OEKO-TEX\u00ae STANDARD 100, sikrer den b\u00e5de kvalitet og ro i sindet. Et i\u00f8jnefaldende m\u00f8bel, der forvandler ethvert rum til et stilfuldt tilflugtssted.<\/p>\n","protected":false},"excerpt":{"rendered":"<p>Paza Sofaen er den perfekte kombination af stil og fleksibilitet &#8211; uanset om du ser den som en sofa eller en daybed, tilpasser den sig nemt til dine behov. Betrukket med et bl\u00f8dt meleret stof i lysegr\u00f8n, tilf\u00f8rer den et blidt farvetouch til dit interi\u00f8r. Med sin skulpturelle form og gener\u00f8se siddepladser inviterer den alle [&hellip;]<\/p>\n","protected":false},"featured_media":1116162,"template":"","meta":{"_acf_changed":false,"inline_featured_image":false},"product_brand":[],"product_cat":[7153,2841,4198,5045],"product_tag":[],"class_list":{"0":"post-1089923","1":"product","2":"type-product","3":"status-publish","4":"has-post-thumbnail","6":"product_cat-dweller-da","7":"product_cat-siddemoebler-da","8":"product_cat-sofaer-og-daybeds-da","9":"product_cat-nyheder-da","10":"product_shipping_class-p10","12":"pa_color-lysegrn","13":"pa_material-krydsfiner-da","14":"pa_material-polyester-95-da","16":"first","17":"instock","18":"taxable","19":"shipping-taxable","20":"purchasable","21":"product-type-simple"},"exclude_global_add_ons":[],"addons":[],"acf":[],"yoast_head":"<!-- This site is optimized with the Yoast SEO plugin v26.4 - https:\/\/yoast.com\/wordpress\/plugins\/seo\/ -->\n<title>Paza Sofa Lysegr\u00f8n - H\u00fcbsch<\/title>\n<meta name=\"description\" content=\"Paza Sofaen er den perfekte kombination af stil og fleksibilitet - uanset om du ser den som en sofa eller en daybed, tilpasser den sig nemt til dine\" \/>\n<meta name=\"robots\" content=\"index, follow, max-snippet:-1, max-image-preview:large, max-video-preview:-1\" \/>\n<link rel=\"canonical\" href=\"https:\/\/hubsch-interior.com\/da\/wp-json\/wp\/v2\/product\/1089923\" \/>\n<meta property=\"og:locale\" content=\"da_DK\" \/>\n<meta property=\"og:type\" content=\"article\" \/>\n<meta property=\"og:title\" content=\"Paza Sofa Lysegr\u00f8n - H\u00fcbsch\" \/>\n<meta property=\"og:description\" content=\"Paza Sofaen er den perfekte kombination af stil og fleksibilitet - uanset om du ser den som en sofa eller en daybed, tilpasser den sig nemt til dine\" \/>\n<meta property=\"og:url\" content=\"https:\/\/hubsch-interior.com\/da\/vare\/paza-sofa-lysegron\/\" \/>\n<meta property=\"og:site_name\" content=\"H\u00fcbsch\" \/>\n<meta property=\"article:modified_time\" content=\"2026-04-05T03:27:48+00:00\" \/>\n<meta property=\"og:image\" content=\"https:\/\/hubsch-interior.com\/wp-content\/uploads\/2026\/01\/paza-sofa-light-green-03af940d8650d424a4a580a8c6efd7e1.jpg\" \/>\n\t<meta property=\"og:image:width\" content=\"1200\" \/>\n\t<meta property=\"og:image:height\" content=\"1200\" \/>\n\t<meta property=\"og:image:type\" content=\"image\/jpeg\" \/>\n<meta name=\"twitter:card\" content=\"summary_large_image\" \/>\n<script type=\"application\/ld+json\" class=\"yoast-schema-graph\">{\"@context\":\"https:\/\/schema.org\",\"@graph\":[{\"@type\":\"WebPage\",\"@id\":\"https:\/\/hubsch-interior.com\/da\/vare\/paza-sofa-lysegron\/\",\"url\":\"https:\/\/hubsch-interior.com\/da\/vare\/paza-sofa-lysegron\/\",\"name\":\"Paza Sofa Lysegr\u00f8n - H\u00fcbsch\",\"isPartOf\":{\"@id\":\"https:\/\/hubsch-interior.com\/da\/#website\"},\"primaryImageOfPage\":{\"@id\":\"https:\/\/hubsch-interior.com\/da\/vare\/paza-sofa-lysegron\/#primaryimage\"},\"image\":{\"@id\":\"https:\/\/hubsch-interior.com\/da\/vare\/paza-sofa-lysegron\/#primaryimage\"},\"thumbnailUrl\":\"https:\/\/hubsch-interior.com\/wp-content\/uploads\/2026\/04\/paza-sofa-light-green-56511f6dd26b802ead4f1c4e42a57f18.jpg\",\"datePublished\":\"2026-01-31T04:33:32+00:00\",\"dateModified\":\"2026-04-05T03:27:48+00:00\",\"description\":\"Paza Sofaen er den perfekte kombination af stil og fleksibilitet - uanset om du ser den som en sofa eller en daybed, tilpasser den sig nemt til dine\",\"breadcrumb\":{\"@id\":\"https:\/\/hubsch-interior.com\/da\/vare\/paza-sofa-lysegron\/#breadcrumb\"},\"inLanguage\":\"da-DK\",\"potentialAction\":[{\"@type\":\"ReadAction\",\"target\":[\"https:\/\/hubsch-interior.com\/da\/vare\/paza-sofa-lysegron\/\"]}]},{\"@type\":\"ImageObject\",\"inLanguage\":\"da-DK\",\"@id\":\"https:\/\/hubsch-interior.com\/da\/vare\/paza-sofa-lysegron\/#primaryimage\",\"url\":\"https:\/\/hubsch-interior.com\/wp-content\/uploads\/2026\/04\/paza-sofa-light-green-56511f6dd26b802ead4f1c4e42a57f18.jpg\",\"contentUrl\":\"https:\/\/hubsch-interior.com\/wp-content\/uploads\/2026\/04\/paza-sofa-light-green-56511f6dd26b802ead4f1c4e42a57f18.jpg\",\"width\":1024,\"height\":1024},{\"@type\":\"BreadcrumbList\",\"@id\":\"https:\/\/hubsch-interior.com\/da\/vare\/paza-sofa-lysegron\/#breadcrumb\",\"itemListElement\":[{\"@type\":\"ListItem\",\"position\":1,\"name\":\"Forside\",\"item\":\"https:\/\/hubsch-interior.com\/da\/\"},{\"@type\":\"ListItem\",\"position\":2,\"name\":\"Produkter\",\"item\":\"https:\/\/hubsch-interior.com\/da\/produkter\/\"},{\"@type\":\"ListItem\",\"position\":3,\"name\":\"Paza Sofa Lysegr\u00f8n\"}]},{\"@type\":\"WebSite\",\"@id\":\"https:\/\/hubsch-interior.com\/da\/#website\",\"url\":\"https:\/\/hubsch-interior.com\/da\/\",\"name\":\"H\u00fcbsch\",\"description\":\"Danish Home Interior and Design\",\"publisher\":{\"@id\":\"https:\/\/hubsch-interior.com\/da\/#organization\"},\"potentialAction\":[{\"@type\":\"SearchAction\",\"target\":{\"@type\":\"EntryPoint\",\"urlTemplate\":\"https:\/\/hubsch-interior.com\/da\/?s={search_term_string}\"},\"query-input\":{\"@type\":\"PropertyValueSpecification\",\"valueRequired\":true,\"valueName\":\"search_term_string\"}}],\"inLanguage\":\"da-DK\"},{\"@type\":\"Organization\",\"@id\":\"https:\/\/hubsch-interior.com\/da\/#organization\",\"name\":\"H\u00fcbsch\",\"url\":\"https:\/\/hubsch-interior.com\/da\/\",\"logo\":{\"@type\":\"ImageObject\",\"inLanguage\":\"da-DK\",\"@id\":\"https:\/\/hubsch-interior.com\/da\/#\/schema\/logo\/image\/\",\"url\":\"https:\/\/hubsch-interior.com\/wp-content\/uploads\/2022\/12\/Hubsch_logo_black_one_line.svg\",\"contentUrl\":\"https:\/\/hubsch-interior.com\/wp-content\/uploads\/2022\/12\/Hubsch_logo_black_one_line.svg\",\"caption\":\"H\u00fcbsch\"},\"image\":{\"@id\":\"https:\/\/hubsch-interior.com\/da\/#\/schema\/logo\/image\/\"}}]}<\/script>\n<!-- \/ Yoast SEO plugin. -->","yoast_head_json":{"title":"Paza Sofa Lysegr\u00f8n - H\u00fcbsch","description":"Paza Sofaen er den perfekte kombination af stil og fleksibilitet - uanset om du ser den som en sofa eller en daybed, tilpasser den sig nemt til dine","robots":{"index":"index","follow":"follow","max-snippet":"max-snippet:-1","max-image-preview":"max-image-preview:large","max-video-preview":"max-video-preview:-1"},"canonical":"https:\/\/hubsch-interior.com\/da\/wp-json\/wp\/v2\/product\/1089923","og_locale":"da_DK","og_type":"article","og_title":"Paza Sofa Lysegr\u00f8n - H\u00fcbsch","og_description":"Paza Sofaen er den perfekte kombination af stil og fleksibilitet - uanset om du ser den som en sofa eller en daybed, tilpasser den sig nemt til dine","og_url":"https:\/\/hubsch-interior.com\/da\/vare\/paza-sofa-lysegron\/","og_site_name":"H\u00fcbsch","article_modified_time":"2026-04-05T03:27:48+00:00","og_image":[{"width":1200,"height":1200,"url":"https:\/\/hubsch-interior.com\/wp-content\/uploads\/2026\/01\/paza-sofa-light-green-03af940d8650d424a4a580a8c6efd7e1.jpg","type":"image\/jpeg"}],"twitter_card":"summary_large_image","schema":{"@context":"https:\/\/schema.org","@graph":[{"@type":"WebPage","@id":"https:\/\/hubsch-interior.com\/da\/vare\/paza-sofa-lysegron\/","url":"https:\/\/hubsch-interior.com\/da\/vare\/paza-sofa-lysegron\/","name":"Paza Sofa Lysegr\u00f8n - H\u00fcbsch","isPartOf":{"@id":"https:\/\/hubsch-interior.com\/da\/#website"},"primaryImageOfPage":{"@id":"https:\/\/hubsch-interior.com\/da\/vare\/paza-sofa-lysegron\/#primaryimage"},"image":{"@id":"https:\/\/hubsch-interior.com\/da\/vare\/paza-sofa-lysegron\/#primaryimage"},"thumbnailUrl":"https:\/\/hubsch-interior.com\/wp-content\/uploads\/2026\/04\/paza-sofa-light-green-56511f6dd26b802ead4f1c4e42a57f18.jpg","datePublished":"2026-01-31T04:33:32+00:00","dateModified":"2026-04-05T03:27:48+00:00","description":"Paza Sofaen er den perfekte kombination af stil og fleksibilitet - uanset om du ser den som en sofa eller en daybed, tilpasser den sig nemt til dine","breadcrumb":{"@id":"https:\/\/hubsch-interior.com\/da\/vare\/paza-sofa-lysegron\/#breadcrumb"},"inLanguage":"da-DK","potentialAction":[{"@type":"ReadAction","target":["https:\/\/hubsch-interior.com\/da\/vare\/paza-sofa-lysegron\/"]}]},{"@type":"ImageObject","inLanguage":"da-DK","@id":"https:\/\/hubsch-interior.com\/da\/vare\/paza-sofa-lysegron\/#primaryimage","url":"https:\/\/hubsch-interior.com\/wp-content\/uploads\/2026\/04\/paza-sofa-light-green-56511f6dd26b802ead4f1c4e42a57f18.jpg","contentUrl":"https:\/\/hubsch-interior.com\/wp-content\/uploads\/2026\/04\/paza-sofa-light-green-56511f6dd26b802ead4f1c4e42a57f18.jpg","width":1024,"height":1024},{"@type":"BreadcrumbList","@id":"https:\/\/hubsch-interior.com\/da\/vare\/paza-sofa-lysegron\/#breadcrumb","itemListElement":[{"@type":"ListItem","position":1,"name":"Forside","item":"https:\/\/hubsch-interior.com\/da\/"},{"@type":"ListItem","position":2,"name":"Produkter","item":"https:\/\/hubsch-interior.com\/da\/produkter\/"},{"@type":"ListItem","position":3,"name":"Paza Sofa Lysegr\u00f8n"}]},{"@type":"WebSite","@id":"https:\/\/hubsch-interior.com\/da\/#website","url":"https:\/\/hubsch-interior.com\/da\/","name":"H\u00fcbsch","description":"Danish Home Interior and Design","publisher":{"@id":"https:\/\/hubsch-interior.com\/da\/#organization"},"potentialAction":[{"@type":"SearchAction","target":{"@type":"EntryPoint","urlTemplate":"https:\/\/hubsch-interior.com\/da\/?s={search_term_string}"},"query-input":{"@type":"PropertyValueSpecification","valueRequired":true,"valueName":"search_term_string"}}],"inLanguage":"da-DK"},{"@type":"Organization","@id":"https:\/\/hubsch-interior.com\/da\/#organization","name":"H\u00fcbsch","url":"https:\/\/hubsch-interior.com\/da\/","logo":{"@type":"ImageObject","inLanguage":"da-DK","@id":"https:\/\/hubsch-interior.com\/da\/#\/schema\/logo\/image\/","url":"https:\/\/hubsch-interior.com\/wp-content\/uploads\/2022\/12\/Hubsch_logo_black_one_line.svg","contentUrl":"https:\/\/hubsch-interior.com\/wp-content\/uploads\/2022\/12\/Hubsch_logo_black_one_line.svg","caption":"H\u00fcbsch"},"image":{"@id":"https:\/\/hubsch-interior.com\/da\/#\/schema\/logo\/image\/"}}]}},"_links":{"self":[{"href":"https:\/\/hubsch-interior.com\/da\/wp-json\/wp\/v2\/product\/1089923","targetHints":{"allow":["GET"]}}],"collection":[{"href":"https:\/\/hubsch-interior.com\/da\/wp-json\/wp\/v2\/product"}],"about":[{"href":"https:\/\/hubsch-interior.com\/da\/wp-json\/wp\/v2\/types\/product"}],"wp:featuredmedia":[{"embeddable":true,"href":"https:\/\/hubsch-interior.com\/da\/wp-json\/wp\/v2\/media\/1116162"}],"wp:attachment":[{"href":"https:\/\/hubsch-interior.com\/da\/wp-json\/wp\/v2\/media?parent=1089923"}],"wp:term":[{"taxonomy":"product_brand","embeddable":true,"href":"https:\/\/hubsch-interior.com\/da\/wp-json\/wp\/v2\/product_brand?post=1089923"},{"taxonomy":"product_cat","embeddable":true,"href":"https:\/\/hubsch-interior.com\/da\/wp-json\/wp\/v2\/product_cat?post=1089923"},{"taxonomy":"product_tag","embeddable":true,"href":"https:\/\/hubsch-interior.com\/da\/wp-json\/wp\/v2\/product_tag?post=1089923"}],"curies":[{"name":"wp","href":"https:\/\/api.w.org\/{rel}","templated":true}]}}