{"id":1089987,"date":"2026-01-31T05:34:10","date_gmt":"2026-01-31T04:34:10","guid":{"rendered":"https:\/\/hubsch-interior.com\/product\/product\/"},"modified":"2026-04-06T05:21:53","modified_gmt":"2026-04-06T03:21:53","slug":"long-baenk-lysegron","status":"publish","type":"product","link":"https:\/\/hubsch-interior.com\/da\/vare\/long-baenk-lysegron\/","title":{"rendered":"Long B\u00e6nk Lysegr\u00f8n"},"content":{"rendered":"<p>Long B\u00e6nk er elegant udf\u00f8rt for at l\u00f8fte din spiseplads med sin charmerende lysegr\u00f8nne farve og subtile melerede effekt, der tilf\u00f8jer et blidt strejf af farve til dit hjem. Perfekt ved siden af spisebordet tilbyder denne b\u00e6nk et bl\u00f8dt og behageligt siddested for hele familien, hvor stil m\u00f8der dagligdagens praktik. Med stolthed OEKO-TEX\u00ae STANDARD 100 certificeret, garanterer den materialer af h\u00f8j kvalitet og sikkerhed, hvilket g\u00f8r hvert m\u00e5ltid b\u00e5de smukt og sikkert. Saml jer, slap af, og nyd komforten ved Long B\u00e6nk.<\/p>\n","protected":false},"excerpt":{"rendered":"<p>Long B\u00e6nk er elegant udf\u00f8rt for at l\u00f8fte din spiseplads med sin charmerende lysegr\u00f8nne farve og subtile melerede effekt, der tilf\u00f8jer et blidt strejf af farve til dit hjem. Perfekt ved siden af spisebordet tilbyder denne b\u00e6nk et bl\u00f8dt og behageligt siddested for hele familien, hvor stil m\u00f8der dagligdagens praktik. Med stolthed OEKO-TEX\u00ae STANDARD 100 [&hellip;]<\/p>\n","protected":false},"featured_media":1112315,"template":"","meta":{"_acf_changed":false,"inline_featured_image":false},"product_brand":[],"product_cat":[7153,2841,2876,5045],"product_tag":[],"class_list":{"0":"post-1089987","1":"product","2":"type-product","3":"status-publish","4":"has-post-thumbnail","6":"product_cat-dweller-da","7":"product_cat-siddemoebler-da","8":"product_cat-baenke-da","9":"product_cat-nyheder-da","10":"product_shipping_class-p05","12":"pa_color-lysegrn","13":"pa_material-jern-da","14":"pa_material-krydsfiner-da","15":"pa_material-polyester-95-da","17":"first","18":"instock","19":"taxable","20":"shipping-taxable","21":"purchasable","22":"product-type-simple"},"exclude_global_add_ons":[],"addons":[],"acf":[],"yoast_head":"<!-- This site is optimized with the Yoast SEO plugin v26.4 - https:\/\/yoast.com\/wordpress\/plugins\/seo\/ -->\n<title>Long B\u00e6nk Lysegr\u00f8n - H\u00fcbsch<\/title>\n<meta name=\"description\" content=\"Long B\u00e6nk er elegant udf\u00f8rt for at l\u00f8fte din spiseplads med sin charmerende lysegr\u00f8nne farve og subtile melerede effekt, der tilf\u00f8jer et blidt strejf af\" \/>\n<meta name=\"robots\" content=\"index, follow, max-snippet:-1, max-image-preview:large, max-video-preview:-1\" \/>\n<link rel=\"canonical\" href=\"https:\/\/hubsch-interior.com\/da\/wp-json\/wp\/v2\/product\/1089987\" \/>\n<meta property=\"og:locale\" content=\"da_DK\" \/>\n<meta property=\"og:type\" content=\"article\" \/>\n<meta property=\"og:title\" content=\"Long B\u00e6nk Lysegr\u00f8n - H\u00fcbsch\" \/>\n<meta property=\"og:description\" content=\"Long B\u00e6nk er elegant udf\u00f8rt for at l\u00f8fte din spiseplads med sin charmerende lysegr\u00f8nne farve og subtile melerede effekt, der tilf\u00f8jer et blidt strejf af\" \/>\n<meta property=\"og:url\" content=\"https:\/\/hubsch-interior.com\/da\/vare\/long-baenk-lysegron\/\" \/>\n<meta property=\"og:site_name\" content=\"H\u00fcbsch\" \/>\n<meta property=\"article:modified_time\" content=\"2026-04-06T03:21:53+00:00\" \/>\n<meta property=\"og:image\" content=\"https:\/\/hubsch-interior.com\/wp-content\/uploads\/2026\/02\/long-bench-light-green-d6389fbcdba429ecd803ec08a3bf8739.jpg\" \/>\n\t<meta property=\"og:image:width\" content=\"1024\" \/>\n\t<meta property=\"og:image:height\" content=\"1024\" \/>\n\t<meta property=\"og:image:type\" content=\"image\/jpeg\" \/>\n<meta name=\"twitter:card\" content=\"summary_large_image\" \/>\n<script type=\"application\/ld+json\" class=\"yoast-schema-graph\">{\"@context\":\"https:\/\/schema.org\",\"@graph\":[{\"@type\":\"WebPage\",\"@id\":\"https:\/\/hubsch-interior.com\/da\/vare\/long-baenk-lysegron\/\",\"url\":\"https:\/\/hubsch-interior.com\/da\/vare\/long-baenk-lysegron\/\",\"name\":\"Long B\u00e6nk Lysegr\u00f8n - H\u00fcbsch\",\"isPartOf\":{\"@id\":\"https:\/\/hubsch-interior.com\/da\/#website\"},\"primaryImageOfPage\":{\"@id\":\"https:\/\/hubsch-interior.com\/da\/vare\/long-baenk-lysegron\/#primaryimage\"},\"image\":{\"@id\":\"https:\/\/hubsch-interior.com\/da\/vare\/long-baenk-lysegron\/#primaryimage\"},\"thumbnailUrl\":\"https:\/\/hubsch-interior.com\/wp-content\/uploads\/2026\/02\/long-bench-light-green-d6389fbcdba429ecd803ec08a3bf8739.jpg\",\"datePublished\":\"2026-01-31T04:34:10+00:00\",\"dateModified\":\"2026-04-06T03:21:53+00:00\",\"description\":\"Long B\u00e6nk er elegant udf\u00f8rt for at l\u00f8fte din spiseplads med sin charmerende lysegr\u00f8nne farve og subtile melerede effekt, der tilf\u00f8jer et blidt strejf af\",\"breadcrumb\":{\"@id\":\"https:\/\/hubsch-interior.com\/da\/vare\/long-baenk-lysegron\/#breadcrumb\"},\"inLanguage\":\"da-DK\",\"potentialAction\":[{\"@type\":\"ReadAction\",\"target\":[\"https:\/\/hubsch-interior.com\/da\/vare\/long-baenk-lysegron\/\"]}]},{\"@type\":\"ImageObject\",\"inLanguage\":\"da-DK\",\"@id\":\"https:\/\/hubsch-interior.com\/da\/vare\/long-baenk-lysegron\/#primaryimage\",\"url\":\"https:\/\/hubsch-interior.com\/wp-content\/uploads\/2026\/02\/long-bench-light-green-d6389fbcdba429ecd803ec08a3bf8739.jpg\",\"contentUrl\":\"https:\/\/hubsch-interior.com\/wp-content\/uploads\/2026\/02\/long-bench-light-green-d6389fbcdba429ecd803ec08a3bf8739.jpg\",\"width\":1024,\"height\":1024},{\"@type\":\"BreadcrumbList\",\"@id\":\"https:\/\/hubsch-interior.com\/da\/vare\/long-baenk-lysegron\/#breadcrumb\",\"itemListElement\":[{\"@type\":\"ListItem\",\"position\":1,\"name\":\"Forside\",\"item\":\"https:\/\/hubsch-interior.com\/da\/\"},{\"@type\":\"ListItem\",\"position\":2,\"name\":\"Produkter\",\"item\":\"https:\/\/hubsch-interior.com\/da\/produkter\/\"},{\"@type\":\"ListItem\",\"position\":3,\"name\":\"M\u00f8bler\",\"item\":\"https:\/\/hubsch-interior.com\/da\/vare-kategori\/mobler\/\"},{\"@type\":\"ListItem\",\"position\":4,\"name\":\"Siddem&oslash;bler\",\"item\":\"https:\/\/hubsch-interior.com\/da\/vare-kategori\/mobler\/siddemoebler-da\/\"},{\"@type\":\"ListItem\",\"position\":5,\"name\":\"B&aelig;nke\",\"item\":\"https:\/\/hubsch-interior.com\/da\/vare-kategori\/mobler\/siddemoebler-da\/baenke-da\/\"},{\"@type\":\"ListItem\",\"position\":6,\"name\":\"Long B\u00e6nk Lysegr\u00f8n\"}]},{\"@type\":\"WebSite\",\"@id\":\"https:\/\/hubsch-interior.com\/da\/#website\",\"url\":\"https:\/\/hubsch-interior.com\/da\/\",\"name\":\"H\u00fcbsch\",\"description\":\"Danish Home Interior and Design\",\"publisher\":{\"@id\":\"https:\/\/hubsch-interior.com\/da\/#organization\"},\"potentialAction\":[{\"@type\":\"SearchAction\",\"target\":{\"@type\":\"EntryPoint\",\"urlTemplate\":\"https:\/\/hubsch-interior.com\/da\/?s={search_term_string}\"},\"query-input\":{\"@type\":\"PropertyValueSpecification\",\"valueRequired\":true,\"valueName\":\"search_term_string\"}}],\"inLanguage\":\"da-DK\"},{\"@type\":\"Organization\",\"@id\":\"https:\/\/hubsch-interior.com\/da\/#organization\",\"name\":\"H\u00fcbsch\",\"url\":\"https:\/\/hubsch-interior.com\/da\/\",\"logo\":{\"@type\":\"ImageObject\",\"inLanguage\":\"da-DK\",\"@id\":\"https:\/\/hubsch-interior.com\/da\/#\/schema\/logo\/image\/\",\"url\":\"https:\/\/hubsch-interior.com\/wp-content\/uploads\/2022\/12\/Hubsch_logo_black_one_line.svg\",\"contentUrl\":\"https:\/\/hubsch-interior.com\/wp-content\/uploads\/2022\/12\/Hubsch_logo_black_one_line.svg\",\"caption\":\"H\u00fcbsch\"},\"image\":{\"@id\":\"https:\/\/hubsch-interior.com\/da\/#\/schema\/logo\/image\/\"}}]}<\/script>\n<!-- \/ Yoast SEO plugin. -->","yoast_head_json":{"title":"Long B\u00e6nk Lysegr\u00f8n - H\u00fcbsch","description":"Long B\u00e6nk er elegant udf\u00f8rt for at l\u00f8fte din spiseplads med sin charmerende lysegr\u00f8nne farve og subtile melerede effekt, der tilf\u00f8jer et blidt strejf af","robots":{"index":"index","follow":"follow","max-snippet":"max-snippet:-1","max-image-preview":"max-image-preview:large","max-video-preview":"max-video-preview:-1"},"canonical":"https:\/\/hubsch-interior.com\/da\/wp-json\/wp\/v2\/product\/1089987","og_locale":"da_DK","og_type":"article","og_title":"Long B\u00e6nk Lysegr\u00f8n - H\u00fcbsch","og_description":"Long B\u00e6nk er elegant udf\u00f8rt for at l\u00f8fte din spiseplads med sin charmerende lysegr\u00f8nne farve og subtile melerede effekt, der tilf\u00f8jer et blidt strejf af","og_url":"https:\/\/hubsch-interior.com\/da\/vare\/long-baenk-lysegron\/","og_site_name":"H\u00fcbsch","article_modified_time":"2026-04-06T03:21:53+00:00","og_image":[{"width":1024,"height":1024,"url":"https:\/\/hubsch-interior.com\/wp-content\/uploads\/2026\/02\/long-bench-light-green-d6389fbcdba429ecd803ec08a3bf8739.jpg","type":"image\/jpeg"}],"twitter_card":"summary_large_image","schema":{"@context":"https:\/\/schema.org","@graph":[{"@type":"WebPage","@id":"https:\/\/hubsch-interior.com\/da\/vare\/long-baenk-lysegron\/","url":"https:\/\/hubsch-interior.com\/da\/vare\/long-baenk-lysegron\/","name":"Long B\u00e6nk Lysegr\u00f8n - H\u00fcbsch","isPartOf":{"@id":"https:\/\/hubsch-interior.com\/da\/#website"},"primaryImageOfPage":{"@id":"https:\/\/hubsch-interior.com\/da\/vare\/long-baenk-lysegron\/#primaryimage"},"image":{"@id":"https:\/\/hubsch-interior.com\/da\/vare\/long-baenk-lysegron\/#primaryimage"},"thumbnailUrl":"https:\/\/hubsch-interior.com\/wp-content\/uploads\/2026\/02\/long-bench-light-green-d6389fbcdba429ecd803ec08a3bf8739.jpg","datePublished":"2026-01-31T04:34:10+00:00","dateModified":"2026-04-06T03:21:53+00:00","description":"Long B\u00e6nk er elegant udf\u00f8rt for at l\u00f8fte din spiseplads med sin charmerende lysegr\u00f8nne farve og subtile melerede effekt, der tilf\u00f8jer et blidt strejf af","breadcrumb":{"@id":"https:\/\/hubsch-interior.com\/da\/vare\/long-baenk-lysegron\/#breadcrumb"},"inLanguage":"da-DK","potentialAction":[{"@type":"ReadAction","target":["https:\/\/hubsch-interior.com\/da\/vare\/long-baenk-lysegron\/"]}]},{"@type":"ImageObject","inLanguage":"da-DK","@id":"https:\/\/hubsch-interior.com\/da\/vare\/long-baenk-lysegron\/#primaryimage","url":"https:\/\/hubsch-interior.com\/wp-content\/uploads\/2026\/02\/long-bench-light-green-d6389fbcdba429ecd803ec08a3bf8739.jpg","contentUrl":"https:\/\/hubsch-interior.com\/wp-content\/uploads\/2026\/02\/long-bench-light-green-d6389fbcdba429ecd803ec08a3bf8739.jpg","width":1024,"height":1024},{"@type":"BreadcrumbList","@id":"https:\/\/hubsch-interior.com\/da\/vare\/long-baenk-lysegron\/#breadcrumb","itemListElement":[{"@type":"ListItem","position":1,"name":"Forside","item":"https:\/\/hubsch-interior.com\/da\/"},{"@type":"ListItem","position":2,"name":"Produkter","item":"https:\/\/hubsch-interior.com\/da\/produkter\/"},{"@type":"ListItem","position":3,"name":"M\u00f8bler","item":"https:\/\/hubsch-interior.com\/da\/vare-kategori\/mobler\/"},{"@type":"ListItem","position":4,"name":"Siddem&oslash;bler","item":"https:\/\/hubsch-interior.com\/da\/vare-kategori\/mobler\/siddemoebler-da\/"},{"@type":"ListItem","position":5,"name":"B&aelig;nke","item":"https:\/\/hubsch-interior.com\/da\/vare-kategori\/mobler\/siddemoebler-da\/baenke-da\/"},{"@type":"ListItem","position":6,"name":"Long B\u00e6nk Lysegr\u00f8n"}]},{"@type":"WebSite","@id":"https:\/\/hubsch-interior.com\/da\/#website","url":"https:\/\/hubsch-interior.com\/da\/","name":"H\u00fcbsch","description":"Danish Home Interior and Design","publisher":{"@id":"https:\/\/hubsch-interior.com\/da\/#organization"},"potentialAction":[{"@type":"SearchAction","target":{"@type":"EntryPoint","urlTemplate":"https:\/\/hubsch-interior.com\/da\/?s={search_term_string}"},"query-input":{"@type":"PropertyValueSpecification","valueRequired":true,"valueName":"search_term_string"}}],"inLanguage":"da-DK"},{"@type":"Organization","@id":"https:\/\/hubsch-interior.com\/da\/#organization","name":"H\u00fcbsch","url":"https:\/\/hubsch-interior.com\/da\/","logo":{"@type":"ImageObject","inLanguage":"da-DK","@id":"https:\/\/hubsch-interior.com\/da\/#\/schema\/logo\/image\/","url":"https:\/\/hubsch-interior.com\/wp-content\/uploads\/2022\/12\/Hubsch_logo_black_one_line.svg","contentUrl":"https:\/\/hubsch-interior.com\/wp-content\/uploads\/2022\/12\/Hubsch_logo_black_one_line.svg","caption":"H\u00fcbsch"},"image":{"@id":"https:\/\/hubsch-interior.com\/da\/#\/schema\/logo\/image\/"}}]}},"_links":{"self":[{"href":"https:\/\/hubsch-interior.com\/da\/wp-json\/wp\/v2\/product\/1089987","targetHints":{"allow":["GET"]}}],"collection":[{"href":"https:\/\/hubsch-interior.com\/da\/wp-json\/wp\/v2\/product"}],"about":[{"href":"https:\/\/hubsch-interior.com\/da\/wp-json\/wp\/v2\/types\/product"}],"wp:featuredmedia":[{"embeddable":true,"href":"https:\/\/hubsch-interior.com\/da\/wp-json\/wp\/v2\/media\/1112315"}],"wp:attachment":[{"href":"https:\/\/hubsch-interior.com\/da\/wp-json\/wp\/v2\/media?parent=1089987"}],"wp:term":[{"taxonomy":"product_brand","embeddable":true,"href":"https:\/\/hubsch-interior.com\/da\/wp-json\/wp\/v2\/product_brand?post=1089987"},{"taxonomy":"product_cat","embeddable":true,"href":"https:\/\/hubsch-interior.com\/da\/wp-json\/wp\/v2\/product_cat?post=1089987"},{"taxonomy":"product_tag","embeddable":true,"href":"https:\/\/hubsch-interior.com\/da\/wp-json\/wp\/v2\/product_tag?post=1089987"}],"curies":[{"name":"wp","href":"https:\/\/api.w.org\/{rel}","templated":true}]}}