{"id":1090015,"date":"2026-01-31T05:34:28","date_gmt":"2026-01-31T04:34:28","guid":{"rendered":"https:\/\/hubsch-interior.com\/product\/product\/"},"modified":"2026-04-26T05:34:47","modified_gmt":"2026-04-26T03:34:47","slug":"crayon-rullebord-natur","status":"publish","type":"product","link":"https:\/\/hubsch-interior.com\/da\/vare\/crayon-rullebord-natur\/","title":{"rendered":"Crayon Rullebord Natur"},"content":{"rendered":"<p>Oplev charmen og alsidigheden ved vores Crayon Rullebord, fremstillet af FSC-certificeret tr\u00e6 med en stilfuld finish i eg. Dets grafiske form og naturlige nuancer tilf\u00f8jer elegance til ethvert rum. Perfekt til kontoret, hvor det nemt organiserer alle dine v\u00e6rkt\u00f8jer og papirer. Eller flyt det derhen, hvor du har brug for det i stuen, hvor det fungerer som et dejligt ekstra bord til dine b\u00f8ger og drikkevarer. En sk\u00f8n blanding af form og funktion, kun et rul v\u00e6k!<\/p>\n","protected":false},"excerpt":{"rendered":"<p>Oplev charmen og alsidigheden ved vores Crayon Rullebord, fremstillet af FSC-certificeret tr\u00e6 med en stilfuld finish i eg. Dets grafiske form og naturlige nuancer tilf\u00f8jer elegance til ethvert rum. Perfekt til kontoret, hvor det nemt organiserer alle dine v\u00e6rkt\u00f8jer og papirer. Eller flyt det derhen, hvor du har brug for det i stuen, hvor det [&hellip;]<\/p>\n","protected":false},"featured_media":1112379,"template":"","meta":{"_acf_changed":false,"inline_featured_image":false},"product_brand":[],"product_cat":[5025,2857,7153,6321,5045,6358],"product_tag":[],"class_list":{"0":"post-1090015","1":"product","2":"type-product","3":"status-publish","4":"has-post-thumbnail","6":"product_cat-bestsellers-da","7":"product_cat-borde-da","8":"product_cat-dweller-da","9":"product_cat-fsc-da","10":"product_cat-nyheder-da","11":"product_cat-rulleborde-da","12":"product_shipping_class-pk","14":"pa_color-natur-2","15":"pa_material-egetr","16":"pa_material-egetrsfiner","17":"pa_material-mdf-da","19":"first","20":"instock","21":"featured","22":"taxable","23":"shipping-taxable","24":"purchasable","25":"product-type-simple"},"exclude_global_add_ons":[],"addons":[],"acf":[],"yoast_head":"<!-- This site is optimized with the Yoast SEO plugin v26.4 - https:\/\/yoast.com\/wordpress\/plugins\/seo\/ -->\n<title>Crayon Rullebord Natur - H\u00fcbsch<\/title>\n<meta name=\"description\" content=\"Oplev charmen og alsidigheden ved vores Crayon Rullebord, fremstillet af FSC-certificeret tr\u00e6 med en stilfuld finish i eg. Dets grafiske form og naturlige\" \/>\n<meta name=\"robots\" content=\"index, follow, max-snippet:-1, max-image-preview:large, max-video-preview:-1\" \/>\n<link rel=\"canonical\" href=\"https:\/\/hubsch-interior.com\/da\/wp-json\/wp\/v2\/product\/1090015\" \/>\n<meta property=\"og:locale\" content=\"da_DK\" \/>\n<meta property=\"og:type\" content=\"article\" \/>\n<meta property=\"og:title\" content=\"Crayon Rullebord Natur - H\u00fcbsch\" \/>\n<meta property=\"og:description\" content=\"Oplev charmen og alsidigheden ved vores Crayon Rullebord, fremstillet af FSC-certificeret tr\u00e6 med en stilfuld finish i eg. Dets grafiske form og naturlige\" \/>\n<meta property=\"og:url\" content=\"https:\/\/hubsch-interior.com\/da\/vare\/crayon-rullebord-natur\/\" \/>\n<meta property=\"og:site_name\" content=\"H\u00fcbsch\" \/>\n<meta property=\"article:modified_time\" content=\"2026-04-26T03:34:47+00:00\" \/>\n<meta property=\"og:image\" content=\"https:\/\/hubsch-interior.com\/wp-content\/uploads\/2026\/01\/crayon-trolley-natural-9e0107c423527e5b13cdc23d790e6ca2.jpg\" \/>\n\t<meta property=\"og:image:width\" content=\"1200\" \/>\n\t<meta property=\"og:image:height\" content=\"1200\" \/>\n\t<meta property=\"og:image:type\" content=\"image\/jpeg\" \/>\n<meta name=\"twitter:card\" content=\"summary_large_image\" \/>\n<script type=\"application\/ld+json\" class=\"yoast-schema-graph\">{\"@context\":\"https:\/\/schema.org\",\"@graph\":[{\"@type\":\"WebPage\",\"@id\":\"https:\/\/hubsch-interior.com\/da\/vare\/crayon-rullebord-natur\/\",\"url\":\"https:\/\/hubsch-interior.com\/da\/vare\/crayon-rullebord-natur\/\",\"name\":\"Crayon Rullebord Natur - H\u00fcbsch\",\"isPartOf\":{\"@id\":\"https:\/\/hubsch-interior.com\/da\/#website\"},\"primaryImageOfPage\":{\"@id\":\"https:\/\/hubsch-interior.com\/da\/vare\/crayon-rullebord-natur\/#primaryimage\"},\"image\":{\"@id\":\"https:\/\/hubsch-interior.com\/da\/vare\/crayon-rullebord-natur\/#primaryimage\"},\"thumbnailUrl\":\"https:\/\/hubsch-interior.com\/wp-content\/uploads\/2026\/02\/crayon-trolley-natural-1d5d6bd53b5511a916da20c208eda2af.jpg\",\"datePublished\":\"2026-01-31T04:34:28+00:00\",\"dateModified\":\"2026-04-26T03:34:47+00:00\",\"description\":\"Oplev charmen og alsidigheden ved vores Crayon Rullebord, fremstillet af FSC-certificeret tr\u00e6 med en stilfuld finish i eg. Dets grafiske form og naturlige\",\"breadcrumb\":{\"@id\":\"https:\/\/hubsch-interior.com\/da\/vare\/crayon-rullebord-natur\/#breadcrumb\"},\"inLanguage\":\"da-DK\",\"potentialAction\":[{\"@type\":\"ReadAction\",\"target\":[\"https:\/\/hubsch-interior.com\/da\/vare\/crayon-rullebord-natur\/\"]}]},{\"@type\":\"ImageObject\",\"inLanguage\":\"da-DK\",\"@id\":\"https:\/\/hubsch-interior.com\/da\/vare\/crayon-rullebord-natur\/#primaryimage\",\"url\":\"https:\/\/hubsch-interior.com\/wp-content\/uploads\/2026\/02\/crayon-trolley-natural-1d5d6bd53b5511a916da20c208eda2af.jpg\",\"contentUrl\":\"https:\/\/hubsch-interior.com\/wp-content\/uploads\/2026\/02\/crayon-trolley-natural-1d5d6bd53b5511a916da20c208eda2af.jpg\",\"width\":1024,\"height\":1024},{\"@type\":\"BreadcrumbList\",\"@id\":\"https:\/\/hubsch-interior.com\/da\/vare\/crayon-rullebord-natur\/#breadcrumb\",\"itemListElement\":[{\"@type\":\"ListItem\",\"position\":1,\"name\":\"Forside\",\"item\":\"https:\/\/hubsch-interior.com\/da\/\"},{\"@type\":\"ListItem\",\"position\":2,\"name\":\"Produkter\",\"item\":\"https:\/\/hubsch-interior.com\/da\/produkter\/\"},{\"@type\":\"ListItem\",\"position\":3,\"name\":\"Crayon Rullebord Natur\"}]},{\"@type\":\"WebSite\",\"@id\":\"https:\/\/hubsch-interior.com\/da\/#website\",\"url\":\"https:\/\/hubsch-interior.com\/da\/\",\"name\":\"H\u00fcbsch\",\"description\":\"Danish Home Interior and Design\",\"publisher\":{\"@id\":\"https:\/\/hubsch-interior.com\/da\/#organization\"},\"potentialAction\":[{\"@type\":\"SearchAction\",\"target\":{\"@type\":\"EntryPoint\",\"urlTemplate\":\"https:\/\/hubsch-interior.com\/da\/?s={search_term_string}\"},\"query-input\":{\"@type\":\"PropertyValueSpecification\",\"valueRequired\":true,\"valueName\":\"search_term_string\"}}],\"inLanguage\":\"da-DK\"},{\"@type\":\"Organization\",\"@id\":\"https:\/\/hubsch-interior.com\/da\/#organization\",\"name\":\"H\u00fcbsch\",\"url\":\"https:\/\/hubsch-interior.com\/da\/\",\"logo\":{\"@type\":\"ImageObject\",\"inLanguage\":\"da-DK\",\"@id\":\"https:\/\/hubsch-interior.com\/da\/#\/schema\/logo\/image\/\",\"url\":\"https:\/\/hubsch-interior.com\/wp-content\/uploads\/2022\/12\/Hubsch_logo_black_one_line.svg\",\"contentUrl\":\"https:\/\/hubsch-interior.com\/wp-content\/uploads\/2022\/12\/Hubsch_logo_black_one_line.svg\",\"caption\":\"H\u00fcbsch\"},\"image\":{\"@id\":\"https:\/\/hubsch-interior.com\/da\/#\/schema\/logo\/image\/\"}}]}<\/script>\n<!-- \/ Yoast SEO plugin. -->","yoast_head_json":{"title":"Crayon Rullebord Natur - H\u00fcbsch","description":"Oplev charmen og alsidigheden ved vores Crayon Rullebord, fremstillet af FSC-certificeret tr\u00e6 med en stilfuld finish i eg. Dets grafiske form og naturlige","robots":{"index":"index","follow":"follow","max-snippet":"max-snippet:-1","max-image-preview":"max-image-preview:large","max-video-preview":"max-video-preview:-1"},"canonical":"https:\/\/hubsch-interior.com\/da\/wp-json\/wp\/v2\/product\/1090015","og_locale":"da_DK","og_type":"article","og_title":"Crayon Rullebord Natur - H\u00fcbsch","og_description":"Oplev charmen og alsidigheden ved vores Crayon Rullebord, fremstillet af FSC-certificeret tr\u00e6 med en stilfuld finish i eg. Dets grafiske form og naturlige","og_url":"https:\/\/hubsch-interior.com\/da\/vare\/crayon-rullebord-natur\/","og_site_name":"H\u00fcbsch","article_modified_time":"2026-04-26T03:34:47+00:00","og_image":[{"width":1200,"height":1200,"url":"https:\/\/hubsch-interior.com\/wp-content\/uploads\/2026\/01\/crayon-trolley-natural-9e0107c423527e5b13cdc23d790e6ca2.jpg","type":"image\/jpeg"}],"twitter_card":"summary_large_image","schema":{"@context":"https:\/\/schema.org","@graph":[{"@type":"WebPage","@id":"https:\/\/hubsch-interior.com\/da\/vare\/crayon-rullebord-natur\/","url":"https:\/\/hubsch-interior.com\/da\/vare\/crayon-rullebord-natur\/","name":"Crayon Rullebord Natur - H\u00fcbsch","isPartOf":{"@id":"https:\/\/hubsch-interior.com\/da\/#website"},"primaryImageOfPage":{"@id":"https:\/\/hubsch-interior.com\/da\/vare\/crayon-rullebord-natur\/#primaryimage"},"image":{"@id":"https:\/\/hubsch-interior.com\/da\/vare\/crayon-rullebord-natur\/#primaryimage"},"thumbnailUrl":"https:\/\/hubsch-interior.com\/wp-content\/uploads\/2026\/02\/crayon-trolley-natural-1d5d6bd53b5511a916da20c208eda2af.jpg","datePublished":"2026-01-31T04:34:28+00:00","dateModified":"2026-04-26T03:34:47+00:00","description":"Oplev charmen og alsidigheden ved vores Crayon Rullebord, fremstillet af FSC-certificeret tr\u00e6 med en stilfuld finish i eg. Dets grafiske form og naturlige","breadcrumb":{"@id":"https:\/\/hubsch-interior.com\/da\/vare\/crayon-rullebord-natur\/#breadcrumb"},"inLanguage":"da-DK","potentialAction":[{"@type":"ReadAction","target":["https:\/\/hubsch-interior.com\/da\/vare\/crayon-rullebord-natur\/"]}]},{"@type":"ImageObject","inLanguage":"da-DK","@id":"https:\/\/hubsch-interior.com\/da\/vare\/crayon-rullebord-natur\/#primaryimage","url":"https:\/\/hubsch-interior.com\/wp-content\/uploads\/2026\/02\/crayon-trolley-natural-1d5d6bd53b5511a916da20c208eda2af.jpg","contentUrl":"https:\/\/hubsch-interior.com\/wp-content\/uploads\/2026\/02\/crayon-trolley-natural-1d5d6bd53b5511a916da20c208eda2af.jpg","width":1024,"height":1024},{"@type":"BreadcrumbList","@id":"https:\/\/hubsch-interior.com\/da\/vare\/crayon-rullebord-natur\/#breadcrumb","itemListElement":[{"@type":"ListItem","position":1,"name":"Forside","item":"https:\/\/hubsch-interior.com\/da\/"},{"@type":"ListItem","position":2,"name":"Produkter","item":"https:\/\/hubsch-interior.com\/da\/produkter\/"},{"@type":"ListItem","position":3,"name":"Crayon Rullebord Natur"}]},{"@type":"WebSite","@id":"https:\/\/hubsch-interior.com\/da\/#website","url":"https:\/\/hubsch-interior.com\/da\/","name":"H\u00fcbsch","description":"Danish Home Interior and Design","publisher":{"@id":"https:\/\/hubsch-interior.com\/da\/#organization"},"potentialAction":[{"@type":"SearchAction","target":{"@type":"EntryPoint","urlTemplate":"https:\/\/hubsch-interior.com\/da\/?s={search_term_string}"},"query-input":{"@type":"PropertyValueSpecification","valueRequired":true,"valueName":"search_term_string"}}],"inLanguage":"da-DK"},{"@type":"Organization","@id":"https:\/\/hubsch-interior.com\/da\/#organization","name":"H\u00fcbsch","url":"https:\/\/hubsch-interior.com\/da\/","logo":{"@type":"ImageObject","inLanguage":"da-DK","@id":"https:\/\/hubsch-interior.com\/da\/#\/schema\/logo\/image\/","url":"https:\/\/hubsch-interior.com\/wp-content\/uploads\/2022\/12\/Hubsch_logo_black_one_line.svg","contentUrl":"https:\/\/hubsch-interior.com\/wp-content\/uploads\/2022\/12\/Hubsch_logo_black_one_line.svg","caption":"H\u00fcbsch"},"image":{"@id":"https:\/\/hubsch-interior.com\/da\/#\/schema\/logo\/image\/"}}]}},"_links":{"self":[{"href":"https:\/\/hubsch-interior.com\/da\/wp-json\/wp\/v2\/product\/1090015","targetHints":{"allow":["GET"]}}],"collection":[{"href":"https:\/\/hubsch-interior.com\/da\/wp-json\/wp\/v2\/product"}],"about":[{"href":"https:\/\/hubsch-interior.com\/da\/wp-json\/wp\/v2\/types\/product"}],"wp:featuredmedia":[{"embeddable":true,"href":"https:\/\/hubsch-interior.com\/da\/wp-json\/wp\/v2\/media\/1112379"}],"wp:attachment":[{"href":"https:\/\/hubsch-interior.com\/da\/wp-json\/wp\/v2\/media?parent=1090015"}],"wp:term":[{"taxonomy":"product_brand","embeddable":true,"href":"https:\/\/hubsch-interior.com\/da\/wp-json\/wp\/v2\/product_brand?post=1090015"},{"taxonomy":"product_cat","embeddable":true,"href":"https:\/\/hubsch-interior.com\/da\/wp-json\/wp\/v2\/product_cat?post=1090015"},{"taxonomy":"product_tag","embeddable":true,"href":"https:\/\/hubsch-interior.com\/da\/wp-json\/wp\/v2\/product_tag?post=1090015"}],"curies":[{"name":"wp","href":"https:\/\/api.w.org\/{rel}","templated":true}]}}