{"id":1090031,"date":"2026-01-31T05:34:45","date_gmt":"2026-01-31T04:34:45","guid":{"rendered":"https:\/\/hubsch-interior.com\/product\/product\/"},"modified":"2026-04-02T05:28:18","modified_gmt":"2026-04-02T03:28:18","slug":"haus-spisestol-brun","status":"publish","type":"product","link":"https:\/\/hubsch-interior.com\/da\/vare\/haus-spisestol-brun\/","title":{"rendered":"Haus Spisestol Brun"},"content":{"rendered":"<p>Kraftige linjer, bl\u00f8de landinger. Haus Spisestol i dyb brun kombinerer arkitektonisk styrke med daglig komfort. Dens grafiske stel i m\u00f8rkt bejdset tr\u00e6 st\u00e5r i smuk kontrast til de dybbl\u00e5 hynder og tilbyder et udseende, der b\u00e5de f\u00f8les raffineret og afslappet. P\u00e5 trods af dens robuste silhuet er den overraskende let \u2013 nem at flytte, men med en markant tilstedev\u00e6relse. Tilg\u00e6ngelig i to dristige varianter, inviterer denne stol dig til at s\u00e6nke farten, blive l\u00e6ngere og nyde hvert \u00f8jeblik ved bordet. Fordi enhver stor samtale fortjener en stol, der er bygget til at blive h\u00e6ngende ved.<\/p>\n","protected":false},"excerpt":{"rendered":"<p>Kraftige linjer, bl\u00f8de landinger. Haus Spisestol i dyb brun kombinerer arkitektonisk styrke med daglig komfort. Dens grafiske stel i m\u00f8rkt bejdset tr\u00e6 st\u00e5r i smuk kontrast til de dybbl\u00e5 hynder og tilbyder et udseende, der b\u00e5de f\u00f8les raffineret og afslappet. P\u00e5 trods af dens robuste silhuet er den overraskende let \u2013 nem at flytte, men [&hellip;]<\/p>\n","protected":false},"featured_media":1112395,"template":"","meta":{"_acf_changed":false,"inline_featured_image":false},"product_brand":[],"product_cat":[7153,7097,5011],"product_tag":[],"class_list":{"0":"post-1090031","1":"product","2":"type-product","3":"status-publish","4":"has-post-thumbnail","6":"product_cat-dweller-da","7":"product_cat-havestole-da","8":"product_cat-havemoebler-da","9":"product_shipping_class-pk","11":"pa_color-brun","12":"pa_material-aluminium-da","13":"pa_material-olefin-2","15":"first","16":"outofstock","17":"taxable","18":"shipping-taxable","19":"purchasable","20":"product-type-simple"},"exclude_global_add_ons":[],"addons":[],"acf":[],"yoast_head":"<!-- This site is optimized with the Yoast SEO plugin v26.4 - https:\/\/yoast.com\/wordpress\/plugins\/seo\/ -->\n<title>Haus Spisestol Brun - H\u00fcbsch<\/title>\n<meta name=\"description\" content=\"Kraftige linjer, bl\u00f8de landinger. Haus Spisestol i dyb brun kombinerer arkitektonisk styrke med daglig komfort. Dens grafiske stel i m\u00f8rkt bejdset tr\u00e6\" \/>\n<meta name=\"robots\" content=\"index, follow, max-snippet:-1, max-image-preview:large, max-video-preview:-1\" \/>\n<link rel=\"canonical\" href=\"https:\/\/hubsch-interior.com\/da\/wp-json\/wp\/v2\/product\/1090031\" \/>\n<meta property=\"og:locale\" content=\"da_DK\" \/>\n<meta property=\"og:type\" content=\"article\" \/>\n<meta property=\"og:title\" content=\"Haus Spisestol Brun - H\u00fcbsch\" \/>\n<meta property=\"og:description\" content=\"Kraftige linjer, bl\u00f8de landinger. Haus Spisestol i dyb brun kombinerer arkitektonisk styrke med daglig komfort. Dens grafiske stel i m\u00f8rkt bejdset tr\u00e6\" \/>\n<meta property=\"og:url\" content=\"https:\/\/hubsch-interior.com\/da\/vare\/haus-spisestol-brun\/\" \/>\n<meta property=\"og:site_name\" content=\"H\u00fcbsch\" \/>\n<meta property=\"article:modified_time\" content=\"2026-04-02T03:28:18+00:00\" \/>\n<meta property=\"og:image\" content=\"https:\/\/hubsch-interior.com\/wp-content\/uploads\/2026\/01\/haus-dining-chair-brown-bcff4d81415e9da68966a9693ae92367.jpg\" \/>\n\t<meta property=\"og:image:width\" content=\"1200\" \/>\n\t<meta property=\"og:image:height\" content=\"1200\" \/>\n\t<meta property=\"og:image:type\" content=\"image\/jpeg\" \/>\n<meta name=\"twitter:card\" content=\"summary_large_image\" \/>\n<meta name=\"twitter:label1\" content=\"Estimeret l\u00e6setid\" \/>\n\t<meta name=\"twitter:data1\" content=\"1 minut\" \/>\n<script type=\"application\/ld+json\" class=\"yoast-schema-graph\">{\"@context\":\"https:\/\/schema.org\",\"@graph\":[{\"@type\":\"WebPage\",\"@id\":\"https:\/\/hubsch-interior.com\/da\/vare\/haus-spisestol-brun\/\",\"url\":\"https:\/\/hubsch-interior.com\/da\/vare\/haus-spisestol-brun\/\",\"name\":\"Haus Spisestol Brun - H\u00fcbsch\",\"isPartOf\":{\"@id\":\"https:\/\/hubsch-interior.com\/da\/#website\"},\"primaryImageOfPage\":{\"@id\":\"https:\/\/hubsch-interior.com\/da\/vare\/haus-spisestol-brun\/#primaryimage\"},\"image\":{\"@id\":\"https:\/\/hubsch-interior.com\/da\/vare\/haus-spisestol-brun\/#primaryimage\"},\"thumbnailUrl\":\"https:\/\/hubsch-interior.com\/wp-content\/uploads\/2026\/02\/haus-dining-chair-brown-f1d25c613e80645dfd07eeb40402bd63.jpg\",\"datePublished\":\"2026-01-31T04:34:45+00:00\",\"dateModified\":\"2026-04-02T03:28:18+00:00\",\"description\":\"Kraftige linjer, bl\u00f8de landinger. Haus Spisestol i dyb brun kombinerer arkitektonisk styrke med daglig komfort. Dens grafiske stel i m\u00f8rkt bejdset tr\u00e6\",\"breadcrumb\":{\"@id\":\"https:\/\/hubsch-interior.com\/da\/vare\/haus-spisestol-brun\/#breadcrumb\"},\"inLanguage\":\"da-DK\",\"potentialAction\":[{\"@type\":\"ReadAction\",\"target\":[\"https:\/\/hubsch-interior.com\/da\/vare\/haus-spisestol-brun\/\"]}]},{\"@type\":\"ImageObject\",\"inLanguage\":\"da-DK\",\"@id\":\"https:\/\/hubsch-interior.com\/da\/vare\/haus-spisestol-brun\/#primaryimage\",\"url\":\"https:\/\/hubsch-interior.com\/wp-content\/uploads\/2026\/02\/haus-dining-chair-brown-f1d25c613e80645dfd07eeb40402bd63.jpg\",\"contentUrl\":\"https:\/\/hubsch-interior.com\/wp-content\/uploads\/2026\/02\/haus-dining-chair-brown-f1d25c613e80645dfd07eeb40402bd63.jpg\",\"width\":1024,\"height\":1024},{\"@type\":\"BreadcrumbList\",\"@id\":\"https:\/\/hubsch-interior.com\/da\/vare\/haus-spisestol-brun\/#breadcrumb\",\"itemListElement\":[{\"@type\":\"ListItem\",\"position\":1,\"name\":\"Forside\",\"item\":\"https:\/\/hubsch-interior.com\/da\/\"},{\"@type\":\"ListItem\",\"position\":2,\"name\":\"Produkter\",\"item\":\"https:\/\/hubsch-interior.com\/da\/produkter\/\"},{\"@type\":\"ListItem\",\"position\":3,\"name\":\"Haus Spisestol Brun\"}]},{\"@type\":\"WebSite\",\"@id\":\"https:\/\/hubsch-interior.com\/da\/#website\",\"url\":\"https:\/\/hubsch-interior.com\/da\/\",\"name\":\"H\u00fcbsch\",\"description\":\"Danish Home Interior and Design\",\"publisher\":{\"@id\":\"https:\/\/hubsch-interior.com\/da\/#organization\"},\"potentialAction\":[{\"@type\":\"SearchAction\",\"target\":{\"@type\":\"EntryPoint\",\"urlTemplate\":\"https:\/\/hubsch-interior.com\/da\/?s={search_term_string}\"},\"query-input\":{\"@type\":\"PropertyValueSpecification\",\"valueRequired\":true,\"valueName\":\"search_term_string\"}}],\"inLanguage\":\"da-DK\"},{\"@type\":\"Organization\",\"@id\":\"https:\/\/hubsch-interior.com\/da\/#organization\",\"name\":\"H\u00fcbsch\",\"url\":\"https:\/\/hubsch-interior.com\/da\/\",\"logo\":{\"@type\":\"ImageObject\",\"inLanguage\":\"da-DK\",\"@id\":\"https:\/\/hubsch-interior.com\/da\/#\/schema\/logo\/image\/\",\"url\":\"https:\/\/hubsch-interior.com\/wp-content\/uploads\/2022\/12\/Hubsch_logo_black_one_line.svg\",\"contentUrl\":\"https:\/\/hubsch-interior.com\/wp-content\/uploads\/2022\/12\/Hubsch_logo_black_one_line.svg\",\"caption\":\"H\u00fcbsch\"},\"image\":{\"@id\":\"https:\/\/hubsch-interior.com\/da\/#\/schema\/logo\/image\/\"}}]}<\/script>\n<!-- \/ Yoast SEO plugin. -->","yoast_head_json":{"title":"Haus Spisestol Brun - H\u00fcbsch","description":"Kraftige linjer, bl\u00f8de landinger. Haus Spisestol i dyb brun kombinerer arkitektonisk styrke med daglig komfort. Dens grafiske stel i m\u00f8rkt bejdset tr\u00e6","robots":{"index":"index","follow":"follow","max-snippet":"max-snippet:-1","max-image-preview":"max-image-preview:large","max-video-preview":"max-video-preview:-1"},"canonical":"https:\/\/hubsch-interior.com\/da\/wp-json\/wp\/v2\/product\/1090031","og_locale":"da_DK","og_type":"article","og_title":"Haus Spisestol Brun - H\u00fcbsch","og_description":"Kraftige linjer, bl\u00f8de landinger. Haus Spisestol i dyb brun kombinerer arkitektonisk styrke med daglig komfort. Dens grafiske stel i m\u00f8rkt bejdset tr\u00e6","og_url":"https:\/\/hubsch-interior.com\/da\/vare\/haus-spisestol-brun\/","og_site_name":"H\u00fcbsch","article_modified_time":"2026-04-02T03:28:18+00:00","og_image":[{"width":1200,"height":1200,"url":"https:\/\/hubsch-interior.com\/wp-content\/uploads\/2026\/01\/haus-dining-chair-brown-bcff4d81415e9da68966a9693ae92367.jpg","type":"image\/jpeg"}],"twitter_card":"summary_large_image","twitter_misc":{"Estimeret l\u00e6setid":"1 minut"},"schema":{"@context":"https:\/\/schema.org","@graph":[{"@type":"WebPage","@id":"https:\/\/hubsch-interior.com\/da\/vare\/haus-spisestol-brun\/","url":"https:\/\/hubsch-interior.com\/da\/vare\/haus-spisestol-brun\/","name":"Haus Spisestol Brun - H\u00fcbsch","isPartOf":{"@id":"https:\/\/hubsch-interior.com\/da\/#website"},"primaryImageOfPage":{"@id":"https:\/\/hubsch-interior.com\/da\/vare\/haus-spisestol-brun\/#primaryimage"},"image":{"@id":"https:\/\/hubsch-interior.com\/da\/vare\/haus-spisestol-brun\/#primaryimage"},"thumbnailUrl":"https:\/\/hubsch-interior.com\/wp-content\/uploads\/2026\/02\/haus-dining-chair-brown-f1d25c613e80645dfd07eeb40402bd63.jpg","datePublished":"2026-01-31T04:34:45+00:00","dateModified":"2026-04-02T03:28:18+00:00","description":"Kraftige linjer, bl\u00f8de landinger. Haus Spisestol i dyb brun kombinerer arkitektonisk styrke med daglig komfort. Dens grafiske stel i m\u00f8rkt bejdset tr\u00e6","breadcrumb":{"@id":"https:\/\/hubsch-interior.com\/da\/vare\/haus-spisestol-brun\/#breadcrumb"},"inLanguage":"da-DK","potentialAction":[{"@type":"ReadAction","target":["https:\/\/hubsch-interior.com\/da\/vare\/haus-spisestol-brun\/"]}]},{"@type":"ImageObject","inLanguage":"da-DK","@id":"https:\/\/hubsch-interior.com\/da\/vare\/haus-spisestol-brun\/#primaryimage","url":"https:\/\/hubsch-interior.com\/wp-content\/uploads\/2026\/02\/haus-dining-chair-brown-f1d25c613e80645dfd07eeb40402bd63.jpg","contentUrl":"https:\/\/hubsch-interior.com\/wp-content\/uploads\/2026\/02\/haus-dining-chair-brown-f1d25c613e80645dfd07eeb40402bd63.jpg","width":1024,"height":1024},{"@type":"BreadcrumbList","@id":"https:\/\/hubsch-interior.com\/da\/vare\/haus-spisestol-brun\/#breadcrumb","itemListElement":[{"@type":"ListItem","position":1,"name":"Forside","item":"https:\/\/hubsch-interior.com\/da\/"},{"@type":"ListItem","position":2,"name":"Produkter","item":"https:\/\/hubsch-interior.com\/da\/produkter\/"},{"@type":"ListItem","position":3,"name":"Haus Spisestol Brun"}]},{"@type":"WebSite","@id":"https:\/\/hubsch-interior.com\/da\/#website","url":"https:\/\/hubsch-interior.com\/da\/","name":"H\u00fcbsch","description":"Danish Home Interior and Design","publisher":{"@id":"https:\/\/hubsch-interior.com\/da\/#organization"},"potentialAction":[{"@type":"SearchAction","target":{"@type":"EntryPoint","urlTemplate":"https:\/\/hubsch-interior.com\/da\/?s={search_term_string}"},"query-input":{"@type":"PropertyValueSpecification","valueRequired":true,"valueName":"search_term_string"}}],"inLanguage":"da-DK"},{"@type":"Organization","@id":"https:\/\/hubsch-interior.com\/da\/#organization","name":"H\u00fcbsch","url":"https:\/\/hubsch-interior.com\/da\/","logo":{"@type":"ImageObject","inLanguage":"da-DK","@id":"https:\/\/hubsch-interior.com\/da\/#\/schema\/logo\/image\/","url":"https:\/\/hubsch-interior.com\/wp-content\/uploads\/2022\/12\/Hubsch_logo_black_one_line.svg","contentUrl":"https:\/\/hubsch-interior.com\/wp-content\/uploads\/2022\/12\/Hubsch_logo_black_one_line.svg","caption":"H\u00fcbsch"},"image":{"@id":"https:\/\/hubsch-interior.com\/da\/#\/schema\/logo\/image\/"}}]}},"_links":{"self":[{"href":"https:\/\/hubsch-interior.com\/da\/wp-json\/wp\/v2\/product\/1090031","targetHints":{"allow":["GET"]}}],"collection":[{"href":"https:\/\/hubsch-interior.com\/da\/wp-json\/wp\/v2\/product"}],"about":[{"href":"https:\/\/hubsch-interior.com\/da\/wp-json\/wp\/v2\/types\/product"}],"wp:featuredmedia":[{"embeddable":true,"href":"https:\/\/hubsch-interior.com\/da\/wp-json\/wp\/v2\/media\/1112395"}],"wp:attachment":[{"href":"https:\/\/hubsch-interior.com\/da\/wp-json\/wp\/v2\/media?parent=1090031"}],"wp:term":[{"taxonomy":"product_brand","embeddable":true,"href":"https:\/\/hubsch-interior.com\/da\/wp-json\/wp\/v2\/product_brand?post=1090031"},{"taxonomy":"product_cat","embeddable":true,"href":"https:\/\/hubsch-interior.com\/da\/wp-json\/wp\/v2\/product_cat?post=1090031"},{"taxonomy":"product_tag","embeddable":true,"href":"https:\/\/hubsch-interior.com\/da\/wp-json\/wp\/v2\/product_tag?post=1090031"}],"curies":[{"name":"wp","href":"https:\/\/api.w.org\/{rel}","templated":true}]}}