{"id":1090055,"date":"2026-01-31T05:34:58","date_gmt":"2026-01-31T04:34:58","guid":{"rendered":"https:\/\/hubsch-interior.com\/product\/product\/"},"modified":"2026-04-02T05:28:21","modified_gmt":"2026-04-02T03:28:21","slug":"haus-loungestol-brun","status":"publish","type":"product","link":"https:\/\/hubsch-interior.com\/da\/vare\/haus-loungestol-brun\/","title":{"rendered":"Haus Loungestol Brun"},"content":{"rendered":"<p>L\u00e6n dig tilbage i komfort, indrammet af design. Haus Loungestol indfanger essensen af moderne elegance med sin m\u00f8rkebrune silhuet og i\u00f8jnefaldende bl\u00e5 hynder. Bygget med en robust, stabil ramme, men stadig let nok til at flytte rundt med lethed, balancerer den struktur med bl\u00f8dhed. V\u00e6lg mellem to forskellige varianter, der passer til dit rum. Defineret af rene linjer og omhyggeligt h\u00e5ndv\u00e6rk, er dette ikke bare et sted at sidde \u2013 det er her ro begynder, og dagen stille ebber ud.<\/p>\n","protected":false},"excerpt":{"rendered":"<p>L\u00e6n dig tilbage i komfort, indrammet af design. Haus Loungestol indfanger essensen af moderne elegance med sin m\u00f8rkebrune silhuet og i\u00f8jnefaldende bl\u00e5 hynder. Bygget med en robust, stabil ramme, men stadig let nok til at flytte rundt med lethed, balancerer den struktur med bl\u00f8dhed. V\u00e6lg mellem to forskellige varianter, der passer til dit rum. Defineret [&hellip;]<\/p>\n","protected":false},"featured_media":1112415,"template":"","meta":{"_acf_changed":false,"inline_featured_image":false},"product_brand":[],"product_cat":[7153,7097,5011],"product_tag":[],"class_list":{"0":"post-1090055","1":"product","2":"type-product","3":"status-publish","4":"has-post-thumbnail","6":"product_cat-dweller-da","7":"product_cat-havestole-da","8":"product_cat-havemoebler-da","9":"product_shipping_class-pk","11":"pa_color-brun","12":"pa_material-aluminium-da","13":"pa_material-olefin-2","15":"first","16":"outofstock","17":"taxable","18":"shipping-taxable","19":"purchasable","20":"product-type-simple"},"exclude_global_add_ons":[],"addons":[],"acf":[],"yoast_head":"<!-- This site is optimized with the Yoast SEO plugin v26.4 - https:\/\/yoast.com\/wordpress\/plugins\/seo\/ -->\n<title>Haus Loungestol Brun - H\u00fcbsch<\/title>\n<meta name=\"description\" content=\"L\u00e6n dig tilbage i komfort, indrammet af design. Haus Loungestol indfanger essensen af moderne elegance med sin m\u00f8rkebrune silhuet og i\u00f8jnefaldende bl\u00e5\" \/>\n<meta name=\"robots\" content=\"index, follow, max-snippet:-1, max-image-preview:large, max-video-preview:-1\" \/>\n<link rel=\"canonical\" href=\"https:\/\/hubsch-interior.com\/da\/wp-json\/wp\/v2\/product\/1090055\" \/>\n<meta property=\"og:locale\" content=\"da_DK\" \/>\n<meta property=\"og:type\" content=\"article\" \/>\n<meta property=\"og:title\" content=\"Haus Loungestol Brun - H\u00fcbsch\" \/>\n<meta property=\"og:description\" content=\"L\u00e6n dig tilbage i komfort, indrammet af design. Haus Loungestol indfanger essensen af moderne elegance med sin m\u00f8rkebrune silhuet og i\u00f8jnefaldende bl\u00e5\" \/>\n<meta property=\"og:url\" content=\"https:\/\/hubsch-interior.com\/da\/vare\/haus-loungestol-brun\/\" \/>\n<meta property=\"og:site_name\" content=\"H\u00fcbsch\" \/>\n<meta property=\"article:modified_time\" content=\"2026-04-02T03:28:21+00:00\" \/>\n<meta property=\"og:image\" content=\"https:\/\/hubsch-interior.com\/wp-content\/uploads\/2026\/01\/haus-lounge-chair-brown-ce88691707056304933fac0d17b5bb9e.jpg\" \/>\n\t<meta property=\"og:image:width\" content=\"1200\" \/>\n\t<meta property=\"og:image:height\" content=\"1200\" \/>\n\t<meta property=\"og:image:type\" content=\"image\/jpeg\" \/>\n<meta name=\"twitter:card\" content=\"summary_large_image\" \/>\n<script type=\"application\/ld+json\" class=\"yoast-schema-graph\">{\"@context\":\"https:\/\/schema.org\",\"@graph\":[{\"@type\":\"WebPage\",\"@id\":\"https:\/\/hubsch-interior.com\/da\/vare\/haus-loungestol-brun\/\",\"url\":\"https:\/\/hubsch-interior.com\/da\/vare\/haus-loungestol-brun\/\",\"name\":\"Haus Loungestol Brun - H\u00fcbsch\",\"isPartOf\":{\"@id\":\"https:\/\/hubsch-interior.com\/da\/#website\"},\"primaryImageOfPage\":{\"@id\":\"https:\/\/hubsch-interior.com\/da\/vare\/haus-loungestol-brun\/#primaryimage\"},\"image\":{\"@id\":\"https:\/\/hubsch-interior.com\/da\/vare\/haus-loungestol-brun\/#primaryimage\"},\"thumbnailUrl\":\"https:\/\/hubsch-interior.com\/wp-content\/uploads\/2026\/02\/haus-lounge-chair-brown-93479caa97be66b64d4701bdd46d57d8.jpg\",\"datePublished\":\"2026-01-31T04:34:58+00:00\",\"dateModified\":\"2026-04-02T03:28:21+00:00\",\"description\":\"L\u00e6n dig tilbage i komfort, indrammet af design. Haus Loungestol indfanger essensen af moderne elegance med sin m\u00f8rkebrune silhuet og i\u00f8jnefaldende bl\u00e5\",\"breadcrumb\":{\"@id\":\"https:\/\/hubsch-interior.com\/da\/vare\/haus-loungestol-brun\/#breadcrumb\"},\"inLanguage\":\"da-DK\",\"potentialAction\":[{\"@type\":\"ReadAction\",\"target\":[\"https:\/\/hubsch-interior.com\/da\/vare\/haus-loungestol-brun\/\"]}]},{\"@type\":\"ImageObject\",\"inLanguage\":\"da-DK\",\"@id\":\"https:\/\/hubsch-interior.com\/da\/vare\/haus-loungestol-brun\/#primaryimage\",\"url\":\"https:\/\/hubsch-interior.com\/wp-content\/uploads\/2026\/02\/haus-lounge-chair-brown-93479caa97be66b64d4701bdd46d57d8.jpg\",\"contentUrl\":\"https:\/\/hubsch-interior.com\/wp-content\/uploads\/2026\/02\/haus-lounge-chair-brown-93479caa97be66b64d4701bdd46d57d8.jpg\",\"width\":1024,\"height\":1024},{\"@type\":\"BreadcrumbList\",\"@id\":\"https:\/\/hubsch-interior.com\/da\/vare\/haus-loungestol-brun\/#breadcrumb\",\"itemListElement\":[{\"@type\":\"ListItem\",\"position\":1,\"name\":\"Forside\",\"item\":\"https:\/\/hubsch-interior.com\/da\/\"},{\"@type\":\"ListItem\",\"position\":2,\"name\":\"Produkter\",\"item\":\"https:\/\/hubsch-interior.com\/da\/produkter\/\"},{\"@type\":\"ListItem\",\"position\":3,\"name\":\"Haus Loungestol Brun\"}]},{\"@type\":\"WebSite\",\"@id\":\"https:\/\/hubsch-interior.com\/da\/#website\",\"url\":\"https:\/\/hubsch-interior.com\/da\/\",\"name\":\"H\u00fcbsch\",\"description\":\"Danish Home Interior and Design\",\"publisher\":{\"@id\":\"https:\/\/hubsch-interior.com\/da\/#organization\"},\"potentialAction\":[{\"@type\":\"SearchAction\",\"target\":{\"@type\":\"EntryPoint\",\"urlTemplate\":\"https:\/\/hubsch-interior.com\/da\/?s={search_term_string}\"},\"query-input\":{\"@type\":\"PropertyValueSpecification\",\"valueRequired\":true,\"valueName\":\"search_term_string\"}}],\"inLanguage\":\"da-DK\"},{\"@type\":\"Organization\",\"@id\":\"https:\/\/hubsch-interior.com\/da\/#organization\",\"name\":\"H\u00fcbsch\",\"url\":\"https:\/\/hubsch-interior.com\/da\/\",\"logo\":{\"@type\":\"ImageObject\",\"inLanguage\":\"da-DK\",\"@id\":\"https:\/\/hubsch-interior.com\/da\/#\/schema\/logo\/image\/\",\"url\":\"https:\/\/hubsch-interior.com\/wp-content\/uploads\/2022\/12\/Hubsch_logo_black_one_line.svg\",\"contentUrl\":\"https:\/\/hubsch-interior.com\/wp-content\/uploads\/2022\/12\/Hubsch_logo_black_one_line.svg\",\"caption\":\"H\u00fcbsch\"},\"image\":{\"@id\":\"https:\/\/hubsch-interior.com\/da\/#\/schema\/logo\/image\/\"}}]}<\/script>\n<!-- \/ Yoast SEO plugin. -->","yoast_head_json":{"title":"Haus Loungestol Brun - H\u00fcbsch","description":"L\u00e6n dig tilbage i komfort, indrammet af design. Haus Loungestol indfanger essensen af moderne elegance med sin m\u00f8rkebrune silhuet og i\u00f8jnefaldende bl\u00e5","robots":{"index":"index","follow":"follow","max-snippet":"max-snippet:-1","max-image-preview":"max-image-preview:large","max-video-preview":"max-video-preview:-1"},"canonical":"https:\/\/hubsch-interior.com\/da\/wp-json\/wp\/v2\/product\/1090055","og_locale":"da_DK","og_type":"article","og_title":"Haus Loungestol Brun - H\u00fcbsch","og_description":"L\u00e6n dig tilbage i komfort, indrammet af design. Haus Loungestol indfanger essensen af moderne elegance med sin m\u00f8rkebrune silhuet og i\u00f8jnefaldende bl\u00e5","og_url":"https:\/\/hubsch-interior.com\/da\/vare\/haus-loungestol-brun\/","og_site_name":"H\u00fcbsch","article_modified_time":"2026-04-02T03:28:21+00:00","og_image":[{"width":1200,"height":1200,"url":"https:\/\/hubsch-interior.com\/wp-content\/uploads\/2026\/01\/haus-lounge-chair-brown-ce88691707056304933fac0d17b5bb9e.jpg","type":"image\/jpeg"}],"twitter_card":"summary_large_image","schema":{"@context":"https:\/\/schema.org","@graph":[{"@type":"WebPage","@id":"https:\/\/hubsch-interior.com\/da\/vare\/haus-loungestol-brun\/","url":"https:\/\/hubsch-interior.com\/da\/vare\/haus-loungestol-brun\/","name":"Haus Loungestol Brun - H\u00fcbsch","isPartOf":{"@id":"https:\/\/hubsch-interior.com\/da\/#website"},"primaryImageOfPage":{"@id":"https:\/\/hubsch-interior.com\/da\/vare\/haus-loungestol-brun\/#primaryimage"},"image":{"@id":"https:\/\/hubsch-interior.com\/da\/vare\/haus-loungestol-brun\/#primaryimage"},"thumbnailUrl":"https:\/\/hubsch-interior.com\/wp-content\/uploads\/2026\/02\/haus-lounge-chair-brown-93479caa97be66b64d4701bdd46d57d8.jpg","datePublished":"2026-01-31T04:34:58+00:00","dateModified":"2026-04-02T03:28:21+00:00","description":"L\u00e6n dig tilbage i komfort, indrammet af design. Haus Loungestol indfanger essensen af moderne elegance med sin m\u00f8rkebrune silhuet og i\u00f8jnefaldende bl\u00e5","breadcrumb":{"@id":"https:\/\/hubsch-interior.com\/da\/vare\/haus-loungestol-brun\/#breadcrumb"},"inLanguage":"da-DK","potentialAction":[{"@type":"ReadAction","target":["https:\/\/hubsch-interior.com\/da\/vare\/haus-loungestol-brun\/"]}]},{"@type":"ImageObject","inLanguage":"da-DK","@id":"https:\/\/hubsch-interior.com\/da\/vare\/haus-loungestol-brun\/#primaryimage","url":"https:\/\/hubsch-interior.com\/wp-content\/uploads\/2026\/02\/haus-lounge-chair-brown-93479caa97be66b64d4701bdd46d57d8.jpg","contentUrl":"https:\/\/hubsch-interior.com\/wp-content\/uploads\/2026\/02\/haus-lounge-chair-brown-93479caa97be66b64d4701bdd46d57d8.jpg","width":1024,"height":1024},{"@type":"BreadcrumbList","@id":"https:\/\/hubsch-interior.com\/da\/vare\/haus-loungestol-brun\/#breadcrumb","itemListElement":[{"@type":"ListItem","position":1,"name":"Forside","item":"https:\/\/hubsch-interior.com\/da\/"},{"@type":"ListItem","position":2,"name":"Produkter","item":"https:\/\/hubsch-interior.com\/da\/produkter\/"},{"@type":"ListItem","position":3,"name":"Haus Loungestol Brun"}]},{"@type":"WebSite","@id":"https:\/\/hubsch-interior.com\/da\/#website","url":"https:\/\/hubsch-interior.com\/da\/","name":"H\u00fcbsch","description":"Danish Home Interior and Design","publisher":{"@id":"https:\/\/hubsch-interior.com\/da\/#organization"},"potentialAction":[{"@type":"SearchAction","target":{"@type":"EntryPoint","urlTemplate":"https:\/\/hubsch-interior.com\/da\/?s={search_term_string}"},"query-input":{"@type":"PropertyValueSpecification","valueRequired":true,"valueName":"search_term_string"}}],"inLanguage":"da-DK"},{"@type":"Organization","@id":"https:\/\/hubsch-interior.com\/da\/#organization","name":"H\u00fcbsch","url":"https:\/\/hubsch-interior.com\/da\/","logo":{"@type":"ImageObject","inLanguage":"da-DK","@id":"https:\/\/hubsch-interior.com\/da\/#\/schema\/logo\/image\/","url":"https:\/\/hubsch-interior.com\/wp-content\/uploads\/2022\/12\/Hubsch_logo_black_one_line.svg","contentUrl":"https:\/\/hubsch-interior.com\/wp-content\/uploads\/2022\/12\/Hubsch_logo_black_one_line.svg","caption":"H\u00fcbsch"},"image":{"@id":"https:\/\/hubsch-interior.com\/da\/#\/schema\/logo\/image\/"}}]}},"_links":{"self":[{"href":"https:\/\/hubsch-interior.com\/da\/wp-json\/wp\/v2\/product\/1090055","targetHints":{"allow":["GET"]}}],"collection":[{"href":"https:\/\/hubsch-interior.com\/da\/wp-json\/wp\/v2\/product"}],"about":[{"href":"https:\/\/hubsch-interior.com\/da\/wp-json\/wp\/v2\/types\/product"}],"wp:featuredmedia":[{"embeddable":true,"href":"https:\/\/hubsch-interior.com\/da\/wp-json\/wp\/v2\/media\/1112415"}],"wp:attachment":[{"href":"https:\/\/hubsch-interior.com\/da\/wp-json\/wp\/v2\/media?parent=1090055"}],"wp:term":[{"taxonomy":"product_brand","embeddable":true,"href":"https:\/\/hubsch-interior.com\/da\/wp-json\/wp\/v2\/product_brand?post=1090055"},{"taxonomy":"product_cat","embeddable":true,"href":"https:\/\/hubsch-interior.com\/da\/wp-json\/wp\/v2\/product_cat?post=1090055"},{"taxonomy":"product_tag","embeddable":true,"href":"https:\/\/hubsch-interior.com\/da\/wp-json\/wp\/v2\/product_tag?post=1090055"}],"curies":[{"name":"wp","href":"https:\/\/api.w.org\/{rel}","templated":true}]}}