{"id":1090091,"date":"2026-01-31T05:35:22","date_gmt":"2026-01-31T04:35:22","guid":{"rendered":"https:\/\/hubsch-interior.com\/product\/product\/"},"modified":"2026-04-02T05:28:27","modified_gmt":"2026-04-02T03:28:27","slug":"haus-spisebord-large-brun","status":"publish","type":"product","link":"https:\/\/hubsch-interior.com\/da\/vare\/haus-spisebord-large-brun\/","title":{"rendered":"Haus Spisebord Large Brun"},"content":{"rendered":"<p>Hvad g\u00f8r et bord virkelig uforglemmeligt? Haus Spisebordet svarer med styrke, elegance og sj\u00e6l. Fremstillet i en rig m\u00f8rkebrun nuance, giver det dit rum en rolig selvsikkerhed \u2014 robust i formen, men stadig let nok til at flytte, n\u00e5r livet kr\u00e6ver en ny opstilling. Rette, klare linjer giver det en tidl\u00f8s karakter, mens det rummelige design skaber plads til b\u00e5de hverdagsmiddage og s\u00e6rlige \u00f8jeblikke. Det er ikke bare et bord \u2014 det er der, hvor historier fort\u00e6lles, m\u00e5ltider deles, og livet udfolder sig.<\/p>\n","protected":false},"excerpt":{"rendered":"<p>Hvad g\u00f8r et bord virkelig uforglemmeligt? Haus Spisebordet svarer med styrke, elegance og sj\u00e6l. Fremstillet i en rig m\u00f8rkebrun nuance, giver det dit rum en rolig selvsikkerhed \u2014 robust i formen, men stadig let nok til at flytte, n\u00e5r livet kr\u00e6ver en ny opstilling. Rette, klare linjer giver det en tidl\u00f8s karakter, mens det rummelige [&hellip;]<\/p>\n","protected":false},"featured_media":1112451,"template":"","meta":{"_acf_changed":false,"inline_featured_image":false},"product_brand":[],"product_cat":[7153,7101,5011],"product_tag":[],"class_list":{"0":"post-1090091","1":"product","2":"type-product","3":"status-publish","4":"has-post-thumbnail","6":"product_cat-dweller-da","7":"product_cat-haveborde-da","8":"product_cat-havemoebler-da","9":"product_shipping_class-p05","11":"pa_color-brun","12":"pa_material-aluminium-da","14":"first","15":"outofstock","16":"taxable","17":"shipping-taxable","18":"purchasable","19":"product-type-simple"},"exclude_global_add_ons":[],"addons":[],"acf":[],"yoast_head":"<!-- This site is optimized with the Yoast SEO plugin v26.4 - https:\/\/yoast.com\/wordpress\/plugins\/seo\/ -->\n<title>Haus Spisebord Large Brun - H\u00fcbsch<\/title>\n<meta name=\"description\" content=\"Hvad g\u00f8r et bord virkelig uforglemmeligt? Haus Spisebordet svarer med styrke, elegance og sj\u00e6l. Fremstillet i en rig m\u00f8rkebrun nuance, giver det dit rum\" \/>\n<meta name=\"robots\" content=\"index, follow, max-snippet:-1, max-image-preview:large, max-video-preview:-1\" \/>\n<link rel=\"canonical\" href=\"https:\/\/hubsch-interior.com\/da\/wp-json\/wp\/v2\/product\/1090091\" \/>\n<meta property=\"og:locale\" content=\"da_DK\" \/>\n<meta property=\"og:type\" content=\"article\" \/>\n<meta property=\"og:title\" content=\"Haus Spisebord Large Brun - H\u00fcbsch\" \/>\n<meta property=\"og:description\" content=\"Hvad g\u00f8r et bord virkelig uforglemmeligt? Haus Spisebordet svarer med styrke, elegance og sj\u00e6l. Fremstillet i en rig m\u00f8rkebrun nuance, giver det dit rum\" \/>\n<meta property=\"og:url\" content=\"https:\/\/hubsch-interior.com\/da\/vare\/haus-spisebord-large-brun\/\" \/>\n<meta property=\"og:site_name\" content=\"H\u00fcbsch\" \/>\n<meta property=\"article:modified_time\" content=\"2026-04-02T03:28:27+00:00\" \/>\n<meta property=\"og:image\" content=\"https:\/\/hubsch-interior.com\/wp-content\/uploads\/2026\/01\/haus-dining-table-large-brown-7e80d545eb0c86da0390b3d79b15fd6a.jpg\" \/>\n\t<meta property=\"og:image:width\" content=\"1200\" \/>\n\t<meta property=\"og:image:height\" content=\"1200\" \/>\n\t<meta property=\"og:image:type\" content=\"image\/jpeg\" \/>\n<meta name=\"twitter:card\" content=\"summary_large_image\" \/>\n<script type=\"application\/ld+json\" class=\"yoast-schema-graph\">{\"@context\":\"https:\/\/schema.org\",\"@graph\":[{\"@type\":\"WebPage\",\"@id\":\"https:\/\/hubsch-interior.com\/da\/vare\/haus-spisebord-large-brun\/\",\"url\":\"https:\/\/hubsch-interior.com\/da\/vare\/haus-spisebord-large-brun\/\",\"name\":\"Haus Spisebord Large Brun - H\u00fcbsch\",\"isPartOf\":{\"@id\":\"https:\/\/hubsch-interior.com\/da\/#website\"},\"primaryImageOfPage\":{\"@id\":\"https:\/\/hubsch-interior.com\/da\/vare\/haus-spisebord-large-brun\/#primaryimage\"},\"image\":{\"@id\":\"https:\/\/hubsch-interior.com\/da\/vare\/haus-spisebord-large-brun\/#primaryimage\"},\"thumbnailUrl\":\"https:\/\/hubsch-interior.com\/wp-content\/uploads\/2026\/02\/haus-dining-table-large-brown-578779cd52ebd03ac6a245240cb07022.jpg\",\"datePublished\":\"2026-01-31T04:35:22+00:00\",\"dateModified\":\"2026-04-02T03:28:27+00:00\",\"description\":\"Hvad g\u00f8r et bord virkelig uforglemmeligt? Haus Spisebordet svarer med styrke, elegance og sj\u00e6l. Fremstillet i en rig m\u00f8rkebrun nuance, giver det dit rum\",\"breadcrumb\":{\"@id\":\"https:\/\/hubsch-interior.com\/da\/vare\/haus-spisebord-large-brun\/#breadcrumb\"},\"inLanguage\":\"da-DK\",\"potentialAction\":[{\"@type\":\"ReadAction\",\"target\":[\"https:\/\/hubsch-interior.com\/da\/vare\/haus-spisebord-large-brun\/\"]}]},{\"@type\":\"ImageObject\",\"inLanguage\":\"da-DK\",\"@id\":\"https:\/\/hubsch-interior.com\/da\/vare\/haus-spisebord-large-brun\/#primaryimage\",\"url\":\"https:\/\/hubsch-interior.com\/wp-content\/uploads\/2026\/02\/haus-dining-table-large-brown-578779cd52ebd03ac6a245240cb07022.jpg\",\"contentUrl\":\"https:\/\/hubsch-interior.com\/wp-content\/uploads\/2026\/02\/haus-dining-table-large-brown-578779cd52ebd03ac6a245240cb07022.jpg\",\"width\":1024,\"height\":1024},{\"@type\":\"BreadcrumbList\",\"@id\":\"https:\/\/hubsch-interior.com\/da\/vare\/haus-spisebord-large-brun\/#breadcrumb\",\"itemListElement\":[{\"@type\":\"ListItem\",\"position\":1,\"name\":\"Forside\",\"item\":\"https:\/\/hubsch-interior.com\/da\/\"},{\"@type\":\"ListItem\",\"position\":2,\"name\":\"Produkter\",\"item\":\"https:\/\/hubsch-interior.com\/da\/produkter\/\"},{\"@type\":\"ListItem\",\"position\":3,\"name\":\"Haus Spisebord Large Brun\"}]},{\"@type\":\"WebSite\",\"@id\":\"https:\/\/hubsch-interior.com\/da\/#website\",\"url\":\"https:\/\/hubsch-interior.com\/da\/\",\"name\":\"H\u00fcbsch\",\"description\":\"Danish Home Interior and Design\",\"publisher\":{\"@id\":\"https:\/\/hubsch-interior.com\/da\/#organization\"},\"potentialAction\":[{\"@type\":\"SearchAction\",\"target\":{\"@type\":\"EntryPoint\",\"urlTemplate\":\"https:\/\/hubsch-interior.com\/da\/?s={search_term_string}\"},\"query-input\":{\"@type\":\"PropertyValueSpecification\",\"valueRequired\":true,\"valueName\":\"search_term_string\"}}],\"inLanguage\":\"da-DK\"},{\"@type\":\"Organization\",\"@id\":\"https:\/\/hubsch-interior.com\/da\/#organization\",\"name\":\"H\u00fcbsch\",\"url\":\"https:\/\/hubsch-interior.com\/da\/\",\"logo\":{\"@type\":\"ImageObject\",\"inLanguage\":\"da-DK\",\"@id\":\"https:\/\/hubsch-interior.com\/da\/#\/schema\/logo\/image\/\",\"url\":\"https:\/\/hubsch-interior.com\/wp-content\/uploads\/2022\/12\/Hubsch_logo_black_one_line.svg\",\"contentUrl\":\"https:\/\/hubsch-interior.com\/wp-content\/uploads\/2022\/12\/Hubsch_logo_black_one_line.svg\",\"caption\":\"H\u00fcbsch\"},\"image\":{\"@id\":\"https:\/\/hubsch-interior.com\/da\/#\/schema\/logo\/image\/\"}}]}<\/script>\n<!-- \/ Yoast SEO plugin. -->","yoast_head_json":{"title":"Haus Spisebord Large Brun - H\u00fcbsch","description":"Hvad g\u00f8r et bord virkelig uforglemmeligt? Haus Spisebordet svarer med styrke, elegance og sj\u00e6l. Fremstillet i en rig m\u00f8rkebrun nuance, giver det dit rum","robots":{"index":"index","follow":"follow","max-snippet":"max-snippet:-1","max-image-preview":"max-image-preview:large","max-video-preview":"max-video-preview:-1"},"canonical":"https:\/\/hubsch-interior.com\/da\/wp-json\/wp\/v2\/product\/1090091","og_locale":"da_DK","og_type":"article","og_title":"Haus Spisebord Large Brun - H\u00fcbsch","og_description":"Hvad g\u00f8r et bord virkelig uforglemmeligt? Haus Spisebordet svarer med styrke, elegance og sj\u00e6l. Fremstillet i en rig m\u00f8rkebrun nuance, giver det dit rum","og_url":"https:\/\/hubsch-interior.com\/da\/vare\/haus-spisebord-large-brun\/","og_site_name":"H\u00fcbsch","article_modified_time":"2026-04-02T03:28:27+00:00","og_image":[{"width":1200,"height":1200,"url":"https:\/\/hubsch-interior.com\/wp-content\/uploads\/2026\/01\/haus-dining-table-large-brown-7e80d545eb0c86da0390b3d79b15fd6a.jpg","type":"image\/jpeg"}],"twitter_card":"summary_large_image","schema":{"@context":"https:\/\/schema.org","@graph":[{"@type":"WebPage","@id":"https:\/\/hubsch-interior.com\/da\/vare\/haus-spisebord-large-brun\/","url":"https:\/\/hubsch-interior.com\/da\/vare\/haus-spisebord-large-brun\/","name":"Haus Spisebord Large Brun - H\u00fcbsch","isPartOf":{"@id":"https:\/\/hubsch-interior.com\/da\/#website"},"primaryImageOfPage":{"@id":"https:\/\/hubsch-interior.com\/da\/vare\/haus-spisebord-large-brun\/#primaryimage"},"image":{"@id":"https:\/\/hubsch-interior.com\/da\/vare\/haus-spisebord-large-brun\/#primaryimage"},"thumbnailUrl":"https:\/\/hubsch-interior.com\/wp-content\/uploads\/2026\/02\/haus-dining-table-large-brown-578779cd52ebd03ac6a245240cb07022.jpg","datePublished":"2026-01-31T04:35:22+00:00","dateModified":"2026-04-02T03:28:27+00:00","description":"Hvad g\u00f8r et bord virkelig uforglemmeligt? Haus Spisebordet svarer med styrke, elegance og sj\u00e6l. Fremstillet i en rig m\u00f8rkebrun nuance, giver det dit rum","breadcrumb":{"@id":"https:\/\/hubsch-interior.com\/da\/vare\/haus-spisebord-large-brun\/#breadcrumb"},"inLanguage":"da-DK","potentialAction":[{"@type":"ReadAction","target":["https:\/\/hubsch-interior.com\/da\/vare\/haus-spisebord-large-brun\/"]}]},{"@type":"ImageObject","inLanguage":"da-DK","@id":"https:\/\/hubsch-interior.com\/da\/vare\/haus-spisebord-large-brun\/#primaryimage","url":"https:\/\/hubsch-interior.com\/wp-content\/uploads\/2026\/02\/haus-dining-table-large-brown-578779cd52ebd03ac6a245240cb07022.jpg","contentUrl":"https:\/\/hubsch-interior.com\/wp-content\/uploads\/2026\/02\/haus-dining-table-large-brown-578779cd52ebd03ac6a245240cb07022.jpg","width":1024,"height":1024},{"@type":"BreadcrumbList","@id":"https:\/\/hubsch-interior.com\/da\/vare\/haus-spisebord-large-brun\/#breadcrumb","itemListElement":[{"@type":"ListItem","position":1,"name":"Forside","item":"https:\/\/hubsch-interior.com\/da\/"},{"@type":"ListItem","position":2,"name":"Produkter","item":"https:\/\/hubsch-interior.com\/da\/produkter\/"},{"@type":"ListItem","position":3,"name":"Haus Spisebord Large Brun"}]},{"@type":"WebSite","@id":"https:\/\/hubsch-interior.com\/da\/#website","url":"https:\/\/hubsch-interior.com\/da\/","name":"H\u00fcbsch","description":"Danish Home Interior and Design","publisher":{"@id":"https:\/\/hubsch-interior.com\/da\/#organization"},"potentialAction":[{"@type":"SearchAction","target":{"@type":"EntryPoint","urlTemplate":"https:\/\/hubsch-interior.com\/da\/?s={search_term_string}"},"query-input":{"@type":"PropertyValueSpecification","valueRequired":true,"valueName":"search_term_string"}}],"inLanguage":"da-DK"},{"@type":"Organization","@id":"https:\/\/hubsch-interior.com\/da\/#organization","name":"H\u00fcbsch","url":"https:\/\/hubsch-interior.com\/da\/","logo":{"@type":"ImageObject","inLanguage":"da-DK","@id":"https:\/\/hubsch-interior.com\/da\/#\/schema\/logo\/image\/","url":"https:\/\/hubsch-interior.com\/wp-content\/uploads\/2022\/12\/Hubsch_logo_black_one_line.svg","contentUrl":"https:\/\/hubsch-interior.com\/wp-content\/uploads\/2022\/12\/Hubsch_logo_black_one_line.svg","caption":"H\u00fcbsch"},"image":{"@id":"https:\/\/hubsch-interior.com\/da\/#\/schema\/logo\/image\/"}}]}},"_links":{"self":[{"href":"https:\/\/hubsch-interior.com\/da\/wp-json\/wp\/v2\/product\/1090091","targetHints":{"allow":["GET"]}}],"collection":[{"href":"https:\/\/hubsch-interior.com\/da\/wp-json\/wp\/v2\/product"}],"about":[{"href":"https:\/\/hubsch-interior.com\/da\/wp-json\/wp\/v2\/types\/product"}],"wp:featuredmedia":[{"embeddable":true,"href":"https:\/\/hubsch-interior.com\/da\/wp-json\/wp\/v2\/media\/1112451"}],"wp:attachment":[{"href":"https:\/\/hubsch-interior.com\/da\/wp-json\/wp\/v2\/media?parent=1090091"}],"wp:term":[{"taxonomy":"product_brand","embeddable":true,"href":"https:\/\/hubsch-interior.com\/da\/wp-json\/wp\/v2\/product_brand?post=1090091"},{"taxonomy":"product_cat","embeddable":true,"href":"https:\/\/hubsch-interior.com\/da\/wp-json\/wp\/v2\/product_cat?post=1090091"},{"taxonomy":"product_tag","embeddable":true,"href":"https:\/\/hubsch-interior.com\/da\/wp-json\/wp\/v2\/product_tag?post=1090091"}],"curies":[{"name":"wp","href":"https:\/\/api.w.org\/{rel}","templated":true}]}}