{"id":1090107,"date":"2026-01-31T05:35:32","date_gmt":"2026-01-31T04:35:32","guid":{"rendered":"https:\/\/hubsch-interior.com\/product\/product\/"},"modified":"2026-04-02T05:28:30","modified_gmt":"2026-04-02T03:28:30","slug":"haus-spisebord-small-brun","status":"publish","type":"product","link":"https:\/\/hubsch-interior.com\/da\/vare\/haus-spisebord-small-brun\/","title":{"rendered":"Haus Spisebord Small Brun"},"content":{"rendered":"<p>Lille i st\u00f8rrelse \u2014 stor i udstr\u00e5ling. Haus Spisebordet bringer intim elegance til hverdagsm\u00e5ltiderne. Indhyllet i en dyb, raffineret brun farve, kombinerer det sin robuste, stabile konstruktion med en overraskende let fornemmelse, hvilket g\u00f8r det nemt at tilpasse din plads, n\u00e5r livet skifter. Med sin rene, line\u00e6re silhuet, s\u00e6tter dette bord scenen for alt fra stille morgenkaffe til middage ved stearinlysets sk\u00e6r. En kompakt ledsager til f\u00e6lles m\u00e5ltider og meningsfulde \u00f8jeblikke.<\/p>\n","protected":false},"excerpt":{"rendered":"<p>Lille i st\u00f8rrelse \u2014 stor i udstr\u00e5ling. Haus Spisebordet bringer intim elegance til hverdagsm\u00e5ltiderne. Indhyllet i en dyb, raffineret brun farve, kombinerer det sin robuste, stabile konstruktion med en overraskende let fornemmelse, hvilket g\u00f8r det nemt at tilpasse din plads, n\u00e5r livet skifter. Med sin rene, line\u00e6re silhuet, s\u00e6tter dette bord scenen for alt fra [&hellip;]<\/p>\n","protected":false},"featured_media":1112463,"template":"","meta":{"_acf_changed":false,"inline_featured_image":false},"product_brand":[],"product_cat":[7153,7101,5011],"product_tag":[],"class_list":{"0":"post-1090107","1":"product","2":"type-product","3":"status-publish","4":"has-post-thumbnail","6":"product_cat-dweller-da","7":"product_cat-haveborde-da","8":"product_cat-havemoebler-da","9":"product_shipping_class-pk","11":"pa_color-brun","12":"pa_material-aluminium-da","14":"first","15":"outofstock","16":"taxable","17":"shipping-taxable","18":"purchasable","19":"product-type-simple"},"exclude_global_add_ons":[],"addons":[],"acf":[],"yoast_head":"<!-- This site is optimized with the Yoast SEO plugin v26.4 - https:\/\/yoast.com\/wordpress\/plugins\/seo\/ -->\n<title>Haus Spisebord Small Brun - H\u00fcbsch<\/title>\n<meta name=\"description\" content=\"Lille i st\u00f8rrelse \u2014 stor i udstr\u00e5ling. Haus Spisebordet bringer intim elegance til hverdagsm\u00e5ltiderne. Indhyllet i en dyb, raffineret brun farve,\" \/>\n<meta name=\"robots\" content=\"index, follow, max-snippet:-1, max-image-preview:large, max-video-preview:-1\" \/>\n<link rel=\"canonical\" href=\"https:\/\/hubsch-interior.com\/da\/wp-json\/wp\/v2\/product\/1090107\" \/>\n<meta property=\"og:locale\" content=\"da_DK\" \/>\n<meta property=\"og:type\" content=\"article\" \/>\n<meta property=\"og:title\" content=\"Haus Spisebord Small Brun - H\u00fcbsch\" \/>\n<meta property=\"og:description\" content=\"Lille i st\u00f8rrelse \u2014 stor i udstr\u00e5ling. Haus Spisebordet bringer intim elegance til hverdagsm\u00e5ltiderne. Indhyllet i en dyb, raffineret brun farve,\" \/>\n<meta property=\"og:url\" content=\"https:\/\/hubsch-interior.com\/da\/vare\/haus-spisebord-small-brun\/\" \/>\n<meta property=\"og:site_name\" content=\"H\u00fcbsch\" \/>\n<meta property=\"article:modified_time\" content=\"2026-04-02T03:28:30+00:00\" \/>\n<meta property=\"og:image\" content=\"https:\/\/hubsch-interior.com\/wp-content\/uploads\/2026\/01\/haus-dining-table-small-brown-d528a942ea4961a613bb455ef72cfb02.jpg\" \/>\n\t<meta property=\"og:image:width\" content=\"1200\" \/>\n\t<meta property=\"og:image:height\" content=\"1200\" \/>\n\t<meta property=\"og:image:type\" content=\"image\/jpeg\" \/>\n<meta name=\"twitter:card\" content=\"summary_large_image\" \/>\n<script type=\"application\/ld+json\" class=\"yoast-schema-graph\">{\"@context\":\"https:\/\/schema.org\",\"@graph\":[{\"@type\":\"WebPage\",\"@id\":\"https:\/\/hubsch-interior.com\/da\/vare\/haus-spisebord-small-brun\/\",\"url\":\"https:\/\/hubsch-interior.com\/da\/vare\/haus-spisebord-small-brun\/\",\"name\":\"Haus Spisebord Small Brun - H\u00fcbsch\",\"isPartOf\":{\"@id\":\"https:\/\/hubsch-interior.com\/da\/#website\"},\"primaryImageOfPage\":{\"@id\":\"https:\/\/hubsch-interior.com\/da\/vare\/haus-spisebord-small-brun\/#primaryimage\"},\"image\":{\"@id\":\"https:\/\/hubsch-interior.com\/da\/vare\/haus-spisebord-small-brun\/#primaryimage\"},\"thumbnailUrl\":\"https:\/\/hubsch-interior.com\/wp-content\/uploads\/2026\/02\/haus-dining-table-small-brown-7c85904eedfd4dcebb428b449a38e48c.jpg\",\"datePublished\":\"2026-01-31T04:35:32+00:00\",\"dateModified\":\"2026-04-02T03:28:30+00:00\",\"description\":\"Lille i st\u00f8rrelse \u2014 stor i udstr\u00e5ling. Haus Spisebordet bringer intim elegance til hverdagsm\u00e5ltiderne. Indhyllet i en dyb, raffineret brun farve,\",\"breadcrumb\":{\"@id\":\"https:\/\/hubsch-interior.com\/da\/vare\/haus-spisebord-small-brun\/#breadcrumb\"},\"inLanguage\":\"da-DK\",\"potentialAction\":[{\"@type\":\"ReadAction\",\"target\":[\"https:\/\/hubsch-interior.com\/da\/vare\/haus-spisebord-small-brun\/\"]}]},{\"@type\":\"ImageObject\",\"inLanguage\":\"da-DK\",\"@id\":\"https:\/\/hubsch-interior.com\/da\/vare\/haus-spisebord-small-brun\/#primaryimage\",\"url\":\"https:\/\/hubsch-interior.com\/wp-content\/uploads\/2026\/02\/haus-dining-table-small-brown-7c85904eedfd4dcebb428b449a38e48c.jpg\",\"contentUrl\":\"https:\/\/hubsch-interior.com\/wp-content\/uploads\/2026\/02\/haus-dining-table-small-brown-7c85904eedfd4dcebb428b449a38e48c.jpg\",\"width\":1024,\"height\":1024},{\"@type\":\"BreadcrumbList\",\"@id\":\"https:\/\/hubsch-interior.com\/da\/vare\/haus-spisebord-small-brun\/#breadcrumb\",\"itemListElement\":[{\"@type\":\"ListItem\",\"position\":1,\"name\":\"Forside\",\"item\":\"https:\/\/hubsch-interior.com\/da\/\"},{\"@type\":\"ListItem\",\"position\":2,\"name\":\"Produkter\",\"item\":\"https:\/\/hubsch-interior.com\/da\/produkter\/\"},{\"@type\":\"ListItem\",\"position\":3,\"name\":\"Haus Spisebord Small Brun\"}]},{\"@type\":\"WebSite\",\"@id\":\"https:\/\/hubsch-interior.com\/da\/#website\",\"url\":\"https:\/\/hubsch-interior.com\/da\/\",\"name\":\"H\u00fcbsch\",\"description\":\"Danish Home Interior and Design\",\"publisher\":{\"@id\":\"https:\/\/hubsch-interior.com\/da\/#organization\"},\"potentialAction\":[{\"@type\":\"SearchAction\",\"target\":{\"@type\":\"EntryPoint\",\"urlTemplate\":\"https:\/\/hubsch-interior.com\/da\/?s={search_term_string}\"},\"query-input\":{\"@type\":\"PropertyValueSpecification\",\"valueRequired\":true,\"valueName\":\"search_term_string\"}}],\"inLanguage\":\"da-DK\"},{\"@type\":\"Organization\",\"@id\":\"https:\/\/hubsch-interior.com\/da\/#organization\",\"name\":\"H\u00fcbsch\",\"url\":\"https:\/\/hubsch-interior.com\/da\/\",\"logo\":{\"@type\":\"ImageObject\",\"inLanguage\":\"da-DK\",\"@id\":\"https:\/\/hubsch-interior.com\/da\/#\/schema\/logo\/image\/\",\"url\":\"https:\/\/hubsch-interior.com\/wp-content\/uploads\/2022\/12\/Hubsch_logo_black_one_line.svg\",\"contentUrl\":\"https:\/\/hubsch-interior.com\/wp-content\/uploads\/2022\/12\/Hubsch_logo_black_one_line.svg\",\"caption\":\"H\u00fcbsch\"},\"image\":{\"@id\":\"https:\/\/hubsch-interior.com\/da\/#\/schema\/logo\/image\/\"}}]}<\/script>\n<!-- \/ Yoast SEO plugin. -->","yoast_head_json":{"title":"Haus Spisebord Small Brun - H\u00fcbsch","description":"Lille i st\u00f8rrelse \u2014 stor i udstr\u00e5ling. Haus Spisebordet bringer intim elegance til hverdagsm\u00e5ltiderne. Indhyllet i en dyb, raffineret brun farve,","robots":{"index":"index","follow":"follow","max-snippet":"max-snippet:-1","max-image-preview":"max-image-preview:large","max-video-preview":"max-video-preview:-1"},"canonical":"https:\/\/hubsch-interior.com\/da\/wp-json\/wp\/v2\/product\/1090107","og_locale":"da_DK","og_type":"article","og_title":"Haus Spisebord Small Brun - H\u00fcbsch","og_description":"Lille i st\u00f8rrelse \u2014 stor i udstr\u00e5ling. Haus Spisebordet bringer intim elegance til hverdagsm\u00e5ltiderne. Indhyllet i en dyb, raffineret brun farve,","og_url":"https:\/\/hubsch-interior.com\/da\/vare\/haus-spisebord-small-brun\/","og_site_name":"H\u00fcbsch","article_modified_time":"2026-04-02T03:28:30+00:00","og_image":[{"width":1200,"height":1200,"url":"https:\/\/hubsch-interior.com\/wp-content\/uploads\/2026\/01\/haus-dining-table-small-brown-d528a942ea4961a613bb455ef72cfb02.jpg","type":"image\/jpeg"}],"twitter_card":"summary_large_image","schema":{"@context":"https:\/\/schema.org","@graph":[{"@type":"WebPage","@id":"https:\/\/hubsch-interior.com\/da\/vare\/haus-spisebord-small-brun\/","url":"https:\/\/hubsch-interior.com\/da\/vare\/haus-spisebord-small-brun\/","name":"Haus Spisebord Small Brun - H\u00fcbsch","isPartOf":{"@id":"https:\/\/hubsch-interior.com\/da\/#website"},"primaryImageOfPage":{"@id":"https:\/\/hubsch-interior.com\/da\/vare\/haus-spisebord-small-brun\/#primaryimage"},"image":{"@id":"https:\/\/hubsch-interior.com\/da\/vare\/haus-spisebord-small-brun\/#primaryimage"},"thumbnailUrl":"https:\/\/hubsch-interior.com\/wp-content\/uploads\/2026\/02\/haus-dining-table-small-brown-7c85904eedfd4dcebb428b449a38e48c.jpg","datePublished":"2026-01-31T04:35:32+00:00","dateModified":"2026-04-02T03:28:30+00:00","description":"Lille i st\u00f8rrelse \u2014 stor i udstr\u00e5ling. Haus Spisebordet bringer intim elegance til hverdagsm\u00e5ltiderne. Indhyllet i en dyb, raffineret brun farve,","breadcrumb":{"@id":"https:\/\/hubsch-interior.com\/da\/vare\/haus-spisebord-small-brun\/#breadcrumb"},"inLanguage":"da-DK","potentialAction":[{"@type":"ReadAction","target":["https:\/\/hubsch-interior.com\/da\/vare\/haus-spisebord-small-brun\/"]}]},{"@type":"ImageObject","inLanguage":"da-DK","@id":"https:\/\/hubsch-interior.com\/da\/vare\/haus-spisebord-small-brun\/#primaryimage","url":"https:\/\/hubsch-interior.com\/wp-content\/uploads\/2026\/02\/haus-dining-table-small-brown-7c85904eedfd4dcebb428b449a38e48c.jpg","contentUrl":"https:\/\/hubsch-interior.com\/wp-content\/uploads\/2026\/02\/haus-dining-table-small-brown-7c85904eedfd4dcebb428b449a38e48c.jpg","width":1024,"height":1024},{"@type":"BreadcrumbList","@id":"https:\/\/hubsch-interior.com\/da\/vare\/haus-spisebord-small-brun\/#breadcrumb","itemListElement":[{"@type":"ListItem","position":1,"name":"Forside","item":"https:\/\/hubsch-interior.com\/da\/"},{"@type":"ListItem","position":2,"name":"Produkter","item":"https:\/\/hubsch-interior.com\/da\/produkter\/"},{"@type":"ListItem","position":3,"name":"Haus Spisebord Small Brun"}]},{"@type":"WebSite","@id":"https:\/\/hubsch-interior.com\/da\/#website","url":"https:\/\/hubsch-interior.com\/da\/","name":"H\u00fcbsch","description":"Danish Home Interior and Design","publisher":{"@id":"https:\/\/hubsch-interior.com\/da\/#organization"},"potentialAction":[{"@type":"SearchAction","target":{"@type":"EntryPoint","urlTemplate":"https:\/\/hubsch-interior.com\/da\/?s={search_term_string}"},"query-input":{"@type":"PropertyValueSpecification","valueRequired":true,"valueName":"search_term_string"}}],"inLanguage":"da-DK"},{"@type":"Organization","@id":"https:\/\/hubsch-interior.com\/da\/#organization","name":"H\u00fcbsch","url":"https:\/\/hubsch-interior.com\/da\/","logo":{"@type":"ImageObject","inLanguage":"da-DK","@id":"https:\/\/hubsch-interior.com\/da\/#\/schema\/logo\/image\/","url":"https:\/\/hubsch-interior.com\/wp-content\/uploads\/2022\/12\/Hubsch_logo_black_one_line.svg","contentUrl":"https:\/\/hubsch-interior.com\/wp-content\/uploads\/2022\/12\/Hubsch_logo_black_one_line.svg","caption":"H\u00fcbsch"},"image":{"@id":"https:\/\/hubsch-interior.com\/da\/#\/schema\/logo\/image\/"}}]}},"_links":{"self":[{"href":"https:\/\/hubsch-interior.com\/da\/wp-json\/wp\/v2\/product\/1090107","targetHints":{"allow":["GET"]}}],"collection":[{"href":"https:\/\/hubsch-interior.com\/da\/wp-json\/wp\/v2\/product"}],"about":[{"href":"https:\/\/hubsch-interior.com\/da\/wp-json\/wp\/v2\/types\/product"}],"wp:featuredmedia":[{"embeddable":true,"href":"https:\/\/hubsch-interior.com\/da\/wp-json\/wp\/v2\/media\/1112463"}],"wp:attachment":[{"href":"https:\/\/hubsch-interior.com\/da\/wp-json\/wp\/v2\/media?parent=1090107"}],"wp:term":[{"taxonomy":"product_brand","embeddable":true,"href":"https:\/\/hubsch-interior.com\/da\/wp-json\/wp\/v2\/product_brand?post=1090107"},{"taxonomy":"product_cat","embeddable":true,"href":"https:\/\/hubsch-interior.com\/da\/wp-json\/wp\/v2\/product_cat?post=1090107"},{"taxonomy":"product_tag","embeddable":true,"href":"https:\/\/hubsch-interior.com\/da\/wp-json\/wp\/v2\/product_tag?post=1090107"}],"curies":[{"name":"wp","href":"https:\/\/api.w.org\/{rel}","templated":true}]}}