{"id":1090131,"date":"2026-01-31T05:35:45","date_gmt":"2026-01-31T04:35:45","guid":{"rendered":"https:\/\/hubsch-interior.com\/product\/product\/"},"modified":"2026-04-02T05:28:34","modified_gmt":"2026-04-02T03:28:34","slug":"haus-spisestol-beige","status":"publish","type":"product","link":"https:\/\/hubsch-interior.com\/da\/vare\/haus-spisestol-beige\/","title":{"rendered":"Haus Spisestol Beige"},"content":{"rendered":"<p>Kan en stol f\u00f8les lige s\u00e5 rolig, som den ser ud? Haus Spisestol i bl\u00f8d lys beige tilf\u00f8rer en mild elegance til dit rum, perfekt kombineret med pudebetr\u00e6k i sandtoner for et ensartet, beroligende udseende. Med sine lige linjer og omhyggeligt udformede struktur, tilbyder den en stabil tilstedev\u00e6relse, samtidig med at den forbliver dejligt let. Designet til at smelte ubesv\u00e6ret ind i moderne interi\u00f8rer, inviterer den dig til at s\u00e6nke farten og nyde hverdagen \u2014 for komfort b\u00f8r aldrig v\u00e6re almindelig.<\/p>\n","protected":false},"excerpt":{"rendered":"<p>Kan en stol f\u00f8les lige s\u00e5 rolig, som den ser ud? Haus Spisestol i bl\u00f8d lys beige tilf\u00f8rer en mild elegance til dit rum, perfekt kombineret med pudebetr\u00e6k i sandtoner for et ensartet, beroligende udseende. Med sine lige linjer og omhyggeligt udformede struktur, tilbyder den en stabil tilstedev\u00e6relse, samtidig med at den forbliver dejligt let. [&hellip;]<\/p>\n","protected":false},"featured_media":1112479,"template":"","meta":{"_acf_changed":false,"inline_featured_image":false},"product_brand":[],"product_cat":[7153,7097,5011],"product_tag":[],"class_list":{"0":"post-1090131","1":"product","2":"type-product","3":"status-publish","4":"has-post-thumbnail","6":"product_cat-dweller-da","7":"product_cat-havestole-da","8":"product_cat-havemoebler-da","9":"product_shipping_class-pk","11":"pa_color-beige-2","12":"pa_material-aluminium-da","13":"pa_material-olefin-2","15":"first","16":"outofstock","17":"taxable","18":"shipping-taxable","19":"purchasable","20":"product-type-simple"},"exclude_global_add_ons":[],"addons":[],"acf":[],"yoast_head":"<!-- This site is optimized with the Yoast SEO plugin v26.4 - https:\/\/yoast.com\/wordpress\/plugins\/seo\/ -->\n<title>Haus Spisestol Beige - H\u00fcbsch<\/title>\n<meta name=\"description\" content=\"Kan en stol f\u00f8les lige s\u00e5 rolig, som den ser ud? Haus Spisestol i bl\u00f8d lys beige tilf\u00f8rer en mild elegance til dit rum, perfekt kombineret med pudebetr\u00e6k\" \/>\n<meta name=\"robots\" content=\"index, follow, max-snippet:-1, max-image-preview:large, max-video-preview:-1\" \/>\n<link rel=\"canonical\" href=\"https:\/\/hubsch-interior.com\/da\/wp-json\/wp\/v2\/product\/1090131\" \/>\n<meta property=\"og:locale\" content=\"da_DK\" \/>\n<meta property=\"og:type\" content=\"article\" \/>\n<meta property=\"og:title\" content=\"Haus Spisestol Beige - H\u00fcbsch\" \/>\n<meta property=\"og:description\" content=\"Kan en stol f\u00f8les lige s\u00e5 rolig, som den ser ud? Haus Spisestol i bl\u00f8d lys beige tilf\u00f8rer en mild elegance til dit rum, perfekt kombineret med pudebetr\u00e6k\" \/>\n<meta property=\"og:url\" content=\"https:\/\/hubsch-interior.com\/da\/vare\/haus-spisestol-beige\/\" \/>\n<meta property=\"og:site_name\" content=\"H\u00fcbsch\" \/>\n<meta property=\"article:modified_time\" content=\"2026-04-02T03:28:34+00:00\" \/>\n<meta property=\"og:image\" content=\"https:\/\/hubsch-interior.com\/wp-content\/uploads\/2026\/01\/haus-dining-chair-beige-c639be24bc65cd37579dc20ec58b77ef.jpg\" \/>\n\t<meta property=\"og:image:width\" content=\"1200\" \/>\n\t<meta property=\"og:image:height\" content=\"1200\" \/>\n\t<meta property=\"og:image:type\" content=\"image\/jpeg\" \/>\n<meta name=\"twitter:card\" content=\"summary_large_image\" \/>\n<script type=\"application\/ld+json\" class=\"yoast-schema-graph\">{\"@context\":\"https:\/\/schema.org\",\"@graph\":[{\"@type\":\"WebPage\",\"@id\":\"https:\/\/hubsch-interior.com\/da\/vare\/haus-spisestol-beige\/\",\"url\":\"https:\/\/hubsch-interior.com\/da\/vare\/haus-spisestol-beige\/\",\"name\":\"Haus Spisestol Beige - H\u00fcbsch\",\"isPartOf\":{\"@id\":\"https:\/\/hubsch-interior.com\/da\/#website\"},\"primaryImageOfPage\":{\"@id\":\"https:\/\/hubsch-interior.com\/da\/vare\/haus-spisestol-beige\/#primaryimage\"},\"image\":{\"@id\":\"https:\/\/hubsch-interior.com\/da\/vare\/haus-spisestol-beige\/#primaryimage\"},\"thumbnailUrl\":\"https:\/\/hubsch-interior.com\/wp-content\/uploads\/2026\/02\/haus-dining-chair-beige-0ee66220470f651b62daab2c9ef8dd57.jpg\",\"datePublished\":\"2026-01-31T04:35:45+00:00\",\"dateModified\":\"2026-04-02T03:28:34+00:00\",\"description\":\"Kan en stol f\u00f8les lige s\u00e5 rolig, som den ser ud? Haus Spisestol i bl\u00f8d lys beige tilf\u00f8rer en mild elegance til dit rum, perfekt kombineret med pudebetr\u00e6k\",\"breadcrumb\":{\"@id\":\"https:\/\/hubsch-interior.com\/da\/vare\/haus-spisestol-beige\/#breadcrumb\"},\"inLanguage\":\"da-DK\",\"potentialAction\":[{\"@type\":\"ReadAction\",\"target\":[\"https:\/\/hubsch-interior.com\/da\/vare\/haus-spisestol-beige\/\"]}]},{\"@type\":\"ImageObject\",\"inLanguage\":\"da-DK\",\"@id\":\"https:\/\/hubsch-interior.com\/da\/vare\/haus-spisestol-beige\/#primaryimage\",\"url\":\"https:\/\/hubsch-interior.com\/wp-content\/uploads\/2026\/02\/haus-dining-chair-beige-0ee66220470f651b62daab2c9ef8dd57.jpg\",\"contentUrl\":\"https:\/\/hubsch-interior.com\/wp-content\/uploads\/2026\/02\/haus-dining-chair-beige-0ee66220470f651b62daab2c9ef8dd57.jpg\",\"width\":1024,\"height\":1024},{\"@type\":\"BreadcrumbList\",\"@id\":\"https:\/\/hubsch-interior.com\/da\/vare\/haus-spisestol-beige\/#breadcrumb\",\"itemListElement\":[{\"@type\":\"ListItem\",\"position\":1,\"name\":\"Forside\",\"item\":\"https:\/\/hubsch-interior.com\/da\/\"},{\"@type\":\"ListItem\",\"position\":2,\"name\":\"Produkter\",\"item\":\"https:\/\/hubsch-interior.com\/da\/produkter\/\"},{\"@type\":\"ListItem\",\"position\":3,\"name\":\"Haus Spisestol Beige\"}]},{\"@type\":\"WebSite\",\"@id\":\"https:\/\/hubsch-interior.com\/da\/#website\",\"url\":\"https:\/\/hubsch-interior.com\/da\/\",\"name\":\"H\u00fcbsch\",\"description\":\"Danish Home Interior and Design\",\"publisher\":{\"@id\":\"https:\/\/hubsch-interior.com\/da\/#organization\"},\"potentialAction\":[{\"@type\":\"SearchAction\",\"target\":{\"@type\":\"EntryPoint\",\"urlTemplate\":\"https:\/\/hubsch-interior.com\/da\/?s={search_term_string}\"},\"query-input\":{\"@type\":\"PropertyValueSpecification\",\"valueRequired\":true,\"valueName\":\"search_term_string\"}}],\"inLanguage\":\"da-DK\"},{\"@type\":\"Organization\",\"@id\":\"https:\/\/hubsch-interior.com\/da\/#organization\",\"name\":\"H\u00fcbsch\",\"url\":\"https:\/\/hubsch-interior.com\/da\/\",\"logo\":{\"@type\":\"ImageObject\",\"inLanguage\":\"da-DK\",\"@id\":\"https:\/\/hubsch-interior.com\/da\/#\/schema\/logo\/image\/\",\"url\":\"https:\/\/hubsch-interior.com\/wp-content\/uploads\/2022\/12\/Hubsch_logo_black_one_line.svg\",\"contentUrl\":\"https:\/\/hubsch-interior.com\/wp-content\/uploads\/2022\/12\/Hubsch_logo_black_one_line.svg\",\"caption\":\"H\u00fcbsch\"},\"image\":{\"@id\":\"https:\/\/hubsch-interior.com\/da\/#\/schema\/logo\/image\/\"}}]}<\/script>\n<!-- \/ Yoast SEO plugin. -->","yoast_head_json":{"title":"Haus Spisestol Beige - H\u00fcbsch","description":"Kan en stol f\u00f8les lige s\u00e5 rolig, som den ser ud? Haus Spisestol i bl\u00f8d lys beige tilf\u00f8rer en mild elegance til dit rum, perfekt kombineret med pudebetr\u00e6k","robots":{"index":"index","follow":"follow","max-snippet":"max-snippet:-1","max-image-preview":"max-image-preview:large","max-video-preview":"max-video-preview:-1"},"canonical":"https:\/\/hubsch-interior.com\/da\/wp-json\/wp\/v2\/product\/1090131","og_locale":"da_DK","og_type":"article","og_title":"Haus Spisestol Beige - H\u00fcbsch","og_description":"Kan en stol f\u00f8les lige s\u00e5 rolig, som den ser ud? Haus Spisestol i bl\u00f8d lys beige tilf\u00f8rer en mild elegance til dit rum, perfekt kombineret med pudebetr\u00e6k","og_url":"https:\/\/hubsch-interior.com\/da\/vare\/haus-spisestol-beige\/","og_site_name":"H\u00fcbsch","article_modified_time":"2026-04-02T03:28:34+00:00","og_image":[{"width":1200,"height":1200,"url":"https:\/\/hubsch-interior.com\/wp-content\/uploads\/2026\/01\/haus-dining-chair-beige-c639be24bc65cd37579dc20ec58b77ef.jpg","type":"image\/jpeg"}],"twitter_card":"summary_large_image","schema":{"@context":"https:\/\/schema.org","@graph":[{"@type":"WebPage","@id":"https:\/\/hubsch-interior.com\/da\/vare\/haus-spisestol-beige\/","url":"https:\/\/hubsch-interior.com\/da\/vare\/haus-spisestol-beige\/","name":"Haus Spisestol Beige - H\u00fcbsch","isPartOf":{"@id":"https:\/\/hubsch-interior.com\/da\/#website"},"primaryImageOfPage":{"@id":"https:\/\/hubsch-interior.com\/da\/vare\/haus-spisestol-beige\/#primaryimage"},"image":{"@id":"https:\/\/hubsch-interior.com\/da\/vare\/haus-spisestol-beige\/#primaryimage"},"thumbnailUrl":"https:\/\/hubsch-interior.com\/wp-content\/uploads\/2026\/02\/haus-dining-chair-beige-0ee66220470f651b62daab2c9ef8dd57.jpg","datePublished":"2026-01-31T04:35:45+00:00","dateModified":"2026-04-02T03:28:34+00:00","description":"Kan en stol f\u00f8les lige s\u00e5 rolig, som den ser ud? Haus Spisestol i bl\u00f8d lys beige tilf\u00f8rer en mild elegance til dit rum, perfekt kombineret med pudebetr\u00e6k","breadcrumb":{"@id":"https:\/\/hubsch-interior.com\/da\/vare\/haus-spisestol-beige\/#breadcrumb"},"inLanguage":"da-DK","potentialAction":[{"@type":"ReadAction","target":["https:\/\/hubsch-interior.com\/da\/vare\/haus-spisestol-beige\/"]}]},{"@type":"ImageObject","inLanguage":"da-DK","@id":"https:\/\/hubsch-interior.com\/da\/vare\/haus-spisestol-beige\/#primaryimage","url":"https:\/\/hubsch-interior.com\/wp-content\/uploads\/2026\/02\/haus-dining-chair-beige-0ee66220470f651b62daab2c9ef8dd57.jpg","contentUrl":"https:\/\/hubsch-interior.com\/wp-content\/uploads\/2026\/02\/haus-dining-chair-beige-0ee66220470f651b62daab2c9ef8dd57.jpg","width":1024,"height":1024},{"@type":"BreadcrumbList","@id":"https:\/\/hubsch-interior.com\/da\/vare\/haus-spisestol-beige\/#breadcrumb","itemListElement":[{"@type":"ListItem","position":1,"name":"Forside","item":"https:\/\/hubsch-interior.com\/da\/"},{"@type":"ListItem","position":2,"name":"Produkter","item":"https:\/\/hubsch-interior.com\/da\/produkter\/"},{"@type":"ListItem","position":3,"name":"Haus Spisestol Beige"}]},{"@type":"WebSite","@id":"https:\/\/hubsch-interior.com\/da\/#website","url":"https:\/\/hubsch-interior.com\/da\/","name":"H\u00fcbsch","description":"Danish Home Interior and Design","publisher":{"@id":"https:\/\/hubsch-interior.com\/da\/#organization"},"potentialAction":[{"@type":"SearchAction","target":{"@type":"EntryPoint","urlTemplate":"https:\/\/hubsch-interior.com\/da\/?s={search_term_string}"},"query-input":{"@type":"PropertyValueSpecification","valueRequired":true,"valueName":"search_term_string"}}],"inLanguage":"da-DK"},{"@type":"Organization","@id":"https:\/\/hubsch-interior.com\/da\/#organization","name":"H\u00fcbsch","url":"https:\/\/hubsch-interior.com\/da\/","logo":{"@type":"ImageObject","inLanguage":"da-DK","@id":"https:\/\/hubsch-interior.com\/da\/#\/schema\/logo\/image\/","url":"https:\/\/hubsch-interior.com\/wp-content\/uploads\/2022\/12\/Hubsch_logo_black_one_line.svg","contentUrl":"https:\/\/hubsch-interior.com\/wp-content\/uploads\/2022\/12\/Hubsch_logo_black_one_line.svg","caption":"H\u00fcbsch"},"image":{"@id":"https:\/\/hubsch-interior.com\/da\/#\/schema\/logo\/image\/"}}]}},"_links":{"self":[{"href":"https:\/\/hubsch-interior.com\/da\/wp-json\/wp\/v2\/product\/1090131","targetHints":{"allow":["GET"]}}],"collection":[{"href":"https:\/\/hubsch-interior.com\/da\/wp-json\/wp\/v2\/product"}],"about":[{"href":"https:\/\/hubsch-interior.com\/da\/wp-json\/wp\/v2\/types\/product"}],"wp:featuredmedia":[{"embeddable":true,"href":"https:\/\/hubsch-interior.com\/da\/wp-json\/wp\/v2\/media\/1112479"}],"wp:attachment":[{"href":"https:\/\/hubsch-interior.com\/da\/wp-json\/wp\/v2\/media?parent=1090131"}],"wp:term":[{"taxonomy":"product_brand","embeddable":true,"href":"https:\/\/hubsch-interior.com\/da\/wp-json\/wp\/v2\/product_brand?post=1090131"},{"taxonomy":"product_cat","embeddable":true,"href":"https:\/\/hubsch-interior.com\/da\/wp-json\/wp\/v2\/product_cat?post=1090131"},{"taxonomy":"product_tag","embeddable":true,"href":"https:\/\/hubsch-interior.com\/da\/wp-json\/wp\/v2\/product_tag?post=1090131"}],"curies":[{"name":"wp","href":"https:\/\/api.w.org\/{rel}","templated":true}]}}