{"id":1090147,"date":"2026-01-31T05:35:56","date_gmt":"2026-01-31T04:35:56","guid":{"rendered":"https:\/\/hubsch-interior.com\/product\/product\/"},"modified":"2026-04-02T05:28:38","modified_gmt":"2026-04-02T03:28:38","slug":"haus-loungestol-beige","status":"publish","type":"product","link":"https:\/\/hubsch-interior.com\/da\/vare\/haus-loungestol-beige\/","title":{"rendered":"Haus Loungestol Beige"},"content":{"rendered":"<p>N\u00e5r formen er s\u00e5 rolig, f\u00f8lger komforten. Haus Loungestol i bl\u00f8dt lys beige bringer ro til dit rum, fremh\u00e6vet af tonale sandfarvede puder og skarpe, lige linjer. Selvom den er st\u00e6rk og st\u00f8ttende, er den overraskende let, hvilket g\u00f8r det nemt at omplacere den efter hum\u00f8r eller behov. En stille ledsager til rolige morgener eller aftenens nedtrapning, denne stol passer ikke bare til dit hjem \u2013 den l\u00f8fter kunsten at tage et \u00f8jeblik for dig selv.<\/p>\n","protected":false},"excerpt":{"rendered":"<p>N\u00e5r formen er s\u00e5 rolig, f\u00f8lger komforten. Haus Loungestol i bl\u00f8dt lys beige bringer ro til dit rum, fremh\u00e6vet af tonale sandfarvede puder og skarpe, lige linjer. Selvom den er st\u00e6rk og st\u00f8ttende, er den overraskende let, hvilket g\u00f8r det nemt at omplacere den efter hum\u00f8r eller behov. En stille ledsager til rolige morgener eller [&hellip;]<\/p>\n","protected":false},"featured_media":1112499,"template":"","meta":{"_acf_changed":false,"inline_featured_image":false},"product_brand":[],"product_cat":[7153,7097,5011],"product_tag":[],"class_list":{"0":"post-1090147","1":"product","2":"type-product","3":"status-publish","4":"has-post-thumbnail","6":"product_cat-dweller-da","7":"product_cat-havestole-da","8":"product_cat-havemoebler-da","9":"product_shipping_class-pk","11":"pa_color-beige-2","12":"pa_material-aluminium-da","13":"pa_material-olefin-2","15":"first","16":"outofstock","17":"taxable","18":"shipping-taxable","19":"purchasable","20":"product-type-simple"},"exclude_global_add_ons":[],"addons":[],"acf":[],"yoast_head":"<!-- This site is optimized with the Yoast SEO plugin v26.4 - https:\/\/yoast.com\/wordpress\/plugins\/seo\/ -->\n<title>Haus Loungestol Beige - H\u00fcbsch<\/title>\n<meta name=\"description\" content=\"N\u00e5r formen er s\u00e5 rolig, f\u00f8lger komforten. Haus Loungestol i bl\u00f8dt lys beige bringer ro til dit rum, fremh\u00e6vet af tonale sandfarvede puder og skarpe, lige\" \/>\n<meta name=\"robots\" content=\"index, follow, max-snippet:-1, max-image-preview:large, max-video-preview:-1\" \/>\n<link rel=\"canonical\" href=\"https:\/\/hubsch-interior.com\/da\/wp-json\/wp\/v2\/product\/1090147\" \/>\n<meta property=\"og:locale\" content=\"da_DK\" \/>\n<meta property=\"og:type\" content=\"article\" \/>\n<meta property=\"og:title\" content=\"Haus Loungestol Beige - H\u00fcbsch\" \/>\n<meta property=\"og:description\" content=\"N\u00e5r formen er s\u00e5 rolig, f\u00f8lger komforten. Haus Loungestol i bl\u00f8dt lys beige bringer ro til dit rum, fremh\u00e6vet af tonale sandfarvede puder og skarpe, lige\" \/>\n<meta property=\"og:url\" content=\"https:\/\/hubsch-interior.com\/da\/vare\/haus-loungestol-beige\/\" \/>\n<meta property=\"og:site_name\" content=\"H\u00fcbsch\" \/>\n<meta property=\"article:modified_time\" content=\"2026-04-02T03:28:38+00:00\" \/>\n<meta property=\"og:image\" content=\"https:\/\/hubsch-interior.com\/wp-content\/uploads\/2026\/01\/haus-lounge-chair-beige-d18bee75e12c916190514c1c716e0afc.jpg\" \/>\n\t<meta property=\"og:image:width\" content=\"1200\" \/>\n\t<meta property=\"og:image:height\" content=\"1200\" \/>\n\t<meta property=\"og:image:type\" content=\"image\/jpeg\" \/>\n<meta name=\"twitter:card\" content=\"summary_large_image\" \/>\n<script type=\"application\/ld+json\" class=\"yoast-schema-graph\">{\"@context\":\"https:\/\/schema.org\",\"@graph\":[{\"@type\":\"WebPage\",\"@id\":\"https:\/\/hubsch-interior.com\/da\/vare\/haus-loungestol-beige\/\",\"url\":\"https:\/\/hubsch-interior.com\/da\/vare\/haus-loungestol-beige\/\",\"name\":\"Haus Loungestol Beige - H\u00fcbsch\",\"isPartOf\":{\"@id\":\"https:\/\/hubsch-interior.com\/da\/#website\"},\"primaryImageOfPage\":{\"@id\":\"https:\/\/hubsch-interior.com\/da\/vare\/haus-loungestol-beige\/#primaryimage\"},\"image\":{\"@id\":\"https:\/\/hubsch-interior.com\/da\/vare\/haus-loungestol-beige\/#primaryimage\"},\"thumbnailUrl\":\"https:\/\/hubsch-interior.com\/wp-content\/uploads\/2026\/02\/haus-lounge-chair-beige-af5eefdc9386724d43f676559396dd3b.jpg\",\"datePublished\":\"2026-01-31T04:35:56+00:00\",\"dateModified\":\"2026-04-02T03:28:38+00:00\",\"description\":\"N\u00e5r formen er s\u00e5 rolig, f\u00f8lger komforten. Haus Loungestol i bl\u00f8dt lys beige bringer ro til dit rum, fremh\u00e6vet af tonale sandfarvede puder og skarpe, lige\",\"breadcrumb\":{\"@id\":\"https:\/\/hubsch-interior.com\/da\/vare\/haus-loungestol-beige\/#breadcrumb\"},\"inLanguage\":\"da-DK\",\"potentialAction\":[{\"@type\":\"ReadAction\",\"target\":[\"https:\/\/hubsch-interior.com\/da\/vare\/haus-loungestol-beige\/\"]}]},{\"@type\":\"ImageObject\",\"inLanguage\":\"da-DK\",\"@id\":\"https:\/\/hubsch-interior.com\/da\/vare\/haus-loungestol-beige\/#primaryimage\",\"url\":\"https:\/\/hubsch-interior.com\/wp-content\/uploads\/2026\/02\/haus-lounge-chair-beige-af5eefdc9386724d43f676559396dd3b.jpg\",\"contentUrl\":\"https:\/\/hubsch-interior.com\/wp-content\/uploads\/2026\/02\/haus-lounge-chair-beige-af5eefdc9386724d43f676559396dd3b.jpg\",\"width\":1024,\"height\":1024},{\"@type\":\"BreadcrumbList\",\"@id\":\"https:\/\/hubsch-interior.com\/da\/vare\/haus-loungestol-beige\/#breadcrumb\",\"itemListElement\":[{\"@type\":\"ListItem\",\"position\":1,\"name\":\"Forside\",\"item\":\"https:\/\/hubsch-interior.com\/da\/\"},{\"@type\":\"ListItem\",\"position\":2,\"name\":\"Produkter\",\"item\":\"https:\/\/hubsch-interior.com\/da\/produkter\/\"},{\"@type\":\"ListItem\",\"position\":3,\"name\":\"Haus Loungestol Beige\"}]},{\"@type\":\"WebSite\",\"@id\":\"https:\/\/hubsch-interior.com\/da\/#website\",\"url\":\"https:\/\/hubsch-interior.com\/da\/\",\"name\":\"H\u00fcbsch\",\"description\":\"Danish Home Interior and Design\",\"publisher\":{\"@id\":\"https:\/\/hubsch-interior.com\/da\/#organization\"},\"potentialAction\":[{\"@type\":\"SearchAction\",\"target\":{\"@type\":\"EntryPoint\",\"urlTemplate\":\"https:\/\/hubsch-interior.com\/da\/?s={search_term_string}\"},\"query-input\":{\"@type\":\"PropertyValueSpecification\",\"valueRequired\":true,\"valueName\":\"search_term_string\"}}],\"inLanguage\":\"da-DK\"},{\"@type\":\"Organization\",\"@id\":\"https:\/\/hubsch-interior.com\/da\/#organization\",\"name\":\"H\u00fcbsch\",\"url\":\"https:\/\/hubsch-interior.com\/da\/\",\"logo\":{\"@type\":\"ImageObject\",\"inLanguage\":\"da-DK\",\"@id\":\"https:\/\/hubsch-interior.com\/da\/#\/schema\/logo\/image\/\",\"url\":\"https:\/\/hubsch-interior.com\/wp-content\/uploads\/2022\/12\/Hubsch_logo_black_one_line.svg\",\"contentUrl\":\"https:\/\/hubsch-interior.com\/wp-content\/uploads\/2022\/12\/Hubsch_logo_black_one_line.svg\",\"caption\":\"H\u00fcbsch\"},\"image\":{\"@id\":\"https:\/\/hubsch-interior.com\/da\/#\/schema\/logo\/image\/\"}}]}<\/script>\n<!-- \/ Yoast SEO plugin. -->","yoast_head_json":{"title":"Haus Loungestol Beige - H\u00fcbsch","description":"N\u00e5r formen er s\u00e5 rolig, f\u00f8lger komforten. Haus Loungestol i bl\u00f8dt lys beige bringer ro til dit rum, fremh\u00e6vet af tonale sandfarvede puder og skarpe, lige","robots":{"index":"index","follow":"follow","max-snippet":"max-snippet:-1","max-image-preview":"max-image-preview:large","max-video-preview":"max-video-preview:-1"},"canonical":"https:\/\/hubsch-interior.com\/da\/wp-json\/wp\/v2\/product\/1090147","og_locale":"da_DK","og_type":"article","og_title":"Haus Loungestol Beige - H\u00fcbsch","og_description":"N\u00e5r formen er s\u00e5 rolig, f\u00f8lger komforten. Haus Loungestol i bl\u00f8dt lys beige bringer ro til dit rum, fremh\u00e6vet af tonale sandfarvede puder og skarpe, lige","og_url":"https:\/\/hubsch-interior.com\/da\/vare\/haus-loungestol-beige\/","og_site_name":"H\u00fcbsch","article_modified_time":"2026-04-02T03:28:38+00:00","og_image":[{"width":1200,"height":1200,"url":"https:\/\/hubsch-interior.com\/wp-content\/uploads\/2026\/01\/haus-lounge-chair-beige-d18bee75e12c916190514c1c716e0afc.jpg","type":"image\/jpeg"}],"twitter_card":"summary_large_image","schema":{"@context":"https:\/\/schema.org","@graph":[{"@type":"WebPage","@id":"https:\/\/hubsch-interior.com\/da\/vare\/haus-loungestol-beige\/","url":"https:\/\/hubsch-interior.com\/da\/vare\/haus-loungestol-beige\/","name":"Haus Loungestol Beige - H\u00fcbsch","isPartOf":{"@id":"https:\/\/hubsch-interior.com\/da\/#website"},"primaryImageOfPage":{"@id":"https:\/\/hubsch-interior.com\/da\/vare\/haus-loungestol-beige\/#primaryimage"},"image":{"@id":"https:\/\/hubsch-interior.com\/da\/vare\/haus-loungestol-beige\/#primaryimage"},"thumbnailUrl":"https:\/\/hubsch-interior.com\/wp-content\/uploads\/2026\/02\/haus-lounge-chair-beige-af5eefdc9386724d43f676559396dd3b.jpg","datePublished":"2026-01-31T04:35:56+00:00","dateModified":"2026-04-02T03:28:38+00:00","description":"N\u00e5r formen er s\u00e5 rolig, f\u00f8lger komforten. Haus Loungestol i bl\u00f8dt lys beige bringer ro til dit rum, fremh\u00e6vet af tonale sandfarvede puder og skarpe, lige","breadcrumb":{"@id":"https:\/\/hubsch-interior.com\/da\/vare\/haus-loungestol-beige\/#breadcrumb"},"inLanguage":"da-DK","potentialAction":[{"@type":"ReadAction","target":["https:\/\/hubsch-interior.com\/da\/vare\/haus-loungestol-beige\/"]}]},{"@type":"ImageObject","inLanguage":"da-DK","@id":"https:\/\/hubsch-interior.com\/da\/vare\/haus-loungestol-beige\/#primaryimage","url":"https:\/\/hubsch-interior.com\/wp-content\/uploads\/2026\/02\/haus-lounge-chair-beige-af5eefdc9386724d43f676559396dd3b.jpg","contentUrl":"https:\/\/hubsch-interior.com\/wp-content\/uploads\/2026\/02\/haus-lounge-chair-beige-af5eefdc9386724d43f676559396dd3b.jpg","width":1024,"height":1024},{"@type":"BreadcrumbList","@id":"https:\/\/hubsch-interior.com\/da\/vare\/haus-loungestol-beige\/#breadcrumb","itemListElement":[{"@type":"ListItem","position":1,"name":"Forside","item":"https:\/\/hubsch-interior.com\/da\/"},{"@type":"ListItem","position":2,"name":"Produkter","item":"https:\/\/hubsch-interior.com\/da\/produkter\/"},{"@type":"ListItem","position":3,"name":"Haus Loungestol Beige"}]},{"@type":"WebSite","@id":"https:\/\/hubsch-interior.com\/da\/#website","url":"https:\/\/hubsch-interior.com\/da\/","name":"H\u00fcbsch","description":"Danish Home Interior and Design","publisher":{"@id":"https:\/\/hubsch-interior.com\/da\/#organization"},"potentialAction":[{"@type":"SearchAction","target":{"@type":"EntryPoint","urlTemplate":"https:\/\/hubsch-interior.com\/da\/?s={search_term_string}"},"query-input":{"@type":"PropertyValueSpecification","valueRequired":true,"valueName":"search_term_string"}}],"inLanguage":"da-DK"},{"@type":"Organization","@id":"https:\/\/hubsch-interior.com\/da\/#organization","name":"H\u00fcbsch","url":"https:\/\/hubsch-interior.com\/da\/","logo":{"@type":"ImageObject","inLanguage":"da-DK","@id":"https:\/\/hubsch-interior.com\/da\/#\/schema\/logo\/image\/","url":"https:\/\/hubsch-interior.com\/wp-content\/uploads\/2022\/12\/Hubsch_logo_black_one_line.svg","contentUrl":"https:\/\/hubsch-interior.com\/wp-content\/uploads\/2022\/12\/Hubsch_logo_black_one_line.svg","caption":"H\u00fcbsch"},"image":{"@id":"https:\/\/hubsch-interior.com\/da\/#\/schema\/logo\/image\/"}}]}},"_links":{"self":[{"href":"https:\/\/hubsch-interior.com\/da\/wp-json\/wp\/v2\/product\/1090147","targetHints":{"allow":["GET"]}}],"collection":[{"href":"https:\/\/hubsch-interior.com\/da\/wp-json\/wp\/v2\/product"}],"about":[{"href":"https:\/\/hubsch-interior.com\/da\/wp-json\/wp\/v2\/types\/product"}],"wp:featuredmedia":[{"embeddable":true,"href":"https:\/\/hubsch-interior.com\/da\/wp-json\/wp\/v2\/media\/1112499"}],"wp:attachment":[{"href":"https:\/\/hubsch-interior.com\/da\/wp-json\/wp\/v2\/media?parent=1090147"}],"wp:term":[{"taxonomy":"product_brand","embeddable":true,"href":"https:\/\/hubsch-interior.com\/da\/wp-json\/wp\/v2\/product_brand?post=1090147"},{"taxonomy":"product_cat","embeddable":true,"href":"https:\/\/hubsch-interior.com\/da\/wp-json\/wp\/v2\/product_cat?post=1090147"},{"taxonomy":"product_tag","embeddable":true,"href":"https:\/\/hubsch-interior.com\/da\/wp-json\/wp\/v2\/product_tag?post=1090147"}],"curies":[{"name":"wp","href":"https:\/\/api.w.org\/{rel}","templated":true}]}}