{"id":10952,"date":"2020-09-09T23:18:00","date_gmt":"2020-09-09T21:18:00","guid":{"rendered":"https:\/\/hubsch-interior.com\/vare\/product\/"},"modified":"2026-04-09T04:15:58","modified_gmt":"2026-04-09T02:15:58","slug":"duo-pude-lilla-rod","status":"publish","type":"product","link":"https:\/\/hubsch-interior.com\/da\/vare\/duo-pude-lilla-rod\/","title":{"rendered":"Duo Pude Lilla\/R\u00f8d"},"content":{"rendered":"<p>Vores Duo pude den lilla og r\u00f8de version er vildt fin. Og det kan vi godt lide! Duo Cushion kommer ogs\u00e5 i en smuk sandfarve, men de to puder er usammenlignelige. Eller det vil sige, De er begge s\u00e5 behagelige og kommer med l\u00e6kker pudefyld, men s\u00e5 stopper sammenligningen ogs\u00e5. For farverne har hver is\u00e6r, deres helt egne kvaliteter. Denne version i lilla og r\u00f8d er vendbar, hvilket betyder at du kan anvende puden efter dit hum\u00f8r.<\/p>\n","protected":false},"excerpt":{"rendered":"<p>Vores Duo pude den lilla og r\u00f8de version er vildt fin. Og det kan vi godt lide! Duo Cushion kommer ogs\u00e5 i en smuk sandfarve, men de to puder er usammenlignelige. Eller det vil sige, De er begge s\u00e5 behagelige og kommer med l\u00e6kker pudefyld, men s\u00e5 stopper sammenligningen ogs\u00e5. For farverne har hver is\u00e6r, [&hellip;]<\/p>\n","protected":false},"featured_media":1092203,"template":"","meta":{"_acf_changed":false,"inline_featured_image":false},"product_brand":[],"product_cat":[6347,3000,3001,6517],"product_tag":[],"class_list":{"0":"post-10952","1":"product","2":"type-product","3":"status-publish","4":"has-post-thumbnail","6":"product_cat-garden-selection-da","7":"product_cat-tekstiler","8":"product_cat-puder-da","9":"product_cat-outlet-da","10":"product_shipping_class-pk","12":"pa_color-lilla","13":"pa_color-rd","14":"pa_material-polyester-100-da","16":"first","17":"instock","18":"sale","19":"taxable","20":"shipping-taxable","21":"purchasable","22":"product-type-simple"},"exclude_global_add_ons":[],"addons":[],"acf":[],"yoast_head":"<!-- This site is optimized with the Yoast SEO plugin v26.4 - https:\/\/yoast.com\/wordpress\/plugins\/seo\/ -->\n<title>Duo Pude Lilla\/R\u00f8d - H\u00fcbsch<\/title>\n<meta name=\"description\" content=\"Vores Duo pude den lilla og r\u00f8de version er vildt fin. Og det kan vi godt lide! Duo Cushion kommer ogs\u00e5 i en smuk sandfarve, men de to puder er\" \/>\n<meta name=\"robots\" content=\"index, follow, max-snippet:-1, max-image-preview:large, max-video-preview:-1\" \/>\n<link rel=\"canonical\" href=\"https:\/\/hubsch-interior.com\/da\/wp-json\/wp\/v2\/product\/10952\" \/>\n<meta property=\"og:locale\" content=\"da_DK\" \/>\n<meta property=\"og:type\" content=\"article\" \/>\n<meta property=\"og:title\" content=\"Duo Pude Lilla\/R\u00f8d - H\u00fcbsch\" \/>\n<meta property=\"og:description\" content=\"Vores Duo pude den lilla og r\u00f8de version er vildt fin. Og det kan vi godt lide! Duo Cushion kommer ogs\u00e5 i en smuk sandfarve, men de to puder er\" \/>\n<meta property=\"og:url\" content=\"https:\/\/hubsch-interior.com\/da\/vare\/duo-pude-lilla-rod\/\" \/>\n<meta property=\"og:site_name\" content=\"H\u00fcbsch\" \/>\n<meta property=\"article:modified_time\" content=\"2026-04-09T02:15:58+00:00\" \/>\n<meta property=\"og:image\" content=\"https:\/\/hubsch-interior.com\/wp-content\/uploads\/2026\/02\/duo-cushion-purplered-1ac0808176c6eb6eadac74e3bb270029.jpg\" \/>\n\t<meta property=\"og:image:width\" content=\"1024\" \/>\n\t<meta property=\"og:image:height\" content=\"1024\" \/>\n\t<meta property=\"og:image:type\" content=\"image\/jpeg\" \/>\n<meta name=\"twitter:card\" content=\"summary_large_image\" \/>\n<script type=\"application\/ld+json\" class=\"yoast-schema-graph\">{\"@context\":\"https:\/\/schema.org\",\"@graph\":[{\"@type\":\"WebPage\",\"@id\":\"https:\/\/hubsch-interior.com\/da\/vare\/duo-pude-lilla-rod\/\",\"url\":\"https:\/\/hubsch-interior.com\/da\/vare\/duo-pude-lilla-rod\/\",\"name\":\"Duo Pude Lilla\/R\u00f8d - H\u00fcbsch\",\"isPartOf\":{\"@id\":\"https:\/\/hubsch-interior.com\/da\/#website\"},\"primaryImageOfPage\":{\"@id\":\"https:\/\/hubsch-interior.com\/da\/vare\/duo-pude-lilla-rod\/#primaryimage\"},\"image\":{\"@id\":\"https:\/\/hubsch-interior.com\/da\/vare\/duo-pude-lilla-rod\/#primaryimage\"},\"thumbnailUrl\":\"https:\/\/hubsch-interior.com\/wp-content\/uploads\/2026\/02\/duo-cushion-purplered-1ac0808176c6eb6eadac74e3bb270029.jpg\",\"datePublished\":\"2020-09-09T21:18:00+00:00\",\"dateModified\":\"2026-04-09T02:15:58+00:00\",\"description\":\"Vores Duo pude den lilla og r\u00f8de version er vildt fin. Og det kan vi godt lide! Duo Cushion kommer ogs\u00e5 i en smuk sandfarve, men de to puder er\",\"breadcrumb\":{\"@id\":\"https:\/\/hubsch-interior.com\/da\/vare\/duo-pude-lilla-rod\/#breadcrumb\"},\"inLanguage\":\"da-DK\",\"potentialAction\":[{\"@type\":\"ReadAction\",\"target\":[\"https:\/\/hubsch-interior.com\/da\/vare\/duo-pude-lilla-rod\/\"]}]},{\"@type\":\"ImageObject\",\"inLanguage\":\"da-DK\",\"@id\":\"https:\/\/hubsch-interior.com\/da\/vare\/duo-pude-lilla-rod\/#primaryimage\",\"url\":\"https:\/\/hubsch-interior.com\/wp-content\/uploads\/2026\/02\/duo-cushion-purplered-1ac0808176c6eb6eadac74e3bb270029.jpg\",\"contentUrl\":\"https:\/\/hubsch-interior.com\/wp-content\/uploads\/2026\/02\/duo-cushion-purplered-1ac0808176c6eb6eadac74e3bb270029.jpg\",\"width\":1024,\"height\":1024},{\"@type\":\"BreadcrumbList\",\"@id\":\"https:\/\/hubsch-interior.com\/da\/vare\/duo-pude-lilla-rod\/#breadcrumb\",\"itemListElement\":[{\"@type\":\"ListItem\",\"position\":1,\"name\":\"Forside\",\"item\":\"https:\/\/hubsch-interior.com\/da\/\"},{\"@type\":\"ListItem\",\"position\":2,\"name\":\"Produkter\",\"item\":\"https:\/\/hubsch-interior.com\/da\/produkter\/\"},{\"@type\":\"ListItem\",\"position\":3,\"name\":\"Tekstiler\",\"item\":\"https:\/\/hubsch-interior.com\/da\/vare-kategori\/tekstiler\/\"},{\"@type\":\"ListItem\",\"position\":4,\"name\":\"Puder\",\"item\":\"https:\/\/hubsch-interior.com\/da\/vare-kategori\/tekstiler\/puder-da\/\"},{\"@type\":\"ListItem\",\"position\":5,\"name\":\"Duo Pude Lilla\/R\u00f8d\"}]},{\"@type\":\"WebSite\",\"@id\":\"https:\/\/hubsch-interior.com\/da\/#website\",\"url\":\"https:\/\/hubsch-interior.com\/da\/\",\"name\":\"H\u00fcbsch\",\"description\":\"Danish Home Interior and Design\",\"publisher\":{\"@id\":\"https:\/\/hubsch-interior.com\/da\/#organization\"},\"potentialAction\":[{\"@type\":\"SearchAction\",\"target\":{\"@type\":\"EntryPoint\",\"urlTemplate\":\"https:\/\/hubsch-interior.com\/da\/?s={search_term_string}\"},\"query-input\":{\"@type\":\"PropertyValueSpecification\",\"valueRequired\":true,\"valueName\":\"search_term_string\"}}],\"inLanguage\":\"da-DK\"},{\"@type\":\"Organization\",\"@id\":\"https:\/\/hubsch-interior.com\/da\/#organization\",\"name\":\"H\u00fcbsch\",\"url\":\"https:\/\/hubsch-interior.com\/da\/\",\"logo\":{\"@type\":\"ImageObject\",\"inLanguage\":\"da-DK\",\"@id\":\"https:\/\/hubsch-interior.com\/da\/#\/schema\/logo\/image\/\",\"url\":\"https:\/\/hubsch-interior.com\/wp-content\/uploads\/2022\/12\/Hubsch_logo_black_one_line.svg\",\"contentUrl\":\"https:\/\/hubsch-interior.com\/wp-content\/uploads\/2022\/12\/Hubsch_logo_black_one_line.svg\",\"caption\":\"H\u00fcbsch\"},\"image\":{\"@id\":\"https:\/\/hubsch-interior.com\/da\/#\/schema\/logo\/image\/\"}}]}<\/script>\n<!-- \/ Yoast SEO plugin. -->","yoast_head_json":{"title":"Duo Pude Lilla\/R\u00f8d - H\u00fcbsch","description":"Vores Duo pude den lilla og r\u00f8de version er vildt fin. Og det kan vi godt lide! Duo Cushion kommer ogs\u00e5 i en smuk sandfarve, men de to puder er","robots":{"index":"index","follow":"follow","max-snippet":"max-snippet:-1","max-image-preview":"max-image-preview:large","max-video-preview":"max-video-preview:-1"},"canonical":"https:\/\/hubsch-interior.com\/da\/wp-json\/wp\/v2\/product\/10952","og_locale":"da_DK","og_type":"article","og_title":"Duo Pude Lilla\/R\u00f8d - H\u00fcbsch","og_description":"Vores Duo pude den lilla og r\u00f8de version er vildt fin. Og det kan vi godt lide! Duo Cushion kommer ogs\u00e5 i en smuk sandfarve, men de to puder er","og_url":"https:\/\/hubsch-interior.com\/da\/vare\/duo-pude-lilla-rod\/","og_site_name":"H\u00fcbsch","article_modified_time":"2026-04-09T02:15:58+00:00","og_image":[{"width":1024,"height":1024,"url":"https:\/\/hubsch-interior.com\/wp-content\/uploads\/2026\/02\/duo-cushion-purplered-1ac0808176c6eb6eadac74e3bb270029.jpg","type":"image\/jpeg"}],"twitter_card":"summary_large_image","schema":{"@context":"https:\/\/schema.org","@graph":[{"@type":"WebPage","@id":"https:\/\/hubsch-interior.com\/da\/vare\/duo-pude-lilla-rod\/","url":"https:\/\/hubsch-interior.com\/da\/vare\/duo-pude-lilla-rod\/","name":"Duo Pude Lilla\/R\u00f8d - H\u00fcbsch","isPartOf":{"@id":"https:\/\/hubsch-interior.com\/da\/#website"},"primaryImageOfPage":{"@id":"https:\/\/hubsch-interior.com\/da\/vare\/duo-pude-lilla-rod\/#primaryimage"},"image":{"@id":"https:\/\/hubsch-interior.com\/da\/vare\/duo-pude-lilla-rod\/#primaryimage"},"thumbnailUrl":"https:\/\/hubsch-interior.com\/wp-content\/uploads\/2026\/02\/duo-cushion-purplered-1ac0808176c6eb6eadac74e3bb270029.jpg","datePublished":"2020-09-09T21:18:00+00:00","dateModified":"2026-04-09T02:15:58+00:00","description":"Vores Duo pude den lilla og r\u00f8de version er vildt fin. Og det kan vi godt lide! Duo Cushion kommer ogs\u00e5 i en smuk sandfarve, men de to puder er","breadcrumb":{"@id":"https:\/\/hubsch-interior.com\/da\/vare\/duo-pude-lilla-rod\/#breadcrumb"},"inLanguage":"da-DK","potentialAction":[{"@type":"ReadAction","target":["https:\/\/hubsch-interior.com\/da\/vare\/duo-pude-lilla-rod\/"]}]},{"@type":"ImageObject","inLanguage":"da-DK","@id":"https:\/\/hubsch-interior.com\/da\/vare\/duo-pude-lilla-rod\/#primaryimage","url":"https:\/\/hubsch-interior.com\/wp-content\/uploads\/2026\/02\/duo-cushion-purplered-1ac0808176c6eb6eadac74e3bb270029.jpg","contentUrl":"https:\/\/hubsch-interior.com\/wp-content\/uploads\/2026\/02\/duo-cushion-purplered-1ac0808176c6eb6eadac74e3bb270029.jpg","width":1024,"height":1024},{"@type":"BreadcrumbList","@id":"https:\/\/hubsch-interior.com\/da\/vare\/duo-pude-lilla-rod\/#breadcrumb","itemListElement":[{"@type":"ListItem","position":1,"name":"Forside","item":"https:\/\/hubsch-interior.com\/da\/"},{"@type":"ListItem","position":2,"name":"Produkter","item":"https:\/\/hubsch-interior.com\/da\/produkter\/"},{"@type":"ListItem","position":3,"name":"Tekstiler","item":"https:\/\/hubsch-interior.com\/da\/vare-kategori\/tekstiler\/"},{"@type":"ListItem","position":4,"name":"Puder","item":"https:\/\/hubsch-interior.com\/da\/vare-kategori\/tekstiler\/puder-da\/"},{"@type":"ListItem","position":5,"name":"Duo Pude Lilla\/R\u00f8d"}]},{"@type":"WebSite","@id":"https:\/\/hubsch-interior.com\/da\/#website","url":"https:\/\/hubsch-interior.com\/da\/","name":"H\u00fcbsch","description":"Danish Home Interior and Design","publisher":{"@id":"https:\/\/hubsch-interior.com\/da\/#organization"},"potentialAction":[{"@type":"SearchAction","target":{"@type":"EntryPoint","urlTemplate":"https:\/\/hubsch-interior.com\/da\/?s={search_term_string}"},"query-input":{"@type":"PropertyValueSpecification","valueRequired":true,"valueName":"search_term_string"}}],"inLanguage":"da-DK"},{"@type":"Organization","@id":"https:\/\/hubsch-interior.com\/da\/#organization","name":"H\u00fcbsch","url":"https:\/\/hubsch-interior.com\/da\/","logo":{"@type":"ImageObject","inLanguage":"da-DK","@id":"https:\/\/hubsch-interior.com\/da\/#\/schema\/logo\/image\/","url":"https:\/\/hubsch-interior.com\/wp-content\/uploads\/2022\/12\/Hubsch_logo_black_one_line.svg","contentUrl":"https:\/\/hubsch-interior.com\/wp-content\/uploads\/2022\/12\/Hubsch_logo_black_one_line.svg","caption":"H\u00fcbsch"},"image":{"@id":"https:\/\/hubsch-interior.com\/da\/#\/schema\/logo\/image\/"}}]}},"_links":{"self":[{"href":"https:\/\/hubsch-interior.com\/da\/wp-json\/wp\/v2\/product\/10952","targetHints":{"allow":["GET"]}}],"collection":[{"href":"https:\/\/hubsch-interior.com\/da\/wp-json\/wp\/v2\/product"}],"about":[{"href":"https:\/\/hubsch-interior.com\/da\/wp-json\/wp\/v2\/types\/product"}],"wp:featuredmedia":[{"embeddable":true,"href":"https:\/\/hubsch-interior.com\/da\/wp-json\/wp\/v2\/media\/1092203"}],"wp:attachment":[{"href":"https:\/\/hubsch-interior.com\/da\/wp-json\/wp\/v2\/media?parent=10952"}],"wp:term":[{"taxonomy":"product_brand","embeddable":true,"href":"https:\/\/hubsch-interior.com\/da\/wp-json\/wp\/v2\/product_brand?post=10952"},{"taxonomy":"product_cat","embeddable":true,"href":"https:\/\/hubsch-interior.com\/da\/wp-json\/wp\/v2\/product_cat?post=10952"},{"taxonomy":"product_tag","embeddable":true,"href":"https:\/\/hubsch-interior.com\/da\/wp-json\/wp\/v2\/product_tag?post=10952"}],"curies":[{"name":"wp","href":"https:\/\/api.w.org\/{rel}","templated":true}]}}