{"id":11172,"date":"2020-09-09T23:18:18","date_gmt":"2020-09-09T21:18:18","guid":{"rendered":"https:\/\/hubsch-interior.com\/vare\/product\/"},"modified":"2026-04-09T04:16:18","modified_gmt":"2026-04-09T02:16:18","slug":"string-magasinholder-sort-hvid","status":"publish","type":"product","link":"https:\/\/hubsch-interior.com\/da\/vare\/string-magasinholder-sort-hvid\/","title":{"rendered":"String Magasinholder Sort\/Hvid"},"content":{"rendered":"<p>String Magasinholder er det perfekte valg til dit hjem. Det er designet med en moderne blanding af sort metal og bomuldstr\u00e5d. Det kombinerer den elegante og stilfulde sort med en naturlig beroligende hvid. Det er et flot design, som passer godt til stuen, og det er et fint sted at opbevare aviser, b\u00f8ger eller andre sm\u00e5 ting. Det er lavet af kvalitetsmaterialer og er holdbart og slidst\u00e6rkt. S\u00e5 det passer perfekt til ethvert hjem.<\/p>\n","protected":false},"excerpt":{"rendered":"<p>String Magasinholder er det perfekte valg til dit hjem. Det er designet med en moderne blanding af sort metal og bomuldstr\u00e5d. Det kombinerer den elegante og stilfulde sort med en naturlig beroligende hvid. Det er et flot design, som passer godt til stuen, og det er et fint sted at opbevare aviser, b\u00f8ger eller andre [&hellip;]<\/p>\n","protected":false},"featured_media":1116637,"template":"","meta":{"_acf_changed":false,"inline_featured_image":false},"product_brand":[],"product_cat":[3109,4018,5025,5029],"product_tag":[],"class_list":{"0":"post-11172","1":"product","2":"type-product","3":"status-publish","4":"has-post-thumbnail","6":"product_cat-opbevaring-da","7":"product_cat-magasinholdere-da","8":"product_cat-bestsellers-da","9":"product_cat-tilbage-paa-lager-da","10":"product_shipping_class-pk","12":"pa_color-hvid","13":"pa_color-sort","14":"pa_material-cotton-100-da","15":"pa_material-jern-da","17":"first","18":"instock","19":"featured","20":"taxable","21":"shipping-taxable","22":"purchasable","23":"product-type-simple"},"exclude_global_add_ons":[],"addons":[],"acf":[],"yoast_head":"<!-- This site is optimized with the Yoast SEO plugin v26.4 - https:\/\/yoast.com\/wordpress\/plugins\/seo\/ -->\n<title>String Magasinholder Sort\/Hvid - H\u00fcbsch<\/title>\n<meta name=\"description\" content=\"String Magasinholder er det perfekte valg til dit hjem. Det er designet med en moderne blanding af sort metal og bomuldstr\u00e5d. Det kombinerer den elegante\" \/>\n<meta name=\"robots\" content=\"index, follow, max-snippet:-1, max-image-preview:large, max-video-preview:-1\" \/>\n<link rel=\"canonical\" href=\"https:\/\/hubsch-interior.com\/da\/wp-json\/wp\/v2\/product\/11172\" \/>\n<meta property=\"og:locale\" content=\"da_DK\" \/>\n<meta property=\"og:type\" content=\"article\" \/>\n<meta property=\"og:title\" content=\"String Magasinholder Sort\/Hvid - H\u00fcbsch\" \/>\n<meta property=\"og:description\" content=\"String Magasinholder er det perfekte valg til dit hjem. Det er designet med en moderne blanding af sort metal og bomuldstr\u00e5d. Det kombinerer den elegante\" \/>\n<meta property=\"og:url\" content=\"https:\/\/hubsch-interior.com\/da\/vare\/string-magasinholder-sort-hvid\/\" \/>\n<meta property=\"og:site_name\" content=\"H\u00fcbsch\" \/>\n<meta property=\"article:modified_time\" content=\"2026-04-09T02:16:18+00:00\" \/>\n<meta property=\"og:image\" content=\"https:\/\/hubsch-interior.com\/wp-content\/uploads\/2026\/04\/string-magazine-holder-blackwhite-c203647b69ddc3925c00efbc46ad47ee.jpg\" \/>\n\t<meta property=\"og:image:width\" content=\"1024\" \/>\n\t<meta property=\"og:image:height\" content=\"1024\" \/>\n\t<meta property=\"og:image:type\" content=\"image\/jpeg\" \/>\n<meta name=\"twitter:card\" content=\"summary_large_image\" \/>\n<script type=\"application\/ld+json\" class=\"yoast-schema-graph\">{\"@context\":\"https:\/\/schema.org\",\"@graph\":[{\"@type\":\"WebPage\",\"@id\":\"https:\/\/hubsch-interior.com\/da\/vare\/string-magasinholder-sort-hvid\/\",\"url\":\"https:\/\/hubsch-interior.com\/da\/vare\/string-magasinholder-sort-hvid\/\",\"name\":\"String Magasinholder Sort\/Hvid - H\u00fcbsch\",\"isPartOf\":{\"@id\":\"https:\/\/hubsch-interior.com\/da\/#website\"},\"primaryImageOfPage\":{\"@id\":\"https:\/\/hubsch-interior.com\/da\/vare\/string-magasinholder-sort-hvid\/#primaryimage\"},\"image\":{\"@id\":\"https:\/\/hubsch-interior.com\/da\/vare\/string-magasinholder-sort-hvid\/#primaryimage\"},\"thumbnailUrl\":\"https:\/\/hubsch-interior.com\/wp-content\/uploads\/2026\/04\/string-magazine-holder-blackwhite-c203647b69ddc3925c00efbc46ad47ee.jpg\",\"datePublished\":\"2020-09-09T21:18:18+00:00\",\"dateModified\":\"2026-04-09T02:16:18+00:00\",\"description\":\"String Magasinholder er det perfekte valg til dit hjem. Det er designet med en moderne blanding af sort metal og bomuldstr\u00e5d. Det kombinerer den elegante\",\"breadcrumb\":{\"@id\":\"https:\/\/hubsch-interior.com\/da\/vare\/string-magasinholder-sort-hvid\/#breadcrumb\"},\"inLanguage\":\"da-DK\",\"potentialAction\":[{\"@type\":\"ReadAction\",\"target\":[\"https:\/\/hubsch-interior.com\/da\/vare\/string-magasinholder-sort-hvid\/\"]}]},{\"@type\":\"ImageObject\",\"inLanguage\":\"da-DK\",\"@id\":\"https:\/\/hubsch-interior.com\/da\/vare\/string-magasinholder-sort-hvid\/#primaryimage\",\"url\":\"https:\/\/hubsch-interior.com\/wp-content\/uploads\/2026\/04\/string-magazine-holder-blackwhite-c203647b69ddc3925c00efbc46ad47ee.jpg\",\"contentUrl\":\"https:\/\/hubsch-interior.com\/wp-content\/uploads\/2026\/04\/string-magazine-holder-blackwhite-c203647b69ddc3925c00efbc46ad47ee.jpg\",\"width\":1024,\"height\":1024},{\"@type\":\"BreadcrumbList\",\"@id\":\"https:\/\/hubsch-interior.com\/da\/vare\/string-magasinholder-sort-hvid\/#breadcrumb\",\"itemListElement\":[{\"@type\":\"ListItem\",\"position\":1,\"name\":\"Forside\",\"item\":\"https:\/\/hubsch-interior.com\/da\/\"},{\"@type\":\"ListItem\",\"position\":2,\"name\":\"Produkter\",\"item\":\"https:\/\/hubsch-interior.com\/da\/produkter\/\"},{\"@type\":\"ListItem\",\"position\":3,\"name\":\"Boligtilbeh\u00f8r\",\"item\":\"https:\/\/hubsch-interior.com\/da\/vare-kategori\/boligtilbehor\/\"},{\"@type\":\"ListItem\",\"position\":4,\"name\":\"Opbevaring\",\"item\":\"https:\/\/hubsch-interior.com\/da\/vare-kategori\/boligtilbehor\/opbevaring-da\/\"},{\"@type\":\"ListItem\",\"position\":5,\"name\":\"Magasinholdere\",\"item\":\"https:\/\/hubsch-interior.com\/da\/vare-kategori\/boligtilbehor\/opbevaring-da\/magasinholdere-da\/\"},{\"@type\":\"ListItem\",\"position\":6,\"name\":\"String Magasinholder Sort\/Hvid\"}]},{\"@type\":\"WebSite\",\"@id\":\"https:\/\/hubsch-interior.com\/da\/#website\",\"url\":\"https:\/\/hubsch-interior.com\/da\/\",\"name\":\"H\u00fcbsch\",\"description\":\"Danish Home Interior and Design\",\"publisher\":{\"@id\":\"https:\/\/hubsch-interior.com\/da\/#organization\"},\"potentialAction\":[{\"@type\":\"SearchAction\",\"target\":{\"@type\":\"EntryPoint\",\"urlTemplate\":\"https:\/\/hubsch-interior.com\/da\/?s={search_term_string}\"},\"query-input\":{\"@type\":\"PropertyValueSpecification\",\"valueRequired\":true,\"valueName\":\"search_term_string\"}}],\"inLanguage\":\"da-DK\"},{\"@type\":\"Organization\",\"@id\":\"https:\/\/hubsch-interior.com\/da\/#organization\",\"name\":\"H\u00fcbsch\",\"url\":\"https:\/\/hubsch-interior.com\/da\/\",\"logo\":{\"@type\":\"ImageObject\",\"inLanguage\":\"da-DK\",\"@id\":\"https:\/\/hubsch-interior.com\/da\/#\/schema\/logo\/image\/\",\"url\":\"https:\/\/hubsch-interior.com\/wp-content\/uploads\/2022\/12\/Hubsch_logo_black_one_line.svg\",\"contentUrl\":\"https:\/\/hubsch-interior.com\/wp-content\/uploads\/2022\/12\/Hubsch_logo_black_one_line.svg\",\"caption\":\"H\u00fcbsch\"},\"image\":{\"@id\":\"https:\/\/hubsch-interior.com\/da\/#\/schema\/logo\/image\/\"}}]}<\/script>\n<!-- \/ Yoast SEO plugin. -->","yoast_head_json":{"title":"String Magasinholder Sort\/Hvid - H\u00fcbsch","description":"String Magasinholder er det perfekte valg til dit hjem. Det er designet med en moderne blanding af sort metal og bomuldstr\u00e5d. Det kombinerer den elegante","robots":{"index":"index","follow":"follow","max-snippet":"max-snippet:-1","max-image-preview":"max-image-preview:large","max-video-preview":"max-video-preview:-1"},"canonical":"https:\/\/hubsch-interior.com\/da\/wp-json\/wp\/v2\/product\/11172","og_locale":"da_DK","og_type":"article","og_title":"String Magasinholder Sort\/Hvid - H\u00fcbsch","og_description":"String Magasinholder er det perfekte valg til dit hjem. Det er designet med en moderne blanding af sort metal og bomuldstr\u00e5d. Det kombinerer den elegante","og_url":"https:\/\/hubsch-interior.com\/da\/vare\/string-magasinholder-sort-hvid\/","og_site_name":"H\u00fcbsch","article_modified_time":"2026-04-09T02:16:18+00:00","og_image":[{"width":1024,"height":1024,"url":"https:\/\/hubsch-interior.com\/wp-content\/uploads\/2026\/04\/string-magazine-holder-blackwhite-c203647b69ddc3925c00efbc46ad47ee.jpg","type":"image\/jpeg"}],"twitter_card":"summary_large_image","schema":{"@context":"https:\/\/schema.org","@graph":[{"@type":"WebPage","@id":"https:\/\/hubsch-interior.com\/da\/vare\/string-magasinholder-sort-hvid\/","url":"https:\/\/hubsch-interior.com\/da\/vare\/string-magasinholder-sort-hvid\/","name":"String Magasinholder Sort\/Hvid - H\u00fcbsch","isPartOf":{"@id":"https:\/\/hubsch-interior.com\/da\/#website"},"primaryImageOfPage":{"@id":"https:\/\/hubsch-interior.com\/da\/vare\/string-magasinholder-sort-hvid\/#primaryimage"},"image":{"@id":"https:\/\/hubsch-interior.com\/da\/vare\/string-magasinholder-sort-hvid\/#primaryimage"},"thumbnailUrl":"https:\/\/hubsch-interior.com\/wp-content\/uploads\/2026\/04\/string-magazine-holder-blackwhite-c203647b69ddc3925c00efbc46ad47ee.jpg","datePublished":"2020-09-09T21:18:18+00:00","dateModified":"2026-04-09T02:16:18+00:00","description":"String Magasinholder er det perfekte valg til dit hjem. Det er designet med en moderne blanding af sort metal og bomuldstr\u00e5d. Det kombinerer den elegante","breadcrumb":{"@id":"https:\/\/hubsch-interior.com\/da\/vare\/string-magasinholder-sort-hvid\/#breadcrumb"},"inLanguage":"da-DK","potentialAction":[{"@type":"ReadAction","target":["https:\/\/hubsch-interior.com\/da\/vare\/string-magasinholder-sort-hvid\/"]}]},{"@type":"ImageObject","inLanguage":"da-DK","@id":"https:\/\/hubsch-interior.com\/da\/vare\/string-magasinholder-sort-hvid\/#primaryimage","url":"https:\/\/hubsch-interior.com\/wp-content\/uploads\/2026\/04\/string-magazine-holder-blackwhite-c203647b69ddc3925c00efbc46ad47ee.jpg","contentUrl":"https:\/\/hubsch-interior.com\/wp-content\/uploads\/2026\/04\/string-magazine-holder-blackwhite-c203647b69ddc3925c00efbc46ad47ee.jpg","width":1024,"height":1024},{"@type":"BreadcrumbList","@id":"https:\/\/hubsch-interior.com\/da\/vare\/string-magasinholder-sort-hvid\/#breadcrumb","itemListElement":[{"@type":"ListItem","position":1,"name":"Forside","item":"https:\/\/hubsch-interior.com\/da\/"},{"@type":"ListItem","position":2,"name":"Produkter","item":"https:\/\/hubsch-interior.com\/da\/produkter\/"},{"@type":"ListItem","position":3,"name":"Boligtilbeh\u00f8r","item":"https:\/\/hubsch-interior.com\/da\/vare-kategori\/boligtilbehor\/"},{"@type":"ListItem","position":4,"name":"Opbevaring","item":"https:\/\/hubsch-interior.com\/da\/vare-kategori\/boligtilbehor\/opbevaring-da\/"},{"@type":"ListItem","position":5,"name":"Magasinholdere","item":"https:\/\/hubsch-interior.com\/da\/vare-kategori\/boligtilbehor\/opbevaring-da\/magasinholdere-da\/"},{"@type":"ListItem","position":6,"name":"String Magasinholder Sort\/Hvid"}]},{"@type":"WebSite","@id":"https:\/\/hubsch-interior.com\/da\/#website","url":"https:\/\/hubsch-interior.com\/da\/","name":"H\u00fcbsch","description":"Danish Home Interior and Design","publisher":{"@id":"https:\/\/hubsch-interior.com\/da\/#organization"},"potentialAction":[{"@type":"SearchAction","target":{"@type":"EntryPoint","urlTemplate":"https:\/\/hubsch-interior.com\/da\/?s={search_term_string}"},"query-input":{"@type":"PropertyValueSpecification","valueRequired":true,"valueName":"search_term_string"}}],"inLanguage":"da-DK"},{"@type":"Organization","@id":"https:\/\/hubsch-interior.com\/da\/#organization","name":"H\u00fcbsch","url":"https:\/\/hubsch-interior.com\/da\/","logo":{"@type":"ImageObject","inLanguage":"da-DK","@id":"https:\/\/hubsch-interior.com\/da\/#\/schema\/logo\/image\/","url":"https:\/\/hubsch-interior.com\/wp-content\/uploads\/2022\/12\/Hubsch_logo_black_one_line.svg","contentUrl":"https:\/\/hubsch-interior.com\/wp-content\/uploads\/2022\/12\/Hubsch_logo_black_one_line.svg","caption":"H\u00fcbsch"},"image":{"@id":"https:\/\/hubsch-interior.com\/da\/#\/schema\/logo\/image\/"}}]}},"_links":{"self":[{"href":"https:\/\/hubsch-interior.com\/da\/wp-json\/wp\/v2\/product\/11172","targetHints":{"allow":["GET"]}}],"collection":[{"href":"https:\/\/hubsch-interior.com\/da\/wp-json\/wp\/v2\/product"}],"about":[{"href":"https:\/\/hubsch-interior.com\/da\/wp-json\/wp\/v2\/types\/product"}],"wp:featuredmedia":[{"embeddable":true,"href":"https:\/\/hubsch-interior.com\/da\/wp-json\/wp\/v2\/media\/1116637"}],"wp:attachment":[{"href":"https:\/\/hubsch-interior.com\/da\/wp-json\/wp\/v2\/media?parent=11172"}],"wp:term":[{"taxonomy":"product_brand","embeddable":true,"href":"https:\/\/hubsch-interior.com\/da\/wp-json\/wp\/v2\/product_brand?post=11172"},{"taxonomy":"product_cat","embeddable":true,"href":"https:\/\/hubsch-interior.com\/da\/wp-json\/wp\/v2\/product_cat?post=11172"},{"taxonomy":"product_tag","embeddable":true,"href":"https:\/\/hubsch-interior.com\/da\/wp-json\/wp\/v2\/product_tag?post=11172"}],"curies":[{"name":"wp","href":"https:\/\/api.w.org\/{rel}","templated":true}]}}