{"id":11704,"date":"2020-09-09T23:19:02","date_gmt":"2020-09-09T21:19:02","guid":{"rendered":"https:\/\/hubsch-interior.com\/vare\/product\/"},"modified":"2026-04-05T04:22:56","modified_gmt":"2026-04-05T02:22:56","slug":"glaze-skal-small-sand","status":"publish","type":"product","link":"https:\/\/hubsch-interior.com\/da\/vare\/glaze-skal-small-sand\/","title":{"rendered":"Glaze Sk\u00e5l Small Sand"},"content":{"rendered":"<p>Denne sk\u00e5l kommer i en rolig sandfarve og er lavet af keramik. Sk\u00e5lens st\u00f8rrelse g\u00f8r den nyttig til servering af mad eller forskellige snacks. Sandfarven er enkel og frisk samt let at kombinere med mange forskellige interi\u00f8rstile. Dette produkt er h\u00e5ndlavet og kan derfor varierer.<\/p>\n","protected":false},"excerpt":{"rendered":"<p>Denne sk\u00e5l kommer i en rolig sandfarve og er lavet af keramik. Sk\u00e5lens st\u00f8rrelse g\u00f8r den nyttig til servering af mad eller forskellige snacks. Sandfarven er enkel og frisk samt let at kombinere med mange forskellige interi\u00f8rstile. Dette produkt er h\u00e5ndlavet og kan derfor varierer.<\/p>\n","protected":false},"featured_media":1095099,"template":"","meta":{"_acf_changed":false,"inline_featured_image":false},"product_brand":[],"product_cat":[7025,4094,4051,6517,6970,7042],"product_tag":[],"class_list":{"0":"post-11704","1":"product","2":"type-product","3":"status-publish","4":"has-post-thumbnail","6":"product_cat-bordservice-da-2","7":"product_cat-bordservice-da","8":"product_cat-koekkentilbehoer-da","9":"product_cat-outlet-da","10":"product_cat-paaskeudsalg","11":"product_cat-serveringsskaale-da","12":"product_shipping_class-pk","14":"pa_color-sand-da","15":"pa_material-keramik-da","17":"first","18":"instock","19":"sale","20":"taxable","21":"shipping-taxable","22":"purchasable","23":"product-type-simple"},"exclude_global_add_ons":[],"addons":[],"acf":[],"yoast_head":"<!-- This site is optimized with the Yoast SEO plugin v26.4 - https:\/\/yoast.com\/wordpress\/plugins\/seo\/ -->\n<title>Glaze Sk\u00e5l Small Sand - H\u00fcbsch<\/title>\n<meta name=\"description\" content=\"Denne sk\u00e5l kommer i en rolig sandfarve og er lavet af keramik. Sk\u00e5lens st\u00f8rrelse g\u00f8r den nyttig til servering af mad eller forskellige snacks. Sandfarven\" \/>\n<meta name=\"robots\" content=\"index, follow, max-snippet:-1, max-image-preview:large, max-video-preview:-1\" \/>\n<link rel=\"canonical\" href=\"https:\/\/hubsch-interior.com\/da\/wp-json\/wp\/v2\/product\/11704\" \/>\n<meta property=\"og:locale\" content=\"da_DK\" \/>\n<meta property=\"og:type\" content=\"article\" \/>\n<meta property=\"og:title\" content=\"Glaze Sk\u00e5l Small Sand - H\u00fcbsch\" \/>\n<meta property=\"og:description\" content=\"Denne sk\u00e5l kommer i en rolig sandfarve og er lavet af keramik. Sk\u00e5lens st\u00f8rrelse g\u00f8r den nyttig til servering af mad eller forskellige snacks. Sandfarven\" \/>\n<meta property=\"og:url\" content=\"https:\/\/hubsch-interior.com\/da\/vare\/glaze-skal-small-sand\/\" \/>\n<meta property=\"og:site_name\" content=\"H\u00fcbsch\" \/>\n<meta property=\"article:modified_time\" content=\"2026-04-05T02:22:56+00:00\" \/>\n<meta property=\"og:image\" content=\"https:\/\/hubsch-interior.com\/wp-content\/uploads\/2025\/05\/glaze-bowl-small-sand-501e7342f1b19debc1c0c3eb02c8168a.jpg\" \/>\n\t<meta property=\"og:image:width\" content=\"1200\" \/>\n\t<meta property=\"og:image:height\" content=\"1200\" \/>\n\t<meta property=\"og:image:type\" content=\"image\/jpeg\" \/>\n<meta name=\"twitter:card\" content=\"summary_large_image\" \/>\n<script type=\"application\/ld+json\" class=\"yoast-schema-graph\">{\"@context\":\"https:\/\/schema.org\",\"@graph\":[{\"@type\":\"WebPage\",\"@id\":\"https:\/\/hubsch-interior.com\/da\/vare\/glaze-skal-small-sand\/\",\"url\":\"https:\/\/hubsch-interior.com\/da\/vare\/glaze-skal-small-sand\/\",\"name\":\"Glaze Sk\u00e5l Small Sand - H\u00fcbsch\",\"isPartOf\":{\"@id\":\"https:\/\/hubsch-interior.com\/da\/#website\"},\"primaryImageOfPage\":{\"@id\":\"https:\/\/hubsch-interior.com\/da\/vare\/glaze-skal-small-sand\/#primaryimage\"},\"image\":{\"@id\":\"https:\/\/hubsch-interior.com\/da\/vare\/glaze-skal-small-sand\/#primaryimage\"},\"thumbnailUrl\":\"https:\/\/hubsch-interior.com\/wp-content\/uploads\/2026\/02\/glaze-bowl-small-sand-02d937b4a5f88588ffcd8250a070d889.jpg\",\"datePublished\":\"2020-09-09T21:19:02+00:00\",\"dateModified\":\"2026-04-05T02:22:56+00:00\",\"description\":\"Denne sk\u00e5l kommer i en rolig sandfarve og er lavet af keramik. Sk\u00e5lens st\u00f8rrelse g\u00f8r den nyttig til servering af mad eller forskellige snacks. Sandfarven\",\"breadcrumb\":{\"@id\":\"https:\/\/hubsch-interior.com\/da\/vare\/glaze-skal-small-sand\/#breadcrumb\"},\"inLanguage\":\"da-DK\",\"potentialAction\":[{\"@type\":\"ReadAction\",\"target\":[\"https:\/\/hubsch-interior.com\/da\/vare\/glaze-skal-small-sand\/\"]}]},{\"@type\":\"ImageObject\",\"inLanguage\":\"da-DK\",\"@id\":\"https:\/\/hubsch-interior.com\/da\/vare\/glaze-skal-small-sand\/#primaryimage\",\"url\":\"https:\/\/hubsch-interior.com\/wp-content\/uploads\/2026\/02\/glaze-bowl-small-sand-02d937b4a5f88588ffcd8250a070d889.jpg\",\"contentUrl\":\"https:\/\/hubsch-interior.com\/wp-content\/uploads\/2026\/02\/glaze-bowl-small-sand-02d937b4a5f88588ffcd8250a070d889.jpg\",\"width\":1024,\"height\":1024},{\"@type\":\"BreadcrumbList\",\"@id\":\"https:\/\/hubsch-interior.com\/da\/vare\/glaze-skal-small-sand\/#breadcrumb\",\"itemListElement\":[{\"@type\":\"ListItem\",\"position\":1,\"name\":\"Forside\",\"item\":\"https:\/\/hubsch-interior.com\/da\/\"},{\"@type\":\"ListItem\",\"position\":2,\"name\":\"Produkter\",\"item\":\"https:\/\/hubsch-interior.com\/da\/produkter\/\"},{\"@type\":\"ListItem\",\"position\":3,\"name\":\"Boligtilbeh\u00f8r\",\"item\":\"https:\/\/hubsch-interior.com\/da\/vare-kategori\/boligtilbehor\/\"},{\"@type\":\"ListItem\",\"position\":4,\"name\":\"K&oslash;kkentilbeh&oslash;r\",\"item\":\"https:\/\/hubsch-interior.com\/da\/vare-kategori\/boligtilbehor\/koekkentilbehoer-da\/\"},{\"@type\":\"ListItem\",\"position\":5,\"name\":\"Bordservice\",\"item\":\"https:\/\/hubsch-interior.com\/da\/vare-kategori\/boligtilbehor\/koekkentilbehoer-da\/bordservice-da\/\"},{\"@type\":\"ListItem\",\"position\":6,\"name\":\"Glaze Sk\u00e5l Small Sand\"}]},{\"@type\":\"WebSite\",\"@id\":\"https:\/\/hubsch-interior.com\/da\/#website\",\"url\":\"https:\/\/hubsch-interior.com\/da\/\",\"name\":\"H\u00fcbsch\",\"description\":\"Danish Home Interior and Design\",\"publisher\":{\"@id\":\"https:\/\/hubsch-interior.com\/da\/#organization\"},\"potentialAction\":[{\"@type\":\"SearchAction\",\"target\":{\"@type\":\"EntryPoint\",\"urlTemplate\":\"https:\/\/hubsch-interior.com\/da\/?s={search_term_string}\"},\"query-input\":{\"@type\":\"PropertyValueSpecification\",\"valueRequired\":true,\"valueName\":\"search_term_string\"}}],\"inLanguage\":\"da-DK\"},{\"@type\":\"Organization\",\"@id\":\"https:\/\/hubsch-interior.com\/da\/#organization\",\"name\":\"H\u00fcbsch\",\"url\":\"https:\/\/hubsch-interior.com\/da\/\",\"logo\":{\"@type\":\"ImageObject\",\"inLanguage\":\"da-DK\",\"@id\":\"https:\/\/hubsch-interior.com\/da\/#\/schema\/logo\/image\/\",\"url\":\"https:\/\/hubsch-interior.com\/wp-content\/uploads\/2022\/12\/Hubsch_logo_black_one_line.svg\",\"contentUrl\":\"https:\/\/hubsch-interior.com\/wp-content\/uploads\/2022\/12\/Hubsch_logo_black_one_line.svg\",\"caption\":\"H\u00fcbsch\"},\"image\":{\"@id\":\"https:\/\/hubsch-interior.com\/da\/#\/schema\/logo\/image\/\"}}]}<\/script>\n<!-- \/ Yoast SEO plugin. -->","yoast_head_json":{"title":"Glaze Sk\u00e5l Small Sand - H\u00fcbsch","description":"Denne sk\u00e5l kommer i en rolig sandfarve og er lavet af keramik. Sk\u00e5lens st\u00f8rrelse g\u00f8r den nyttig til servering af mad eller forskellige snacks. Sandfarven","robots":{"index":"index","follow":"follow","max-snippet":"max-snippet:-1","max-image-preview":"max-image-preview:large","max-video-preview":"max-video-preview:-1"},"canonical":"https:\/\/hubsch-interior.com\/da\/wp-json\/wp\/v2\/product\/11704","og_locale":"da_DK","og_type":"article","og_title":"Glaze Sk\u00e5l Small Sand - H\u00fcbsch","og_description":"Denne sk\u00e5l kommer i en rolig sandfarve og er lavet af keramik. Sk\u00e5lens st\u00f8rrelse g\u00f8r den nyttig til servering af mad eller forskellige snacks. Sandfarven","og_url":"https:\/\/hubsch-interior.com\/da\/vare\/glaze-skal-small-sand\/","og_site_name":"H\u00fcbsch","article_modified_time":"2026-04-05T02:22:56+00:00","og_image":[{"width":1200,"height":1200,"url":"https:\/\/hubsch-interior.com\/wp-content\/uploads\/2025\/05\/glaze-bowl-small-sand-501e7342f1b19debc1c0c3eb02c8168a.jpg","type":"image\/jpeg"}],"twitter_card":"summary_large_image","schema":{"@context":"https:\/\/schema.org","@graph":[{"@type":"WebPage","@id":"https:\/\/hubsch-interior.com\/da\/vare\/glaze-skal-small-sand\/","url":"https:\/\/hubsch-interior.com\/da\/vare\/glaze-skal-small-sand\/","name":"Glaze Sk\u00e5l Small Sand - H\u00fcbsch","isPartOf":{"@id":"https:\/\/hubsch-interior.com\/da\/#website"},"primaryImageOfPage":{"@id":"https:\/\/hubsch-interior.com\/da\/vare\/glaze-skal-small-sand\/#primaryimage"},"image":{"@id":"https:\/\/hubsch-interior.com\/da\/vare\/glaze-skal-small-sand\/#primaryimage"},"thumbnailUrl":"https:\/\/hubsch-interior.com\/wp-content\/uploads\/2026\/02\/glaze-bowl-small-sand-02d937b4a5f88588ffcd8250a070d889.jpg","datePublished":"2020-09-09T21:19:02+00:00","dateModified":"2026-04-05T02:22:56+00:00","description":"Denne sk\u00e5l kommer i en rolig sandfarve og er lavet af keramik. Sk\u00e5lens st\u00f8rrelse g\u00f8r den nyttig til servering af mad eller forskellige snacks. Sandfarven","breadcrumb":{"@id":"https:\/\/hubsch-interior.com\/da\/vare\/glaze-skal-small-sand\/#breadcrumb"},"inLanguage":"da-DK","potentialAction":[{"@type":"ReadAction","target":["https:\/\/hubsch-interior.com\/da\/vare\/glaze-skal-small-sand\/"]}]},{"@type":"ImageObject","inLanguage":"da-DK","@id":"https:\/\/hubsch-interior.com\/da\/vare\/glaze-skal-small-sand\/#primaryimage","url":"https:\/\/hubsch-interior.com\/wp-content\/uploads\/2026\/02\/glaze-bowl-small-sand-02d937b4a5f88588ffcd8250a070d889.jpg","contentUrl":"https:\/\/hubsch-interior.com\/wp-content\/uploads\/2026\/02\/glaze-bowl-small-sand-02d937b4a5f88588ffcd8250a070d889.jpg","width":1024,"height":1024},{"@type":"BreadcrumbList","@id":"https:\/\/hubsch-interior.com\/da\/vare\/glaze-skal-small-sand\/#breadcrumb","itemListElement":[{"@type":"ListItem","position":1,"name":"Forside","item":"https:\/\/hubsch-interior.com\/da\/"},{"@type":"ListItem","position":2,"name":"Produkter","item":"https:\/\/hubsch-interior.com\/da\/produkter\/"},{"@type":"ListItem","position":3,"name":"Boligtilbeh\u00f8r","item":"https:\/\/hubsch-interior.com\/da\/vare-kategori\/boligtilbehor\/"},{"@type":"ListItem","position":4,"name":"K&oslash;kkentilbeh&oslash;r","item":"https:\/\/hubsch-interior.com\/da\/vare-kategori\/boligtilbehor\/koekkentilbehoer-da\/"},{"@type":"ListItem","position":5,"name":"Bordservice","item":"https:\/\/hubsch-interior.com\/da\/vare-kategori\/boligtilbehor\/koekkentilbehoer-da\/bordservice-da\/"},{"@type":"ListItem","position":6,"name":"Glaze Sk\u00e5l Small Sand"}]},{"@type":"WebSite","@id":"https:\/\/hubsch-interior.com\/da\/#website","url":"https:\/\/hubsch-interior.com\/da\/","name":"H\u00fcbsch","description":"Danish Home Interior and Design","publisher":{"@id":"https:\/\/hubsch-interior.com\/da\/#organization"},"potentialAction":[{"@type":"SearchAction","target":{"@type":"EntryPoint","urlTemplate":"https:\/\/hubsch-interior.com\/da\/?s={search_term_string}"},"query-input":{"@type":"PropertyValueSpecification","valueRequired":true,"valueName":"search_term_string"}}],"inLanguage":"da-DK"},{"@type":"Organization","@id":"https:\/\/hubsch-interior.com\/da\/#organization","name":"H\u00fcbsch","url":"https:\/\/hubsch-interior.com\/da\/","logo":{"@type":"ImageObject","inLanguage":"da-DK","@id":"https:\/\/hubsch-interior.com\/da\/#\/schema\/logo\/image\/","url":"https:\/\/hubsch-interior.com\/wp-content\/uploads\/2022\/12\/Hubsch_logo_black_one_line.svg","contentUrl":"https:\/\/hubsch-interior.com\/wp-content\/uploads\/2022\/12\/Hubsch_logo_black_one_line.svg","caption":"H\u00fcbsch"},"image":{"@id":"https:\/\/hubsch-interior.com\/da\/#\/schema\/logo\/image\/"}}]}},"_links":{"self":[{"href":"https:\/\/hubsch-interior.com\/da\/wp-json\/wp\/v2\/product\/11704","targetHints":{"allow":["GET"]}}],"collection":[{"href":"https:\/\/hubsch-interior.com\/da\/wp-json\/wp\/v2\/product"}],"about":[{"href":"https:\/\/hubsch-interior.com\/da\/wp-json\/wp\/v2\/types\/product"}],"wp:featuredmedia":[{"embeddable":true,"href":"https:\/\/hubsch-interior.com\/da\/wp-json\/wp\/v2\/media\/1095099"}],"wp:attachment":[{"href":"https:\/\/hubsch-interior.com\/da\/wp-json\/wp\/v2\/media?parent=11704"}],"wp:term":[{"taxonomy":"product_brand","embeddable":true,"href":"https:\/\/hubsch-interior.com\/da\/wp-json\/wp\/v2\/product_brand?post=11704"},{"taxonomy":"product_cat","embeddable":true,"href":"https:\/\/hubsch-interior.com\/da\/wp-json\/wp\/v2\/product_cat?post=11704"},{"taxonomy":"product_tag","embeddable":true,"href":"https:\/\/hubsch-interior.com\/da\/wp-json\/wp\/v2\/product_tag?post=11704"}],"curies":[{"name":"wp","href":"https:\/\/api.w.org\/{rel}","templated":true}]}}