{"id":15188,"date":"2020-09-09T23:23:32","date_gmt":"2020-09-09T21:23:32","guid":{"rendered":"https:\/\/hubsch-interior.com\/vare\/product\/"},"modified":"2026-04-09T04:36:59","modified_gmt":"2026-04-09T02:36:59","slug":"pop-opbevaringsglas-small-frosted-saet-af-2","status":"publish","type":"product","link":"https:\/\/hubsch-interior.com\/da\/vare\/pop-opbevaringsglas-small-frosted-saet-af-2\/","title":{"rendered":"Pop Opbevaringsglas Small Frosted (s\u00e6t af 2)"},"content":{"rendered":"<p>Disse opbevaringsglas kommer med l\u00e5g, i et s\u00e6t p\u00e5 to, lavet af frostet glas. De kan bruges i k\u00f8kkenet, kontoret, badev\u00e6relset og mange andre rum i dit hjem. Brug dem til flere forskellige opbevaringsmuligheder. Dette produkt er h\u00e5ndlavet og kan derfor variere.<\/p>\n","protected":false},"excerpt":{"rendered":"<p>Disse opbevaringsglas kommer med l\u00e5g, i et s\u00e6t p\u00e5 to, lavet af frostet glas. De kan bruges i k\u00f8kkenet, kontoret, badev\u00e6relset og mange andre rum i dit hjem. Brug dem til flere forskellige opbevaringsmuligheder. Dette produkt er h\u00e5ndlavet og kan derfor variere.<\/p>\n","protected":false},"featured_media":1098713,"template":"","meta":{"_acf_changed":false,"inline_featured_image":false},"product_brand":[],"product_cat":[5025,4151,3427,3109,4959,6517],"product_tag":[],"class_list":{"0":"post-15188","1":"product","2":"type-product","3":"status-publish","4":"has-post-thumbnail","6":"product_cat-bestsellers-da","7":"product_cat-kontor-da","8":"product_cat-krukker-da","9":"product_cat-opbevaring-da","10":"product_cat-opbevaringskasser-da","11":"product_cat-outlet-da","12":"product_shipping_class-pk","14":"pa_color-frosted-2","15":"pa_material-glas-da","17":"first","18":"instock","19":"sale","20":"featured","21":"taxable","22":"shipping-taxable","23":"purchasable","24":"product-type-simple"},"exclude_global_add_ons":[],"addons":[],"acf":[],"yoast_head":"<!-- This site is optimized with the Yoast SEO plugin v26.4 - https:\/\/yoast.com\/wordpress\/plugins\/seo\/ -->\n<title>Pop Opbevaringsglas Small Frosted (s\u00e6t af 2) - H\u00fcbsch<\/title>\n<meta name=\"description\" content=\"Disse opbevaringsglas kommer med l\u00e5g, i et s\u00e6t p\u00e5 to, lavet af frostet glas. De kan bruges i k\u00f8kkenet, kontoret, badev\u00e6relset og mange andre rum i dit\" \/>\n<meta name=\"robots\" content=\"index, follow, max-snippet:-1, max-image-preview:large, max-video-preview:-1\" \/>\n<link rel=\"canonical\" href=\"https:\/\/hubsch-interior.com\/da\/wp-json\/wp\/v2\/product\/15188\" \/>\n<meta property=\"og:locale\" content=\"da_DK\" \/>\n<meta property=\"og:type\" content=\"article\" \/>\n<meta property=\"og:title\" content=\"Pop Opbevaringsglas Small Frosted (s\u00e6t af 2) - H\u00fcbsch\" \/>\n<meta property=\"og:description\" content=\"Disse opbevaringsglas kommer med l\u00e5g, i et s\u00e6t p\u00e5 to, lavet af frostet glas. De kan bruges i k\u00f8kkenet, kontoret, badev\u00e6relset og mange andre rum i dit\" \/>\n<meta property=\"og:url\" content=\"https:\/\/hubsch-interior.com\/da\/vare\/pop-opbevaringsglas-small-frosted-saet-af-2\/\" \/>\n<meta property=\"og:site_name\" content=\"H\u00fcbsch\" \/>\n<meta property=\"article:modified_time\" content=\"2026-04-09T02:36:59+00:00\" \/>\n<meta property=\"og:image\" content=\"https:\/\/hubsch-interior.com\/wp-content\/uploads\/2024\/01\/pop-storage-jars-small-frosted-set-of-2-eb88da11ba7df8243dca8231840e9ae3.jpg\" \/>\n\t<meta property=\"og:image:width\" content=\"1200\" \/>\n\t<meta property=\"og:image:height\" content=\"1200\" \/>\n\t<meta property=\"og:image:type\" content=\"image\/jpeg\" \/>\n<meta name=\"twitter:card\" content=\"summary_large_image\" \/>\n<script type=\"application\/ld+json\" class=\"yoast-schema-graph\">{\"@context\":\"https:\/\/schema.org\",\"@graph\":[{\"@type\":\"WebPage\",\"@id\":\"https:\/\/hubsch-interior.com\/da\/vare\/pop-opbevaringsglas-small-frosted-saet-af-2\/\",\"url\":\"https:\/\/hubsch-interior.com\/da\/vare\/pop-opbevaringsglas-small-frosted-saet-af-2\/\",\"name\":\"Pop Opbevaringsglas Small Frosted (s\u00e6t af 2) - H\u00fcbsch\",\"isPartOf\":{\"@id\":\"https:\/\/hubsch-interior.com\/da\/#website\"},\"primaryImageOfPage\":{\"@id\":\"https:\/\/hubsch-interior.com\/da\/vare\/pop-opbevaringsglas-small-frosted-saet-af-2\/#primaryimage\"},\"image\":{\"@id\":\"https:\/\/hubsch-interior.com\/da\/vare\/pop-opbevaringsglas-small-frosted-saet-af-2\/#primaryimage\"},\"thumbnailUrl\":\"https:\/\/hubsch-interior.com\/wp-content\/uploads\/2026\/02\/pop-storage-jars-small-frosted-set-of-2-9d97f7c34f52feb28e2cf642237783b8.jpg\",\"datePublished\":\"2020-09-09T21:23:32+00:00\",\"dateModified\":\"2026-04-09T02:36:59+00:00\",\"description\":\"Disse opbevaringsglas kommer med l\u00e5g, i et s\u00e6t p\u00e5 to, lavet af frostet glas. De kan bruges i k\u00f8kkenet, kontoret, badev\u00e6relset og mange andre rum i dit\",\"breadcrumb\":{\"@id\":\"https:\/\/hubsch-interior.com\/da\/vare\/pop-opbevaringsglas-small-frosted-saet-af-2\/#breadcrumb\"},\"inLanguage\":\"da-DK\",\"potentialAction\":[{\"@type\":\"ReadAction\",\"target\":[\"https:\/\/hubsch-interior.com\/da\/vare\/pop-opbevaringsglas-small-frosted-saet-af-2\/\"]}]},{\"@type\":\"ImageObject\",\"inLanguage\":\"da-DK\",\"@id\":\"https:\/\/hubsch-interior.com\/da\/vare\/pop-opbevaringsglas-small-frosted-saet-af-2\/#primaryimage\",\"url\":\"https:\/\/hubsch-interior.com\/wp-content\/uploads\/2026\/02\/pop-storage-jars-small-frosted-set-of-2-9d97f7c34f52feb28e2cf642237783b8.jpg\",\"contentUrl\":\"https:\/\/hubsch-interior.com\/wp-content\/uploads\/2026\/02\/pop-storage-jars-small-frosted-set-of-2-9d97f7c34f52feb28e2cf642237783b8.jpg\",\"width\":1023,\"height\":1024},{\"@type\":\"BreadcrumbList\",\"@id\":\"https:\/\/hubsch-interior.com\/da\/vare\/pop-opbevaringsglas-small-frosted-saet-af-2\/#breadcrumb\",\"itemListElement\":[{\"@type\":\"ListItem\",\"position\":1,\"name\":\"Forside\",\"item\":\"https:\/\/hubsch-interior.com\/da\/\"},{\"@type\":\"ListItem\",\"position\":2,\"name\":\"Produkter\",\"item\":\"https:\/\/hubsch-interior.com\/da\/produkter\/\"},{\"@type\":\"ListItem\",\"position\":3,\"name\":\"Boligtilbeh\u00f8r\",\"item\":\"https:\/\/hubsch-interior.com\/da\/vare-kategori\/boligtilbehor\/\"},{\"@type\":\"ListItem\",\"position\":4,\"name\":\"Opbevaring\",\"item\":\"https:\/\/hubsch-interior.com\/da\/vare-kategori\/boligtilbehor\/opbevaring-da\/\"},{\"@type\":\"ListItem\",\"position\":5,\"name\":\"Krukker\",\"item\":\"https:\/\/hubsch-interior.com\/da\/vare-kategori\/boligtilbehor\/opbevaring-da\/krukker-da\/\"},{\"@type\":\"ListItem\",\"position\":6,\"name\":\"Pop Opbevaringsglas Small Frosted (s\u00e6t af 2)\"}]},{\"@type\":\"WebSite\",\"@id\":\"https:\/\/hubsch-interior.com\/da\/#website\",\"url\":\"https:\/\/hubsch-interior.com\/da\/\",\"name\":\"H\u00fcbsch\",\"description\":\"Danish Home Interior and Design\",\"publisher\":{\"@id\":\"https:\/\/hubsch-interior.com\/da\/#organization\"},\"potentialAction\":[{\"@type\":\"SearchAction\",\"target\":{\"@type\":\"EntryPoint\",\"urlTemplate\":\"https:\/\/hubsch-interior.com\/da\/?s={search_term_string}\"},\"query-input\":{\"@type\":\"PropertyValueSpecification\",\"valueRequired\":true,\"valueName\":\"search_term_string\"}}],\"inLanguage\":\"da-DK\"},{\"@type\":\"Organization\",\"@id\":\"https:\/\/hubsch-interior.com\/da\/#organization\",\"name\":\"H\u00fcbsch\",\"url\":\"https:\/\/hubsch-interior.com\/da\/\",\"logo\":{\"@type\":\"ImageObject\",\"inLanguage\":\"da-DK\",\"@id\":\"https:\/\/hubsch-interior.com\/da\/#\/schema\/logo\/image\/\",\"url\":\"https:\/\/hubsch-interior.com\/wp-content\/uploads\/2022\/12\/Hubsch_logo_black_one_line.svg\",\"contentUrl\":\"https:\/\/hubsch-interior.com\/wp-content\/uploads\/2022\/12\/Hubsch_logo_black_one_line.svg\",\"caption\":\"H\u00fcbsch\"},\"image\":{\"@id\":\"https:\/\/hubsch-interior.com\/da\/#\/schema\/logo\/image\/\"}}]}<\/script>\n<!-- \/ Yoast SEO plugin. -->","yoast_head_json":{"title":"Pop Opbevaringsglas Small Frosted (s\u00e6t af 2) - H\u00fcbsch","description":"Disse opbevaringsglas kommer med l\u00e5g, i et s\u00e6t p\u00e5 to, lavet af frostet glas. De kan bruges i k\u00f8kkenet, kontoret, badev\u00e6relset og mange andre rum i dit","robots":{"index":"index","follow":"follow","max-snippet":"max-snippet:-1","max-image-preview":"max-image-preview:large","max-video-preview":"max-video-preview:-1"},"canonical":"https:\/\/hubsch-interior.com\/da\/wp-json\/wp\/v2\/product\/15188","og_locale":"da_DK","og_type":"article","og_title":"Pop Opbevaringsglas Small Frosted (s\u00e6t af 2) - H\u00fcbsch","og_description":"Disse opbevaringsglas kommer med l\u00e5g, i et s\u00e6t p\u00e5 to, lavet af frostet glas. De kan bruges i k\u00f8kkenet, kontoret, badev\u00e6relset og mange andre rum i dit","og_url":"https:\/\/hubsch-interior.com\/da\/vare\/pop-opbevaringsglas-small-frosted-saet-af-2\/","og_site_name":"H\u00fcbsch","article_modified_time":"2026-04-09T02:36:59+00:00","og_image":[{"width":1200,"height":1200,"url":"https:\/\/hubsch-interior.com\/wp-content\/uploads\/2024\/01\/pop-storage-jars-small-frosted-set-of-2-eb88da11ba7df8243dca8231840e9ae3.jpg","type":"image\/jpeg"}],"twitter_card":"summary_large_image","schema":{"@context":"https:\/\/schema.org","@graph":[{"@type":"WebPage","@id":"https:\/\/hubsch-interior.com\/da\/vare\/pop-opbevaringsglas-small-frosted-saet-af-2\/","url":"https:\/\/hubsch-interior.com\/da\/vare\/pop-opbevaringsglas-small-frosted-saet-af-2\/","name":"Pop Opbevaringsglas Small Frosted (s\u00e6t af 2) - H\u00fcbsch","isPartOf":{"@id":"https:\/\/hubsch-interior.com\/da\/#website"},"primaryImageOfPage":{"@id":"https:\/\/hubsch-interior.com\/da\/vare\/pop-opbevaringsglas-small-frosted-saet-af-2\/#primaryimage"},"image":{"@id":"https:\/\/hubsch-interior.com\/da\/vare\/pop-opbevaringsglas-small-frosted-saet-af-2\/#primaryimage"},"thumbnailUrl":"https:\/\/hubsch-interior.com\/wp-content\/uploads\/2026\/02\/pop-storage-jars-small-frosted-set-of-2-9d97f7c34f52feb28e2cf642237783b8.jpg","datePublished":"2020-09-09T21:23:32+00:00","dateModified":"2026-04-09T02:36:59+00:00","description":"Disse opbevaringsglas kommer med l\u00e5g, i et s\u00e6t p\u00e5 to, lavet af frostet glas. De kan bruges i k\u00f8kkenet, kontoret, badev\u00e6relset og mange andre rum i dit","breadcrumb":{"@id":"https:\/\/hubsch-interior.com\/da\/vare\/pop-opbevaringsglas-small-frosted-saet-af-2\/#breadcrumb"},"inLanguage":"da-DK","potentialAction":[{"@type":"ReadAction","target":["https:\/\/hubsch-interior.com\/da\/vare\/pop-opbevaringsglas-small-frosted-saet-af-2\/"]}]},{"@type":"ImageObject","inLanguage":"da-DK","@id":"https:\/\/hubsch-interior.com\/da\/vare\/pop-opbevaringsglas-small-frosted-saet-af-2\/#primaryimage","url":"https:\/\/hubsch-interior.com\/wp-content\/uploads\/2026\/02\/pop-storage-jars-small-frosted-set-of-2-9d97f7c34f52feb28e2cf642237783b8.jpg","contentUrl":"https:\/\/hubsch-interior.com\/wp-content\/uploads\/2026\/02\/pop-storage-jars-small-frosted-set-of-2-9d97f7c34f52feb28e2cf642237783b8.jpg","width":1023,"height":1024},{"@type":"BreadcrumbList","@id":"https:\/\/hubsch-interior.com\/da\/vare\/pop-opbevaringsglas-small-frosted-saet-af-2\/#breadcrumb","itemListElement":[{"@type":"ListItem","position":1,"name":"Forside","item":"https:\/\/hubsch-interior.com\/da\/"},{"@type":"ListItem","position":2,"name":"Produkter","item":"https:\/\/hubsch-interior.com\/da\/produkter\/"},{"@type":"ListItem","position":3,"name":"Boligtilbeh\u00f8r","item":"https:\/\/hubsch-interior.com\/da\/vare-kategori\/boligtilbehor\/"},{"@type":"ListItem","position":4,"name":"Opbevaring","item":"https:\/\/hubsch-interior.com\/da\/vare-kategori\/boligtilbehor\/opbevaring-da\/"},{"@type":"ListItem","position":5,"name":"Krukker","item":"https:\/\/hubsch-interior.com\/da\/vare-kategori\/boligtilbehor\/opbevaring-da\/krukker-da\/"},{"@type":"ListItem","position":6,"name":"Pop Opbevaringsglas Small Frosted (s\u00e6t af 2)"}]},{"@type":"WebSite","@id":"https:\/\/hubsch-interior.com\/da\/#website","url":"https:\/\/hubsch-interior.com\/da\/","name":"H\u00fcbsch","description":"Danish Home Interior and Design","publisher":{"@id":"https:\/\/hubsch-interior.com\/da\/#organization"},"potentialAction":[{"@type":"SearchAction","target":{"@type":"EntryPoint","urlTemplate":"https:\/\/hubsch-interior.com\/da\/?s={search_term_string}"},"query-input":{"@type":"PropertyValueSpecification","valueRequired":true,"valueName":"search_term_string"}}],"inLanguage":"da-DK"},{"@type":"Organization","@id":"https:\/\/hubsch-interior.com\/da\/#organization","name":"H\u00fcbsch","url":"https:\/\/hubsch-interior.com\/da\/","logo":{"@type":"ImageObject","inLanguage":"da-DK","@id":"https:\/\/hubsch-interior.com\/da\/#\/schema\/logo\/image\/","url":"https:\/\/hubsch-interior.com\/wp-content\/uploads\/2022\/12\/Hubsch_logo_black_one_line.svg","contentUrl":"https:\/\/hubsch-interior.com\/wp-content\/uploads\/2022\/12\/Hubsch_logo_black_one_line.svg","caption":"H\u00fcbsch"},"image":{"@id":"https:\/\/hubsch-interior.com\/da\/#\/schema\/logo\/image\/"}}]}},"_links":{"self":[{"href":"https:\/\/hubsch-interior.com\/da\/wp-json\/wp\/v2\/product\/15188","targetHints":{"allow":["GET"]}}],"collection":[{"href":"https:\/\/hubsch-interior.com\/da\/wp-json\/wp\/v2\/product"}],"about":[{"href":"https:\/\/hubsch-interior.com\/da\/wp-json\/wp\/v2\/types\/product"}],"wp:featuredmedia":[{"embeddable":true,"href":"https:\/\/hubsch-interior.com\/da\/wp-json\/wp\/v2\/media\/1098713"}],"wp:attachment":[{"href":"https:\/\/hubsch-interior.com\/da\/wp-json\/wp\/v2\/media?parent=15188"}],"wp:term":[{"taxonomy":"product_brand","embeddable":true,"href":"https:\/\/hubsch-interior.com\/da\/wp-json\/wp\/v2\/product_brand?post=15188"},{"taxonomy":"product_cat","embeddable":true,"href":"https:\/\/hubsch-interior.com\/da\/wp-json\/wp\/v2\/product_cat?post=15188"},{"taxonomy":"product_tag","embeddable":true,"href":"https:\/\/hubsch-interior.com\/da\/wp-json\/wp\/v2\/product_tag?post=15188"}],"curies":[{"name":"wp","href":"https:\/\/api.w.org\/{rel}","templated":true}]}}