{"id":15428,"date":"2020-09-09T23:23:49","date_gmt":"2020-09-09T21:23:49","guid":{"rendered":"https:\/\/hubsch-interior.com\/vare\/product\/"},"modified":"2026-04-09T04:37:16","modified_gmt":"2026-04-09T02:37:16","slug":"show-vase-lyserod-ravfarve","status":"publish","type":"product","link":"https:\/\/hubsch-interior.com\/da\/vare\/show-vase-lyserod-ravfarve\/","title":{"rendered":"Show Vase Lyser\u00f8d\/Ravfarve"},"content":{"rendered":"<p>Vasen er lavet af glas og kommer i en farvekombination af lyser\u00f8d og rav. Kombinationen af de to farver skaber et lyst og sjovt look. Vasens unikke udformning g\u00f8r den til et moderne og stilfuldt stykke interi\u00f8r. Dette produkt er h\u00e5ndlavet og kan derfor variere.<\/p>\n","protected":false},"excerpt":{"rendered":"<p>Vasen er lavet af glas og kommer i en farvekombination af lyser\u00f8d og rav. Kombinationen af de to farver skaber et lyst og sjovt look. Vasens unikke udformning g\u00f8r den til et moderne og stilfuldt stykke interi\u00f8r. Dette produkt er h\u00e5ndlavet og kan derfor variere.<\/p>\n","protected":false},"featured_media":1098817,"template":"","meta":{"_acf_changed":false,"inline_featured_image":false},"product_brand":[],"product_cat":[5025,6517,6970,5029,3152],"product_tag":[],"class_list":{"0":"post-15428","1":"product","2":"type-product","3":"status-publish","4":"has-post-thumbnail","6":"product_cat-bestsellers-da","7":"product_cat-outlet-da","8":"product_cat-paaskeudsalg","9":"product_cat-tilbage-paa-lager-da","10":"product_cat-vaser-da","11":"product_shipping_class-pk","13":"pa_color-lyserd","14":"pa_color-ravfarve","15":"pa_material-glas-da","17":"first","18":"instock","19":"sale","20":"featured","21":"taxable","22":"shipping-taxable","23":"purchasable","24":"product-type-simple"},"exclude_global_add_ons":[],"addons":[],"acf":[],"yoast_head":"<!-- This site is optimized with the Yoast SEO plugin v26.4 - https:\/\/yoast.com\/wordpress\/plugins\/seo\/ -->\n<title>Show Vase Lyser\u00f8d\/Ravfarve - H\u00fcbsch<\/title>\n<meta name=\"description\" content=\"Vasen er lavet af glas og kommer i en farvekombination af lyser\u00f8d og rav. Kombinationen af de to farver skaber et lyst og sjovt look. Vasens unikke\" \/>\n<meta name=\"robots\" content=\"index, follow, max-snippet:-1, max-image-preview:large, max-video-preview:-1\" \/>\n<link rel=\"canonical\" href=\"https:\/\/hubsch-interior.com\/da\/wp-json\/wp\/v2\/product\/15428\" \/>\n<meta property=\"og:locale\" content=\"da_DK\" \/>\n<meta property=\"og:type\" content=\"article\" \/>\n<meta property=\"og:title\" content=\"Show Vase Lyser\u00f8d\/Ravfarve - H\u00fcbsch\" \/>\n<meta property=\"og:description\" content=\"Vasen er lavet af glas og kommer i en farvekombination af lyser\u00f8d og rav. Kombinationen af de to farver skaber et lyst og sjovt look. Vasens unikke\" \/>\n<meta property=\"og:url\" content=\"https:\/\/hubsch-interior.com\/da\/vare\/show-vase-lyserod-ravfarve\/\" \/>\n<meta property=\"og:site_name\" content=\"H\u00fcbsch\" \/>\n<meta property=\"article:modified_time\" content=\"2026-04-09T02:37:16+00:00\" \/>\n<meta property=\"og:image\" content=\"https:\/\/hubsch-interior.com\/wp-content\/uploads\/2025\/04\/show-vase-pinkamber-eb55c7b93099f5bc2c2afe4727290ed3.jpg\" \/>\n\t<meta property=\"og:image:width\" content=\"1200\" \/>\n\t<meta property=\"og:image:height\" content=\"1200\" \/>\n\t<meta property=\"og:image:type\" content=\"image\/jpeg\" \/>\n<meta name=\"twitter:card\" content=\"summary_large_image\" \/>\n<script type=\"application\/ld+json\" class=\"yoast-schema-graph\">{\"@context\":\"https:\/\/schema.org\",\"@graph\":[{\"@type\":\"WebPage\",\"@id\":\"https:\/\/hubsch-interior.com\/da\/vare\/show-vase-lyserod-ravfarve\/\",\"url\":\"https:\/\/hubsch-interior.com\/da\/vare\/show-vase-lyserod-ravfarve\/\",\"name\":\"Show Vase Lyser\u00f8d\/Ravfarve - H\u00fcbsch\",\"isPartOf\":{\"@id\":\"https:\/\/hubsch-interior.com\/da\/#website\"},\"primaryImageOfPage\":{\"@id\":\"https:\/\/hubsch-interior.com\/da\/vare\/show-vase-lyserod-ravfarve\/#primaryimage\"},\"image\":{\"@id\":\"https:\/\/hubsch-interior.com\/da\/vare\/show-vase-lyserod-ravfarve\/#primaryimage\"},\"thumbnailUrl\":\"https:\/\/hubsch-interior.com\/wp-content\/uploads\/2026\/02\/show-vase-pinkamber-6e557aa862d79c21a8094129373cb58d.jpg\",\"datePublished\":\"2020-09-09T21:23:49+00:00\",\"dateModified\":\"2026-04-09T02:37:16+00:00\",\"description\":\"Vasen er lavet af glas og kommer i en farvekombination af lyser\u00f8d og rav. Kombinationen af de to farver skaber et lyst og sjovt look. Vasens unikke\",\"breadcrumb\":{\"@id\":\"https:\/\/hubsch-interior.com\/da\/vare\/show-vase-lyserod-ravfarve\/#breadcrumb\"},\"inLanguage\":\"da-DK\",\"potentialAction\":[{\"@type\":\"ReadAction\",\"target\":[\"https:\/\/hubsch-interior.com\/da\/vare\/show-vase-lyserod-ravfarve\/\"]}]},{\"@type\":\"ImageObject\",\"inLanguage\":\"da-DK\",\"@id\":\"https:\/\/hubsch-interior.com\/da\/vare\/show-vase-lyserod-ravfarve\/#primaryimage\",\"url\":\"https:\/\/hubsch-interior.com\/wp-content\/uploads\/2026\/02\/show-vase-pinkamber-6e557aa862d79c21a8094129373cb58d.jpg\",\"contentUrl\":\"https:\/\/hubsch-interior.com\/wp-content\/uploads\/2026\/02\/show-vase-pinkamber-6e557aa862d79c21a8094129373cb58d.jpg\",\"width\":1024,\"height\":1024},{\"@type\":\"BreadcrumbList\",\"@id\":\"https:\/\/hubsch-interior.com\/da\/vare\/show-vase-lyserod-ravfarve\/#breadcrumb\",\"itemListElement\":[{\"@type\":\"ListItem\",\"position\":1,\"name\":\"Forside\",\"item\":\"https:\/\/hubsch-interior.com\/da\/\"},{\"@type\":\"ListItem\",\"position\":2,\"name\":\"Produkter\",\"item\":\"https:\/\/hubsch-interior.com\/da\/produkter\/\"},{\"@type\":\"ListItem\",\"position\":3,\"name\":\"Boligtilbeh\u00f8r\",\"item\":\"https:\/\/hubsch-interior.com\/da\/vare-kategori\/boligtilbehor\/\"},{\"@type\":\"ListItem\",\"position\":4,\"name\":\"Vaser\",\"item\":\"https:\/\/hubsch-interior.com\/da\/vare-kategori\/boligtilbehor\/vaser-da\/\"},{\"@type\":\"ListItem\",\"position\":5,\"name\":\"Show Vase Lyser\u00f8d\/Ravfarve\"}]},{\"@type\":\"WebSite\",\"@id\":\"https:\/\/hubsch-interior.com\/da\/#website\",\"url\":\"https:\/\/hubsch-interior.com\/da\/\",\"name\":\"H\u00fcbsch\",\"description\":\"Danish Home Interior and Design\",\"publisher\":{\"@id\":\"https:\/\/hubsch-interior.com\/da\/#organization\"},\"potentialAction\":[{\"@type\":\"SearchAction\",\"target\":{\"@type\":\"EntryPoint\",\"urlTemplate\":\"https:\/\/hubsch-interior.com\/da\/?s={search_term_string}\"},\"query-input\":{\"@type\":\"PropertyValueSpecification\",\"valueRequired\":true,\"valueName\":\"search_term_string\"}}],\"inLanguage\":\"da-DK\"},{\"@type\":\"Organization\",\"@id\":\"https:\/\/hubsch-interior.com\/da\/#organization\",\"name\":\"H\u00fcbsch\",\"url\":\"https:\/\/hubsch-interior.com\/da\/\",\"logo\":{\"@type\":\"ImageObject\",\"inLanguage\":\"da-DK\",\"@id\":\"https:\/\/hubsch-interior.com\/da\/#\/schema\/logo\/image\/\",\"url\":\"https:\/\/hubsch-interior.com\/wp-content\/uploads\/2022\/12\/Hubsch_logo_black_one_line.svg\",\"contentUrl\":\"https:\/\/hubsch-interior.com\/wp-content\/uploads\/2022\/12\/Hubsch_logo_black_one_line.svg\",\"caption\":\"H\u00fcbsch\"},\"image\":{\"@id\":\"https:\/\/hubsch-interior.com\/da\/#\/schema\/logo\/image\/\"}}]}<\/script>\n<!-- \/ Yoast SEO plugin. -->","yoast_head_json":{"title":"Show Vase Lyser\u00f8d\/Ravfarve - H\u00fcbsch","description":"Vasen er lavet af glas og kommer i en farvekombination af lyser\u00f8d og rav. Kombinationen af de to farver skaber et lyst og sjovt look. Vasens unikke","robots":{"index":"index","follow":"follow","max-snippet":"max-snippet:-1","max-image-preview":"max-image-preview:large","max-video-preview":"max-video-preview:-1"},"canonical":"https:\/\/hubsch-interior.com\/da\/wp-json\/wp\/v2\/product\/15428","og_locale":"da_DK","og_type":"article","og_title":"Show Vase Lyser\u00f8d\/Ravfarve - H\u00fcbsch","og_description":"Vasen er lavet af glas og kommer i en farvekombination af lyser\u00f8d og rav. Kombinationen af de to farver skaber et lyst og sjovt look. Vasens unikke","og_url":"https:\/\/hubsch-interior.com\/da\/vare\/show-vase-lyserod-ravfarve\/","og_site_name":"H\u00fcbsch","article_modified_time":"2026-04-09T02:37:16+00:00","og_image":[{"width":1200,"height":1200,"url":"https:\/\/hubsch-interior.com\/wp-content\/uploads\/2025\/04\/show-vase-pinkamber-eb55c7b93099f5bc2c2afe4727290ed3.jpg","type":"image\/jpeg"}],"twitter_card":"summary_large_image","schema":{"@context":"https:\/\/schema.org","@graph":[{"@type":"WebPage","@id":"https:\/\/hubsch-interior.com\/da\/vare\/show-vase-lyserod-ravfarve\/","url":"https:\/\/hubsch-interior.com\/da\/vare\/show-vase-lyserod-ravfarve\/","name":"Show Vase Lyser\u00f8d\/Ravfarve - H\u00fcbsch","isPartOf":{"@id":"https:\/\/hubsch-interior.com\/da\/#website"},"primaryImageOfPage":{"@id":"https:\/\/hubsch-interior.com\/da\/vare\/show-vase-lyserod-ravfarve\/#primaryimage"},"image":{"@id":"https:\/\/hubsch-interior.com\/da\/vare\/show-vase-lyserod-ravfarve\/#primaryimage"},"thumbnailUrl":"https:\/\/hubsch-interior.com\/wp-content\/uploads\/2026\/02\/show-vase-pinkamber-6e557aa862d79c21a8094129373cb58d.jpg","datePublished":"2020-09-09T21:23:49+00:00","dateModified":"2026-04-09T02:37:16+00:00","description":"Vasen er lavet af glas og kommer i en farvekombination af lyser\u00f8d og rav. Kombinationen af de to farver skaber et lyst og sjovt look. Vasens unikke","breadcrumb":{"@id":"https:\/\/hubsch-interior.com\/da\/vare\/show-vase-lyserod-ravfarve\/#breadcrumb"},"inLanguage":"da-DK","potentialAction":[{"@type":"ReadAction","target":["https:\/\/hubsch-interior.com\/da\/vare\/show-vase-lyserod-ravfarve\/"]}]},{"@type":"ImageObject","inLanguage":"da-DK","@id":"https:\/\/hubsch-interior.com\/da\/vare\/show-vase-lyserod-ravfarve\/#primaryimage","url":"https:\/\/hubsch-interior.com\/wp-content\/uploads\/2026\/02\/show-vase-pinkamber-6e557aa862d79c21a8094129373cb58d.jpg","contentUrl":"https:\/\/hubsch-interior.com\/wp-content\/uploads\/2026\/02\/show-vase-pinkamber-6e557aa862d79c21a8094129373cb58d.jpg","width":1024,"height":1024},{"@type":"BreadcrumbList","@id":"https:\/\/hubsch-interior.com\/da\/vare\/show-vase-lyserod-ravfarve\/#breadcrumb","itemListElement":[{"@type":"ListItem","position":1,"name":"Forside","item":"https:\/\/hubsch-interior.com\/da\/"},{"@type":"ListItem","position":2,"name":"Produkter","item":"https:\/\/hubsch-interior.com\/da\/produkter\/"},{"@type":"ListItem","position":3,"name":"Boligtilbeh\u00f8r","item":"https:\/\/hubsch-interior.com\/da\/vare-kategori\/boligtilbehor\/"},{"@type":"ListItem","position":4,"name":"Vaser","item":"https:\/\/hubsch-interior.com\/da\/vare-kategori\/boligtilbehor\/vaser-da\/"},{"@type":"ListItem","position":5,"name":"Show Vase Lyser\u00f8d\/Ravfarve"}]},{"@type":"WebSite","@id":"https:\/\/hubsch-interior.com\/da\/#website","url":"https:\/\/hubsch-interior.com\/da\/","name":"H\u00fcbsch","description":"Danish Home Interior and Design","publisher":{"@id":"https:\/\/hubsch-interior.com\/da\/#organization"},"potentialAction":[{"@type":"SearchAction","target":{"@type":"EntryPoint","urlTemplate":"https:\/\/hubsch-interior.com\/da\/?s={search_term_string}"},"query-input":{"@type":"PropertyValueSpecification","valueRequired":true,"valueName":"search_term_string"}}],"inLanguage":"da-DK"},{"@type":"Organization","@id":"https:\/\/hubsch-interior.com\/da\/#organization","name":"H\u00fcbsch","url":"https:\/\/hubsch-interior.com\/da\/","logo":{"@type":"ImageObject","inLanguage":"da-DK","@id":"https:\/\/hubsch-interior.com\/da\/#\/schema\/logo\/image\/","url":"https:\/\/hubsch-interior.com\/wp-content\/uploads\/2022\/12\/Hubsch_logo_black_one_line.svg","contentUrl":"https:\/\/hubsch-interior.com\/wp-content\/uploads\/2022\/12\/Hubsch_logo_black_one_line.svg","caption":"H\u00fcbsch"},"image":{"@id":"https:\/\/hubsch-interior.com\/da\/#\/schema\/logo\/image\/"}}]}},"_links":{"self":[{"href":"https:\/\/hubsch-interior.com\/da\/wp-json\/wp\/v2\/product\/15428","targetHints":{"allow":["GET"]}}],"collection":[{"href":"https:\/\/hubsch-interior.com\/da\/wp-json\/wp\/v2\/product"}],"about":[{"href":"https:\/\/hubsch-interior.com\/da\/wp-json\/wp\/v2\/types\/product"}],"wp:featuredmedia":[{"embeddable":true,"href":"https:\/\/hubsch-interior.com\/da\/wp-json\/wp\/v2\/media\/1098817"}],"wp:attachment":[{"href":"https:\/\/hubsch-interior.com\/da\/wp-json\/wp\/v2\/media?parent=15428"}],"wp:term":[{"taxonomy":"product_brand","embeddable":true,"href":"https:\/\/hubsch-interior.com\/da\/wp-json\/wp\/v2\/product_brand?post=15428"},{"taxonomy":"product_cat","embeddable":true,"href":"https:\/\/hubsch-interior.com\/da\/wp-json\/wp\/v2\/product_cat?post=15428"},{"taxonomy":"product_tag","embeddable":true,"href":"https:\/\/hubsch-interior.com\/da\/wp-json\/wp\/v2\/product_tag?post=15428"}],"curies":[{"name":"wp","href":"https:\/\/api.w.org\/{rel}","templated":true}]}}